{"id":225101,"date":"2023-02-02T00:00:00","date_gmt":"2023-02-01T23:00:00","guid":{"rendered":"https:\/\/wpguerssen-test.odoo.rgbconsulting.com\/product\/crazy-world-of-music-hall-vol-3\/"},"modified":"2025-01-30T16:52:50","modified_gmt":"2025-01-30T15:52:50","slug":"crazy-world-of-music-hall-vol-3","status":"publish","type":"product","link":"https:\/\/wpguerssen-test.odoo.rgbconsulting.com\/es\/producto\/crazy-world-of-music-hall-vol-3\/","title":{"rendered":"Crazy World Of Music Hall Vol. 3"},"content":{"rendered":"<p>Finalmente, y gracias al arduo trabajo de la excelente gente del INAMU (Instituto Nacional de la M\u00fasica de Argentina) y el incre\u00edble trabajo de selecci\u00f3n de Nekro (Fun People &#038; Boom Boom Kid), estamos orgullosos de presentar \u00abEl loco mundo de Music Hall vol 3\u00bb, el tercero de un conjunto de 3 vol\u00famenes de lp&#8217;s alucinantes que recopilan lo mejor de los cortes de los a\u00f1os 60 y 70 producidos por el legendario sello argentino Music Hall. Este volumen final presenta temas de ambas d\u00e9cadas con una gran selecci\u00f3n de sonidos candentes que van desde el puro Rock&#8217;n[Roll salvaje e inalterado hasta la psicodelia, los sonidos latinos, el hard rock visceral, el soul o el funk. \u00a1No te puedes perder esta \u00faltima entrega, la guinda de un set incre\u00edble! <\/p>\n<p> SIDE A 1-S\u00e9ptima Brigada: Angel Se Hizo Un Globo 2- Horacio Ascheri: Picada Especial 3-Freddy Luciano: Toma El Camino 4-Jackie: Agitese, Sacudase, Enrollese 5-Los Azzurros: El Volc\u00e1n 6-Bobby Cuatro: Bailemos Clam 7- Rocky Pontoni: Amor 8-Ana Rom\u00e1n: Loca Loca 9- Materia Gris: So\u00f1\u00e9<br \/>SIDE B 1-Billy Bond Y La Pesada: Salgan Al Sol 2- Luz De Mercurio: Mujer Extra\u00f1a 3-Escalation: Recordando 4-The Sound &#038; Company: Sound &#038; Sound 5-Kubero D\u00edaz Y La Pesada: Todo Es Todo 6-Cuero: No S\u00e9 Si Voy A Enloquecer 7-Dedos: Dedos 8-Detroit: Funk 49<\/p>\n","protected":false},"excerpt":{"rendered":"<p>Finalmente, y gracias al arduo trabajo de la excelente gente del INAMU (Instituto Nacional de la M\u00fasica de Argentina) y el incre\u00edble trabajo de selecci\u00f3n de Nekro<a class=\"read\" href=\"https:\/\/wpguerssen-test.odoo.rgbconsulting.com\/es\/producto\/crazy-world-of-music-hall-vol-3\/\"> (...)<\/a>","protected":false},"featured_media":225200,"template":"","meta":{"_acf_changed":false},"product_brand":[],"product_cat":[21639,23224],"product_tag":[],"class_list":{"0":"post-225101","1":"product","2":"type-product","3":"status-publish","4":"has-post-thumbnail","6":"product_cat-psychedelic60s-70s-es","7":"product_cat-hard-rock-60s-70s-es","8":"pa_artist-various-artists-es","9":"pa_format-lp-es","10":"pa_gender-psychedelic60s-70s-hard-rock-60s-70s","11":"pa_label-beat-generation-es","12":"pa_location-south-america-caribbean-es","13":"pa_other-filters-vinyl-only-es","15":"first","16":"instock","17":"taxable","18":"shipping-taxable","19":"purchasable","20":"product-type-simple"},"acf":[],"yoast_head":"<!-- This site is optimized with the Yoast SEO plugin v24.9 - https:\/\/yoast.com\/wordpress\/plugins\/seo\/ -->\n<title>VARIOUS ARTISTS - Crazy World Of Music Hall Vol. 3 -  (LP) | Guerssen<\/title>\n<meta name=\"description\" content=\"Finally, and thanks to the hard work of the fine folks at INAMU (Instituto Nacional de la M\u00fasica de Argentina) and the amazing selection job of Nekro (Fun People &amp; Boom Boom Kid), we&#039;re proud to present &quot;The Crazy World of Music Hall vol 3&quot;, the third of a 3 volume set of mind blowing lp&#039;s compiling the finest of the 60&#039;s and 70&#039;s cuts output from the legendary Argentinian label Music Hall. This final volume presents tracks from both decades with a great selection of hot sounds ranging from pure unaltered wild Rock&#039;n[Roll to Psychedelia, Latin sounds, visceral Hard Rock, Soul or Funk. Can&#039;t miss this final installment, the cherry on top of an amazing set!Limited to 500 copies. Don&#039;t export to Argentina. #nl# SIDE A 1-S\u00e9ptima Brigada: Angel Se Hizo Un Globo 2- Horacio Ascheri: Picada Especial 3-Freddy Luciano: Toma El Camino 4-Jackie: Agitese, Sacudase, Enrollese 5-Los Azzurros: El Volc\u00e1n 6-Bobby Cuatro: Bailemos Clam 7- Rocky Pontoni: Amor 8-Ana Rom\u00e1n: Loca Loca 9- Materia Gris: So\u00f1\u00e9SIDE B 1-Billy Bond Y La Pesada: Salgan Al Sol 2- Luz De Mercurio: Mujer Extra\u00f1a 3-Escalation: Recordando 4-The Sound &amp; Company: Sound &amp; Sound 5-Kubero D\u00edaz Y La Pesada: Todo Es Todo 6-Cuero: No S\u00e9 Si Voy A Enloquecer 7-Dedos: Dedos 8-Detroit: Funk 49\" \/>\n<meta name=\"robots\" content=\"index, follow, max-snippet:-1, max-image-preview:large, max-video-preview:-1\" \/>\n<link rel=\"canonical\" href=\"https:\/\/wpguerssen-test.odoo.rgbconsulting.com\/es\/producto\/crazy-world-of-music-hall-vol-3\/\" \/>\n<meta property=\"og:locale\" content=\"es_ES\" \/>\n<meta property=\"og:type\" content=\"article\" \/>\n<meta property=\"og:title\" content=\"VARIOUS ARTISTS - Crazy World Of Music Hall Vol. 3 -  (LP) | Guerssen\" \/>\n<meta property=\"og:description\" content=\"Finally, and thanks to the hard work of the fine folks at INAMU (Instituto Nacional de la M\u00fasica de Argentina) and the amazing selection job of Nekro (Fun People &amp; Boom Boom Kid), we&#039;re proud to present &quot;The Crazy World of Music Hall vol 3&quot;, the third of a 3 volume set of mind blowing lp&#039;s compiling the finest of the 60&#039;s and 70&#039;s cuts output from the legendary Argentinian label Music Hall. This final volume presents tracks from both decades with a great selection of hot sounds ranging from pure unaltered wild Rock&#039;n[Roll to Psychedelia, Latin sounds, visceral Hard Rock, Soul or Funk. Can&#039;t miss this final installment, the cherry on top of an amazing set!Limited to 500 copies. Don&#039;t export to Argentina. #nl# SIDE A 1-S\u00e9ptima Brigada: Angel Se Hizo Un Globo 2- Horacio Ascheri: Picada Especial 3-Freddy Luciano: Toma El Camino 4-Jackie: Agitese, Sacudase, Enrollese 5-Los Azzurros: El Volc\u00e1n 6-Bobby Cuatro: Bailemos Clam 7- Rocky Pontoni: Amor 8-Ana Rom\u00e1n: Loca Loca 9- Materia Gris: So\u00f1\u00e9SIDE B 1-Billy Bond Y La Pesada: Salgan Al Sol 2- Luz De Mercurio: Mujer Extra\u00f1a 3-Escalation: Recordando 4-The Sound &amp; Company: Sound &amp; Sound 5-Kubero D\u00edaz Y La Pesada: Todo Es Todo 6-Cuero: No S\u00e9 Si Voy A Enloquecer 7-Dedos: Dedos 8-Detroit: Funk 49\" \/>\n<meta property=\"og:url\" content=\"https:\/\/wpguerssen-test.odoo.rgbconsulting.com\/es\/producto\/crazy-world-of-music-hall-vol-3\/\" \/>\n<meta property=\"og:site_name\" content=\"Guerssen records\" \/>\n<meta property=\"article:modified_time\" content=\"2025-01-30T15:52:50+00:00\" \/>\n<meta property=\"og:image\" content=\"https:\/\/wpguerssen-test.odoo.rgbconsulting.com\/wp-content\/uploads\/2023\/01\/42683.jpg\" \/>\n\t<meta property=\"og:image:width\" content=\"600\" \/>\n\t<meta property=\"og:image:height\" content=\"600\" \/>\n\t<meta property=\"og:image:type\" content=\"image\/jpeg\" \/>\n<meta name=\"twitter:card\" content=\"summary_large_image\" \/>\n<meta name=\"twitter:title\" content=\"VARIOUS ARTISTS - Crazy World Of Music Hall Vol. 3 -  (LP) | Guerssen\" \/>\n<meta name=\"twitter:label1\" content=\"Tiempo de lectura\" \/>\n\t<meta name=\"twitter:data1\" content=\"1 minuto\" \/>\n<script type=\"application\/ld+json\" class=\"yoast-schema-graph\">{\"@context\":\"https:\/\/schema.org\",\"@graph\":[{\"@type\":\"WebPage\",\"@id\":\"https:\/\/wpguerssen-test.odoo.rgbconsulting.com\/es\/producto\/crazy-world-of-music-hall-vol-3\/\",\"url\":\"https:\/\/wpguerssen-test.odoo.rgbconsulting.com\/es\/producto\/crazy-world-of-music-hall-vol-3\/\",\"name\":\"VARIOUS ARTISTS - Crazy World Of Music Hall Vol. 3 - (LP) | Guerssen\",\"isPartOf\":{\"@id\":\"https:\/\/wpguerssen-test.odoo.rgbconsulting.com\/es\/#website\"},\"primaryImageOfPage\":{\"@id\":\"https:\/\/wpguerssen-test.odoo.rgbconsulting.com\/es\/producto\/crazy-world-of-music-hall-vol-3\/#primaryimage\"},\"image\":{\"@id\":\"https:\/\/wpguerssen-test.odoo.rgbconsulting.com\/es\/producto\/crazy-world-of-music-hall-vol-3\/#primaryimage\"},\"thumbnailUrl\":\"https:\/\/wpguerssen-test.odoo.rgbconsulting.com\/wp-content\/uploads\/2023\/01\/42683.jpg\",\"datePublished\":\"2023-02-01T23:00:00+00:00\",\"dateModified\":\"2025-01-30T15:52:50+00:00\",\"description\":\"Finally, and thanks to the hard work of the fine folks at INAMU (Instituto Nacional de la M\u00fasica de Argentina) and the amazing selection job of Nekro (Fun People & Boom Boom Kid), we're proud to present \\\"The Crazy World of Music Hall vol 3\\\", the third of a 3 volume set of mind blowing lp's compiling the finest of the 60's and 70's cuts output from the legendary Argentinian label Music Hall. This final volume presents tracks from both decades with a great selection of hot sounds ranging from pure unaltered wild Rock'n[Roll to Psychedelia, Latin sounds, visceral Hard Rock, Soul or Funk. Can't miss this final installment, the cherry on top of an amazing set!Limited to 500 copies. Don't export to Argentina. #nl# SIDE A 1-S\u00e9ptima Brigada: Angel Se Hizo Un Globo 2- Horacio Ascheri: Picada Especial 3-Freddy Luciano: Toma El Camino 4-Jackie: Agitese, Sacudase, Enrollese 5-Los Azzurros: El Volc\u00e1n 6-Bobby Cuatro: Bailemos Clam 7- Rocky Pontoni: Amor 8-Ana Rom\u00e1n: Loca Loca 9- Materia Gris: So\u00f1\u00e9SIDE B 1-Billy Bond Y La Pesada: Salgan Al Sol 2- Luz De Mercurio: Mujer Extra\u00f1a 3-Escalation: Recordando 4-The Sound & Company: Sound & Sound 5-Kubero D\u00edaz Y La Pesada: Todo Es Todo 6-Cuero: No S\u00e9 Si Voy A Enloquecer 7-Dedos: Dedos 8-Detroit: Funk 49\",\"breadcrumb\":{\"@id\":\"https:\/\/wpguerssen-test.odoo.rgbconsulting.com\/es\/producto\/crazy-world-of-music-hall-vol-3\/#breadcrumb\"},\"inLanguage\":\"es\",\"potentialAction\":[{\"@type\":\"ReadAction\",\"target\":[\"https:\/\/wpguerssen-test.odoo.rgbconsulting.com\/es\/producto\/crazy-world-of-music-hall-vol-3\/\"]}]},{\"@type\":\"ImageObject\",\"inLanguage\":\"es\",\"@id\":\"https:\/\/wpguerssen-test.odoo.rgbconsulting.com\/es\/producto\/crazy-world-of-music-hall-vol-3\/#primaryimage\",\"url\":\"https:\/\/wpguerssen-test.odoo.rgbconsulting.com\/wp-content\/uploads\/2023\/01\/42683.jpg\",\"contentUrl\":\"https:\/\/wpguerssen-test.odoo.rgbconsulting.com\/wp-content\/uploads\/2023\/01\/42683.jpg\",\"width\":600,\"height\":600},{\"@type\":\"BreadcrumbList\",\"@id\":\"https:\/\/wpguerssen-test.odoo.rgbconsulting.com\/es\/producto\/crazy-world-of-music-hall-vol-3\/#breadcrumb\",\"itemListElement\":[{\"@type\":\"ListItem\",\"position\":1,\"name\":\"Inicio\",\"item\":\"https:\/\/wpguerssen-test.odoo.rgbconsulting.com\/es\/\"},{\"@type\":\"ListItem\",\"position\":2,\"name\":\"Shop\",\"item\":\"https:\/\/wpguerssen-test.odoo.rgbconsulting.com\/shop\/\"},{\"@type\":\"ListItem\",\"position\":3,\"name\":\"Crazy World Of Music Hall Vol. 3\"}]},{\"@type\":\"WebSite\",\"@id\":\"https:\/\/wpguerssen-test.odoo.rgbconsulting.com\/es\/#website\",\"url\":\"https:\/\/wpguerssen-test.odoo.rgbconsulting.com\/es\/\",\"name\":\"Guerssen records\",\"description\":\"psychedelia - progressive - folk - garage \",\"publisher\":{\"@id\":\"https:\/\/wpguerssen-test.odoo.rgbconsulting.com\/es\/#organization\"},\"potentialAction\":[{\"@type\":\"SearchAction\",\"target\":{\"@type\":\"EntryPoint\",\"urlTemplate\":\"https:\/\/wpguerssen-test.odoo.rgbconsulting.com\/es\/?s={search_term_string}\"},\"query-input\":{\"@type\":\"PropertyValueSpecification\",\"valueRequired\":true,\"valueName\":\"search_term_string\"}}],\"inLanguage\":\"es\"},{\"@type\":\"Organization\",\"@id\":\"https:\/\/wpguerssen-test.odoo.rgbconsulting.com\/es\/#organization\",\"name\":\"Guerssen records\",\"url\":\"https:\/\/wpguerssen-test.odoo.rgbconsulting.com\/es\/\",\"logo\":{\"@type\":\"ImageObject\",\"inLanguage\":\"es\",\"@id\":\"https:\/\/wpguerssen-test.odoo.rgbconsulting.com\/es\/#\/schema\/logo\/image\/\",\"url\":\"https:\/\/wpguerssen-test.odoo.rgbconsulting.com\/wp-content\/uploads\/2022\/04\/Logo_Guerssen_trans_100.png\",\"contentUrl\":\"https:\/\/wpguerssen-test.odoo.rgbconsulting.com\/wp-content\/uploads\/2022\/04\/Logo_Guerssen_trans_100.png\",\"width\":122,\"height\":100,\"caption\":\"Guerssen records\"},\"image\":{\"@id\":\"https:\/\/wpguerssen-test.odoo.rgbconsulting.com\/es\/#\/schema\/logo\/image\/\"}}]}<\/script>\n<!-- \/ Yoast SEO plugin. -->","yoast_head_json":{"title":"VARIOUS ARTISTS - Crazy World Of Music Hall Vol. 3 -  (LP) | Guerssen","description":"Finally, and thanks to the hard work of the fine folks at INAMU (Instituto Nacional de la M\u00fasica de Argentina) and the amazing selection job of Nekro (Fun People & Boom Boom Kid), we're proud to present \"The Crazy World of Music Hall vol 3\", the third of a 3 volume set of mind blowing lp's compiling the finest of the 60's and 70's cuts output from the legendary Argentinian label Music Hall. This final volume presents tracks from both decades with a great selection of hot sounds ranging from pure unaltered wild Rock'n[Roll to Psychedelia, Latin sounds, visceral Hard Rock, Soul or Funk. Can't miss this final installment, the cherry on top of an amazing set!Limited to 500 copies. Don't export to Argentina. #nl# SIDE A 1-S\u00e9ptima Brigada: Angel Se Hizo Un Globo 2- Horacio Ascheri: Picada Especial 3-Freddy Luciano: Toma El Camino 4-Jackie: Agitese, Sacudase, Enrollese 5-Los Azzurros: El Volc\u00e1n 6-Bobby Cuatro: Bailemos Clam 7- Rocky Pontoni: Amor 8-Ana Rom\u00e1n: Loca Loca 9- Materia Gris: So\u00f1\u00e9SIDE B 1-Billy Bond Y La Pesada: Salgan Al Sol 2- Luz De Mercurio: Mujer Extra\u00f1a 3-Escalation: Recordando 4-The Sound & Company: Sound & Sound 5-Kubero D\u00edaz Y La Pesada: Todo Es Todo 6-Cuero: No S\u00e9 Si Voy A Enloquecer 7-Dedos: Dedos 8-Detroit: Funk 49","robots":{"index":"index","follow":"follow","max-snippet":"max-snippet:-1","max-image-preview":"max-image-preview:large","max-video-preview":"max-video-preview:-1"},"canonical":"https:\/\/wpguerssen-test.odoo.rgbconsulting.com\/es\/producto\/crazy-world-of-music-hall-vol-3\/","og_locale":"es_ES","og_type":"article","og_title":"VARIOUS ARTISTS - Crazy World Of Music Hall Vol. 3 -  (LP) | Guerssen","og_description":"Finally, and thanks to the hard work of the fine folks at INAMU (Instituto Nacional de la M\u00fasica de Argentina) and the amazing selection job of Nekro (Fun People & Boom Boom Kid), we're proud to present \"The Crazy World of Music Hall vol 3\", the third of a 3 volume set of mind blowing lp's compiling the finest of the 60's and 70's cuts output from the legendary Argentinian label Music Hall. This final volume presents tracks from both decades with a great selection of hot sounds ranging from pure unaltered wild Rock'n[Roll to Psychedelia, Latin sounds, visceral Hard Rock, Soul or Funk. Can't miss this final installment, the cherry on top of an amazing set!Limited to 500 copies. Don't export to Argentina. #nl# SIDE A 1-S\u00e9ptima Brigada: Angel Se Hizo Un Globo 2- Horacio Ascheri: Picada Especial 3-Freddy Luciano: Toma El Camino 4-Jackie: Agitese, Sacudase, Enrollese 5-Los Azzurros: El Volc\u00e1n 6-Bobby Cuatro: Bailemos Clam 7- Rocky Pontoni: Amor 8-Ana Rom\u00e1n: Loca Loca 9- Materia Gris: So\u00f1\u00e9SIDE B 1-Billy Bond Y La Pesada: Salgan Al Sol 2- Luz De Mercurio: Mujer Extra\u00f1a 3-Escalation: Recordando 4-The Sound & Company: Sound & Sound 5-Kubero D\u00edaz Y La Pesada: Todo Es Todo 6-Cuero: No S\u00e9 Si Voy A Enloquecer 7-Dedos: Dedos 8-Detroit: Funk 49","og_url":"https:\/\/wpguerssen-test.odoo.rgbconsulting.com\/es\/producto\/crazy-world-of-music-hall-vol-3\/","og_site_name":"Guerssen records","article_modified_time":"2025-01-30T15:52:50+00:00","og_image":[{"width":600,"height":600,"url":"https:\/\/wpguerssen-test.odoo.rgbconsulting.com\/wp-content\/uploads\/2023\/01\/42683.jpg","type":"image\/jpeg"}],"twitter_card":"summary_large_image","twitter_title":"VARIOUS ARTISTS - Crazy World Of Music Hall Vol. 3 -  (LP) | Guerssen","twitter_misc":{"Tiempo de lectura":"1 minuto"},"schema":{"@context":"https:\/\/schema.org","@graph":[{"@type":"WebPage","@id":"https:\/\/wpguerssen-test.odoo.rgbconsulting.com\/es\/producto\/crazy-world-of-music-hall-vol-3\/","url":"https:\/\/wpguerssen-test.odoo.rgbconsulting.com\/es\/producto\/crazy-world-of-music-hall-vol-3\/","name":"VARIOUS ARTISTS - Crazy World Of Music Hall Vol. 3 - (LP) | Guerssen","isPartOf":{"@id":"https:\/\/wpguerssen-test.odoo.rgbconsulting.com\/es\/#website"},"primaryImageOfPage":{"@id":"https:\/\/wpguerssen-test.odoo.rgbconsulting.com\/es\/producto\/crazy-world-of-music-hall-vol-3\/#primaryimage"},"image":{"@id":"https:\/\/wpguerssen-test.odoo.rgbconsulting.com\/es\/producto\/crazy-world-of-music-hall-vol-3\/#primaryimage"},"thumbnailUrl":"https:\/\/wpguerssen-test.odoo.rgbconsulting.com\/wp-content\/uploads\/2023\/01\/42683.jpg","datePublished":"2023-02-01T23:00:00+00:00","dateModified":"2025-01-30T15:52:50+00:00","description":"Finally, and thanks to the hard work of the fine folks at INAMU (Instituto Nacional de la M\u00fasica de Argentina) and the amazing selection job of Nekro (Fun People & Boom Boom Kid), we're proud to present \"The Crazy World of Music Hall vol 3\", the third of a 3 volume set of mind blowing lp's compiling the finest of the 60's and 70's cuts output from the legendary Argentinian label Music Hall. This final volume presents tracks from both decades with a great selection of hot sounds ranging from pure unaltered wild Rock'n[Roll to Psychedelia, Latin sounds, visceral Hard Rock, Soul or Funk. Can't miss this final installment, the cherry on top of an amazing set!Limited to 500 copies. Don't export to Argentina. #nl# SIDE A 1-S\u00e9ptima Brigada: Angel Se Hizo Un Globo 2- Horacio Ascheri: Picada Especial 3-Freddy Luciano: Toma El Camino 4-Jackie: Agitese, Sacudase, Enrollese 5-Los Azzurros: El Volc\u00e1n 6-Bobby Cuatro: Bailemos Clam 7- Rocky Pontoni: Amor 8-Ana Rom\u00e1n: Loca Loca 9- Materia Gris: So\u00f1\u00e9SIDE B 1-Billy Bond Y La Pesada: Salgan Al Sol 2- Luz De Mercurio: Mujer Extra\u00f1a 3-Escalation: Recordando 4-The Sound & Company: Sound & Sound 5-Kubero D\u00edaz Y La Pesada: Todo Es Todo 6-Cuero: No S\u00e9 Si Voy A Enloquecer 7-Dedos: Dedos 8-Detroit: Funk 49","breadcrumb":{"@id":"https:\/\/wpguerssen-test.odoo.rgbconsulting.com\/es\/producto\/crazy-world-of-music-hall-vol-3\/#breadcrumb"},"inLanguage":"es","potentialAction":[{"@type":"ReadAction","target":["https:\/\/wpguerssen-test.odoo.rgbconsulting.com\/es\/producto\/crazy-world-of-music-hall-vol-3\/"]}]},{"@type":"ImageObject","inLanguage":"es","@id":"https:\/\/wpguerssen-test.odoo.rgbconsulting.com\/es\/producto\/crazy-world-of-music-hall-vol-3\/#primaryimage","url":"https:\/\/wpguerssen-test.odoo.rgbconsulting.com\/wp-content\/uploads\/2023\/01\/42683.jpg","contentUrl":"https:\/\/wpguerssen-test.odoo.rgbconsulting.com\/wp-content\/uploads\/2023\/01\/42683.jpg","width":600,"height":600},{"@type":"BreadcrumbList","@id":"https:\/\/wpguerssen-test.odoo.rgbconsulting.com\/es\/producto\/crazy-world-of-music-hall-vol-3\/#breadcrumb","itemListElement":[{"@type":"ListItem","position":1,"name":"Inicio","item":"https:\/\/wpguerssen-test.odoo.rgbconsulting.com\/es\/"},{"@type":"ListItem","position":2,"name":"Shop","item":"https:\/\/wpguerssen-test.odoo.rgbconsulting.com\/shop\/"},{"@type":"ListItem","position":3,"name":"Crazy World Of Music Hall Vol. 3"}]},{"@type":"WebSite","@id":"https:\/\/wpguerssen-test.odoo.rgbconsulting.com\/es\/#website","url":"https:\/\/wpguerssen-test.odoo.rgbconsulting.com\/es\/","name":"Guerssen records","description":"psychedelia - progressive - folk - garage ","publisher":{"@id":"https:\/\/wpguerssen-test.odoo.rgbconsulting.com\/es\/#organization"},"potentialAction":[{"@type":"SearchAction","target":{"@type":"EntryPoint","urlTemplate":"https:\/\/wpguerssen-test.odoo.rgbconsulting.com\/es\/?s={search_term_string}"},"query-input":{"@type":"PropertyValueSpecification","valueRequired":true,"valueName":"search_term_string"}}],"inLanguage":"es"},{"@type":"Organization","@id":"https:\/\/wpguerssen-test.odoo.rgbconsulting.com\/es\/#organization","name":"Guerssen records","url":"https:\/\/wpguerssen-test.odoo.rgbconsulting.com\/es\/","logo":{"@type":"ImageObject","inLanguage":"es","@id":"https:\/\/wpguerssen-test.odoo.rgbconsulting.com\/es\/#\/schema\/logo\/image\/","url":"https:\/\/wpguerssen-test.odoo.rgbconsulting.com\/wp-content\/uploads\/2022\/04\/Logo_Guerssen_trans_100.png","contentUrl":"https:\/\/wpguerssen-test.odoo.rgbconsulting.com\/wp-content\/uploads\/2022\/04\/Logo_Guerssen_trans_100.png","width":122,"height":100,"caption":"Guerssen records"},"image":{"@id":"https:\/\/wpguerssen-test.odoo.rgbconsulting.com\/es\/#\/schema\/logo\/image\/"}}]}},"_links":{"self":[{"href":"https:\/\/wpguerssen-test.odoo.rgbconsulting.com\/es\/wp-json\/wp\/v2\/product\/225101","targetHints":{"allow":["GET"]}}],"collection":[{"href":"https:\/\/wpguerssen-test.odoo.rgbconsulting.com\/es\/wp-json\/wp\/v2\/product"}],"about":[{"href":"https:\/\/wpguerssen-test.odoo.rgbconsulting.com\/es\/wp-json\/wp\/v2\/types\/product"}],"wp:featuredmedia":[{"embeddable":true,"href":"https:\/\/wpguerssen-test.odoo.rgbconsulting.com\/es\/wp-json\/wp\/v2\/media\/225200"}],"wp:attachment":[{"href":"https:\/\/wpguerssen-test.odoo.rgbconsulting.com\/es\/wp-json\/wp\/v2\/media?parent=225101"}],"wp:term":[{"taxonomy":"product_brand","embeddable":true,"href":"https:\/\/wpguerssen-test.odoo.rgbconsulting.com\/es\/wp-json\/wp\/v2\/product_brand?post=225101"},{"taxonomy":"product_cat","embeddable":true,"href":"https:\/\/wpguerssen-test.odoo.rgbconsulting.com\/es\/wp-json\/wp\/v2\/product_cat?post=225101"},{"taxonomy":"product_tag","embeddable":true,"href":"https:\/\/wpguerssen-test.odoo.rgbconsulting.com\/es\/wp-json\/wp\/v2\/product_tag?post=225101"}],"curies":[{"name":"wp","href":"https:\/\/api.w.org\/{rel}","templated":true}]}}