{"id":225102,"date":"2023-02-02T00:00:00","date_gmt":"2023-02-01T23:00:00","guid":{"rendered":"https:\/\/wpguerssen-test.odoo.rgbconsulting.com\/product\/locura-tropical-vol-1\/"},"modified":"2025-01-30T16:52:54","modified_gmt":"2025-01-30T15:52:54","slug":"locura-tropical-vol-1","status":"publish","type":"product","link":"https:\/\/wpguerssen-test.odoo.rgbconsulting.com\/es\/producto\/locura-tropical-vol-1\/","title":{"rendered":"Locura Tropical Vol. 1"},"content":{"rendered":"<p>Finalmente, y gracias al arduo trabajo de la excelente gente del INAMU (Instituto Nacional de la M\u00fasica de Argentina) y el incre\u00edble trabajo de selecci\u00f3n de Nekro (Fun People &#038; Boom Boom Kid), estamos orgullosos de presentar \u00abLocura Tropical vol 1 \u00ab, el primero de un conjunto de 2 vol\u00famenes de lp alucinantes que recopilan los mejores sonidos latinos de los a\u00f1os 60 y 70 (y algunos 80) del legendario sello argentino Music Hall. \u00a1Este primer lp presenta una avalancha de sonidos tan calientes que debe manejarse con cuidado! Desde m\u00fasica latina hasta tropical, pasando por influencias de jazz, cumbia, candombe, pachanga&#8230; \u00a1Est\u00e1 todo (\u00a1y m\u00e1s!) aqu\u00ed! Un loco fest\u00edn para redescubrir este incre\u00edble sello.<br \/>Limitado a 500 copias. No exportar a Argentina. <\/p>\n<p> SIDE A 1 &#8211; Carlos Redaelli: La Pollera Blanca 2 &#8211; Tito Alberti: Batijugando 3 &#8211; Yuyu Da Silva: Doctor 4 &#8211; Las Minifaldas: El Sonido De Las Minifaldas 5 &#8211; Los Guayacanes: Jalaito Con Guapacha 6 &#8211; Los Caucanos: Fiesta Negra 7 &#8211; Dany Montano: La Cumbia De La Pantera 8 &#8211; Mari To Y Sus Candombes: Yacumensa<br \/>SIDE B 1- Carlos Argentino: Gaucho Pachanguero 2- El Pato Carret: Vivir En Carnaval  3- Las Imperiales: La Palomita 4- Los Martinicos: Caracoleando 5- Marietto D&#8217;agostino: La Yerbita 6- Miguel Angel: Cachita\/Panama 7- Los 4 Hermanos Diaz: Me Llaman El Calavera 8- Rodolfo Zapata: No Vamo&#8217; A Trabajar.<\/p>\n","protected":false},"excerpt":{"rendered":"<p>Finalmente, y gracias al arduo trabajo de la excelente gente del INAMU (Instituto Nacional de la M\u00fasica de Argentina) y el incre\u00edble trabajo de selecci\u00f3n de Nekro<a class=\"read\" href=\"https:\/\/wpguerssen-test.odoo.rgbconsulting.com\/es\/producto\/locura-tropical-vol-1\/\"> (...)<\/a>","protected":false},"featured_media":225202,"template":"","meta":{"_acf_changed":false},"product_brand":[],"product_cat":[23231],"product_tag":[],"class_list":{"0":"post-225102","1":"product","2":"type-product","3":"status-publish","4":"has-post-thumbnail","6":"product_cat-latin-brazilian-es","7":"pa_artist-various-artists-es","8":"pa_format-lp-es","9":"pa_gender-latin-brazilian","10":"pa_label-beat-generation-es","11":"pa_location-south-america-caribbean-es","12":"pa_other-filters-vinyl-only-es","14":"first","15":"instock","16":"taxable","17":"shipping-taxable","18":"purchasable","19":"product-type-simple"},"acf":[],"yoast_head":"<!-- This site is optimized with the Yoast SEO plugin v24.9 - https:\/\/yoast.com\/wordpress\/plugins\/seo\/ -->\n<title>VARIOUS ARTISTS - Locura Tropical Vol. 1 -  (LP) | Guerssen<\/title>\n<meta name=\"description\" content=\"Finally, and thanks to the hard work of the fine folks at INAMU (Instituto Nacional de la M\u00fasica de Argentina) and the amazing selection job of Nekro (Fun People &amp; Boom Boom Kid), we&#039;re proud to present &quot;Locura Tropical vol 1&quot;, the first of a 2 volume set of mind blowing lp&#039;s compiling the finest 60&#039;s and 70&#039;s (and some 80&#039;s) latin sounds from the legendary Argentinian label Music Hall. This first lp presents an avalanch of sounds so hot it needs to be handled with care! From Latin to Tropical, to Jazz influences, Cumbia, Candombe, Pachanga...It&#039;s all (and more!) here! A crazy feast to re discover this incredible label .Limted to 500 copies. Don&#039;t export to Argentina. #nl# SIDE A 1 - Carlos Redaelli: La Pollera Blanca 2 - Tito Alberti: Batijugando 3 - Yuyu Da Silva: Doctor 4 - Las Minifaldas: El Sonido De Las Minifaldas 5 - Los Guayacanes: Jalaito Con Guapacha 6 - Los Caucanos: Fiesta Negra 7 - Dany Montano: La Cumbia De La Pantera 8 - Mari To Y Sus Candombes: YacumensaSIDE B 1- Carlos Argentino: Gaucho Pachanguero 2- El Pato Carret: Vivir En Carnaval 3- Las Imperiales: La Palomita 4- Los Martinicos: Caracoleando 5- Marietto D&#039;agostino: La Yerbita 6- Miguel Angel: Cachita\/Panama 7- Los 4 Hermanos Diaz: Me Llaman El Calavera 8- Rodolfo Zapata: No Vamo&#039; A Trabajar.\" \/>\n<meta name=\"robots\" content=\"index, follow, max-snippet:-1, max-image-preview:large, max-video-preview:-1\" \/>\n<link rel=\"canonical\" href=\"https:\/\/wpguerssen-test.odoo.rgbconsulting.com\/es\/producto\/locura-tropical-vol-1\/\" \/>\n<meta property=\"og:locale\" content=\"es_ES\" \/>\n<meta property=\"og:type\" content=\"article\" \/>\n<meta property=\"og:title\" content=\"VARIOUS ARTISTS - Locura Tropical Vol. 1 -  (LP) | Guerssen\" \/>\n<meta property=\"og:description\" content=\"Finally, and thanks to the hard work of the fine folks at INAMU (Instituto Nacional de la M\u00fasica de Argentina) and the amazing selection job of Nekro (Fun People &amp; Boom Boom Kid), we&#039;re proud to present &quot;Locura Tropical vol 1&quot;, the first of a 2 volume set of mind blowing lp&#039;s compiling the finest 60&#039;s and 70&#039;s (and some 80&#039;s) latin sounds from the legendary Argentinian label Music Hall. This first lp presents an avalanch of sounds so hot it needs to be handled with care! From Latin to Tropical, to Jazz influences, Cumbia, Candombe, Pachanga...It&#039;s all (and more!) here! A crazy feast to re discover this incredible label .Limted to 500 copies. Don&#039;t export to Argentina. #nl# SIDE A 1 - Carlos Redaelli: La Pollera Blanca 2 - Tito Alberti: Batijugando 3 - Yuyu Da Silva: Doctor 4 - Las Minifaldas: El Sonido De Las Minifaldas 5 - Los Guayacanes: Jalaito Con Guapacha 6 - Los Caucanos: Fiesta Negra 7 - Dany Montano: La Cumbia De La Pantera 8 - Mari To Y Sus Candombes: YacumensaSIDE B 1- Carlos Argentino: Gaucho Pachanguero 2- El Pato Carret: Vivir En Carnaval 3- Las Imperiales: La Palomita 4- Los Martinicos: Caracoleando 5- Marietto D&#039;agostino: La Yerbita 6- Miguel Angel: Cachita\/Panama 7- Los 4 Hermanos Diaz: Me Llaman El Calavera 8- Rodolfo Zapata: No Vamo&#039; A Trabajar.\" \/>\n<meta property=\"og:url\" content=\"https:\/\/wpguerssen-test.odoo.rgbconsulting.com\/es\/producto\/locura-tropical-vol-1\/\" \/>\n<meta property=\"og:site_name\" content=\"Guerssen records\" \/>\n<meta property=\"article:modified_time\" content=\"2025-01-30T15:52:54+00:00\" \/>\n<meta property=\"og:image\" content=\"https:\/\/wpguerssen-test.odoo.rgbconsulting.com\/wp-content\/uploads\/2023\/01\/42684.jpg\" \/>\n\t<meta property=\"og:image:width\" content=\"600\" \/>\n\t<meta property=\"og:image:height\" content=\"600\" \/>\n\t<meta property=\"og:image:type\" content=\"image\/jpeg\" \/>\n<meta name=\"twitter:card\" content=\"summary_large_image\" \/>\n<meta name=\"twitter:title\" content=\"VARIOUS ARTISTS - Locura Tropical Vol. 1 -  (LP) | Guerssen\" \/>\n<meta name=\"twitter:label1\" content=\"Tiempo de lectura\" \/>\n\t<meta name=\"twitter:data1\" content=\"1 minuto\" \/>\n<script type=\"application\/ld+json\" class=\"yoast-schema-graph\">{\"@context\":\"https:\/\/schema.org\",\"@graph\":[{\"@type\":\"WebPage\",\"@id\":\"https:\/\/wpguerssen-test.odoo.rgbconsulting.com\/es\/producto\/locura-tropical-vol-1\/\",\"url\":\"https:\/\/wpguerssen-test.odoo.rgbconsulting.com\/es\/producto\/locura-tropical-vol-1\/\",\"name\":\"VARIOUS ARTISTS - Locura Tropical Vol. 1 - (LP) | Guerssen\",\"isPartOf\":{\"@id\":\"https:\/\/wpguerssen-test.odoo.rgbconsulting.com\/es\/#website\"},\"primaryImageOfPage\":{\"@id\":\"https:\/\/wpguerssen-test.odoo.rgbconsulting.com\/es\/producto\/locura-tropical-vol-1\/#primaryimage\"},\"image\":{\"@id\":\"https:\/\/wpguerssen-test.odoo.rgbconsulting.com\/es\/producto\/locura-tropical-vol-1\/#primaryimage\"},\"thumbnailUrl\":\"https:\/\/wpguerssen-test.odoo.rgbconsulting.com\/wp-content\/uploads\/2023\/01\/42684.jpg\",\"datePublished\":\"2023-02-01T23:00:00+00:00\",\"dateModified\":\"2025-01-30T15:52:54+00:00\",\"description\":\"Finally, and thanks to the hard work of the fine folks at INAMU (Instituto Nacional de la M\u00fasica de Argentina) and the amazing selection job of Nekro (Fun People & Boom Boom Kid), we're proud to present \\\"Locura Tropical vol 1\\\", the first of a 2 volume set of mind blowing lp's compiling the finest 60's and 70's (and some 80's) latin sounds from the legendary Argentinian label Music Hall. This first lp presents an avalanch of sounds so hot it needs to be handled with care! From Latin to Tropical, to Jazz influences, Cumbia, Candombe, Pachanga...It's all (and more!) here! A crazy feast to re discover this incredible label .Limted to 500 copies. Don't export to Argentina. #nl# SIDE A 1 - Carlos Redaelli: La Pollera Blanca 2 - Tito Alberti: Batijugando 3 - Yuyu Da Silva: Doctor 4 - Las Minifaldas: El Sonido De Las Minifaldas 5 - Los Guayacanes: Jalaito Con Guapacha 6 - Los Caucanos: Fiesta Negra 7 - Dany Montano: La Cumbia De La Pantera 8 - Mari To Y Sus Candombes: YacumensaSIDE B 1- Carlos Argentino: Gaucho Pachanguero 2- El Pato Carret: Vivir En Carnaval 3- Las Imperiales: La Palomita 4- Los Martinicos: Caracoleando 5- Marietto D'agostino: La Yerbita 6- Miguel Angel: Cachita\/Panama 7- Los 4 Hermanos Diaz: Me Llaman El Calavera 8- Rodolfo Zapata: No Vamo' A Trabajar.\",\"breadcrumb\":{\"@id\":\"https:\/\/wpguerssen-test.odoo.rgbconsulting.com\/es\/producto\/locura-tropical-vol-1\/#breadcrumb\"},\"inLanguage\":\"es\",\"potentialAction\":[{\"@type\":\"ReadAction\",\"target\":[\"https:\/\/wpguerssen-test.odoo.rgbconsulting.com\/es\/producto\/locura-tropical-vol-1\/\"]}]},{\"@type\":\"ImageObject\",\"inLanguage\":\"es\",\"@id\":\"https:\/\/wpguerssen-test.odoo.rgbconsulting.com\/es\/producto\/locura-tropical-vol-1\/#primaryimage\",\"url\":\"https:\/\/wpguerssen-test.odoo.rgbconsulting.com\/wp-content\/uploads\/2023\/01\/42684.jpg\",\"contentUrl\":\"https:\/\/wpguerssen-test.odoo.rgbconsulting.com\/wp-content\/uploads\/2023\/01\/42684.jpg\",\"width\":600,\"height\":600},{\"@type\":\"BreadcrumbList\",\"@id\":\"https:\/\/wpguerssen-test.odoo.rgbconsulting.com\/es\/producto\/locura-tropical-vol-1\/#breadcrumb\",\"itemListElement\":[{\"@type\":\"ListItem\",\"position\":1,\"name\":\"Inicio\",\"item\":\"https:\/\/wpguerssen-test.odoo.rgbconsulting.com\/es\/\"},{\"@type\":\"ListItem\",\"position\":2,\"name\":\"Shop\",\"item\":\"https:\/\/wpguerssen-test.odoo.rgbconsulting.com\/shop\/\"},{\"@type\":\"ListItem\",\"position\":3,\"name\":\"Locura Tropical Vol. 1\"}]},{\"@type\":\"WebSite\",\"@id\":\"https:\/\/wpguerssen-test.odoo.rgbconsulting.com\/es\/#website\",\"url\":\"https:\/\/wpguerssen-test.odoo.rgbconsulting.com\/es\/\",\"name\":\"Guerssen records\",\"description\":\"psychedelia - progressive - folk - garage \",\"publisher\":{\"@id\":\"https:\/\/wpguerssen-test.odoo.rgbconsulting.com\/es\/#organization\"},\"potentialAction\":[{\"@type\":\"SearchAction\",\"target\":{\"@type\":\"EntryPoint\",\"urlTemplate\":\"https:\/\/wpguerssen-test.odoo.rgbconsulting.com\/es\/?s={search_term_string}\"},\"query-input\":{\"@type\":\"PropertyValueSpecification\",\"valueRequired\":true,\"valueName\":\"search_term_string\"}}],\"inLanguage\":\"es\"},{\"@type\":\"Organization\",\"@id\":\"https:\/\/wpguerssen-test.odoo.rgbconsulting.com\/es\/#organization\",\"name\":\"Guerssen records\",\"url\":\"https:\/\/wpguerssen-test.odoo.rgbconsulting.com\/es\/\",\"logo\":{\"@type\":\"ImageObject\",\"inLanguage\":\"es\",\"@id\":\"https:\/\/wpguerssen-test.odoo.rgbconsulting.com\/es\/#\/schema\/logo\/image\/\",\"url\":\"https:\/\/wpguerssen-test.odoo.rgbconsulting.com\/wp-content\/uploads\/2022\/04\/Logo_Guerssen_trans_100.png\",\"contentUrl\":\"https:\/\/wpguerssen-test.odoo.rgbconsulting.com\/wp-content\/uploads\/2022\/04\/Logo_Guerssen_trans_100.png\",\"width\":122,\"height\":100,\"caption\":\"Guerssen records\"},\"image\":{\"@id\":\"https:\/\/wpguerssen-test.odoo.rgbconsulting.com\/es\/#\/schema\/logo\/image\/\"}}]}<\/script>\n<!-- \/ Yoast SEO plugin. -->","yoast_head_json":{"title":"VARIOUS ARTISTS - Locura Tropical Vol. 1 -  (LP) | Guerssen","description":"Finally, and thanks to the hard work of the fine folks at INAMU (Instituto Nacional de la M\u00fasica de Argentina) and the amazing selection job of Nekro (Fun People & Boom Boom Kid), we're proud to present \"Locura Tropical vol 1\", the first of a 2 volume set of mind blowing lp's compiling the finest 60's and 70's (and some 80's) latin sounds from the legendary Argentinian label Music Hall. This first lp presents an avalanch of sounds so hot it needs to be handled with care! From Latin to Tropical, to Jazz influences, Cumbia, Candombe, Pachanga...It's all (and more!) here! A crazy feast to re discover this incredible label .Limted to 500 copies. Don't export to Argentina. #nl# SIDE A 1 - Carlos Redaelli: La Pollera Blanca 2 - Tito Alberti: Batijugando 3 - Yuyu Da Silva: Doctor 4 - Las Minifaldas: El Sonido De Las Minifaldas 5 - Los Guayacanes: Jalaito Con Guapacha 6 - Los Caucanos: Fiesta Negra 7 - Dany Montano: La Cumbia De La Pantera 8 - Mari To Y Sus Candombes: YacumensaSIDE B 1- Carlos Argentino: Gaucho Pachanguero 2- El Pato Carret: Vivir En Carnaval 3- Las Imperiales: La Palomita 4- Los Martinicos: Caracoleando 5- Marietto D'agostino: La Yerbita 6- Miguel Angel: Cachita\/Panama 7- Los 4 Hermanos Diaz: Me Llaman El Calavera 8- Rodolfo Zapata: No Vamo' A Trabajar.","robots":{"index":"index","follow":"follow","max-snippet":"max-snippet:-1","max-image-preview":"max-image-preview:large","max-video-preview":"max-video-preview:-1"},"canonical":"https:\/\/wpguerssen-test.odoo.rgbconsulting.com\/es\/producto\/locura-tropical-vol-1\/","og_locale":"es_ES","og_type":"article","og_title":"VARIOUS ARTISTS - Locura Tropical Vol. 1 -  (LP) | Guerssen","og_description":"Finally, and thanks to the hard work of the fine folks at INAMU (Instituto Nacional de la M\u00fasica de Argentina) and the amazing selection job of Nekro (Fun People & Boom Boom Kid), we're proud to present \"Locura Tropical vol 1\", the first of a 2 volume set of mind blowing lp's compiling the finest 60's and 70's (and some 80's) latin sounds from the legendary Argentinian label Music Hall. This first lp presents an avalanch of sounds so hot it needs to be handled with care! From Latin to Tropical, to Jazz influences, Cumbia, Candombe, Pachanga...It's all (and more!) here! A crazy feast to re discover this incredible label .Limted to 500 copies. Don't export to Argentina. #nl# SIDE A 1 - Carlos Redaelli: La Pollera Blanca 2 - Tito Alberti: Batijugando 3 - Yuyu Da Silva: Doctor 4 - Las Minifaldas: El Sonido De Las Minifaldas 5 - Los Guayacanes: Jalaito Con Guapacha 6 - Los Caucanos: Fiesta Negra 7 - Dany Montano: La Cumbia De La Pantera 8 - Mari To Y Sus Candombes: YacumensaSIDE B 1- Carlos Argentino: Gaucho Pachanguero 2- El Pato Carret: Vivir En Carnaval 3- Las Imperiales: La Palomita 4- Los Martinicos: Caracoleando 5- Marietto D'agostino: La Yerbita 6- Miguel Angel: Cachita\/Panama 7- Los 4 Hermanos Diaz: Me Llaman El Calavera 8- Rodolfo Zapata: No Vamo' A Trabajar.","og_url":"https:\/\/wpguerssen-test.odoo.rgbconsulting.com\/es\/producto\/locura-tropical-vol-1\/","og_site_name":"Guerssen records","article_modified_time":"2025-01-30T15:52:54+00:00","og_image":[{"width":600,"height":600,"url":"https:\/\/wpguerssen-test.odoo.rgbconsulting.com\/wp-content\/uploads\/2023\/01\/42684.jpg","type":"image\/jpeg"}],"twitter_card":"summary_large_image","twitter_title":"VARIOUS ARTISTS - Locura Tropical Vol. 1 -  (LP) | Guerssen","twitter_misc":{"Tiempo de lectura":"1 minuto"},"schema":{"@context":"https:\/\/schema.org","@graph":[{"@type":"WebPage","@id":"https:\/\/wpguerssen-test.odoo.rgbconsulting.com\/es\/producto\/locura-tropical-vol-1\/","url":"https:\/\/wpguerssen-test.odoo.rgbconsulting.com\/es\/producto\/locura-tropical-vol-1\/","name":"VARIOUS ARTISTS - Locura Tropical Vol. 1 - (LP) | Guerssen","isPartOf":{"@id":"https:\/\/wpguerssen-test.odoo.rgbconsulting.com\/es\/#website"},"primaryImageOfPage":{"@id":"https:\/\/wpguerssen-test.odoo.rgbconsulting.com\/es\/producto\/locura-tropical-vol-1\/#primaryimage"},"image":{"@id":"https:\/\/wpguerssen-test.odoo.rgbconsulting.com\/es\/producto\/locura-tropical-vol-1\/#primaryimage"},"thumbnailUrl":"https:\/\/wpguerssen-test.odoo.rgbconsulting.com\/wp-content\/uploads\/2023\/01\/42684.jpg","datePublished":"2023-02-01T23:00:00+00:00","dateModified":"2025-01-30T15:52:54+00:00","description":"Finally, and thanks to the hard work of the fine folks at INAMU (Instituto Nacional de la M\u00fasica de Argentina) and the amazing selection job of Nekro (Fun People & Boom Boom Kid), we're proud to present \"Locura Tropical vol 1\", the first of a 2 volume set of mind blowing lp's compiling the finest 60's and 70's (and some 80's) latin sounds from the legendary Argentinian label Music Hall. This first lp presents an avalanch of sounds so hot it needs to be handled with care! From Latin to Tropical, to Jazz influences, Cumbia, Candombe, Pachanga...It's all (and more!) here! A crazy feast to re discover this incredible label .Limted to 500 copies. Don't export to Argentina. #nl# SIDE A 1 - Carlos Redaelli: La Pollera Blanca 2 - Tito Alberti: Batijugando 3 - Yuyu Da Silva: Doctor 4 - Las Minifaldas: El Sonido De Las Minifaldas 5 - Los Guayacanes: Jalaito Con Guapacha 6 - Los Caucanos: Fiesta Negra 7 - Dany Montano: La Cumbia De La Pantera 8 - Mari To Y Sus Candombes: YacumensaSIDE B 1- Carlos Argentino: Gaucho Pachanguero 2- El Pato Carret: Vivir En Carnaval 3- Las Imperiales: La Palomita 4- Los Martinicos: Caracoleando 5- Marietto D'agostino: La Yerbita 6- Miguel Angel: Cachita\/Panama 7- Los 4 Hermanos Diaz: Me Llaman El Calavera 8- Rodolfo Zapata: No Vamo' A Trabajar.","breadcrumb":{"@id":"https:\/\/wpguerssen-test.odoo.rgbconsulting.com\/es\/producto\/locura-tropical-vol-1\/#breadcrumb"},"inLanguage":"es","potentialAction":[{"@type":"ReadAction","target":["https:\/\/wpguerssen-test.odoo.rgbconsulting.com\/es\/producto\/locura-tropical-vol-1\/"]}]},{"@type":"ImageObject","inLanguage":"es","@id":"https:\/\/wpguerssen-test.odoo.rgbconsulting.com\/es\/producto\/locura-tropical-vol-1\/#primaryimage","url":"https:\/\/wpguerssen-test.odoo.rgbconsulting.com\/wp-content\/uploads\/2023\/01\/42684.jpg","contentUrl":"https:\/\/wpguerssen-test.odoo.rgbconsulting.com\/wp-content\/uploads\/2023\/01\/42684.jpg","width":600,"height":600},{"@type":"BreadcrumbList","@id":"https:\/\/wpguerssen-test.odoo.rgbconsulting.com\/es\/producto\/locura-tropical-vol-1\/#breadcrumb","itemListElement":[{"@type":"ListItem","position":1,"name":"Inicio","item":"https:\/\/wpguerssen-test.odoo.rgbconsulting.com\/es\/"},{"@type":"ListItem","position":2,"name":"Shop","item":"https:\/\/wpguerssen-test.odoo.rgbconsulting.com\/shop\/"},{"@type":"ListItem","position":3,"name":"Locura Tropical Vol. 1"}]},{"@type":"WebSite","@id":"https:\/\/wpguerssen-test.odoo.rgbconsulting.com\/es\/#website","url":"https:\/\/wpguerssen-test.odoo.rgbconsulting.com\/es\/","name":"Guerssen records","description":"psychedelia - progressive - folk - garage ","publisher":{"@id":"https:\/\/wpguerssen-test.odoo.rgbconsulting.com\/es\/#organization"},"potentialAction":[{"@type":"SearchAction","target":{"@type":"EntryPoint","urlTemplate":"https:\/\/wpguerssen-test.odoo.rgbconsulting.com\/es\/?s={search_term_string}"},"query-input":{"@type":"PropertyValueSpecification","valueRequired":true,"valueName":"search_term_string"}}],"inLanguage":"es"},{"@type":"Organization","@id":"https:\/\/wpguerssen-test.odoo.rgbconsulting.com\/es\/#organization","name":"Guerssen records","url":"https:\/\/wpguerssen-test.odoo.rgbconsulting.com\/es\/","logo":{"@type":"ImageObject","inLanguage":"es","@id":"https:\/\/wpguerssen-test.odoo.rgbconsulting.com\/es\/#\/schema\/logo\/image\/","url":"https:\/\/wpguerssen-test.odoo.rgbconsulting.com\/wp-content\/uploads\/2022\/04\/Logo_Guerssen_trans_100.png","contentUrl":"https:\/\/wpguerssen-test.odoo.rgbconsulting.com\/wp-content\/uploads\/2022\/04\/Logo_Guerssen_trans_100.png","width":122,"height":100,"caption":"Guerssen records"},"image":{"@id":"https:\/\/wpguerssen-test.odoo.rgbconsulting.com\/es\/#\/schema\/logo\/image\/"}}]}},"_links":{"self":[{"href":"https:\/\/wpguerssen-test.odoo.rgbconsulting.com\/es\/wp-json\/wp\/v2\/product\/225102","targetHints":{"allow":["GET"]}}],"collection":[{"href":"https:\/\/wpguerssen-test.odoo.rgbconsulting.com\/es\/wp-json\/wp\/v2\/product"}],"about":[{"href":"https:\/\/wpguerssen-test.odoo.rgbconsulting.com\/es\/wp-json\/wp\/v2\/types\/product"}],"wp:featuredmedia":[{"embeddable":true,"href":"https:\/\/wpguerssen-test.odoo.rgbconsulting.com\/es\/wp-json\/wp\/v2\/media\/225202"}],"wp:attachment":[{"href":"https:\/\/wpguerssen-test.odoo.rgbconsulting.com\/es\/wp-json\/wp\/v2\/media?parent=225102"}],"wp:term":[{"taxonomy":"product_brand","embeddable":true,"href":"https:\/\/wpguerssen-test.odoo.rgbconsulting.com\/es\/wp-json\/wp\/v2\/product_brand?post=225102"},{"taxonomy":"product_cat","embeddable":true,"href":"https:\/\/wpguerssen-test.odoo.rgbconsulting.com\/es\/wp-json\/wp\/v2\/product_cat?post=225102"},{"taxonomy":"product_tag","embeddable":true,"href":"https:\/\/wpguerssen-test.odoo.rgbconsulting.com\/es\/wp-json\/wp\/v2\/product_tag?post=225102"}],"curies":[{"name":"wp","href":"https:\/\/api.w.org\/{rel}","templated":true}]}}