{"id":225208,"date":"2025-01-24T00:00:00","date_gmt":"2025-01-23T23:00:00","guid":{"rendered":"https:\/\/wpguerssen-test.odoo.rgbconsulting.com\/product\/aquarius\/"},"modified":"2025-03-13T17:16:19","modified_gmt":"2025-03-13T16:16:19","slug":"aquarius","status":"publish","type":"product","link":"https:\/\/wpguerssen-test.odoo.rgbconsulting.com\/es\/producto\/aquarius\/","title":{"rendered":"Aquarius"},"content":{"rendered":"<p>Un pedazo asombroso de samba funk brasile\u00f1a que tambi\u00e9n toca la bossa nova y el jazz. Lanzado originalmente en 1976, esta codiciada joya se abre con la hermosa versi\u00f3n de \u00abS\u00f3 Tem Lugar Pr\u00e1 Voc\u00ea\u00bb de Burnier &#038; Cartier, creando una vibra suave y aireada que se mantiene a lo largo de todo el \u00e1lbum. Armon\u00edas y arreglos vocales y un excelente trabajo de guitarra se combinan magistralmente creando un viaje alegre con el talento indiscutible de Raymundo Bittencourt, Oct\u00e1vio Burnier y Paulo Moura. Este lanzamiento es el resultado de una colaboraci\u00f3n entre Vampisoul y Glossy Mistakes. Primera reedici\u00f3n en vinilo.<\/p>\n","protected":false},"excerpt":{"rendered":"<p>Un pedazo asombroso de samba funk brasile\u00f1a que tambi\u00e9n toca la bossa nova y el jazz. Lanzado originalmente en 1976, esta codiciada joya se abre con la hermosa versi\u00f3n<a class=\"read\" href=\"https:\/\/wpguerssen-test.odoo.rgbconsulting.com\/es\/producto\/aquarius\/\"> (...)<\/a>","protected":false},"featured_media":232942,"template":"","meta":{"_acf_changed":false},"product_brand":[],"product_cat":[23231,23228],"product_tag":[24185],"class_list":{"0":"post-225208","1":"product","2":"type-product","3":"status-publish","4":"has-post-thumbnail","6":"product_cat-latin-brazilian-es","7":"product_cat-jazz-funk-es","8":"product_tag-de-nuevo-en-existencia","9":"pa_artist-aquarius","10":"pa_format-lp-es","11":"pa_gender-jazz-funk-latin-brazilian","12":"pa_label-vampi-soul-es","13":"pa_location-south-america-caribbean-es","14":"pa_other-filters-vinyl-only-es","16":"first","17":"instock","18":"taxable","19":"shipping-taxable","20":"purchasable","21":"product-type-simple"},"acf":[],"yoast_head":"<!-- This site is optimized with the Yoast SEO plugin v24.9 - https:\/\/yoast.com\/wordpress\/plugins\/seo\/ -->\n<title>AQUARIUS - Aquarius -  (LP) | Guerssen<\/title>\n<meta name=\"description\" content=\"An amazing bit of Brazilian samba funk that also touches on MPB, bossa nova, jazz. Originally released in 1976, this sought-after gem opens with the beautiful version of Burnier &amp; Cartier&#039;s &quot;S\u00f3 Tem Lugar Pr\u00e1 Voc\u00ea&quot;, building up a mellow, airy vibe that stays throughout the entire album. Vocal harmonies and arrangements and excellent guitar work are masterfully combined creating a joyful journey featuring the undisputed talent of Raymundo Bittencourt, Oct\u00e1vio Burnier and Paulo Moura. This release is the result of a collaboration between Vampisoul and Glossy Mistakes. First time vinyl reissue.\" \/>\n<meta name=\"robots\" content=\"index, follow, max-snippet:-1, max-image-preview:large, max-video-preview:-1\" \/>\n<link rel=\"canonical\" href=\"https:\/\/wpguerssen-test.odoo.rgbconsulting.com\/es\/producto\/aquarius\/\" \/>\n<meta property=\"og:locale\" content=\"es_ES\" \/>\n<meta property=\"og:type\" content=\"article\" \/>\n<meta property=\"og:title\" content=\"AQUARIUS - Aquarius -  (LP) | Guerssen\" \/>\n<meta property=\"og:description\" content=\"An amazing bit of Brazilian samba funk that also touches on MPB, bossa nova, jazz. Originally released in 1976, this sought-after gem opens with the beautiful version of Burnier &amp; Cartier&#039;s &quot;S\u00f3 Tem Lugar Pr\u00e1 Voc\u00ea&quot;, building up a mellow, airy vibe that stays throughout the entire album. Vocal harmonies and arrangements and excellent guitar work are masterfully combined creating a joyful journey featuring the undisputed talent of Raymundo Bittencourt, Oct\u00e1vio Burnier and Paulo Moura. This release is the result of a collaboration between Vampisoul and Glossy Mistakes. First time vinyl reissue.\" \/>\n<meta property=\"og:url\" content=\"https:\/\/wpguerssen-test.odoo.rgbconsulting.com\/es\/producto\/aquarius\/\" \/>\n<meta property=\"og:site_name\" content=\"Guerssen records\" \/>\n<meta property=\"article:modified_time\" content=\"2025-03-13T16:16:19+00:00\" \/>\n<meta property=\"og:image\" content=\"https:\/\/wpguerssen-test.odoo.rgbconsulting.com\/wp-content\/uploads\/2023\/05\/42687.jpg\" \/>\n\t<meta property=\"og:image:width\" content=\"1200\" \/>\n\t<meta property=\"og:image:height\" content=\"1200\" \/>\n\t<meta property=\"og:image:type\" content=\"image\/jpeg\" \/>\n<meta name=\"twitter:card\" content=\"summary_large_image\" \/>\n<meta name=\"twitter:title\" content=\"AQUARIUS - Aquarius -  (LP) | Guerssen\" \/>\n<meta name=\"twitter:label1\" content=\"Tiempo de lectura\" \/>\n\t<meta name=\"twitter:data1\" content=\"1 minuto\" \/>\n<script type=\"application\/ld+json\" class=\"yoast-schema-graph\">{\"@context\":\"https:\/\/schema.org\",\"@graph\":[{\"@type\":\"WebPage\",\"@id\":\"https:\/\/wpguerssen-test.odoo.rgbconsulting.com\/es\/producto\/aquarius\/\",\"url\":\"https:\/\/wpguerssen-test.odoo.rgbconsulting.com\/es\/producto\/aquarius\/\",\"name\":\"AQUARIUS - Aquarius - (LP) | Guerssen\",\"isPartOf\":{\"@id\":\"https:\/\/wpguerssen-test.odoo.rgbconsulting.com\/es\/#website\"},\"primaryImageOfPage\":{\"@id\":\"https:\/\/wpguerssen-test.odoo.rgbconsulting.com\/es\/producto\/aquarius\/#primaryimage\"},\"image\":{\"@id\":\"https:\/\/wpguerssen-test.odoo.rgbconsulting.com\/es\/producto\/aquarius\/#primaryimage\"},\"thumbnailUrl\":\"https:\/\/wpguerssen-test.odoo.rgbconsulting.com\/wp-content\/uploads\/2023\/05\/42687.jpg\",\"datePublished\":\"2025-01-23T23:00:00+00:00\",\"dateModified\":\"2025-03-13T16:16:19+00:00\",\"description\":\"An amazing bit of Brazilian samba funk that also touches on MPB, bossa nova, jazz. Originally released in 1976, this sought-after gem opens with the beautiful version of Burnier & Cartier's \\\"S\u00f3 Tem Lugar Pr\u00e1 Voc\u00ea\\\", building up a mellow, airy vibe that stays throughout the entire album. Vocal harmonies and arrangements and excellent guitar work are masterfully combined creating a joyful journey featuring the undisputed talent of Raymundo Bittencourt, Oct\u00e1vio Burnier and Paulo Moura. This release is the result of a collaboration between Vampisoul and Glossy Mistakes. First time vinyl reissue.\",\"breadcrumb\":{\"@id\":\"https:\/\/wpguerssen-test.odoo.rgbconsulting.com\/es\/producto\/aquarius\/#breadcrumb\"},\"inLanguage\":\"es\",\"potentialAction\":[{\"@type\":\"ReadAction\",\"target\":[\"https:\/\/wpguerssen-test.odoo.rgbconsulting.com\/es\/producto\/aquarius\/\"]}]},{\"@type\":\"ImageObject\",\"inLanguage\":\"es\",\"@id\":\"https:\/\/wpguerssen-test.odoo.rgbconsulting.com\/es\/producto\/aquarius\/#primaryimage\",\"url\":\"https:\/\/wpguerssen-test.odoo.rgbconsulting.com\/wp-content\/uploads\/2023\/05\/42687.jpg\",\"contentUrl\":\"https:\/\/wpguerssen-test.odoo.rgbconsulting.com\/wp-content\/uploads\/2023\/05\/42687.jpg\",\"width\":1200,\"height\":1200},{\"@type\":\"BreadcrumbList\",\"@id\":\"https:\/\/wpguerssen-test.odoo.rgbconsulting.com\/es\/producto\/aquarius\/#breadcrumb\",\"itemListElement\":[{\"@type\":\"ListItem\",\"position\":1,\"name\":\"Inicio\",\"item\":\"https:\/\/wpguerssen-test.odoo.rgbconsulting.com\/es\/\"},{\"@type\":\"ListItem\",\"position\":2,\"name\":\"Shop\",\"item\":\"https:\/\/wpguerssen-test.odoo.rgbconsulting.com\/shop\/\"},{\"@type\":\"ListItem\",\"position\":3,\"name\":\"Aquarius\"}]},{\"@type\":\"WebSite\",\"@id\":\"https:\/\/wpguerssen-test.odoo.rgbconsulting.com\/es\/#website\",\"url\":\"https:\/\/wpguerssen-test.odoo.rgbconsulting.com\/es\/\",\"name\":\"Guerssen records\",\"description\":\"psychedelia - progressive - folk - garage \",\"publisher\":{\"@id\":\"https:\/\/wpguerssen-test.odoo.rgbconsulting.com\/es\/#organization\"},\"potentialAction\":[{\"@type\":\"SearchAction\",\"target\":{\"@type\":\"EntryPoint\",\"urlTemplate\":\"https:\/\/wpguerssen-test.odoo.rgbconsulting.com\/es\/?s={search_term_string}\"},\"query-input\":{\"@type\":\"PropertyValueSpecification\",\"valueRequired\":true,\"valueName\":\"search_term_string\"}}],\"inLanguage\":\"es\"},{\"@type\":\"Organization\",\"@id\":\"https:\/\/wpguerssen-test.odoo.rgbconsulting.com\/es\/#organization\",\"name\":\"Guerssen records\",\"url\":\"https:\/\/wpguerssen-test.odoo.rgbconsulting.com\/es\/\",\"logo\":{\"@type\":\"ImageObject\",\"inLanguage\":\"es\",\"@id\":\"https:\/\/wpguerssen-test.odoo.rgbconsulting.com\/es\/#\/schema\/logo\/image\/\",\"url\":\"https:\/\/wpguerssen-test.odoo.rgbconsulting.com\/wp-content\/uploads\/2022\/04\/Logo_Guerssen_trans_100.png\",\"contentUrl\":\"https:\/\/wpguerssen-test.odoo.rgbconsulting.com\/wp-content\/uploads\/2022\/04\/Logo_Guerssen_trans_100.png\",\"width\":122,\"height\":100,\"caption\":\"Guerssen records\"},\"image\":{\"@id\":\"https:\/\/wpguerssen-test.odoo.rgbconsulting.com\/es\/#\/schema\/logo\/image\/\"}}]}<\/script>\n<!-- \/ Yoast SEO plugin. -->","yoast_head_json":{"title":"AQUARIUS - Aquarius -  (LP) | Guerssen","description":"An amazing bit of Brazilian samba funk that also touches on MPB, bossa nova, jazz. Originally released in 1976, this sought-after gem opens with the beautiful version of Burnier & Cartier's \"S\u00f3 Tem Lugar Pr\u00e1 Voc\u00ea\", building up a mellow, airy vibe that stays throughout the entire album. Vocal harmonies and arrangements and excellent guitar work are masterfully combined creating a joyful journey featuring the undisputed talent of Raymundo Bittencourt, Oct\u00e1vio Burnier and Paulo Moura. This release is the result of a collaboration between Vampisoul and Glossy Mistakes. First time vinyl reissue.","robots":{"index":"index","follow":"follow","max-snippet":"max-snippet:-1","max-image-preview":"max-image-preview:large","max-video-preview":"max-video-preview:-1"},"canonical":"https:\/\/wpguerssen-test.odoo.rgbconsulting.com\/es\/producto\/aquarius\/","og_locale":"es_ES","og_type":"article","og_title":"AQUARIUS - Aquarius -  (LP) | Guerssen","og_description":"An amazing bit of Brazilian samba funk that also touches on MPB, bossa nova, jazz. Originally released in 1976, this sought-after gem opens with the beautiful version of Burnier & Cartier's \"S\u00f3 Tem Lugar Pr\u00e1 Voc\u00ea\", building up a mellow, airy vibe that stays throughout the entire album. Vocal harmonies and arrangements and excellent guitar work are masterfully combined creating a joyful journey featuring the undisputed talent of Raymundo Bittencourt, Oct\u00e1vio Burnier and Paulo Moura. This release is the result of a collaboration between Vampisoul and Glossy Mistakes. First time vinyl reissue.","og_url":"https:\/\/wpguerssen-test.odoo.rgbconsulting.com\/es\/producto\/aquarius\/","og_site_name":"Guerssen records","article_modified_time":"2025-03-13T16:16:19+00:00","og_image":[{"width":1200,"height":1200,"url":"https:\/\/wpguerssen-test.odoo.rgbconsulting.com\/wp-content\/uploads\/2023\/05\/42687.jpg","type":"image\/jpeg"}],"twitter_card":"summary_large_image","twitter_title":"AQUARIUS - Aquarius -  (LP) | Guerssen","twitter_misc":{"Tiempo de lectura":"1 minuto"},"schema":{"@context":"https:\/\/schema.org","@graph":[{"@type":"WebPage","@id":"https:\/\/wpguerssen-test.odoo.rgbconsulting.com\/es\/producto\/aquarius\/","url":"https:\/\/wpguerssen-test.odoo.rgbconsulting.com\/es\/producto\/aquarius\/","name":"AQUARIUS - Aquarius - (LP) | Guerssen","isPartOf":{"@id":"https:\/\/wpguerssen-test.odoo.rgbconsulting.com\/es\/#website"},"primaryImageOfPage":{"@id":"https:\/\/wpguerssen-test.odoo.rgbconsulting.com\/es\/producto\/aquarius\/#primaryimage"},"image":{"@id":"https:\/\/wpguerssen-test.odoo.rgbconsulting.com\/es\/producto\/aquarius\/#primaryimage"},"thumbnailUrl":"https:\/\/wpguerssen-test.odoo.rgbconsulting.com\/wp-content\/uploads\/2023\/05\/42687.jpg","datePublished":"2025-01-23T23:00:00+00:00","dateModified":"2025-03-13T16:16:19+00:00","description":"An amazing bit of Brazilian samba funk that also touches on MPB, bossa nova, jazz. Originally released in 1976, this sought-after gem opens with the beautiful version of Burnier & Cartier's \"S\u00f3 Tem Lugar Pr\u00e1 Voc\u00ea\", building up a mellow, airy vibe that stays throughout the entire album. Vocal harmonies and arrangements and excellent guitar work are masterfully combined creating a joyful journey featuring the undisputed talent of Raymundo Bittencourt, Oct\u00e1vio Burnier and Paulo Moura. This release is the result of a collaboration between Vampisoul and Glossy Mistakes. First time vinyl reissue.","breadcrumb":{"@id":"https:\/\/wpguerssen-test.odoo.rgbconsulting.com\/es\/producto\/aquarius\/#breadcrumb"},"inLanguage":"es","potentialAction":[{"@type":"ReadAction","target":["https:\/\/wpguerssen-test.odoo.rgbconsulting.com\/es\/producto\/aquarius\/"]}]},{"@type":"ImageObject","inLanguage":"es","@id":"https:\/\/wpguerssen-test.odoo.rgbconsulting.com\/es\/producto\/aquarius\/#primaryimage","url":"https:\/\/wpguerssen-test.odoo.rgbconsulting.com\/wp-content\/uploads\/2023\/05\/42687.jpg","contentUrl":"https:\/\/wpguerssen-test.odoo.rgbconsulting.com\/wp-content\/uploads\/2023\/05\/42687.jpg","width":1200,"height":1200},{"@type":"BreadcrumbList","@id":"https:\/\/wpguerssen-test.odoo.rgbconsulting.com\/es\/producto\/aquarius\/#breadcrumb","itemListElement":[{"@type":"ListItem","position":1,"name":"Inicio","item":"https:\/\/wpguerssen-test.odoo.rgbconsulting.com\/es\/"},{"@type":"ListItem","position":2,"name":"Shop","item":"https:\/\/wpguerssen-test.odoo.rgbconsulting.com\/shop\/"},{"@type":"ListItem","position":3,"name":"Aquarius"}]},{"@type":"WebSite","@id":"https:\/\/wpguerssen-test.odoo.rgbconsulting.com\/es\/#website","url":"https:\/\/wpguerssen-test.odoo.rgbconsulting.com\/es\/","name":"Guerssen records","description":"psychedelia - progressive - folk - garage ","publisher":{"@id":"https:\/\/wpguerssen-test.odoo.rgbconsulting.com\/es\/#organization"},"potentialAction":[{"@type":"SearchAction","target":{"@type":"EntryPoint","urlTemplate":"https:\/\/wpguerssen-test.odoo.rgbconsulting.com\/es\/?s={search_term_string}"},"query-input":{"@type":"PropertyValueSpecification","valueRequired":true,"valueName":"search_term_string"}}],"inLanguage":"es"},{"@type":"Organization","@id":"https:\/\/wpguerssen-test.odoo.rgbconsulting.com\/es\/#organization","name":"Guerssen records","url":"https:\/\/wpguerssen-test.odoo.rgbconsulting.com\/es\/","logo":{"@type":"ImageObject","inLanguage":"es","@id":"https:\/\/wpguerssen-test.odoo.rgbconsulting.com\/es\/#\/schema\/logo\/image\/","url":"https:\/\/wpguerssen-test.odoo.rgbconsulting.com\/wp-content\/uploads\/2022\/04\/Logo_Guerssen_trans_100.png","contentUrl":"https:\/\/wpguerssen-test.odoo.rgbconsulting.com\/wp-content\/uploads\/2022\/04\/Logo_Guerssen_trans_100.png","width":122,"height":100,"caption":"Guerssen records"},"image":{"@id":"https:\/\/wpguerssen-test.odoo.rgbconsulting.com\/es\/#\/schema\/logo\/image\/"}}]}},"_links":{"self":[{"href":"https:\/\/wpguerssen-test.odoo.rgbconsulting.com\/es\/wp-json\/wp\/v2\/product\/225208","targetHints":{"allow":["GET"]}}],"collection":[{"href":"https:\/\/wpguerssen-test.odoo.rgbconsulting.com\/es\/wp-json\/wp\/v2\/product"}],"about":[{"href":"https:\/\/wpguerssen-test.odoo.rgbconsulting.com\/es\/wp-json\/wp\/v2\/types\/product"}],"wp:featuredmedia":[{"embeddable":true,"href":"https:\/\/wpguerssen-test.odoo.rgbconsulting.com\/es\/wp-json\/wp\/v2\/media\/232942"}],"wp:attachment":[{"href":"https:\/\/wpguerssen-test.odoo.rgbconsulting.com\/es\/wp-json\/wp\/v2\/media?parent=225208"}],"wp:term":[{"taxonomy":"product_brand","embeddable":true,"href":"https:\/\/wpguerssen-test.odoo.rgbconsulting.com\/es\/wp-json\/wp\/v2\/product_brand?post=225208"},{"taxonomy":"product_cat","embeddable":true,"href":"https:\/\/wpguerssen-test.odoo.rgbconsulting.com\/es\/wp-json\/wp\/v2\/product_cat?post=225208"},{"taxonomy":"product_tag","embeddable":true,"href":"https:\/\/wpguerssen-test.odoo.rgbconsulting.com\/es\/wp-json\/wp\/v2\/product_tag?post=225208"}],"curies":[{"name":"wp","href":"https:\/\/api.w.org\/{rel}","templated":true}]}}