{"id":225348,"date":"2023-02-27T00:00:00","date_gmt":"2023-02-26T23:00:00","guid":{"rendered":"https:\/\/wpguerssen-test.odoo.rgbconsulting.com\/product\/o-bem-do-amor\/"},"modified":"2025-01-30T16:53:04","modified_gmt":"2025-01-30T15:53:04","slug":"o-bem-do-amor","status":"publish","type":"product","link":"https:\/\/wpguerssen-test.odoo.rgbconsulting.com\/es\/producto\/o-bem-do-amor\/","title":{"rendered":"O Bem Do Amor"},"content":{"rendered":"<p>\u00a1Elis Regina una de las mejores int\u00e9rpretes brasile\u00f1as de todos los tiempos! Lanzado originalmente en 1963 cuando a\u00fan no ten\u00eda 20 a\u00f1os, este fue su cuarto \u00e1lbum y el segundo para Columbia Records. Todav\u00eda unos pasos antes de convertirse en una estrella, aqu\u00ed la voz fresca y extremadamente d\u00factil de Elis Regina brilla sobre los sofisticados arreglos de Jazz de Astor Silva y un repertorio mixto basado en encantadoras canciones rom\u00e1nticas y vibrantes sambas, todas compuestas por autores brasile\u00f1os, entre ellos un un par de destaques como \u00abSe Voc\u00ea. Quiser\u00bb de Baden Powell y \u00abO Ben do Amor\u00bb, el tema principal compuesto por el guitarrista Rildo Hora. Esta es una declaraci\u00f3n temprana y fina en el camino r\u00e1pido de Regina hacia la cima de la historia de la m\u00fasica brasile\u00f1a.<\/p>\n","protected":false},"excerpt":{"rendered":"<p>\u00a1Elis Regina una de las mejores int\u00e9rpretes brasile\u00f1as de todos los tiempos! Lanzado originalmente en 1963 cuando a\u00fan no ten\u00eda 20 a\u00f1os, este fue su cuarto \u00e1lbum<a class=\"read\" href=\"https:\/\/wpguerssen-test.odoo.rgbconsulting.com\/es\/producto\/o-bem-do-amor\/\"> (...)<\/a>","protected":false},"featured_media":225401,"template":"","meta":{"_acf_changed":false},"product_brand":[],"product_cat":[23231],"product_tag":[],"class_list":{"0":"post-225348","1":"product","2":"type-product","3":"status-publish","4":"has-post-thumbnail","6":"product_cat-latin-brazilian-es","7":"pa_artist-regina-elis","8":"pa_format-lp-es","9":"pa_gender-latin-brazilian","10":"pa_label-sowing-records","11":"pa_location-south-america-caribbean-es","12":"pa_other-filters-vinyl-only-es","14":"first","15":"instock","16":"taxable","17":"shipping-taxable","18":"purchasable","19":"product-type-simple"},"acf":[],"yoast_head":"<!-- This site is optimized with the Yoast SEO plugin v24.9 - https:\/\/yoast.com\/wordpress\/plugins\/seo\/ -->\n<title>REGINA, Elis - O Bem Do Amor -  (LP) | Guerssen<\/title>\n<meta name=\"description\" content=\"Elis Regina one of the greatest Brazilian interpreters of all time! Originally released in 1963 when she was not even 20 years old, this was her fourth album and second for Columbia records. Still a few steps before she became a star, here Elis Regina&#039;s fresh and extremely ductile voice shines on top of sophisticated Jazz arrangements by Astor Silva and a mixed repertoire based on charming romantic songs and vibrant sambas, all composed by Brazilian authors, among them a couple of highlights such as Baden Powell&#039;s &quot;Se Voc\u00ea. Quiser&quot; and &quot;O Ben do Amor&quot; the title track composed by guitarist Rildo Hora. This is an an early and fine statement in Regina&#039;s fast way to the peak of Brazilian music history.\" \/>\n<meta name=\"robots\" content=\"index, follow, max-snippet:-1, max-image-preview:large, max-video-preview:-1\" \/>\n<link rel=\"canonical\" href=\"https:\/\/wpguerssen-test.odoo.rgbconsulting.com\/es\/producto\/o-bem-do-amor\/\" \/>\n<meta property=\"og:locale\" content=\"es_ES\" \/>\n<meta property=\"og:type\" content=\"article\" \/>\n<meta property=\"og:title\" content=\"REGINA, Elis - O Bem Do Amor -  (LP) | Guerssen\" \/>\n<meta property=\"og:description\" content=\"Elis Regina one of the greatest Brazilian interpreters of all time! Originally released in 1963 when she was not even 20 years old, this was her fourth album and second for Columbia records. Still a few steps before she became a star, here Elis Regina&#039;s fresh and extremely ductile voice shines on top of sophisticated Jazz arrangements by Astor Silva and a mixed repertoire based on charming romantic songs and vibrant sambas, all composed by Brazilian authors, among them a couple of highlights such as Baden Powell&#039;s &quot;Se Voc\u00ea. Quiser&quot; and &quot;O Ben do Amor&quot; the title track composed by guitarist Rildo Hora. This is an an early and fine statement in Regina&#039;s fast way to the peak of Brazilian music history.\" \/>\n<meta property=\"og:url\" content=\"https:\/\/wpguerssen-test.odoo.rgbconsulting.com\/es\/producto\/o-bem-do-amor\/\" \/>\n<meta property=\"og:site_name\" content=\"Guerssen records\" \/>\n<meta property=\"article:modified_time\" content=\"2025-01-30T15:53:04+00:00\" \/>\n<meta property=\"og:image\" content=\"https:\/\/wpguerssen-test.odoo.rgbconsulting.com\/wp-content\/uploads\/2023\/01\/42742.jpg\" \/>\n\t<meta property=\"og:image:width\" content=\"1400\" \/>\n\t<meta property=\"og:image:height\" content=\"1400\" \/>\n\t<meta property=\"og:image:type\" content=\"image\/jpeg\" \/>\n<meta name=\"twitter:card\" content=\"summary_large_image\" \/>\n<meta name=\"twitter:title\" content=\"REGINA, Elis - O Bem Do Amor -  (LP) | Guerssen\" \/>\n<meta name=\"twitter:label1\" content=\"Tiempo de lectura\" \/>\n\t<meta name=\"twitter:data1\" content=\"1 minuto\" \/>\n<script type=\"application\/ld+json\" class=\"yoast-schema-graph\">{\"@context\":\"https:\/\/schema.org\",\"@graph\":[{\"@type\":\"WebPage\",\"@id\":\"https:\/\/wpguerssen-test.odoo.rgbconsulting.com\/es\/producto\/o-bem-do-amor\/\",\"url\":\"https:\/\/wpguerssen-test.odoo.rgbconsulting.com\/es\/producto\/o-bem-do-amor\/\",\"name\":\"REGINA, Elis - O Bem Do Amor - (LP) | Guerssen\",\"isPartOf\":{\"@id\":\"https:\/\/wpguerssen-test.odoo.rgbconsulting.com\/es\/#website\"},\"primaryImageOfPage\":{\"@id\":\"https:\/\/wpguerssen-test.odoo.rgbconsulting.com\/es\/producto\/o-bem-do-amor\/#primaryimage\"},\"image\":{\"@id\":\"https:\/\/wpguerssen-test.odoo.rgbconsulting.com\/es\/producto\/o-bem-do-amor\/#primaryimage\"},\"thumbnailUrl\":\"https:\/\/wpguerssen-test.odoo.rgbconsulting.com\/wp-content\/uploads\/2023\/01\/42742.jpg\",\"datePublished\":\"2023-02-26T23:00:00+00:00\",\"dateModified\":\"2025-01-30T15:53:04+00:00\",\"description\":\"Elis Regina one of the greatest Brazilian interpreters of all time! Originally released in 1963 when she was not even 20 years old, this was her fourth album and second for Columbia records. Still a few steps before she became a star, here Elis Regina's fresh and extremely ductile voice shines on top of sophisticated Jazz arrangements by Astor Silva and a mixed repertoire based on charming romantic songs and vibrant sambas, all composed by Brazilian authors, among them a couple of highlights such as Baden Powell's \\\"Se Voc\u00ea. Quiser\\\" and \\\"O Ben do Amor\\\" the title track composed by guitarist Rildo Hora. This is an an early and fine statement in Regina's fast way to the peak of Brazilian music history.\",\"breadcrumb\":{\"@id\":\"https:\/\/wpguerssen-test.odoo.rgbconsulting.com\/es\/producto\/o-bem-do-amor\/#breadcrumb\"},\"inLanguage\":\"es\",\"potentialAction\":[{\"@type\":\"ReadAction\",\"target\":[\"https:\/\/wpguerssen-test.odoo.rgbconsulting.com\/es\/producto\/o-bem-do-amor\/\"]}]},{\"@type\":\"ImageObject\",\"inLanguage\":\"es\",\"@id\":\"https:\/\/wpguerssen-test.odoo.rgbconsulting.com\/es\/producto\/o-bem-do-amor\/#primaryimage\",\"url\":\"https:\/\/wpguerssen-test.odoo.rgbconsulting.com\/wp-content\/uploads\/2023\/01\/42742.jpg\",\"contentUrl\":\"https:\/\/wpguerssen-test.odoo.rgbconsulting.com\/wp-content\/uploads\/2023\/01\/42742.jpg\",\"width\":1400,\"height\":1400,\"caption\":\"Elis - O Bem Do Amor - SOWING RECORDS (LP) | Guerssen\"},{\"@type\":\"BreadcrumbList\",\"@id\":\"https:\/\/wpguerssen-test.odoo.rgbconsulting.com\/es\/producto\/o-bem-do-amor\/#breadcrumb\",\"itemListElement\":[{\"@type\":\"ListItem\",\"position\":1,\"name\":\"Inicio\",\"item\":\"https:\/\/wpguerssen-test.odoo.rgbconsulting.com\/es\/\"},{\"@type\":\"ListItem\",\"position\":2,\"name\":\"Shop\",\"item\":\"https:\/\/wpguerssen-test.odoo.rgbconsulting.com\/shop\/\"},{\"@type\":\"ListItem\",\"position\":3,\"name\":\"O Bem Do Amor\"}]},{\"@type\":\"WebSite\",\"@id\":\"https:\/\/wpguerssen-test.odoo.rgbconsulting.com\/es\/#website\",\"url\":\"https:\/\/wpguerssen-test.odoo.rgbconsulting.com\/es\/\",\"name\":\"Guerssen records\",\"description\":\"psychedelia - progressive - folk - garage \",\"publisher\":{\"@id\":\"https:\/\/wpguerssen-test.odoo.rgbconsulting.com\/es\/#organization\"},\"potentialAction\":[{\"@type\":\"SearchAction\",\"target\":{\"@type\":\"EntryPoint\",\"urlTemplate\":\"https:\/\/wpguerssen-test.odoo.rgbconsulting.com\/es\/?s={search_term_string}\"},\"query-input\":{\"@type\":\"PropertyValueSpecification\",\"valueRequired\":true,\"valueName\":\"search_term_string\"}}],\"inLanguage\":\"es\"},{\"@type\":\"Organization\",\"@id\":\"https:\/\/wpguerssen-test.odoo.rgbconsulting.com\/es\/#organization\",\"name\":\"Guerssen records\",\"url\":\"https:\/\/wpguerssen-test.odoo.rgbconsulting.com\/es\/\",\"logo\":{\"@type\":\"ImageObject\",\"inLanguage\":\"es\",\"@id\":\"https:\/\/wpguerssen-test.odoo.rgbconsulting.com\/es\/#\/schema\/logo\/image\/\",\"url\":\"https:\/\/wpguerssen-test.odoo.rgbconsulting.com\/wp-content\/uploads\/2022\/04\/Logo_Guerssen_trans_100.png\",\"contentUrl\":\"https:\/\/wpguerssen-test.odoo.rgbconsulting.com\/wp-content\/uploads\/2022\/04\/Logo_Guerssen_trans_100.png\",\"width\":122,\"height\":100,\"caption\":\"Guerssen records\"},\"image\":{\"@id\":\"https:\/\/wpguerssen-test.odoo.rgbconsulting.com\/es\/#\/schema\/logo\/image\/\"}}]}<\/script>\n<!-- \/ Yoast SEO plugin. -->","yoast_head_json":{"title":"REGINA, Elis - O Bem Do Amor -  (LP) | Guerssen","description":"Elis Regina one of the greatest Brazilian interpreters of all time! Originally released in 1963 when she was not even 20 years old, this was her fourth album and second for Columbia records. Still a few steps before she became a star, here Elis Regina's fresh and extremely ductile voice shines on top of sophisticated Jazz arrangements by Astor Silva and a mixed repertoire based on charming romantic songs and vibrant sambas, all composed by Brazilian authors, among them a couple of highlights such as Baden Powell's \"Se Voc\u00ea. Quiser\" and \"O Ben do Amor\" the title track composed by guitarist Rildo Hora. This is an an early and fine statement in Regina's fast way to the peak of Brazilian music history.","robots":{"index":"index","follow":"follow","max-snippet":"max-snippet:-1","max-image-preview":"max-image-preview:large","max-video-preview":"max-video-preview:-1"},"canonical":"https:\/\/wpguerssen-test.odoo.rgbconsulting.com\/es\/producto\/o-bem-do-amor\/","og_locale":"es_ES","og_type":"article","og_title":"REGINA, Elis - O Bem Do Amor -  (LP) | Guerssen","og_description":"Elis Regina one of the greatest Brazilian interpreters of all time! Originally released in 1963 when she was not even 20 years old, this was her fourth album and second for Columbia records. Still a few steps before she became a star, here Elis Regina's fresh and extremely ductile voice shines on top of sophisticated Jazz arrangements by Astor Silva and a mixed repertoire based on charming romantic songs and vibrant sambas, all composed by Brazilian authors, among them a couple of highlights such as Baden Powell's \"Se Voc\u00ea. Quiser\" and \"O Ben do Amor\" the title track composed by guitarist Rildo Hora. This is an an early and fine statement in Regina's fast way to the peak of Brazilian music history.","og_url":"https:\/\/wpguerssen-test.odoo.rgbconsulting.com\/es\/producto\/o-bem-do-amor\/","og_site_name":"Guerssen records","article_modified_time":"2025-01-30T15:53:04+00:00","og_image":[{"width":1400,"height":1400,"url":"https:\/\/wpguerssen-test.odoo.rgbconsulting.com\/wp-content\/uploads\/2023\/01\/42742.jpg","type":"image\/jpeg"}],"twitter_card":"summary_large_image","twitter_title":"REGINA, Elis - O Bem Do Amor -  (LP) | Guerssen","twitter_misc":{"Tiempo de lectura":"1 minuto"},"schema":{"@context":"https:\/\/schema.org","@graph":[{"@type":"WebPage","@id":"https:\/\/wpguerssen-test.odoo.rgbconsulting.com\/es\/producto\/o-bem-do-amor\/","url":"https:\/\/wpguerssen-test.odoo.rgbconsulting.com\/es\/producto\/o-bem-do-amor\/","name":"REGINA, Elis - O Bem Do Amor - (LP) | Guerssen","isPartOf":{"@id":"https:\/\/wpguerssen-test.odoo.rgbconsulting.com\/es\/#website"},"primaryImageOfPage":{"@id":"https:\/\/wpguerssen-test.odoo.rgbconsulting.com\/es\/producto\/o-bem-do-amor\/#primaryimage"},"image":{"@id":"https:\/\/wpguerssen-test.odoo.rgbconsulting.com\/es\/producto\/o-bem-do-amor\/#primaryimage"},"thumbnailUrl":"https:\/\/wpguerssen-test.odoo.rgbconsulting.com\/wp-content\/uploads\/2023\/01\/42742.jpg","datePublished":"2023-02-26T23:00:00+00:00","dateModified":"2025-01-30T15:53:04+00:00","description":"Elis Regina one of the greatest Brazilian interpreters of all time! Originally released in 1963 when she was not even 20 years old, this was her fourth album and second for Columbia records. Still a few steps before she became a star, here Elis Regina's fresh and extremely ductile voice shines on top of sophisticated Jazz arrangements by Astor Silva and a mixed repertoire based on charming romantic songs and vibrant sambas, all composed by Brazilian authors, among them a couple of highlights such as Baden Powell's \"Se Voc\u00ea. Quiser\" and \"O Ben do Amor\" the title track composed by guitarist Rildo Hora. This is an an early and fine statement in Regina's fast way to the peak of Brazilian music history.","breadcrumb":{"@id":"https:\/\/wpguerssen-test.odoo.rgbconsulting.com\/es\/producto\/o-bem-do-amor\/#breadcrumb"},"inLanguage":"es","potentialAction":[{"@type":"ReadAction","target":["https:\/\/wpguerssen-test.odoo.rgbconsulting.com\/es\/producto\/o-bem-do-amor\/"]}]},{"@type":"ImageObject","inLanguage":"es","@id":"https:\/\/wpguerssen-test.odoo.rgbconsulting.com\/es\/producto\/o-bem-do-amor\/#primaryimage","url":"https:\/\/wpguerssen-test.odoo.rgbconsulting.com\/wp-content\/uploads\/2023\/01\/42742.jpg","contentUrl":"https:\/\/wpguerssen-test.odoo.rgbconsulting.com\/wp-content\/uploads\/2023\/01\/42742.jpg","width":1400,"height":1400,"caption":"Elis - O Bem Do Amor - SOWING RECORDS (LP) | Guerssen"},{"@type":"BreadcrumbList","@id":"https:\/\/wpguerssen-test.odoo.rgbconsulting.com\/es\/producto\/o-bem-do-amor\/#breadcrumb","itemListElement":[{"@type":"ListItem","position":1,"name":"Inicio","item":"https:\/\/wpguerssen-test.odoo.rgbconsulting.com\/es\/"},{"@type":"ListItem","position":2,"name":"Shop","item":"https:\/\/wpguerssen-test.odoo.rgbconsulting.com\/shop\/"},{"@type":"ListItem","position":3,"name":"O Bem Do Amor"}]},{"@type":"WebSite","@id":"https:\/\/wpguerssen-test.odoo.rgbconsulting.com\/es\/#website","url":"https:\/\/wpguerssen-test.odoo.rgbconsulting.com\/es\/","name":"Guerssen records","description":"psychedelia - progressive - folk - garage ","publisher":{"@id":"https:\/\/wpguerssen-test.odoo.rgbconsulting.com\/es\/#organization"},"potentialAction":[{"@type":"SearchAction","target":{"@type":"EntryPoint","urlTemplate":"https:\/\/wpguerssen-test.odoo.rgbconsulting.com\/es\/?s={search_term_string}"},"query-input":{"@type":"PropertyValueSpecification","valueRequired":true,"valueName":"search_term_string"}}],"inLanguage":"es"},{"@type":"Organization","@id":"https:\/\/wpguerssen-test.odoo.rgbconsulting.com\/es\/#organization","name":"Guerssen records","url":"https:\/\/wpguerssen-test.odoo.rgbconsulting.com\/es\/","logo":{"@type":"ImageObject","inLanguage":"es","@id":"https:\/\/wpguerssen-test.odoo.rgbconsulting.com\/es\/#\/schema\/logo\/image\/","url":"https:\/\/wpguerssen-test.odoo.rgbconsulting.com\/wp-content\/uploads\/2022\/04\/Logo_Guerssen_trans_100.png","contentUrl":"https:\/\/wpguerssen-test.odoo.rgbconsulting.com\/wp-content\/uploads\/2022\/04\/Logo_Guerssen_trans_100.png","width":122,"height":100,"caption":"Guerssen records"},"image":{"@id":"https:\/\/wpguerssen-test.odoo.rgbconsulting.com\/es\/#\/schema\/logo\/image\/"}}]}},"_links":{"self":[{"href":"https:\/\/wpguerssen-test.odoo.rgbconsulting.com\/es\/wp-json\/wp\/v2\/product\/225348","targetHints":{"allow":["GET"]}}],"collection":[{"href":"https:\/\/wpguerssen-test.odoo.rgbconsulting.com\/es\/wp-json\/wp\/v2\/product"}],"about":[{"href":"https:\/\/wpguerssen-test.odoo.rgbconsulting.com\/es\/wp-json\/wp\/v2\/types\/product"}],"wp:featuredmedia":[{"embeddable":true,"href":"https:\/\/wpguerssen-test.odoo.rgbconsulting.com\/es\/wp-json\/wp\/v2\/media\/225401"}],"wp:attachment":[{"href":"https:\/\/wpguerssen-test.odoo.rgbconsulting.com\/es\/wp-json\/wp\/v2\/media?parent=225348"}],"wp:term":[{"taxonomy":"product_brand","embeddable":true,"href":"https:\/\/wpguerssen-test.odoo.rgbconsulting.com\/es\/wp-json\/wp\/v2\/product_brand?post=225348"},{"taxonomy":"product_cat","embeddable":true,"href":"https:\/\/wpguerssen-test.odoo.rgbconsulting.com\/es\/wp-json\/wp\/v2\/product_cat?post=225348"},{"taxonomy":"product_tag","embeddable":true,"href":"https:\/\/wpguerssen-test.odoo.rgbconsulting.com\/es\/wp-json\/wp\/v2\/product_tag?post=225348"}],"curies":[{"name":"wp","href":"https:\/\/api.w.org\/{rel}","templated":true}]}}