{"id":225349,"date":"2023-02-13T00:00:00","date_gmt":"2023-02-12T23:00:00","guid":{"rendered":"https:\/\/wpguerssen-test.odoo.rgbconsulting.com\/product\/jazz-in-brazil\/"},"modified":"2024-10-29T16:33:17","modified_gmt":"2024-10-29T15:33:17","slug":"jazz-in-brazil","status":"publish","type":"product","link":"https:\/\/wpguerssen-test.odoo.rgbconsulting.com\/es\/producto\/jazz-in-brazil\/","title":{"rendered":"Jazz In Brazil"},"content":{"rendered":"<p>La fruct\u00edfera relaci\u00f3n entre la m\u00fasica brasile\u00f1a y el jazz estadounidense se concret\u00f3 entre mediados de los a\u00f1os cincuenta y sesenta. Este result\u00f3 ser uno de los encuentros m\u00e1s prol\u00edficos en la historia de la m\u00fasica popular. Dos culturas musicales que todav\u00eda resuenan hoy en d\u00eda como una combinaci\u00f3n atemporal de elementos. Ahora, si tiene ganas de experimentar el sabor \u00fanico de este matrimonio musical, esta compilaci\u00f3n es el lugar adecuado para comenzar. Esta es una gran selecci\u00f3n de melod\u00edas de jazz con sabor brasile\u00f1o interpretadas por los mejores artistas brasile\u00f1os como Sergio Mendes, Bola Sete, Baden Powell y Tamba Trio, incluidos est\u00e1ndares cl\u00e1sicos como \u00abI Got Rhythm\u00bb de Gershwin, \u00abLove for sales\u00bb de Cole Porter. y \u00abEl sue\u00f1o de Nica\u00bb de Horace Silver.<br \/>Side A 1 Dick Farney &#8211; I Got Rhythm (1956) 6:23 (G. &#038; I. Gershwin) 2 Brazilian Jazz Quartet &#8211; Copacabana (1958) 5:51 (A. Ribeiro-J. De Barro) 3 Rubens Bassini E Os 11 Magnificos &#8211; Love For Sale (1961) 2:46 (C. Porter) 4 Sergio Mendes &#8211; Nica&#8217;s Dream (1961) 2:47 (H. Silver) 5 Baden Powell (feat. MOACYR SANTOS) &#8211; Coisa No.2 (1963) 2:55 (M. Santos)<br \/>Side B 1 Bola Sete &#8211; Samba In The Perrotoquei (1962) 2:50 (D. Ferreira) 2 Ed Lincoln &#8211; Influ\u00eancia Do Jazz (1963) 2:40 (C. Lyra) 3 Milton Banana &#038; The Oscar Castro Neves Quintet &#8211; O Menino Desce O Morro (1963) 2:49 (M. DeRosa-V. Brasil) 4 Jo\u00e3o Donato &#8211; O Morro N\u00e3o Tem Vez (1963) 3:25 (A.C. Jobim-V. De Moraes) 5 Os Cobras &#8211; Nan\u00e3 (1963) 3:37 (M. Santos-C. Mello) 6 Tamba Trio &#8211; Esperan\u00e7a (1963) 3:04 (D. Ferreira-L.F. Freire-M. Einhorn)<\/p>\n","protected":false},"excerpt":{"rendered":"<p>La fruct\u00edfera relaci\u00f3n entre la m\u00fasica brasile\u00f1a y el jazz estadounidense se concret\u00f3 entre mediados de los a\u00f1os cincuenta y sesenta. Este result\u00f3 ser uno de<a class=\"read\" href=\"https:\/\/wpguerssen-test.odoo.rgbconsulting.com\/es\/producto\/jazz-in-brazil\/\"> (...)<\/a>","protected":false},"featured_media":225403,"template":"","meta":{"_acf_changed":false},"product_brand":[],"product_cat":[23231,23227],"product_tag":[24190],"class_list":{"0":"post-225349","1":"product","2":"type-product","3":"status-publish","4":"has-post-thumbnail","6":"product_cat-latin-brazilian-es","7":"product_cat-jazz-es","8":"product_tag-sales-es","9":"pa_artist-various-artists-es","10":"pa_format-lp-es","11":"pa_gender-jazz-latin-brazilian","12":"pa_label-honeypie","13":"pa_location-europe-es","14":"pa_other-filters-vinyl-only-es","16":"first","17":"instock","18":"taxable","19":"shipping-taxable","20":"purchasable","21":"product-type-simple"},"acf":[],"yoast_head":"<!-- This site is optimized with the Yoast SEO plugin v24.9 - https:\/\/yoast.com\/wordpress\/plugins\/seo\/ -->\n<title>VARIOUS ARTISTS - Jazz In Brazil -  (LP) | Guerssen<\/title>\n<meta name=\"description\" content=\"The fruitful relationship between Brazilian music and American Jazz took shape between the mid Fifties and the Sixties. This turned out to be one of the most prolific meetings in the history of popular music. Two music cultures that are still resonating today as a timeless combination of elements. Now if you feel like getting through the unique flavour of such musical marriage this compilation is the right place to start. This is a great selection of Brazilian flavoured Jazz tunes performed by top Brazilian artists of the likes of Sergio Mendes, Bola Sete, Baden Powell and Tamba Trio, including classic standards such as Gershwin&#039;s &quot;I Got Rhythm&quot;, Cole Porter&#039;s &quot;Love for sales&quot; and Horace Silver&#039;s &quot;Nica&#039;s Dream&quot;.Side A 1 Dick Farney - I Got Rhythm (1956) 6:23 (G. &amp; I. Gershwin) 2 Brazilian Jazz Quartet - Copacabana (1958) 5:51 (A. Ribeiro-J. De Barro) 3 Rubens Bassini E Os 11 Magnificos - Love For Sale (1961) 2:46 (C. Porter) 4 Sergio Mendes - Nica&#039;s Dream (1961) 2:47 (H. Silver) 5 Baden Powell (feat. MOACYR SANTOS) - Coisa No.2 (1963) 2:55 (M. Santos)Side B 1 Bola Sete - Samba In The Perrotoquei (1962) 2:50 (D. Ferreira) 2 Ed Lincoln - Influ\u00eancia Do Jazz (1963) 2:40 (C. Lyra) 3 Milton Banana &amp; The Oscar Castro Neves Quintet - O Menino Desce O Morro (1963) 2:49 (M. DeRosa-V. Brasil) 4 Jo\u00e3o Donato - O Morro N\u00e3o Tem Vez (1963) 3:25 (A.C. Jobim-V. De Moraes) 5 Os Cobras - Nan\u00e3 (1963) 3:37 (M. Santos-C. Mello) 6 Tamba Trio - Esperan\u00e7a (1963) 3:04 (D. Ferreira-L.F. Freire-M. Einhorn)\" \/>\n<meta name=\"robots\" content=\"index, follow, max-snippet:-1, max-image-preview:large, max-video-preview:-1\" \/>\n<link rel=\"canonical\" href=\"https:\/\/wpguerssen-test.odoo.rgbconsulting.com\/es\/producto\/jazz-in-brazil\/\" \/>\n<meta property=\"og:locale\" content=\"es_ES\" \/>\n<meta property=\"og:type\" content=\"article\" \/>\n<meta property=\"og:title\" content=\"VARIOUS ARTISTS - Jazz In Brazil -  (LP) | Guerssen\" \/>\n<meta property=\"og:description\" content=\"The fruitful relationship between Brazilian music and American Jazz took shape between the mid Fifties and the Sixties. This turned out to be one of the most prolific meetings in the history of popular music. Two music cultures that are still resonating today as a timeless combination of elements. Now if you feel like getting through the unique flavour of such musical marriage this compilation is the right place to start. This is a great selection of Brazilian flavoured Jazz tunes performed by top Brazilian artists of the likes of Sergio Mendes, Bola Sete, Baden Powell and Tamba Trio, including classic standards such as Gershwin&#039;s &quot;I Got Rhythm&quot;, Cole Porter&#039;s &quot;Love for sales&quot; and Horace Silver&#039;s &quot;Nica&#039;s Dream&quot;.Side A 1 Dick Farney - I Got Rhythm (1956) 6:23 (G. &amp; I. Gershwin) 2 Brazilian Jazz Quartet - Copacabana (1958) 5:51 (A. Ribeiro-J. De Barro) 3 Rubens Bassini E Os 11 Magnificos - Love For Sale (1961) 2:46 (C. Porter) 4 Sergio Mendes - Nica&#039;s Dream (1961) 2:47 (H. Silver) 5 Baden Powell (feat. MOACYR SANTOS) - Coisa No.2 (1963) 2:55 (M. Santos)Side B 1 Bola Sete - Samba In The Perrotoquei (1962) 2:50 (D. Ferreira) 2 Ed Lincoln - Influ\u00eancia Do Jazz (1963) 2:40 (C. Lyra) 3 Milton Banana &amp; The Oscar Castro Neves Quintet - O Menino Desce O Morro (1963) 2:49 (M. DeRosa-V. Brasil) 4 Jo\u00e3o Donato - O Morro N\u00e3o Tem Vez (1963) 3:25 (A.C. Jobim-V. De Moraes) 5 Os Cobras - Nan\u00e3 (1963) 3:37 (M. Santos-C. Mello) 6 Tamba Trio - Esperan\u00e7a (1963) 3:04 (D. Ferreira-L.F. Freire-M. Einhorn)\" \/>\n<meta property=\"og:url\" content=\"https:\/\/wpguerssen-test.odoo.rgbconsulting.com\/es\/producto\/jazz-in-brazil\/\" \/>\n<meta property=\"og:site_name\" content=\"Guerssen records\" \/>\n<meta property=\"article:modified_time\" content=\"2024-10-29T15:33:17+00:00\" \/>\n<meta property=\"og:image\" content=\"https:\/\/wpguerssen-test.odoo.rgbconsulting.com\/wp-content\/uploads\/2023\/01\/42743-scaled.jpg\" \/>\n\t<meta property=\"og:image:width\" content=\"2560\" \/>\n\t<meta property=\"og:image:height\" content=\"2560\" \/>\n\t<meta property=\"og:image:type\" content=\"image\/jpeg\" \/>\n<meta name=\"twitter:card\" content=\"summary_large_image\" \/>\n<meta name=\"twitter:title\" content=\"VARIOUS ARTISTS - Jazz In Brazil -  (LP) | Guerssen\" \/>\n<meta name=\"twitter:label1\" content=\"Tiempo de lectura\" \/>\n\t<meta name=\"twitter:data1\" content=\"1 minuto\" \/>\n<script type=\"application\/ld+json\" class=\"yoast-schema-graph\">{\"@context\":\"https:\/\/schema.org\",\"@graph\":[{\"@type\":\"WebPage\",\"@id\":\"https:\/\/wpguerssen-test.odoo.rgbconsulting.com\/es\/producto\/jazz-in-brazil\/\",\"url\":\"https:\/\/wpguerssen-test.odoo.rgbconsulting.com\/es\/producto\/jazz-in-brazil\/\",\"name\":\"VARIOUS ARTISTS - Jazz In Brazil - (LP) | Guerssen\",\"isPartOf\":{\"@id\":\"https:\/\/wpguerssen-test.odoo.rgbconsulting.com\/es\/#website\"},\"primaryImageOfPage\":{\"@id\":\"https:\/\/wpguerssen-test.odoo.rgbconsulting.com\/es\/producto\/jazz-in-brazil\/#primaryimage\"},\"image\":{\"@id\":\"https:\/\/wpguerssen-test.odoo.rgbconsulting.com\/es\/producto\/jazz-in-brazil\/#primaryimage\"},\"thumbnailUrl\":\"https:\/\/wpguerssen-test.odoo.rgbconsulting.com\/wp-content\/uploads\/2023\/01\/42743-scaled.jpg\",\"datePublished\":\"2023-02-12T23:00:00+00:00\",\"dateModified\":\"2024-10-29T15:33:17+00:00\",\"description\":\"The fruitful relationship between Brazilian music and American Jazz took shape between the mid Fifties and the Sixties. This turned out to be one of the most prolific meetings in the history of popular music. Two music cultures that are still resonating today as a timeless combination of elements. Now if you feel like getting through the unique flavour of such musical marriage this compilation is the right place to start. This is a great selection of Brazilian flavoured Jazz tunes performed by top Brazilian artists of the likes of Sergio Mendes, Bola Sete, Baden Powell and Tamba Trio, including classic standards such as Gershwin's \\\"I Got Rhythm\\\", Cole Porter's \\\"Love for sales\\\" and Horace Silver's \\\"Nica's Dream\\\".Side A 1 Dick Farney - I Got Rhythm (1956) 6:23 (G. & I. Gershwin) 2 Brazilian Jazz Quartet - Copacabana (1958) 5:51 (A. Ribeiro-J. De Barro) 3 Rubens Bassini E Os 11 Magnificos - Love For Sale (1961) 2:46 (C. Porter) 4 Sergio Mendes - Nica's Dream (1961) 2:47 (H. Silver) 5 Baden Powell (feat. MOACYR SANTOS) - Coisa No.2 (1963) 2:55 (M. Santos)Side B 1 Bola Sete - Samba In The Perrotoquei (1962) 2:50 (D. Ferreira) 2 Ed Lincoln - Influ\u00eancia Do Jazz (1963) 2:40 (C. Lyra) 3 Milton Banana & The Oscar Castro Neves Quintet - O Menino Desce O Morro (1963) 2:49 (M. DeRosa-V. Brasil) 4 Jo\u00e3o Donato - O Morro N\u00e3o Tem Vez (1963) 3:25 (A.C. Jobim-V. De Moraes) 5 Os Cobras - Nan\u00e3 (1963) 3:37 (M. Santos-C. Mello) 6 Tamba Trio - Esperan\u00e7a (1963) 3:04 (D. Ferreira-L.F. Freire-M. Einhorn)\",\"breadcrumb\":{\"@id\":\"https:\/\/wpguerssen-test.odoo.rgbconsulting.com\/es\/producto\/jazz-in-brazil\/#breadcrumb\"},\"inLanguage\":\"es\",\"potentialAction\":[{\"@type\":\"ReadAction\",\"target\":[\"https:\/\/wpguerssen-test.odoo.rgbconsulting.com\/es\/producto\/jazz-in-brazil\/\"]}]},{\"@type\":\"ImageObject\",\"inLanguage\":\"es\",\"@id\":\"https:\/\/wpguerssen-test.odoo.rgbconsulting.com\/es\/producto\/jazz-in-brazil\/#primaryimage\",\"url\":\"https:\/\/wpguerssen-test.odoo.rgbconsulting.com\/wp-content\/uploads\/2023\/01\/42743-scaled.jpg\",\"contentUrl\":\"https:\/\/wpguerssen-test.odoo.rgbconsulting.com\/wp-content\/uploads\/2023\/01\/42743-scaled.jpg\",\"width\":2560,\"height\":2560},{\"@type\":\"BreadcrumbList\",\"@id\":\"https:\/\/wpguerssen-test.odoo.rgbconsulting.com\/es\/producto\/jazz-in-brazil\/#breadcrumb\",\"itemListElement\":[{\"@type\":\"ListItem\",\"position\":1,\"name\":\"Inicio\",\"item\":\"https:\/\/wpguerssen-test.odoo.rgbconsulting.com\/es\/\"},{\"@type\":\"ListItem\",\"position\":2,\"name\":\"Shop\",\"item\":\"https:\/\/wpguerssen-test.odoo.rgbconsulting.com\/shop\/\"},{\"@type\":\"ListItem\",\"position\":3,\"name\":\"Jazz In Brazil\"}]},{\"@type\":\"WebSite\",\"@id\":\"https:\/\/wpguerssen-test.odoo.rgbconsulting.com\/es\/#website\",\"url\":\"https:\/\/wpguerssen-test.odoo.rgbconsulting.com\/es\/\",\"name\":\"Guerssen records\",\"description\":\"psychedelia - progressive - folk - garage \",\"publisher\":{\"@id\":\"https:\/\/wpguerssen-test.odoo.rgbconsulting.com\/es\/#organization\"},\"potentialAction\":[{\"@type\":\"SearchAction\",\"target\":{\"@type\":\"EntryPoint\",\"urlTemplate\":\"https:\/\/wpguerssen-test.odoo.rgbconsulting.com\/es\/?s={search_term_string}\"},\"query-input\":{\"@type\":\"PropertyValueSpecification\",\"valueRequired\":true,\"valueName\":\"search_term_string\"}}],\"inLanguage\":\"es\"},{\"@type\":\"Organization\",\"@id\":\"https:\/\/wpguerssen-test.odoo.rgbconsulting.com\/es\/#organization\",\"name\":\"Guerssen records\",\"url\":\"https:\/\/wpguerssen-test.odoo.rgbconsulting.com\/es\/\",\"logo\":{\"@type\":\"ImageObject\",\"inLanguage\":\"es\",\"@id\":\"https:\/\/wpguerssen-test.odoo.rgbconsulting.com\/es\/#\/schema\/logo\/image\/\",\"url\":\"https:\/\/wpguerssen-test.odoo.rgbconsulting.com\/wp-content\/uploads\/2022\/04\/Logo_Guerssen_trans_100.png\",\"contentUrl\":\"https:\/\/wpguerssen-test.odoo.rgbconsulting.com\/wp-content\/uploads\/2022\/04\/Logo_Guerssen_trans_100.png\",\"width\":122,\"height\":100,\"caption\":\"Guerssen records\"},\"image\":{\"@id\":\"https:\/\/wpguerssen-test.odoo.rgbconsulting.com\/es\/#\/schema\/logo\/image\/\"}}]}<\/script>\n<!-- \/ Yoast SEO plugin. -->","yoast_head_json":{"title":"VARIOUS ARTISTS - Jazz In Brazil -  (LP) | Guerssen","description":"The fruitful relationship between Brazilian music and American Jazz took shape between the mid Fifties and the Sixties. This turned out to be one of the most prolific meetings in the history of popular music. Two music cultures that are still resonating today as a timeless combination of elements. Now if you feel like getting through the unique flavour of such musical marriage this compilation is the right place to start. This is a great selection of Brazilian flavoured Jazz tunes performed by top Brazilian artists of the likes of Sergio Mendes, Bola Sete, Baden Powell and Tamba Trio, including classic standards such as Gershwin's \"I Got Rhythm\", Cole Porter's \"Love for sales\" and Horace Silver's \"Nica's Dream\".Side A 1 Dick Farney - I Got Rhythm (1956) 6:23 (G. & I. Gershwin) 2 Brazilian Jazz Quartet - Copacabana (1958) 5:51 (A. Ribeiro-J. De Barro) 3 Rubens Bassini E Os 11 Magnificos - Love For Sale (1961) 2:46 (C. Porter) 4 Sergio Mendes - Nica's Dream (1961) 2:47 (H. Silver) 5 Baden Powell (feat. MOACYR SANTOS) - Coisa No.2 (1963) 2:55 (M. Santos)Side B 1 Bola Sete - Samba In The Perrotoquei (1962) 2:50 (D. Ferreira) 2 Ed Lincoln - Influ\u00eancia Do Jazz (1963) 2:40 (C. Lyra) 3 Milton Banana & The Oscar Castro Neves Quintet - O Menino Desce O Morro (1963) 2:49 (M. DeRosa-V. Brasil) 4 Jo\u00e3o Donato - O Morro N\u00e3o Tem Vez (1963) 3:25 (A.C. Jobim-V. De Moraes) 5 Os Cobras - Nan\u00e3 (1963) 3:37 (M. Santos-C. Mello) 6 Tamba Trio - Esperan\u00e7a (1963) 3:04 (D. Ferreira-L.F. Freire-M. Einhorn)","robots":{"index":"index","follow":"follow","max-snippet":"max-snippet:-1","max-image-preview":"max-image-preview:large","max-video-preview":"max-video-preview:-1"},"canonical":"https:\/\/wpguerssen-test.odoo.rgbconsulting.com\/es\/producto\/jazz-in-brazil\/","og_locale":"es_ES","og_type":"article","og_title":"VARIOUS ARTISTS - Jazz In Brazil -  (LP) | Guerssen","og_description":"The fruitful relationship between Brazilian music and American Jazz took shape between the mid Fifties and the Sixties. This turned out to be one of the most prolific meetings in the history of popular music. Two music cultures that are still resonating today as a timeless combination of elements. Now if you feel like getting through the unique flavour of such musical marriage this compilation is the right place to start. This is a great selection of Brazilian flavoured Jazz tunes performed by top Brazilian artists of the likes of Sergio Mendes, Bola Sete, Baden Powell and Tamba Trio, including classic standards such as Gershwin's \"I Got Rhythm\", Cole Porter's \"Love for sales\" and Horace Silver's \"Nica's Dream\".Side A 1 Dick Farney - I Got Rhythm (1956) 6:23 (G. & I. Gershwin) 2 Brazilian Jazz Quartet - Copacabana (1958) 5:51 (A. Ribeiro-J. De Barro) 3 Rubens Bassini E Os 11 Magnificos - Love For Sale (1961) 2:46 (C. Porter) 4 Sergio Mendes - Nica's Dream (1961) 2:47 (H. Silver) 5 Baden Powell (feat. MOACYR SANTOS) - Coisa No.2 (1963) 2:55 (M. Santos)Side B 1 Bola Sete - Samba In The Perrotoquei (1962) 2:50 (D. Ferreira) 2 Ed Lincoln - Influ\u00eancia Do Jazz (1963) 2:40 (C. Lyra) 3 Milton Banana & The Oscar Castro Neves Quintet - O Menino Desce O Morro (1963) 2:49 (M. DeRosa-V. Brasil) 4 Jo\u00e3o Donato - O Morro N\u00e3o Tem Vez (1963) 3:25 (A.C. Jobim-V. De Moraes) 5 Os Cobras - Nan\u00e3 (1963) 3:37 (M. Santos-C. Mello) 6 Tamba Trio - Esperan\u00e7a (1963) 3:04 (D. Ferreira-L.F. Freire-M. Einhorn)","og_url":"https:\/\/wpguerssen-test.odoo.rgbconsulting.com\/es\/producto\/jazz-in-brazil\/","og_site_name":"Guerssen records","article_modified_time":"2024-10-29T15:33:17+00:00","og_image":[{"width":2560,"height":2560,"url":"https:\/\/wpguerssen-test.odoo.rgbconsulting.com\/wp-content\/uploads\/2023\/01\/42743-scaled.jpg","type":"image\/jpeg"}],"twitter_card":"summary_large_image","twitter_title":"VARIOUS ARTISTS - Jazz In Brazil -  (LP) | Guerssen","twitter_misc":{"Tiempo de lectura":"1 minuto"},"schema":{"@context":"https:\/\/schema.org","@graph":[{"@type":"WebPage","@id":"https:\/\/wpguerssen-test.odoo.rgbconsulting.com\/es\/producto\/jazz-in-brazil\/","url":"https:\/\/wpguerssen-test.odoo.rgbconsulting.com\/es\/producto\/jazz-in-brazil\/","name":"VARIOUS ARTISTS - Jazz In Brazil - (LP) | Guerssen","isPartOf":{"@id":"https:\/\/wpguerssen-test.odoo.rgbconsulting.com\/es\/#website"},"primaryImageOfPage":{"@id":"https:\/\/wpguerssen-test.odoo.rgbconsulting.com\/es\/producto\/jazz-in-brazil\/#primaryimage"},"image":{"@id":"https:\/\/wpguerssen-test.odoo.rgbconsulting.com\/es\/producto\/jazz-in-brazil\/#primaryimage"},"thumbnailUrl":"https:\/\/wpguerssen-test.odoo.rgbconsulting.com\/wp-content\/uploads\/2023\/01\/42743-scaled.jpg","datePublished":"2023-02-12T23:00:00+00:00","dateModified":"2024-10-29T15:33:17+00:00","description":"The fruitful relationship between Brazilian music and American Jazz took shape between the mid Fifties and the Sixties. This turned out to be one of the most prolific meetings in the history of popular music. Two music cultures that are still resonating today as a timeless combination of elements. Now if you feel like getting through the unique flavour of such musical marriage this compilation is the right place to start. This is a great selection of Brazilian flavoured Jazz tunes performed by top Brazilian artists of the likes of Sergio Mendes, Bola Sete, Baden Powell and Tamba Trio, including classic standards such as Gershwin's \"I Got Rhythm\", Cole Porter's \"Love for sales\" and Horace Silver's \"Nica's Dream\".Side A 1 Dick Farney - I Got Rhythm (1956) 6:23 (G. & I. Gershwin) 2 Brazilian Jazz Quartet - Copacabana (1958) 5:51 (A. Ribeiro-J. De Barro) 3 Rubens Bassini E Os 11 Magnificos - Love For Sale (1961) 2:46 (C. Porter) 4 Sergio Mendes - Nica's Dream (1961) 2:47 (H. Silver) 5 Baden Powell (feat. MOACYR SANTOS) - Coisa No.2 (1963) 2:55 (M. Santos)Side B 1 Bola Sete - Samba In The Perrotoquei (1962) 2:50 (D. Ferreira) 2 Ed Lincoln - Influ\u00eancia Do Jazz (1963) 2:40 (C. Lyra) 3 Milton Banana & The Oscar Castro Neves Quintet - O Menino Desce O Morro (1963) 2:49 (M. DeRosa-V. Brasil) 4 Jo\u00e3o Donato - O Morro N\u00e3o Tem Vez (1963) 3:25 (A.C. Jobim-V. De Moraes) 5 Os Cobras - Nan\u00e3 (1963) 3:37 (M. Santos-C. Mello) 6 Tamba Trio - Esperan\u00e7a (1963) 3:04 (D. Ferreira-L.F. Freire-M. Einhorn)","breadcrumb":{"@id":"https:\/\/wpguerssen-test.odoo.rgbconsulting.com\/es\/producto\/jazz-in-brazil\/#breadcrumb"},"inLanguage":"es","potentialAction":[{"@type":"ReadAction","target":["https:\/\/wpguerssen-test.odoo.rgbconsulting.com\/es\/producto\/jazz-in-brazil\/"]}]},{"@type":"ImageObject","inLanguage":"es","@id":"https:\/\/wpguerssen-test.odoo.rgbconsulting.com\/es\/producto\/jazz-in-brazil\/#primaryimage","url":"https:\/\/wpguerssen-test.odoo.rgbconsulting.com\/wp-content\/uploads\/2023\/01\/42743-scaled.jpg","contentUrl":"https:\/\/wpguerssen-test.odoo.rgbconsulting.com\/wp-content\/uploads\/2023\/01\/42743-scaled.jpg","width":2560,"height":2560},{"@type":"BreadcrumbList","@id":"https:\/\/wpguerssen-test.odoo.rgbconsulting.com\/es\/producto\/jazz-in-brazil\/#breadcrumb","itemListElement":[{"@type":"ListItem","position":1,"name":"Inicio","item":"https:\/\/wpguerssen-test.odoo.rgbconsulting.com\/es\/"},{"@type":"ListItem","position":2,"name":"Shop","item":"https:\/\/wpguerssen-test.odoo.rgbconsulting.com\/shop\/"},{"@type":"ListItem","position":3,"name":"Jazz In Brazil"}]},{"@type":"WebSite","@id":"https:\/\/wpguerssen-test.odoo.rgbconsulting.com\/es\/#website","url":"https:\/\/wpguerssen-test.odoo.rgbconsulting.com\/es\/","name":"Guerssen records","description":"psychedelia - progressive - folk - garage ","publisher":{"@id":"https:\/\/wpguerssen-test.odoo.rgbconsulting.com\/es\/#organization"},"potentialAction":[{"@type":"SearchAction","target":{"@type":"EntryPoint","urlTemplate":"https:\/\/wpguerssen-test.odoo.rgbconsulting.com\/es\/?s={search_term_string}"},"query-input":{"@type":"PropertyValueSpecification","valueRequired":true,"valueName":"search_term_string"}}],"inLanguage":"es"},{"@type":"Organization","@id":"https:\/\/wpguerssen-test.odoo.rgbconsulting.com\/es\/#organization","name":"Guerssen records","url":"https:\/\/wpguerssen-test.odoo.rgbconsulting.com\/es\/","logo":{"@type":"ImageObject","inLanguage":"es","@id":"https:\/\/wpguerssen-test.odoo.rgbconsulting.com\/es\/#\/schema\/logo\/image\/","url":"https:\/\/wpguerssen-test.odoo.rgbconsulting.com\/wp-content\/uploads\/2022\/04\/Logo_Guerssen_trans_100.png","contentUrl":"https:\/\/wpguerssen-test.odoo.rgbconsulting.com\/wp-content\/uploads\/2022\/04\/Logo_Guerssen_trans_100.png","width":122,"height":100,"caption":"Guerssen records"},"image":{"@id":"https:\/\/wpguerssen-test.odoo.rgbconsulting.com\/es\/#\/schema\/logo\/image\/"}}]}},"_links":{"self":[{"href":"https:\/\/wpguerssen-test.odoo.rgbconsulting.com\/es\/wp-json\/wp\/v2\/product\/225349","targetHints":{"allow":["GET"]}}],"collection":[{"href":"https:\/\/wpguerssen-test.odoo.rgbconsulting.com\/es\/wp-json\/wp\/v2\/product"}],"about":[{"href":"https:\/\/wpguerssen-test.odoo.rgbconsulting.com\/es\/wp-json\/wp\/v2\/types\/product"}],"wp:featuredmedia":[{"embeddable":true,"href":"https:\/\/wpguerssen-test.odoo.rgbconsulting.com\/es\/wp-json\/wp\/v2\/media\/225403"}],"wp:attachment":[{"href":"https:\/\/wpguerssen-test.odoo.rgbconsulting.com\/es\/wp-json\/wp\/v2\/media?parent=225349"}],"wp:term":[{"taxonomy":"product_brand","embeddable":true,"href":"https:\/\/wpguerssen-test.odoo.rgbconsulting.com\/es\/wp-json\/wp\/v2\/product_brand?post=225349"},{"taxonomy":"product_cat","embeddable":true,"href":"https:\/\/wpguerssen-test.odoo.rgbconsulting.com\/es\/wp-json\/wp\/v2\/product_cat?post=225349"},{"taxonomy":"product_tag","embeddable":true,"href":"https:\/\/wpguerssen-test.odoo.rgbconsulting.com\/es\/wp-json\/wp\/v2\/product_tag?post=225349"}],"curies":[{"name":"wp","href":"https:\/\/api.w.org\/{rel}","templated":true}]}}