{"id":225409,"date":"2025-04-16T00:00:00","date_gmt":"2025-04-15T22:00:00","guid":{"rendered":"https:\/\/wpguerssen-test.odoo.rgbconsulting.com\/product\/marisol-internacional\/"},"modified":"2025-04-16T18:07:37","modified_gmt":"2025-04-16T16:07:37","slug":"marisol-internacional","status":"publish","type":"product","link":"https:\/\/wpguerssen-test.odoo.rgbconsulting.com\/es\/producto\/marisol-internacional\/","title":{"rendered":"Marisol Internacional"},"content":{"rendered":"<p>Marisol, la ni\u00f1a prodigio de la actuaci\u00f3n y el canto, fue una de las estrellas m\u00e1s grandes de Espa\u00f1a.<br \/>Fue incre\u00edblemente grande en su pa\u00eds, y su popularidad pronto lleg\u00f3 a otras tierras, algunas tan lejanas como Jap\u00f3n, donde public\u00f3 algunos discos e incluso grab\u00f3 uno de sus \u00e9xitos en japon\u00e9s. Alemania fue otro pa\u00eds que vio un mercado para un 45 cantado en alem\u00e1n, al igual que Italia con un par de raras melod\u00edas cantadas en italiano lanzadas. Marisol tambi\u00e9n cant\u00f3 en ingl\u00e9s, e incluso en chino, como escuchar\u00e1 en las canciones compiladas en este LP, que presenta algunos de sus lados cantados en espa\u00f1ol junto con actuaciones muy raras de apariciones en televisi\u00f3n en vinilo por primera vez. La selecci\u00f3n se completa con temas basados \u00bf\u00bfen ritmos del mundo y un par de otros favoritos de su repertorio m\u00e1s cl\u00e1sico.<\/p>\n","protected":false},"excerpt":{"rendered":"<p>Marisol, la ni\u00f1a prodigio de la actuaci\u00f3n y el canto, fue una de las estrellas m\u00e1s grandes de Espa\u00f1a.<br \/>Fue incre\u00edblemente grande en su pa\u00eds, y su popularidad<a class=\"read\" href=\"https:\/\/wpguerssen-test.odoo.rgbconsulting.com\/es\/producto\/marisol-internacional\/\"> (...)<\/a>","protected":false},"featured_media":226237,"template":"","meta":{"_acf_changed":false},"product_brand":[],"product_cat":[23281],"product_tag":[24185],"class_list":{"0":"post-225409","1":"product","2":"type-product","3":"status-publish","4":"has-post-thumbnail","6":"product_cat-garagebeatrnb60-70-es","7":"product_tag-de-nuevo-en-existencia","8":"pa_artist-marisol-es","9":"pa_format-lp-es","10":"pa_gender-garage-beat-rnb60-70-garagebeatrnb60-70","11":"pa_label-shellac-disc","12":"pa_location-spain-es","13":"pa_other-filters-vinyl-only-es","15":"first","16":"instock","17":"taxable","18":"shipping-taxable","19":"purchasable","20":"product-type-simple"},"acf":[],"yoast_head":"<!-- This site is optimized with the Yoast SEO plugin v24.9 - https:\/\/yoast.com\/wordpress\/plugins\/seo\/ -->\n<title>MARISOL - Marisol Internacional -  (LP) | Guerssen<\/title>\n<meta name=\"description\" content=\"Acting and singing prodigy child Marisol is one of the greatest stars in Spain ever.She was incredibly big in her country, and her popularity soon reached other lands, some as far away as Japan where she issued some records and even recorded one of her hits in Japanese. Germany was another country that saw a market for a German-sung 45, as was Italy with a couple of rare Italian-sung tunes released. Marisol also sang in English, and even Chinese-as you willhear on the songs compiled on this LP, which features some of her non-Spanish sung sides alonside with very rare performances from TV appearances on vinyl for the first time ever! The selection is completed by tunes based on rhythms from the world and a couple of other favourites from her more classic repertoire.\" \/>\n<meta name=\"robots\" content=\"index, follow, max-snippet:-1, max-image-preview:large, max-video-preview:-1\" \/>\n<link rel=\"canonical\" href=\"https:\/\/wpguerssen-test.odoo.rgbconsulting.com\/es\/producto\/marisol-internacional\/\" \/>\n<meta property=\"og:locale\" content=\"es_ES\" \/>\n<meta property=\"og:type\" content=\"article\" \/>\n<meta property=\"og:title\" content=\"MARISOL - Marisol Internacional -  (LP) | Guerssen\" \/>\n<meta property=\"og:description\" content=\"Acting and singing prodigy child Marisol is one of the greatest stars in Spain ever.She was incredibly big in her country, and her popularity soon reached other lands, some as far away as Japan where she issued some records and even recorded one of her hits in Japanese. Germany was another country that saw a market for a German-sung 45, as was Italy with a couple of rare Italian-sung tunes released. Marisol also sang in English, and even Chinese-as you willhear on the songs compiled on this LP, which features some of her non-Spanish sung sides alonside with very rare performances from TV appearances on vinyl for the first time ever! The selection is completed by tunes based on rhythms from the world and a couple of other favourites from her more classic repertoire.\" \/>\n<meta property=\"og:url\" content=\"https:\/\/wpguerssen-test.odoo.rgbconsulting.com\/es\/producto\/marisol-internacional\/\" \/>\n<meta property=\"og:site_name\" content=\"Guerssen records\" \/>\n<meta property=\"article:modified_time\" content=\"2025-04-16T16:07:37+00:00\" \/>\n<meta property=\"og:image\" content=\"https:\/\/wpguerssen-test.odoo.rgbconsulting.com\/wp-content\/uploads\/2023\/02\/42747.png\" \/>\n\t<meta property=\"og:image:width\" content=\"600\" \/>\n\t<meta property=\"og:image:height\" content=\"600\" \/>\n\t<meta property=\"og:image:type\" content=\"image\/png\" \/>\n<meta name=\"twitter:card\" content=\"summary_large_image\" \/>\n<meta name=\"twitter:title\" content=\"MARISOL - Marisol Internacional -  (LP) | Guerssen\" \/>\n<meta name=\"twitter:label1\" content=\"Tiempo de lectura\" \/>\n\t<meta name=\"twitter:data1\" content=\"1 minuto\" \/>\n<script type=\"application\/ld+json\" class=\"yoast-schema-graph\">{\"@context\":\"https:\/\/schema.org\",\"@graph\":[{\"@type\":\"WebPage\",\"@id\":\"https:\/\/wpguerssen-test.odoo.rgbconsulting.com\/es\/producto\/marisol-internacional\/\",\"url\":\"https:\/\/wpguerssen-test.odoo.rgbconsulting.com\/es\/producto\/marisol-internacional\/\",\"name\":\"MARISOL - Marisol Internacional - (LP) | Guerssen\",\"isPartOf\":{\"@id\":\"https:\/\/wpguerssen-test.odoo.rgbconsulting.com\/es\/#website\"},\"primaryImageOfPage\":{\"@id\":\"https:\/\/wpguerssen-test.odoo.rgbconsulting.com\/es\/producto\/marisol-internacional\/#primaryimage\"},\"image\":{\"@id\":\"https:\/\/wpguerssen-test.odoo.rgbconsulting.com\/es\/producto\/marisol-internacional\/#primaryimage\"},\"thumbnailUrl\":\"https:\/\/wpguerssen-test.odoo.rgbconsulting.com\/wp-content\/uploads\/2023\/02\/42747.png\",\"datePublished\":\"2025-04-15T22:00:00+00:00\",\"dateModified\":\"2025-04-16T16:07:37+00:00\",\"description\":\"Acting and singing prodigy child Marisol is one of the greatest stars in Spain ever.She was incredibly big in her country, and her popularity soon reached other lands, some as far away as Japan where she issued some records and even recorded one of her hits in Japanese. Germany was another country that saw a market for a German-sung 45, as was Italy with a couple of rare Italian-sung tunes released. Marisol also sang in English, and even Chinese-as you willhear on the songs compiled on this LP, which features some of her non-Spanish sung sides alonside with very rare performances from TV appearances on vinyl for the first time ever! The selection is completed by tunes based on rhythms from the world and a couple of other favourites from her more classic repertoire.\",\"breadcrumb\":{\"@id\":\"https:\/\/wpguerssen-test.odoo.rgbconsulting.com\/es\/producto\/marisol-internacional\/#breadcrumb\"},\"inLanguage\":\"es\",\"potentialAction\":[{\"@type\":\"ReadAction\",\"target\":[\"https:\/\/wpguerssen-test.odoo.rgbconsulting.com\/es\/producto\/marisol-internacional\/\"]}]},{\"@type\":\"ImageObject\",\"inLanguage\":\"es\",\"@id\":\"https:\/\/wpguerssen-test.odoo.rgbconsulting.com\/es\/producto\/marisol-internacional\/#primaryimage\",\"url\":\"https:\/\/wpguerssen-test.odoo.rgbconsulting.com\/wp-content\/uploads\/2023\/02\/42747.png\",\"contentUrl\":\"https:\/\/wpguerssen-test.odoo.rgbconsulting.com\/wp-content\/uploads\/2023\/02\/42747.png\",\"width\":600,\"height\":600,\"caption\":\"MARISOL - Marisol Internacional - SHELLAC DISC (LP) | Guerssen\"},{\"@type\":\"BreadcrumbList\",\"@id\":\"https:\/\/wpguerssen-test.odoo.rgbconsulting.com\/es\/producto\/marisol-internacional\/#breadcrumb\",\"itemListElement\":[{\"@type\":\"ListItem\",\"position\":1,\"name\":\"Inicio\",\"item\":\"https:\/\/wpguerssen-test.odoo.rgbconsulting.com\/es\/\"},{\"@type\":\"ListItem\",\"position\":2,\"name\":\"Shop\",\"item\":\"https:\/\/wpguerssen-test.odoo.rgbconsulting.com\/shop\/\"},{\"@type\":\"ListItem\",\"position\":3,\"name\":\"Marisol Internacional\"}]},{\"@type\":\"WebSite\",\"@id\":\"https:\/\/wpguerssen-test.odoo.rgbconsulting.com\/es\/#website\",\"url\":\"https:\/\/wpguerssen-test.odoo.rgbconsulting.com\/es\/\",\"name\":\"Guerssen records\",\"description\":\"psychedelia - progressive - folk - garage \",\"publisher\":{\"@id\":\"https:\/\/wpguerssen-test.odoo.rgbconsulting.com\/es\/#organization\"},\"potentialAction\":[{\"@type\":\"SearchAction\",\"target\":{\"@type\":\"EntryPoint\",\"urlTemplate\":\"https:\/\/wpguerssen-test.odoo.rgbconsulting.com\/es\/?s={search_term_string}\"},\"query-input\":{\"@type\":\"PropertyValueSpecification\",\"valueRequired\":true,\"valueName\":\"search_term_string\"}}],\"inLanguage\":\"es\"},{\"@type\":\"Organization\",\"@id\":\"https:\/\/wpguerssen-test.odoo.rgbconsulting.com\/es\/#organization\",\"name\":\"Guerssen records\",\"url\":\"https:\/\/wpguerssen-test.odoo.rgbconsulting.com\/es\/\",\"logo\":{\"@type\":\"ImageObject\",\"inLanguage\":\"es\",\"@id\":\"https:\/\/wpguerssen-test.odoo.rgbconsulting.com\/es\/#\/schema\/logo\/image\/\",\"url\":\"https:\/\/wpguerssen-test.odoo.rgbconsulting.com\/wp-content\/uploads\/2022\/04\/Logo_Guerssen_trans_100.png\",\"contentUrl\":\"https:\/\/wpguerssen-test.odoo.rgbconsulting.com\/wp-content\/uploads\/2022\/04\/Logo_Guerssen_trans_100.png\",\"width\":122,\"height\":100,\"caption\":\"Guerssen records\"},\"image\":{\"@id\":\"https:\/\/wpguerssen-test.odoo.rgbconsulting.com\/es\/#\/schema\/logo\/image\/\"}}]}<\/script>\n<!-- \/ Yoast SEO plugin. -->","yoast_head_json":{"title":"MARISOL - Marisol Internacional -  (LP) | Guerssen","description":"Acting and singing prodigy child Marisol is one of the greatest stars in Spain ever.She was incredibly big in her country, and her popularity soon reached other lands, some as far away as Japan where she issued some records and even recorded one of her hits in Japanese. Germany was another country that saw a market for a German-sung 45, as was Italy with a couple of rare Italian-sung tunes released. Marisol also sang in English, and even Chinese-as you willhear on the songs compiled on this LP, which features some of her non-Spanish sung sides alonside with very rare performances from TV appearances on vinyl for the first time ever! The selection is completed by tunes based on rhythms from the world and a couple of other favourites from her more classic repertoire.","robots":{"index":"index","follow":"follow","max-snippet":"max-snippet:-1","max-image-preview":"max-image-preview:large","max-video-preview":"max-video-preview:-1"},"canonical":"https:\/\/wpguerssen-test.odoo.rgbconsulting.com\/es\/producto\/marisol-internacional\/","og_locale":"es_ES","og_type":"article","og_title":"MARISOL - Marisol Internacional -  (LP) | Guerssen","og_description":"Acting and singing prodigy child Marisol is one of the greatest stars in Spain ever.She was incredibly big in her country, and her popularity soon reached other lands, some as far away as Japan where she issued some records and even recorded one of her hits in Japanese. Germany was another country that saw a market for a German-sung 45, as was Italy with a couple of rare Italian-sung tunes released. Marisol also sang in English, and even Chinese-as you willhear on the songs compiled on this LP, which features some of her non-Spanish sung sides alonside with very rare performances from TV appearances on vinyl for the first time ever! The selection is completed by tunes based on rhythms from the world and a couple of other favourites from her more classic repertoire.","og_url":"https:\/\/wpguerssen-test.odoo.rgbconsulting.com\/es\/producto\/marisol-internacional\/","og_site_name":"Guerssen records","article_modified_time":"2025-04-16T16:07:37+00:00","og_image":[{"width":600,"height":600,"url":"https:\/\/wpguerssen-test.odoo.rgbconsulting.com\/wp-content\/uploads\/2023\/02\/42747.png","type":"image\/png"}],"twitter_card":"summary_large_image","twitter_title":"MARISOL - Marisol Internacional -  (LP) | Guerssen","twitter_misc":{"Tiempo de lectura":"1 minuto"},"schema":{"@context":"https:\/\/schema.org","@graph":[{"@type":"WebPage","@id":"https:\/\/wpguerssen-test.odoo.rgbconsulting.com\/es\/producto\/marisol-internacional\/","url":"https:\/\/wpguerssen-test.odoo.rgbconsulting.com\/es\/producto\/marisol-internacional\/","name":"MARISOL - Marisol Internacional - (LP) | Guerssen","isPartOf":{"@id":"https:\/\/wpguerssen-test.odoo.rgbconsulting.com\/es\/#website"},"primaryImageOfPage":{"@id":"https:\/\/wpguerssen-test.odoo.rgbconsulting.com\/es\/producto\/marisol-internacional\/#primaryimage"},"image":{"@id":"https:\/\/wpguerssen-test.odoo.rgbconsulting.com\/es\/producto\/marisol-internacional\/#primaryimage"},"thumbnailUrl":"https:\/\/wpguerssen-test.odoo.rgbconsulting.com\/wp-content\/uploads\/2023\/02\/42747.png","datePublished":"2025-04-15T22:00:00+00:00","dateModified":"2025-04-16T16:07:37+00:00","description":"Acting and singing prodigy child Marisol is one of the greatest stars in Spain ever.She was incredibly big in her country, and her popularity soon reached other lands, some as far away as Japan where she issued some records and even recorded one of her hits in Japanese. Germany was another country that saw a market for a German-sung 45, as was Italy with a couple of rare Italian-sung tunes released. Marisol also sang in English, and even Chinese-as you willhear on the songs compiled on this LP, which features some of her non-Spanish sung sides alonside with very rare performances from TV appearances on vinyl for the first time ever! The selection is completed by tunes based on rhythms from the world and a couple of other favourites from her more classic repertoire.","breadcrumb":{"@id":"https:\/\/wpguerssen-test.odoo.rgbconsulting.com\/es\/producto\/marisol-internacional\/#breadcrumb"},"inLanguage":"es","potentialAction":[{"@type":"ReadAction","target":["https:\/\/wpguerssen-test.odoo.rgbconsulting.com\/es\/producto\/marisol-internacional\/"]}]},{"@type":"ImageObject","inLanguage":"es","@id":"https:\/\/wpguerssen-test.odoo.rgbconsulting.com\/es\/producto\/marisol-internacional\/#primaryimage","url":"https:\/\/wpguerssen-test.odoo.rgbconsulting.com\/wp-content\/uploads\/2023\/02\/42747.png","contentUrl":"https:\/\/wpguerssen-test.odoo.rgbconsulting.com\/wp-content\/uploads\/2023\/02\/42747.png","width":600,"height":600,"caption":"MARISOL - Marisol Internacional - SHELLAC DISC (LP) | Guerssen"},{"@type":"BreadcrumbList","@id":"https:\/\/wpguerssen-test.odoo.rgbconsulting.com\/es\/producto\/marisol-internacional\/#breadcrumb","itemListElement":[{"@type":"ListItem","position":1,"name":"Inicio","item":"https:\/\/wpguerssen-test.odoo.rgbconsulting.com\/es\/"},{"@type":"ListItem","position":2,"name":"Shop","item":"https:\/\/wpguerssen-test.odoo.rgbconsulting.com\/shop\/"},{"@type":"ListItem","position":3,"name":"Marisol Internacional"}]},{"@type":"WebSite","@id":"https:\/\/wpguerssen-test.odoo.rgbconsulting.com\/es\/#website","url":"https:\/\/wpguerssen-test.odoo.rgbconsulting.com\/es\/","name":"Guerssen records","description":"psychedelia - progressive - folk - garage ","publisher":{"@id":"https:\/\/wpguerssen-test.odoo.rgbconsulting.com\/es\/#organization"},"potentialAction":[{"@type":"SearchAction","target":{"@type":"EntryPoint","urlTemplate":"https:\/\/wpguerssen-test.odoo.rgbconsulting.com\/es\/?s={search_term_string}"},"query-input":{"@type":"PropertyValueSpecification","valueRequired":true,"valueName":"search_term_string"}}],"inLanguage":"es"},{"@type":"Organization","@id":"https:\/\/wpguerssen-test.odoo.rgbconsulting.com\/es\/#organization","name":"Guerssen records","url":"https:\/\/wpguerssen-test.odoo.rgbconsulting.com\/es\/","logo":{"@type":"ImageObject","inLanguage":"es","@id":"https:\/\/wpguerssen-test.odoo.rgbconsulting.com\/es\/#\/schema\/logo\/image\/","url":"https:\/\/wpguerssen-test.odoo.rgbconsulting.com\/wp-content\/uploads\/2022\/04\/Logo_Guerssen_trans_100.png","contentUrl":"https:\/\/wpguerssen-test.odoo.rgbconsulting.com\/wp-content\/uploads\/2022\/04\/Logo_Guerssen_trans_100.png","width":122,"height":100,"caption":"Guerssen records"},"image":{"@id":"https:\/\/wpguerssen-test.odoo.rgbconsulting.com\/es\/#\/schema\/logo\/image\/"}}]}},"_links":{"self":[{"href":"https:\/\/wpguerssen-test.odoo.rgbconsulting.com\/es\/wp-json\/wp\/v2\/product\/225409","targetHints":{"allow":["GET"]}}],"collection":[{"href":"https:\/\/wpguerssen-test.odoo.rgbconsulting.com\/es\/wp-json\/wp\/v2\/product"}],"about":[{"href":"https:\/\/wpguerssen-test.odoo.rgbconsulting.com\/es\/wp-json\/wp\/v2\/types\/product"}],"wp:featuredmedia":[{"embeddable":true,"href":"https:\/\/wpguerssen-test.odoo.rgbconsulting.com\/es\/wp-json\/wp\/v2\/media\/226237"}],"wp:attachment":[{"href":"https:\/\/wpguerssen-test.odoo.rgbconsulting.com\/es\/wp-json\/wp\/v2\/media?parent=225409"}],"wp:term":[{"taxonomy":"product_brand","embeddable":true,"href":"https:\/\/wpguerssen-test.odoo.rgbconsulting.com\/es\/wp-json\/wp\/v2\/product_brand?post=225409"},{"taxonomy":"product_cat","embeddable":true,"href":"https:\/\/wpguerssen-test.odoo.rgbconsulting.com\/es\/wp-json\/wp\/v2\/product_cat?post=225409"},{"taxonomy":"product_tag","embeddable":true,"href":"https:\/\/wpguerssen-test.odoo.rgbconsulting.com\/es\/wp-json\/wp\/v2\/product_tag?post=225409"}],"curies":[{"name":"wp","href":"https:\/\/api.w.org\/{rel}","templated":true}]}}