{"id":225419,"date":"2023-07-25T00:00:00","date_gmt":"2023-07-24T22:00:00","guid":{"rendered":"https:\/\/wpguerssen-test.odoo.rgbconsulting.com\/product\/lightnin-the-blues-of-lightnin-hopkins\/"},"modified":"2025-01-30T16:53:08","modified_gmt":"2025-01-30T15:53:08","slug":"lightnin-the-blues-of-lightnin-hopkins","status":"publish","type":"product","link":"https:\/\/wpguerssen-test.odoo.rgbconsulting.com\/es\/producto\/lightnin-the-blues-of-lightnin-hopkins\/","title":{"rendered":"Lightnin&#8217; (The Blues Of Lightnin&#8217; Hopkins)"},"content":{"rendered":"<p>El l\u00edder del country blues tejano, Lightnin&#8217; Hopkins, fue calificado como uno de los 100 mejores guitarristas de todos los tiempos por Billboard, y fue una influencia notable en Stevie Ray Vaughan, entre otros. Las grabaciones de Aladdin y Gold Star consolidaron su reputaci\u00f3n y, despu\u00e9s de actuar en el Carnegie Hall con Pete Seeger y Joan Baez, &#8216;Mojo Hand&#8217; fue un gran \u00e9xito. El soberbio LP de 1961 Lightnin&#8217; (The Blues of Lightnin&#8217; Hopkins) se beneficia de la discreta presencia del baterista de King Curtis, Belton Evans, y del bajista de jazz Leonard Gaskin, colocando los licks de guitarra y la voz \u00e1spera de Hopkins en el centro del escenario, relacionando juguetonamente la angustia y la aflicci\u00f3n.<\/p>\n","protected":false},"excerpt":{"rendered":"<p>El l\u00edder del country blues tejano, Lightnin&#8217; Hopkins, fue calificado como uno de los 100 mejores guitarristas de todos los tiempos por Billboard, y fue una<a class=\"read\" href=\"https:\/\/wpguerssen-test.odoo.rgbconsulting.com\/es\/producto\/lightnin-the-blues-of-lightnin-hopkins\/\"> (...)<\/a>","protected":false},"featured_media":257860,"template":"","meta":{"_acf_changed":false},"product_brand":[],"product_cat":[23262],"product_tag":[],"class_list":{"0":"post-225419","1":"product","2":"type-product","3":"status-publish","4":"has-post-thumbnail","6":"product_cat-blues-blues-rock-es","7":"pa_artist-lightnin-hopkins-es","8":"pa_format-lp-es","9":"pa_gender-blues-blues-rock","10":"pa_label-destination-moon","11":"pa_location-north-america-es","12":"pa_other-filters-vinyl-only-es","14":"first","15":"instock","16":"taxable","17":"shipping-taxable","18":"purchasable","19":"product-type-simple"},"acf":[],"yoast_head":"<!-- This site is optimized with the Yoast SEO plugin v24.9 - https:\/\/yoast.com\/wordpress\/plugins\/seo\/ -->\n<title>LIGHTNIN&#039; HOPKINS - Lightnin&#039; (The Blues Of Lightnin&#039; Hopkins) -  (LP) | Guerssen<\/title>\n<meta name=\"description\" content=\"Texan country blues kingpin Lightnin&#039; Hopkins was rated one of the top 100 guitarists of all time by Billboard, and was a notable influence on Stevie Ray Vaughan, among others. Recordings for Aladdin and Gold Star cemented his reputation, and after performing at Carnegie Hall with Pete Seeger and Joan Baez, &#039;Mojo Hand&#039; was a breakthrough hit. The superb 1961 LP Lightnin&#039; (The Blues of Lightnin&#039; Hopkins) benefits from the understated presence of King Curtis&#039; drummer, Belton Evans, and jazz bassist Leonard Gaskin, placing Hopkins&#039; guitar licks and raspy voice at centre stage, playfully relating heartbreak and woe.\" \/>\n<meta name=\"robots\" content=\"index, follow, max-snippet:-1, max-image-preview:large, max-video-preview:-1\" \/>\n<link rel=\"canonical\" href=\"https:\/\/wpguerssen-test.odoo.rgbconsulting.com\/es\/producto\/lightnin-the-blues-of-lightnin-hopkins\/\" \/>\n<meta property=\"og:locale\" content=\"es_ES\" \/>\n<meta property=\"og:type\" content=\"article\" \/>\n<meta property=\"og:title\" content=\"LIGHTNIN&#039; HOPKINS - Lightnin&#039; (The Blues Of Lightnin&#039; Hopkins) -  (LP) | Guerssen\" \/>\n<meta property=\"og:description\" content=\"Texan country blues kingpin Lightnin&#039; Hopkins was rated one of the top 100 guitarists of all time by Billboard, and was a notable influence on Stevie Ray Vaughan, among others. Recordings for Aladdin and Gold Star cemented his reputation, and after performing at Carnegie Hall with Pete Seeger and Joan Baez, &#039;Mojo Hand&#039; was a breakthrough hit. The superb 1961 LP Lightnin&#039; (The Blues of Lightnin&#039; Hopkins) benefits from the understated presence of King Curtis&#039; drummer, Belton Evans, and jazz bassist Leonard Gaskin, placing Hopkins&#039; guitar licks and raspy voice at centre stage, playfully relating heartbreak and woe.\" \/>\n<meta property=\"og:url\" content=\"https:\/\/wpguerssen-test.odoo.rgbconsulting.com\/es\/producto\/lightnin-the-blues-of-lightnin-hopkins\/\" \/>\n<meta property=\"og:site_name\" content=\"Guerssen records\" \/>\n<meta property=\"article:modified_time\" content=\"2025-01-30T15:53:08+00:00\" \/>\n<meta property=\"og:image\" content=\"https:\/\/wpguerssen-test.odoo.rgbconsulting.com\/wp-content\/uploads\/2024\/02\/42758.jpg\" \/>\n\t<meta property=\"og:image:width\" content=\"550\" \/>\n\t<meta property=\"og:image:height\" content=\"550\" \/>\n\t<meta property=\"og:image:type\" content=\"image\/jpeg\" \/>\n<meta name=\"twitter:card\" content=\"summary_large_image\" \/>\n<meta name=\"twitter:title\" content=\"LIGHTNIN&#039; HOPKINS - Lightnin&#039; (The Blues Of Lightnin&#039; Hopkins) -  (LP) | Guerssen\" \/>\n<meta name=\"twitter:label1\" content=\"Tiempo de lectura\" \/>\n\t<meta name=\"twitter:data1\" content=\"1 minuto\" \/>\n<script type=\"application\/ld+json\" class=\"yoast-schema-graph\">{\"@context\":\"https:\/\/schema.org\",\"@graph\":[{\"@type\":\"WebPage\",\"@id\":\"https:\/\/wpguerssen-test.odoo.rgbconsulting.com\/es\/producto\/lightnin-the-blues-of-lightnin-hopkins\/\",\"url\":\"https:\/\/wpguerssen-test.odoo.rgbconsulting.com\/es\/producto\/lightnin-the-blues-of-lightnin-hopkins\/\",\"name\":\"LIGHTNIN' HOPKINS - Lightnin' (The Blues Of Lightnin' Hopkins) - (LP) | Guerssen\",\"isPartOf\":{\"@id\":\"https:\/\/wpguerssen-test.odoo.rgbconsulting.com\/es\/#website\"},\"primaryImageOfPage\":{\"@id\":\"https:\/\/wpguerssen-test.odoo.rgbconsulting.com\/es\/producto\/lightnin-the-blues-of-lightnin-hopkins\/#primaryimage\"},\"image\":{\"@id\":\"https:\/\/wpguerssen-test.odoo.rgbconsulting.com\/es\/producto\/lightnin-the-blues-of-lightnin-hopkins\/#primaryimage\"},\"thumbnailUrl\":\"https:\/\/wpguerssen-test.odoo.rgbconsulting.com\/wp-content\/uploads\/2024\/02\/42758.jpg\",\"datePublished\":\"2023-07-24T22:00:00+00:00\",\"dateModified\":\"2025-01-30T15:53:08+00:00\",\"description\":\"Texan country blues kingpin Lightnin' Hopkins was rated one of the top 100 guitarists of all time by Billboard, and was a notable influence on Stevie Ray Vaughan, among others. Recordings for Aladdin and Gold Star cemented his reputation, and after performing at Carnegie Hall with Pete Seeger and Joan Baez, 'Mojo Hand' was a breakthrough hit. The superb 1961 LP Lightnin' (The Blues of Lightnin' Hopkins) benefits from the understated presence of King Curtis' drummer, Belton Evans, and jazz bassist Leonard Gaskin, placing Hopkins' guitar licks and raspy voice at centre stage, playfully relating heartbreak and woe.\",\"breadcrumb\":{\"@id\":\"https:\/\/wpguerssen-test.odoo.rgbconsulting.com\/es\/producto\/lightnin-the-blues-of-lightnin-hopkins\/#breadcrumb\"},\"inLanguage\":\"es\",\"potentialAction\":[{\"@type\":\"ReadAction\",\"target\":[\"https:\/\/wpguerssen-test.odoo.rgbconsulting.com\/es\/producto\/lightnin-the-blues-of-lightnin-hopkins\/\"]}]},{\"@type\":\"ImageObject\",\"inLanguage\":\"es\",\"@id\":\"https:\/\/wpguerssen-test.odoo.rgbconsulting.com\/es\/producto\/lightnin-the-blues-of-lightnin-hopkins\/#primaryimage\",\"url\":\"https:\/\/wpguerssen-test.odoo.rgbconsulting.com\/wp-content\/uploads\/2024\/02\/42758.jpg\",\"contentUrl\":\"https:\/\/wpguerssen-test.odoo.rgbconsulting.com\/wp-content\/uploads\/2024\/02\/42758.jpg\",\"width\":550,\"height\":550},{\"@type\":\"BreadcrumbList\",\"@id\":\"https:\/\/wpguerssen-test.odoo.rgbconsulting.com\/es\/producto\/lightnin-the-blues-of-lightnin-hopkins\/#breadcrumb\",\"itemListElement\":[{\"@type\":\"ListItem\",\"position\":1,\"name\":\"Inicio\",\"item\":\"https:\/\/wpguerssen-test.odoo.rgbconsulting.com\/es\/\"},{\"@type\":\"ListItem\",\"position\":2,\"name\":\"Shop\",\"item\":\"https:\/\/wpguerssen-test.odoo.rgbconsulting.com\/shop\/\"},{\"@type\":\"ListItem\",\"position\":3,\"name\":\"Lightnin&#8217; (The Blues Of Lightnin&#8217; Hopkins)\"}]},{\"@type\":\"WebSite\",\"@id\":\"https:\/\/wpguerssen-test.odoo.rgbconsulting.com\/es\/#website\",\"url\":\"https:\/\/wpguerssen-test.odoo.rgbconsulting.com\/es\/\",\"name\":\"Guerssen records\",\"description\":\"psychedelia - progressive - folk - garage \",\"publisher\":{\"@id\":\"https:\/\/wpguerssen-test.odoo.rgbconsulting.com\/es\/#organization\"},\"potentialAction\":[{\"@type\":\"SearchAction\",\"target\":{\"@type\":\"EntryPoint\",\"urlTemplate\":\"https:\/\/wpguerssen-test.odoo.rgbconsulting.com\/es\/?s={search_term_string}\"},\"query-input\":{\"@type\":\"PropertyValueSpecification\",\"valueRequired\":true,\"valueName\":\"search_term_string\"}}],\"inLanguage\":\"es\"},{\"@type\":\"Organization\",\"@id\":\"https:\/\/wpguerssen-test.odoo.rgbconsulting.com\/es\/#organization\",\"name\":\"Guerssen records\",\"url\":\"https:\/\/wpguerssen-test.odoo.rgbconsulting.com\/es\/\",\"logo\":{\"@type\":\"ImageObject\",\"inLanguage\":\"es\",\"@id\":\"https:\/\/wpguerssen-test.odoo.rgbconsulting.com\/es\/#\/schema\/logo\/image\/\",\"url\":\"https:\/\/wpguerssen-test.odoo.rgbconsulting.com\/wp-content\/uploads\/2022\/04\/Logo_Guerssen_trans_100.png\",\"contentUrl\":\"https:\/\/wpguerssen-test.odoo.rgbconsulting.com\/wp-content\/uploads\/2022\/04\/Logo_Guerssen_trans_100.png\",\"width\":122,\"height\":100,\"caption\":\"Guerssen records\"},\"image\":{\"@id\":\"https:\/\/wpguerssen-test.odoo.rgbconsulting.com\/es\/#\/schema\/logo\/image\/\"}}]}<\/script>\n<!-- \/ Yoast SEO plugin. -->","yoast_head_json":{"title":"LIGHTNIN' HOPKINS - Lightnin' (The Blues Of Lightnin' Hopkins) -  (LP) | Guerssen","description":"Texan country blues kingpin Lightnin' Hopkins was rated one of the top 100 guitarists of all time by Billboard, and was a notable influence on Stevie Ray Vaughan, among others. Recordings for Aladdin and Gold Star cemented his reputation, and after performing at Carnegie Hall with Pete Seeger and Joan Baez, 'Mojo Hand' was a breakthrough hit. The superb 1961 LP Lightnin' (The Blues of Lightnin' Hopkins) benefits from the understated presence of King Curtis' drummer, Belton Evans, and jazz bassist Leonard Gaskin, placing Hopkins' guitar licks and raspy voice at centre stage, playfully relating heartbreak and woe.","robots":{"index":"index","follow":"follow","max-snippet":"max-snippet:-1","max-image-preview":"max-image-preview:large","max-video-preview":"max-video-preview:-1"},"canonical":"https:\/\/wpguerssen-test.odoo.rgbconsulting.com\/es\/producto\/lightnin-the-blues-of-lightnin-hopkins\/","og_locale":"es_ES","og_type":"article","og_title":"LIGHTNIN' HOPKINS - Lightnin' (The Blues Of Lightnin' Hopkins) -  (LP) | Guerssen","og_description":"Texan country blues kingpin Lightnin' Hopkins was rated one of the top 100 guitarists of all time by Billboard, and was a notable influence on Stevie Ray Vaughan, among others. Recordings for Aladdin and Gold Star cemented his reputation, and after performing at Carnegie Hall with Pete Seeger and Joan Baez, 'Mojo Hand' was a breakthrough hit. The superb 1961 LP Lightnin' (The Blues of Lightnin' Hopkins) benefits from the understated presence of King Curtis' drummer, Belton Evans, and jazz bassist Leonard Gaskin, placing Hopkins' guitar licks and raspy voice at centre stage, playfully relating heartbreak and woe.","og_url":"https:\/\/wpguerssen-test.odoo.rgbconsulting.com\/es\/producto\/lightnin-the-blues-of-lightnin-hopkins\/","og_site_name":"Guerssen records","article_modified_time":"2025-01-30T15:53:08+00:00","og_image":[{"width":550,"height":550,"url":"https:\/\/wpguerssen-test.odoo.rgbconsulting.com\/wp-content\/uploads\/2024\/02\/42758.jpg","type":"image\/jpeg"}],"twitter_card":"summary_large_image","twitter_title":"LIGHTNIN' HOPKINS - Lightnin' (The Blues Of Lightnin' Hopkins) -  (LP) | Guerssen","twitter_misc":{"Tiempo de lectura":"1 minuto"},"schema":{"@context":"https:\/\/schema.org","@graph":[{"@type":"WebPage","@id":"https:\/\/wpguerssen-test.odoo.rgbconsulting.com\/es\/producto\/lightnin-the-blues-of-lightnin-hopkins\/","url":"https:\/\/wpguerssen-test.odoo.rgbconsulting.com\/es\/producto\/lightnin-the-blues-of-lightnin-hopkins\/","name":"LIGHTNIN' HOPKINS - Lightnin' (The Blues Of Lightnin' Hopkins) - (LP) | Guerssen","isPartOf":{"@id":"https:\/\/wpguerssen-test.odoo.rgbconsulting.com\/es\/#website"},"primaryImageOfPage":{"@id":"https:\/\/wpguerssen-test.odoo.rgbconsulting.com\/es\/producto\/lightnin-the-blues-of-lightnin-hopkins\/#primaryimage"},"image":{"@id":"https:\/\/wpguerssen-test.odoo.rgbconsulting.com\/es\/producto\/lightnin-the-blues-of-lightnin-hopkins\/#primaryimage"},"thumbnailUrl":"https:\/\/wpguerssen-test.odoo.rgbconsulting.com\/wp-content\/uploads\/2024\/02\/42758.jpg","datePublished":"2023-07-24T22:00:00+00:00","dateModified":"2025-01-30T15:53:08+00:00","description":"Texan country blues kingpin Lightnin' Hopkins was rated one of the top 100 guitarists of all time by Billboard, and was a notable influence on Stevie Ray Vaughan, among others. Recordings for Aladdin and Gold Star cemented his reputation, and after performing at Carnegie Hall with Pete Seeger and Joan Baez, 'Mojo Hand' was a breakthrough hit. The superb 1961 LP Lightnin' (The Blues of Lightnin' Hopkins) benefits from the understated presence of King Curtis' drummer, Belton Evans, and jazz bassist Leonard Gaskin, placing Hopkins' guitar licks and raspy voice at centre stage, playfully relating heartbreak and woe.","breadcrumb":{"@id":"https:\/\/wpguerssen-test.odoo.rgbconsulting.com\/es\/producto\/lightnin-the-blues-of-lightnin-hopkins\/#breadcrumb"},"inLanguage":"es","potentialAction":[{"@type":"ReadAction","target":["https:\/\/wpguerssen-test.odoo.rgbconsulting.com\/es\/producto\/lightnin-the-blues-of-lightnin-hopkins\/"]}]},{"@type":"ImageObject","inLanguage":"es","@id":"https:\/\/wpguerssen-test.odoo.rgbconsulting.com\/es\/producto\/lightnin-the-blues-of-lightnin-hopkins\/#primaryimage","url":"https:\/\/wpguerssen-test.odoo.rgbconsulting.com\/wp-content\/uploads\/2024\/02\/42758.jpg","contentUrl":"https:\/\/wpguerssen-test.odoo.rgbconsulting.com\/wp-content\/uploads\/2024\/02\/42758.jpg","width":550,"height":550},{"@type":"BreadcrumbList","@id":"https:\/\/wpguerssen-test.odoo.rgbconsulting.com\/es\/producto\/lightnin-the-blues-of-lightnin-hopkins\/#breadcrumb","itemListElement":[{"@type":"ListItem","position":1,"name":"Inicio","item":"https:\/\/wpguerssen-test.odoo.rgbconsulting.com\/es\/"},{"@type":"ListItem","position":2,"name":"Shop","item":"https:\/\/wpguerssen-test.odoo.rgbconsulting.com\/shop\/"},{"@type":"ListItem","position":3,"name":"Lightnin&#8217; (The Blues Of Lightnin&#8217; Hopkins)"}]},{"@type":"WebSite","@id":"https:\/\/wpguerssen-test.odoo.rgbconsulting.com\/es\/#website","url":"https:\/\/wpguerssen-test.odoo.rgbconsulting.com\/es\/","name":"Guerssen records","description":"psychedelia - progressive - folk - garage ","publisher":{"@id":"https:\/\/wpguerssen-test.odoo.rgbconsulting.com\/es\/#organization"},"potentialAction":[{"@type":"SearchAction","target":{"@type":"EntryPoint","urlTemplate":"https:\/\/wpguerssen-test.odoo.rgbconsulting.com\/es\/?s={search_term_string}"},"query-input":{"@type":"PropertyValueSpecification","valueRequired":true,"valueName":"search_term_string"}}],"inLanguage":"es"},{"@type":"Organization","@id":"https:\/\/wpguerssen-test.odoo.rgbconsulting.com\/es\/#organization","name":"Guerssen records","url":"https:\/\/wpguerssen-test.odoo.rgbconsulting.com\/es\/","logo":{"@type":"ImageObject","inLanguage":"es","@id":"https:\/\/wpguerssen-test.odoo.rgbconsulting.com\/es\/#\/schema\/logo\/image\/","url":"https:\/\/wpguerssen-test.odoo.rgbconsulting.com\/wp-content\/uploads\/2022\/04\/Logo_Guerssen_trans_100.png","contentUrl":"https:\/\/wpguerssen-test.odoo.rgbconsulting.com\/wp-content\/uploads\/2022\/04\/Logo_Guerssen_trans_100.png","width":122,"height":100,"caption":"Guerssen records"},"image":{"@id":"https:\/\/wpguerssen-test.odoo.rgbconsulting.com\/es\/#\/schema\/logo\/image\/"}}]}},"_links":{"self":[{"href":"https:\/\/wpguerssen-test.odoo.rgbconsulting.com\/es\/wp-json\/wp\/v2\/product\/225419","targetHints":{"allow":["GET"]}}],"collection":[{"href":"https:\/\/wpguerssen-test.odoo.rgbconsulting.com\/es\/wp-json\/wp\/v2\/product"}],"about":[{"href":"https:\/\/wpguerssen-test.odoo.rgbconsulting.com\/es\/wp-json\/wp\/v2\/types\/product"}],"wp:featuredmedia":[{"embeddable":true,"href":"https:\/\/wpguerssen-test.odoo.rgbconsulting.com\/es\/wp-json\/wp\/v2\/media\/257860"}],"wp:attachment":[{"href":"https:\/\/wpguerssen-test.odoo.rgbconsulting.com\/es\/wp-json\/wp\/v2\/media?parent=225419"}],"wp:term":[{"taxonomy":"product_brand","embeddable":true,"href":"https:\/\/wpguerssen-test.odoo.rgbconsulting.com\/es\/wp-json\/wp\/v2\/product_brand?post=225419"},{"taxonomy":"product_cat","embeddable":true,"href":"https:\/\/wpguerssen-test.odoo.rgbconsulting.com\/es\/wp-json\/wp\/v2\/product_cat?post=225419"},{"taxonomy":"product_tag","embeddable":true,"href":"https:\/\/wpguerssen-test.odoo.rgbconsulting.com\/es\/wp-json\/wp\/v2\/product_tag?post=225419"}],"curies":[{"name":"wp","href":"https:\/\/api.w.org\/{rel}","templated":true}]}}