{"id":225432,"date":"2023-02-13T00:00:00","date_gmt":"2023-02-12T23:00:00","guid":{"rendered":"https:\/\/wpguerssen-test.odoo.rgbconsulting.com\/product\/negro-e-lindo-45-rpm\/"},"modified":"2024-10-29T16:33:35","modified_gmt":"2024-10-29T15:33:35","slug":"negro-e-lindo-45-rpm","status":"publish","type":"product","link":"https:\/\/wpguerssen-test.odoo.rgbconsulting.com\/es\/producto\/negro-e-lindo-45-rpm\/","title":{"rendered":"Negro \u00e8 Lindo (45 rpm)"},"content":{"rendered":"<p>Negro \u00c9 Lindo es el octavo \u00e1lbum del artista brasile\u00f1o Jorge Ben, lanzado en 1971. El t\u00edtulo es una traducci\u00f3n del eslogan \u00abBlack is beautiful\u00bb al portugu\u00e9s. El \u00e1lbum tiene una canci\u00f3n llamada \u00abCassius Marcelo Clay\u00bb en homenaje al boxeador y activista negro Muhammad Ali. En lugar de utilizar una actuaci\u00f3n demasiado teatral para sorprender a la audiencia o escribir canciones cargadas de contenido pol\u00edtico, Ben se hizo conocido como uno de los grandes alquimistas musicales del pa\u00eds, un compositor furiosamente ecl\u00e9ctico que combin\u00f3 elementos de la m\u00fasica ind\u00edgena brasile\u00f1a con un ritmos de la costa oeste de \u00c1frica . Nunca fue una figura controvertida a la manera de los tropicalistas como Caetano Veloso y Gilberto Gil, Ben se convirti\u00f3 en una de las figuras m\u00e1s respetadas y resistentes del pop brasile\u00f1o.<\/p>\n","protected":false},"excerpt":{"rendered":"<p>Negro \u00c9 Lindo es el octavo \u00e1lbum del artista brasile\u00f1o Jorge Ben, lanzado en 1971. El t\u00edtulo es una traducci\u00f3n del eslogan \u00abBlack is beautiful\u00bb al portugu\u00e9s.<a class=\"read\" href=\"https:\/\/wpguerssen-test.odoo.rgbconsulting.com\/es\/producto\/negro-e-lindo-45-rpm\/\"> (...)<\/a>","protected":false},"featured_media":226077,"template":"","meta":{"_acf_changed":false},"product_brand":[],"product_cat":[23219,23231],"product_tag":[],"class_list":{"0":"post-225432","1":"product","2":"type-product","3":"status-publish","4":"has-post-thumbnail","6":"product_cat-funk-es","7":"product_cat-latin-brazilian-es","8":"pa_artist-ben-jorge-es","9":"pa_format-lp-es","10":"pa_gender-latin-brazilian-funk","11":"pa_label-audio-clarity-es","12":"pa_location-south-america-caribbean-es","13":"pa_other-filters-vinyl-only-es","15":"first","16":"instock","17":"taxable","18":"shipping-taxable","19":"purchasable","20":"product-type-simple"},"acf":[],"yoast_head":"<!-- This site is optimized with the Yoast SEO plugin v24.9 - https:\/\/yoast.com\/wordpress\/plugins\/seo\/ -->\n<title>BEN, Jorge - Negro \u00e8 Lindo (45 rpm) -  (LP) | Guerssen<\/title>\n<meta name=\"description\" content=\"Negro \u00c9 Lindo is the eighth album by Brazilian artist Jorge Ben, released in 1971. The title is a translation of the slogan &quot;Black is beautiful&quot; to Portuguese. The album has a song called &quot;Cassius Marcelo Clay&quot; paying homage to boxer and black activist Muhammad Ali. Rather than use overly theatrical performance to shock the audience or write songs loaded with political content, Ben became known as one of the country&#039;s great musical alchemists, a furiously eclectic songwriter who combined elements of indigenous Brazilian music with a groove from the west coast of Africa. Never a controversial figure in the manner of the tropicalistas like Caetano Veloso and Gilberto Gil, Ben became one of the most respected and resilient figures in Brazilian pop.\" \/>\n<meta name=\"robots\" content=\"index, follow, max-snippet:-1, max-image-preview:large, max-video-preview:-1\" \/>\n<link rel=\"canonical\" href=\"https:\/\/wpguerssen-test.odoo.rgbconsulting.com\/es\/producto\/negro-e-lindo-45-rpm\/\" \/>\n<meta property=\"og:locale\" content=\"es_ES\" \/>\n<meta property=\"og:type\" content=\"article\" \/>\n<meta property=\"og:title\" content=\"BEN, Jorge - Negro \u00e8 Lindo (45 rpm) -  (LP) | Guerssen\" \/>\n<meta property=\"og:description\" content=\"Negro \u00c9 Lindo is the eighth album by Brazilian artist Jorge Ben, released in 1971. The title is a translation of the slogan &quot;Black is beautiful&quot; to Portuguese. The album has a song called &quot;Cassius Marcelo Clay&quot; paying homage to boxer and black activist Muhammad Ali. Rather than use overly theatrical performance to shock the audience or write songs loaded with political content, Ben became known as one of the country&#039;s great musical alchemists, a furiously eclectic songwriter who combined elements of indigenous Brazilian music with a groove from the west coast of Africa. Never a controversial figure in the manner of the tropicalistas like Caetano Veloso and Gilberto Gil, Ben became one of the most respected and resilient figures in Brazilian pop.\" \/>\n<meta property=\"og:url\" content=\"https:\/\/wpguerssen-test.odoo.rgbconsulting.com\/es\/producto\/negro-e-lindo-45-rpm\/\" \/>\n<meta property=\"og:site_name\" content=\"Guerssen records\" \/>\n<meta property=\"article:modified_time\" content=\"2024-10-29T15:33:35+00:00\" \/>\n<meta property=\"og:image\" content=\"https:\/\/wpguerssen-test.odoo.rgbconsulting.com\/wp-content\/uploads\/2023\/01\/42775.jpg\" \/>\n\t<meta property=\"og:image:width\" content=\"945\" \/>\n\t<meta property=\"og:image:height\" content=\"945\" \/>\n\t<meta property=\"og:image:type\" content=\"image\/jpeg\" \/>\n<meta name=\"twitter:card\" content=\"summary_large_image\" \/>\n<meta name=\"twitter:title\" content=\"BEN, Jorge - Negro \u00e8 Lindo (45 rpm) -  (LP) | Guerssen\" \/>\n<meta name=\"twitter:label1\" content=\"Tiempo de lectura\" \/>\n\t<meta name=\"twitter:data1\" content=\"1 minuto\" \/>\n<script type=\"application\/ld+json\" class=\"yoast-schema-graph\">{\"@context\":\"https:\/\/schema.org\",\"@graph\":[{\"@type\":\"WebPage\",\"@id\":\"https:\/\/wpguerssen-test.odoo.rgbconsulting.com\/es\/producto\/negro-e-lindo-45-rpm\/\",\"url\":\"https:\/\/wpguerssen-test.odoo.rgbconsulting.com\/es\/producto\/negro-e-lindo-45-rpm\/\",\"name\":\"BEN, Jorge - Negro \u00e8 Lindo (45 rpm) - (LP) | Guerssen\",\"isPartOf\":{\"@id\":\"https:\/\/wpguerssen-test.odoo.rgbconsulting.com\/es\/#website\"},\"primaryImageOfPage\":{\"@id\":\"https:\/\/wpguerssen-test.odoo.rgbconsulting.com\/es\/producto\/negro-e-lindo-45-rpm\/#primaryimage\"},\"image\":{\"@id\":\"https:\/\/wpguerssen-test.odoo.rgbconsulting.com\/es\/producto\/negro-e-lindo-45-rpm\/#primaryimage\"},\"thumbnailUrl\":\"https:\/\/wpguerssen-test.odoo.rgbconsulting.com\/wp-content\/uploads\/2023\/01\/42775.jpg\",\"datePublished\":\"2023-02-12T23:00:00+00:00\",\"dateModified\":\"2024-10-29T15:33:35+00:00\",\"description\":\"Negro \u00c9 Lindo is the eighth album by Brazilian artist Jorge Ben, released in 1971. The title is a translation of the slogan \\\"Black is beautiful\\\" to Portuguese. The album has a song called \\\"Cassius Marcelo Clay\\\" paying homage to boxer and black activist Muhammad Ali. Rather than use overly theatrical performance to shock the audience or write songs loaded with political content, Ben became known as one of the country's great musical alchemists, a furiously eclectic songwriter who combined elements of indigenous Brazilian music with a groove from the west coast of Africa. Never a controversial figure in the manner of the tropicalistas like Caetano Veloso and Gilberto Gil, Ben became one of the most respected and resilient figures in Brazilian pop.\",\"breadcrumb\":{\"@id\":\"https:\/\/wpguerssen-test.odoo.rgbconsulting.com\/es\/producto\/negro-e-lindo-45-rpm\/#breadcrumb\"},\"inLanguage\":\"es\",\"potentialAction\":[{\"@type\":\"ReadAction\",\"target\":[\"https:\/\/wpguerssen-test.odoo.rgbconsulting.com\/es\/producto\/negro-e-lindo-45-rpm\/\"]}]},{\"@type\":\"ImageObject\",\"inLanguage\":\"es\",\"@id\":\"https:\/\/wpguerssen-test.odoo.rgbconsulting.com\/es\/producto\/negro-e-lindo-45-rpm\/#primaryimage\",\"url\":\"https:\/\/wpguerssen-test.odoo.rgbconsulting.com\/wp-content\/uploads\/2023\/01\/42775.jpg\",\"contentUrl\":\"https:\/\/wpguerssen-test.odoo.rgbconsulting.com\/wp-content\/uploads\/2023\/01\/42775.jpg\",\"width\":945,\"height\":945,\"caption\":\"Jorge - Negro \u00e8 Lindo (45 rpm) - AUDIO CLARITY (LP) | Guerssen\"},{\"@type\":\"BreadcrumbList\",\"@id\":\"https:\/\/wpguerssen-test.odoo.rgbconsulting.com\/es\/producto\/negro-e-lindo-45-rpm\/#breadcrumb\",\"itemListElement\":[{\"@type\":\"ListItem\",\"position\":1,\"name\":\"Inicio\",\"item\":\"https:\/\/wpguerssen-test.odoo.rgbconsulting.com\/es\/\"},{\"@type\":\"ListItem\",\"position\":2,\"name\":\"Shop\",\"item\":\"https:\/\/wpguerssen-test.odoo.rgbconsulting.com\/shop\/\"},{\"@type\":\"ListItem\",\"position\":3,\"name\":\"Negro \u00e8 Lindo (45 rpm)\"}]},{\"@type\":\"WebSite\",\"@id\":\"https:\/\/wpguerssen-test.odoo.rgbconsulting.com\/es\/#website\",\"url\":\"https:\/\/wpguerssen-test.odoo.rgbconsulting.com\/es\/\",\"name\":\"Guerssen records\",\"description\":\"psychedelia - progressive - folk - garage \",\"publisher\":{\"@id\":\"https:\/\/wpguerssen-test.odoo.rgbconsulting.com\/es\/#organization\"},\"potentialAction\":[{\"@type\":\"SearchAction\",\"target\":{\"@type\":\"EntryPoint\",\"urlTemplate\":\"https:\/\/wpguerssen-test.odoo.rgbconsulting.com\/es\/?s={search_term_string}\"},\"query-input\":{\"@type\":\"PropertyValueSpecification\",\"valueRequired\":true,\"valueName\":\"search_term_string\"}}],\"inLanguage\":\"es\"},{\"@type\":\"Organization\",\"@id\":\"https:\/\/wpguerssen-test.odoo.rgbconsulting.com\/es\/#organization\",\"name\":\"Guerssen records\",\"url\":\"https:\/\/wpguerssen-test.odoo.rgbconsulting.com\/es\/\",\"logo\":{\"@type\":\"ImageObject\",\"inLanguage\":\"es\",\"@id\":\"https:\/\/wpguerssen-test.odoo.rgbconsulting.com\/es\/#\/schema\/logo\/image\/\",\"url\":\"https:\/\/wpguerssen-test.odoo.rgbconsulting.com\/wp-content\/uploads\/2022\/04\/Logo_Guerssen_trans_100.png\",\"contentUrl\":\"https:\/\/wpguerssen-test.odoo.rgbconsulting.com\/wp-content\/uploads\/2022\/04\/Logo_Guerssen_trans_100.png\",\"width\":122,\"height\":100,\"caption\":\"Guerssen records\"},\"image\":{\"@id\":\"https:\/\/wpguerssen-test.odoo.rgbconsulting.com\/es\/#\/schema\/logo\/image\/\"}}]}<\/script>\n<!-- \/ Yoast SEO plugin. -->","yoast_head_json":{"title":"BEN, Jorge - Negro \u00e8 Lindo (45 rpm) -  (LP) | Guerssen","description":"Negro \u00c9 Lindo is the eighth album by Brazilian artist Jorge Ben, released in 1971. The title is a translation of the slogan \"Black is beautiful\" to Portuguese. The album has a song called \"Cassius Marcelo Clay\" paying homage to boxer and black activist Muhammad Ali. Rather than use overly theatrical performance to shock the audience or write songs loaded with political content, Ben became known as one of the country's great musical alchemists, a furiously eclectic songwriter who combined elements of indigenous Brazilian music with a groove from the west coast of Africa. Never a controversial figure in the manner of the tropicalistas like Caetano Veloso and Gilberto Gil, Ben became one of the most respected and resilient figures in Brazilian pop.","robots":{"index":"index","follow":"follow","max-snippet":"max-snippet:-1","max-image-preview":"max-image-preview:large","max-video-preview":"max-video-preview:-1"},"canonical":"https:\/\/wpguerssen-test.odoo.rgbconsulting.com\/es\/producto\/negro-e-lindo-45-rpm\/","og_locale":"es_ES","og_type":"article","og_title":"BEN, Jorge - Negro \u00e8 Lindo (45 rpm) -  (LP) | Guerssen","og_description":"Negro \u00c9 Lindo is the eighth album by Brazilian artist Jorge Ben, released in 1971. The title is a translation of the slogan \"Black is beautiful\" to Portuguese. The album has a song called \"Cassius Marcelo Clay\" paying homage to boxer and black activist Muhammad Ali. Rather than use overly theatrical performance to shock the audience or write songs loaded with political content, Ben became known as one of the country's great musical alchemists, a furiously eclectic songwriter who combined elements of indigenous Brazilian music with a groove from the west coast of Africa. Never a controversial figure in the manner of the tropicalistas like Caetano Veloso and Gilberto Gil, Ben became one of the most respected and resilient figures in Brazilian pop.","og_url":"https:\/\/wpguerssen-test.odoo.rgbconsulting.com\/es\/producto\/negro-e-lindo-45-rpm\/","og_site_name":"Guerssen records","article_modified_time":"2024-10-29T15:33:35+00:00","og_image":[{"url":"https:\/\/wpguerssen-test.odoo.rgbconsulting.com\/wp-content\/uploads\/2023\/01\/42775.jpg","width":945,"height":945,"type":"image\/jpeg"}],"twitter_card":"summary_large_image","twitter_title":"BEN, Jorge - Negro \u00e8 Lindo (45 rpm) -  (LP) | Guerssen","twitter_misc":{"Tiempo de lectura":"1 minuto"},"schema":{"@context":"https:\/\/schema.org","@graph":[{"@type":"WebPage","@id":"https:\/\/wpguerssen-test.odoo.rgbconsulting.com\/es\/producto\/negro-e-lindo-45-rpm\/","url":"https:\/\/wpguerssen-test.odoo.rgbconsulting.com\/es\/producto\/negro-e-lindo-45-rpm\/","name":"BEN, Jorge - Negro \u00e8 Lindo (45 rpm) - (LP) | Guerssen","isPartOf":{"@id":"https:\/\/wpguerssen-test.odoo.rgbconsulting.com\/es\/#website"},"primaryImageOfPage":{"@id":"https:\/\/wpguerssen-test.odoo.rgbconsulting.com\/es\/producto\/negro-e-lindo-45-rpm\/#primaryimage"},"image":{"@id":"https:\/\/wpguerssen-test.odoo.rgbconsulting.com\/es\/producto\/negro-e-lindo-45-rpm\/#primaryimage"},"thumbnailUrl":"https:\/\/wpguerssen-test.odoo.rgbconsulting.com\/wp-content\/uploads\/2023\/01\/42775.jpg","datePublished":"2023-02-12T23:00:00+00:00","dateModified":"2024-10-29T15:33:35+00:00","description":"Negro \u00c9 Lindo is the eighth album by Brazilian artist Jorge Ben, released in 1971. The title is a translation of the slogan \"Black is beautiful\" to Portuguese. The album has a song called \"Cassius Marcelo Clay\" paying homage to boxer and black activist Muhammad Ali. Rather than use overly theatrical performance to shock the audience or write songs loaded with political content, Ben became known as one of the country's great musical alchemists, a furiously eclectic songwriter who combined elements of indigenous Brazilian music with a groove from the west coast of Africa. Never a controversial figure in the manner of the tropicalistas like Caetano Veloso and Gilberto Gil, Ben became one of the most respected and resilient figures in Brazilian pop.","breadcrumb":{"@id":"https:\/\/wpguerssen-test.odoo.rgbconsulting.com\/es\/producto\/negro-e-lindo-45-rpm\/#breadcrumb"},"inLanguage":"es","potentialAction":[{"@type":"ReadAction","target":["https:\/\/wpguerssen-test.odoo.rgbconsulting.com\/es\/producto\/negro-e-lindo-45-rpm\/"]}]},{"@type":"ImageObject","inLanguage":"es","@id":"https:\/\/wpguerssen-test.odoo.rgbconsulting.com\/es\/producto\/negro-e-lindo-45-rpm\/#primaryimage","url":"https:\/\/wpguerssen-test.odoo.rgbconsulting.com\/wp-content\/uploads\/2023\/01\/42775.jpg","contentUrl":"https:\/\/wpguerssen-test.odoo.rgbconsulting.com\/wp-content\/uploads\/2023\/01\/42775.jpg","width":945,"height":945,"caption":"Jorge - Negro \u00e8 Lindo (45 rpm) - AUDIO CLARITY (LP) | Guerssen"},{"@type":"BreadcrumbList","@id":"https:\/\/wpguerssen-test.odoo.rgbconsulting.com\/es\/producto\/negro-e-lindo-45-rpm\/#breadcrumb","itemListElement":[{"@type":"ListItem","position":1,"name":"Inicio","item":"https:\/\/wpguerssen-test.odoo.rgbconsulting.com\/es\/"},{"@type":"ListItem","position":2,"name":"Shop","item":"https:\/\/wpguerssen-test.odoo.rgbconsulting.com\/shop\/"},{"@type":"ListItem","position":3,"name":"Negro \u00e8 Lindo (45 rpm)"}]},{"@type":"WebSite","@id":"https:\/\/wpguerssen-test.odoo.rgbconsulting.com\/es\/#website","url":"https:\/\/wpguerssen-test.odoo.rgbconsulting.com\/es\/","name":"Guerssen records","description":"psychedelia - progressive - folk - garage ","publisher":{"@id":"https:\/\/wpguerssen-test.odoo.rgbconsulting.com\/es\/#organization"},"potentialAction":[{"@type":"SearchAction","target":{"@type":"EntryPoint","urlTemplate":"https:\/\/wpguerssen-test.odoo.rgbconsulting.com\/es\/?s={search_term_string}"},"query-input":{"@type":"PropertyValueSpecification","valueRequired":true,"valueName":"search_term_string"}}],"inLanguage":"es"},{"@type":"Organization","@id":"https:\/\/wpguerssen-test.odoo.rgbconsulting.com\/es\/#organization","name":"Guerssen records","url":"https:\/\/wpguerssen-test.odoo.rgbconsulting.com\/es\/","logo":{"@type":"ImageObject","inLanguage":"es","@id":"https:\/\/wpguerssen-test.odoo.rgbconsulting.com\/es\/#\/schema\/logo\/image\/","url":"https:\/\/wpguerssen-test.odoo.rgbconsulting.com\/wp-content\/uploads\/2022\/04\/Logo_Guerssen_trans_100.png","contentUrl":"https:\/\/wpguerssen-test.odoo.rgbconsulting.com\/wp-content\/uploads\/2022\/04\/Logo_Guerssen_trans_100.png","width":122,"height":100,"caption":"Guerssen records"},"image":{"@id":"https:\/\/wpguerssen-test.odoo.rgbconsulting.com\/es\/#\/schema\/logo\/image\/"}}]}},"_links":{"self":[{"href":"https:\/\/wpguerssen-test.odoo.rgbconsulting.com\/es\/wp-json\/wp\/v2\/product\/225432","targetHints":{"allow":["GET"]}}],"collection":[{"href":"https:\/\/wpguerssen-test.odoo.rgbconsulting.com\/es\/wp-json\/wp\/v2\/product"}],"about":[{"href":"https:\/\/wpguerssen-test.odoo.rgbconsulting.com\/es\/wp-json\/wp\/v2\/types\/product"}],"wp:featuredmedia":[{"embeddable":true,"href":"https:\/\/wpguerssen-test.odoo.rgbconsulting.com\/es\/wp-json\/wp\/v2\/media\/226077"}],"wp:attachment":[{"href":"https:\/\/wpguerssen-test.odoo.rgbconsulting.com\/es\/wp-json\/wp\/v2\/media?parent=225432"}],"wp:term":[{"taxonomy":"product_brand","embeddable":true,"href":"https:\/\/wpguerssen-test.odoo.rgbconsulting.com\/es\/wp-json\/wp\/v2\/product_brand?post=225432"},{"taxonomy":"product_cat","embeddable":true,"href":"https:\/\/wpguerssen-test.odoo.rgbconsulting.com\/es\/wp-json\/wp\/v2\/product_cat?post=225432"},{"taxonomy":"product_tag","embeddable":true,"href":"https:\/\/wpguerssen-test.odoo.rgbconsulting.com\/es\/wp-json\/wp\/v2\/product_tag?post=225432"}],"curies":[{"name":"wp","href":"https:\/\/api.w.org\/{rel}","templated":true}]}}