{"id":226360,"date":"2023-03-14T00:00:00","date_gmt":"2023-03-13T23:00:00","guid":{"rendered":"https:\/\/wpguerssen-test.odoo.rgbconsulting.com\/product\/punkryonics-singles-rare-tracks-1977-1979\/"},"modified":"2024-02-21T15:56:26","modified_gmt":"2024-02-21T14:56:26","slug":"punkryonics-singles-rare-tracks-1977-1979","status":"publish","type":"product","link":"https:\/\/wpguerssen-test.odoo.rgbconsulting.com\/es\/producto\/punkryonics-singles-rare-tracks-1977-1979\/","title":{"rendered":"Punkryonics Singles &#038; Rare Tracks 1977-1979"},"content":{"rendered":"<p>Los pioneros del punk del este de Londres, The Wasps, formaron parte de la primera ola punk que explot\u00f3 a principios de 1976. Despu\u00e9s de una extensa gira por el Reino Unido, John Peel defendi\u00f3 el sencillo debut &#8216;Teenage Treats&#8217; y el seguimiento &#8216;Can&#8217;t Wait Till&#8217;. El 78&#8242; tambi\u00e9n fue bien recibido; cantando para RCA en 1979, &#8216;Rubber Cars&#8217; tuvo un impacto instant\u00e1neo antes de ser enlatado por el sello, poco antes de la ruptura fatal de la banda. Esta compilaci\u00f3n imprescindible re\u00fane esos grandes 45 con demos in\u00e9ditas, esta edici\u00f3n se completa con una demo de &#8216;Stranger Love&#8217; y la versi\u00f3n Live At The Vortex de &#8216;Waiting For My Man&#8217;. \u00a1Imprescindible para todos los verdaderos amantes del punk!<\/p>\n","protected":false},"excerpt":{"rendered":"<p>Los pioneros del punk del este de Londres, The Wasps, formaron parte de la primera ola punk que explot\u00f3 a principios de 1976. Despu\u00e9s de una extensa gira por el<a class=\"read\" href=\"https:\/\/wpguerssen-test.odoo.rgbconsulting.com\/es\/producto\/punkryonics-singles-rare-tracks-1977-1979\/\"> (...)<\/a>","protected":false},"featured_media":229565,"template":"","meta":{"_acf_changed":false},"product_brand":[],"product_cat":[21650],"product_tag":[],"class_list":{"0":"post-226360","1":"product","2":"type-product","3":"status-publish","4":"has-post-thumbnail","6":"product_cat-punk-es","7":"pa_artist-wasps-the","8":"pa_format-lp-es","9":"pa_gender-punk","10":"pa_label-radiation","11":"pa_location-uk-ireland-es","12":"pa_other-filters-vinyl-only-es","14":"first","15":"instock","16":"taxable","17":"shipping-taxable","18":"purchasable","19":"product-type-simple"},"acf":[],"yoast_head":"<!-- This site is optimized with the Yoast SEO plugin v24.9 - https:\/\/yoast.com\/wordpress\/plugins\/seo\/ -->\n<title>WASPS, The - Punkryonics Singles &amp; Rare Tracks 1977-1979 -  (LP) | Guerssen<\/title>\n<meta name=\"description\" content=\"East London punk pioneers the Wasps were part of the first wave of punk acts that exploded in early 1976. After extensive touring across the UK, debut single &#039;Teenage Treats&#039; was championed by John Peel and follow-up &#039;Can&#039;t Wait Till &#039;78&#039; was also well-received; singing to RCA in 1979, &#039;Rubber Cars&#039; made an instant impact before being canned by the label, shortly before the band&#039;s fatal rupture. This must-have compilation gathers those great 45s with previously unreleased demos, this edition complete with a demo of &#039;Stranger Love&#039; and the Live At The Vortex take of &#039;Waiting For My Man&#039;. A must for all true punk lovers!\" \/>\n<meta name=\"robots\" content=\"index, follow, max-snippet:-1, max-image-preview:large, max-video-preview:-1\" \/>\n<link rel=\"canonical\" href=\"https:\/\/wpguerssen-test.odoo.rgbconsulting.com\/es\/producto\/punkryonics-singles-rare-tracks-1977-1979\/\" \/>\n<meta property=\"og:locale\" content=\"es_ES\" \/>\n<meta property=\"og:type\" content=\"article\" \/>\n<meta property=\"og:title\" content=\"WASPS, The - Punkryonics Singles &amp; Rare Tracks 1977-1979 -  (LP) | Guerssen\" \/>\n<meta property=\"og:description\" content=\"East London punk pioneers the Wasps were part of the first wave of punk acts that exploded in early 1976. After extensive touring across the UK, debut single &#039;Teenage Treats&#039; was championed by John Peel and follow-up &#039;Can&#039;t Wait Till &#039;78&#039; was also well-received; singing to RCA in 1979, &#039;Rubber Cars&#039; made an instant impact before being canned by the label, shortly before the band&#039;s fatal rupture. This must-have compilation gathers those great 45s with previously unreleased demos, this edition complete with a demo of &#039;Stranger Love&#039; and the Live At The Vortex take of &#039;Waiting For My Man&#039;. A must for all true punk lovers!\" \/>\n<meta property=\"og:url\" content=\"https:\/\/wpguerssen-test.odoo.rgbconsulting.com\/es\/producto\/punkryonics-singles-rare-tracks-1977-1979\/\" \/>\n<meta property=\"og:site_name\" content=\"Guerssen records\" \/>\n<meta property=\"article:modified_time\" content=\"2024-02-21T14:56:26+00:00\" \/>\n<meta property=\"og:image\" content=\"https:\/\/wpguerssen-test.odoo.rgbconsulting.com\/wp-content\/uploads\/2023\/03\/42889.jpg\" \/>\n\t<meta property=\"og:image:width\" content=\"1772\" \/>\n\t<meta property=\"og:image:height\" content=\"1772\" \/>\n\t<meta property=\"og:image:type\" content=\"image\/jpeg\" \/>\n<meta name=\"twitter:card\" content=\"summary_large_image\" \/>\n<meta name=\"twitter:title\" content=\"WASPS, The - Punkryonics Singles &amp; Rare Tracks 1977-1979 -  (LP) | Guerssen\" \/>\n<meta name=\"twitter:label1\" content=\"Tiempo de lectura\" \/>\n\t<meta name=\"twitter:data1\" content=\"1 minuto\" \/>\n<script type=\"application\/ld+json\" class=\"yoast-schema-graph\">{\"@context\":\"https:\/\/schema.org\",\"@graph\":[{\"@type\":\"WebPage\",\"@id\":\"https:\/\/wpguerssen-test.odoo.rgbconsulting.com\/es\/producto\/punkryonics-singles-rare-tracks-1977-1979\/\",\"url\":\"https:\/\/wpguerssen-test.odoo.rgbconsulting.com\/es\/producto\/punkryonics-singles-rare-tracks-1977-1979\/\",\"name\":\"WASPS, The - Punkryonics Singles & Rare Tracks 1977-1979 - (LP) | Guerssen\",\"isPartOf\":{\"@id\":\"https:\/\/wpguerssen-test.odoo.rgbconsulting.com\/es\/#website\"},\"primaryImageOfPage\":{\"@id\":\"https:\/\/wpguerssen-test.odoo.rgbconsulting.com\/es\/producto\/punkryonics-singles-rare-tracks-1977-1979\/#primaryimage\"},\"image\":{\"@id\":\"https:\/\/wpguerssen-test.odoo.rgbconsulting.com\/es\/producto\/punkryonics-singles-rare-tracks-1977-1979\/#primaryimage\"},\"thumbnailUrl\":\"https:\/\/wpguerssen-test.odoo.rgbconsulting.com\/wp-content\/uploads\/2023\/03\/42889.jpg\",\"datePublished\":\"2023-03-13T23:00:00+00:00\",\"dateModified\":\"2024-02-21T14:56:26+00:00\",\"description\":\"East London punk pioneers the Wasps were part of the first wave of punk acts that exploded in early 1976. After extensive touring across the UK, debut single 'Teenage Treats' was championed by John Peel and follow-up 'Can't Wait Till '78' was also well-received; singing to RCA in 1979, 'Rubber Cars' made an instant impact before being canned by the label, shortly before the band's fatal rupture. This must-have compilation gathers those great 45s with previously unreleased demos, this edition complete with a demo of 'Stranger Love' and the Live At The Vortex take of 'Waiting For My Man'. A must for all true punk lovers!\",\"breadcrumb\":{\"@id\":\"https:\/\/wpguerssen-test.odoo.rgbconsulting.com\/es\/producto\/punkryonics-singles-rare-tracks-1977-1979\/#breadcrumb\"},\"inLanguage\":\"es\",\"potentialAction\":[{\"@type\":\"ReadAction\",\"target\":[\"https:\/\/wpguerssen-test.odoo.rgbconsulting.com\/es\/producto\/punkryonics-singles-rare-tracks-1977-1979\/\"]}]},{\"@type\":\"ImageObject\",\"inLanguage\":\"es\",\"@id\":\"https:\/\/wpguerssen-test.odoo.rgbconsulting.com\/es\/producto\/punkryonics-singles-rare-tracks-1977-1979\/#primaryimage\",\"url\":\"https:\/\/wpguerssen-test.odoo.rgbconsulting.com\/wp-content\/uploads\/2023\/03\/42889.jpg\",\"contentUrl\":\"https:\/\/wpguerssen-test.odoo.rgbconsulting.com\/wp-content\/uploads\/2023\/03\/42889.jpg\",\"width\":1772,\"height\":1772,\"caption\":\"The - Punkryonics Singles & Rare Tracks 1977-1979 - RADIATION (LP) | Guerssen\"},{\"@type\":\"BreadcrumbList\",\"@id\":\"https:\/\/wpguerssen-test.odoo.rgbconsulting.com\/es\/producto\/punkryonics-singles-rare-tracks-1977-1979\/#breadcrumb\",\"itemListElement\":[{\"@type\":\"ListItem\",\"position\":1,\"name\":\"Inicio\",\"item\":\"https:\/\/wpguerssen-test.odoo.rgbconsulting.com\/es\/\"},{\"@type\":\"ListItem\",\"position\":2,\"name\":\"Shop\",\"item\":\"https:\/\/wpguerssen-test.odoo.rgbconsulting.com\/shop\/\"},{\"@type\":\"ListItem\",\"position\":3,\"name\":\"Punkryonics Singles &#038; Rare Tracks 1977-1979\"}]},{\"@type\":\"WebSite\",\"@id\":\"https:\/\/wpguerssen-test.odoo.rgbconsulting.com\/es\/#website\",\"url\":\"https:\/\/wpguerssen-test.odoo.rgbconsulting.com\/es\/\",\"name\":\"Guerssen records\",\"description\":\"psychedelia - progressive - folk - garage \",\"publisher\":{\"@id\":\"https:\/\/wpguerssen-test.odoo.rgbconsulting.com\/es\/#organization\"},\"potentialAction\":[{\"@type\":\"SearchAction\",\"target\":{\"@type\":\"EntryPoint\",\"urlTemplate\":\"https:\/\/wpguerssen-test.odoo.rgbconsulting.com\/es\/?s={search_term_string}\"},\"query-input\":{\"@type\":\"PropertyValueSpecification\",\"valueRequired\":true,\"valueName\":\"search_term_string\"}}],\"inLanguage\":\"es\"},{\"@type\":\"Organization\",\"@id\":\"https:\/\/wpguerssen-test.odoo.rgbconsulting.com\/es\/#organization\",\"name\":\"Guerssen records\",\"url\":\"https:\/\/wpguerssen-test.odoo.rgbconsulting.com\/es\/\",\"logo\":{\"@type\":\"ImageObject\",\"inLanguage\":\"es\",\"@id\":\"https:\/\/wpguerssen-test.odoo.rgbconsulting.com\/es\/#\/schema\/logo\/image\/\",\"url\":\"https:\/\/wpguerssen-test.odoo.rgbconsulting.com\/wp-content\/uploads\/2022\/04\/Logo_Guerssen_trans_100.png\",\"contentUrl\":\"https:\/\/wpguerssen-test.odoo.rgbconsulting.com\/wp-content\/uploads\/2022\/04\/Logo_Guerssen_trans_100.png\",\"width\":122,\"height\":100,\"caption\":\"Guerssen records\"},\"image\":{\"@id\":\"https:\/\/wpguerssen-test.odoo.rgbconsulting.com\/es\/#\/schema\/logo\/image\/\"}}]}<\/script>\n<!-- \/ Yoast SEO plugin. -->","yoast_head_json":{"title":"WASPS, The - Punkryonics Singles & Rare Tracks 1977-1979 -  (LP) | Guerssen","description":"East London punk pioneers the Wasps were part of the first wave of punk acts that exploded in early 1976. After extensive touring across the UK, debut single 'Teenage Treats' was championed by John Peel and follow-up 'Can't Wait Till '78' was also well-received; singing to RCA in 1979, 'Rubber Cars' made an instant impact before being canned by the label, shortly before the band's fatal rupture. This must-have compilation gathers those great 45s with previously unreleased demos, this edition complete with a demo of 'Stranger Love' and the Live At The Vortex take of 'Waiting For My Man'. A must for all true punk lovers!","robots":{"index":"index","follow":"follow","max-snippet":"max-snippet:-1","max-image-preview":"max-image-preview:large","max-video-preview":"max-video-preview:-1"},"canonical":"https:\/\/wpguerssen-test.odoo.rgbconsulting.com\/es\/producto\/punkryonics-singles-rare-tracks-1977-1979\/","og_locale":"es_ES","og_type":"article","og_title":"WASPS, The - Punkryonics Singles & Rare Tracks 1977-1979 -  (LP) | Guerssen","og_description":"East London punk pioneers the Wasps were part of the first wave of punk acts that exploded in early 1976. After extensive touring across the UK, debut single 'Teenage Treats' was championed by John Peel and follow-up 'Can't Wait Till '78' was also well-received; singing to RCA in 1979, 'Rubber Cars' made an instant impact before being canned by the label, shortly before the band's fatal rupture. This must-have compilation gathers those great 45s with previously unreleased demos, this edition complete with a demo of 'Stranger Love' and the Live At The Vortex take of 'Waiting For My Man'. A must for all true punk lovers!","og_url":"https:\/\/wpguerssen-test.odoo.rgbconsulting.com\/es\/producto\/punkryonics-singles-rare-tracks-1977-1979\/","og_site_name":"Guerssen records","article_modified_time":"2024-02-21T14:56:26+00:00","og_image":[{"width":1772,"height":1772,"url":"https:\/\/wpguerssen-test.odoo.rgbconsulting.com\/wp-content\/uploads\/2023\/03\/42889.jpg","type":"image\/jpeg"}],"twitter_card":"summary_large_image","twitter_title":"WASPS, The - Punkryonics Singles & Rare Tracks 1977-1979 -  (LP) | Guerssen","twitter_misc":{"Tiempo de lectura":"1 minuto"},"schema":{"@context":"https:\/\/schema.org","@graph":[{"@type":"WebPage","@id":"https:\/\/wpguerssen-test.odoo.rgbconsulting.com\/es\/producto\/punkryonics-singles-rare-tracks-1977-1979\/","url":"https:\/\/wpguerssen-test.odoo.rgbconsulting.com\/es\/producto\/punkryonics-singles-rare-tracks-1977-1979\/","name":"WASPS, The - Punkryonics Singles & Rare Tracks 1977-1979 - (LP) | Guerssen","isPartOf":{"@id":"https:\/\/wpguerssen-test.odoo.rgbconsulting.com\/es\/#website"},"primaryImageOfPage":{"@id":"https:\/\/wpguerssen-test.odoo.rgbconsulting.com\/es\/producto\/punkryonics-singles-rare-tracks-1977-1979\/#primaryimage"},"image":{"@id":"https:\/\/wpguerssen-test.odoo.rgbconsulting.com\/es\/producto\/punkryonics-singles-rare-tracks-1977-1979\/#primaryimage"},"thumbnailUrl":"https:\/\/wpguerssen-test.odoo.rgbconsulting.com\/wp-content\/uploads\/2023\/03\/42889.jpg","datePublished":"2023-03-13T23:00:00+00:00","dateModified":"2024-02-21T14:56:26+00:00","description":"East London punk pioneers the Wasps were part of the first wave of punk acts that exploded in early 1976. After extensive touring across the UK, debut single 'Teenage Treats' was championed by John Peel and follow-up 'Can't Wait Till '78' was also well-received; singing to RCA in 1979, 'Rubber Cars' made an instant impact before being canned by the label, shortly before the band's fatal rupture. This must-have compilation gathers those great 45s with previously unreleased demos, this edition complete with a demo of 'Stranger Love' and the Live At The Vortex take of 'Waiting For My Man'. A must for all true punk lovers!","breadcrumb":{"@id":"https:\/\/wpguerssen-test.odoo.rgbconsulting.com\/es\/producto\/punkryonics-singles-rare-tracks-1977-1979\/#breadcrumb"},"inLanguage":"es","potentialAction":[{"@type":"ReadAction","target":["https:\/\/wpguerssen-test.odoo.rgbconsulting.com\/es\/producto\/punkryonics-singles-rare-tracks-1977-1979\/"]}]},{"@type":"ImageObject","inLanguage":"es","@id":"https:\/\/wpguerssen-test.odoo.rgbconsulting.com\/es\/producto\/punkryonics-singles-rare-tracks-1977-1979\/#primaryimage","url":"https:\/\/wpguerssen-test.odoo.rgbconsulting.com\/wp-content\/uploads\/2023\/03\/42889.jpg","contentUrl":"https:\/\/wpguerssen-test.odoo.rgbconsulting.com\/wp-content\/uploads\/2023\/03\/42889.jpg","width":1772,"height":1772,"caption":"The - Punkryonics Singles & Rare Tracks 1977-1979 - RADIATION (LP) | Guerssen"},{"@type":"BreadcrumbList","@id":"https:\/\/wpguerssen-test.odoo.rgbconsulting.com\/es\/producto\/punkryonics-singles-rare-tracks-1977-1979\/#breadcrumb","itemListElement":[{"@type":"ListItem","position":1,"name":"Inicio","item":"https:\/\/wpguerssen-test.odoo.rgbconsulting.com\/es\/"},{"@type":"ListItem","position":2,"name":"Shop","item":"https:\/\/wpguerssen-test.odoo.rgbconsulting.com\/shop\/"},{"@type":"ListItem","position":3,"name":"Punkryonics Singles &#038; Rare Tracks 1977-1979"}]},{"@type":"WebSite","@id":"https:\/\/wpguerssen-test.odoo.rgbconsulting.com\/es\/#website","url":"https:\/\/wpguerssen-test.odoo.rgbconsulting.com\/es\/","name":"Guerssen records","description":"psychedelia - progressive - folk - garage ","publisher":{"@id":"https:\/\/wpguerssen-test.odoo.rgbconsulting.com\/es\/#organization"},"potentialAction":[{"@type":"SearchAction","target":{"@type":"EntryPoint","urlTemplate":"https:\/\/wpguerssen-test.odoo.rgbconsulting.com\/es\/?s={search_term_string}"},"query-input":{"@type":"PropertyValueSpecification","valueRequired":true,"valueName":"search_term_string"}}],"inLanguage":"es"},{"@type":"Organization","@id":"https:\/\/wpguerssen-test.odoo.rgbconsulting.com\/es\/#organization","name":"Guerssen records","url":"https:\/\/wpguerssen-test.odoo.rgbconsulting.com\/es\/","logo":{"@type":"ImageObject","inLanguage":"es","@id":"https:\/\/wpguerssen-test.odoo.rgbconsulting.com\/es\/#\/schema\/logo\/image\/","url":"https:\/\/wpguerssen-test.odoo.rgbconsulting.com\/wp-content\/uploads\/2022\/04\/Logo_Guerssen_trans_100.png","contentUrl":"https:\/\/wpguerssen-test.odoo.rgbconsulting.com\/wp-content\/uploads\/2022\/04\/Logo_Guerssen_trans_100.png","width":122,"height":100,"caption":"Guerssen records"},"image":{"@id":"https:\/\/wpguerssen-test.odoo.rgbconsulting.com\/es\/#\/schema\/logo\/image\/"}}]}},"_links":{"self":[{"href":"https:\/\/wpguerssen-test.odoo.rgbconsulting.com\/es\/wp-json\/wp\/v2\/product\/226360","targetHints":{"allow":["GET"]}}],"collection":[{"href":"https:\/\/wpguerssen-test.odoo.rgbconsulting.com\/es\/wp-json\/wp\/v2\/product"}],"about":[{"href":"https:\/\/wpguerssen-test.odoo.rgbconsulting.com\/es\/wp-json\/wp\/v2\/types\/product"}],"wp:featuredmedia":[{"embeddable":true,"href":"https:\/\/wpguerssen-test.odoo.rgbconsulting.com\/es\/wp-json\/wp\/v2\/media\/229565"}],"wp:attachment":[{"href":"https:\/\/wpguerssen-test.odoo.rgbconsulting.com\/es\/wp-json\/wp\/v2\/media?parent=226360"}],"wp:term":[{"taxonomy":"product_brand","embeddable":true,"href":"https:\/\/wpguerssen-test.odoo.rgbconsulting.com\/es\/wp-json\/wp\/v2\/product_brand?post=226360"},{"taxonomy":"product_cat","embeddable":true,"href":"https:\/\/wpguerssen-test.odoo.rgbconsulting.com\/es\/wp-json\/wp\/v2\/product_cat?post=226360"},{"taxonomy":"product_tag","embeddable":true,"href":"https:\/\/wpguerssen-test.odoo.rgbconsulting.com\/es\/wp-json\/wp\/v2\/product_tag?post=226360"}],"curies":[{"name":"wp","href":"https:\/\/api.w.org\/{rel}","templated":true}]}}