{"id":226361,"date":"2023-02-15T00:00:00","date_gmt":"2023-02-14T23:00:00","guid":{"rendered":"https:\/\/wpguerssen-test.odoo.rgbconsulting.com\/product\/the-singles-collection-78-85\/"},"modified":"2024-06-03T19:11:10","modified_gmt":"2024-06-03T17:11:10","slug":"the-singles-collection-78-85","status":"publish","type":"product","link":"https:\/\/wpguerssen-test.odoo.rgbconsulting.com\/es\/producto\/the-singles-collection-78-85\/","title":{"rendered":"The Singles Collection 78-85"},"content":{"rendered":"<p>Conocidos como los \u00abchicos malos de la escena punk de Ulster\u00bb, el cuarteto de Belfast The Outcasts fue formado en 1977 por el bajista y vocalista Greg Cowan, con los hermanos Colin y Martin en la bater\u00eda y la guitarra r\u00edtmica, junto con Getty Getgood en la voz principal. Con su concierto debut descendiendo a un mot\u00edn, el grupo comenz\u00f3 una larga permanencia en la notoriedad local, cambiando miembros y estilos a medida que su sonido evolucionaba, antes de implosionar en 1985. Esta excelente compilaci\u00f3n re\u00fane los primeros sencillos para los sellos IT, Good Vibrations y GBH. , as\u00ed como trabajos posteriores para Anagram, New Rose y su propio sello Outcasts Only, presentando al temible cuarteto en su mejor momento.<\/p>\n","protected":false},"excerpt":{"rendered":"<p>Conocidos como los \u00abchicos malos de la escena punk de Ulster\u00bb, el cuarteto de Belfast The Outcasts fue formado en 1977 por el bajista y vocalista Greg Cowan, con<a class=\"read\" href=\"https:\/\/wpguerssen-test.odoo.rgbconsulting.com\/es\/producto\/the-singles-collection-78-85\/\"> (...)<\/a>","protected":false},"featured_media":227138,"template":"","meta":{"_acf_changed":false},"product_brand":[],"product_cat":[21650],"product_tag":[],"class_list":{"0":"post-226361","1":"product","2":"type-product","3":"status-publish","4":"has-post-thumbnail","6":"product_cat-punk-es","7":"pa_artist-outcasts-the","8":"pa_format-lp-es","9":"pa_gender-punk","10":"pa_label-radiation","11":"pa_location-uk-ireland-es","12":"pa_other-filters-vinyl-only-es","14":"first","15":"instock","16":"taxable","17":"shipping-taxable","18":"purchasable","19":"product-type-simple"},"acf":[],"yoast_head":"<!-- This site is optimized with the Yoast SEO plugin v24.9 - https:\/\/yoast.com\/wordpress\/plugins\/seo\/ -->\n<title>OUTCASTS, The - The Singles Collection 78-85 -  (LP) | Guerssen<\/title>\n<meta name=\"description\" content=\"Known as the &#039;bad boys of the Ulster punk scene,&#039; Belfast quartet the Outcasts was formed in 1977 by bass ist\/vocalist Greg Cowan, with brothers Colin and Martin on drums and rhythm guitar, along with Getty Getgood on searing lead. With their debut gig descending to a riot, the group began a long tenure of local notoriety, shift ing members and styles as their sound evolved, before imploding in 1985. This ace compila tion gathers early singles for the IT, Good Vibrations and GBH labels, as well as later work for Anagram, New Rose, and their own Outcasts Only imprint, presenting the fearsome foursome at their very best.\" \/>\n<meta name=\"robots\" content=\"index, follow, max-snippet:-1, max-image-preview:large, max-video-preview:-1\" \/>\n<link rel=\"canonical\" href=\"https:\/\/wpguerssen-test.odoo.rgbconsulting.com\/es\/producto\/the-singles-collection-78-85\/\" \/>\n<meta property=\"og:locale\" content=\"es_ES\" \/>\n<meta property=\"og:type\" content=\"article\" \/>\n<meta property=\"og:title\" content=\"OUTCASTS, The - The Singles Collection 78-85 -  (LP) | Guerssen\" \/>\n<meta property=\"og:description\" content=\"Known as the &#039;bad boys of the Ulster punk scene,&#039; Belfast quartet the Outcasts was formed in 1977 by bass ist\/vocalist Greg Cowan, with brothers Colin and Martin on drums and rhythm guitar, along with Getty Getgood on searing lead. With their debut gig descending to a riot, the group began a long tenure of local notoriety, shift ing members and styles as their sound evolved, before imploding in 1985. This ace compila tion gathers early singles for the IT, Good Vibrations and GBH labels, as well as later work for Anagram, New Rose, and their own Outcasts Only imprint, presenting the fearsome foursome at their very best.\" \/>\n<meta property=\"og:url\" content=\"https:\/\/wpguerssen-test.odoo.rgbconsulting.com\/es\/producto\/the-singles-collection-78-85\/\" \/>\n<meta property=\"og:site_name\" content=\"Guerssen records\" \/>\n<meta property=\"article:modified_time\" content=\"2024-06-03T17:11:10+00:00\" \/>\n<meta property=\"og:image\" content=\"https:\/\/wpguerssen-test.odoo.rgbconsulting.com\/wp-content\/uploads\/2023\/02\/42890.jpg\" \/>\n\t<meta property=\"og:image:width\" content=\"886\" \/>\n\t<meta property=\"og:image:height\" content=\"886\" \/>\n\t<meta property=\"og:image:type\" content=\"image\/jpeg\" \/>\n<meta name=\"twitter:card\" content=\"summary_large_image\" \/>\n<meta name=\"twitter:title\" content=\"OUTCASTS, The - The Singles Collection 78-85 -  (LP) | Guerssen\" \/>\n<meta name=\"twitter:label1\" content=\"Tiempo de lectura\" \/>\n\t<meta name=\"twitter:data1\" content=\"1 minuto\" \/>\n<script type=\"application\/ld+json\" class=\"yoast-schema-graph\">{\"@context\":\"https:\/\/schema.org\",\"@graph\":[{\"@type\":\"WebPage\",\"@id\":\"https:\/\/wpguerssen-test.odoo.rgbconsulting.com\/es\/producto\/the-singles-collection-78-85\/\",\"url\":\"https:\/\/wpguerssen-test.odoo.rgbconsulting.com\/es\/producto\/the-singles-collection-78-85\/\",\"name\":\"OUTCASTS, The - The Singles Collection 78-85 - (LP) | Guerssen\",\"isPartOf\":{\"@id\":\"https:\/\/wpguerssen-test.odoo.rgbconsulting.com\/es\/#website\"},\"primaryImageOfPage\":{\"@id\":\"https:\/\/wpguerssen-test.odoo.rgbconsulting.com\/es\/producto\/the-singles-collection-78-85\/#primaryimage\"},\"image\":{\"@id\":\"https:\/\/wpguerssen-test.odoo.rgbconsulting.com\/es\/producto\/the-singles-collection-78-85\/#primaryimage\"},\"thumbnailUrl\":\"https:\/\/wpguerssen-test.odoo.rgbconsulting.com\/wp-content\/uploads\/2023\/02\/42890.jpg\",\"datePublished\":\"2023-02-14T23:00:00+00:00\",\"dateModified\":\"2024-06-03T17:11:10+00:00\",\"description\":\"Known as the 'bad boys of the Ulster punk scene,' Belfast quartet the Outcasts was formed in 1977 by bass ist\/vocalist Greg Cowan, with brothers Colin and Martin on drums and rhythm guitar, along with Getty Getgood on searing lead. With their debut gig descending to a riot, the group began a long tenure of local notoriety, shift ing members and styles as their sound evolved, before imploding in 1985. This ace compila tion gathers early singles for the IT, Good Vibrations and GBH labels, as well as later work for Anagram, New Rose, and their own Outcasts Only imprint, presenting the fearsome foursome at their very best.\",\"breadcrumb\":{\"@id\":\"https:\/\/wpguerssen-test.odoo.rgbconsulting.com\/es\/producto\/the-singles-collection-78-85\/#breadcrumb\"},\"inLanguage\":\"es\",\"potentialAction\":[{\"@type\":\"ReadAction\",\"target\":[\"https:\/\/wpguerssen-test.odoo.rgbconsulting.com\/es\/producto\/the-singles-collection-78-85\/\"]}]},{\"@type\":\"ImageObject\",\"inLanguage\":\"es\",\"@id\":\"https:\/\/wpguerssen-test.odoo.rgbconsulting.com\/es\/producto\/the-singles-collection-78-85\/#primaryimage\",\"url\":\"https:\/\/wpguerssen-test.odoo.rgbconsulting.com\/wp-content\/uploads\/2023\/02\/42890.jpg\",\"contentUrl\":\"https:\/\/wpguerssen-test.odoo.rgbconsulting.com\/wp-content\/uploads\/2023\/02\/42890.jpg\",\"width\":886,\"height\":886,\"caption\":\"The - The Singles Collection 78-85 - RADIATION (LP) | Guerssen\"},{\"@type\":\"BreadcrumbList\",\"@id\":\"https:\/\/wpguerssen-test.odoo.rgbconsulting.com\/es\/producto\/the-singles-collection-78-85\/#breadcrumb\",\"itemListElement\":[{\"@type\":\"ListItem\",\"position\":1,\"name\":\"Inicio\",\"item\":\"https:\/\/wpguerssen-test.odoo.rgbconsulting.com\/es\/\"},{\"@type\":\"ListItem\",\"position\":2,\"name\":\"Shop\",\"item\":\"https:\/\/wpguerssen-test.odoo.rgbconsulting.com\/shop\/\"},{\"@type\":\"ListItem\",\"position\":3,\"name\":\"The Singles Collection 78-85\"}]},{\"@type\":\"WebSite\",\"@id\":\"https:\/\/wpguerssen-test.odoo.rgbconsulting.com\/es\/#website\",\"url\":\"https:\/\/wpguerssen-test.odoo.rgbconsulting.com\/es\/\",\"name\":\"Guerssen records\",\"description\":\"psychedelia - progressive - folk - garage \",\"publisher\":{\"@id\":\"https:\/\/wpguerssen-test.odoo.rgbconsulting.com\/es\/#organization\"},\"potentialAction\":[{\"@type\":\"SearchAction\",\"target\":{\"@type\":\"EntryPoint\",\"urlTemplate\":\"https:\/\/wpguerssen-test.odoo.rgbconsulting.com\/es\/?s={search_term_string}\"},\"query-input\":{\"@type\":\"PropertyValueSpecification\",\"valueRequired\":true,\"valueName\":\"search_term_string\"}}],\"inLanguage\":\"es\"},{\"@type\":\"Organization\",\"@id\":\"https:\/\/wpguerssen-test.odoo.rgbconsulting.com\/es\/#organization\",\"name\":\"Guerssen records\",\"url\":\"https:\/\/wpguerssen-test.odoo.rgbconsulting.com\/es\/\",\"logo\":{\"@type\":\"ImageObject\",\"inLanguage\":\"es\",\"@id\":\"https:\/\/wpguerssen-test.odoo.rgbconsulting.com\/es\/#\/schema\/logo\/image\/\",\"url\":\"https:\/\/wpguerssen-test.odoo.rgbconsulting.com\/wp-content\/uploads\/2022\/04\/Logo_Guerssen_trans_100.png\",\"contentUrl\":\"https:\/\/wpguerssen-test.odoo.rgbconsulting.com\/wp-content\/uploads\/2022\/04\/Logo_Guerssen_trans_100.png\",\"width\":122,\"height\":100,\"caption\":\"Guerssen records\"},\"image\":{\"@id\":\"https:\/\/wpguerssen-test.odoo.rgbconsulting.com\/es\/#\/schema\/logo\/image\/\"}}]}<\/script>\n<!-- \/ Yoast SEO plugin. -->","yoast_head_json":{"title":"OUTCASTS, The - The Singles Collection 78-85 -  (LP) | Guerssen","description":"Known as the 'bad boys of the Ulster punk scene,' Belfast quartet the Outcasts was formed in 1977 by bass ist\/vocalist Greg Cowan, with brothers Colin and Martin on drums and rhythm guitar, along with Getty Getgood on searing lead. With their debut gig descending to a riot, the group began a long tenure of local notoriety, shift ing members and styles as their sound evolved, before imploding in 1985. This ace compila tion gathers early singles for the IT, Good Vibrations and GBH labels, as well as later work for Anagram, New Rose, and their own Outcasts Only imprint, presenting the fearsome foursome at their very best.","robots":{"index":"index","follow":"follow","max-snippet":"max-snippet:-1","max-image-preview":"max-image-preview:large","max-video-preview":"max-video-preview:-1"},"canonical":"https:\/\/wpguerssen-test.odoo.rgbconsulting.com\/es\/producto\/the-singles-collection-78-85\/","og_locale":"es_ES","og_type":"article","og_title":"OUTCASTS, The - The Singles Collection 78-85 -  (LP) | Guerssen","og_description":"Known as the 'bad boys of the Ulster punk scene,' Belfast quartet the Outcasts was formed in 1977 by bass ist\/vocalist Greg Cowan, with brothers Colin and Martin on drums and rhythm guitar, along with Getty Getgood on searing lead. With their debut gig descending to a riot, the group began a long tenure of local notoriety, shift ing members and styles as their sound evolved, before imploding in 1985. This ace compila tion gathers early singles for the IT, Good Vibrations and GBH labels, as well as later work for Anagram, New Rose, and their own Outcasts Only imprint, presenting the fearsome foursome at their very best.","og_url":"https:\/\/wpguerssen-test.odoo.rgbconsulting.com\/es\/producto\/the-singles-collection-78-85\/","og_site_name":"Guerssen records","article_modified_time":"2024-06-03T17:11:10+00:00","og_image":[{"width":886,"height":886,"url":"https:\/\/wpguerssen-test.odoo.rgbconsulting.com\/wp-content\/uploads\/2023\/02\/42890.jpg","type":"image\/jpeg"}],"twitter_card":"summary_large_image","twitter_title":"OUTCASTS, The - The Singles Collection 78-85 -  (LP) | Guerssen","twitter_misc":{"Tiempo de lectura":"1 minuto"},"schema":{"@context":"https:\/\/schema.org","@graph":[{"@type":"WebPage","@id":"https:\/\/wpguerssen-test.odoo.rgbconsulting.com\/es\/producto\/the-singles-collection-78-85\/","url":"https:\/\/wpguerssen-test.odoo.rgbconsulting.com\/es\/producto\/the-singles-collection-78-85\/","name":"OUTCASTS, The - The Singles Collection 78-85 - (LP) | Guerssen","isPartOf":{"@id":"https:\/\/wpguerssen-test.odoo.rgbconsulting.com\/es\/#website"},"primaryImageOfPage":{"@id":"https:\/\/wpguerssen-test.odoo.rgbconsulting.com\/es\/producto\/the-singles-collection-78-85\/#primaryimage"},"image":{"@id":"https:\/\/wpguerssen-test.odoo.rgbconsulting.com\/es\/producto\/the-singles-collection-78-85\/#primaryimage"},"thumbnailUrl":"https:\/\/wpguerssen-test.odoo.rgbconsulting.com\/wp-content\/uploads\/2023\/02\/42890.jpg","datePublished":"2023-02-14T23:00:00+00:00","dateModified":"2024-06-03T17:11:10+00:00","description":"Known as the 'bad boys of the Ulster punk scene,' Belfast quartet the Outcasts was formed in 1977 by bass ist\/vocalist Greg Cowan, with brothers Colin and Martin on drums and rhythm guitar, along with Getty Getgood on searing lead. With their debut gig descending to a riot, the group began a long tenure of local notoriety, shift ing members and styles as their sound evolved, before imploding in 1985. This ace compila tion gathers early singles for the IT, Good Vibrations and GBH labels, as well as later work for Anagram, New Rose, and their own Outcasts Only imprint, presenting the fearsome foursome at their very best.","breadcrumb":{"@id":"https:\/\/wpguerssen-test.odoo.rgbconsulting.com\/es\/producto\/the-singles-collection-78-85\/#breadcrumb"},"inLanguage":"es","potentialAction":[{"@type":"ReadAction","target":["https:\/\/wpguerssen-test.odoo.rgbconsulting.com\/es\/producto\/the-singles-collection-78-85\/"]}]},{"@type":"ImageObject","inLanguage":"es","@id":"https:\/\/wpguerssen-test.odoo.rgbconsulting.com\/es\/producto\/the-singles-collection-78-85\/#primaryimage","url":"https:\/\/wpguerssen-test.odoo.rgbconsulting.com\/wp-content\/uploads\/2023\/02\/42890.jpg","contentUrl":"https:\/\/wpguerssen-test.odoo.rgbconsulting.com\/wp-content\/uploads\/2023\/02\/42890.jpg","width":886,"height":886,"caption":"The - The Singles Collection 78-85 - RADIATION (LP) | Guerssen"},{"@type":"BreadcrumbList","@id":"https:\/\/wpguerssen-test.odoo.rgbconsulting.com\/es\/producto\/the-singles-collection-78-85\/#breadcrumb","itemListElement":[{"@type":"ListItem","position":1,"name":"Inicio","item":"https:\/\/wpguerssen-test.odoo.rgbconsulting.com\/es\/"},{"@type":"ListItem","position":2,"name":"Shop","item":"https:\/\/wpguerssen-test.odoo.rgbconsulting.com\/shop\/"},{"@type":"ListItem","position":3,"name":"The Singles Collection 78-85"}]},{"@type":"WebSite","@id":"https:\/\/wpguerssen-test.odoo.rgbconsulting.com\/es\/#website","url":"https:\/\/wpguerssen-test.odoo.rgbconsulting.com\/es\/","name":"Guerssen records","description":"psychedelia - progressive - folk - garage ","publisher":{"@id":"https:\/\/wpguerssen-test.odoo.rgbconsulting.com\/es\/#organization"},"potentialAction":[{"@type":"SearchAction","target":{"@type":"EntryPoint","urlTemplate":"https:\/\/wpguerssen-test.odoo.rgbconsulting.com\/es\/?s={search_term_string}"},"query-input":{"@type":"PropertyValueSpecification","valueRequired":true,"valueName":"search_term_string"}}],"inLanguage":"es"},{"@type":"Organization","@id":"https:\/\/wpguerssen-test.odoo.rgbconsulting.com\/es\/#organization","name":"Guerssen records","url":"https:\/\/wpguerssen-test.odoo.rgbconsulting.com\/es\/","logo":{"@type":"ImageObject","inLanguage":"es","@id":"https:\/\/wpguerssen-test.odoo.rgbconsulting.com\/es\/#\/schema\/logo\/image\/","url":"https:\/\/wpguerssen-test.odoo.rgbconsulting.com\/wp-content\/uploads\/2022\/04\/Logo_Guerssen_trans_100.png","contentUrl":"https:\/\/wpguerssen-test.odoo.rgbconsulting.com\/wp-content\/uploads\/2022\/04\/Logo_Guerssen_trans_100.png","width":122,"height":100,"caption":"Guerssen records"},"image":{"@id":"https:\/\/wpguerssen-test.odoo.rgbconsulting.com\/es\/#\/schema\/logo\/image\/"}}]}},"_links":{"self":[{"href":"https:\/\/wpguerssen-test.odoo.rgbconsulting.com\/es\/wp-json\/wp\/v2\/product\/226361","targetHints":{"allow":["GET"]}}],"collection":[{"href":"https:\/\/wpguerssen-test.odoo.rgbconsulting.com\/es\/wp-json\/wp\/v2\/product"}],"about":[{"href":"https:\/\/wpguerssen-test.odoo.rgbconsulting.com\/es\/wp-json\/wp\/v2\/types\/product"}],"wp:featuredmedia":[{"embeddable":true,"href":"https:\/\/wpguerssen-test.odoo.rgbconsulting.com\/es\/wp-json\/wp\/v2\/media\/227138"}],"wp:attachment":[{"href":"https:\/\/wpguerssen-test.odoo.rgbconsulting.com\/es\/wp-json\/wp\/v2\/media?parent=226361"}],"wp:term":[{"taxonomy":"product_brand","embeddable":true,"href":"https:\/\/wpguerssen-test.odoo.rgbconsulting.com\/es\/wp-json\/wp\/v2\/product_brand?post=226361"},{"taxonomy":"product_cat","embeddable":true,"href":"https:\/\/wpguerssen-test.odoo.rgbconsulting.com\/es\/wp-json\/wp\/v2\/product_cat?post=226361"},{"taxonomy":"product_tag","embeddable":true,"href":"https:\/\/wpguerssen-test.odoo.rgbconsulting.com\/es\/wp-json\/wp\/v2\/product_tag?post=226361"}],"curies":[{"name":"wp","href":"https:\/\/api.w.org\/{rel}","templated":true}]}}