{"id":226391,"date":"2022-09-30T00:00:00","date_gmt":"2022-09-29T22:00:00","guid":{"rendered":"https:\/\/wpguerssen-test.odoo.rgbconsulting.com\/product\/pop-music-cd\/"},"modified":"2025-03-17T17:29:04","modified_gmt":"2025-03-17T16:29:04","slug":"pop-music-cd","status":"publish","type":"product","link":"https:\/\/wpguerssen-test.odoo.rgbconsulting.com\/es\/producto\/pop-music-cd\/","title":{"rendered":"Pop Music (CD)"},"content":{"rendered":"<p>Interesante disco franc\u00e9s de 1970 con un curioso sonido Library-psicod\u00e9lico con toques jazzy, prog y bossa\/Brazilian. <\/p>\n<p> Tremenda flauta por el virtuoso m\u00fasico Bernard Wystra\u00ebte, hipn\u00f3tico bajo, poderosa bater\u00eda (por Andr\u00e9 Ceccarelli), viol\u00edn, ocasional guitarra fuzz y voz femenina a lo Urszula Dudziak. <\/p>\n<p> En 1970, el sello franc\u00e9s AFA pidi\u00f3 al flautista de formaci\u00f3n cl\u00e1sica Bernard Wystra\u00ebte grabar un disco \u00abpop\u00bb, animados por el \u00e9xito mundial de grupos progresivos como Aphrodite&#8217;s Child o Jethro Tull. Bernard reclut\u00f3 a algunos de sus amigos m\u00fasicos profesionales, con los que hab\u00eda tocado en vivo y as\u00ed naci\u00f3 Structure. Escribi\u00f3 una serie de canciones influenciado por el prog-rock, jazz y la m\u00fasica Brasile\u00f1a y entraron en un estudio de Par\u00eds donde grabaron el \u00e1lbum tocando todos a la vez para dar una sensaci\u00f3n de directo. <\/p>\n<p> \u00abPop Music\u00bb fue publicado a finales de 1970 envuelto en una sugerente portada psicod\u00e9lica. El grupo incluso dio algunos conciertos en Francia y otros pa\u00edses al mismo tiempo que Bernard comenz\u00f3 a acompa\u00f1ar a la famosa cantante Marie Lafor\u00eat en vivo. <\/p>\n<p> Tras la buena acogida de \u00abPop Music\u00bb, otro sello franc\u00e9s contact\u00f3 con Bernard para grabar un sencillo de Structure. \u00abDilatation\u00bb \/ \u00abScale\u00bb se grab\u00f3 con una nueva formaci\u00f3n y fue editado poco despu\u00e9s. Ambas canciones se incluyen como bonus tracks en la versi\u00f3n Digital y en el CD de nuestra reedici\u00f3n. <\/p>\n<p> *Portada de cart\u00f3n duro con dise\u00f1o original<br \/>*Insert con notas y fotos<br \/>*Cup\u00f3n de descarga (incluye dos bonus tracks) <\/p>\n<p> **Recomendado si te gustan Jean Cohen-Solal, COS, Cortex, ZAO, Triode&#8230;** <\/p>\n<p> Tracklist:<br \/>1. Le Voyage (A) &#8211; 2. Le Voyage (B) &#8211; 3. Inter Mobile &#8211; 4. Prelude No1 &#8211; 5. Episodes &#8211; 6. Sexonomie &#8211; 7. Climat<br \/>CD and Digital Bonus tracks:<br \/>8. Dilatation (bonus track)<br \/>9. Scale (bonus track)<\/p>\n","protected":false},"excerpt":{"rendered":"<p>Interesante disco franc\u00e9s de 1970 con un curioso sonido Library-psicod\u00e9lico con toques jazzy, prog y bossa\/Brazilian. <\/p>\n<p>\u00a0<\/p>\n<p> Tremenda flauta por el virtuoso<a class=\"read\" href=\"https:\/\/wpguerssen-test.odoo.rgbconsulting.com\/es\/producto\/pop-music-cd\/\"> (...)<\/a>","protected":false},"featured_media":227237,"template":"","meta":{"_acf_changed":false},"product_brand":[],"product_cat":[21639,23228],"product_tag":[29138],"class_list":{"0":"post-226391","1":"product","2":"type-product","3":"status-publish","4":"has-post-thumbnail","6":"product_cat-psychedelic60s-70s-es","7":"product_cat-jazz-funk-es","8":"product_tag-cd-es","9":"pa_artist-structure","10":"pa_format-cd-2-es","11":"pa_gender-jazz-funk-psychedelic60s-70s","12":"pa_label-sommor-es","13":"pa_location-europe-es","15":"first","16":"instock","17":"taxable","18":"shipping-taxable","19":"purchasable","20":"product-type-simple"},"acf":[],"yoast_head":"<!-- This site is optimized with the Yoast SEO plugin v24.9 - https:\/\/yoast.com\/wordpress\/plugins\/seo\/ -->\n<title>STRUCTURE - Pop Music (CD) -  (CD) | Guerssen<\/title>\n<meta name=\"description\" content=\"Cool library-styled French album from 1970. #nl# Psychedelic, proggy jazz-funk with Brazilian\/Bossa touches! #nl# Groovy flute by BERNARD WYSTRA\u00cbTE plus heavy bass, drums (by ANDR\u00c9 CECCARELLI), violin, occasional fuzz-wah guitar and Urszula Dudziak-like scat vocals. #nl# In 1970, the AFA label asked flautist Bernard Wystra\u00ebte to register a &quot;pop&quot; album after the worldwide impact of progressive bands like Aphrodite&#039;s Child and Jethro Tull.Bernard recruited some of his friends who were professional musicians and Structure was born. He wrote a collection of songs influenced by progressive rock, jazz and Brazilian music. The &quot;Pop Music&quot; album was recorded live in the studio to give a &quot;live show&quot; feel. It was released later that year housed in a superb psychedelic sleeve. The band even toured across France and several countries at the same time that Bernard and other Structure members started backing famous French singer Marie Lafor\u00eat live. #nl# After the good reception given to the album, another label asked Bernard to record a Structure 45. &quot;Dilatation&quot; \/ &quot;Scale&quot; was released under a new line-up. Both tracks of this 45 are included as bonus tracks on the Digital Download version and the CD. #nl# *Original artwork in hard cardboard sleeve*Insert with liner notes and photos*Download card of the album plus two bonus tracks from a rare 45 #nl# RIYL: Jean Cohen-Solal, COS, Cortex, ZAO, Triode... #nl# Tracklist:1. Le Voyage (A) - 2. Le Voyage (B) - 3. Inter Mobile - 4. Prelude No1 - 5. Episodes - 6. Sexonomie - 7. ClimatCD and Digital Bonus tracks:8. Dilatation (bonus track)9. Scale (bonus track)\" \/>\n<meta name=\"robots\" content=\"index, follow, max-snippet:-1, max-image-preview:large, max-video-preview:-1\" \/>\n<link rel=\"canonical\" href=\"https:\/\/wpguerssen-test.odoo.rgbconsulting.com\/es\/producto\/pop-music-cd\/\" \/>\n<meta property=\"og:locale\" content=\"es_ES\" \/>\n<meta property=\"og:type\" content=\"article\" \/>\n<meta property=\"og:title\" content=\"STRUCTURE - Pop Music (CD) -  (CD) | Guerssen\" \/>\n<meta property=\"og:description\" content=\"Cool library-styled French album from 1970. #nl# Psychedelic, proggy jazz-funk with Brazilian\/Bossa touches! #nl# Groovy flute by BERNARD WYSTRA\u00cbTE plus heavy bass, drums (by ANDR\u00c9 CECCARELLI), violin, occasional fuzz-wah guitar and Urszula Dudziak-like scat vocals. #nl# In 1970, the AFA label asked flautist Bernard Wystra\u00ebte to register a &quot;pop&quot; album after the worldwide impact of progressive bands like Aphrodite&#039;s Child and Jethro Tull.Bernard recruited some of his friends who were professional musicians and Structure was born. He wrote a collection of songs influenced by progressive rock, jazz and Brazilian music. The &quot;Pop Music&quot; album was recorded live in the studio to give a &quot;live show&quot; feel. It was released later that year housed in a superb psychedelic sleeve. The band even toured across France and several countries at the same time that Bernard and other Structure members started backing famous French singer Marie Lafor\u00eat live. #nl# After the good reception given to the album, another label asked Bernard to record a Structure 45. &quot;Dilatation&quot; \/ &quot;Scale&quot; was released under a new line-up. Both tracks of this 45 are included as bonus tracks on the Digital Download version and the CD. #nl# *Original artwork in hard cardboard sleeve*Insert with liner notes and photos*Download card of the album plus two bonus tracks from a rare 45 #nl# RIYL: Jean Cohen-Solal, COS, Cortex, ZAO, Triode... #nl# Tracklist:1. Le Voyage (A) - 2. Le Voyage (B) - 3. Inter Mobile - 4. Prelude No1 - 5. Episodes - 6. Sexonomie - 7. ClimatCD and Digital Bonus tracks:8. Dilatation (bonus track)9. Scale (bonus track)\" \/>\n<meta property=\"og:url\" content=\"https:\/\/wpguerssen-test.odoo.rgbconsulting.com\/es\/producto\/pop-music-cd\/\" \/>\n<meta property=\"og:site_name\" content=\"Guerssen records\" \/>\n<meta property=\"article:modified_time\" content=\"2025-03-17T16:29:04+00:00\" \/>\n<meta property=\"og:image\" content=\"https:\/\/wpguerssen-test.odoo.rgbconsulting.com\/wp-content\/uploads\/2023\/02\/41014-1024x1024.jpg\" \/>\n\t<meta property=\"og:image:width\" content=\"1024\" \/>\n\t<meta property=\"og:image:height\" content=\"1024\" \/>\n\t<meta property=\"og:image:type\" content=\"image\/jpeg\" \/>\n<meta name=\"twitter:card\" content=\"summary_large_image\" \/>\n<meta name=\"twitter:title\" content=\"STRUCTURE - Pop Music (CD) -  (CD) | Guerssen\" \/>\n<meta name=\"twitter:label1\" content=\"Tiempo de lectura\" \/>\n\t<meta name=\"twitter:data1\" content=\"2 minutos\" \/>\n<script type=\"application\/ld+json\" class=\"yoast-schema-graph\">{\"@context\":\"https:\/\/schema.org\",\"@graph\":[{\"@type\":\"WebPage\",\"@id\":\"https:\/\/wpguerssen-test.odoo.rgbconsulting.com\/es\/producto\/pop-music-cd\/\",\"url\":\"https:\/\/wpguerssen-test.odoo.rgbconsulting.com\/es\/producto\/pop-music-cd\/\",\"name\":\"STRUCTURE - Pop Music (CD) - (CD) | Guerssen\",\"isPartOf\":{\"@id\":\"https:\/\/wpguerssen-test.odoo.rgbconsulting.com\/es\/#website\"},\"primaryImageOfPage\":{\"@id\":\"https:\/\/wpguerssen-test.odoo.rgbconsulting.com\/es\/producto\/pop-music-cd\/#primaryimage\"},\"image\":{\"@id\":\"https:\/\/wpguerssen-test.odoo.rgbconsulting.com\/es\/producto\/pop-music-cd\/#primaryimage\"},\"thumbnailUrl\":\"https:\/\/wpguerssen-test.odoo.rgbconsulting.com\/wp-content\/uploads\/2023\/02\/41014.jpg\",\"datePublished\":\"2022-09-29T22:00:00+00:00\",\"dateModified\":\"2025-03-17T16:29:04+00:00\",\"description\":\"Cool library-styled French album from 1970. #nl# Psychedelic, proggy jazz-funk with Brazilian\/Bossa touches! #nl# Groovy flute by BERNARD WYSTRA\u00cbTE plus heavy bass, drums (by ANDR\u00c9 CECCARELLI), violin, occasional fuzz-wah guitar and Urszula Dudziak-like scat vocals. #nl# In 1970, the AFA label asked flautist Bernard Wystra\u00ebte to register a \\\"pop\\\" album after the worldwide impact of progressive bands like Aphrodite's Child and Jethro Tull.Bernard recruited some of his friends who were professional musicians and Structure was born. He wrote a collection of songs influenced by progressive rock, jazz and Brazilian music. The \\\"Pop Music\\\" album was recorded live in the studio to give a \\\"live show\\\" feel. It was released later that year housed in a superb psychedelic sleeve. The band even toured across France and several countries at the same time that Bernard and other Structure members started backing famous French singer Marie Lafor\u00eat live. #nl# After the good reception given to the album, another label asked Bernard to record a Structure 45. \\\"Dilatation\\\" \/ \\\"Scale\\\" was released under a new line-up. Both tracks of this 45 are included as bonus tracks on the Digital Download version and the CD. #nl# *Original artwork in hard cardboard sleeve*Insert with liner notes and photos*Download card of the album plus two bonus tracks from a rare 45 #nl# RIYL: Jean Cohen-Solal, COS, Cortex, ZAO, Triode... #nl# Tracklist:1. Le Voyage (A) - 2. Le Voyage (B) - 3. Inter Mobile - 4. Prelude No1 - 5. Episodes - 6. Sexonomie - 7. ClimatCD and Digital Bonus tracks:8. Dilatation (bonus track)9. Scale (bonus track)\",\"breadcrumb\":{\"@id\":\"https:\/\/wpguerssen-test.odoo.rgbconsulting.com\/es\/producto\/pop-music-cd\/#breadcrumb\"},\"inLanguage\":\"es\",\"potentialAction\":[{\"@type\":\"ReadAction\",\"target\":[\"https:\/\/wpguerssen-test.odoo.rgbconsulting.com\/es\/producto\/pop-music-cd\/\"]}]},{\"@type\":\"ImageObject\",\"inLanguage\":\"es\",\"@id\":\"https:\/\/wpguerssen-test.odoo.rgbconsulting.com\/es\/producto\/pop-music-cd\/#primaryimage\",\"url\":\"https:\/\/wpguerssen-test.odoo.rgbconsulting.com\/wp-content\/uploads\/2023\/02\/41014.jpg\",\"contentUrl\":\"https:\/\/wpguerssen-test.odoo.rgbconsulting.com\/wp-content\/uploads\/2023\/02\/41014.jpg\",\"width\":1400,\"height\":1400},{\"@type\":\"BreadcrumbList\",\"@id\":\"https:\/\/wpguerssen-test.odoo.rgbconsulting.com\/es\/producto\/pop-music-cd\/#breadcrumb\",\"itemListElement\":[{\"@type\":\"ListItem\",\"position\":1,\"name\":\"Inicio\",\"item\":\"https:\/\/wpguerssen-test.odoo.rgbconsulting.com\/es\/\"},{\"@type\":\"ListItem\",\"position\":2,\"name\":\"Shop\",\"item\":\"https:\/\/wpguerssen-test.odoo.rgbconsulting.com\/shop\/\"},{\"@type\":\"ListItem\",\"position\":3,\"name\":\"Pop Music (CD)\"}]},{\"@type\":\"WebSite\",\"@id\":\"https:\/\/wpguerssen-test.odoo.rgbconsulting.com\/es\/#website\",\"url\":\"https:\/\/wpguerssen-test.odoo.rgbconsulting.com\/es\/\",\"name\":\"Guerssen records\",\"description\":\"psychedelia - progressive - folk - garage \",\"publisher\":{\"@id\":\"https:\/\/wpguerssen-test.odoo.rgbconsulting.com\/es\/#organization\"},\"potentialAction\":[{\"@type\":\"SearchAction\",\"target\":{\"@type\":\"EntryPoint\",\"urlTemplate\":\"https:\/\/wpguerssen-test.odoo.rgbconsulting.com\/es\/?s={search_term_string}\"},\"query-input\":{\"@type\":\"PropertyValueSpecification\",\"valueRequired\":true,\"valueName\":\"search_term_string\"}}],\"inLanguage\":\"es\"},{\"@type\":\"Organization\",\"@id\":\"https:\/\/wpguerssen-test.odoo.rgbconsulting.com\/es\/#organization\",\"name\":\"Guerssen records\",\"url\":\"https:\/\/wpguerssen-test.odoo.rgbconsulting.com\/es\/\",\"logo\":{\"@type\":\"ImageObject\",\"inLanguage\":\"es\",\"@id\":\"https:\/\/wpguerssen-test.odoo.rgbconsulting.com\/es\/#\/schema\/logo\/image\/\",\"url\":\"https:\/\/wpguerssen-test.odoo.rgbconsulting.com\/wp-content\/uploads\/2022\/04\/Logo_Guerssen_trans_100.png\",\"contentUrl\":\"https:\/\/wpguerssen-test.odoo.rgbconsulting.com\/wp-content\/uploads\/2022\/04\/Logo_Guerssen_trans_100.png\",\"width\":122,\"height\":100,\"caption\":\"Guerssen records\"},\"image\":{\"@id\":\"https:\/\/wpguerssen-test.odoo.rgbconsulting.com\/es\/#\/schema\/logo\/image\/\"}}]}<\/script>\n<!-- \/ Yoast SEO plugin. -->","yoast_head_json":{"title":"STRUCTURE - Pop Music (CD) -  (CD) | Guerssen","description":"Cool library-styled French album from 1970. #nl# Psychedelic, proggy jazz-funk with Brazilian\/Bossa touches! #nl# Groovy flute by BERNARD WYSTRA\u00cbTE plus heavy bass, drums (by ANDR\u00c9 CECCARELLI), violin, occasional fuzz-wah guitar and Urszula Dudziak-like scat vocals. #nl# In 1970, the AFA label asked flautist Bernard Wystra\u00ebte to register a \"pop\" album after the worldwide impact of progressive bands like Aphrodite's Child and Jethro Tull.Bernard recruited some of his friends who were professional musicians and Structure was born. He wrote a collection of songs influenced by progressive rock, jazz and Brazilian music. The \"Pop Music\" album was recorded live in the studio to give a \"live show\" feel. It was released later that year housed in a superb psychedelic sleeve. The band even toured across France and several countries at the same time that Bernard and other Structure members started backing famous French singer Marie Lafor\u00eat live. #nl# After the good reception given to the album, another label asked Bernard to record a Structure 45. \"Dilatation\" \/ \"Scale\" was released under a new line-up. Both tracks of this 45 are included as bonus tracks on the Digital Download version and the CD. #nl# *Original artwork in hard cardboard sleeve*Insert with liner notes and photos*Download card of the album plus two bonus tracks from a rare 45 #nl# RIYL: Jean Cohen-Solal, COS, Cortex, ZAO, Triode... #nl# Tracklist:1. Le Voyage (A) - 2. Le Voyage (B) - 3. Inter Mobile - 4. Prelude No1 - 5. Episodes - 6. Sexonomie - 7. ClimatCD and Digital Bonus tracks:8. Dilatation (bonus track)9. Scale (bonus track)","robots":{"index":"index","follow":"follow","max-snippet":"max-snippet:-1","max-image-preview":"max-image-preview:large","max-video-preview":"max-video-preview:-1"},"canonical":"https:\/\/wpguerssen-test.odoo.rgbconsulting.com\/es\/producto\/pop-music-cd\/","og_locale":"es_ES","og_type":"article","og_title":"STRUCTURE - Pop Music (CD) -  (CD) | Guerssen","og_description":"Cool library-styled French album from 1970. #nl# Psychedelic, proggy jazz-funk with Brazilian\/Bossa touches! #nl# Groovy flute by BERNARD WYSTRA\u00cbTE plus heavy bass, drums (by ANDR\u00c9 CECCARELLI), violin, occasional fuzz-wah guitar and Urszula Dudziak-like scat vocals. #nl# In 1970, the AFA label asked flautist Bernard Wystra\u00ebte to register a \"pop\" album after the worldwide impact of progressive bands like Aphrodite's Child and Jethro Tull.Bernard recruited some of his friends who were professional musicians and Structure was born. He wrote a collection of songs influenced by progressive rock, jazz and Brazilian music. The \"Pop Music\" album was recorded live in the studio to give a \"live show\" feel. It was released later that year housed in a superb psychedelic sleeve. The band even toured across France and several countries at the same time that Bernard and other Structure members started backing famous French singer Marie Lafor\u00eat live. #nl# After the good reception given to the album, another label asked Bernard to record a Structure 45. \"Dilatation\" \/ \"Scale\" was released under a new line-up. Both tracks of this 45 are included as bonus tracks on the Digital Download version and the CD. #nl# *Original artwork in hard cardboard sleeve*Insert with liner notes and photos*Download card of the album plus two bonus tracks from a rare 45 #nl# RIYL: Jean Cohen-Solal, COS, Cortex, ZAO, Triode... #nl# Tracklist:1. Le Voyage (A) - 2. Le Voyage (B) - 3. Inter Mobile - 4. Prelude No1 - 5. Episodes - 6. Sexonomie - 7. ClimatCD and Digital Bonus tracks:8. Dilatation (bonus track)9. Scale (bonus track)","og_url":"https:\/\/wpguerssen-test.odoo.rgbconsulting.com\/es\/producto\/pop-music-cd\/","og_site_name":"Guerssen records","article_modified_time":"2025-03-17T16:29:04+00:00","og_image":[{"width":1024,"height":1024,"url":"https:\/\/wpguerssen-test.odoo.rgbconsulting.com\/wp-content\/uploads\/2023\/02\/41014-1024x1024.jpg","type":"image\/jpeg"}],"twitter_card":"summary_large_image","twitter_title":"STRUCTURE - Pop Music (CD) -  (CD) | Guerssen","twitter_misc":{"Tiempo de lectura":"2 minutos"},"schema":{"@context":"https:\/\/schema.org","@graph":[{"@type":"WebPage","@id":"https:\/\/wpguerssen-test.odoo.rgbconsulting.com\/es\/producto\/pop-music-cd\/","url":"https:\/\/wpguerssen-test.odoo.rgbconsulting.com\/es\/producto\/pop-music-cd\/","name":"STRUCTURE - Pop Music (CD) - (CD) | Guerssen","isPartOf":{"@id":"https:\/\/wpguerssen-test.odoo.rgbconsulting.com\/es\/#website"},"primaryImageOfPage":{"@id":"https:\/\/wpguerssen-test.odoo.rgbconsulting.com\/es\/producto\/pop-music-cd\/#primaryimage"},"image":{"@id":"https:\/\/wpguerssen-test.odoo.rgbconsulting.com\/es\/producto\/pop-music-cd\/#primaryimage"},"thumbnailUrl":"https:\/\/wpguerssen-test.odoo.rgbconsulting.com\/wp-content\/uploads\/2023\/02\/41014.jpg","datePublished":"2022-09-29T22:00:00+00:00","dateModified":"2025-03-17T16:29:04+00:00","description":"Cool library-styled French album from 1970. #nl# Psychedelic, proggy jazz-funk with Brazilian\/Bossa touches! #nl# Groovy flute by BERNARD WYSTRA\u00cbTE plus heavy bass, drums (by ANDR\u00c9 CECCARELLI), violin, occasional fuzz-wah guitar and Urszula Dudziak-like scat vocals. #nl# In 1970, the AFA label asked flautist Bernard Wystra\u00ebte to register a \"pop\" album after the worldwide impact of progressive bands like Aphrodite's Child and Jethro Tull.Bernard recruited some of his friends who were professional musicians and Structure was born. He wrote a collection of songs influenced by progressive rock, jazz and Brazilian music. The \"Pop Music\" album was recorded live in the studio to give a \"live show\" feel. It was released later that year housed in a superb psychedelic sleeve. The band even toured across France and several countries at the same time that Bernard and other Structure members started backing famous French singer Marie Lafor\u00eat live. #nl# After the good reception given to the album, another label asked Bernard to record a Structure 45. \"Dilatation\" \/ \"Scale\" was released under a new line-up. Both tracks of this 45 are included as bonus tracks on the Digital Download version and the CD. #nl# *Original artwork in hard cardboard sleeve*Insert with liner notes and photos*Download card of the album plus two bonus tracks from a rare 45 #nl# RIYL: Jean Cohen-Solal, COS, Cortex, ZAO, Triode... #nl# Tracklist:1. Le Voyage (A) - 2. Le Voyage (B) - 3. Inter Mobile - 4. Prelude No1 - 5. Episodes - 6. Sexonomie - 7. ClimatCD and Digital Bonus tracks:8. Dilatation (bonus track)9. Scale (bonus track)","breadcrumb":{"@id":"https:\/\/wpguerssen-test.odoo.rgbconsulting.com\/es\/producto\/pop-music-cd\/#breadcrumb"},"inLanguage":"es","potentialAction":[{"@type":"ReadAction","target":["https:\/\/wpguerssen-test.odoo.rgbconsulting.com\/es\/producto\/pop-music-cd\/"]}]},{"@type":"ImageObject","inLanguage":"es","@id":"https:\/\/wpguerssen-test.odoo.rgbconsulting.com\/es\/producto\/pop-music-cd\/#primaryimage","url":"https:\/\/wpguerssen-test.odoo.rgbconsulting.com\/wp-content\/uploads\/2023\/02\/41014.jpg","contentUrl":"https:\/\/wpguerssen-test.odoo.rgbconsulting.com\/wp-content\/uploads\/2023\/02\/41014.jpg","width":1400,"height":1400},{"@type":"BreadcrumbList","@id":"https:\/\/wpguerssen-test.odoo.rgbconsulting.com\/es\/producto\/pop-music-cd\/#breadcrumb","itemListElement":[{"@type":"ListItem","position":1,"name":"Inicio","item":"https:\/\/wpguerssen-test.odoo.rgbconsulting.com\/es\/"},{"@type":"ListItem","position":2,"name":"Shop","item":"https:\/\/wpguerssen-test.odoo.rgbconsulting.com\/shop\/"},{"@type":"ListItem","position":3,"name":"Pop Music (CD)"}]},{"@type":"WebSite","@id":"https:\/\/wpguerssen-test.odoo.rgbconsulting.com\/es\/#website","url":"https:\/\/wpguerssen-test.odoo.rgbconsulting.com\/es\/","name":"Guerssen records","description":"psychedelia - progressive - folk - garage ","publisher":{"@id":"https:\/\/wpguerssen-test.odoo.rgbconsulting.com\/es\/#organization"},"potentialAction":[{"@type":"SearchAction","target":{"@type":"EntryPoint","urlTemplate":"https:\/\/wpguerssen-test.odoo.rgbconsulting.com\/es\/?s={search_term_string}"},"query-input":{"@type":"PropertyValueSpecification","valueRequired":true,"valueName":"search_term_string"}}],"inLanguage":"es"},{"@type":"Organization","@id":"https:\/\/wpguerssen-test.odoo.rgbconsulting.com\/es\/#organization","name":"Guerssen records","url":"https:\/\/wpguerssen-test.odoo.rgbconsulting.com\/es\/","logo":{"@type":"ImageObject","inLanguage":"es","@id":"https:\/\/wpguerssen-test.odoo.rgbconsulting.com\/es\/#\/schema\/logo\/image\/","url":"https:\/\/wpguerssen-test.odoo.rgbconsulting.com\/wp-content\/uploads\/2022\/04\/Logo_Guerssen_trans_100.png","contentUrl":"https:\/\/wpguerssen-test.odoo.rgbconsulting.com\/wp-content\/uploads\/2022\/04\/Logo_Guerssen_trans_100.png","width":122,"height":100,"caption":"Guerssen records"},"image":{"@id":"https:\/\/wpguerssen-test.odoo.rgbconsulting.com\/es\/#\/schema\/logo\/image\/"}}]}},"_links":{"self":[{"href":"https:\/\/wpguerssen-test.odoo.rgbconsulting.com\/es\/wp-json\/wp\/v2\/product\/226391","targetHints":{"allow":["GET"]}}],"collection":[{"href":"https:\/\/wpguerssen-test.odoo.rgbconsulting.com\/es\/wp-json\/wp\/v2\/product"}],"about":[{"href":"https:\/\/wpguerssen-test.odoo.rgbconsulting.com\/es\/wp-json\/wp\/v2\/types\/product"}],"wp:featuredmedia":[{"embeddable":true,"href":"https:\/\/wpguerssen-test.odoo.rgbconsulting.com\/es\/wp-json\/wp\/v2\/media\/227237"}],"wp:attachment":[{"href":"https:\/\/wpguerssen-test.odoo.rgbconsulting.com\/es\/wp-json\/wp\/v2\/media?parent=226391"}],"wp:term":[{"taxonomy":"product_brand","embeddable":true,"href":"https:\/\/wpguerssen-test.odoo.rgbconsulting.com\/es\/wp-json\/wp\/v2\/product_brand?post=226391"},{"taxonomy":"product_cat","embeddable":true,"href":"https:\/\/wpguerssen-test.odoo.rgbconsulting.com\/es\/wp-json\/wp\/v2\/product_cat?post=226391"},{"taxonomy":"product_tag","embeddable":true,"href":"https:\/\/wpguerssen-test.odoo.rgbconsulting.com\/es\/wp-json\/wp\/v2\/product_tag?post=226391"}],"curies":[{"name":"wp","href":"https:\/\/api.w.org\/{rel}","templated":true}]}}