{"id":226532,"date":"2025-01-07T00:00:00","date_gmt":"2025-01-06T23:00:00","guid":{"rendered":"https:\/\/wpguerssen-test.odoo.rgbconsulting.com\/product\/scientist-wins-the-world-cup\/"},"modified":"2025-04-15T13:52:41","modified_gmt":"2025-04-15T11:52:41","slug":"scientist-wins-the-world-cup","status":"publish","type":"product","link":"https:\/\/wpguerssen-test.odoo.rgbconsulting.com\/es\/producto\/scientist-wins-the-world-cup\/","title":{"rendered":"Scientist Wins The World Cup"},"content":{"rendered":"<p>El nombre Scientist se puede encontrar en cualquier colecci\u00f3n de discos de Dub; \u00e9l era un protegido de King Tubby, y muchos dir\u00edan que cuando el dub cay\u00f3, fue Scientist quien le dio nueva vida. Su estilo de mezcla reducido se adaptaba al sonido dancehall reggae que lleg\u00f3 a principios de los 80. Este \u00e1lbum de 1982 incluye el dub de valor incalculable del cl\u00e1sico \u00abGive a Little Love\u00bb de Johnny Osbourne, as\u00ed como otros cortes de la talla de Hugh Mundell y Wayne Jarrett. The Scientist siempre tiene el control!<\/p>\n","protected":false},"excerpt":{"rendered":"<p>El nombre Scientist se puede encontrar en cualquier colecci\u00f3n de discos de Dub; \u00e9l era un protegido de King Tubby, y muchos dir\u00edan que cuando el dub cay\u00f3, fue<a class=\"read\" href=\"https:\/\/wpguerssen-test.odoo.rgbconsulting.com\/es\/producto\/scientist-wins-the-world-cup\/\"> (...)<\/a>","protected":false},"featured_media":228847,"template":"","meta":{"_acf_changed":false},"product_brand":[],"product_cat":[21666],"product_tag":[],"class_list":{"0":"post-226532","1":"product","2":"type-product","3":"status-publish","4":"has-post-thumbnail","6":"product_cat-reggae-ska-dub-es","7":"pa_artist-scientist","8":"pa_format-lp-es","9":"pa_gender-reggae-ska-dub","10":"pa_label-dub-mirumir","11":"pa_location-south-america-caribbean-es","12":"pa_other-filters-vinyl-only-es","14":"first","15":"instock","16":"taxable","17":"shipping-taxable","18":"purchasable","19":"product-type-simple"},"acf":[],"yoast_head":"<!-- This site is optimized with the Yoast SEO plugin v24.9 - https:\/\/yoast.com\/wordpress\/plugins\/seo\/ -->\n<title>SCIENTIST - Scientist Wins The World Cup -  (LP) | Guerssen<\/title>\n<meta name=\"description\" content=\"Scientist&#039;s name can be found all over any dub record collection; he was a prot\u00e9g\u00e9 of King Tubby, and many would say that when dub fell on quieter times it was Scientist who breathed new life into it. His pared-down mixing style suited the dancehall reggae sound that arrived as the &#039;70s rolled into the &#039;80s. This 1982 album includes the priceless dub of Johnny Osbourne&#039;s classic &quot;Give a Little Love,&quot; as well as further cuts of the likes of Hugh Mundell and Wayne Jarrett. Scientist is always in control.\" \/>\n<meta name=\"robots\" content=\"index, follow, max-snippet:-1, max-image-preview:large, max-video-preview:-1\" \/>\n<link rel=\"canonical\" href=\"https:\/\/wpguerssen-test.odoo.rgbconsulting.com\/es\/producto\/scientist-wins-the-world-cup\/\" \/>\n<meta property=\"og:locale\" content=\"es_ES\" \/>\n<meta property=\"og:type\" content=\"article\" \/>\n<meta property=\"og:title\" content=\"SCIENTIST - Scientist Wins The World Cup -  (LP) | Guerssen\" \/>\n<meta property=\"og:description\" content=\"Scientist&#039;s name can be found all over any dub record collection; he was a prot\u00e9g\u00e9 of King Tubby, and many would say that when dub fell on quieter times it was Scientist who breathed new life into it. His pared-down mixing style suited the dancehall reggae sound that arrived as the &#039;70s rolled into the &#039;80s. This 1982 album includes the priceless dub of Johnny Osbourne&#039;s classic &quot;Give a Little Love,&quot; as well as further cuts of the likes of Hugh Mundell and Wayne Jarrett. Scientist is always in control.\" \/>\n<meta property=\"og:url\" content=\"https:\/\/wpguerssen-test.odoo.rgbconsulting.com\/es\/producto\/scientist-wins-the-world-cup\/\" \/>\n<meta property=\"og:site_name\" content=\"Guerssen records\" \/>\n<meta property=\"article:modified_time\" content=\"2025-04-15T11:52:41+00:00\" \/>\n<meta property=\"og:image\" content=\"https:\/\/wpguerssen-test.odoo.rgbconsulting.com\/wp-content\/uploads\/2023\/02\/42895.jpg\" \/>\n\t<meta property=\"og:image:width\" content=\"1200\" \/>\n\t<meta property=\"og:image:height\" content=\"1200\" \/>\n\t<meta property=\"og:image:type\" content=\"image\/jpeg\" \/>\n<meta name=\"twitter:card\" content=\"summary_large_image\" \/>\n<meta name=\"twitter:title\" content=\"SCIENTIST - Scientist Wins The World Cup -  (LP) | Guerssen\" \/>\n<script type=\"application\/ld+json\" class=\"yoast-schema-graph\">{\"@context\":\"https:\/\/schema.org\",\"@graph\":[{\"@type\":\"WebPage\",\"@id\":\"https:\/\/wpguerssen-test.odoo.rgbconsulting.com\/es\/producto\/scientist-wins-the-world-cup\/\",\"url\":\"https:\/\/wpguerssen-test.odoo.rgbconsulting.com\/es\/producto\/scientist-wins-the-world-cup\/\",\"name\":\"SCIENTIST - Scientist Wins The World Cup - (LP) | Guerssen\",\"isPartOf\":{\"@id\":\"https:\/\/wpguerssen-test.odoo.rgbconsulting.com\/es\/#website\"},\"primaryImageOfPage\":{\"@id\":\"https:\/\/wpguerssen-test.odoo.rgbconsulting.com\/es\/producto\/scientist-wins-the-world-cup\/#primaryimage\"},\"image\":{\"@id\":\"https:\/\/wpguerssen-test.odoo.rgbconsulting.com\/es\/producto\/scientist-wins-the-world-cup\/#primaryimage\"},\"thumbnailUrl\":\"https:\/\/wpguerssen-test.odoo.rgbconsulting.com\/wp-content\/uploads\/2023\/02\/42895.jpg\",\"datePublished\":\"2025-01-06T23:00:00+00:00\",\"dateModified\":\"2025-04-15T11:52:41+00:00\",\"description\":\"Scientist's name can be found all over any dub record collection; he was a prot\u00e9g\u00e9 of King Tubby, and many would say that when dub fell on quieter times it was Scientist who breathed new life into it. His pared-down mixing style suited the dancehall reggae sound that arrived as the '70s rolled into the '80s. This 1982 album includes the priceless dub of Johnny Osbourne's classic \\\"Give a Little Love,\\\" as well as further cuts of the likes of Hugh Mundell and Wayne Jarrett. Scientist is always in control.\",\"breadcrumb\":{\"@id\":\"https:\/\/wpguerssen-test.odoo.rgbconsulting.com\/es\/producto\/scientist-wins-the-world-cup\/#breadcrumb\"},\"inLanguage\":\"es\",\"potentialAction\":[{\"@type\":\"ReadAction\",\"target\":[\"https:\/\/wpguerssen-test.odoo.rgbconsulting.com\/es\/producto\/scientist-wins-the-world-cup\/\"]}]},{\"@type\":\"ImageObject\",\"inLanguage\":\"es\",\"@id\":\"https:\/\/wpguerssen-test.odoo.rgbconsulting.com\/es\/producto\/scientist-wins-the-world-cup\/#primaryimage\",\"url\":\"https:\/\/wpguerssen-test.odoo.rgbconsulting.com\/wp-content\/uploads\/2023\/02\/42895.jpg\",\"contentUrl\":\"https:\/\/wpguerssen-test.odoo.rgbconsulting.com\/wp-content\/uploads\/2023\/02\/42895.jpg\",\"width\":1200,\"height\":1200},{\"@type\":\"BreadcrumbList\",\"@id\":\"https:\/\/wpguerssen-test.odoo.rgbconsulting.com\/es\/producto\/scientist-wins-the-world-cup\/#breadcrumb\",\"itemListElement\":[{\"@type\":\"ListItem\",\"position\":1,\"name\":\"Inicio\",\"item\":\"https:\/\/wpguerssen-test.odoo.rgbconsulting.com\/es\/\"},{\"@type\":\"ListItem\",\"position\":2,\"name\":\"Shop\",\"item\":\"https:\/\/wpguerssen-test.odoo.rgbconsulting.com\/shop\/\"},{\"@type\":\"ListItem\",\"position\":3,\"name\":\"Scientist Wins The World Cup\"}]},{\"@type\":\"WebSite\",\"@id\":\"https:\/\/wpguerssen-test.odoo.rgbconsulting.com\/es\/#website\",\"url\":\"https:\/\/wpguerssen-test.odoo.rgbconsulting.com\/es\/\",\"name\":\"Guerssen records\",\"description\":\"psychedelia - progressive - folk - garage \",\"publisher\":{\"@id\":\"https:\/\/wpguerssen-test.odoo.rgbconsulting.com\/es\/#organization\"},\"potentialAction\":[{\"@type\":\"SearchAction\",\"target\":{\"@type\":\"EntryPoint\",\"urlTemplate\":\"https:\/\/wpguerssen-test.odoo.rgbconsulting.com\/es\/?s={search_term_string}\"},\"query-input\":{\"@type\":\"PropertyValueSpecification\",\"valueRequired\":true,\"valueName\":\"search_term_string\"}}],\"inLanguage\":\"es\"},{\"@type\":\"Organization\",\"@id\":\"https:\/\/wpguerssen-test.odoo.rgbconsulting.com\/es\/#organization\",\"name\":\"Guerssen records\",\"url\":\"https:\/\/wpguerssen-test.odoo.rgbconsulting.com\/es\/\",\"logo\":{\"@type\":\"ImageObject\",\"inLanguage\":\"es\",\"@id\":\"https:\/\/wpguerssen-test.odoo.rgbconsulting.com\/es\/#\/schema\/logo\/image\/\",\"url\":\"https:\/\/wpguerssen-test.odoo.rgbconsulting.com\/wp-content\/uploads\/2022\/04\/Logo_Guerssen_trans_100.png\",\"contentUrl\":\"https:\/\/wpguerssen-test.odoo.rgbconsulting.com\/wp-content\/uploads\/2022\/04\/Logo_Guerssen_trans_100.png\",\"width\":122,\"height\":100,\"caption\":\"Guerssen records\"},\"image\":{\"@id\":\"https:\/\/wpguerssen-test.odoo.rgbconsulting.com\/es\/#\/schema\/logo\/image\/\"}}]}<\/script>\n<!-- \/ Yoast SEO plugin. -->","yoast_head_json":{"title":"SCIENTIST - Scientist Wins The World Cup -  (LP) | Guerssen","description":"Scientist's name can be found all over any dub record collection; he was a prot\u00e9g\u00e9 of King Tubby, and many would say that when dub fell on quieter times it was Scientist who breathed new life into it. His pared-down mixing style suited the dancehall reggae sound that arrived as the '70s rolled into the '80s. This 1982 album includes the priceless dub of Johnny Osbourne's classic \"Give a Little Love,\" as well as further cuts of the likes of Hugh Mundell and Wayne Jarrett. Scientist is always in control.","robots":{"index":"index","follow":"follow","max-snippet":"max-snippet:-1","max-image-preview":"max-image-preview:large","max-video-preview":"max-video-preview:-1"},"canonical":"https:\/\/wpguerssen-test.odoo.rgbconsulting.com\/es\/producto\/scientist-wins-the-world-cup\/","og_locale":"es_ES","og_type":"article","og_title":"SCIENTIST - Scientist Wins The World Cup -  (LP) | Guerssen","og_description":"Scientist's name can be found all over any dub record collection; he was a prot\u00e9g\u00e9 of King Tubby, and many would say that when dub fell on quieter times it was Scientist who breathed new life into it. His pared-down mixing style suited the dancehall reggae sound that arrived as the '70s rolled into the '80s. This 1982 album includes the priceless dub of Johnny Osbourne's classic \"Give a Little Love,\" as well as further cuts of the likes of Hugh Mundell and Wayne Jarrett. Scientist is always in control.","og_url":"https:\/\/wpguerssen-test.odoo.rgbconsulting.com\/es\/producto\/scientist-wins-the-world-cup\/","og_site_name":"Guerssen records","article_modified_time":"2025-04-15T11:52:41+00:00","og_image":[{"width":1200,"height":1200,"url":"https:\/\/wpguerssen-test.odoo.rgbconsulting.com\/wp-content\/uploads\/2023\/02\/42895.jpg","type":"image\/jpeg"}],"twitter_card":"summary_large_image","twitter_title":"SCIENTIST - Scientist Wins The World Cup -  (LP) | Guerssen","schema":{"@context":"https:\/\/schema.org","@graph":[{"@type":"WebPage","@id":"https:\/\/wpguerssen-test.odoo.rgbconsulting.com\/es\/producto\/scientist-wins-the-world-cup\/","url":"https:\/\/wpguerssen-test.odoo.rgbconsulting.com\/es\/producto\/scientist-wins-the-world-cup\/","name":"SCIENTIST - Scientist Wins The World Cup - (LP) | Guerssen","isPartOf":{"@id":"https:\/\/wpguerssen-test.odoo.rgbconsulting.com\/es\/#website"},"primaryImageOfPage":{"@id":"https:\/\/wpguerssen-test.odoo.rgbconsulting.com\/es\/producto\/scientist-wins-the-world-cup\/#primaryimage"},"image":{"@id":"https:\/\/wpguerssen-test.odoo.rgbconsulting.com\/es\/producto\/scientist-wins-the-world-cup\/#primaryimage"},"thumbnailUrl":"https:\/\/wpguerssen-test.odoo.rgbconsulting.com\/wp-content\/uploads\/2023\/02\/42895.jpg","datePublished":"2025-01-06T23:00:00+00:00","dateModified":"2025-04-15T11:52:41+00:00","description":"Scientist's name can be found all over any dub record collection; he was a prot\u00e9g\u00e9 of King Tubby, and many would say that when dub fell on quieter times it was Scientist who breathed new life into it. His pared-down mixing style suited the dancehall reggae sound that arrived as the '70s rolled into the '80s. This 1982 album includes the priceless dub of Johnny Osbourne's classic \"Give a Little Love,\" as well as further cuts of the likes of Hugh Mundell and Wayne Jarrett. Scientist is always in control.","breadcrumb":{"@id":"https:\/\/wpguerssen-test.odoo.rgbconsulting.com\/es\/producto\/scientist-wins-the-world-cup\/#breadcrumb"},"inLanguage":"es","potentialAction":[{"@type":"ReadAction","target":["https:\/\/wpguerssen-test.odoo.rgbconsulting.com\/es\/producto\/scientist-wins-the-world-cup\/"]}]},{"@type":"ImageObject","inLanguage":"es","@id":"https:\/\/wpguerssen-test.odoo.rgbconsulting.com\/es\/producto\/scientist-wins-the-world-cup\/#primaryimage","url":"https:\/\/wpguerssen-test.odoo.rgbconsulting.com\/wp-content\/uploads\/2023\/02\/42895.jpg","contentUrl":"https:\/\/wpguerssen-test.odoo.rgbconsulting.com\/wp-content\/uploads\/2023\/02\/42895.jpg","width":1200,"height":1200},{"@type":"BreadcrumbList","@id":"https:\/\/wpguerssen-test.odoo.rgbconsulting.com\/es\/producto\/scientist-wins-the-world-cup\/#breadcrumb","itemListElement":[{"@type":"ListItem","position":1,"name":"Inicio","item":"https:\/\/wpguerssen-test.odoo.rgbconsulting.com\/es\/"},{"@type":"ListItem","position":2,"name":"Shop","item":"https:\/\/wpguerssen-test.odoo.rgbconsulting.com\/shop\/"},{"@type":"ListItem","position":3,"name":"Scientist Wins The World Cup"}]},{"@type":"WebSite","@id":"https:\/\/wpguerssen-test.odoo.rgbconsulting.com\/es\/#website","url":"https:\/\/wpguerssen-test.odoo.rgbconsulting.com\/es\/","name":"Guerssen records","description":"psychedelia - progressive - folk - garage ","publisher":{"@id":"https:\/\/wpguerssen-test.odoo.rgbconsulting.com\/es\/#organization"},"potentialAction":[{"@type":"SearchAction","target":{"@type":"EntryPoint","urlTemplate":"https:\/\/wpguerssen-test.odoo.rgbconsulting.com\/es\/?s={search_term_string}"},"query-input":{"@type":"PropertyValueSpecification","valueRequired":true,"valueName":"search_term_string"}}],"inLanguage":"es"},{"@type":"Organization","@id":"https:\/\/wpguerssen-test.odoo.rgbconsulting.com\/es\/#organization","name":"Guerssen records","url":"https:\/\/wpguerssen-test.odoo.rgbconsulting.com\/es\/","logo":{"@type":"ImageObject","inLanguage":"es","@id":"https:\/\/wpguerssen-test.odoo.rgbconsulting.com\/es\/#\/schema\/logo\/image\/","url":"https:\/\/wpguerssen-test.odoo.rgbconsulting.com\/wp-content\/uploads\/2022\/04\/Logo_Guerssen_trans_100.png","contentUrl":"https:\/\/wpguerssen-test.odoo.rgbconsulting.com\/wp-content\/uploads\/2022\/04\/Logo_Guerssen_trans_100.png","width":122,"height":100,"caption":"Guerssen records"},"image":{"@id":"https:\/\/wpguerssen-test.odoo.rgbconsulting.com\/es\/#\/schema\/logo\/image\/"}}]}},"_links":{"self":[{"href":"https:\/\/wpguerssen-test.odoo.rgbconsulting.com\/es\/wp-json\/wp\/v2\/product\/226532","targetHints":{"allow":["GET"]}}],"collection":[{"href":"https:\/\/wpguerssen-test.odoo.rgbconsulting.com\/es\/wp-json\/wp\/v2\/product"}],"about":[{"href":"https:\/\/wpguerssen-test.odoo.rgbconsulting.com\/es\/wp-json\/wp\/v2\/types\/product"}],"wp:featuredmedia":[{"embeddable":true,"href":"https:\/\/wpguerssen-test.odoo.rgbconsulting.com\/es\/wp-json\/wp\/v2\/media\/228847"}],"wp:attachment":[{"href":"https:\/\/wpguerssen-test.odoo.rgbconsulting.com\/es\/wp-json\/wp\/v2\/media?parent=226532"}],"wp:term":[{"taxonomy":"product_brand","embeddable":true,"href":"https:\/\/wpguerssen-test.odoo.rgbconsulting.com\/es\/wp-json\/wp\/v2\/product_brand?post=226532"},{"taxonomy":"product_cat","embeddable":true,"href":"https:\/\/wpguerssen-test.odoo.rgbconsulting.com\/es\/wp-json\/wp\/v2\/product_cat?post=226532"},{"taxonomy":"product_tag","embeddable":true,"href":"https:\/\/wpguerssen-test.odoo.rgbconsulting.com\/es\/wp-json\/wp\/v2\/product_tag?post=226532"}],"curies":[{"name":"wp","href":"https:\/\/api.w.org\/{rel}","templated":true}]}}