{"id":226593,"date":"2023-02-27T00:00:00","date_gmt":"2023-02-26T23:00:00","guid":{"rendered":"https:\/\/wpguerssen-test.odoo.rgbconsulting.com\/product\/fatevi-vivi-la-polizia-non-interverra\/"},"modified":"2024-02-21T15:57:15","modified_gmt":"2024-02-21T14:57:15","slug":"fatevi-vivi-la-polizia-non-interverra","status":"publish","type":"product","link":"https:\/\/wpguerssen-test.odoo.rgbconsulting.com\/es\/producto\/fatevi-vivi-la-polizia-non-interverra\/","title":{"rendered":"Fatevi Vivi La Polizia Non Interverr\u00e0"},"content":{"rendered":"<p>Un comisario con las manos atadas y un caballero mafioso. Una banda de secuestradores despiadados y una pareja de padres dispuestos a pagar cualquier cantidad para recuperar a su hija desaparecida. El evocador tel\u00f3n de fondo del lago de Como y la rara belleza de la m\u00fasica de Piero Piccioni. \u00abFatevi Vivi, La Polizia Non Interverr\u00e0\u00bb (1974), tambi\u00e9n conocida como \u00abKidnap\u00bb, es una historia policiaca dirigida por Giovanni Fago, con actores de la talla de Henry Silva, Gabriele Ferzetti y Philippe Leroy. La pel\u00edcula se inspira en los numerosos casos de secuestro registrados durante los a\u00f1os setenta.<br \/>La primera edici\u00f3n en vinilo de la banda sonora, editada por Musica Per Immagini, ofrece al oyente una selecci\u00f3n de sus temas m\u00e1s significativos, cuidadosamente remasterizados, ya editados en cd . La banda sonora es una mezcla fabulosa de atm\u00f3sferas lounge, m\u00fasica de acci\u00f3n explosiva y momentos misteriosos de los que emerge el sonido de campanas tubulares, como en la agridulce apertura pentaf\u00f3nica Lovely Mood. S\u00edntesis de un talante diferente al adoptado por sus compa\u00f1eros, ejemplar en Ambushers, interpretado por bajo, guitarra y piano, m\u00e1s la secci\u00f3n de cuerdas en contrapunto. Verdadero break hip hop.<br \/>Dentro de las profundidades de la lista de canciones, es f\u00e1cil identificar el tercer eje del proyecto, The Persuaders, gracias al ritmo irresistible de los metales. El motivo de la mafia siciliana tambi\u00e9n es distintivo, puntuado por el sonido tradicional del arpa jud\u00eda. Otro aspecto destacable de la obra de Piero Piccioni es la riqueza tem\u00e1tica. El compositor va m\u00e1s all\u00e1 del modelo que prev\u00e9 la creaci\u00f3n de un tema principal y un tema secundario con variaciones afines, porque crea leitmotivs y figuraciones musicales a la medida de cada una de las situaciones sobresalientes y protagonistas afines.<\/p>\n","protected":false},"excerpt":{"rendered":"<p>Un comisario con las manos atadas y un caballero mafioso. Una banda de secuestradores despiadados y una pareja de padres dispuestos a pagar cualquier cantidad para<a class=\"read\" href=\"https:\/\/wpguerssen-test.odoo.rgbconsulting.com\/es\/producto\/fatevi-vivi-la-polizia-non-interverra\/\"> (...)<\/a>","protected":false},"featured_media":228849,"template":"","meta":{"_acf_changed":false},"product_brand":[],"product_cat":[21641],"product_tag":[],"class_list":{"0":"post-226593","1":"product","2":"type-product","3":"status-publish","4":"has-post-thumbnail","6":"product_cat-soundtracks-es","7":"pa_artist-piccioni-piero-es-2","8":"pa_format-lp-es","9":"pa_gender-soundtracks","10":"pa_label-musica-per-immagini-2","11":"pa_location-europe-es","12":"pa_other-filters-vinyl-only-es","14":"first","15":"instock","16":"taxable","17":"shipping-taxable","18":"purchasable","19":"product-type-simple"},"acf":[],"yoast_head":"<!-- This site is optimized with the Yoast SEO plugin v24.9 - https:\/\/yoast.com\/wordpress\/plugins\/seo\/ -->\n<title>PICCIONI, Piero - Fatevi Vivi La Polizia Non Interverr\u00e0 -  (LP) | Guerssen<\/title>\n<meta name=\"description\" content=\"A commissar with his hands tied and a gentleman godfather. A gang of ruthless kidnappers and a couple of parents ready to pay any amount to hold their missing daughter again. The evocative backdrop of Lake Como and the rare beauty of Piero Piccioni&#039;s music. &quot;Fatevi Vivi, La Polizia Non Interverra`&quot; (1974), also known as &quot;Kidnap&quot;, is a detective story directed by Giovanni Fago, with actors of the caliber of Henry Silva, Gabriele Ferzetti and Philippe Leroy. The film draws inspiration from the many cases of kidnappings recorded during the Seventies.The first vinyl edition of the soundtrack, edited by Musica Per Immagini, offers the listener a selection of his most significant tracks, carefully remastered, already released on cd. The soundtrack is a fabulous mix of lounge atmospheres, explosive action music and mysterious moments from which the sound of tubular bells emerge, as in the bittersweet pentaphonic opener Lovely Mood. Synthesis of a different mood from that adopted by his peers, exemplary in Ambushers, played by bass, guitar and piano, plus the string section in counterpoint. True hip hop break.Within the depths of the tracklist, it is easy to identify the third axis of the project, The Persuaders, thanks to the irresistible rhythm of the brass. The Sicilian Mafia motif is also distinctive, punctuated by the traditional sound of the Jew&#039;s harp. Another distinguishable aspect of Piero Piccioni&#039;s work is the wealth of themes. The composer goes beyond the model that provides for the creation of a main theme and a secondary theme with related variations, because he creates leitmotifs and musical figurations tailored to each of the salient situations and related protagonists.\" \/>\n<meta name=\"robots\" content=\"index, follow, max-snippet:-1, max-image-preview:large, max-video-preview:-1\" \/>\n<link rel=\"canonical\" href=\"https:\/\/wpguerssen-test.odoo.rgbconsulting.com\/es\/producto\/fatevi-vivi-la-polizia-non-interverra\/\" \/>\n<meta property=\"og:locale\" content=\"es_ES\" \/>\n<meta property=\"og:type\" content=\"article\" \/>\n<meta property=\"og:title\" content=\"PICCIONI, Piero - Fatevi Vivi La Polizia Non Interverr\u00e0 -  (LP) | Guerssen\" \/>\n<meta property=\"og:description\" content=\"A commissar with his hands tied and a gentleman godfather. A gang of ruthless kidnappers and a couple of parents ready to pay any amount to hold their missing daughter again. The evocative backdrop of Lake Como and the rare beauty of Piero Piccioni&#039;s music. &quot;Fatevi Vivi, La Polizia Non Interverra`&quot; (1974), also known as &quot;Kidnap&quot;, is a detective story directed by Giovanni Fago, with actors of the caliber of Henry Silva, Gabriele Ferzetti and Philippe Leroy. The film draws inspiration from the many cases of kidnappings recorded during the Seventies.The first vinyl edition of the soundtrack, edited by Musica Per Immagini, offers the listener a selection of his most significant tracks, carefully remastered, already released on cd. The soundtrack is a fabulous mix of lounge atmospheres, explosive action music and mysterious moments from which the sound of tubular bells emerge, as in the bittersweet pentaphonic opener Lovely Mood. Synthesis of a different mood from that adopted by his peers, exemplary in Ambushers, played by bass, guitar and piano, plus the string section in counterpoint. True hip hop break.Within the depths of the tracklist, it is easy to identify the third axis of the project, The Persuaders, thanks to the irresistible rhythm of the brass. The Sicilian Mafia motif is also distinctive, punctuated by the traditional sound of the Jew&#039;s harp. Another distinguishable aspect of Piero Piccioni&#039;s work is the wealth of themes. The composer goes beyond the model that provides for the creation of a main theme and a secondary theme with related variations, because he creates leitmotifs and musical figurations tailored to each of the salient situations and related protagonists.\" \/>\n<meta property=\"og:url\" content=\"https:\/\/wpguerssen-test.odoo.rgbconsulting.com\/es\/producto\/fatevi-vivi-la-polizia-non-interverra\/\" \/>\n<meta property=\"og:site_name\" content=\"Guerssen records\" \/>\n<meta property=\"article:modified_time\" content=\"2024-02-21T14:57:15+00:00\" \/>\n<meta property=\"og:image\" content=\"https:\/\/wpguerssen-test.odoo.rgbconsulting.com\/wp-content\/uploads\/2023\/02\/42896-1024x1024.jpg\" \/>\n\t<meta property=\"og:image:width\" content=\"1024\" \/>\n\t<meta property=\"og:image:height\" content=\"1024\" \/>\n\t<meta property=\"og:image:type\" content=\"image\/jpeg\" \/>\n<meta name=\"twitter:card\" content=\"summary_large_image\" \/>\n<meta name=\"twitter:title\" content=\"PICCIONI, Piero - Fatevi Vivi La Polizia Non Interverr\u00e0 -  (LP) | Guerssen\" \/>\n<meta name=\"twitter:label1\" content=\"Tiempo de lectura\" \/>\n\t<meta name=\"twitter:data1\" content=\"2 minutos\" \/>\n<script type=\"application\/ld+json\" class=\"yoast-schema-graph\">{\"@context\":\"https:\/\/schema.org\",\"@graph\":[{\"@type\":\"WebPage\",\"@id\":\"https:\/\/wpguerssen-test.odoo.rgbconsulting.com\/es\/producto\/fatevi-vivi-la-polizia-non-interverra\/\",\"url\":\"https:\/\/wpguerssen-test.odoo.rgbconsulting.com\/es\/producto\/fatevi-vivi-la-polizia-non-interverra\/\",\"name\":\"PICCIONI, Piero - Fatevi Vivi La Polizia Non Interverr\u00e0 - (LP) | Guerssen\",\"isPartOf\":{\"@id\":\"https:\/\/wpguerssen-test.odoo.rgbconsulting.com\/es\/#website\"},\"primaryImageOfPage\":{\"@id\":\"https:\/\/wpguerssen-test.odoo.rgbconsulting.com\/es\/producto\/fatevi-vivi-la-polizia-non-interverra\/#primaryimage\"},\"image\":{\"@id\":\"https:\/\/wpguerssen-test.odoo.rgbconsulting.com\/es\/producto\/fatevi-vivi-la-polizia-non-interverra\/#primaryimage\"},\"thumbnailUrl\":\"https:\/\/wpguerssen-test.odoo.rgbconsulting.com\/wp-content\/uploads\/2023\/02\/42896-scaled.jpg\",\"datePublished\":\"2023-02-26T23:00:00+00:00\",\"dateModified\":\"2024-02-21T14:57:15+00:00\",\"description\":\"A commissar with his hands tied and a gentleman godfather. A gang of ruthless kidnappers and a couple of parents ready to pay any amount to hold their missing daughter again. The evocative backdrop of Lake Como and the rare beauty of Piero Piccioni's music. \\\"Fatevi Vivi, La Polizia Non Interverra`\\\" (1974), also known as \\\"Kidnap\\\", is a detective story directed by Giovanni Fago, with actors of the caliber of Henry Silva, Gabriele Ferzetti and Philippe Leroy. The film draws inspiration from the many cases of kidnappings recorded during the Seventies.The first vinyl edition of the soundtrack, edited by Musica Per Immagini, offers the listener a selection of his most significant tracks, carefully remastered, already released on cd. The soundtrack is a fabulous mix of lounge atmospheres, explosive action music and mysterious moments from which the sound of tubular bells emerge, as in the bittersweet pentaphonic opener Lovely Mood. Synthesis of a different mood from that adopted by his peers, exemplary in Ambushers, played by bass, guitar and piano, plus the string section in counterpoint. True hip hop break.Within the depths of the tracklist, it is easy to identify the third axis of the project, The Persuaders, thanks to the irresistible rhythm of the brass. The Sicilian Mafia motif is also distinctive, punctuated by the traditional sound of the Jew's harp. Another distinguishable aspect of Piero Piccioni's work is the wealth of themes. The composer goes beyond the model that provides for the creation of a main theme and a secondary theme with related variations, because he creates leitmotifs and musical figurations tailored to each of the salient situations and related protagonists.\",\"breadcrumb\":{\"@id\":\"https:\/\/wpguerssen-test.odoo.rgbconsulting.com\/es\/producto\/fatevi-vivi-la-polizia-non-interverra\/#breadcrumb\"},\"inLanguage\":\"es\",\"potentialAction\":[{\"@type\":\"ReadAction\",\"target\":[\"https:\/\/wpguerssen-test.odoo.rgbconsulting.com\/es\/producto\/fatevi-vivi-la-polizia-non-interverra\/\"]}]},{\"@type\":\"ImageObject\",\"inLanguage\":\"es\",\"@id\":\"https:\/\/wpguerssen-test.odoo.rgbconsulting.com\/es\/producto\/fatevi-vivi-la-polizia-non-interverra\/#primaryimage\",\"url\":\"https:\/\/wpguerssen-test.odoo.rgbconsulting.com\/wp-content\/uploads\/2023\/02\/42896-scaled.jpg\",\"contentUrl\":\"https:\/\/wpguerssen-test.odoo.rgbconsulting.com\/wp-content\/uploads\/2023\/02\/42896-scaled.jpg\",\"width\":2560,\"height\":2560,\"caption\":\"Piero - Fatevi Vivi La Polizia Non Interverr\u00e0 - MUSICA PER IMMAGINI (LP) | Guerssen\"},{\"@type\":\"BreadcrumbList\",\"@id\":\"https:\/\/wpguerssen-test.odoo.rgbconsulting.com\/es\/producto\/fatevi-vivi-la-polizia-non-interverra\/#breadcrumb\",\"itemListElement\":[{\"@type\":\"ListItem\",\"position\":1,\"name\":\"Inicio\",\"item\":\"https:\/\/wpguerssen-test.odoo.rgbconsulting.com\/es\/\"},{\"@type\":\"ListItem\",\"position\":2,\"name\":\"Shop\",\"item\":\"https:\/\/wpguerssen-test.odoo.rgbconsulting.com\/shop\/\"},{\"@type\":\"ListItem\",\"position\":3,\"name\":\"Fatevi Vivi La Polizia Non Interverr\u00e0\"}]},{\"@type\":\"WebSite\",\"@id\":\"https:\/\/wpguerssen-test.odoo.rgbconsulting.com\/es\/#website\",\"url\":\"https:\/\/wpguerssen-test.odoo.rgbconsulting.com\/es\/\",\"name\":\"Guerssen records\",\"description\":\"psychedelia - progressive - folk - garage \",\"publisher\":{\"@id\":\"https:\/\/wpguerssen-test.odoo.rgbconsulting.com\/es\/#organization\"},\"potentialAction\":[{\"@type\":\"SearchAction\",\"target\":{\"@type\":\"EntryPoint\",\"urlTemplate\":\"https:\/\/wpguerssen-test.odoo.rgbconsulting.com\/es\/?s={search_term_string}\"},\"query-input\":{\"@type\":\"PropertyValueSpecification\",\"valueRequired\":true,\"valueName\":\"search_term_string\"}}],\"inLanguage\":\"es\"},{\"@type\":\"Organization\",\"@id\":\"https:\/\/wpguerssen-test.odoo.rgbconsulting.com\/es\/#organization\",\"name\":\"Guerssen records\",\"url\":\"https:\/\/wpguerssen-test.odoo.rgbconsulting.com\/es\/\",\"logo\":{\"@type\":\"ImageObject\",\"inLanguage\":\"es\",\"@id\":\"https:\/\/wpguerssen-test.odoo.rgbconsulting.com\/es\/#\/schema\/logo\/image\/\",\"url\":\"https:\/\/wpguerssen-test.odoo.rgbconsulting.com\/wp-content\/uploads\/2022\/04\/Logo_Guerssen_trans_100.png\",\"contentUrl\":\"https:\/\/wpguerssen-test.odoo.rgbconsulting.com\/wp-content\/uploads\/2022\/04\/Logo_Guerssen_trans_100.png\",\"width\":122,\"height\":100,\"caption\":\"Guerssen records\"},\"image\":{\"@id\":\"https:\/\/wpguerssen-test.odoo.rgbconsulting.com\/es\/#\/schema\/logo\/image\/\"}}]}<\/script>\n<!-- \/ Yoast SEO plugin. -->","yoast_head_json":{"title":"PICCIONI, Piero - Fatevi Vivi La Polizia Non Interverr\u00e0 -  (LP) | Guerssen","description":"A commissar with his hands tied and a gentleman godfather. A gang of ruthless kidnappers and a couple of parents ready to pay any amount to hold their missing daughter again. The evocative backdrop of Lake Como and the rare beauty of Piero Piccioni's music. \"Fatevi Vivi, La Polizia Non Interverra`\" (1974), also known as \"Kidnap\", is a detective story directed by Giovanni Fago, with actors of the caliber of Henry Silva, Gabriele Ferzetti and Philippe Leroy. The film draws inspiration from the many cases of kidnappings recorded during the Seventies.The first vinyl edition of the soundtrack, edited by Musica Per Immagini, offers the listener a selection of his most significant tracks, carefully remastered, already released on cd. The soundtrack is a fabulous mix of lounge atmospheres, explosive action music and mysterious moments from which the sound of tubular bells emerge, as in the bittersweet pentaphonic opener Lovely Mood. Synthesis of a different mood from that adopted by his peers, exemplary in Ambushers, played by bass, guitar and piano, plus the string section in counterpoint. True hip hop break.Within the depths of the tracklist, it is easy to identify the third axis of the project, The Persuaders, thanks to the irresistible rhythm of the brass. The Sicilian Mafia motif is also distinctive, punctuated by the traditional sound of the Jew's harp. Another distinguishable aspect of Piero Piccioni's work is the wealth of themes. The composer goes beyond the model that provides for the creation of a main theme and a secondary theme with related variations, because he creates leitmotifs and musical figurations tailored to each of the salient situations and related protagonists.","robots":{"index":"index","follow":"follow","max-snippet":"max-snippet:-1","max-image-preview":"max-image-preview:large","max-video-preview":"max-video-preview:-1"},"canonical":"https:\/\/wpguerssen-test.odoo.rgbconsulting.com\/es\/producto\/fatevi-vivi-la-polizia-non-interverra\/","og_locale":"es_ES","og_type":"article","og_title":"PICCIONI, Piero - Fatevi Vivi La Polizia Non Interverr\u00e0 -  (LP) | Guerssen","og_description":"A commissar with his hands tied and a gentleman godfather. A gang of ruthless kidnappers and a couple of parents ready to pay any amount to hold their missing daughter again. The evocative backdrop of Lake Como and the rare beauty of Piero Piccioni's music. \"Fatevi Vivi, La Polizia Non Interverra`\" (1974), also known as \"Kidnap\", is a detective story directed by Giovanni Fago, with actors of the caliber of Henry Silva, Gabriele Ferzetti and Philippe Leroy. The film draws inspiration from the many cases of kidnappings recorded during the Seventies.The first vinyl edition of the soundtrack, edited by Musica Per Immagini, offers the listener a selection of his most significant tracks, carefully remastered, already released on cd. The soundtrack is a fabulous mix of lounge atmospheres, explosive action music and mysterious moments from which the sound of tubular bells emerge, as in the bittersweet pentaphonic opener Lovely Mood. Synthesis of a different mood from that adopted by his peers, exemplary in Ambushers, played by bass, guitar and piano, plus the string section in counterpoint. True hip hop break.Within the depths of the tracklist, it is easy to identify the third axis of the project, The Persuaders, thanks to the irresistible rhythm of the brass. The Sicilian Mafia motif is also distinctive, punctuated by the traditional sound of the Jew's harp. Another distinguishable aspect of Piero Piccioni's work is the wealth of themes. The composer goes beyond the model that provides for the creation of a main theme and a secondary theme with related variations, because he creates leitmotifs and musical figurations tailored to each of the salient situations and related protagonists.","og_url":"https:\/\/wpguerssen-test.odoo.rgbconsulting.com\/es\/producto\/fatevi-vivi-la-polizia-non-interverra\/","og_site_name":"Guerssen records","article_modified_time":"2024-02-21T14:57:15+00:00","og_image":[{"width":1024,"height":1024,"url":"https:\/\/wpguerssen-test.odoo.rgbconsulting.com\/wp-content\/uploads\/2023\/02\/42896-1024x1024.jpg","type":"image\/jpeg"}],"twitter_card":"summary_large_image","twitter_title":"PICCIONI, Piero - Fatevi Vivi La Polizia Non Interverr\u00e0 -  (LP) | Guerssen","twitter_misc":{"Tiempo de lectura":"2 minutos"},"schema":{"@context":"https:\/\/schema.org","@graph":[{"@type":"WebPage","@id":"https:\/\/wpguerssen-test.odoo.rgbconsulting.com\/es\/producto\/fatevi-vivi-la-polizia-non-interverra\/","url":"https:\/\/wpguerssen-test.odoo.rgbconsulting.com\/es\/producto\/fatevi-vivi-la-polizia-non-interverra\/","name":"PICCIONI, Piero - Fatevi Vivi La Polizia Non Interverr\u00e0 - (LP) | Guerssen","isPartOf":{"@id":"https:\/\/wpguerssen-test.odoo.rgbconsulting.com\/es\/#website"},"primaryImageOfPage":{"@id":"https:\/\/wpguerssen-test.odoo.rgbconsulting.com\/es\/producto\/fatevi-vivi-la-polizia-non-interverra\/#primaryimage"},"image":{"@id":"https:\/\/wpguerssen-test.odoo.rgbconsulting.com\/es\/producto\/fatevi-vivi-la-polizia-non-interverra\/#primaryimage"},"thumbnailUrl":"https:\/\/wpguerssen-test.odoo.rgbconsulting.com\/wp-content\/uploads\/2023\/02\/42896-scaled.jpg","datePublished":"2023-02-26T23:00:00+00:00","dateModified":"2024-02-21T14:57:15+00:00","description":"A commissar with his hands tied and a gentleman godfather. A gang of ruthless kidnappers and a couple of parents ready to pay any amount to hold their missing daughter again. The evocative backdrop of Lake Como and the rare beauty of Piero Piccioni's music. \"Fatevi Vivi, La Polizia Non Interverra`\" (1974), also known as \"Kidnap\", is a detective story directed by Giovanni Fago, with actors of the caliber of Henry Silva, Gabriele Ferzetti and Philippe Leroy. The film draws inspiration from the many cases of kidnappings recorded during the Seventies.The first vinyl edition of the soundtrack, edited by Musica Per Immagini, offers the listener a selection of his most significant tracks, carefully remastered, already released on cd. The soundtrack is a fabulous mix of lounge atmospheres, explosive action music and mysterious moments from which the sound of tubular bells emerge, as in the bittersweet pentaphonic opener Lovely Mood. Synthesis of a different mood from that adopted by his peers, exemplary in Ambushers, played by bass, guitar and piano, plus the string section in counterpoint. True hip hop break.Within the depths of the tracklist, it is easy to identify the third axis of the project, The Persuaders, thanks to the irresistible rhythm of the brass. The Sicilian Mafia motif is also distinctive, punctuated by the traditional sound of the Jew's harp. Another distinguishable aspect of Piero Piccioni's work is the wealth of themes. The composer goes beyond the model that provides for the creation of a main theme and a secondary theme with related variations, because he creates leitmotifs and musical figurations tailored to each of the salient situations and related protagonists.","breadcrumb":{"@id":"https:\/\/wpguerssen-test.odoo.rgbconsulting.com\/es\/producto\/fatevi-vivi-la-polizia-non-interverra\/#breadcrumb"},"inLanguage":"es","potentialAction":[{"@type":"ReadAction","target":["https:\/\/wpguerssen-test.odoo.rgbconsulting.com\/es\/producto\/fatevi-vivi-la-polizia-non-interverra\/"]}]},{"@type":"ImageObject","inLanguage":"es","@id":"https:\/\/wpguerssen-test.odoo.rgbconsulting.com\/es\/producto\/fatevi-vivi-la-polizia-non-interverra\/#primaryimage","url":"https:\/\/wpguerssen-test.odoo.rgbconsulting.com\/wp-content\/uploads\/2023\/02\/42896-scaled.jpg","contentUrl":"https:\/\/wpguerssen-test.odoo.rgbconsulting.com\/wp-content\/uploads\/2023\/02\/42896-scaled.jpg","width":2560,"height":2560,"caption":"Piero - Fatevi Vivi La Polizia Non Interverr\u00e0 - MUSICA PER IMMAGINI (LP) | Guerssen"},{"@type":"BreadcrumbList","@id":"https:\/\/wpguerssen-test.odoo.rgbconsulting.com\/es\/producto\/fatevi-vivi-la-polizia-non-interverra\/#breadcrumb","itemListElement":[{"@type":"ListItem","position":1,"name":"Inicio","item":"https:\/\/wpguerssen-test.odoo.rgbconsulting.com\/es\/"},{"@type":"ListItem","position":2,"name":"Shop","item":"https:\/\/wpguerssen-test.odoo.rgbconsulting.com\/shop\/"},{"@type":"ListItem","position":3,"name":"Fatevi Vivi La Polizia Non Interverr\u00e0"}]},{"@type":"WebSite","@id":"https:\/\/wpguerssen-test.odoo.rgbconsulting.com\/es\/#website","url":"https:\/\/wpguerssen-test.odoo.rgbconsulting.com\/es\/","name":"Guerssen records","description":"psychedelia - progressive - folk - garage ","publisher":{"@id":"https:\/\/wpguerssen-test.odoo.rgbconsulting.com\/es\/#organization"},"potentialAction":[{"@type":"SearchAction","target":{"@type":"EntryPoint","urlTemplate":"https:\/\/wpguerssen-test.odoo.rgbconsulting.com\/es\/?s={search_term_string}"},"query-input":{"@type":"PropertyValueSpecification","valueRequired":true,"valueName":"search_term_string"}}],"inLanguage":"es"},{"@type":"Organization","@id":"https:\/\/wpguerssen-test.odoo.rgbconsulting.com\/es\/#organization","name":"Guerssen records","url":"https:\/\/wpguerssen-test.odoo.rgbconsulting.com\/es\/","logo":{"@type":"ImageObject","inLanguage":"es","@id":"https:\/\/wpguerssen-test.odoo.rgbconsulting.com\/es\/#\/schema\/logo\/image\/","url":"https:\/\/wpguerssen-test.odoo.rgbconsulting.com\/wp-content\/uploads\/2022\/04\/Logo_Guerssen_trans_100.png","contentUrl":"https:\/\/wpguerssen-test.odoo.rgbconsulting.com\/wp-content\/uploads\/2022\/04\/Logo_Guerssen_trans_100.png","width":122,"height":100,"caption":"Guerssen records"},"image":{"@id":"https:\/\/wpguerssen-test.odoo.rgbconsulting.com\/es\/#\/schema\/logo\/image\/"}}]}},"_links":{"self":[{"href":"https:\/\/wpguerssen-test.odoo.rgbconsulting.com\/es\/wp-json\/wp\/v2\/product\/226593","targetHints":{"allow":["GET"]}}],"collection":[{"href":"https:\/\/wpguerssen-test.odoo.rgbconsulting.com\/es\/wp-json\/wp\/v2\/product"}],"about":[{"href":"https:\/\/wpguerssen-test.odoo.rgbconsulting.com\/es\/wp-json\/wp\/v2\/types\/product"}],"wp:featuredmedia":[{"embeddable":true,"href":"https:\/\/wpguerssen-test.odoo.rgbconsulting.com\/es\/wp-json\/wp\/v2\/media\/228849"}],"wp:attachment":[{"href":"https:\/\/wpguerssen-test.odoo.rgbconsulting.com\/es\/wp-json\/wp\/v2\/media?parent=226593"}],"wp:term":[{"taxonomy":"product_brand","embeddable":true,"href":"https:\/\/wpguerssen-test.odoo.rgbconsulting.com\/es\/wp-json\/wp\/v2\/product_brand?post=226593"},{"taxonomy":"product_cat","embeddable":true,"href":"https:\/\/wpguerssen-test.odoo.rgbconsulting.com\/es\/wp-json\/wp\/v2\/product_cat?post=226593"},{"taxonomy":"product_tag","embeddable":true,"href":"https:\/\/wpguerssen-test.odoo.rgbconsulting.com\/es\/wp-json\/wp\/v2\/product_tag?post=226593"}],"curies":[{"name":"wp","href":"https:\/\/api.w.org\/{rel}","templated":true}]}}