{"id":226703,"date":"2022-12-05T00:00:00","date_gmt":"2022-12-04T23:00:00","guid":{"rendered":"https:\/\/wpguerssen-test.odoo.rgbconsulting.com\/product\/swedish-meatballs-vol-1\/"},"modified":"2024-02-21T15:06:41","modified_gmt":"2024-02-21T14:06:41","slug":"swedish-meatballs-vol-1","status":"publish","type":"product","link":"https:\/\/wpguerssen-test.odoo.rgbconsulting.com\/es\/producto\/swedish-meatballs-vol-1\/","title":{"rendered":"Swedish Meatballs Vol 1"},"content":{"rendered":"<p>&#8216;THE HARDROCK UNDERGROUND 1971-1977&#8217;: \u00a1Alucinantes heavy psychs \u00bf\u00bfcon guitarras abrasadoras y baterias retumbonas! Suecia entre el cielo y el infierno. Edici\u00f3n estrictamente limitada de 500 copias. Folleto repleto de fotos e historias nunca antes contadas. Adolescentes vikingos cubiertos de granos locos y pose\u00eddos por el hard rock \u00bf\u00bfen los salones juveniles. Hippies, fumetas, matones, anarquistas, unidos en profunda comuni\u00f3n. Grabaciones clandestinas de heavy rock en el s\u00f3tano de un estudio de cine para adultos. Sabroso lanzamiento de la serie \u00abThe Swedish Hard Rock Underground &#8211; A Smorgasbord of Heavy Sounds\u00bb.<br \/>LADO 1: 1. \u00c4lgarna &#8211; Crowned King 2. H\u00f6gtryck &#8211; Sitta N\u00e5nstans Och Dr\u00f6mma 3. Styv Kuling &#8211; Questions Of Life 4. Rabatt &#8211; Look Till You Find 5. Strike &#8211; Lick The Pick 6. Jan &#038; Bert (Resonans) &#8211; Kan Ljuset V\u00e4nda \u00c2ter? LADO 2: 1. Frozen Fire &#8211; Good Times Cherry 2. Frozen Fire &#8211; Du \u00c4r Den Enda 3. Styv Kuling &#8211; Slow Down 4. Strike &#8211; Showing Your Face 5. Fire &#8211; Sommarn \u00c4r Sk\u00f6n 6. Rabatt &#8211; X:et<\/p>\n","protected":false},"excerpt":{"rendered":"<p>&#8216;THE HARDROCK UNDERGROUND 1971-1977&#8217;: \u00a1Alucinantes heavy psychs \u00bf\u00bfcon guitarras abrasadoras y baterias retumbonas! Suecia entre el cielo y el infierno.<a class=\"read\" href=\"https:\/\/wpguerssen-test.odoo.rgbconsulting.com\/es\/producto\/swedish-meatballs-vol-1\/\"> (...)<\/a>","protected":false},"featured_media":221441,"template":"","meta":{"_acf_changed":false},"product_brand":[],"product_cat":[23224],"product_tag":[],"class_list":{"0":"post-226703","1":"product","2":"type-product","3":"status-publish","4":"has-post-thumbnail","6":"product_cat-hard-rock-60s-70s-es","7":"pa_artist-various-artists-es","8":"pa_format-lp-es","9":"pa_gender-hard-rock-60s-70s","10":"pa_label-subliminal-sounds","11":"pa_location-europe-es","12":"pa_other-filters-vinyl-only-es","14":"first","15":"instock","16":"taxable","17":"shipping-taxable","18":"purchasable","19":"product-type-simple"},"acf":[],"yoast_head":"<!-- This site is optimized with the Yoast SEO plugin v24.9 - https:\/\/yoast.com\/wordpress\/plugins\/seo\/ -->\n<title>VARIOUS ARTISTS - Swedish Meatballs Vol 1 -  (LP) | Guerssen<\/title>\n<meta name=\"description\" content=\"&#039;THE HARDROCK UNDERGROUND 1971-1977&#039; - Way-out heavy psych mindblowers with blistering guitars and pounding drums! Sweden - heaven and hell. Strictly limited edition of 500 copies only. Comes with a striking day-glow coloured sleeve and a massive 16-page booklet cram packed with photos and previously untold stories. Subliminal Sounds swings open the portals to the long lost, ultra-rare, or previously unreleased, music and history of these loud and hairy underground hard rocking champions. Possessed zit covered Viking teens going berserk and blasting loud and heavy sounds at youth halls making the stoner kids go meatball crazy. Hippies, stoners, hoodlums or whatever they were called. Anarchists. Freaks United! Clandestine underground garage hard rock heavies&#039; recordings in the basement of an adult movies film studio. Chicks like wah-wah! All in a day&#039;s work for the &#039;Swedish Meatballs.&#039; This is a tasty release in the series &#039;The Swedish Hard Rock Underground - A Smorgasbord of Heavy Sounds.&#039; SIDE 1: 1. \u00c4lgarna - Crowned King 2. H\u00f6gtryck - Sitta N\u00e5nstans Och Dr\u00f6mma 3. Styv Kuling - Questions Of Life 4. Rabatt - Look Till You Find 5. Strike - Lick The Pick 6. Jan &amp; Bert (Resonans) - Kan Ljuset V\u00e4nda \u00c2ter? SIDE 2: 1. Frozen Fire - Good Times Cherry 2. Frozen Fire - Du \u00c4r Den Enda 3. Styv Kuling - Slow Down 4. Strike - Showing Your Face 5. Fire - Sommarn \u00c4r Sk\u00f6n 6. Rabatt - X:et\" \/>\n<meta name=\"robots\" content=\"index, follow, max-snippet:-1, max-image-preview:large, max-video-preview:-1\" \/>\n<link rel=\"canonical\" href=\"https:\/\/wpguerssen-test.odoo.rgbconsulting.com\/es\/producto\/swedish-meatballs-vol-1\/\" \/>\n<meta property=\"og:locale\" content=\"es_ES\" \/>\n<meta property=\"og:type\" content=\"article\" \/>\n<meta property=\"og:title\" content=\"VARIOUS ARTISTS - Swedish Meatballs Vol 1 -  (LP) | Guerssen\" \/>\n<meta property=\"og:description\" content=\"&#039;THE HARDROCK UNDERGROUND 1971-1977&#039; - Way-out heavy psych mindblowers with blistering guitars and pounding drums! Sweden - heaven and hell. Strictly limited edition of 500 copies only. Comes with a striking day-glow coloured sleeve and a massive 16-page booklet cram packed with photos and previously untold stories. Subliminal Sounds swings open the portals to the long lost, ultra-rare, or previously unreleased, music and history of these loud and hairy underground hard rocking champions. Possessed zit covered Viking teens going berserk and blasting loud and heavy sounds at youth halls making the stoner kids go meatball crazy. Hippies, stoners, hoodlums or whatever they were called. Anarchists. Freaks United! Clandestine underground garage hard rock heavies&#039; recordings in the basement of an adult movies film studio. Chicks like wah-wah! All in a day&#039;s work for the &#039;Swedish Meatballs.&#039; This is a tasty release in the series &#039;The Swedish Hard Rock Underground - A Smorgasbord of Heavy Sounds.&#039; SIDE 1: 1. \u00c4lgarna - Crowned King 2. H\u00f6gtryck - Sitta N\u00e5nstans Och Dr\u00f6mma 3. Styv Kuling - Questions Of Life 4. Rabatt - Look Till You Find 5. Strike - Lick The Pick 6. Jan &amp; Bert (Resonans) - Kan Ljuset V\u00e4nda \u00c2ter? SIDE 2: 1. Frozen Fire - Good Times Cherry 2. Frozen Fire - Du \u00c4r Den Enda 3. Styv Kuling - Slow Down 4. Strike - Showing Your Face 5. Fire - Sommarn \u00c4r Sk\u00f6n 6. Rabatt - X:et\" \/>\n<meta property=\"og:url\" content=\"https:\/\/wpguerssen-test.odoo.rgbconsulting.com\/es\/producto\/swedish-meatballs-vol-1\/\" \/>\n<meta property=\"og:site_name\" content=\"Guerssen records\" \/>\n<meta property=\"article:modified_time\" content=\"2024-02-21T14:06:41+00:00\" \/>\n<meta property=\"og:image\" content=\"https:\/\/wpguerssen-test.odoo.rgbconsulting.com\/wp-content\/uploads\/2022\/11\/42262.jpg\" \/>\n\t<meta property=\"og:image:width\" content=\"600\" \/>\n\t<meta property=\"og:image:height\" content=\"600\" \/>\n\t<meta property=\"og:image:type\" content=\"image\/jpeg\" \/>\n<meta name=\"twitter:card\" content=\"summary_large_image\" \/>\n<meta name=\"twitter:title\" content=\"VARIOUS ARTISTS - Swedish Meatballs Vol 1 -  (LP) | Guerssen\" \/>\n<meta name=\"twitter:label1\" content=\"Tiempo de lectura\" \/>\n\t<meta name=\"twitter:data1\" content=\"1 minuto\" \/>\n<script type=\"application\/ld+json\" class=\"yoast-schema-graph\">{\"@context\":\"https:\/\/schema.org\",\"@graph\":[{\"@type\":\"WebPage\",\"@id\":\"https:\/\/wpguerssen-test.odoo.rgbconsulting.com\/es\/producto\/swedish-meatballs-vol-1\/\",\"url\":\"https:\/\/wpguerssen-test.odoo.rgbconsulting.com\/es\/producto\/swedish-meatballs-vol-1\/\",\"name\":\"VARIOUS ARTISTS - Swedish Meatballs Vol 1 - (LP) | Guerssen\",\"isPartOf\":{\"@id\":\"https:\/\/wpguerssen-test.odoo.rgbconsulting.com\/es\/#website\"},\"primaryImageOfPage\":{\"@id\":\"https:\/\/wpguerssen-test.odoo.rgbconsulting.com\/es\/producto\/swedish-meatballs-vol-1\/#primaryimage\"},\"image\":{\"@id\":\"https:\/\/wpguerssen-test.odoo.rgbconsulting.com\/es\/producto\/swedish-meatballs-vol-1\/#primaryimage\"},\"thumbnailUrl\":\"https:\/\/wpguerssen-test.odoo.rgbconsulting.com\/wp-content\/uploads\/2022\/11\/42262.jpg\",\"datePublished\":\"2022-12-04T23:00:00+00:00\",\"dateModified\":\"2024-02-21T14:06:41+00:00\",\"description\":\"'THE HARDROCK UNDERGROUND 1971-1977' - Way-out heavy psych mindblowers with blistering guitars and pounding drums! Sweden - heaven and hell. Strictly limited edition of 500 copies only. Comes with a striking day-glow coloured sleeve and a massive 16-page booklet cram packed with photos and previously untold stories. Subliminal Sounds swings open the portals to the long lost, ultra-rare, or previously unreleased, music and history of these loud and hairy underground hard rocking champions. Possessed zit covered Viking teens going berserk and blasting loud and heavy sounds at youth halls making the stoner kids go meatball crazy. Hippies, stoners, hoodlums or whatever they were called. Anarchists. Freaks United! Clandestine underground garage hard rock heavies' recordings in the basement of an adult movies film studio. Chicks like wah-wah! All in a day's work for the 'Swedish Meatballs.' This is a tasty release in the series 'The Swedish Hard Rock Underground - A Smorgasbord of Heavy Sounds.' SIDE 1: 1. \u00c4lgarna - Crowned King 2. H\u00f6gtryck - Sitta N\u00e5nstans Och Dr\u00f6mma 3. Styv Kuling - Questions Of Life 4. Rabatt - Look Till You Find 5. Strike - Lick The Pick 6. Jan & Bert (Resonans) - Kan Ljuset V\u00e4nda \u00c2ter? SIDE 2: 1. Frozen Fire - Good Times Cherry 2. Frozen Fire - Du \u00c4r Den Enda 3. Styv Kuling - Slow Down 4. Strike - Showing Your Face 5. Fire - Sommarn \u00c4r Sk\u00f6n 6. Rabatt - X:et\",\"breadcrumb\":{\"@id\":\"https:\/\/wpguerssen-test.odoo.rgbconsulting.com\/es\/producto\/swedish-meatballs-vol-1\/#breadcrumb\"},\"inLanguage\":\"es\",\"potentialAction\":[{\"@type\":\"ReadAction\",\"target\":[\"https:\/\/wpguerssen-test.odoo.rgbconsulting.com\/es\/producto\/swedish-meatballs-vol-1\/\"]}]},{\"@type\":\"ImageObject\",\"inLanguage\":\"es\",\"@id\":\"https:\/\/wpguerssen-test.odoo.rgbconsulting.com\/es\/producto\/swedish-meatballs-vol-1\/#primaryimage\",\"url\":\"https:\/\/wpguerssen-test.odoo.rgbconsulting.com\/wp-content\/uploads\/2022\/11\/42262.jpg\",\"contentUrl\":\"https:\/\/wpguerssen-test.odoo.rgbconsulting.com\/wp-content\/uploads\/2022\/11\/42262.jpg\",\"width\":600,\"height\":600},{\"@type\":\"BreadcrumbList\",\"@id\":\"https:\/\/wpguerssen-test.odoo.rgbconsulting.com\/es\/producto\/swedish-meatballs-vol-1\/#breadcrumb\",\"itemListElement\":[{\"@type\":\"ListItem\",\"position\":1,\"name\":\"Inicio\",\"item\":\"https:\/\/wpguerssen-test.odoo.rgbconsulting.com\/es\/\"},{\"@type\":\"ListItem\",\"position\":2,\"name\":\"Shop\",\"item\":\"https:\/\/wpguerssen-test.odoo.rgbconsulting.com\/shop\/\"},{\"@type\":\"ListItem\",\"position\":3,\"name\":\"Swedish Meatballs Vol 1\"}]},{\"@type\":\"WebSite\",\"@id\":\"https:\/\/wpguerssen-test.odoo.rgbconsulting.com\/es\/#website\",\"url\":\"https:\/\/wpguerssen-test.odoo.rgbconsulting.com\/es\/\",\"name\":\"Guerssen records\",\"description\":\"psychedelia - progressive - folk - garage \",\"publisher\":{\"@id\":\"https:\/\/wpguerssen-test.odoo.rgbconsulting.com\/es\/#organization\"},\"potentialAction\":[{\"@type\":\"SearchAction\",\"target\":{\"@type\":\"EntryPoint\",\"urlTemplate\":\"https:\/\/wpguerssen-test.odoo.rgbconsulting.com\/es\/?s={search_term_string}\"},\"query-input\":{\"@type\":\"PropertyValueSpecification\",\"valueRequired\":true,\"valueName\":\"search_term_string\"}}],\"inLanguage\":\"es\"},{\"@type\":\"Organization\",\"@id\":\"https:\/\/wpguerssen-test.odoo.rgbconsulting.com\/es\/#organization\",\"name\":\"Guerssen records\",\"url\":\"https:\/\/wpguerssen-test.odoo.rgbconsulting.com\/es\/\",\"logo\":{\"@type\":\"ImageObject\",\"inLanguage\":\"es\",\"@id\":\"https:\/\/wpguerssen-test.odoo.rgbconsulting.com\/es\/#\/schema\/logo\/image\/\",\"url\":\"https:\/\/wpguerssen-test.odoo.rgbconsulting.com\/wp-content\/uploads\/2022\/04\/Logo_Guerssen_trans_100.png\",\"contentUrl\":\"https:\/\/wpguerssen-test.odoo.rgbconsulting.com\/wp-content\/uploads\/2022\/04\/Logo_Guerssen_trans_100.png\",\"width\":122,\"height\":100,\"caption\":\"Guerssen records\"},\"image\":{\"@id\":\"https:\/\/wpguerssen-test.odoo.rgbconsulting.com\/es\/#\/schema\/logo\/image\/\"}}]}<\/script>\n<!-- \/ Yoast SEO plugin. -->","yoast_head_json":{"title":"VARIOUS ARTISTS - Swedish Meatballs Vol 1 -  (LP) | Guerssen","description":"'THE HARDROCK UNDERGROUND 1971-1977' - Way-out heavy psych mindblowers with blistering guitars and pounding drums! Sweden - heaven and hell. Strictly limited edition of 500 copies only. Comes with a striking day-glow coloured sleeve and a massive 16-page booklet cram packed with photos and previously untold stories. Subliminal Sounds swings open the portals to the long lost, ultra-rare, or previously unreleased, music and history of these loud and hairy underground hard rocking champions. Possessed zit covered Viking teens going berserk and blasting loud and heavy sounds at youth halls making the stoner kids go meatball crazy. Hippies, stoners, hoodlums or whatever they were called. Anarchists. Freaks United! Clandestine underground garage hard rock heavies' recordings in the basement of an adult movies film studio. Chicks like wah-wah! All in a day's work for the 'Swedish Meatballs.' This is a tasty release in the series 'The Swedish Hard Rock Underground - A Smorgasbord of Heavy Sounds.' SIDE 1: 1. \u00c4lgarna - Crowned King 2. H\u00f6gtryck - Sitta N\u00e5nstans Och Dr\u00f6mma 3. Styv Kuling - Questions Of Life 4. Rabatt - Look Till You Find 5. Strike - Lick The Pick 6. Jan & Bert (Resonans) - Kan Ljuset V\u00e4nda \u00c2ter? SIDE 2: 1. Frozen Fire - Good Times Cherry 2. Frozen Fire - Du \u00c4r Den Enda 3. Styv Kuling - Slow Down 4. Strike - Showing Your Face 5. Fire - Sommarn \u00c4r Sk\u00f6n 6. Rabatt - X:et","robots":{"index":"index","follow":"follow","max-snippet":"max-snippet:-1","max-image-preview":"max-image-preview:large","max-video-preview":"max-video-preview:-1"},"canonical":"https:\/\/wpguerssen-test.odoo.rgbconsulting.com\/es\/producto\/swedish-meatballs-vol-1\/","og_locale":"es_ES","og_type":"article","og_title":"VARIOUS ARTISTS - Swedish Meatballs Vol 1 -  (LP) | Guerssen","og_description":"'THE HARDROCK UNDERGROUND 1971-1977' - Way-out heavy psych mindblowers with blistering guitars and pounding drums! Sweden - heaven and hell. Strictly limited edition of 500 copies only. Comes with a striking day-glow coloured sleeve and a massive 16-page booklet cram packed with photos and previously untold stories. Subliminal Sounds swings open the portals to the long lost, ultra-rare, or previously unreleased, music and history of these loud and hairy underground hard rocking champions. Possessed zit covered Viking teens going berserk and blasting loud and heavy sounds at youth halls making the stoner kids go meatball crazy. Hippies, stoners, hoodlums or whatever they were called. Anarchists. Freaks United! Clandestine underground garage hard rock heavies' recordings in the basement of an adult movies film studio. Chicks like wah-wah! All in a day's work for the 'Swedish Meatballs.' This is a tasty release in the series 'The Swedish Hard Rock Underground - A Smorgasbord of Heavy Sounds.' SIDE 1: 1. \u00c4lgarna - Crowned King 2. H\u00f6gtryck - Sitta N\u00e5nstans Och Dr\u00f6mma 3. Styv Kuling - Questions Of Life 4. Rabatt - Look Till You Find 5. Strike - Lick The Pick 6. Jan & Bert (Resonans) - Kan Ljuset V\u00e4nda \u00c2ter? SIDE 2: 1. Frozen Fire - Good Times Cherry 2. Frozen Fire - Du \u00c4r Den Enda 3. Styv Kuling - Slow Down 4. Strike - Showing Your Face 5. Fire - Sommarn \u00c4r Sk\u00f6n 6. Rabatt - X:et","og_url":"https:\/\/wpguerssen-test.odoo.rgbconsulting.com\/es\/producto\/swedish-meatballs-vol-1\/","og_site_name":"Guerssen records","article_modified_time":"2024-02-21T14:06:41+00:00","og_image":[{"width":600,"height":600,"url":"https:\/\/wpguerssen-test.odoo.rgbconsulting.com\/wp-content\/uploads\/2022\/11\/42262.jpg","type":"image\/jpeg"}],"twitter_card":"summary_large_image","twitter_title":"VARIOUS ARTISTS - Swedish Meatballs Vol 1 -  (LP) | Guerssen","twitter_misc":{"Tiempo de lectura":"1 minuto"},"schema":{"@context":"https:\/\/schema.org","@graph":[{"@type":"WebPage","@id":"https:\/\/wpguerssen-test.odoo.rgbconsulting.com\/es\/producto\/swedish-meatballs-vol-1\/","url":"https:\/\/wpguerssen-test.odoo.rgbconsulting.com\/es\/producto\/swedish-meatballs-vol-1\/","name":"VARIOUS ARTISTS - Swedish Meatballs Vol 1 - (LP) | Guerssen","isPartOf":{"@id":"https:\/\/wpguerssen-test.odoo.rgbconsulting.com\/es\/#website"},"primaryImageOfPage":{"@id":"https:\/\/wpguerssen-test.odoo.rgbconsulting.com\/es\/producto\/swedish-meatballs-vol-1\/#primaryimage"},"image":{"@id":"https:\/\/wpguerssen-test.odoo.rgbconsulting.com\/es\/producto\/swedish-meatballs-vol-1\/#primaryimage"},"thumbnailUrl":"https:\/\/wpguerssen-test.odoo.rgbconsulting.com\/wp-content\/uploads\/2022\/11\/42262.jpg","datePublished":"2022-12-04T23:00:00+00:00","dateModified":"2024-02-21T14:06:41+00:00","description":"'THE HARDROCK UNDERGROUND 1971-1977' - Way-out heavy psych mindblowers with blistering guitars and pounding drums! Sweden - heaven and hell. Strictly limited edition of 500 copies only. Comes with a striking day-glow coloured sleeve and a massive 16-page booklet cram packed with photos and previously untold stories. Subliminal Sounds swings open the portals to the long lost, ultra-rare, or previously unreleased, music and history of these loud and hairy underground hard rocking champions. Possessed zit covered Viking teens going berserk and blasting loud and heavy sounds at youth halls making the stoner kids go meatball crazy. Hippies, stoners, hoodlums or whatever they were called. Anarchists. Freaks United! Clandestine underground garage hard rock heavies' recordings in the basement of an adult movies film studio. Chicks like wah-wah! All in a day's work for the 'Swedish Meatballs.' This is a tasty release in the series 'The Swedish Hard Rock Underground - A Smorgasbord of Heavy Sounds.' SIDE 1: 1. \u00c4lgarna - Crowned King 2. H\u00f6gtryck - Sitta N\u00e5nstans Och Dr\u00f6mma 3. Styv Kuling - Questions Of Life 4. Rabatt - Look Till You Find 5. Strike - Lick The Pick 6. Jan & Bert (Resonans) - Kan Ljuset V\u00e4nda \u00c2ter? SIDE 2: 1. Frozen Fire - Good Times Cherry 2. Frozen Fire - Du \u00c4r Den Enda 3. Styv Kuling - Slow Down 4. Strike - Showing Your Face 5. Fire - Sommarn \u00c4r Sk\u00f6n 6. Rabatt - X:et","breadcrumb":{"@id":"https:\/\/wpguerssen-test.odoo.rgbconsulting.com\/es\/producto\/swedish-meatballs-vol-1\/#breadcrumb"},"inLanguage":"es","potentialAction":[{"@type":"ReadAction","target":["https:\/\/wpguerssen-test.odoo.rgbconsulting.com\/es\/producto\/swedish-meatballs-vol-1\/"]}]},{"@type":"ImageObject","inLanguage":"es","@id":"https:\/\/wpguerssen-test.odoo.rgbconsulting.com\/es\/producto\/swedish-meatballs-vol-1\/#primaryimage","url":"https:\/\/wpguerssen-test.odoo.rgbconsulting.com\/wp-content\/uploads\/2022\/11\/42262.jpg","contentUrl":"https:\/\/wpguerssen-test.odoo.rgbconsulting.com\/wp-content\/uploads\/2022\/11\/42262.jpg","width":600,"height":600},{"@type":"BreadcrumbList","@id":"https:\/\/wpguerssen-test.odoo.rgbconsulting.com\/es\/producto\/swedish-meatballs-vol-1\/#breadcrumb","itemListElement":[{"@type":"ListItem","position":1,"name":"Inicio","item":"https:\/\/wpguerssen-test.odoo.rgbconsulting.com\/es\/"},{"@type":"ListItem","position":2,"name":"Shop","item":"https:\/\/wpguerssen-test.odoo.rgbconsulting.com\/shop\/"},{"@type":"ListItem","position":3,"name":"Swedish Meatballs Vol 1"}]},{"@type":"WebSite","@id":"https:\/\/wpguerssen-test.odoo.rgbconsulting.com\/es\/#website","url":"https:\/\/wpguerssen-test.odoo.rgbconsulting.com\/es\/","name":"Guerssen records","description":"psychedelia - progressive - folk - garage ","publisher":{"@id":"https:\/\/wpguerssen-test.odoo.rgbconsulting.com\/es\/#organization"},"potentialAction":[{"@type":"SearchAction","target":{"@type":"EntryPoint","urlTemplate":"https:\/\/wpguerssen-test.odoo.rgbconsulting.com\/es\/?s={search_term_string}"},"query-input":{"@type":"PropertyValueSpecification","valueRequired":true,"valueName":"search_term_string"}}],"inLanguage":"es"},{"@type":"Organization","@id":"https:\/\/wpguerssen-test.odoo.rgbconsulting.com\/es\/#organization","name":"Guerssen records","url":"https:\/\/wpguerssen-test.odoo.rgbconsulting.com\/es\/","logo":{"@type":"ImageObject","inLanguage":"es","@id":"https:\/\/wpguerssen-test.odoo.rgbconsulting.com\/es\/#\/schema\/logo\/image\/","url":"https:\/\/wpguerssen-test.odoo.rgbconsulting.com\/wp-content\/uploads\/2022\/04\/Logo_Guerssen_trans_100.png","contentUrl":"https:\/\/wpguerssen-test.odoo.rgbconsulting.com\/wp-content\/uploads\/2022\/04\/Logo_Guerssen_trans_100.png","width":122,"height":100,"caption":"Guerssen records"},"image":{"@id":"https:\/\/wpguerssen-test.odoo.rgbconsulting.com\/es\/#\/schema\/logo\/image\/"}}]}},"_links":{"self":[{"href":"https:\/\/wpguerssen-test.odoo.rgbconsulting.com\/es\/wp-json\/wp\/v2\/product\/226703","targetHints":{"allow":["GET"]}}],"collection":[{"href":"https:\/\/wpguerssen-test.odoo.rgbconsulting.com\/es\/wp-json\/wp\/v2\/product"}],"about":[{"href":"https:\/\/wpguerssen-test.odoo.rgbconsulting.com\/es\/wp-json\/wp\/v2\/types\/product"}],"wp:featuredmedia":[{"embeddable":true,"href":"https:\/\/wpguerssen-test.odoo.rgbconsulting.com\/es\/wp-json\/wp\/v2\/media\/221441"}],"wp:attachment":[{"href":"https:\/\/wpguerssen-test.odoo.rgbconsulting.com\/es\/wp-json\/wp\/v2\/media?parent=226703"}],"wp:term":[{"taxonomy":"product_brand","embeddable":true,"href":"https:\/\/wpguerssen-test.odoo.rgbconsulting.com\/es\/wp-json\/wp\/v2\/product_brand?post=226703"},{"taxonomy":"product_cat","embeddable":true,"href":"https:\/\/wpguerssen-test.odoo.rgbconsulting.com\/es\/wp-json\/wp\/v2\/product_cat?post=226703"},{"taxonomy":"product_tag","embeddable":true,"href":"https:\/\/wpguerssen-test.odoo.rgbconsulting.com\/es\/wp-json\/wp\/v2\/product_tag?post=226703"}],"curies":[{"name":"wp","href":"https:\/\/api.w.org\/{rel}","templated":true}]}}