{"id":226717,"date":"2025-02-20T00:00:00","date_gmt":"2025-02-19T23:00:00","guid":{"rendered":"https:\/\/wpguerssen-test.odoo.rgbconsulting.com\/product\/clamor-luciferi\/"},"modified":"2025-05-05T11:00:13","modified_gmt":"2025-05-05T09:00:13","slug":"clamor-luciferi","status":"publish","type":"product","link":"https:\/\/wpguerssen-test.odoo.rgbconsulting.com\/es\/producto\/clamor-luciferi\/","title":{"rendered":"Clamor Luciferi"},"content":{"rendered":"<p>\u00a1\u00bbClamor Luciferi\u00bb significa el grito de Lucifer, un grito hostil pero tambi\u00e9n significa ruido y alboroto! 1782 con este \u00faltimo trabajo han sacado las canciones m\u00e1s poderosas y malvadas que jam\u00e1s hayan hecho. El \u00e1lbum se abre con una pieza de \u00f3rgano que transmite ansiedad, sufrimiento y melancol\u00eda. A partir del segundo tema comienzan los riffs pesados \u00bf\u00bfy confusos, seguidos de una bater\u00eda potente e hipn\u00f3tica. Como siempre, los temas son ocultistas y cuentan leyendas de su tierra. Un \u00e1lbum que te arrastrar\u00e1 a la oscuridad m\u00e1s profunda y ensordecedora, \u00a1d\u00e9jate llevar y hipnotizar por el Grito de Lucifer!<\/p>\n","protected":false},"excerpt":{"rendered":"<p>\u00a1\u00bbClamor Luciferi\u00bb significa el grito de Lucifer, un grito hostil pero tambi\u00e9n significa ruido y alboroto! 1782 con este \u00faltimo trabajo han sacado las canciones<a class=\"read\" href=\"https:\/\/wpguerssen-test.odoo.rgbconsulting.com\/es\/producto\/clamor-luciferi\/\"> (...)<\/a>","protected":false},"featured_media":229819,"template":"","meta":{"_acf_changed":false},"product_brand":[],"product_cat":[21708],"product_tag":[24185],"class_list":{"0":"post-226717","1":"product","2":"type-product","3":"status-publish","4":"has-post-thumbnail","6":"product_cat-stoner-doom-es","7":"product_tag-de-nuevo-en-existencia","8":"pa_artist-27505","9":"pa_format-lp-es","10":"pa_gender-stoner-doom","11":"pa_label-heavy-psych-sounds","12":"pa_location-europe-es","13":"pa_other-filters-vinyl-only-es","15":"first","16":"instock","17":"taxable","18":"shipping-taxable","19":"purchasable","20":"product-type-simple"},"acf":[],"yoast_head":"<!-- This site is optimized with the Yoast SEO plugin v24.9 - https:\/\/yoast.com\/wordpress\/plugins\/seo\/ -->\n<title>1782 - Clamor Luciferi -  (LP) | Guerssen<\/title>\n<meta name=\"description\" content=\"&quot;Clamor Luciferi&quot; means the scream of Lucifer, a hostile scream but it also means noise and uproar! 1782 with this latest work have taken out the most powerful and evil songs they have ever made. The album opens with an organ piece that conveys anxiety, suffering and melancholy. From the second track onwards the heavy and fuzzy riffs start, followed by a powerful and hypnotic drums. As always, the themes are occult and legends of their land. An album that will drag you into the deepest and most deafening darkness, let yourself go and be hypnotized by the Clamor Luciferi!\" \/>\n<meta name=\"robots\" content=\"index, follow, max-snippet:-1, max-image-preview:large, max-video-preview:-1\" \/>\n<link rel=\"canonical\" href=\"https:\/\/wpguerssen-test.odoo.rgbconsulting.com\/es\/producto\/clamor-luciferi\/\" \/>\n<meta property=\"og:locale\" content=\"es_ES\" \/>\n<meta property=\"og:type\" content=\"article\" \/>\n<meta property=\"og:title\" content=\"1782 - Clamor Luciferi -  (LP) | Guerssen\" \/>\n<meta property=\"og:description\" content=\"&quot;Clamor Luciferi&quot; means the scream of Lucifer, a hostile scream but it also means noise and uproar! 1782 with this latest work have taken out the most powerful and evil songs they have ever made. The album opens with an organ piece that conveys anxiety, suffering and melancholy. From the second track onwards the heavy and fuzzy riffs start, followed by a powerful and hypnotic drums. As always, the themes are occult and legends of their land. An album that will drag you into the deepest and most deafening darkness, let yourself go and be hypnotized by the Clamor Luciferi!\" \/>\n<meta property=\"og:url\" content=\"https:\/\/wpguerssen-test.odoo.rgbconsulting.com\/es\/producto\/clamor-luciferi\/\" \/>\n<meta property=\"og:site_name\" content=\"Guerssen records\" \/>\n<meta property=\"article:modified_time\" content=\"2025-05-05T09:00:13+00:00\" \/>\n<meta property=\"og:image\" content=\"https:\/\/wpguerssen-test.odoo.rgbconsulting.com\/wp-content\/uploads\/2023\/03\/42909.jpg\" \/>\n\t<meta property=\"og:image:width\" content=\"1440\" \/>\n\t<meta property=\"og:image:height\" content=\"1440\" \/>\n\t<meta property=\"og:image:type\" content=\"image\/jpeg\" \/>\n<meta name=\"twitter:card\" content=\"summary_large_image\" \/>\n<meta name=\"twitter:title\" content=\"1782 - Clamor Luciferi -  (LP) | Guerssen\" \/>\n<meta name=\"twitter:label1\" content=\"Tiempo de lectura\" \/>\n\t<meta name=\"twitter:data1\" content=\"1 minuto\" \/>\n<script type=\"application\/ld+json\" class=\"yoast-schema-graph\">{\"@context\":\"https:\/\/schema.org\",\"@graph\":[{\"@type\":\"WebPage\",\"@id\":\"https:\/\/wpguerssen-test.odoo.rgbconsulting.com\/es\/producto\/clamor-luciferi\/\",\"url\":\"https:\/\/wpguerssen-test.odoo.rgbconsulting.com\/es\/producto\/clamor-luciferi\/\",\"name\":\"1782 - Clamor Luciferi - (LP) | Guerssen\",\"isPartOf\":{\"@id\":\"https:\/\/wpguerssen-test.odoo.rgbconsulting.com\/es\/#website\"},\"primaryImageOfPage\":{\"@id\":\"https:\/\/wpguerssen-test.odoo.rgbconsulting.com\/es\/producto\/clamor-luciferi\/#primaryimage\"},\"image\":{\"@id\":\"https:\/\/wpguerssen-test.odoo.rgbconsulting.com\/es\/producto\/clamor-luciferi\/#primaryimage\"},\"thumbnailUrl\":\"https:\/\/wpguerssen-test.odoo.rgbconsulting.com\/wp-content\/uploads\/2023\/03\/42909.jpg\",\"datePublished\":\"2025-02-19T23:00:00+00:00\",\"dateModified\":\"2025-05-05T09:00:13+00:00\",\"description\":\"\\\"Clamor Luciferi\\\" means the scream of Lucifer, a hostile scream but it also means noise and uproar! 1782 with this latest work have taken out the most powerful and evil songs they have ever made. The album opens with an organ piece that conveys anxiety, suffering and melancholy. From the second track onwards the heavy and fuzzy riffs start, followed by a powerful and hypnotic drums. As always, the themes are occult and legends of their land. An album that will drag you into the deepest and most deafening darkness, let yourself go and be hypnotized by the Clamor Luciferi!\",\"breadcrumb\":{\"@id\":\"https:\/\/wpguerssen-test.odoo.rgbconsulting.com\/es\/producto\/clamor-luciferi\/#breadcrumb\"},\"inLanguage\":\"es\",\"potentialAction\":[{\"@type\":\"ReadAction\",\"target\":[\"https:\/\/wpguerssen-test.odoo.rgbconsulting.com\/es\/producto\/clamor-luciferi\/\"]}]},{\"@type\":\"ImageObject\",\"inLanguage\":\"es\",\"@id\":\"https:\/\/wpguerssen-test.odoo.rgbconsulting.com\/es\/producto\/clamor-luciferi\/#primaryimage\",\"url\":\"https:\/\/wpguerssen-test.odoo.rgbconsulting.com\/wp-content\/uploads\/2023\/03\/42909.jpg\",\"contentUrl\":\"https:\/\/wpguerssen-test.odoo.rgbconsulting.com\/wp-content\/uploads\/2023\/03\/42909.jpg\",\"width\":1440,\"height\":1440},{\"@type\":\"BreadcrumbList\",\"@id\":\"https:\/\/wpguerssen-test.odoo.rgbconsulting.com\/es\/producto\/clamor-luciferi\/#breadcrumb\",\"itemListElement\":[{\"@type\":\"ListItem\",\"position\":1,\"name\":\"Inicio\",\"item\":\"https:\/\/wpguerssen-test.odoo.rgbconsulting.com\/es\/\"},{\"@type\":\"ListItem\",\"position\":2,\"name\":\"Shop\",\"item\":\"https:\/\/wpguerssen-test.odoo.rgbconsulting.com\/shop\/\"},{\"@type\":\"ListItem\",\"position\":3,\"name\":\"Clamor Luciferi\"}]},{\"@type\":\"WebSite\",\"@id\":\"https:\/\/wpguerssen-test.odoo.rgbconsulting.com\/es\/#website\",\"url\":\"https:\/\/wpguerssen-test.odoo.rgbconsulting.com\/es\/\",\"name\":\"Guerssen records\",\"description\":\"psychedelia - progressive - folk - garage \",\"publisher\":{\"@id\":\"https:\/\/wpguerssen-test.odoo.rgbconsulting.com\/es\/#organization\"},\"potentialAction\":[{\"@type\":\"SearchAction\",\"target\":{\"@type\":\"EntryPoint\",\"urlTemplate\":\"https:\/\/wpguerssen-test.odoo.rgbconsulting.com\/es\/?s={search_term_string}\"},\"query-input\":{\"@type\":\"PropertyValueSpecification\",\"valueRequired\":true,\"valueName\":\"search_term_string\"}}],\"inLanguage\":\"es\"},{\"@type\":\"Organization\",\"@id\":\"https:\/\/wpguerssen-test.odoo.rgbconsulting.com\/es\/#organization\",\"name\":\"Guerssen records\",\"url\":\"https:\/\/wpguerssen-test.odoo.rgbconsulting.com\/es\/\",\"logo\":{\"@type\":\"ImageObject\",\"inLanguage\":\"es\",\"@id\":\"https:\/\/wpguerssen-test.odoo.rgbconsulting.com\/es\/#\/schema\/logo\/image\/\",\"url\":\"https:\/\/wpguerssen-test.odoo.rgbconsulting.com\/wp-content\/uploads\/2022\/04\/Logo_Guerssen_trans_100.png\",\"contentUrl\":\"https:\/\/wpguerssen-test.odoo.rgbconsulting.com\/wp-content\/uploads\/2022\/04\/Logo_Guerssen_trans_100.png\",\"width\":122,\"height\":100,\"caption\":\"Guerssen records\"},\"image\":{\"@id\":\"https:\/\/wpguerssen-test.odoo.rgbconsulting.com\/es\/#\/schema\/logo\/image\/\"}}]}<\/script>\n<!-- \/ Yoast SEO plugin. -->","yoast_head_json":{"title":"1782 - Clamor Luciferi -  (LP) | Guerssen","description":"\"Clamor Luciferi\" means the scream of Lucifer, a hostile scream but it also means noise and uproar! 1782 with this latest work have taken out the most powerful and evil songs they have ever made. The album opens with an organ piece that conveys anxiety, suffering and melancholy. From the second track onwards the heavy and fuzzy riffs start, followed by a powerful and hypnotic drums. As always, the themes are occult and legends of their land. An album that will drag you into the deepest and most deafening darkness, let yourself go and be hypnotized by the Clamor Luciferi!","robots":{"index":"index","follow":"follow","max-snippet":"max-snippet:-1","max-image-preview":"max-image-preview:large","max-video-preview":"max-video-preview:-1"},"canonical":"https:\/\/wpguerssen-test.odoo.rgbconsulting.com\/es\/producto\/clamor-luciferi\/","og_locale":"es_ES","og_type":"article","og_title":"1782 - Clamor Luciferi -  (LP) | Guerssen","og_description":"\"Clamor Luciferi\" means the scream of Lucifer, a hostile scream but it also means noise and uproar! 1782 with this latest work have taken out the most powerful and evil songs they have ever made. The album opens with an organ piece that conveys anxiety, suffering and melancholy. From the second track onwards the heavy and fuzzy riffs start, followed by a powerful and hypnotic drums. As always, the themes are occult and legends of their land. An album that will drag you into the deepest and most deafening darkness, let yourself go and be hypnotized by the Clamor Luciferi!","og_url":"https:\/\/wpguerssen-test.odoo.rgbconsulting.com\/es\/producto\/clamor-luciferi\/","og_site_name":"Guerssen records","article_modified_time":"2025-05-05T09:00:13+00:00","og_image":[{"width":1440,"height":1440,"url":"https:\/\/wpguerssen-test.odoo.rgbconsulting.com\/wp-content\/uploads\/2023\/03\/42909.jpg","type":"image\/jpeg"}],"twitter_card":"summary_large_image","twitter_title":"1782 - Clamor Luciferi -  (LP) | Guerssen","twitter_misc":{"Tiempo de lectura":"1 minuto"},"schema":{"@context":"https:\/\/schema.org","@graph":[{"@type":"WebPage","@id":"https:\/\/wpguerssen-test.odoo.rgbconsulting.com\/es\/producto\/clamor-luciferi\/","url":"https:\/\/wpguerssen-test.odoo.rgbconsulting.com\/es\/producto\/clamor-luciferi\/","name":"1782 - Clamor Luciferi - (LP) | Guerssen","isPartOf":{"@id":"https:\/\/wpguerssen-test.odoo.rgbconsulting.com\/es\/#website"},"primaryImageOfPage":{"@id":"https:\/\/wpguerssen-test.odoo.rgbconsulting.com\/es\/producto\/clamor-luciferi\/#primaryimage"},"image":{"@id":"https:\/\/wpguerssen-test.odoo.rgbconsulting.com\/es\/producto\/clamor-luciferi\/#primaryimage"},"thumbnailUrl":"https:\/\/wpguerssen-test.odoo.rgbconsulting.com\/wp-content\/uploads\/2023\/03\/42909.jpg","datePublished":"2025-02-19T23:00:00+00:00","dateModified":"2025-05-05T09:00:13+00:00","description":"\"Clamor Luciferi\" means the scream of Lucifer, a hostile scream but it also means noise and uproar! 1782 with this latest work have taken out the most powerful and evil songs they have ever made. The album opens with an organ piece that conveys anxiety, suffering and melancholy. From the second track onwards the heavy and fuzzy riffs start, followed by a powerful and hypnotic drums. As always, the themes are occult and legends of their land. An album that will drag you into the deepest and most deafening darkness, let yourself go and be hypnotized by the Clamor Luciferi!","breadcrumb":{"@id":"https:\/\/wpguerssen-test.odoo.rgbconsulting.com\/es\/producto\/clamor-luciferi\/#breadcrumb"},"inLanguage":"es","potentialAction":[{"@type":"ReadAction","target":["https:\/\/wpguerssen-test.odoo.rgbconsulting.com\/es\/producto\/clamor-luciferi\/"]}]},{"@type":"ImageObject","inLanguage":"es","@id":"https:\/\/wpguerssen-test.odoo.rgbconsulting.com\/es\/producto\/clamor-luciferi\/#primaryimage","url":"https:\/\/wpguerssen-test.odoo.rgbconsulting.com\/wp-content\/uploads\/2023\/03\/42909.jpg","contentUrl":"https:\/\/wpguerssen-test.odoo.rgbconsulting.com\/wp-content\/uploads\/2023\/03\/42909.jpg","width":1440,"height":1440},{"@type":"BreadcrumbList","@id":"https:\/\/wpguerssen-test.odoo.rgbconsulting.com\/es\/producto\/clamor-luciferi\/#breadcrumb","itemListElement":[{"@type":"ListItem","position":1,"name":"Inicio","item":"https:\/\/wpguerssen-test.odoo.rgbconsulting.com\/es\/"},{"@type":"ListItem","position":2,"name":"Shop","item":"https:\/\/wpguerssen-test.odoo.rgbconsulting.com\/shop\/"},{"@type":"ListItem","position":3,"name":"Clamor Luciferi"}]},{"@type":"WebSite","@id":"https:\/\/wpguerssen-test.odoo.rgbconsulting.com\/es\/#website","url":"https:\/\/wpguerssen-test.odoo.rgbconsulting.com\/es\/","name":"Guerssen records","description":"psychedelia - progressive - folk - garage ","publisher":{"@id":"https:\/\/wpguerssen-test.odoo.rgbconsulting.com\/es\/#organization"},"potentialAction":[{"@type":"SearchAction","target":{"@type":"EntryPoint","urlTemplate":"https:\/\/wpguerssen-test.odoo.rgbconsulting.com\/es\/?s={search_term_string}"},"query-input":{"@type":"PropertyValueSpecification","valueRequired":true,"valueName":"search_term_string"}}],"inLanguage":"es"},{"@type":"Organization","@id":"https:\/\/wpguerssen-test.odoo.rgbconsulting.com\/es\/#organization","name":"Guerssen records","url":"https:\/\/wpguerssen-test.odoo.rgbconsulting.com\/es\/","logo":{"@type":"ImageObject","inLanguage":"es","@id":"https:\/\/wpguerssen-test.odoo.rgbconsulting.com\/es\/#\/schema\/logo\/image\/","url":"https:\/\/wpguerssen-test.odoo.rgbconsulting.com\/wp-content\/uploads\/2022\/04\/Logo_Guerssen_trans_100.png","contentUrl":"https:\/\/wpguerssen-test.odoo.rgbconsulting.com\/wp-content\/uploads\/2022\/04\/Logo_Guerssen_trans_100.png","width":122,"height":100,"caption":"Guerssen records"},"image":{"@id":"https:\/\/wpguerssen-test.odoo.rgbconsulting.com\/es\/#\/schema\/logo\/image\/"}}]}},"_links":{"self":[{"href":"https:\/\/wpguerssen-test.odoo.rgbconsulting.com\/es\/wp-json\/wp\/v2\/product\/226717","targetHints":{"allow":["GET"]}}],"collection":[{"href":"https:\/\/wpguerssen-test.odoo.rgbconsulting.com\/es\/wp-json\/wp\/v2\/product"}],"about":[{"href":"https:\/\/wpguerssen-test.odoo.rgbconsulting.com\/es\/wp-json\/wp\/v2\/types\/product"}],"wp:featuredmedia":[{"embeddable":true,"href":"https:\/\/wpguerssen-test.odoo.rgbconsulting.com\/es\/wp-json\/wp\/v2\/media\/229819"}],"wp:attachment":[{"href":"https:\/\/wpguerssen-test.odoo.rgbconsulting.com\/es\/wp-json\/wp\/v2\/media?parent=226717"}],"wp:term":[{"taxonomy":"product_brand","embeddable":true,"href":"https:\/\/wpguerssen-test.odoo.rgbconsulting.com\/es\/wp-json\/wp\/v2\/product_brand?post=226717"},{"taxonomy":"product_cat","embeddable":true,"href":"https:\/\/wpguerssen-test.odoo.rgbconsulting.com\/es\/wp-json\/wp\/v2\/product_cat?post=226717"},{"taxonomy":"product_tag","embeddable":true,"href":"https:\/\/wpguerssen-test.odoo.rgbconsulting.com\/es\/wp-json\/wp\/v2\/product_tag?post=226717"}],"curies":[{"name":"wp","href":"https:\/\/api.w.org\/{rel}","templated":true}]}}