{"id":226718,"date":"2023-03-06T00:00:00","date_gmt":"2023-03-05T23:00:00","guid":{"rendered":"https:\/\/wpguerssen-test.odoo.rgbconsulting.com\/product\/eulalie\/"},"modified":"2024-11-28T13:48:35","modified_gmt":"2024-11-28T12:48:35","slug":"eulalie","status":"publish","type":"product","link":"https:\/\/wpguerssen-test.odoo.rgbconsulting.com\/es\/producto\/eulalie\/","title":{"rendered":"Eulalie"},"content":{"rendered":"<p>La banda de folk rock\/power pop THE SUMMER SUNS se form\u00f3 en Perth, Australia Occidental en 1986 como un proyecto \u00fanico para lanzar las canciones de Kim Williams \u00abHoneypearl\u00bb y \u00abRachel Anne\u00bb. La popularidad del sencillo hizo que The Summer Suns se convirtiera en un elemento m\u00e1s permanente en la escena de Perth entre 1986 y1996, lanzando discos en la mayor\u00eda de los mejores sellos independientes del mundo, incluidos Easter, Waterfront, Bus Stop, Parasol, Spring &#038; Get Hip.<br >Aunque ejerc\u00eda su oficio de compositor en otras bandas y otros g\u00e9neros, Williams nunca renunci\u00f3 por completo a su amor por la m\u00fasica mel\u00f3dica. Despu\u00e9s de un tiempo tocando sadcore y luego garage rock, form\u00f3 THE LOVE LETTERS con Katherine Browne, tocando m\u00fasica muy parecida a The Summer Suns unplugged.<br \/>En 2013, con un mont\u00f3n de canciones, comenz\u00f3 a trabajar simult\u00e1neamente en un nuevo \u00e1lbum de SUMMER SUNS y LOVE Con Williams tocando la mayor\u00eda de los instrumentos y produciendo las grabaciones. Katherine Browne renunci\u00f3 para concentrarse en su carrera real, dejando que Williams decidiera qu\u00e9 hacer con los dos proyectos. Con alrededor de 30 grabaciones para elegir, decidi\u00f3 editarlo en un solo proyecto bajo el lema THE SUMMER SUNS. As\u00ed naci\u00f3 EULALIE y se autoedit\u00f3 en una edici\u00f3n limitada de vinilo de 100 copias, cada una numerada y con un color de vinilo \u00fanico y una foto tomada por Kim. Literalmente, sin publicidad, el \u00e1lbum se agot\u00f3 r\u00e1pidamente.<br \/>Con la demanda de este LP de folk rock \/ power pop, ahora imposible de encontrar, aumentando a lo largo de los a\u00f1os, HANKY PANKY RECORDS est\u00e1 listo para reeditarlo en una edici\u00f3n limitada de 250 copias con cubierta detallada mejorada y 2 bonus tracks.<\/p>\n","protected":false},"excerpt":{"rendered":"<p>La banda de folk rock\/power pop THE SUMMER SUNS se form\u00f3 en Perth, Australia Occidental en 1986 como un proyecto \u00fanico para lanzar las canciones de Kim Williams<a class=\"read\" href=\"https:\/\/wpguerssen-test.odoo.rgbconsulting.com\/es\/producto\/eulalie\/\"> (...)<\/a>","protected":false},"featured_media":226888,"template":"","meta":{"_acf_changed":false},"product_brand":[],"product_cat":[23273],"product_tag":[],"class_list":{"0":"post-226718","1":"product","2":"type-product","3":"status-publish","4":"has-post-thumbnail","6":"product_cat-folk-rock-00s-now-es","7":"pa_artist-summer-suns","8":"pa_format-lp-es","9":"pa_gender-folk-rock-00s-now","10":"pa_label-hanky-panky","11":"pa_location-australia-nz-es","12":"pa_other-filters-vinyl-only-es","14":"first","15":"instock","16":"taxable","17":"shipping-taxable","18":"purchasable","19":"product-type-simple"},"acf":[],"yoast_head":"<!-- This site is optimized with the Yoast SEO plugin v24.9 - https:\/\/yoast.com\/wordpress\/plugins\/seo\/ -->\n<title>SUMMER SUNS - Eulalie -  (LP) | Guerssen<\/title>\n<meta name=\"description\" content=\"Folk rock \/ power pop band THE SUMMER SUNS formed in Perth, Western Australia in 1986 as one off project to release Kim Williams&#039; songs &quot;Honeypearl&quot; &amp; &quot;Rachel Anne&quot;. The popularity of the single saw The Summer Suns become a more permanent fixture in the Perth scene, 1986 - 1996, releasing records on most of the world&#039;s best indie labels including Easter, Waterfront, Bus Stop, Parasol, Spring &amp; Get Hip.Although plying his songwriting trade in other bands and other genres, Williams never entirely gave up on his love for melodic music. After some time playing sadcore then garage rock he formed THE LOVE LETTERS with Katherine Browne, playing music very much like The Summer Suns unplugged.In 2013 with a stockpile of tunes he began working simultaneously on a new SUMMER SUNS album and a LOVE LETTERS album with different versions of some songs to appear on both records. With Williams playing most of the instruments and producing the recordings, time took its toll. Katherine Browne quit to concentrate on her real career leaving Williams to decide what to do with the two projects. With about 30 recordings to choose from he decided to edit it down to a single project under THE SUMMER SUNS banner. Thus EULALIE was born &amp; self released in a limited vinyl edition of 100 copies, each numbered and with a unique vinyl colour and photo taken by Kim. With literally no publicity at all the album quickly sold out.With demand for this now impossible to find folk rock \/ power pop LP increasing over the years, HANKY PANKY RECORDS is set to reissue it in a limited edition of 250 copies with improved detailed cover and 2 bonus tracks!\" \/>\n<meta name=\"robots\" content=\"index, follow, max-snippet:-1, max-image-preview:large, max-video-preview:-1\" \/>\n<link rel=\"canonical\" href=\"https:\/\/wpguerssen-test.odoo.rgbconsulting.com\/es\/producto\/eulalie\/\" \/>\n<meta property=\"og:locale\" content=\"es_ES\" \/>\n<meta property=\"og:type\" content=\"article\" \/>\n<meta property=\"og:title\" content=\"SUMMER SUNS - Eulalie -  (LP) | Guerssen\" \/>\n<meta property=\"og:description\" content=\"Folk rock \/ power pop band THE SUMMER SUNS formed in Perth, Western Australia in 1986 as one off project to release Kim Williams&#039; songs &quot;Honeypearl&quot; &amp; &quot;Rachel Anne&quot;. The popularity of the single saw The Summer Suns become a more permanent fixture in the Perth scene, 1986 - 1996, releasing records on most of the world&#039;s best indie labels including Easter, Waterfront, Bus Stop, Parasol, Spring &amp; Get Hip.Although plying his songwriting trade in other bands and other genres, Williams never entirely gave up on his love for melodic music. After some time playing sadcore then garage rock he formed THE LOVE LETTERS with Katherine Browne, playing music very much like The Summer Suns unplugged.In 2013 with a stockpile of tunes he began working simultaneously on a new SUMMER SUNS album and a LOVE LETTERS album with different versions of some songs to appear on both records. With Williams playing most of the instruments and producing the recordings, time took its toll. Katherine Browne quit to concentrate on her real career leaving Williams to decide what to do with the two projects. With about 30 recordings to choose from he decided to edit it down to a single project under THE SUMMER SUNS banner. Thus EULALIE was born &amp; self released in a limited vinyl edition of 100 copies, each numbered and with a unique vinyl colour and photo taken by Kim. With literally no publicity at all the album quickly sold out.With demand for this now impossible to find folk rock \/ power pop LP increasing over the years, HANKY PANKY RECORDS is set to reissue it in a limited edition of 250 copies with improved detailed cover and 2 bonus tracks!\" \/>\n<meta property=\"og:url\" content=\"https:\/\/wpguerssen-test.odoo.rgbconsulting.com\/es\/producto\/eulalie\/\" \/>\n<meta property=\"og:site_name\" content=\"Guerssen records\" \/>\n<meta property=\"article:modified_time\" content=\"2024-11-28T12:48:35+00:00\" \/>\n<meta property=\"og:image\" content=\"https:\/\/wpguerssen-test.odoo.rgbconsulting.com\/wp-content\/uploads\/2023\/02\/42910.jpg\" \/>\n\t<meta property=\"og:image:width\" content=\"472\" \/>\n\t<meta property=\"og:image:height\" content=\"472\" \/>\n\t<meta property=\"og:image:type\" content=\"image\/jpeg\" \/>\n<meta name=\"twitter:card\" content=\"summary_large_image\" \/>\n<meta name=\"twitter:title\" content=\"SUMMER SUNS - Eulalie -  (LP) | Guerssen\" \/>\n<meta name=\"twitter:label1\" content=\"Tiempo de lectura\" \/>\n\t<meta name=\"twitter:data1\" content=\"1 minuto\" \/>\n<script type=\"application\/ld+json\" class=\"yoast-schema-graph\">{\"@context\":\"https:\/\/schema.org\",\"@graph\":[{\"@type\":\"WebPage\",\"@id\":\"https:\/\/wpguerssen-test.odoo.rgbconsulting.com\/es\/producto\/eulalie\/\",\"url\":\"https:\/\/wpguerssen-test.odoo.rgbconsulting.com\/es\/producto\/eulalie\/\",\"name\":\"SUMMER SUNS - Eulalie - (LP) | Guerssen\",\"isPartOf\":{\"@id\":\"https:\/\/wpguerssen-test.odoo.rgbconsulting.com\/es\/#website\"},\"primaryImageOfPage\":{\"@id\":\"https:\/\/wpguerssen-test.odoo.rgbconsulting.com\/es\/producto\/eulalie\/#primaryimage\"},\"image\":{\"@id\":\"https:\/\/wpguerssen-test.odoo.rgbconsulting.com\/es\/producto\/eulalie\/#primaryimage\"},\"thumbnailUrl\":\"https:\/\/wpguerssen-test.odoo.rgbconsulting.com\/wp-content\/uploads\/2023\/02\/42910.jpg\",\"datePublished\":\"2023-03-05T23:00:00+00:00\",\"dateModified\":\"2024-11-28T12:48:35+00:00\",\"description\":\"Folk rock \/ power pop band THE SUMMER SUNS formed in Perth, Western Australia in 1986 as one off project to release Kim Williams' songs \\\"Honeypearl\\\" & \\\"Rachel Anne\\\". The popularity of the single saw The Summer Suns become a more permanent fixture in the Perth scene, 1986 - 1996, releasing records on most of the world's best indie labels including Easter, Waterfront, Bus Stop, Parasol, Spring & Get Hip.Although plying his songwriting trade in other bands and other genres, Williams never entirely gave up on his love for melodic music. After some time playing sadcore then garage rock he formed THE LOVE LETTERS with Katherine Browne, playing music very much like The Summer Suns unplugged.In 2013 with a stockpile of tunes he began working simultaneously on a new SUMMER SUNS album and a LOVE LETTERS album with different versions of some songs to appear on both records. With Williams playing most of the instruments and producing the recordings, time took its toll. Katherine Browne quit to concentrate on her real career leaving Williams to decide what to do with the two projects. With about 30 recordings to choose from he decided to edit it down to a single project under THE SUMMER SUNS banner. Thus EULALIE was born & self released in a limited vinyl edition of 100 copies, each numbered and with a unique vinyl colour and photo taken by Kim. With literally no publicity at all the album quickly sold out.With demand for this now impossible to find folk rock \/ power pop LP increasing over the years, HANKY PANKY RECORDS is set to reissue it in a limited edition of 250 copies with improved detailed cover and 2 bonus tracks!\",\"breadcrumb\":{\"@id\":\"https:\/\/wpguerssen-test.odoo.rgbconsulting.com\/es\/producto\/eulalie\/#breadcrumb\"},\"inLanguage\":\"es\",\"potentialAction\":[{\"@type\":\"ReadAction\",\"target\":[\"https:\/\/wpguerssen-test.odoo.rgbconsulting.com\/es\/producto\/eulalie\/\"]}]},{\"@type\":\"ImageObject\",\"inLanguage\":\"es\",\"@id\":\"https:\/\/wpguerssen-test.odoo.rgbconsulting.com\/es\/producto\/eulalie\/#primaryimage\",\"url\":\"https:\/\/wpguerssen-test.odoo.rgbconsulting.com\/wp-content\/uploads\/2023\/02\/42910.jpg\",\"contentUrl\":\"https:\/\/wpguerssen-test.odoo.rgbconsulting.com\/wp-content\/uploads\/2023\/02\/42910.jpg\",\"width\":472,\"height\":472},{\"@type\":\"BreadcrumbList\",\"@id\":\"https:\/\/wpguerssen-test.odoo.rgbconsulting.com\/es\/producto\/eulalie\/#breadcrumb\",\"itemListElement\":[{\"@type\":\"ListItem\",\"position\":1,\"name\":\"Inicio\",\"item\":\"https:\/\/wpguerssen-test.odoo.rgbconsulting.com\/es\/\"},{\"@type\":\"ListItem\",\"position\":2,\"name\":\"Shop\",\"item\":\"https:\/\/wpguerssen-test.odoo.rgbconsulting.com\/shop\/\"},{\"@type\":\"ListItem\",\"position\":3,\"name\":\"Eulalie\"}]},{\"@type\":\"WebSite\",\"@id\":\"https:\/\/wpguerssen-test.odoo.rgbconsulting.com\/es\/#website\",\"url\":\"https:\/\/wpguerssen-test.odoo.rgbconsulting.com\/es\/\",\"name\":\"Guerssen records\",\"description\":\"psychedelia - progressive - folk - garage \",\"publisher\":{\"@id\":\"https:\/\/wpguerssen-test.odoo.rgbconsulting.com\/es\/#organization\"},\"potentialAction\":[{\"@type\":\"SearchAction\",\"target\":{\"@type\":\"EntryPoint\",\"urlTemplate\":\"https:\/\/wpguerssen-test.odoo.rgbconsulting.com\/es\/?s={search_term_string}\"},\"query-input\":{\"@type\":\"PropertyValueSpecification\",\"valueRequired\":true,\"valueName\":\"search_term_string\"}}],\"inLanguage\":\"es\"},{\"@type\":\"Organization\",\"@id\":\"https:\/\/wpguerssen-test.odoo.rgbconsulting.com\/es\/#organization\",\"name\":\"Guerssen records\",\"url\":\"https:\/\/wpguerssen-test.odoo.rgbconsulting.com\/es\/\",\"logo\":{\"@type\":\"ImageObject\",\"inLanguage\":\"es\",\"@id\":\"https:\/\/wpguerssen-test.odoo.rgbconsulting.com\/es\/#\/schema\/logo\/image\/\",\"url\":\"https:\/\/wpguerssen-test.odoo.rgbconsulting.com\/wp-content\/uploads\/2022\/04\/Logo_Guerssen_trans_100.png\",\"contentUrl\":\"https:\/\/wpguerssen-test.odoo.rgbconsulting.com\/wp-content\/uploads\/2022\/04\/Logo_Guerssen_trans_100.png\",\"width\":122,\"height\":100,\"caption\":\"Guerssen records\"},\"image\":{\"@id\":\"https:\/\/wpguerssen-test.odoo.rgbconsulting.com\/es\/#\/schema\/logo\/image\/\"}}]}<\/script>\n<!-- \/ Yoast SEO plugin. -->","yoast_head_json":{"title":"SUMMER SUNS - Eulalie -  (LP) | Guerssen","description":"Folk rock \/ power pop band THE SUMMER SUNS formed in Perth, Western Australia in 1986 as one off project to release Kim Williams' songs \"Honeypearl\" & \"Rachel Anne\". The popularity of the single saw The Summer Suns become a more permanent fixture in the Perth scene, 1986 - 1996, releasing records on most of the world's best indie labels including Easter, Waterfront, Bus Stop, Parasol, Spring & Get Hip.Although plying his songwriting trade in other bands and other genres, Williams never entirely gave up on his love for melodic music. After some time playing sadcore then garage rock he formed THE LOVE LETTERS with Katherine Browne, playing music very much like The Summer Suns unplugged.In 2013 with a stockpile of tunes he began working simultaneously on a new SUMMER SUNS album and a LOVE LETTERS album with different versions of some songs to appear on both records. With Williams playing most of the instruments and producing the recordings, time took its toll. Katherine Browne quit to concentrate on her real career leaving Williams to decide what to do with the two projects. With about 30 recordings to choose from he decided to edit it down to a single project under THE SUMMER SUNS banner. Thus EULALIE was born & self released in a limited vinyl edition of 100 copies, each numbered and with a unique vinyl colour and photo taken by Kim. With literally no publicity at all the album quickly sold out.With demand for this now impossible to find folk rock \/ power pop LP increasing over the years, HANKY PANKY RECORDS is set to reissue it in a limited edition of 250 copies with improved detailed cover and 2 bonus tracks!","robots":{"index":"index","follow":"follow","max-snippet":"max-snippet:-1","max-image-preview":"max-image-preview:large","max-video-preview":"max-video-preview:-1"},"canonical":"https:\/\/wpguerssen-test.odoo.rgbconsulting.com\/es\/producto\/eulalie\/","og_locale":"es_ES","og_type":"article","og_title":"SUMMER SUNS - Eulalie -  (LP) | Guerssen","og_description":"Folk rock \/ power pop band THE SUMMER SUNS formed in Perth, Western Australia in 1986 as one off project to release Kim Williams' songs \"Honeypearl\" & \"Rachel Anne\". The popularity of the single saw The Summer Suns become a more permanent fixture in the Perth scene, 1986 - 1996, releasing records on most of the world's best indie labels including Easter, Waterfront, Bus Stop, Parasol, Spring & Get Hip.Although plying his songwriting trade in other bands and other genres, Williams never entirely gave up on his love for melodic music. After some time playing sadcore then garage rock he formed THE LOVE LETTERS with Katherine Browne, playing music very much like The Summer Suns unplugged.In 2013 with a stockpile of tunes he began working simultaneously on a new SUMMER SUNS album and a LOVE LETTERS album with different versions of some songs to appear on both records. With Williams playing most of the instruments and producing the recordings, time took its toll. Katherine Browne quit to concentrate on her real career leaving Williams to decide what to do with the two projects. With about 30 recordings to choose from he decided to edit it down to a single project under THE SUMMER SUNS banner. Thus EULALIE was born & self released in a limited vinyl edition of 100 copies, each numbered and with a unique vinyl colour and photo taken by Kim. With literally no publicity at all the album quickly sold out.With demand for this now impossible to find folk rock \/ power pop LP increasing over the years, HANKY PANKY RECORDS is set to reissue it in a limited edition of 250 copies with improved detailed cover and 2 bonus tracks!","og_url":"https:\/\/wpguerssen-test.odoo.rgbconsulting.com\/es\/producto\/eulalie\/","og_site_name":"Guerssen records","article_modified_time":"2024-11-28T12:48:35+00:00","og_image":[{"width":472,"height":472,"url":"https:\/\/wpguerssen-test.odoo.rgbconsulting.com\/wp-content\/uploads\/2023\/02\/42910.jpg","type":"image\/jpeg"}],"twitter_card":"summary_large_image","twitter_title":"SUMMER SUNS - Eulalie -  (LP) | Guerssen","twitter_misc":{"Tiempo de lectura":"1 minuto"},"schema":{"@context":"https:\/\/schema.org","@graph":[{"@type":"WebPage","@id":"https:\/\/wpguerssen-test.odoo.rgbconsulting.com\/es\/producto\/eulalie\/","url":"https:\/\/wpguerssen-test.odoo.rgbconsulting.com\/es\/producto\/eulalie\/","name":"SUMMER SUNS - Eulalie - (LP) | Guerssen","isPartOf":{"@id":"https:\/\/wpguerssen-test.odoo.rgbconsulting.com\/es\/#website"},"primaryImageOfPage":{"@id":"https:\/\/wpguerssen-test.odoo.rgbconsulting.com\/es\/producto\/eulalie\/#primaryimage"},"image":{"@id":"https:\/\/wpguerssen-test.odoo.rgbconsulting.com\/es\/producto\/eulalie\/#primaryimage"},"thumbnailUrl":"https:\/\/wpguerssen-test.odoo.rgbconsulting.com\/wp-content\/uploads\/2023\/02\/42910.jpg","datePublished":"2023-03-05T23:00:00+00:00","dateModified":"2024-11-28T12:48:35+00:00","description":"Folk rock \/ power pop band THE SUMMER SUNS formed in Perth, Western Australia in 1986 as one off project to release Kim Williams' songs \"Honeypearl\" & \"Rachel Anne\". The popularity of the single saw The Summer Suns become a more permanent fixture in the Perth scene, 1986 - 1996, releasing records on most of the world's best indie labels including Easter, Waterfront, Bus Stop, Parasol, Spring & Get Hip.Although plying his songwriting trade in other bands and other genres, Williams never entirely gave up on his love for melodic music. After some time playing sadcore then garage rock he formed THE LOVE LETTERS with Katherine Browne, playing music very much like The Summer Suns unplugged.In 2013 with a stockpile of tunes he began working simultaneously on a new SUMMER SUNS album and a LOVE LETTERS album with different versions of some songs to appear on both records. With Williams playing most of the instruments and producing the recordings, time took its toll. Katherine Browne quit to concentrate on her real career leaving Williams to decide what to do with the two projects. With about 30 recordings to choose from he decided to edit it down to a single project under THE SUMMER SUNS banner. Thus EULALIE was born & self released in a limited vinyl edition of 100 copies, each numbered and with a unique vinyl colour and photo taken by Kim. With literally no publicity at all the album quickly sold out.With demand for this now impossible to find folk rock \/ power pop LP increasing over the years, HANKY PANKY RECORDS is set to reissue it in a limited edition of 250 copies with improved detailed cover and 2 bonus tracks!","breadcrumb":{"@id":"https:\/\/wpguerssen-test.odoo.rgbconsulting.com\/es\/producto\/eulalie\/#breadcrumb"},"inLanguage":"es","potentialAction":[{"@type":"ReadAction","target":["https:\/\/wpguerssen-test.odoo.rgbconsulting.com\/es\/producto\/eulalie\/"]}]},{"@type":"ImageObject","inLanguage":"es","@id":"https:\/\/wpguerssen-test.odoo.rgbconsulting.com\/es\/producto\/eulalie\/#primaryimage","url":"https:\/\/wpguerssen-test.odoo.rgbconsulting.com\/wp-content\/uploads\/2023\/02\/42910.jpg","contentUrl":"https:\/\/wpguerssen-test.odoo.rgbconsulting.com\/wp-content\/uploads\/2023\/02\/42910.jpg","width":472,"height":472},{"@type":"BreadcrumbList","@id":"https:\/\/wpguerssen-test.odoo.rgbconsulting.com\/es\/producto\/eulalie\/#breadcrumb","itemListElement":[{"@type":"ListItem","position":1,"name":"Inicio","item":"https:\/\/wpguerssen-test.odoo.rgbconsulting.com\/es\/"},{"@type":"ListItem","position":2,"name":"Shop","item":"https:\/\/wpguerssen-test.odoo.rgbconsulting.com\/shop\/"},{"@type":"ListItem","position":3,"name":"Eulalie"}]},{"@type":"WebSite","@id":"https:\/\/wpguerssen-test.odoo.rgbconsulting.com\/es\/#website","url":"https:\/\/wpguerssen-test.odoo.rgbconsulting.com\/es\/","name":"Guerssen records","description":"psychedelia - progressive - folk - garage ","publisher":{"@id":"https:\/\/wpguerssen-test.odoo.rgbconsulting.com\/es\/#organization"},"potentialAction":[{"@type":"SearchAction","target":{"@type":"EntryPoint","urlTemplate":"https:\/\/wpguerssen-test.odoo.rgbconsulting.com\/es\/?s={search_term_string}"},"query-input":{"@type":"PropertyValueSpecification","valueRequired":true,"valueName":"search_term_string"}}],"inLanguage":"es"},{"@type":"Organization","@id":"https:\/\/wpguerssen-test.odoo.rgbconsulting.com\/es\/#organization","name":"Guerssen records","url":"https:\/\/wpguerssen-test.odoo.rgbconsulting.com\/es\/","logo":{"@type":"ImageObject","inLanguage":"es","@id":"https:\/\/wpguerssen-test.odoo.rgbconsulting.com\/es\/#\/schema\/logo\/image\/","url":"https:\/\/wpguerssen-test.odoo.rgbconsulting.com\/wp-content\/uploads\/2022\/04\/Logo_Guerssen_trans_100.png","contentUrl":"https:\/\/wpguerssen-test.odoo.rgbconsulting.com\/wp-content\/uploads\/2022\/04\/Logo_Guerssen_trans_100.png","width":122,"height":100,"caption":"Guerssen records"},"image":{"@id":"https:\/\/wpguerssen-test.odoo.rgbconsulting.com\/es\/#\/schema\/logo\/image\/"}}]}},"_links":{"self":[{"href":"https:\/\/wpguerssen-test.odoo.rgbconsulting.com\/es\/wp-json\/wp\/v2\/product\/226718","targetHints":{"allow":["GET"]}}],"collection":[{"href":"https:\/\/wpguerssen-test.odoo.rgbconsulting.com\/es\/wp-json\/wp\/v2\/product"}],"about":[{"href":"https:\/\/wpguerssen-test.odoo.rgbconsulting.com\/es\/wp-json\/wp\/v2\/types\/product"}],"wp:featuredmedia":[{"embeddable":true,"href":"https:\/\/wpguerssen-test.odoo.rgbconsulting.com\/es\/wp-json\/wp\/v2\/media\/226888"}],"wp:attachment":[{"href":"https:\/\/wpguerssen-test.odoo.rgbconsulting.com\/es\/wp-json\/wp\/v2\/media?parent=226718"}],"wp:term":[{"taxonomy":"product_brand","embeddable":true,"href":"https:\/\/wpguerssen-test.odoo.rgbconsulting.com\/es\/wp-json\/wp\/v2\/product_brand?post=226718"},{"taxonomy":"product_cat","embeddable":true,"href":"https:\/\/wpguerssen-test.odoo.rgbconsulting.com\/es\/wp-json\/wp\/v2\/product_cat?post=226718"},{"taxonomy":"product_tag","embeddable":true,"href":"https:\/\/wpguerssen-test.odoo.rgbconsulting.com\/es\/wp-json\/wp\/v2\/product_tag?post=226718"}],"curies":[{"name":"wp","href":"https:\/\/api.w.org\/{rel}","templated":true}]}}