{"id":227153,"date":"2009-03-13T00:00:00","date_gmt":"2009-03-12T23:00:00","guid":{"rendered":"https:\/\/wpguerssen-test.odoo.rgbconsulting.com\/product\/time-is-right-cd\/"},"modified":"2025-04-02T16:46:55","modified_gmt":"2025-04-02T14:46:55","slug":"time-is-right-cd","status":"publish","type":"product","link":"https:\/\/wpguerssen-test.odoo.rgbconsulting.com\/es\/producto\/time-is-right-cd\/","title":{"rendered":"Time is right (CD)"},"content":{"rendered":"<p>Tras este oscuro y misterioso disco psicod\u00e9lico brit\u00e1nico de finales de los 60, encontramos a los productores Brian Carroll y Damon Lyon-Shaw, tambi\u00e9n conocidos por estar involucrados en proyectos como Factory o Five Day Rain. En los \u00faltimos a\u00f1os de la d\u00e9cada, tambi\u00e9n grabaron varios temas suyos en los legendarios estudios IBC, adem\u00e1s de producir a un mont\u00f3n de grupos underground en su propia compa\u00f1\u00eda, Homegrown. <\/p>\n<p> Pero One Way Ticket, lejos de ser un grupo como tal, resulta ser  el nombre que se le dio m\u00e1s adelante al grupo imaginario que editaba este disco, que en realidad era una recopilaci\u00f3n de diferentes grabaciones en las que los productores hab\u00edan producido en sus estudios IBC, junto a alg\u00fan tema que Carroll y Damon grabaron ellos mismos. Este disco apareci\u00f3 en 1978 a pesar de ser grabaciones de los 60, y apareci\u00f3 con cr\u00e9ditos falsos seguramente para cubrir a los productores ante alguna obligaci\u00f3n contractual. Un l\u00edo del trece, vamos. <\/p>\n<p> Musicalmente, encontramos desde underground psicodelia en onda Chocolate Soup hasta bgreaky blues-psych que te puede recordar al \u00abStanding stone\u00bb de Oliver o a Captain Beefheart, y algunos temas en onda glam-mod-psych. Incluye, por cierto, tres temas que Five Day Rain versionearon en un raro \u00e1lbum.<\/p>\n","protected":false},"excerpt":{"rendered":"<p>Tras este oscuro y misterioso disco psicod\u00e9lico brit\u00e1nico de finales de los 60, encontramos a los productores Brian Carroll y Damon Lyon-Shaw, tambi\u00e9n conocidos<a class=\"read\" href=\"https:\/\/wpguerssen-test.odoo.rgbconsulting.com\/es\/producto\/time-is-right-cd\/\"> (...)<\/a>","protected":false},"featured_media":111729,"template":"","meta":{"_acf_changed":false},"product_brand":[],"product_cat":[21639],"product_tag":[29138,24190],"class_list":{"0":"post-227153","1":"product","2":"type-product","3":"status-publish","4":"has-post-thumbnail","6":"product_cat-psychedelic60s-70s-es","7":"product_tag-cd-es","8":"product_tag-sales-es","9":"pa_artist-one-way-ticket","10":"pa_format-cd-2-es","11":"pa_gender-psychedelic60s-70s","12":"pa_label-guerssen-es","13":"pa_location-uk-ireland-es","15":"first","16":"instock","17":"taxable","18":"shipping-taxable","19":"purchasable","20":"product-type-simple"},"acf":[],"yoast_head":"<!-- This site is optimized with the Yoast SEO plugin v24.9 - https:\/\/yoast.com\/wordpress\/plugins\/seo\/ -->\n<title>ONE WAY TICKET - Time is right (CD) -  (CD) | Guerssen<\/title>\n<meta name=\"description\" content=\"Behind this obscure and mysterious British late-sixties psych record, we find the team of producers Brian Carroll and Damon Lyon-Shaw, famous for their involvement with mod-psych bands like Factory and Five Day Rain. During the late sixties, they also recorded some tracks of their own at the legendary IBC studios and produced a bunch of underground groups for their Homegrown company.Basically, instead of a real group, One Way Ticket was in fact a mixture of various recordings from bands that Carroll and Lyon-Shaw had been involved with producing through Homegrown during 1968, along with some recordings of their own. For some strange reason, all of these recordings surfaced many years later, when they were gathered and released as a budget pressing album, featuring a mysterious cover art and made-up liner notes &amp; credits, under the One Way Ticket name on the President label in 1978. #nl# Musically, it&#039;s an odd album which ranges from late-sixties underground psych in the Chocolate Soup vein to freaky blues-psych not unlike Oliver&#039;s &quot;Standing Stone&quot; with some glam-mod-psych and rockin&#039; tunes. It even features three tracks also covered by the legendary Five Day Rain on their rare album.Reissued with original artwork and remastered sound.\" \/>\n<meta name=\"robots\" content=\"index, follow, max-snippet:-1, max-image-preview:large, max-video-preview:-1\" \/>\n<link rel=\"canonical\" href=\"https:\/\/wpguerssen-test.odoo.rgbconsulting.com\/es\/producto\/time-is-right-cd\/\" \/>\n<meta property=\"og:locale\" content=\"es_ES\" \/>\n<meta property=\"og:type\" content=\"article\" \/>\n<meta property=\"og:title\" content=\"ONE WAY TICKET - Time is right (CD) -  (CD) | Guerssen\" \/>\n<meta property=\"og:description\" content=\"Behind this obscure and mysterious British late-sixties psych record, we find the team of producers Brian Carroll and Damon Lyon-Shaw, famous for their involvement with mod-psych bands like Factory and Five Day Rain. During the late sixties, they also recorded some tracks of their own at the legendary IBC studios and produced a bunch of underground groups for their Homegrown company.Basically, instead of a real group, One Way Ticket was in fact a mixture of various recordings from bands that Carroll and Lyon-Shaw had been involved with producing through Homegrown during 1968, along with some recordings of their own. For some strange reason, all of these recordings surfaced many years later, when they were gathered and released as a budget pressing album, featuring a mysterious cover art and made-up liner notes &amp; credits, under the One Way Ticket name on the President label in 1978. #nl# Musically, it&#039;s an odd album which ranges from late-sixties underground psych in the Chocolate Soup vein to freaky blues-psych not unlike Oliver&#039;s &quot;Standing Stone&quot; with some glam-mod-psych and rockin&#039; tunes. It even features three tracks also covered by the legendary Five Day Rain on their rare album.Reissued with original artwork and remastered sound.\" \/>\n<meta property=\"og:url\" content=\"https:\/\/wpguerssen-test.odoo.rgbconsulting.com\/es\/producto\/time-is-right-cd\/\" \/>\n<meta property=\"og:site_name\" content=\"Guerssen records\" \/>\n<meta property=\"article:modified_time\" content=\"2025-04-02T14:46:55+00:00\" \/>\n<meta property=\"og:image\" content=\"https:\/\/wpguerssen-test.odoo.rgbconsulting.com\/wp-content\/uploads\/2022\/03\/10087.jpg\" \/>\n\t<meta property=\"og:image:width\" content=\"200\" \/>\n\t<meta property=\"og:image:height\" content=\"200\" \/>\n\t<meta property=\"og:image:type\" content=\"image\/jpeg\" \/>\n<meta name=\"twitter:card\" content=\"summary_large_image\" \/>\n<meta name=\"twitter:title\" content=\"ONE WAY TICKET - Time is right (CD) -  (CD) | Guerssen\" \/>\n<meta name=\"twitter:label1\" content=\"Tiempo de lectura\" \/>\n\t<meta name=\"twitter:data1\" content=\"1 minuto\" \/>\n<script type=\"application\/ld+json\" class=\"yoast-schema-graph\">{\"@context\":\"https:\/\/schema.org\",\"@graph\":[{\"@type\":\"WebPage\",\"@id\":\"https:\/\/wpguerssen-test.odoo.rgbconsulting.com\/es\/producto\/time-is-right-cd\/\",\"url\":\"https:\/\/wpguerssen-test.odoo.rgbconsulting.com\/es\/producto\/time-is-right-cd\/\",\"name\":\"ONE WAY TICKET - Time is right (CD) - (CD) | Guerssen\",\"isPartOf\":{\"@id\":\"https:\/\/wpguerssen-test.odoo.rgbconsulting.com\/es\/#website\"},\"primaryImageOfPage\":{\"@id\":\"https:\/\/wpguerssen-test.odoo.rgbconsulting.com\/es\/producto\/time-is-right-cd\/#primaryimage\"},\"image\":{\"@id\":\"https:\/\/wpguerssen-test.odoo.rgbconsulting.com\/es\/producto\/time-is-right-cd\/#primaryimage\"},\"thumbnailUrl\":\"https:\/\/wpguerssen-test.odoo.rgbconsulting.com\/wp-content\/uploads\/2022\/03\/10087.jpg\",\"datePublished\":\"2009-03-12T23:00:00+00:00\",\"dateModified\":\"2025-04-02T14:46:55+00:00\",\"description\":\"Behind this obscure and mysterious British late-sixties psych record, we find the team of producers Brian Carroll and Damon Lyon-Shaw, famous for their involvement with mod-psych bands like Factory and Five Day Rain. During the late sixties, they also recorded some tracks of their own at the legendary IBC studios and produced a bunch of underground groups for their Homegrown company.Basically, instead of a real group, One Way Ticket was in fact a mixture of various recordings from bands that Carroll and Lyon-Shaw had been involved with producing through Homegrown during 1968, along with some recordings of their own. For some strange reason, all of these recordings surfaced many years later, when they were gathered and released as a budget pressing album, featuring a mysterious cover art and made-up liner notes & credits, under the One Way Ticket name on the President label in 1978. #nl# Musically, it's an odd album which ranges from late-sixties underground psych in the Chocolate Soup vein to freaky blues-psych not unlike Oliver's \\\"Standing Stone\\\" with some glam-mod-psych and rockin' tunes. It even features three tracks also covered by the legendary Five Day Rain on their rare album.Reissued with original artwork and remastered sound.\",\"breadcrumb\":{\"@id\":\"https:\/\/wpguerssen-test.odoo.rgbconsulting.com\/es\/producto\/time-is-right-cd\/#breadcrumb\"},\"inLanguage\":\"es\",\"potentialAction\":[{\"@type\":\"ReadAction\",\"target\":[\"https:\/\/wpguerssen-test.odoo.rgbconsulting.com\/es\/producto\/time-is-right-cd\/\"]}]},{\"@type\":\"ImageObject\",\"inLanguage\":\"es\",\"@id\":\"https:\/\/wpguerssen-test.odoo.rgbconsulting.com\/es\/producto\/time-is-right-cd\/#primaryimage\",\"url\":\"https:\/\/wpguerssen-test.odoo.rgbconsulting.com\/wp-content\/uploads\/2022\/03\/10087.jpg\",\"contentUrl\":\"https:\/\/wpguerssen-test.odoo.rgbconsulting.com\/wp-content\/uploads\/2022\/03\/10087.jpg\",\"width\":200,\"height\":200},{\"@type\":\"BreadcrumbList\",\"@id\":\"https:\/\/wpguerssen-test.odoo.rgbconsulting.com\/es\/producto\/time-is-right-cd\/#breadcrumb\",\"itemListElement\":[{\"@type\":\"ListItem\",\"position\":1,\"name\":\"Inicio\",\"item\":\"https:\/\/wpguerssen-test.odoo.rgbconsulting.com\/es\/\"},{\"@type\":\"ListItem\",\"position\":2,\"name\":\"Shop\",\"item\":\"https:\/\/wpguerssen-test.odoo.rgbconsulting.com\/shop\/\"},{\"@type\":\"ListItem\",\"position\":3,\"name\":\"Time is right (CD)\"}]},{\"@type\":\"WebSite\",\"@id\":\"https:\/\/wpguerssen-test.odoo.rgbconsulting.com\/es\/#website\",\"url\":\"https:\/\/wpguerssen-test.odoo.rgbconsulting.com\/es\/\",\"name\":\"Guerssen records\",\"description\":\"psychedelia - progressive - folk - garage \",\"publisher\":{\"@id\":\"https:\/\/wpguerssen-test.odoo.rgbconsulting.com\/es\/#organization\"},\"potentialAction\":[{\"@type\":\"SearchAction\",\"target\":{\"@type\":\"EntryPoint\",\"urlTemplate\":\"https:\/\/wpguerssen-test.odoo.rgbconsulting.com\/es\/?s={search_term_string}\"},\"query-input\":{\"@type\":\"PropertyValueSpecification\",\"valueRequired\":true,\"valueName\":\"search_term_string\"}}],\"inLanguage\":\"es\"},{\"@type\":\"Organization\",\"@id\":\"https:\/\/wpguerssen-test.odoo.rgbconsulting.com\/es\/#organization\",\"name\":\"Guerssen records\",\"url\":\"https:\/\/wpguerssen-test.odoo.rgbconsulting.com\/es\/\",\"logo\":{\"@type\":\"ImageObject\",\"inLanguage\":\"es\",\"@id\":\"https:\/\/wpguerssen-test.odoo.rgbconsulting.com\/es\/#\/schema\/logo\/image\/\",\"url\":\"https:\/\/wpguerssen-test.odoo.rgbconsulting.com\/wp-content\/uploads\/2022\/04\/Logo_Guerssen_trans_100.png\",\"contentUrl\":\"https:\/\/wpguerssen-test.odoo.rgbconsulting.com\/wp-content\/uploads\/2022\/04\/Logo_Guerssen_trans_100.png\",\"width\":122,\"height\":100,\"caption\":\"Guerssen records\"},\"image\":{\"@id\":\"https:\/\/wpguerssen-test.odoo.rgbconsulting.com\/es\/#\/schema\/logo\/image\/\"}}]}<\/script>\n<!-- \/ Yoast SEO plugin. -->","yoast_head_json":{"title":"ONE WAY TICKET - Time is right (CD) -  (CD) | Guerssen","description":"Behind this obscure and mysterious British late-sixties psych record, we find the team of producers Brian Carroll and Damon Lyon-Shaw, famous for their involvement with mod-psych bands like Factory and Five Day Rain. During the late sixties, they also recorded some tracks of their own at the legendary IBC studios and produced a bunch of underground groups for their Homegrown company.Basically, instead of a real group, One Way Ticket was in fact a mixture of various recordings from bands that Carroll and Lyon-Shaw had been involved with producing through Homegrown during 1968, along with some recordings of their own. For some strange reason, all of these recordings surfaced many years later, when they were gathered and released as a budget pressing album, featuring a mysterious cover art and made-up liner notes & credits, under the One Way Ticket name on the President label in 1978. #nl# Musically, it's an odd album which ranges from late-sixties underground psych in the Chocolate Soup vein to freaky blues-psych not unlike Oliver's \"Standing Stone\" with some glam-mod-psych and rockin' tunes. It even features three tracks also covered by the legendary Five Day Rain on their rare album.Reissued with original artwork and remastered sound.","robots":{"index":"index","follow":"follow","max-snippet":"max-snippet:-1","max-image-preview":"max-image-preview:large","max-video-preview":"max-video-preview:-1"},"canonical":"https:\/\/wpguerssen-test.odoo.rgbconsulting.com\/es\/producto\/time-is-right-cd\/","og_locale":"es_ES","og_type":"article","og_title":"ONE WAY TICKET - Time is right (CD) -  (CD) | Guerssen","og_description":"Behind this obscure and mysterious British late-sixties psych record, we find the team of producers Brian Carroll and Damon Lyon-Shaw, famous for their involvement with mod-psych bands like Factory and Five Day Rain. During the late sixties, they also recorded some tracks of their own at the legendary IBC studios and produced a bunch of underground groups for their Homegrown company.Basically, instead of a real group, One Way Ticket was in fact a mixture of various recordings from bands that Carroll and Lyon-Shaw had been involved with producing through Homegrown during 1968, along with some recordings of their own. For some strange reason, all of these recordings surfaced many years later, when they were gathered and released as a budget pressing album, featuring a mysterious cover art and made-up liner notes & credits, under the One Way Ticket name on the President label in 1978. #nl# Musically, it's an odd album which ranges from late-sixties underground psych in the Chocolate Soup vein to freaky blues-psych not unlike Oliver's \"Standing Stone\" with some glam-mod-psych and rockin' tunes. It even features three tracks also covered by the legendary Five Day Rain on their rare album.Reissued with original artwork and remastered sound.","og_url":"https:\/\/wpguerssen-test.odoo.rgbconsulting.com\/es\/producto\/time-is-right-cd\/","og_site_name":"Guerssen records","article_modified_time":"2025-04-02T14:46:55+00:00","og_image":[{"width":200,"height":200,"url":"https:\/\/wpguerssen-test.odoo.rgbconsulting.com\/wp-content\/uploads\/2022\/03\/10087.jpg","type":"image\/jpeg"}],"twitter_card":"summary_large_image","twitter_title":"ONE WAY TICKET - Time is right (CD) -  (CD) | Guerssen","twitter_misc":{"Tiempo de lectura":"1 minuto"},"schema":{"@context":"https:\/\/schema.org","@graph":[{"@type":"WebPage","@id":"https:\/\/wpguerssen-test.odoo.rgbconsulting.com\/es\/producto\/time-is-right-cd\/","url":"https:\/\/wpguerssen-test.odoo.rgbconsulting.com\/es\/producto\/time-is-right-cd\/","name":"ONE WAY TICKET - Time is right (CD) - (CD) | Guerssen","isPartOf":{"@id":"https:\/\/wpguerssen-test.odoo.rgbconsulting.com\/es\/#website"},"primaryImageOfPage":{"@id":"https:\/\/wpguerssen-test.odoo.rgbconsulting.com\/es\/producto\/time-is-right-cd\/#primaryimage"},"image":{"@id":"https:\/\/wpguerssen-test.odoo.rgbconsulting.com\/es\/producto\/time-is-right-cd\/#primaryimage"},"thumbnailUrl":"https:\/\/wpguerssen-test.odoo.rgbconsulting.com\/wp-content\/uploads\/2022\/03\/10087.jpg","datePublished":"2009-03-12T23:00:00+00:00","dateModified":"2025-04-02T14:46:55+00:00","description":"Behind this obscure and mysterious British late-sixties psych record, we find the team of producers Brian Carroll and Damon Lyon-Shaw, famous for their involvement with mod-psych bands like Factory and Five Day Rain. During the late sixties, they also recorded some tracks of their own at the legendary IBC studios and produced a bunch of underground groups for their Homegrown company.Basically, instead of a real group, One Way Ticket was in fact a mixture of various recordings from bands that Carroll and Lyon-Shaw had been involved with producing through Homegrown during 1968, along with some recordings of their own. For some strange reason, all of these recordings surfaced many years later, when they were gathered and released as a budget pressing album, featuring a mysterious cover art and made-up liner notes & credits, under the One Way Ticket name on the President label in 1978. #nl# Musically, it's an odd album which ranges from late-sixties underground psych in the Chocolate Soup vein to freaky blues-psych not unlike Oliver's \"Standing Stone\" with some glam-mod-psych and rockin' tunes. It even features three tracks also covered by the legendary Five Day Rain on their rare album.Reissued with original artwork and remastered sound.","breadcrumb":{"@id":"https:\/\/wpguerssen-test.odoo.rgbconsulting.com\/es\/producto\/time-is-right-cd\/#breadcrumb"},"inLanguage":"es","potentialAction":[{"@type":"ReadAction","target":["https:\/\/wpguerssen-test.odoo.rgbconsulting.com\/es\/producto\/time-is-right-cd\/"]}]},{"@type":"ImageObject","inLanguage":"es","@id":"https:\/\/wpguerssen-test.odoo.rgbconsulting.com\/es\/producto\/time-is-right-cd\/#primaryimage","url":"https:\/\/wpguerssen-test.odoo.rgbconsulting.com\/wp-content\/uploads\/2022\/03\/10087.jpg","contentUrl":"https:\/\/wpguerssen-test.odoo.rgbconsulting.com\/wp-content\/uploads\/2022\/03\/10087.jpg","width":200,"height":200},{"@type":"BreadcrumbList","@id":"https:\/\/wpguerssen-test.odoo.rgbconsulting.com\/es\/producto\/time-is-right-cd\/#breadcrumb","itemListElement":[{"@type":"ListItem","position":1,"name":"Inicio","item":"https:\/\/wpguerssen-test.odoo.rgbconsulting.com\/es\/"},{"@type":"ListItem","position":2,"name":"Shop","item":"https:\/\/wpguerssen-test.odoo.rgbconsulting.com\/shop\/"},{"@type":"ListItem","position":3,"name":"Time is right (CD)"}]},{"@type":"WebSite","@id":"https:\/\/wpguerssen-test.odoo.rgbconsulting.com\/es\/#website","url":"https:\/\/wpguerssen-test.odoo.rgbconsulting.com\/es\/","name":"Guerssen records","description":"psychedelia - progressive - folk - garage ","publisher":{"@id":"https:\/\/wpguerssen-test.odoo.rgbconsulting.com\/es\/#organization"},"potentialAction":[{"@type":"SearchAction","target":{"@type":"EntryPoint","urlTemplate":"https:\/\/wpguerssen-test.odoo.rgbconsulting.com\/es\/?s={search_term_string}"},"query-input":{"@type":"PropertyValueSpecification","valueRequired":true,"valueName":"search_term_string"}}],"inLanguage":"es"},{"@type":"Organization","@id":"https:\/\/wpguerssen-test.odoo.rgbconsulting.com\/es\/#organization","name":"Guerssen records","url":"https:\/\/wpguerssen-test.odoo.rgbconsulting.com\/es\/","logo":{"@type":"ImageObject","inLanguage":"es","@id":"https:\/\/wpguerssen-test.odoo.rgbconsulting.com\/es\/#\/schema\/logo\/image\/","url":"https:\/\/wpguerssen-test.odoo.rgbconsulting.com\/wp-content\/uploads\/2022\/04\/Logo_Guerssen_trans_100.png","contentUrl":"https:\/\/wpguerssen-test.odoo.rgbconsulting.com\/wp-content\/uploads\/2022\/04\/Logo_Guerssen_trans_100.png","width":122,"height":100,"caption":"Guerssen records"},"image":{"@id":"https:\/\/wpguerssen-test.odoo.rgbconsulting.com\/es\/#\/schema\/logo\/image\/"}}]}},"_links":{"self":[{"href":"https:\/\/wpguerssen-test.odoo.rgbconsulting.com\/es\/wp-json\/wp\/v2\/product\/227153","targetHints":{"allow":["GET"]}}],"collection":[{"href":"https:\/\/wpguerssen-test.odoo.rgbconsulting.com\/es\/wp-json\/wp\/v2\/product"}],"about":[{"href":"https:\/\/wpguerssen-test.odoo.rgbconsulting.com\/es\/wp-json\/wp\/v2\/types\/product"}],"wp:featuredmedia":[{"embeddable":true,"href":"https:\/\/wpguerssen-test.odoo.rgbconsulting.com\/es\/wp-json\/wp\/v2\/media\/111729"}],"wp:attachment":[{"href":"https:\/\/wpguerssen-test.odoo.rgbconsulting.com\/es\/wp-json\/wp\/v2\/media?parent=227153"}],"wp:term":[{"taxonomy":"product_brand","embeddable":true,"href":"https:\/\/wpguerssen-test.odoo.rgbconsulting.com\/es\/wp-json\/wp\/v2\/product_brand?post=227153"},{"taxonomy":"product_cat","embeddable":true,"href":"https:\/\/wpguerssen-test.odoo.rgbconsulting.com\/es\/wp-json\/wp\/v2\/product_cat?post=227153"},{"taxonomy":"product_tag","embeddable":true,"href":"https:\/\/wpguerssen-test.odoo.rgbconsulting.com\/es\/wp-json\/wp\/v2\/product_tag?post=227153"}],"curies":[{"name":"wp","href":"https:\/\/api.w.org\/{rel}","templated":true}]}}