{"id":227163,"date":"2012-07-02T00:00:00","date_gmt":"2012-07-01T22:00:00","guid":{"rendered":"https:\/\/wpguerssen-test.odoo.rgbconsulting.com\/product\/gigymen-cd\/"},"modified":"2025-04-02T16:47:00","modified_gmt":"2025-04-02T14:47:00","slug":"gigymen-cd","status":"publish","type":"product","link":"https:\/\/wpguerssen-test.odoo.rgbconsulting.com\/es\/producto\/gigymen-cd\/","title":{"rendered":"Gigymen (CD)"},"content":{"rendered":"<p>Estamos realmente emocionados de poder ofrecerte la reedici\u00f3n de esta aut\u00e9ntica joya perdida, originalmente un prensaje privado de s\u00f3lo 100 copias. Gigymen eran un oscuro grupo de Cambridge, habitual del circuito universitario, que en 1974 grabaron su \u00fanico \u00e1lbum en 1974 en los Spaceward Studios. Impresionante sonido folk-rock \/ folk-pop grabado de forma muy profesional con gran nivel instrumental y compositivo. <\/p>\n<p> Influencias de Fairport Convention y Beatles, fant\u00e1sticas adaptaciones el\u00e9ctricas de temas folk tradicionales como \u00abAs I roved out\u00bb, \u00abGypsy Laddie\u00bb y \u00abRocky Road to Dublin\u00bb junto a temas propios de delicado folk-pop con voz \u00abBeatlesque\u00bb como \u00abPlain Jane\u00bb y \u00abGone are the days\u00bb. Nuevo dise\u00f1o de portada ( el original se edit\u00f3 con \u00fanicamente una hoja con los cr\u00e9ditos que nosotros hemos incorporada a la contra), booklet con raras fotos y notas informativas. Remasterizado de las cintas originales en 24-bit. <\/p>\n<p> Tracklist: As I roved out &#8211; Gone are the days &#8211; Plain Jane &#8211; Gypsy laddie &#8211; Rocky road to Dublin &#8211; Brother Herbert &#8211; Crumbledown &#8211; Don&#8217;t let her go<\/p>\n","protected":false},"excerpt":{"rendered":"<p>Estamos realmente emocionados de poder ofrecerte la reedici\u00f3n de esta aut\u00e9ntica joya perdida, originalmente un prensaje privado de s\u00f3lo 100 copias. Gigymen eran<a class=\"read\" href=\"https:\/\/wpguerssen-test.odoo.rgbconsulting.com\/es\/producto\/gigymen-cd\/\"> (...)<\/a>","protected":false},"featured_media":113478,"template":"","meta":{"_acf_changed":false},"product_brand":[],"product_cat":[23274],"product_tag":[29138],"class_list":{"0":"post-227163","1":"product","2":"type-product","3":"status-publish","4":"has-post-thumbnail","6":"product_cat-folk-rock-60s-70s-es","7":"product_tag-cd-es","8":"pa_artist-gigymen-es","9":"pa_format-cd-2-es","10":"pa_gender-folk-rock-60s-70s","11":"pa_label-guerssen-es","12":"pa_location-uk-ireland-es","14":"first","15":"instock","16":"taxable","17":"shipping-taxable","18":"purchasable","19":"product-type-simple"},"acf":[],"yoast_head":"<!-- This site is optimized with the Yoast SEO plugin v24.9 - https:\/\/yoast.com\/wordpress\/plugins\/seo\/ -->\n<title>GIGYMEN - Gigymen (CD) -  (CD) | Guerssen<\/title>\n<meta name=\"description\" content=\"We are very proud to present the first ever reissue of this lost treasure, originally an obscure private pressing of just 100 copies. Gigymen were a college circuit band from Cambridge who in 1974 recorded their only album at Spaceward Studios. Stunning folk-rock \/ folk-pop with pro-recorded sound, superb musicianship and strong songwriting.With influences ranging from Fairport Convention to The Beatles, here you&#039;ll find some superb folk-rock adaptations of traditional songs such like &quot;As I roved out&quot;, &quot;Gypsy Laddie&quot; and &quot;Rocky Road to Dublin&quot; along with fab folk-pop with Beatlesque vocals on tracks like &quot;Plain Jane&quot; or &quot;Gone are the days&quot;. #nl# The album was originally released with only a blank paper sheet with the credits on the cover so we&#039;ve designed a new front sleeve for our reissue. Insert with rare pictures and detailed liner notes is also included. #nl# Remastered in 24-bit domain from the original master tapes, 180gr vinyl. CD comes with booklet featuring liner notes and pictures. #nl# Tracklist: As I roved out - Gone are the days - Plain Jane - Gypsy laddie - Rocky road to Dublin - Brother Herbert - Crumbledown - Don&#039;t let her go\" \/>\n<meta name=\"robots\" content=\"index, follow, max-snippet:-1, max-image-preview:large, max-video-preview:-1\" \/>\n<link rel=\"canonical\" href=\"https:\/\/wpguerssen-test.odoo.rgbconsulting.com\/es\/producto\/gigymen-cd\/\" \/>\n<meta property=\"og:locale\" content=\"es_ES\" \/>\n<meta property=\"og:type\" content=\"article\" \/>\n<meta property=\"og:title\" content=\"GIGYMEN - Gigymen (CD) -  (CD) | Guerssen\" \/>\n<meta property=\"og:description\" content=\"We are very proud to present the first ever reissue of this lost treasure, originally an obscure private pressing of just 100 copies. Gigymen were a college circuit band from Cambridge who in 1974 recorded their only album at Spaceward Studios. Stunning folk-rock \/ folk-pop with pro-recorded sound, superb musicianship and strong songwriting.With influences ranging from Fairport Convention to The Beatles, here you&#039;ll find some superb folk-rock adaptations of traditional songs such like &quot;As I roved out&quot;, &quot;Gypsy Laddie&quot; and &quot;Rocky Road to Dublin&quot; along with fab folk-pop with Beatlesque vocals on tracks like &quot;Plain Jane&quot; or &quot;Gone are the days&quot;. #nl# The album was originally released with only a blank paper sheet with the credits on the cover so we&#039;ve designed a new front sleeve for our reissue. Insert with rare pictures and detailed liner notes is also included. #nl# Remastered in 24-bit domain from the original master tapes, 180gr vinyl. CD comes with booklet featuring liner notes and pictures. #nl# Tracklist: As I roved out - Gone are the days - Plain Jane - Gypsy laddie - Rocky road to Dublin - Brother Herbert - Crumbledown - Don&#039;t let her go\" \/>\n<meta property=\"og:url\" content=\"https:\/\/wpguerssen-test.odoo.rgbconsulting.com\/es\/producto\/gigymen-cd\/\" \/>\n<meta property=\"og:site_name\" content=\"Guerssen records\" \/>\n<meta property=\"article:modified_time\" content=\"2025-04-02T14:47:00+00:00\" \/>\n<meta property=\"og:image\" content=\"https:\/\/wpguerssen-test.odoo.rgbconsulting.com\/wp-content\/uploads\/2022\/03\/13381.jpg\" \/>\n\t<meta property=\"og:image:width\" content=\"600\" \/>\n\t<meta property=\"og:image:height\" content=\"600\" \/>\n\t<meta property=\"og:image:type\" content=\"image\/jpeg\" \/>\n<meta name=\"twitter:card\" content=\"summary_large_image\" \/>\n<meta name=\"twitter:title\" content=\"GIGYMEN - Gigymen (CD) -  (CD) | Guerssen\" \/>\n<meta name=\"twitter:label1\" content=\"Tiempo de lectura\" \/>\n\t<meta name=\"twitter:data1\" content=\"1 minuto\" \/>\n<script type=\"application\/ld+json\" class=\"yoast-schema-graph\">{\"@context\":\"https:\/\/schema.org\",\"@graph\":[{\"@type\":\"WebPage\",\"@id\":\"https:\/\/wpguerssen-test.odoo.rgbconsulting.com\/es\/producto\/gigymen-cd\/\",\"url\":\"https:\/\/wpguerssen-test.odoo.rgbconsulting.com\/es\/producto\/gigymen-cd\/\",\"name\":\"GIGYMEN - Gigymen (CD) - (CD) | Guerssen\",\"isPartOf\":{\"@id\":\"https:\/\/wpguerssen-test.odoo.rgbconsulting.com\/es\/#website\"},\"primaryImageOfPage\":{\"@id\":\"https:\/\/wpguerssen-test.odoo.rgbconsulting.com\/es\/producto\/gigymen-cd\/#primaryimage\"},\"image\":{\"@id\":\"https:\/\/wpguerssen-test.odoo.rgbconsulting.com\/es\/producto\/gigymen-cd\/#primaryimage\"},\"thumbnailUrl\":\"https:\/\/wpguerssen-test.odoo.rgbconsulting.com\/wp-content\/uploads\/2022\/03\/13381.jpg\",\"datePublished\":\"2012-07-01T22:00:00+00:00\",\"dateModified\":\"2025-04-02T14:47:00+00:00\",\"description\":\"We are very proud to present the first ever reissue of this lost treasure, originally an obscure private pressing of just 100 copies. Gigymen were a college circuit band from Cambridge who in 1974 recorded their only album at Spaceward Studios. Stunning folk-rock \/ folk-pop with pro-recorded sound, superb musicianship and strong songwriting.With influences ranging from Fairport Convention to The Beatles, here you'll find some superb folk-rock adaptations of traditional songs such like \\\"As I roved out\\\", \\\"Gypsy Laddie\\\" and \\\"Rocky Road to Dublin\\\" along with fab folk-pop with Beatlesque vocals on tracks like \\\"Plain Jane\\\" or \\\"Gone are the days\\\". #nl# The album was originally released with only a blank paper sheet with the credits on the cover so we've designed a new front sleeve for our reissue. Insert with rare pictures and detailed liner notes is also included. #nl# Remastered in 24-bit domain from the original master tapes, 180gr vinyl. CD comes with booklet featuring liner notes and pictures. #nl# Tracklist: As I roved out - Gone are the days - Plain Jane - Gypsy laddie - Rocky road to Dublin - Brother Herbert - Crumbledown - Don't let her go\",\"breadcrumb\":{\"@id\":\"https:\/\/wpguerssen-test.odoo.rgbconsulting.com\/es\/producto\/gigymen-cd\/#breadcrumb\"},\"inLanguage\":\"es\",\"potentialAction\":[{\"@type\":\"ReadAction\",\"target\":[\"https:\/\/wpguerssen-test.odoo.rgbconsulting.com\/es\/producto\/gigymen-cd\/\"]}]},{\"@type\":\"ImageObject\",\"inLanguage\":\"es\",\"@id\":\"https:\/\/wpguerssen-test.odoo.rgbconsulting.com\/es\/producto\/gigymen-cd\/#primaryimage\",\"url\":\"https:\/\/wpguerssen-test.odoo.rgbconsulting.com\/wp-content\/uploads\/2022\/03\/13381.jpg\",\"contentUrl\":\"https:\/\/wpguerssen-test.odoo.rgbconsulting.com\/wp-content\/uploads\/2022\/03\/13381.jpg\",\"width\":600,\"height\":600},{\"@type\":\"BreadcrumbList\",\"@id\":\"https:\/\/wpguerssen-test.odoo.rgbconsulting.com\/es\/producto\/gigymen-cd\/#breadcrumb\",\"itemListElement\":[{\"@type\":\"ListItem\",\"position\":1,\"name\":\"Inicio\",\"item\":\"https:\/\/wpguerssen-test.odoo.rgbconsulting.com\/es\/\"},{\"@type\":\"ListItem\",\"position\":2,\"name\":\"Shop\",\"item\":\"https:\/\/wpguerssen-test.odoo.rgbconsulting.com\/shop\/\"},{\"@type\":\"ListItem\",\"position\":3,\"name\":\"Gigymen (CD)\"}]},{\"@type\":\"WebSite\",\"@id\":\"https:\/\/wpguerssen-test.odoo.rgbconsulting.com\/es\/#website\",\"url\":\"https:\/\/wpguerssen-test.odoo.rgbconsulting.com\/es\/\",\"name\":\"Guerssen records\",\"description\":\"psychedelia - progressive - folk - garage \",\"publisher\":{\"@id\":\"https:\/\/wpguerssen-test.odoo.rgbconsulting.com\/es\/#organization\"},\"potentialAction\":[{\"@type\":\"SearchAction\",\"target\":{\"@type\":\"EntryPoint\",\"urlTemplate\":\"https:\/\/wpguerssen-test.odoo.rgbconsulting.com\/es\/?s={search_term_string}\"},\"query-input\":{\"@type\":\"PropertyValueSpecification\",\"valueRequired\":true,\"valueName\":\"search_term_string\"}}],\"inLanguage\":\"es\"},{\"@type\":\"Organization\",\"@id\":\"https:\/\/wpguerssen-test.odoo.rgbconsulting.com\/es\/#organization\",\"name\":\"Guerssen records\",\"url\":\"https:\/\/wpguerssen-test.odoo.rgbconsulting.com\/es\/\",\"logo\":{\"@type\":\"ImageObject\",\"inLanguage\":\"es\",\"@id\":\"https:\/\/wpguerssen-test.odoo.rgbconsulting.com\/es\/#\/schema\/logo\/image\/\",\"url\":\"https:\/\/wpguerssen-test.odoo.rgbconsulting.com\/wp-content\/uploads\/2022\/04\/Logo_Guerssen_trans_100.png\",\"contentUrl\":\"https:\/\/wpguerssen-test.odoo.rgbconsulting.com\/wp-content\/uploads\/2022\/04\/Logo_Guerssen_trans_100.png\",\"width\":122,\"height\":100,\"caption\":\"Guerssen records\"},\"image\":{\"@id\":\"https:\/\/wpguerssen-test.odoo.rgbconsulting.com\/es\/#\/schema\/logo\/image\/\"}}]}<\/script>\n<!-- \/ Yoast SEO plugin. -->","yoast_head_json":{"title":"GIGYMEN - Gigymen (CD) -  (CD) | Guerssen","description":"We are very proud to present the first ever reissue of this lost treasure, originally an obscure private pressing of just 100 copies. Gigymen were a college circuit band from Cambridge who in 1974 recorded their only album at Spaceward Studios. Stunning folk-rock \/ folk-pop with pro-recorded sound, superb musicianship and strong songwriting.With influences ranging from Fairport Convention to The Beatles, here you'll find some superb folk-rock adaptations of traditional songs such like \"As I roved out\", \"Gypsy Laddie\" and \"Rocky Road to Dublin\" along with fab folk-pop with Beatlesque vocals on tracks like \"Plain Jane\" or \"Gone are the days\". #nl# The album was originally released with only a blank paper sheet with the credits on the cover so we've designed a new front sleeve for our reissue. Insert with rare pictures and detailed liner notes is also included. #nl# Remastered in 24-bit domain from the original master tapes, 180gr vinyl. CD comes with booklet featuring liner notes and pictures. #nl# Tracklist: As I roved out - Gone are the days - Plain Jane - Gypsy laddie - Rocky road to Dublin - Brother Herbert - Crumbledown - Don't let her go","robots":{"index":"index","follow":"follow","max-snippet":"max-snippet:-1","max-image-preview":"max-image-preview:large","max-video-preview":"max-video-preview:-1"},"canonical":"https:\/\/wpguerssen-test.odoo.rgbconsulting.com\/es\/producto\/gigymen-cd\/","og_locale":"es_ES","og_type":"article","og_title":"GIGYMEN - Gigymen (CD) -  (CD) | Guerssen","og_description":"We are very proud to present the first ever reissue of this lost treasure, originally an obscure private pressing of just 100 copies. Gigymen were a college circuit band from Cambridge who in 1974 recorded their only album at Spaceward Studios. Stunning folk-rock \/ folk-pop with pro-recorded sound, superb musicianship and strong songwriting.With influences ranging from Fairport Convention to The Beatles, here you'll find some superb folk-rock adaptations of traditional songs such like \"As I roved out\", \"Gypsy Laddie\" and \"Rocky Road to Dublin\" along with fab folk-pop with Beatlesque vocals on tracks like \"Plain Jane\" or \"Gone are the days\". #nl# The album was originally released with only a blank paper sheet with the credits on the cover so we've designed a new front sleeve for our reissue. Insert with rare pictures and detailed liner notes is also included. #nl# Remastered in 24-bit domain from the original master tapes, 180gr vinyl. CD comes with booklet featuring liner notes and pictures. #nl# Tracklist: As I roved out - Gone are the days - Plain Jane - Gypsy laddie - Rocky road to Dublin - Brother Herbert - Crumbledown - Don't let her go","og_url":"https:\/\/wpguerssen-test.odoo.rgbconsulting.com\/es\/producto\/gigymen-cd\/","og_site_name":"Guerssen records","article_modified_time":"2025-04-02T14:47:00+00:00","og_image":[{"width":600,"height":600,"url":"https:\/\/wpguerssen-test.odoo.rgbconsulting.com\/wp-content\/uploads\/2022\/03\/13381.jpg","type":"image\/jpeg"}],"twitter_card":"summary_large_image","twitter_title":"GIGYMEN - Gigymen (CD) -  (CD) | Guerssen","twitter_misc":{"Tiempo de lectura":"1 minuto"},"schema":{"@context":"https:\/\/schema.org","@graph":[{"@type":"WebPage","@id":"https:\/\/wpguerssen-test.odoo.rgbconsulting.com\/es\/producto\/gigymen-cd\/","url":"https:\/\/wpguerssen-test.odoo.rgbconsulting.com\/es\/producto\/gigymen-cd\/","name":"GIGYMEN - Gigymen (CD) - (CD) | Guerssen","isPartOf":{"@id":"https:\/\/wpguerssen-test.odoo.rgbconsulting.com\/es\/#website"},"primaryImageOfPage":{"@id":"https:\/\/wpguerssen-test.odoo.rgbconsulting.com\/es\/producto\/gigymen-cd\/#primaryimage"},"image":{"@id":"https:\/\/wpguerssen-test.odoo.rgbconsulting.com\/es\/producto\/gigymen-cd\/#primaryimage"},"thumbnailUrl":"https:\/\/wpguerssen-test.odoo.rgbconsulting.com\/wp-content\/uploads\/2022\/03\/13381.jpg","datePublished":"2012-07-01T22:00:00+00:00","dateModified":"2025-04-02T14:47:00+00:00","description":"We are very proud to present the first ever reissue of this lost treasure, originally an obscure private pressing of just 100 copies. Gigymen were a college circuit band from Cambridge who in 1974 recorded their only album at Spaceward Studios. Stunning folk-rock \/ folk-pop with pro-recorded sound, superb musicianship and strong songwriting.With influences ranging from Fairport Convention to The Beatles, here you'll find some superb folk-rock adaptations of traditional songs such like \"As I roved out\", \"Gypsy Laddie\" and \"Rocky Road to Dublin\" along with fab folk-pop with Beatlesque vocals on tracks like \"Plain Jane\" or \"Gone are the days\". #nl# The album was originally released with only a blank paper sheet with the credits on the cover so we've designed a new front sleeve for our reissue. Insert with rare pictures and detailed liner notes is also included. #nl# Remastered in 24-bit domain from the original master tapes, 180gr vinyl. CD comes with booklet featuring liner notes and pictures. #nl# Tracklist: As I roved out - Gone are the days - Plain Jane - Gypsy laddie - Rocky road to Dublin - Brother Herbert - Crumbledown - Don't let her go","breadcrumb":{"@id":"https:\/\/wpguerssen-test.odoo.rgbconsulting.com\/es\/producto\/gigymen-cd\/#breadcrumb"},"inLanguage":"es","potentialAction":[{"@type":"ReadAction","target":["https:\/\/wpguerssen-test.odoo.rgbconsulting.com\/es\/producto\/gigymen-cd\/"]}]},{"@type":"ImageObject","inLanguage":"es","@id":"https:\/\/wpguerssen-test.odoo.rgbconsulting.com\/es\/producto\/gigymen-cd\/#primaryimage","url":"https:\/\/wpguerssen-test.odoo.rgbconsulting.com\/wp-content\/uploads\/2022\/03\/13381.jpg","contentUrl":"https:\/\/wpguerssen-test.odoo.rgbconsulting.com\/wp-content\/uploads\/2022\/03\/13381.jpg","width":600,"height":600},{"@type":"BreadcrumbList","@id":"https:\/\/wpguerssen-test.odoo.rgbconsulting.com\/es\/producto\/gigymen-cd\/#breadcrumb","itemListElement":[{"@type":"ListItem","position":1,"name":"Inicio","item":"https:\/\/wpguerssen-test.odoo.rgbconsulting.com\/es\/"},{"@type":"ListItem","position":2,"name":"Shop","item":"https:\/\/wpguerssen-test.odoo.rgbconsulting.com\/shop\/"},{"@type":"ListItem","position":3,"name":"Gigymen (CD)"}]},{"@type":"WebSite","@id":"https:\/\/wpguerssen-test.odoo.rgbconsulting.com\/es\/#website","url":"https:\/\/wpguerssen-test.odoo.rgbconsulting.com\/es\/","name":"Guerssen records","description":"psychedelia - progressive - folk - garage ","publisher":{"@id":"https:\/\/wpguerssen-test.odoo.rgbconsulting.com\/es\/#organization"},"potentialAction":[{"@type":"SearchAction","target":{"@type":"EntryPoint","urlTemplate":"https:\/\/wpguerssen-test.odoo.rgbconsulting.com\/es\/?s={search_term_string}"},"query-input":{"@type":"PropertyValueSpecification","valueRequired":true,"valueName":"search_term_string"}}],"inLanguage":"es"},{"@type":"Organization","@id":"https:\/\/wpguerssen-test.odoo.rgbconsulting.com\/es\/#organization","name":"Guerssen records","url":"https:\/\/wpguerssen-test.odoo.rgbconsulting.com\/es\/","logo":{"@type":"ImageObject","inLanguage":"es","@id":"https:\/\/wpguerssen-test.odoo.rgbconsulting.com\/es\/#\/schema\/logo\/image\/","url":"https:\/\/wpguerssen-test.odoo.rgbconsulting.com\/wp-content\/uploads\/2022\/04\/Logo_Guerssen_trans_100.png","contentUrl":"https:\/\/wpguerssen-test.odoo.rgbconsulting.com\/wp-content\/uploads\/2022\/04\/Logo_Guerssen_trans_100.png","width":122,"height":100,"caption":"Guerssen records"},"image":{"@id":"https:\/\/wpguerssen-test.odoo.rgbconsulting.com\/es\/#\/schema\/logo\/image\/"}}]}},"_links":{"self":[{"href":"https:\/\/wpguerssen-test.odoo.rgbconsulting.com\/es\/wp-json\/wp\/v2\/product\/227163","targetHints":{"allow":["GET"]}}],"collection":[{"href":"https:\/\/wpguerssen-test.odoo.rgbconsulting.com\/es\/wp-json\/wp\/v2\/product"}],"about":[{"href":"https:\/\/wpguerssen-test.odoo.rgbconsulting.com\/es\/wp-json\/wp\/v2\/types\/product"}],"wp:featuredmedia":[{"embeddable":true,"href":"https:\/\/wpguerssen-test.odoo.rgbconsulting.com\/es\/wp-json\/wp\/v2\/media\/113478"}],"wp:attachment":[{"href":"https:\/\/wpguerssen-test.odoo.rgbconsulting.com\/es\/wp-json\/wp\/v2\/media?parent=227163"}],"wp:term":[{"taxonomy":"product_brand","embeddable":true,"href":"https:\/\/wpguerssen-test.odoo.rgbconsulting.com\/es\/wp-json\/wp\/v2\/product_brand?post=227163"},{"taxonomy":"product_cat","embeddable":true,"href":"https:\/\/wpguerssen-test.odoo.rgbconsulting.com\/es\/wp-json\/wp\/v2\/product_cat?post=227163"},{"taxonomy":"product_tag","embeddable":true,"href":"https:\/\/wpguerssen-test.odoo.rgbconsulting.com\/es\/wp-json\/wp\/v2\/product_tag?post=227163"}],"curies":[{"name":"wp","href":"https:\/\/api.w.org\/{rel}","templated":true}]}}