{"id":227177,"date":"2013-10-30T00:00:00","date_gmt":"2013-10-29T23:00:00","guid":{"rendered":"https:\/\/wpguerssen-test.odoo.rgbconsulting.com\/product\/information\/"},"modified":"2025-01-07T18:34:53","modified_gmt":"2025-01-07T17:34:53","slug":"information","status":"publish","type":"product","link":"https:\/\/wpguerssen-test.odoo.rgbconsulting.com\/es\/producto\/information\/","title":{"rendered":"Information"},"content":{"rendered":"<p>En 1970, el famoso grupo de garage-pop-beat Suizo Les Sauterelles se separan. Su l\u00edder, Toni Vescoli, decide emprender una carrera en solitario. Su idea inicial de dedicarse al folk ac\u00fastico, influenciado por el primer Dylan, se va desvaneciendo al mismo tiempo que se siente influido por grupos como Pink Floyd o King Crimson. Empieza a incorporar sonidos el\u00e9ctricos a su m\u00fasica y a experimentar con feedback, guitarras y voces pasadas por altavoces Leslie, cajas de ritmo primitivas, etc. Toni recupera algunas de las canciones que hab\u00eda compuesto para lo que iba a ser el \u00faltimo disco de Les Sauterelles, una obra conceptual titulada \u00abSeven Deadly Sins\u00bb y en 1971 graba y edita su primer disco en solitario para el sello CBS. <\/p>\n<p> Una aut\u00e9ntica maravilla folk-rock y psicod\u00e9lica que refleja de manera soberbia las influencias de Toni es esa \u00e9poca: folk, rock, psicodelia, rock progresivo&#8230;Desde delicados e introspectivos temas ac\u00fasticos a puro rock psicod\u00e9lico que te podr\u00e1 recordar a discos holandeses como el \u00abCQ\u00bb de Outsiders o \u00abRainman\u00bb de Frank Nuyen. <\/p>\n<p> Tremendo sonido remasterizado de las cintas oroginales, repro del raro poster promocional e insert con detalladas notas por Mike Stax (Ugly Things). <\/p>\n<p> \u00abUna de las obras maestras de folk-rock psicod\u00e9lico hechas en Europa\u00bb Mike Stax <\/p>\n<p> Tracklist: <\/p>\n<p> Dying land &#8211; Idleness &#8211; Happy family &#8211; Hatred and love &#8211; Information &#8211;  Beautiful morning  &#8211; There&#8217;s a bird &#8211; Hypocrites &#8211; Intermezzo &#8211; Do hurry<\/p>\n","protected":false},"excerpt":{"rendered":"<p>En 1970, el famoso grupo de garage-pop-beat Suizo Les Sauterelles se separan. Su l\u00edder, Toni Vescoli, decide emprender una carrera en solitario. Su idea inicial de<a class=\"read\" href=\"https:\/\/wpguerssen-test.odoo.rgbconsulting.com\/es\/producto\/information\/\"> (...)<\/a>","protected":false},"featured_media":114063,"template":"","meta":{"_acf_changed":false},"product_brand":[],"product_cat":[23274],"product_tag":[],"class_list":{"0":"post-227177","1":"product","2":"type-product","3":"status-publish","4":"has-post-thumbnail","6":"product_cat-folk-rock-60s-70s-es","7":"pa_artist-vescoli-toni","8":"pa_format-lp-es","9":"pa_gender-folk-rock-60s-70s","10":"pa_label-guerssen-es","11":"pa_location-europe-es","12":"pa_other-filters-vinyl-only-es","14":"first","15":"instock","16":"taxable","17":"shipping-taxable","18":"purchasable","19":"product-type-simple"},"acf":[],"yoast_head":"<!-- This site is optimized with the Yoast SEO plugin v24.9 - https:\/\/yoast.com\/wordpress\/plugins\/seo\/ -->\n<title>VESCOLI, Toni - Information -  (LP) | Guerssen<\/title>\n<meta name=\"description\" content=\"In 1970, when Swiss garage-beat band Les Sauterelles split, their leader, Toni Vescoli, decided to start a solo career. At first, inspired by Dylan, he thought of going strictly acoustic, but he soon changed his mind and, influenced by bands like King Crimson and Pink Floyd, he started incorporating psychedelic &amp; electric elements to his sound: feedback, primitive drum machines, guitars and vocals filtered through Leslie speakers etc. He also incorporated to his repertoire some of the songs he had written for the never recorded Sauterelles concept album, &quot;Seven Deadly Sins&quot;. #nl# In 1971, Toni released his debut solo album, &quot;Information&quot;. A folk-rock \/ psychedelic gem which reflected his influences at the time: folk, rock, psychedelia, progressive-rock...From fragile acoustic numbers to dark, wigged-out psychedelic tracks, this is highly recommended to anyone into &quot;CQ&quot; era Outsiders or Frank Nuyen&#039;s &quot;Rainman&quot; album. #nl# Stunning mastertape sound, original gatefold sleeve, repro of the rare poster and insert with detailed liner notes by Mike Stax. #nl# &quot;A masterpiece of European folk-psych&quot;Mike Stax (Ugly Things Magazine) #nl# Tracklist: #nl# Dying land - Idleness - Happy family - Hatred and love - Information - Beautiful morning - There&#039;s a bird - Hypocrites - Intermezzo - Do hurry\" \/>\n<meta name=\"robots\" content=\"index, follow, max-snippet:-1, max-image-preview:large, max-video-preview:-1\" \/>\n<link rel=\"canonical\" href=\"https:\/\/wpguerssen-test.odoo.rgbconsulting.com\/es\/producto\/information\/\" \/>\n<meta property=\"og:locale\" content=\"es_ES\" \/>\n<meta property=\"og:type\" content=\"article\" \/>\n<meta property=\"og:title\" content=\"VESCOLI, Toni - Information -  (LP) | Guerssen\" \/>\n<meta property=\"og:description\" content=\"In 1970, when Swiss garage-beat band Les Sauterelles split, their leader, Toni Vescoli, decided to start a solo career. At first, inspired by Dylan, he thought of going strictly acoustic, but he soon changed his mind and, influenced by bands like King Crimson and Pink Floyd, he started incorporating psychedelic &amp; electric elements to his sound: feedback, primitive drum machines, guitars and vocals filtered through Leslie speakers etc. He also incorporated to his repertoire some of the songs he had written for the never recorded Sauterelles concept album, &quot;Seven Deadly Sins&quot;. #nl# In 1971, Toni released his debut solo album, &quot;Information&quot;. A folk-rock \/ psychedelic gem which reflected his influences at the time: folk, rock, psychedelia, progressive-rock...From fragile acoustic numbers to dark, wigged-out psychedelic tracks, this is highly recommended to anyone into &quot;CQ&quot; era Outsiders or Frank Nuyen&#039;s &quot;Rainman&quot; album. #nl# Stunning mastertape sound, original gatefold sleeve, repro of the rare poster and insert with detailed liner notes by Mike Stax. #nl# &quot;A masterpiece of European folk-psych&quot;Mike Stax (Ugly Things Magazine) #nl# Tracklist: #nl# Dying land - Idleness - Happy family - Hatred and love - Information - Beautiful morning - There&#039;s a bird - Hypocrites - Intermezzo - Do hurry\" \/>\n<meta property=\"og:url\" content=\"https:\/\/wpguerssen-test.odoo.rgbconsulting.com\/es\/producto\/information\/\" \/>\n<meta property=\"og:site_name\" content=\"Guerssen records\" \/>\n<meta property=\"article:modified_time\" content=\"2025-01-07T17:34:53+00:00\" \/>\n<meta property=\"og:image\" content=\"https:\/\/wpguerssen-test.odoo.rgbconsulting.com\/wp-content\/uploads\/2022\/03\/14303.jpg\" \/>\n\t<meta property=\"og:image:width\" content=\"600\" \/>\n\t<meta property=\"og:image:height\" content=\"600\" \/>\n\t<meta property=\"og:image:type\" content=\"image\/jpeg\" \/>\n<meta name=\"twitter:card\" content=\"summary_large_image\" \/>\n<meta name=\"twitter:title\" content=\"VESCOLI, Toni - Information -  (LP) | Guerssen\" \/>\n<meta name=\"twitter:label1\" content=\"Tiempo de lectura\" \/>\n\t<meta name=\"twitter:data1\" content=\"1 minuto\" \/>\n<script type=\"application\/ld+json\" class=\"yoast-schema-graph\">{\"@context\":\"https:\/\/schema.org\",\"@graph\":[{\"@type\":\"WebPage\",\"@id\":\"https:\/\/wpguerssen-test.odoo.rgbconsulting.com\/es\/producto\/information\/\",\"url\":\"https:\/\/wpguerssen-test.odoo.rgbconsulting.com\/es\/producto\/information\/\",\"name\":\"VESCOLI, Toni - Information - (LP) | Guerssen\",\"isPartOf\":{\"@id\":\"https:\/\/wpguerssen-test.odoo.rgbconsulting.com\/es\/#website\"},\"primaryImageOfPage\":{\"@id\":\"https:\/\/wpguerssen-test.odoo.rgbconsulting.com\/es\/producto\/information\/#primaryimage\"},\"image\":{\"@id\":\"https:\/\/wpguerssen-test.odoo.rgbconsulting.com\/es\/producto\/information\/#primaryimage\"},\"thumbnailUrl\":\"https:\/\/wpguerssen-test.odoo.rgbconsulting.com\/wp-content\/uploads\/2022\/03\/14303.jpg\",\"datePublished\":\"2013-10-29T23:00:00+00:00\",\"dateModified\":\"2025-01-07T17:34:53+00:00\",\"description\":\"In 1970, when Swiss garage-beat band Les Sauterelles split, their leader, Toni Vescoli, decided to start a solo career. At first, inspired by Dylan, he thought of going strictly acoustic, but he soon changed his mind and, influenced by bands like King Crimson and Pink Floyd, he started incorporating psychedelic & electric elements to his sound: feedback, primitive drum machines, guitars and vocals filtered through Leslie speakers etc. He also incorporated to his repertoire some of the songs he had written for the never recorded Sauterelles concept album, \\\"Seven Deadly Sins\\\". #nl# In 1971, Toni released his debut solo album, \\\"Information\\\". A folk-rock \/ psychedelic gem which reflected his influences at the time: folk, rock, psychedelia, progressive-rock...From fragile acoustic numbers to dark, wigged-out psychedelic tracks, this is highly recommended to anyone into \\\"CQ\\\" era Outsiders or Frank Nuyen's \\\"Rainman\\\" album. #nl# Stunning mastertape sound, original gatefold sleeve, repro of the rare poster and insert with detailed liner notes by Mike Stax. #nl# \\\"A masterpiece of European folk-psych\\\"Mike Stax (Ugly Things Magazine) #nl# Tracklist: #nl# Dying land - Idleness - Happy family - Hatred and love - Information - Beautiful morning - There's a bird - Hypocrites - Intermezzo - Do hurry\",\"breadcrumb\":{\"@id\":\"https:\/\/wpguerssen-test.odoo.rgbconsulting.com\/es\/producto\/information\/#breadcrumb\"},\"inLanguage\":\"es\",\"potentialAction\":[{\"@type\":\"ReadAction\",\"target\":[\"https:\/\/wpguerssen-test.odoo.rgbconsulting.com\/es\/producto\/information\/\"]}]},{\"@type\":\"ImageObject\",\"inLanguage\":\"es\",\"@id\":\"https:\/\/wpguerssen-test.odoo.rgbconsulting.com\/es\/producto\/information\/#primaryimage\",\"url\":\"https:\/\/wpguerssen-test.odoo.rgbconsulting.com\/wp-content\/uploads\/2022\/03\/14303.jpg\",\"contentUrl\":\"https:\/\/wpguerssen-test.odoo.rgbconsulting.com\/wp-content\/uploads\/2022\/03\/14303.jpg\",\"width\":600,\"height\":600,\"caption\":\"Toni - Information - GUERSSEN (LP) | Guerssen\"},{\"@type\":\"BreadcrumbList\",\"@id\":\"https:\/\/wpguerssen-test.odoo.rgbconsulting.com\/es\/producto\/information\/#breadcrumb\",\"itemListElement\":[{\"@type\":\"ListItem\",\"position\":1,\"name\":\"Inicio\",\"item\":\"https:\/\/wpguerssen-test.odoo.rgbconsulting.com\/es\/\"},{\"@type\":\"ListItem\",\"position\":2,\"name\":\"Shop\",\"item\":\"https:\/\/wpguerssen-test.odoo.rgbconsulting.com\/shop\/\"},{\"@type\":\"ListItem\",\"position\":3,\"name\":\"Information\"}]},{\"@type\":\"WebSite\",\"@id\":\"https:\/\/wpguerssen-test.odoo.rgbconsulting.com\/es\/#website\",\"url\":\"https:\/\/wpguerssen-test.odoo.rgbconsulting.com\/es\/\",\"name\":\"Guerssen records\",\"description\":\"psychedelia - progressive - folk - garage \",\"publisher\":{\"@id\":\"https:\/\/wpguerssen-test.odoo.rgbconsulting.com\/es\/#organization\"},\"potentialAction\":[{\"@type\":\"SearchAction\",\"target\":{\"@type\":\"EntryPoint\",\"urlTemplate\":\"https:\/\/wpguerssen-test.odoo.rgbconsulting.com\/es\/?s={search_term_string}\"},\"query-input\":{\"@type\":\"PropertyValueSpecification\",\"valueRequired\":true,\"valueName\":\"search_term_string\"}}],\"inLanguage\":\"es\"},{\"@type\":\"Organization\",\"@id\":\"https:\/\/wpguerssen-test.odoo.rgbconsulting.com\/es\/#organization\",\"name\":\"Guerssen records\",\"url\":\"https:\/\/wpguerssen-test.odoo.rgbconsulting.com\/es\/\",\"logo\":{\"@type\":\"ImageObject\",\"inLanguage\":\"es\",\"@id\":\"https:\/\/wpguerssen-test.odoo.rgbconsulting.com\/es\/#\/schema\/logo\/image\/\",\"url\":\"https:\/\/wpguerssen-test.odoo.rgbconsulting.com\/wp-content\/uploads\/2022\/04\/Logo_Guerssen_trans_100.png\",\"contentUrl\":\"https:\/\/wpguerssen-test.odoo.rgbconsulting.com\/wp-content\/uploads\/2022\/04\/Logo_Guerssen_trans_100.png\",\"width\":122,\"height\":100,\"caption\":\"Guerssen records\"},\"image\":{\"@id\":\"https:\/\/wpguerssen-test.odoo.rgbconsulting.com\/es\/#\/schema\/logo\/image\/\"}}]}<\/script>\n<!-- \/ Yoast SEO plugin. -->","yoast_head_json":{"title":"VESCOLI, Toni - Information -  (LP) | Guerssen","description":"In 1970, when Swiss garage-beat band Les Sauterelles split, their leader, Toni Vescoli, decided to start a solo career. At first, inspired by Dylan, he thought of going strictly acoustic, but he soon changed his mind and, influenced by bands like King Crimson and Pink Floyd, he started incorporating psychedelic & electric elements to his sound: feedback, primitive drum machines, guitars and vocals filtered through Leslie speakers etc. He also incorporated to his repertoire some of the songs he had written for the never recorded Sauterelles concept album, \"Seven Deadly Sins\". #nl# In 1971, Toni released his debut solo album, \"Information\". A folk-rock \/ psychedelic gem which reflected his influences at the time: folk, rock, psychedelia, progressive-rock...From fragile acoustic numbers to dark, wigged-out psychedelic tracks, this is highly recommended to anyone into \"CQ\" era Outsiders or Frank Nuyen's \"Rainman\" album. #nl# Stunning mastertape sound, original gatefold sleeve, repro of the rare poster and insert with detailed liner notes by Mike Stax. #nl# \"A masterpiece of European folk-psych\"Mike Stax (Ugly Things Magazine) #nl# Tracklist: #nl# Dying land - Idleness - Happy family - Hatred and love - Information - Beautiful morning - There's a bird - Hypocrites - Intermezzo - Do hurry","robots":{"index":"index","follow":"follow","max-snippet":"max-snippet:-1","max-image-preview":"max-image-preview:large","max-video-preview":"max-video-preview:-1"},"canonical":"https:\/\/wpguerssen-test.odoo.rgbconsulting.com\/es\/producto\/information\/","og_locale":"es_ES","og_type":"article","og_title":"VESCOLI, Toni - Information -  (LP) | Guerssen","og_description":"In 1970, when Swiss garage-beat band Les Sauterelles split, their leader, Toni Vescoli, decided to start a solo career. At first, inspired by Dylan, he thought of going strictly acoustic, but he soon changed his mind and, influenced by bands like King Crimson and Pink Floyd, he started incorporating psychedelic & electric elements to his sound: feedback, primitive drum machines, guitars and vocals filtered through Leslie speakers etc. He also incorporated to his repertoire some of the songs he had written for the never recorded Sauterelles concept album, \"Seven Deadly Sins\". #nl# In 1971, Toni released his debut solo album, \"Information\". A folk-rock \/ psychedelic gem which reflected his influences at the time: folk, rock, psychedelia, progressive-rock...From fragile acoustic numbers to dark, wigged-out psychedelic tracks, this is highly recommended to anyone into \"CQ\" era Outsiders or Frank Nuyen's \"Rainman\" album. #nl# Stunning mastertape sound, original gatefold sleeve, repro of the rare poster and insert with detailed liner notes by Mike Stax. #nl# \"A masterpiece of European folk-psych\"Mike Stax (Ugly Things Magazine) #nl# Tracklist: #nl# Dying land - Idleness - Happy family - Hatred and love - Information - Beautiful morning - There's a bird - Hypocrites - Intermezzo - Do hurry","og_url":"https:\/\/wpguerssen-test.odoo.rgbconsulting.com\/es\/producto\/information\/","og_site_name":"Guerssen records","article_modified_time":"2025-01-07T17:34:53+00:00","og_image":[{"width":600,"height":600,"url":"https:\/\/wpguerssen-test.odoo.rgbconsulting.com\/wp-content\/uploads\/2022\/03\/14303.jpg","type":"image\/jpeg"}],"twitter_card":"summary_large_image","twitter_title":"VESCOLI, Toni - Information -  (LP) | Guerssen","twitter_misc":{"Tiempo de lectura":"1 minuto"},"schema":{"@context":"https:\/\/schema.org","@graph":[{"@type":"WebPage","@id":"https:\/\/wpguerssen-test.odoo.rgbconsulting.com\/es\/producto\/information\/","url":"https:\/\/wpguerssen-test.odoo.rgbconsulting.com\/es\/producto\/information\/","name":"VESCOLI, Toni - Information - (LP) | Guerssen","isPartOf":{"@id":"https:\/\/wpguerssen-test.odoo.rgbconsulting.com\/es\/#website"},"primaryImageOfPage":{"@id":"https:\/\/wpguerssen-test.odoo.rgbconsulting.com\/es\/producto\/information\/#primaryimage"},"image":{"@id":"https:\/\/wpguerssen-test.odoo.rgbconsulting.com\/es\/producto\/information\/#primaryimage"},"thumbnailUrl":"https:\/\/wpguerssen-test.odoo.rgbconsulting.com\/wp-content\/uploads\/2022\/03\/14303.jpg","datePublished":"2013-10-29T23:00:00+00:00","dateModified":"2025-01-07T17:34:53+00:00","description":"In 1970, when Swiss garage-beat band Les Sauterelles split, their leader, Toni Vescoli, decided to start a solo career. At first, inspired by Dylan, he thought of going strictly acoustic, but he soon changed his mind and, influenced by bands like King Crimson and Pink Floyd, he started incorporating psychedelic & electric elements to his sound: feedback, primitive drum machines, guitars and vocals filtered through Leslie speakers etc. He also incorporated to his repertoire some of the songs he had written for the never recorded Sauterelles concept album, \"Seven Deadly Sins\". #nl# In 1971, Toni released his debut solo album, \"Information\". A folk-rock \/ psychedelic gem which reflected his influences at the time: folk, rock, psychedelia, progressive-rock...From fragile acoustic numbers to dark, wigged-out psychedelic tracks, this is highly recommended to anyone into \"CQ\" era Outsiders or Frank Nuyen's \"Rainman\" album. #nl# Stunning mastertape sound, original gatefold sleeve, repro of the rare poster and insert with detailed liner notes by Mike Stax. #nl# \"A masterpiece of European folk-psych\"Mike Stax (Ugly Things Magazine) #nl# Tracklist: #nl# Dying land - Idleness - Happy family - Hatred and love - Information - Beautiful morning - There's a bird - Hypocrites - Intermezzo - Do hurry","breadcrumb":{"@id":"https:\/\/wpguerssen-test.odoo.rgbconsulting.com\/es\/producto\/information\/#breadcrumb"},"inLanguage":"es","potentialAction":[{"@type":"ReadAction","target":["https:\/\/wpguerssen-test.odoo.rgbconsulting.com\/es\/producto\/information\/"]}]},{"@type":"ImageObject","inLanguage":"es","@id":"https:\/\/wpguerssen-test.odoo.rgbconsulting.com\/es\/producto\/information\/#primaryimage","url":"https:\/\/wpguerssen-test.odoo.rgbconsulting.com\/wp-content\/uploads\/2022\/03\/14303.jpg","contentUrl":"https:\/\/wpguerssen-test.odoo.rgbconsulting.com\/wp-content\/uploads\/2022\/03\/14303.jpg","width":600,"height":600,"caption":"Toni - Information - GUERSSEN (LP) | Guerssen"},{"@type":"BreadcrumbList","@id":"https:\/\/wpguerssen-test.odoo.rgbconsulting.com\/es\/producto\/information\/#breadcrumb","itemListElement":[{"@type":"ListItem","position":1,"name":"Inicio","item":"https:\/\/wpguerssen-test.odoo.rgbconsulting.com\/es\/"},{"@type":"ListItem","position":2,"name":"Shop","item":"https:\/\/wpguerssen-test.odoo.rgbconsulting.com\/shop\/"},{"@type":"ListItem","position":3,"name":"Information"}]},{"@type":"WebSite","@id":"https:\/\/wpguerssen-test.odoo.rgbconsulting.com\/es\/#website","url":"https:\/\/wpguerssen-test.odoo.rgbconsulting.com\/es\/","name":"Guerssen records","description":"psychedelia - progressive - folk - garage ","publisher":{"@id":"https:\/\/wpguerssen-test.odoo.rgbconsulting.com\/es\/#organization"},"potentialAction":[{"@type":"SearchAction","target":{"@type":"EntryPoint","urlTemplate":"https:\/\/wpguerssen-test.odoo.rgbconsulting.com\/es\/?s={search_term_string}"},"query-input":{"@type":"PropertyValueSpecification","valueRequired":true,"valueName":"search_term_string"}}],"inLanguage":"es"},{"@type":"Organization","@id":"https:\/\/wpguerssen-test.odoo.rgbconsulting.com\/es\/#organization","name":"Guerssen records","url":"https:\/\/wpguerssen-test.odoo.rgbconsulting.com\/es\/","logo":{"@type":"ImageObject","inLanguage":"es","@id":"https:\/\/wpguerssen-test.odoo.rgbconsulting.com\/es\/#\/schema\/logo\/image\/","url":"https:\/\/wpguerssen-test.odoo.rgbconsulting.com\/wp-content\/uploads\/2022\/04\/Logo_Guerssen_trans_100.png","contentUrl":"https:\/\/wpguerssen-test.odoo.rgbconsulting.com\/wp-content\/uploads\/2022\/04\/Logo_Guerssen_trans_100.png","width":122,"height":100,"caption":"Guerssen records"},"image":{"@id":"https:\/\/wpguerssen-test.odoo.rgbconsulting.com\/es\/#\/schema\/logo\/image\/"}}]}},"_links":{"self":[{"href":"https:\/\/wpguerssen-test.odoo.rgbconsulting.com\/es\/wp-json\/wp\/v2\/product\/227177","targetHints":{"allow":["GET"]}}],"collection":[{"href":"https:\/\/wpguerssen-test.odoo.rgbconsulting.com\/es\/wp-json\/wp\/v2\/product"}],"about":[{"href":"https:\/\/wpguerssen-test.odoo.rgbconsulting.com\/es\/wp-json\/wp\/v2\/types\/product"}],"wp:featuredmedia":[{"embeddable":true,"href":"https:\/\/wpguerssen-test.odoo.rgbconsulting.com\/es\/wp-json\/wp\/v2\/media\/114063"}],"wp:attachment":[{"href":"https:\/\/wpguerssen-test.odoo.rgbconsulting.com\/es\/wp-json\/wp\/v2\/media?parent=227177"}],"wp:term":[{"taxonomy":"product_brand","embeddable":true,"href":"https:\/\/wpguerssen-test.odoo.rgbconsulting.com\/es\/wp-json\/wp\/v2\/product_brand?post=227177"},{"taxonomy":"product_cat","embeddable":true,"href":"https:\/\/wpguerssen-test.odoo.rgbconsulting.com\/es\/wp-json\/wp\/v2\/product_cat?post=227177"},{"taxonomy":"product_tag","embeddable":true,"href":"https:\/\/wpguerssen-test.odoo.rgbconsulting.com\/es\/wp-json\/wp\/v2\/product_tag?post=227177"}],"curies":[{"name":"wp","href":"https:\/\/api.w.org\/{rel}","templated":true}]}}