{"id":228022,"date":"2015-03-25T00:00:00","date_gmt":"2015-03-24T23:00:00","guid":{"rendered":"https:\/\/wpguerssen-test.odoo.rgbconsulting.com\/product\/a-quick-one-universal\/"},"modified":"2024-02-16T10:11:02","modified_gmt":"2024-02-16T09:11:02","slug":"a-quick-one-universal","status":"publish","type":"product","link":"https:\/\/wpguerssen-test.odoo.rgbconsulting.com\/es\/producto\/a-quick-one-universal\/","title":{"rendered":"A Quick One (Universal)"},"content":{"rendered":"<p>A Quick One es el segundo \u00e1lbum de estudio de la banda brit\u00e1nica de rock The Who, grabado y publicado en 1966. El \u00e1lbum ser\u00eda publicado en Estados Unidos como Happy Jack, debido al t\u00edtulo sexualmente sugerente de la edici\u00f3n brit\u00e1nica y al \u00e9xito del sencillo \u00abHappy Jack\u00bb, que ser\u00eda incluido en el \u00e1lbum.<br \/>El \u00e1lbum marca un cambio con respecto a las ra\u00edces del grupo que se notaban en su \u00e1lbum de debut. Se requiri\u00f3 que cada miembro del grupo escribiera al menos dos canciones para el mismo, por lo que en este \u00e1lbum las composiciones de Pete Townshend no ocupan tanto lugar como en el resto de la discograf\u00eda del grupo. Roger Daltrey escribi\u00f3 solo una canci\u00f3n.<br \/>El aspecto m\u00e1s importante de este \u00e1lbum es, sin embargo, la inclusi\u00f3n de la primera \u00f3pera rock del grupo, una suite de nueve minutos llamada \u00abA Quick One, While He&#8217;s Away\u00bb que relata una historia de infidelidades y reconciliaciones. En The Who Sell Out, Townshend intentar\u00eda producir un nuevo \u00e1lbum conceptual, si bien no ser\u00eda hasta Tommy y Quadrophenia cuando lograr\u00eda conformar una verdadera \u00f3pera rock.<\/p>\n","protected":false},"excerpt":{"rendered":"<p>A Quick One es el segundo \u00e1lbum de estudio de la banda brit\u00e1nica de rock The Who, grabado y publicado en 1966. El \u00e1lbum ser\u00eda publicado en Estados Unidos como<a class=\"read\" href=\"https:\/\/wpguerssen-test.odoo.rgbconsulting.com\/es\/producto\/a-quick-one-universal\/\"> (...)<\/a>","protected":false},"featured_media":116293,"template":"","meta":{"_acf_changed":false},"product_brand":[],"product_cat":[21639],"product_tag":[],"class_list":{"0":"post-228022","1":"product","2":"type-product","3":"status-publish","4":"has-post-thumbnail","6":"product_cat-psychedelic60s-70s-es","7":"pa_artist-who-the-es","8":"pa_format-lp-es","9":"pa_gender-psychedelic60s-70s","10":"pa_label-polydor","11":"pa_location-uk-ireland-es","12":"pa_other-filters-vinyl-only-es","14":"first","15":"instock","16":"taxable","17":"shipping-taxable","18":"purchasable","19":"product-type-simple"},"acf":[],"yoast_head":"<!-- This site is optimized with the Yoast SEO plugin v24.9 - https:\/\/yoast.com\/wordpress\/plugins\/seo\/ -->\n<title>WHO, The - A Quick One (Universal) -  (LP) | Guerssen<\/title>\n<meta name=\"description\" content=\"A Quick One is the second studio album by the English rock band the Who, released on 9 December 1966. A version of the album with an altered track listing was released under the name Happy Jack on Decca Records in April 1967 in the United States, where the song &quot;Happy Jack&quot; was a top 40 hit. #nl# Unlike other albums by the Who, where guitarist Pete Townshend was the primary or sole songwriter, A Quick One features significant songwriting contributions from all band members, with singer Roger Daltrey contributing one song, bassist John Entwistle and drummer Keith Moon each contributing two. The album also included a cover of the Holland-Dozier-Holland song &quot;Heat Wave&quot; and ends with a musical suite titled &quot;A Quick One, While He&#039;s Away&quot;, which served as an inspiration for later rock operas that the Who would become known for.\" \/>\n<meta name=\"robots\" content=\"index, follow, max-snippet:-1, max-image-preview:large, max-video-preview:-1\" \/>\n<link rel=\"canonical\" href=\"https:\/\/wpguerssen-test.odoo.rgbconsulting.com\/es\/producto\/a-quick-one-universal\/\" \/>\n<meta property=\"og:locale\" content=\"es_ES\" \/>\n<meta property=\"og:type\" content=\"article\" \/>\n<meta property=\"og:title\" content=\"WHO, The - A Quick One (Universal) -  (LP) | Guerssen\" \/>\n<meta property=\"og:description\" content=\"A Quick One is the second studio album by the English rock band the Who, released on 9 December 1966. A version of the album with an altered track listing was released under the name Happy Jack on Decca Records in April 1967 in the United States, where the song &quot;Happy Jack&quot; was a top 40 hit. #nl# Unlike other albums by the Who, where guitarist Pete Townshend was the primary or sole songwriter, A Quick One features significant songwriting contributions from all band members, with singer Roger Daltrey contributing one song, bassist John Entwistle and drummer Keith Moon each contributing two. The album also included a cover of the Holland-Dozier-Holland song &quot;Heat Wave&quot; and ends with a musical suite titled &quot;A Quick One, While He&#039;s Away&quot;, which served as an inspiration for later rock operas that the Who would become known for.\" \/>\n<meta property=\"og:url\" content=\"https:\/\/wpguerssen-test.odoo.rgbconsulting.com\/es\/producto\/a-quick-one-universal\/\" \/>\n<meta property=\"og:site_name\" content=\"Guerssen records\" \/>\n<meta property=\"article:modified_time\" content=\"2024-02-16T09:11:02+00:00\" \/>\n<meta property=\"og:image\" content=\"https:\/\/wpguerssen-test.odoo.rgbconsulting.com\/wp-content\/uploads\/2022\/03\/19376.jpg\" \/>\n\t<meta property=\"og:image:width\" content=\"225\" \/>\n\t<meta property=\"og:image:height\" content=\"225\" \/>\n\t<meta property=\"og:image:type\" content=\"image\/jpeg\" \/>\n<meta name=\"twitter:card\" content=\"summary_large_image\" \/>\n<meta name=\"twitter:title\" content=\"WHO, The - A Quick One (Universal) -  (LP) | Guerssen\" \/>\n<meta name=\"twitter:label1\" content=\"Tiempo de lectura\" \/>\n\t<meta name=\"twitter:data1\" content=\"1 minuto\" \/>\n<script type=\"application\/ld+json\" class=\"yoast-schema-graph\">{\"@context\":\"https:\/\/schema.org\",\"@graph\":[{\"@type\":\"WebPage\",\"@id\":\"https:\/\/wpguerssen-test.odoo.rgbconsulting.com\/es\/producto\/a-quick-one-universal\/\",\"url\":\"https:\/\/wpguerssen-test.odoo.rgbconsulting.com\/es\/producto\/a-quick-one-universal\/\",\"name\":\"WHO, The - A Quick One (Universal) - (LP) | Guerssen\",\"isPartOf\":{\"@id\":\"https:\/\/wpguerssen-test.odoo.rgbconsulting.com\/es\/#website\"},\"primaryImageOfPage\":{\"@id\":\"https:\/\/wpguerssen-test.odoo.rgbconsulting.com\/es\/producto\/a-quick-one-universal\/#primaryimage\"},\"image\":{\"@id\":\"https:\/\/wpguerssen-test.odoo.rgbconsulting.com\/es\/producto\/a-quick-one-universal\/#primaryimage\"},\"thumbnailUrl\":\"https:\/\/wpguerssen-test.odoo.rgbconsulting.com\/wp-content\/uploads\/2022\/03\/19376.jpg\",\"datePublished\":\"2015-03-24T23:00:00+00:00\",\"dateModified\":\"2024-02-16T09:11:02+00:00\",\"description\":\"A Quick One is the second studio album by the English rock band the Who, released on 9 December 1966. A version of the album with an altered track listing was released under the name Happy Jack on Decca Records in April 1967 in the United States, where the song \\\"Happy Jack\\\" was a top 40 hit. #nl# Unlike other albums by the Who, where guitarist Pete Townshend was the primary or sole songwriter, A Quick One features significant songwriting contributions from all band members, with singer Roger Daltrey contributing one song, bassist John Entwistle and drummer Keith Moon each contributing two. The album also included a cover of the Holland-Dozier-Holland song \\\"Heat Wave\\\" and ends with a musical suite titled \\\"A Quick One, While He's Away\\\", which served as an inspiration for later rock operas that the Who would become known for.\",\"breadcrumb\":{\"@id\":\"https:\/\/wpguerssen-test.odoo.rgbconsulting.com\/es\/producto\/a-quick-one-universal\/#breadcrumb\"},\"inLanguage\":\"es\",\"potentialAction\":[{\"@type\":\"ReadAction\",\"target\":[\"https:\/\/wpguerssen-test.odoo.rgbconsulting.com\/es\/producto\/a-quick-one-universal\/\"]}]},{\"@type\":\"ImageObject\",\"inLanguage\":\"es\",\"@id\":\"https:\/\/wpguerssen-test.odoo.rgbconsulting.com\/es\/producto\/a-quick-one-universal\/#primaryimage\",\"url\":\"https:\/\/wpguerssen-test.odoo.rgbconsulting.com\/wp-content\/uploads\/2022\/03\/19376.jpg\",\"contentUrl\":\"https:\/\/wpguerssen-test.odoo.rgbconsulting.com\/wp-content\/uploads\/2022\/03\/19376.jpg\",\"width\":225,\"height\":225,\"caption\":\"The - A Quick One (Universal) - POLYDOR (LP) | Guerssen\"},{\"@type\":\"BreadcrumbList\",\"@id\":\"https:\/\/wpguerssen-test.odoo.rgbconsulting.com\/es\/producto\/a-quick-one-universal\/#breadcrumb\",\"itemListElement\":[{\"@type\":\"ListItem\",\"position\":1,\"name\":\"Inicio\",\"item\":\"https:\/\/wpguerssen-test.odoo.rgbconsulting.com\/es\/\"},{\"@type\":\"ListItem\",\"position\":2,\"name\":\"Shop\",\"item\":\"https:\/\/wpguerssen-test.odoo.rgbconsulting.com\/shop\/\"},{\"@type\":\"ListItem\",\"position\":3,\"name\":\"A Quick One (Universal)\"}]},{\"@type\":\"WebSite\",\"@id\":\"https:\/\/wpguerssen-test.odoo.rgbconsulting.com\/es\/#website\",\"url\":\"https:\/\/wpguerssen-test.odoo.rgbconsulting.com\/es\/\",\"name\":\"Guerssen records\",\"description\":\"psychedelia - progressive - folk - garage \",\"publisher\":{\"@id\":\"https:\/\/wpguerssen-test.odoo.rgbconsulting.com\/es\/#organization\"},\"potentialAction\":[{\"@type\":\"SearchAction\",\"target\":{\"@type\":\"EntryPoint\",\"urlTemplate\":\"https:\/\/wpguerssen-test.odoo.rgbconsulting.com\/es\/?s={search_term_string}\"},\"query-input\":{\"@type\":\"PropertyValueSpecification\",\"valueRequired\":true,\"valueName\":\"search_term_string\"}}],\"inLanguage\":\"es\"},{\"@type\":\"Organization\",\"@id\":\"https:\/\/wpguerssen-test.odoo.rgbconsulting.com\/es\/#organization\",\"name\":\"Guerssen records\",\"url\":\"https:\/\/wpguerssen-test.odoo.rgbconsulting.com\/es\/\",\"logo\":{\"@type\":\"ImageObject\",\"inLanguage\":\"es\",\"@id\":\"https:\/\/wpguerssen-test.odoo.rgbconsulting.com\/es\/#\/schema\/logo\/image\/\",\"url\":\"https:\/\/wpguerssen-test.odoo.rgbconsulting.com\/wp-content\/uploads\/2022\/04\/Logo_Guerssen_trans_100.png\",\"contentUrl\":\"https:\/\/wpguerssen-test.odoo.rgbconsulting.com\/wp-content\/uploads\/2022\/04\/Logo_Guerssen_trans_100.png\",\"width\":122,\"height\":100,\"caption\":\"Guerssen records\"},\"image\":{\"@id\":\"https:\/\/wpguerssen-test.odoo.rgbconsulting.com\/es\/#\/schema\/logo\/image\/\"}}]}<\/script>\n<!-- \/ Yoast SEO plugin. -->","yoast_head_json":{"title":"WHO, The - A Quick One (Universal) -  (LP) | Guerssen","description":"A Quick One is the second studio album by the English rock band the Who, released on 9 December 1966. A version of the album with an altered track listing was released under the name Happy Jack on Decca Records in April 1967 in the United States, where the song \"Happy Jack\" was a top 40 hit. #nl# Unlike other albums by the Who, where guitarist Pete Townshend was the primary or sole songwriter, A Quick One features significant songwriting contributions from all band members, with singer Roger Daltrey contributing one song, bassist John Entwistle and drummer Keith Moon each contributing two. The album also included a cover of the Holland-Dozier-Holland song \"Heat Wave\" and ends with a musical suite titled \"A Quick One, While He's Away\", which served as an inspiration for later rock operas that the Who would become known for.","robots":{"index":"index","follow":"follow","max-snippet":"max-snippet:-1","max-image-preview":"max-image-preview:large","max-video-preview":"max-video-preview:-1"},"canonical":"https:\/\/wpguerssen-test.odoo.rgbconsulting.com\/es\/producto\/a-quick-one-universal\/","og_locale":"es_ES","og_type":"article","og_title":"WHO, The - A Quick One (Universal) -  (LP) | Guerssen","og_description":"A Quick One is the second studio album by the English rock band the Who, released on 9 December 1966. A version of the album with an altered track listing was released under the name Happy Jack on Decca Records in April 1967 in the United States, where the song \"Happy Jack\" was a top 40 hit. #nl# Unlike other albums by the Who, where guitarist Pete Townshend was the primary or sole songwriter, A Quick One features significant songwriting contributions from all band members, with singer Roger Daltrey contributing one song, bassist John Entwistle and drummer Keith Moon each contributing two. The album also included a cover of the Holland-Dozier-Holland song \"Heat Wave\" and ends with a musical suite titled \"A Quick One, While He's Away\", which served as an inspiration for later rock operas that the Who would become known for.","og_url":"https:\/\/wpguerssen-test.odoo.rgbconsulting.com\/es\/producto\/a-quick-one-universal\/","og_site_name":"Guerssen records","article_modified_time":"2024-02-16T09:11:02+00:00","og_image":[{"width":225,"height":225,"url":"https:\/\/wpguerssen-test.odoo.rgbconsulting.com\/wp-content\/uploads\/2022\/03\/19376.jpg","type":"image\/jpeg"}],"twitter_card":"summary_large_image","twitter_title":"WHO, The - A Quick One (Universal) -  (LP) | Guerssen","twitter_misc":{"Tiempo de lectura":"1 minuto"},"schema":{"@context":"https:\/\/schema.org","@graph":[{"@type":"WebPage","@id":"https:\/\/wpguerssen-test.odoo.rgbconsulting.com\/es\/producto\/a-quick-one-universal\/","url":"https:\/\/wpguerssen-test.odoo.rgbconsulting.com\/es\/producto\/a-quick-one-universal\/","name":"WHO, The - A Quick One (Universal) - (LP) | Guerssen","isPartOf":{"@id":"https:\/\/wpguerssen-test.odoo.rgbconsulting.com\/es\/#website"},"primaryImageOfPage":{"@id":"https:\/\/wpguerssen-test.odoo.rgbconsulting.com\/es\/producto\/a-quick-one-universal\/#primaryimage"},"image":{"@id":"https:\/\/wpguerssen-test.odoo.rgbconsulting.com\/es\/producto\/a-quick-one-universal\/#primaryimage"},"thumbnailUrl":"https:\/\/wpguerssen-test.odoo.rgbconsulting.com\/wp-content\/uploads\/2022\/03\/19376.jpg","datePublished":"2015-03-24T23:00:00+00:00","dateModified":"2024-02-16T09:11:02+00:00","description":"A Quick One is the second studio album by the English rock band the Who, released on 9 December 1966. A version of the album with an altered track listing was released under the name Happy Jack on Decca Records in April 1967 in the United States, where the song \"Happy Jack\" was a top 40 hit. #nl# Unlike other albums by the Who, where guitarist Pete Townshend was the primary or sole songwriter, A Quick One features significant songwriting contributions from all band members, with singer Roger Daltrey contributing one song, bassist John Entwistle and drummer Keith Moon each contributing two. The album also included a cover of the Holland-Dozier-Holland song \"Heat Wave\" and ends with a musical suite titled \"A Quick One, While He's Away\", which served as an inspiration for later rock operas that the Who would become known for.","breadcrumb":{"@id":"https:\/\/wpguerssen-test.odoo.rgbconsulting.com\/es\/producto\/a-quick-one-universal\/#breadcrumb"},"inLanguage":"es","potentialAction":[{"@type":"ReadAction","target":["https:\/\/wpguerssen-test.odoo.rgbconsulting.com\/es\/producto\/a-quick-one-universal\/"]}]},{"@type":"ImageObject","inLanguage":"es","@id":"https:\/\/wpguerssen-test.odoo.rgbconsulting.com\/es\/producto\/a-quick-one-universal\/#primaryimage","url":"https:\/\/wpguerssen-test.odoo.rgbconsulting.com\/wp-content\/uploads\/2022\/03\/19376.jpg","contentUrl":"https:\/\/wpguerssen-test.odoo.rgbconsulting.com\/wp-content\/uploads\/2022\/03\/19376.jpg","width":225,"height":225,"caption":"The - A Quick One (Universal) - POLYDOR (LP) | Guerssen"},{"@type":"BreadcrumbList","@id":"https:\/\/wpguerssen-test.odoo.rgbconsulting.com\/es\/producto\/a-quick-one-universal\/#breadcrumb","itemListElement":[{"@type":"ListItem","position":1,"name":"Inicio","item":"https:\/\/wpguerssen-test.odoo.rgbconsulting.com\/es\/"},{"@type":"ListItem","position":2,"name":"Shop","item":"https:\/\/wpguerssen-test.odoo.rgbconsulting.com\/shop\/"},{"@type":"ListItem","position":3,"name":"A Quick One (Universal)"}]},{"@type":"WebSite","@id":"https:\/\/wpguerssen-test.odoo.rgbconsulting.com\/es\/#website","url":"https:\/\/wpguerssen-test.odoo.rgbconsulting.com\/es\/","name":"Guerssen records","description":"psychedelia - progressive - folk - garage ","publisher":{"@id":"https:\/\/wpguerssen-test.odoo.rgbconsulting.com\/es\/#organization"},"potentialAction":[{"@type":"SearchAction","target":{"@type":"EntryPoint","urlTemplate":"https:\/\/wpguerssen-test.odoo.rgbconsulting.com\/es\/?s={search_term_string}"},"query-input":{"@type":"PropertyValueSpecification","valueRequired":true,"valueName":"search_term_string"}}],"inLanguage":"es"},{"@type":"Organization","@id":"https:\/\/wpguerssen-test.odoo.rgbconsulting.com\/es\/#organization","name":"Guerssen records","url":"https:\/\/wpguerssen-test.odoo.rgbconsulting.com\/es\/","logo":{"@type":"ImageObject","inLanguage":"es","@id":"https:\/\/wpguerssen-test.odoo.rgbconsulting.com\/es\/#\/schema\/logo\/image\/","url":"https:\/\/wpguerssen-test.odoo.rgbconsulting.com\/wp-content\/uploads\/2022\/04\/Logo_Guerssen_trans_100.png","contentUrl":"https:\/\/wpguerssen-test.odoo.rgbconsulting.com\/wp-content\/uploads\/2022\/04\/Logo_Guerssen_trans_100.png","width":122,"height":100,"caption":"Guerssen records"},"image":{"@id":"https:\/\/wpguerssen-test.odoo.rgbconsulting.com\/es\/#\/schema\/logo\/image\/"}}]}},"_links":{"self":[{"href":"https:\/\/wpguerssen-test.odoo.rgbconsulting.com\/es\/wp-json\/wp\/v2\/product\/228022","targetHints":{"allow":["GET"]}}],"collection":[{"href":"https:\/\/wpguerssen-test.odoo.rgbconsulting.com\/es\/wp-json\/wp\/v2\/product"}],"about":[{"href":"https:\/\/wpguerssen-test.odoo.rgbconsulting.com\/es\/wp-json\/wp\/v2\/types\/product"}],"wp:featuredmedia":[{"embeddable":true,"href":"https:\/\/wpguerssen-test.odoo.rgbconsulting.com\/es\/wp-json\/wp\/v2\/media\/116293"}],"wp:attachment":[{"href":"https:\/\/wpguerssen-test.odoo.rgbconsulting.com\/es\/wp-json\/wp\/v2\/media?parent=228022"}],"wp:term":[{"taxonomy":"product_brand","embeddable":true,"href":"https:\/\/wpguerssen-test.odoo.rgbconsulting.com\/es\/wp-json\/wp\/v2\/product_brand?post=228022"},{"taxonomy":"product_cat","embeddable":true,"href":"https:\/\/wpguerssen-test.odoo.rgbconsulting.com\/es\/wp-json\/wp\/v2\/product_cat?post=228022"},{"taxonomy":"product_tag","embeddable":true,"href":"https:\/\/wpguerssen-test.odoo.rgbconsulting.com\/es\/wp-json\/wp\/v2\/product_tag?post=228022"}],"curies":[{"name":"wp","href":"https:\/\/api.w.org\/{rel}","templated":true}]}}