{"id":228298,"date":"2023-04-03T00:00:00","date_gmt":"2023-04-02T22:00:00","guid":{"rendered":"https:\/\/wpguerssen-test.odoo.rgbconsulting.com\/product\/kaleidoscope-men\/"},"modified":"2025-04-16T18:08:20","modified_gmt":"2025-04-16T16:08:20","slug":"kaleidoscope-men","status":"publish","type":"product","link":"https:\/\/wpguerssen-test.odoo.rgbconsulting.com\/es\/producto\/kaleidoscope-men\/","title":{"rendered":"Kaleidoscope men"},"content":{"rendered":"<p>Este es el LP m\u00e1s conocido e importante del grupo chileno Los Mac&#8217;s. Producido en RCA por Carlos Gonz\u00e1lez, \u00abKaleidoscope Men\u00bb es un meritorio \u00e1lbum psicod\u00e9lico con armon\u00edas fenomenales y grandes voces. Est\u00e1 influenciado por \u00abSgt. Pepper&#8217;s\u00bb de los Beatles y los grupos de pop californiano.<\/p>\n","protected":false},"excerpt":{"rendered":"<p>Este es el LP m\u00e1s conocido e importante del grupo chileno Los Mac&#8217;s. Producido en RCA por Carlos Gonz\u00e1lez, \u00abKaleidoscope Men\u00bb es un meritorio \u00e1lbum psicod\u00e9lico<a class=\"read\" href=\"https:\/\/wpguerssen-test.odoo.rgbconsulting.com\/es\/producto\/kaleidoscope-men\/\"> (...)<\/a>","protected":false},"featured_media":232271,"template":"","meta":{"_acf_changed":false},"product_brand":[],"product_cat":[23281],"product_tag":[],"class_list":{"0":"post-228298","1":"product","2":"type-product","3":"status-publish","4":"has-post-thumbnail","6":"product_cat-garagebeatrnb60-70-es","7":"pa_artist-macs-los","8":"pa_format-lp-es","9":"pa_gender-garage-beat-rnb60-70-garagebeatrnb60-70","10":"pa_label-me","11":"pa_location-south-america-caribbean-es","12":"pa_other-filters-vinyl-only-es","14":"first","15":"instock","16":"taxable","17":"shipping-taxable","18":"purchasable","19":"product-type-simple"},"acf":[],"yoast_head":"<!-- This site is optimized with the Yoast SEO plugin v24.9 - https:\/\/yoast.com\/wordpress\/plugins\/seo\/ -->\n<title>MAC&#039;S, Los - Kaleidoscope men -  (LP) | Guerssen<\/title>\n<meta name=\"description\" content=\"&quot;Kaleidoscope Men&quot; (1967) by Los Mac&#039;s is released now on vinyl, from the original IRT masters! This is the best known and most important LP of the Chilean group Los Mac&#039;s. Produced at RCA by Carlos Gonzalez, &quot;Kaleidoscope Men&quot; is a meritorious psychedelic album with phenomenal harmonies and great vocals. It is influenced by the Beatles&#039; &quot;Sgt. Pepper&#039;s&quot; and Californian sunshine pop groups.\" \/>\n<meta name=\"robots\" content=\"index, follow, max-snippet:-1, max-image-preview:large, max-video-preview:-1\" \/>\n<link rel=\"canonical\" href=\"https:\/\/wpguerssen-test.odoo.rgbconsulting.com\/es\/producto\/kaleidoscope-men\/\" \/>\n<meta property=\"og:locale\" content=\"es_ES\" \/>\n<meta property=\"og:type\" content=\"article\" \/>\n<meta property=\"og:title\" content=\"MAC&#039;S, Los - Kaleidoscope men -  (LP) | Guerssen\" \/>\n<meta property=\"og:description\" content=\"&quot;Kaleidoscope Men&quot; (1967) by Los Mac&#039;s is released now on vinyl, from the original IRT masters! This is the best known and most important LP of the Chilean group Los Mac&#039;s. Produced at RCA by Carlos Gonzalez, &quot;Kaleidoscope Men&quot; is a meritorious psychedelic album with phenomenal harmonies and great vocals. It is influenced by the Beatles&#039; &quot;Sgt. Pepper&#039;s&quot; and Californian sunshine pop groups.\" \/>\n<meta property=\"og:url\" content=\"https:\/\/wpguerssen-test.odoo.rgbconsulting.com\/es\/producto\/kaleidoscope-men\/\" \/>\n<meta property=\"og:site_name\" content=\"Guerssen records\" \/>\n<meta property=\"article:modified_time\" content=\"2025-04-16T16:08:20+00:00\" \/>\n<meta property=\"og:image\" content=\"https:\/\/wpguerssen-test.odoo.rgbconsulting.com\/wp-content\/uploads\/2023\/05\/43002.jpg\" \/>\n\t<meta property=\"og:image:width\" content=\"580\" \/>\n\t<meta property=\"og:image:height\" content=\"580\" \/>\n\t<meta property=\"og:image:type\" content=\"image\/jpeg\" \/>\n<meta name=\"twitter:card\" content=\"summary_large_image\" \/>\n<meta name=\"twitter:title\" content=\"MAC&#039;S, Los - Kaleidoscope men -  (LP) | Guerssen\" \/>\n<script type=\"application\/ld+json\" class=\"yoast-schema-graph\">{\"@context\":\"https:\/\/schema.org\",\"@graph\":[{\"@type\":\"WebPage\",\"@id\":\"https:\/\/wpguerssen-test.odoo.rgbconsulting.com\/es\/producto\/kaleidoscope-men\/\",\"url\":\"https:\/\/wpguerssen-test.odoo.rgbconsulting.com\/es\/producto\/kaleidoscope-men\/\",\"name\":\"MAC'S, Los - Kaleidoscope men - (LP) | Guerssen\",\"isPartOf\":{\"@id\":\"https:\/\/wpguerssen-test.odoo.rgbconsulting.com\/es\/#website\"},\"primaryImageOfPage\":{\"@id\":\"https:\/\/wpguerssen-test.odoo.rgbconsulting.com\/es\/producto\/kaleidoscope-men\/#primaryimage\"},\"image\":{\"@id\":\"https:\/\/wpguerssen-test.odoo.rgbconsulting.com\/es\/producto\/kaleidoscope-men\/#primaryimage\"},\"thumbnailUrl\":\"https:\/\/wpguerssen-test.odoo.rgbconsulting.com\/wp-content\/uploads\/2023\/05\/43002.jpg\",\"datePublished\":\"2023-04-02T22:00:00+00:00\",\"dateModified\":\"2025-04-16T16:08:20+00:00\",\"description\":\"\\\"Kaleidoscope Men\\\" (1967) by Los Mac's is released now on vinyl, from the original IRT masters! This is the best known and most important LP of the Chilean group Los Mac's. Produced at RCA by Carlos Gonzalez, \\\"Kaleidoscope Men\\\" is a meritorious psychedelic album with phenomenal harmonies and great vocals. It is influenced by the Beatles' \\\"Sgt. Pepper's\\\" and Californian sunshine pop groups.\",\"breadcrumb\":{\"@id\":\"https:\/\/wpguerssen-test.odoo.rgbconsulting.com\/es\/producto\/kaleidoscope-men\/#breadcrumb\"},\"inLanguage\":\"es\",\"potentialAction\":[{\"@type\":\"ReadAction\",\"target\":[\"https:\/\/wpguerssen-test.odoo.rgbconsulting.com\/es\/producto\/kaleidoscope-men\/\"]}]},{\"@type\":\"ImageObject\",\"inLanguage\":\"es\",\"@id\":\"https:\/\/wpguerssen-test.odoo.rgbconsulting.com\/es\/producto\/kaleidoscope-men\/#primaryimage\",\"url\":\"https:\/\/wpguerssen-test.odoo.rgbconsulting.com\/wp-content\/uploads\/2023\/05\/43002.jpg\",\"contentUrl\":\"https:\/\/wpguerssen-test.odoo.rgbconsulting.com\/wp-content\/uploads\/2023\/05\/43002.jpg\",\"width\":580,\"height\":580,\"caption\":\"Los - Kaleidoscope men - M&E (LP) | Guerssen\"},{\"@type\":\"BreadcrumbList\",\"@id\":\"https:\/\/wpguerssen-test.odoo.rgbconsulting.com\/es\/producto\/kaleidoscope-men\/#breadcrumb\",\"itemListElement\":[{\"@type\":\"ListItem\",\"position\":1,\"name\":\"Inicio\",\"item\":\"https:\/\/wpguerssen-test.odoo.rgbconsulting.com\/es\/\"},{\"@type\":\"ListItem\",\"position\":2,\"name\":\"Shop\",\"item\":\"https:\/\/wpguerssen-test.odoo.rgbconsulting.com\/shop\/\"},{\"@type\":\"ListItem\",\"position\":3,\"name\":\"Kaleidoscope men\"}]},{\"@type\":\"WebSite\",\"@id\":\"https:\/\/wpguerssen-test.odoo.rgbconsulting.com\/es\/#website\",\"url\":\"https:\/\/wpguerssen-test.odoo.rgbconsulting.com\/es\/\",\"name\":\"Guerssen records\",\"description\":\"psychedelia - progressive - folk - garage \",\"publisher\":{\"@id\":\"https:\/\/wpguerssen-test.odoo.rgbconsulting.com\/es\/#organization\"},\"potentialAction\":[{\"@type\":\"SearchAction\",\"target\":{\"@type\":\"EntryPoint\",\"urlTemplate\":\"https:\/\/wpguerssen-test.odoo.rgbconsulting.com\/es\/?s={search_term_string}\"},\"query-input\":{\"@type\":\"PropertyValueSpecification\",\"valueRequired\":true,\"valueName\":\"search_term_string\"}}],\"inLanguage\":\"es\"},{\"@type\":\"Organization\",\"@id\":\"https:\/\/wpguerssen-test.odoo.rgbconsulting.com\/es\/#organization\",\"name\":\"Guerssen records\",\"url\":\"https:\/\/wpguerssen-test.odoo.rgbconsulting.com\/es\/\",\"logo\":{\"@type\":\"ImageObject\",\"inLanguage\":\"es\",\"@id\":\"https:\/\/wpguerssen-test.odoo.rgbconsulting.com\/es\/#\/schema\/logo\/image\/\",\"url\":\"https:\/\/wpguerssen-test.odoo.rgbconsulting.com\/wp-content\/uploads\/2022\/04\/Logo_Guerssen_trans_100.png\",\"contentUrl\":\"https:\/\/wpguerssen-test.odoo.rgbconsulting.com\/wp-content\/uploads\/2022\/04\/Logo_Guerssen_trans_100.png\",\"width\":122,\"height\":100,\"caption\":\"Guerssen records\"},\"image\":{\"@id\":\"https:\/\/wpguerssen-test.odoo.rgbconsulting.com\/es\/#\/schema\/logo\/image\/\"}}]}<\/script>\n<!-- \/ Yoast SEO plugin. -->","yoast_head_json":{"title":"MAC'S, Los - Kaleidoscope men -  (LP) | Guerssen","description":"\"Kaleidoscope Men\" (1967) by Los Mac's is released now on vinyl, from the original IRT masters! This is the best known and most important LP of the Chilean group Los Mac's. Produced at RCA by Carlos Gonzalez, \"Kaleidoscope Men\" is a meritorious psychedelic album with phenomenal harmonies and great vocals. It is influenced by the Beatles' \"Sgt. Pepper's\" and Californian sunshine pop groups.","robots":{"index":"index","follow":"follow","max-snippet":"max-snippet:-1","max-image-preview":"max-image-preview:large","max-video-preview":"max-video-preview:-1"},"canonical":"https:\/\/wpguerssen-test.odoo.rgbconsulting.com\/es\/producto\/kaleidoscope-men\/","og_locale":"es_ES","og_type":"article","og_title":"MAC'S, Los - Kaleidoscope men -  (LP) | Guerssen","og_description":"\"Kaleidoscope Men\" (1967) by Los Mac's is released now on vinyl, from the original IRT masters! This is the best known and most important LP of the Chilean group Los Mac's. Produced at RCA by Carlos Gonzalez, \"Kaleidoscope Men\" is a meritorious psychedelic album with phenomenal harmonies and great vocals. It is influenced by the Beatles' \"Sgt. Pepper's\" and Californian sunshine pop groups.","og_url":"https:\/\/wpguerssen-test.odoo.rgbconsulting.com\/es\/producto\/kaleidoscope-men\/","og_site_name":"Guerssen records","article_modified_time":"2025-04-16T16:08:20+00:00","og_image":[{"width":580,"height":580,"url":"https:\/\/wpguerssen-test.odoo.rgbconsulting.com\/wp-content\/uploads\/2023\/05\/43002.jpg","type":"image\/jpeg"}],"twitter_card":"summary_large_image","twitter_title":"MAC'S, Los - Kaleidoscope men -  (LP) | Guerssen","schema":{"@context":"https:\/\/schema.org","@graph":[{"@type":"WebPage","@id":"https:\/\/wpguerssen-test.odoo.rgbconsulting.com\/es\/producto\/kaleidoscope-men\/","url":"https:\/\/wpguerssen-test.odoo.rgbconsulting.com\/es\/producto\/kaleidoscope-men\/","name":"MAC'S, Los - Kaleidoscope men - (LP) | Guerssen","isPartOf":{"@id":"https:\/\/wpguerssen-test.odoo.rgbconsulting.com\/es\/#website"},"primaryImageOfPage":{"@id":"https:\/\/wpguerssen-test.odoo.rgbconsulting.com\/es\/producto\/kaleidoscope-men\/#primaryimage"},"image":{"@id":"https:\/\/wpguerssen-test.odoo.rgbconsulting.com\/es\/producto\/kaleidoscope-men\/#primaryimage"},"thumbnailUrl":"https:\/\/wpguerssen-test.odoo.rgbconsulting.com\/wp-content\/uploads\/2023\/05\/43002.jpg","datePublished":"2023-04-02T22:00:00+00:00","dateModified":"2025-04-16T16:08:20+00:00","description":"\"Kaleidoscope Men\" (1967) by Los Mac's is released now on vinyl, from the original IRT masters! This is the best known and most important LP of the Chilean group Los Mac's. Produced at RCA by Carlos Gonzalez, \"Kaleidoscope Men\" is a meritorious psychedelic album with phenomenal harmonies and great vocals. It is influenced by the Beatles' \"Sgt. Pepper's\" and Californian sunshine pop groups.","breadcrumb":{"@id":"https:\/\/wpguerssen-test.odoo.rgbconsulting.com\/es\/producto\/kaleidoscope-men\/#breadcrumb"},"inLanguage":"es","potentialAction":[{"@type":"ReadAction","target":["https:\/\/wpguerssen-test.odoo.rgbconsulting.com\/es\/producto\/kaleidoscope-men\/"]}]},{"@type":"ImageObject","inLanguage":"es","@id":"https:\/\/wpguerssen-test.odoo.rgbconsulting.com\/es\/producto\/kaleidoscope-men\/#primaryimage","url":"https:\/\/wpguerssen-test.odoo.rgbconsulting.com\/wp-content\/uploads\/2023\/05\/43002.jpg","contentUrl":"https:\/\/wpguerssen-test.odoo.rgbconsulting.com\/wp-content\/uploads\/2023\/05\/43002.jpg","width":580,"height":580,"caption":"Los - Kaleidoscope men - M&E (LP) | Guerssen"},{"@type":"BreadcrumbList","@id":"https:\/\/wpguerssen-test.odoo.rgbconsulting.com\/es\/producto\/kaleidoscope-men\/#breadcrumb","itemListElement":[{"@type":"ListItem","position":1,"name":"Inicio","item":"https:\/\/wpguerssen-test.odoo.rgbconsulting.com\/es\/"},{"@type":"ListItem","position":2,"name":"Shop","item":"https:\/\/wpguerssen-test.odoo.rgbconsulting.com\/shop\/"},{"@type":"ListItem","position":3,"name":"Kaleidoscope men"}]},{"@type":"WebSite","@id":"https:\/\/wpguerssen-test.odoo.rgbconsulting.com\/es\/#website","url":"https:\/\/wpguerssen-test.odoo.rgbconsulting.com\/es\/","name":"Guerssen records","description":"psychedelia - progressive - folk - garage ","publisher":{"@id":"https:\/\/wpguerssen-test.odoo.rgbconsulting.com\/es\/#organization"},"potentialAction":[{"@type":"SearchAction","target":{"@type":"EntryPoint","urlTemplate":"https:\/\/wpguerssen-test.odoo.rgbconsulting.com\/es\/?s={search_term_string}"},"query-input":{"@type":"PropertyValueSpecification","valueRequired":true,"valueName":"search_term_string"}}],"inLanguage":"es"},{"@type":"Organization","@id":"https:\/\/wpguerssen-test.odoo.rgbconsulting.com\/es\/#organization","name":"Guerssen records","url":"https:\/\/wpguerssen-test.odoo.rgbconsulting.com\/es\/","logo":{"@type":"ImageObject","inLanguage":"es","@id":"https:\/\/wpguerssen-test.odoo.rgbconsulting.com\/es\/#\/schema\/logo\/image\/","url":"https:\/\/wpguerssen-test.odoo.rgbconsulting.com\/wp-content\/uploads\/2022\/04\/Logo_Guerssen_trans_100.png","contentUrl":"https:\/\/wpguerssen-test.odoo.rgbconsulting.com\/wp-content\/uploads\/2022\/04\/Logo_Guerssen_trans_100.png","width":122,"height":100,"caption":"Guerssen records"},"image":{"@id":"https:\/\/wpguerssen-test.odoo.rgbconsulting.com\/es\/#\/schema\/logo\/image\/"}}]}},"_links":{"self":[{"href":"https:\/\/wpguerssen-test.odoo.rgbconsulting.com\/es\/wp-json\/wp\/v2\/product\/228298","targetHints":{"allow":["GET"]}}],"collection":[{"href":"https:\/\/wpguerssen-test.odoo.rgbconsulting.com\/es\/wp-json\/wp\/v2\/product"}],"about":[{"href":"https:\/\/wpguerssen-test.odoo.rgbconsulting.com\/es\/wp-json\/wp\/v2\/types\/product"}],"wp:featuredmedia":[{"embeddable":true,"href":"https:\/\/wpguerssen-test.odoo.rgbconsulting.com\/es\/wp-json\/wp\/v2\/media\/232271"}],"wp:attachment":[{"href":"https:\/\/wpguerssen-test.odoo.rgbconsulting.com\/es\/wp-json\/wp\/v2\/media?parent=228298"}],"wp:term":[{"taxonomy":"product_brand","embeddable":true,"href":"https:\/\/wpguerssen-test.odoo.rgbconsulting.com\/es\/wp-json\/wp\/v2\/product_brand?post=228298"},{"taxonomy":"product_cat","embeddable":true,"href":"https:\/\/wpguerssen-test.odoo.rgbconsulting.com\/es\/wp-json\/wp\/v2\/product_cat?post=228298"},{"taxonomy":"product_tag","embeddable":true,"href":"https:\/\/wpguerssen-test.odoo.rgbconsulting.com\/es\/wp-json\/wp\/v2\/product_tag?post=228298"}],"curies":[{"name":"wp","href":"https:\/\/api.w.org\/{rel}","templated":true}]}}