{"id":228855,"date":"2023-02-21T00:00:00","date_gmt":"2023-02-20T23:00:00","guid":{"rendered":"https:\/\/wpguerssen-test.odoo.rgbconsulting.com\/product\/los-shakers\/"},"modified":"2025-03-26T16:43:26","modified_gmt":"2025-03-26T15:43:26","slug":"los-shakers","status":"publish","type":"product","link":"https:\/\/wpguerssen-test.odoo.rgbconsulting.com\/es\/producto\/los-shakers\/","title":{"rendered":"Los Shakers"},"content":{"rendered":"<p>Guerssen junto a nuestros amigos uruguayos de Little Butterfly se enorgullecen de presentar el primer LP de Los Shakers, el legendario y fabuloso grupo surgido en Uruguay en los a\u00f1os 60 al calor de la Beatleman\u00eda que sacudi\u00f3 a medio mundo. <\/p>\n<p> Sus canciones no ten\u00edan nada que envidiar a los de Liverpool, repletas de melod\u00edas contagiosas, m\u00e1gicas voces y m\u00e1gico sonido beat\/pop. <\/p>\n<p> Este es su disco hom\u00f3nimo de 1965 (remasterizado en mono como el original) con artwork original e incluyendo un insert con raras fotos. <\/p>\n<p> Prep\u00e1rate para disfrutar de las incre\u00edbles canciones de Hugo, Osvaldo, Caio y Pelin&#8230; Los Shakers! <\/p>\n<p> Tracklist:<br \/>Side A: A1. Rompan Todo (Break It All) &#8211; A2. Que Amor (What A Love) &#8211; A3. Nena Si Si &#8211; A4. No Fuimos &#8211; A5. Corran Todos &#8211; A6. Estoy Pensando (I&#8217;m Thinking) &#8211; A7. Esta Es Mi Fiesta (It&#8217;s My Party)<br \/>Side B: B1. Sigue Buscando (Keep Searching) &#8211; B2. Para Ti y Para Mi (For You and Me) &#8211; B3. Corro Por Las Calles &#8211; B4. La Larga Noche &#8211; B5. Nena Baila Shake &#8211; B6. No Me Pidas Amor (Don&#8217;t Ask Me Love) &#8211; B7. Dame<\/p>\n","protected":false},"excerpt":{"rendered":"<p>Guerssen junto a nuestros amigos uruguayos de Little Butterfly se enorgullecen de presentar el primer LP de Los Shakers, el legendario y fabuloso grupo surgido en<a class=\"read\" href=\"https:\/\/wpguerssen-test.odoo.rgbconsulting.com\/es\/producto\/los-shakers\/\"> (...)<\/a>","protected":false},"featured_media":228612,"template":"","meta":{"_acf_changed":false},"product_brand":[],"product_cat":[23281],"product_tag":[],"class_list":{"0":"post-228855","1":"product","2":"type-product","3":"status-publish","4":"has-post-thumbnail","6":"product_cat-garagebeatrnb60-70-es","7":"pa_artist-shakers-los","8":"pa_format-lp-es","9":"pa_gender-garage-beat-rnb60-70-garagebeatrnb60-70","10":"pa_label-guerssen-es","11":"pa_location-south-america-caribbean-es","12":"pa_other-filters-vinyl-only-es","14":"first","15":"instock","16":"taxable","17":"shipping-taxable","18":"purchasable","19":"product-type-simple"},"acf":[],"yoast_head":"<!-- This site is optimized with the Yoast SEO plugin v24.9 - https:\/\/yoast.com\/wordpress\/plugins\/seo\/ -->\n<title>SHAKERS, Los - Los Shakers -  (LP) | Guerssen<\/title>\n<meta name=\"description\" content=\"Guerssen and Little Butterfly proudly present the first long playing record from 1965 by the fabulous LOS SHAKERS, the legendary band formed in Uruguay in the mid 1960s, in the wake of the Beatlemania phenomenon. #nl# Their songs had little to envy to those of their heroes from Liverpool. Tempo, chord progressions and rhythms boiled in a magic, infectious sound!Get ready to enjoy the songs of Hugo, Osvaldo, Caio and Pelin... Los Shakers! #nl# *Remastered sound in mono*Original artwork in hard cardboard sleeve*Insert with rare photos #nl# Tracklist:Side A: A1. Rompan Todo (Break It All) - A2. Que Amor (What A Love) - A3. Nena Si Si - A4. No Fuimos - A5. Corran Todos - A6. Estoy Pensando (I&#039;m Thinking) - A7. Esta Es Mi Fiesta (It&#039;s My Party)Side B: B1. Sigue Buscando (Keep Searching) - B2. Para Ti y Para Mi (For You and Me) - B3. Corro Por Las Calles - B4. La Larga Noche - B5. Nena Baila Shake - B6. No Me Pidas Amor (Don&#039;t Ask Me Love) - B7. Dame\" \/>\n<meta name=\"robots\" content=\"index, follow, max-snippet:-1, max-image-preview:large, max-video-preview:-1\" \/>\n<link rel=\"canonical\" href=\"https:\/\/wpguerssen-test.odoo.rgbconsulting.com\/es\/producto\/los-shakers\/\" \/>\n<meta property=\"og:locale\" content=\"es_ES\" \/>\n<meta property=\"og:type\" content=\"article\" \/>\n<meta property=\"og:title\" content=\"SHAKERS, Los - Los Shakers -  (LP) | Guerssen\" \/>\n<meta property=\"og:description\" content=\"Guerssen and Little Butterfly proudly present the first long playing record from 1965 by the fabulous LOS SHAKERS, the legendary band formed in Uruguay in the mid 1960s, in the wake of the Beatlemania phenomenon. #nl# Their songs had little to envy to those of their heroes from Liverpool. Tempo, chord progressions and rhythms boiled in a magic, infectious sound!Get ready to enjoy the songs of Hugo, Osvaldo, Caio and Pelin... Los Shakers! #nl# *Remastered sound in mono*Original artwork in hard cardboard sleeve*Insert with rare photos #nl# Tracklist:Side A: A1. Rompan Todo (Break It All) - A2. Que Amor (What A Love) - A3. Nena Si Si - A4. No Fuimos - A5. Corran Todos - A6. Estoy Pensando (I&#039;m Thinking) - A7. Esta Es Mi Fiesta (It&#039;s My Party)Side B: B1. Sigue Buscando (Keep Searching) - B2. Para Ti y Para Mi (For You and Me) - B3. Corro Por Las Calles - B4. La Larga Noche - B5. Nena Baila Shake - B6. No Me Pidas Amor (Don&#039;t Ask Me Love) - B7. Dame\" \/>\n<meta property=\"og:url\" content=\"https:\/\/wpguerssen-test.odoo.rgbconsulting.com\/es\/producto\/los-shakers\/\" \/>\n<meta property=\"og:site_name\" content=\"Guerssen records\" \/>\n<meta property=\"article:modified_time\" content=\"2025-03-26T15:43:26+00:00\" \/>\n<meta property=\"og:image\" content=\"https:\/\/wpguerssen-test.odoo.rgbconsulting.com\/wp-content\/uploads\/2023\/02\/40971.jpg\" \/>\n\t<meta property=\"og:image:width\" content=\"1400\" \/>\n\t<meta property=\"og:image:height\" content=\"1400\" \/>\n\t<meta property=\"og:image:type\" content=\"image\/jpeg\" \/>\n<meta name=\"twitter:card\" content=\"summary_large_image\" \/>\n<meta name=\"twitter:title\" content=\"SHAKERS, Los - Los Shakers -  (LP) | Guerssen\" \/>\n<meta name=\"twitter:label1\" content=\"Tiempo de lectura\" \/>\n\t<meta name=\"twitter:data1\" content=\"1 minuto\" \/>\n<script type=\"application\/ld+json\" class=\"yoast-schema-graph\">{\"@context\":\"https:\/\/schema.org\",\"@graph\":[{\"@type\":\"WebPage\",\"@id\":\"https:\/\/wpguerssen-test.odoo.rgbconsulting.com\/es\/producto\/los-shakers\/\",\"url\":\"https:\/\/wpguerssen-test.odoo.rgbconsulting.com\/es\/producto\/los-shakers\/\",\"name\":\"SHAKERS, Los - Los Shakers - (LP) | Guerssen\",\"isPartOf\":{\"@id\":\"https:\/\/wpguerssen-test.odoo.rgbconsulting.com\/es\/#website\"},\"primaryImageOfPage\":{\"@id\":\"https:\/\/wpguerssen-test.odoo.rgbconsulting.com\/es\/producto\/los-shakers\/#primaryimage\"},\"image\":{\"@id\":\"https:\/\/wpguerssen-test.odoo.rgbconsulting.com\/es\/producto\/los-shakers\/#primaryimage\"},\"thumbnailUrl\":\"https:\/\/wpguerssen-test.odoo.rgbconsulting.com\/wp-content\/uploads\/2023\/02\/40971.jpg\",\"datePublished\":\"2023-02-20T23:00:00+00:00\",\"dateModified\":\"2025-03-26T15:43:26+00:00\",\"description\":\"Guerssen and Little Butterfly proudly present the first long playing record from 1965 by the fabulous LOS SHAKERS, the legendary band formed in Uruguay in the mid 1960s, in the wake of the Beatlemania phenomenon. #nl# Their songs had little to envy to those of their heroes from Liverpool. Tempo, chord progressions and rhythms boiled in a magic, infectious sound!Get ready to enjoy the songs of Hugo, Osvaldo, Caio and Pelin... Los Shakers! #nl# *Remastered sound in mono*Original artwork in hard cardboard sleeve*Insert with rare photos #nl# Tracklist:Side A: A1. Rompan Todo (Break It All) - A2. Que Amor (What A Love) - A3. Nena Si Si - A4. No Fuimos - A5. Corran Todos - A6. Estoy Pensando (I'm Thinking) - A7. Esta Es Mi Fiesta (It's My Party)Side B: B1. Sigue Buscando (Keep Searching) - B2. Para Ti y Para Mi (For You and Me) - B3. Corro Por Las Calles - B4. La Larga Noche - B5. Nena Baila Shake - B6. No Me Pidas Amor (Don't Ask Me Love) - B7. Dame\",\"breadcrumb\":{\"@id\":\"https:\/\/wpguerssen-test.odoo.rgbconsulting.com\/es\/producto\/los-shakers\/#breadcrumb\"},\"inLanguage\":\"es\",\"potentialAction\":[{\"@type\":\"ReadAction\",\"target\":[\"https:\/\/wpguerssen-test.odoo.rgbconsulting.com\/es\/producto\/los-shakers\/\"]}]},{\"@type\":\"ImageObject\",\"inLanguage\":\"es\",\"@id\":\"https:\/\/wpguerssen-test.odoo.rgbconsulting.com\/es\/producto\/los-shakers\/#primaryimage\",\"url\":\"https:\/\/wpguerssen-test.odoo.rgbconsulting.com\/wp-content\/uploads\/2023\/02\/40971.jpg\",\"contentUrl\":\"https:\/\/wpguerssen-test.odoo.rgbconsulting.com\/wp-content\/uploads\/2023\/02\/40971.jpg\",\"width\":1400,\"height\":1400,\"caption\":\"Los - Los Shakers - GUERSSEN (LP) | Guerssen\"},{\"@type\":\"BreadcrumbList\",\"@id\":\"https:\/\/wpguerssen-test.odoo.rgbconsulting.com\/es\/producto\/los-shakers\/#breadcrumb\",\"itemListElement\":[{\"@type\":\"ListItem\",\"position\":1,\"name\":\"Inicio\",\"item\":\"https:\/\/wpguerssen-test.odoo.rgbconsulting.com\/es\/\"},{\"@type\":\"ListItem\",\"position\":2,\"name\":\"Shop\",\"item\":\"https:\/\/wpguerssen-test.odoo.rgbconsulting.com\/shop\/\"},{\"@type\":\"ListItem\",\"position\":3,\"name\":\"Los Shakers\"}]},{\"@type\":\"WebSite\",\"@id\":\"https:\/\/wpguerssen-test.odoo.rgbconsulting.com\/es\/#website\",\"url\":\"https:\/\/wpguerssen-test.odoo.rgbconsulting.com\/es\/\",\"name\":\"Guerssen records\",\"description\":\"psychedelia - progressive - folk - garage \",\"publisher\":{\"@id\":\"https:\/\/wpguerssen-test.odoo.rgbconsulting.com\/es\/#organization\"},\"potentialAction\":[{\"@type\":\"SearchAction\",\"target\":{\"@type\":\"EntryPoint\",\"urlTemplate\":\"https:\/\/wpguerssen-test.odoo.rgbconsulting.com\/es\/?s={search_term_string}\"},\"query-input\":{\"@type\":\"PropertyValueSpecification\",\"valueRequired\":true,\"valueName\":\"search_term_string\"}}],\"inLanguage\":\"es\"},{\"@type\":\"Organization\",\"@id\":\"https:\/\/wpguerssen-test.odoo.rgbconsulting.com\/es\/#organization\",\"name\":\"Guerssen records\",\"url\":\"https:\/\/wpguerssen-test.odoo.rgbconsulting.com\/es\/\",\"logo\":{\"@type\":\"ImageObject\",\"inLanguage\":\"es\",\"@id\":\"https:\/\/wpguerssen-test.odoo.rgbconsulting.com\/es\/#\/schema\/logo\/image\/\",\"url\":\"https:\/\/wpguerssen-test.odoo.rgbconsulting.com\/wp-content\/uploads\/2022\/04\/Logo_Guerssen_trans_100.png\",\"contentUrl\":\"https:\/\/wpguerssen-test.odoo.rgbconsulting.com\/wp-content\/uploads\/2022\/04\/Logo_Guerssen_trans_100.png\",\"width\":122,\"height\":100,\"caption\":\"Guerssen records\"},\"image\":{\"@id\":\"https:\/\/wpguerssen-test.odoo.rgbconsulting.com\/es\/#\/schema\/logo\/image\/\"}}]}<\/script>\n<!-- \/ Yoast SEO plugin. -->","yoast_head_json":{"title":"SHAKERS, Los - Los Shakers -  (LP) | Guerssen","description":"Guerssen and Little Butterfly proudly present the first long playing record from 1965 by the fabulous LOS SHAKERS, the legendary band formed in Uruguay in the mid 1960s, in the wake of the Beatlemania phenomenon. #nl# Their songs had little to envy to those of their heroes from Liverpool. Tempo, chord progressions and rhythms boiled in a magic, infectious sound!Get ready to enjoy the songs of Hugo, Osvaldo, Caio and Pelin... Los Shakers! #nl# *Remastered sound in mono*Original artwork in hard cardboard sleeve*Insert with rare photos #nl# Tracklist:Side A: A1. Rompan Todo (Break It All) - A2. Que Amor (What A Love) - A3. Nena Si Si - A4. No Fuimos - A5. Corran Todos - A6. Estoy Pensando (I'm Thinking) - A7. Esta Es Mi Fiesta (It's My Party)Side B: B1. Sigue Buscando (Keep Searching) - B2. Para Ti y Para Mi (For You and Me) - B3. Corro Por Las Calles - B4. La Larga Noche - B5. Nena Baila Shake - B6. No Me Pidas Amor (Don't Ask Me Love) - B7. Dame","robots":{"index":"index","follow":"follow","max-snippet":"max-snippet:-1","max-image-preview":"max-image-preview:large","max-video-preview":"max-video-preview:-1"},"canonical":"https:\/\/wpguerssen-test.odoo.rgbconsulting.com\/es\/producto\/los-shakers\/","og_locale":"es_ES","og_type":"article","og_title":"SHAKERS, Los - Los Shakers -  (LP) | Guerssen","og_description":"Guerssen and Little Butterfly proudly present the first long playing record from 1965 by the fabulous LOS SHAKERS, the legendary band formed in Uruguay in the mid 1960s, in the wake of the Beatlemania phenomenon. #nl# Their songs had little to envy to those of their heroes from Liverpool. Tempo, chord progressions and rhythms boiled in a magic, infectious sound!Get ready to enjoy the songs of Hugo, Osvaldo, Caio and Pelin... Los Shakers! #nl# *Remastered sound in mono*Original artwork in hard cardboard sleeve*Insert with rare photos #nl# Tracklist:Side A: A1. Rompan Todo (Break It All) - A2. Que Amor (What A Love) - A3. Nena Si Si - A4. No Fuimos - A5. Corran Todos - A6. Estoy Pensando (I'm Thinking) - A7. Esta Es Mi Fiesta (It's My Party)Side B: B1. Sigue Buscando (Keep Searching) - B2. Para Ti y Para Mi (For You and Me) - B3. Corro Por Las Calles - B4. La Larga Noche - B5. Nena Baila Shake - B6. No Me Pidas Amor (Don't Ask Me Love) - B7. Dame","og_url":"https:\/\/wpguerssen-test.odoo.rgbconsulting.com\/es\/producto\/los-shakers\/","og_site_name":"Guerssen records","article_modified_time":"2025-03-26T15:43:26+00:00","og_image":[{"width":1400,"height":1400,"url":"https:\/\/wpguerssen-test.odoo.rgbconsulting.com\/wp-content\/uploads\/2023\/02\/40971.jpg","type":"image\/jpeg"}],"twitter_card":"summary_large_image","twitter_title":"SHAKERS, Los - Los Shakers -  (LP) | Guerssen","twitter_misc":{"Tiempo de lectura":"1 minuto"},"schema":{"@context":"https:\/\/schema.org","@graph":[{"@type":"WebPage","@id":"https:\/\/wpguerssen-test.odoo.rgbconsulting.com\/es\/producto\/los-shakers\/","url":"https:\/\/wpguerssen-test.odoo.rgbconsulting.com\/es\/producto\/los-shakers\/","name":"SHAKERS, Los - Los Shakers - (LP) | Guerssen","isPartOf":{"@id":"https:\/\/wpguerssen-test.odoo.rgbconsulting.com\/es\/#website"},"primaryImageOfPage":{"@id":"https:\/\/wpguerssen-test.odoo.rgbconsulting.com\/es\/producto\/los-shakers\/#primaryimage"},"image":{"@id":"https:\/\/wpguerssen-test.odoo.rgbconsulting.com\/es\/producto\/los-shakers\/#primaryimage"},"thumbnailUrl":"https:\/\/wpguerssen-test.odoo.rgbconsulting.com\/wp-content\/uploads\/2023\/02\/40971.jpg","datePublished":"2023-02-20T23:00:00+00:00","dateModified":"2025-03-26T15:43:26+00:00","description":"Guerssen and Little Butterfly proudly present the first long playing record from 1965 by the fabulous LOS SHAKERS, the legendary band formed in Uruguay in the mid 1960s, in the wake of the Beatlemania phenomenon. #nl# Their songs had little to envy to those of their heroes from Liverpool. Tempo, chord progressions and rhythms boiled in a magic, infectious sound!Get ready to enjoy the songs of Hugo, Osvaldo, Caio and Pelin... Los Shakers! #nl# *Remastered sound in mono*Original artwork in hard cardboard sleeve*Insert with rare photos #nl# Tracklist:Side A: A1. Rompan Todo (Break It All) - A2. Que Amor (What A Love) - A3. Nena Si Si - A4. No Fuimos - A5. Corran Todos - A6. Estoy Pensando (I'm Thinking) - A7. Esta Es Mi Fiesta (It's My Party)Side B: B1. Sigue Buscando (Keep Searching) - B2. Para Ti y Para Mi (For You and Me) - B3. Corro Por Las Calles - B4. La Larga Noche - B5. Nena Baila Shake - B6. No Me Pidas Amor (Don't Ask Me Love) - B7. Dame","breadcrumb":{"@id":"https:\/\/wpguerssen-test.odoo.rgbconsulting.com\/es\/producto\/los-shakers\/#breadcrumb"},"inLanguage":"es","potentialAction":[{"@type":"ReadAction","target":["https:\/\/wpguerssen-test.odoo.rgbconsulting.com\/es\/producto\/los-shakers\/"]}]},{"@type":"ImageObject","inLanguage":"es","@id":"https:\/\/wpguerssen-test.odoo.rgbconsulting.com\/es\/producto\/los-shakers\/#primaryimage","url":"https:\/\/wpguerssen-test.odoo.rgbconsulting.com\/wp-content\/uploads\/2023\/02\/40971.jpg","contentUrl":"https:\/\/wpguerssen-test.odoo.rgbconsulting.com\/wp-content\/uploads\/2023\/02\/40971.jpg","width":1400,"height":1400,"caption":"Los - Los Shakers - GUERSSEN (LP) | Guerssen"},{"@type":"BreadcrumbList","@id":"https:\/\/wpguerssen-test.odoo.rgbconsulting.com\/es\/producto\/los-shakers\/#breadcrumb","itemListElement":[{"@type":"ListItem","position":1,"name":"Inicio","item":"https:\/\/wpguerssen-test.odoo.rgbconsulting.com\/es\/"},{"@type":"ListItem","position":2,"name":"Shop","item":"https:\/\/wpguerssen-test.odoo.rgbconsulting.com\/shop\/"},{"@type":"ListItem","position":3,"name":"Los Shakers"}]},{"@type":"WebSite","@id":"https:\/\/wpguerssen-test.odoo.rgbconsulting.com\/es\/#website","url":"https:\/\/wpguerssen-test.odoo.rgbconsulting.com\/es\/","name":"Guerssen records","description":"psychedelia - progressive - folk - garage ","publisher":{"@id":"https:\/\/wpguerssen-test.odoo.rgbconsulting.com\/es\/#organization"},"potentialAction":[{"@type":"SearchAction","target":{"@type":"EntryPoint","urlTemplate":"https:\/\/wpguerssen-test.odoo.rgbconsulting.com\/es\/?s={search_term_string}"},"query-input":{"@type":"PropertyValueSpecification","valueRequired":true,"valueName":"search_term_string"}}],"inLanguage":"es"},{"@type":"Organization","@id":"https:\/\/wpguerssen-test.odoo.rgbconsulting.com\/es\/#organization","name":"Guerssen records","url":"https:\/\/wpguerssen-test.odoo.rgbconsulting.com\/es\/","logo":{"@type":"ImageObject","inLanguage":"es","@id":"https:\/\/wpguerssen-test.odoo.rgbconsulting.com\/es\/#\/schema\/logo\/image\/","url":"https:\/\/wpguerssen-test.odoo.rgbconsulting.com\/wp-content\/uploads\/2022\/04\/Logo_Guerssen_trans_100.png","contentUrl":"https:\/\/wpguerssen-test.odoo.rgbconsulting.com\/wp-content\/uploads\/2022\/04\/Logo_Guerssen_trans_100.png","width":122,"height":100,"caption":"Guerssen records"},"image":{"@id":"https:\/\/wpguerssen-test.odoo.rgbconsulting.com\/es\/#\/schema\/logo\/image\/"}}]}},"_links":{"self":[{"href":"https:\/\/wpguerssen-test.odoo.rgbconsulting.com\/es\/wp-json\/wp\/v2\/product\/228855","targetHints":{"allow":["GET"]}}],"collection":[{"href":"https:\/\/wpguerssen-test.odoo.rgbconsulting.com\/es\/wp-json\/wp\/v2\/product"}],"about":[{"href":"https:\/\/wpguerssen-test.odoo.rgbconsulting.com\/es\/wp-json\/wp\/v2\/types\/product"}],"wp:featuredmedia":[{"embeddable":true,"href":"https:\/\/wpguerssen-test.odoo.rgbconsulting.com\/es\/wp-json\/wp\/v2\/media\/228612"}],"wp:attachment":[{"href":"https:\/\/wpguerssen-test.odoo.rgbconsulting.com\/es\/wp-json\/wp\/v2\/media?parent=228855"}],"wp:term":[{"taxonomy":"product_brand","embeddable":true,"href":"https:\/\/wpguerssen-test.odoo.rgbconsulting.com\/es\/wp-json\/wp\/v2\/product_brand?post=228855"},{"taxonomy":"product_cat","embeddable":true,"href":"https:\/\/wpguerssen-test.odoo.rgbconsulting.com\/es\/wp-json\/wp\/v2\/product_cat?post=228855"},{"taxonomy":"product_tag","embeddable":true,"href":"https:\/\/wpguerssen-test.odoo.rgbconsulting.com\/es\/wp-json\/wp\/v2\/product_tag?post=228855"}],"curies":[{"name":"wp","href":"https:\/\/api.w.org\/{rel}","templated":true}]}}