{"id":228859,"date":"2025-03-24T00:00:00","date_gmt":"2025-03-23T23:00:00","guid":{"rendered":"https:\/\/wpguerssen-test.odoo.rgbconsulting.com\/product\/red-shoes\/"},"modified":"2025-03-24T17:29:50","modified_gmt":"2025-03-24T16:29:50","slug":"red-shoes","status":"publish","type":"product","link":"https:\/\/wpguerssen-test.odoo.rgbconsulting.com\/es\/producto\/red-shoes\/","title":{"rendered":"Red Shoes"},"content":{"rendered":"<p>Red Shoes incluye ocho nuevas grabaciones (de principios de 1992), cinco temas in\u00e9ditos, una nueva versi\u00f3n de When The World y una interpretaci\u00f3n m\u00e1s sofisticada de For Madeleine y For Zinni. Vini desarrolla su viaje musical utilizando fascinantes licks para guitarra, impregnados de New Age, minimalismo, folk el\u00e9ctrico suave y m\u00fasica ambiental (resaltamos recordar que el estilo de Vini ha sido iinfluenciado durante mucho tiempo por h\u00e9roes kosmisches como Manuel G\u00f6ttsching o G\u00fcnter Schickert e incluso John Mart\u00edn). El \u00e1lbum ofrece incluso la reedici\u00f3n del mini \u00e1lbum Greetings Three, un objetivo muy importante para la banda y el sello Materiali Sonori. De hecho, los cuatro temas incluidos en este disco -lanzado en 1985- han sido dedicados expl\u00edcitamente a Italia, a la Toscana ya los nuevos amigos italianos. Junto a Vini Reilly encontrar\u00e1s en exhibici\u00f3n el talento de Bruce Mitchell (bater\u00eda) y John Metcalfe (viol\u00edn).<\/p>\n","protected":false},"excerpt":{"rendered":"<p>Red Shoes incluye ocho nuevas grabaciones (de principios de 1992), cinco temas in\u00e9ditos, una nueva versi\u00f3n de When The World y una interpretaci\u00f3n m\u00e1s sofisticada<a class=\"read\" href=\"https:\/\/wpguerssen-test.odoo.rgbconsulting.com\/es\/producto\/red-shoes\/\"> (...)<\/a>","protected":false},"featured_media":246326,"template":"","meta":{"_acf_changed":false},"product_brand":[],"product_cat":[23266,23260],"product_tag":[24185,24190],"class_list":{"0":"post-228859","1":"product","2":"type-product","3":"status-publish","4":"has-post-thumbnail","6":"product_cat-electronic-es","7":"product_cat-avant-garde-experime-es","8":"product_tag-de-nuevo-en-existencia","9":"product_tag-sales-es","10":"pa_artist-durutti-column-the","11":"pa_format-lp-es","12":"pa_gender-electronic-avant-garde-experime","13":"pa_label-materiali-sonori","14":"pa_location-uk-ireland-es","15":"pa_other-filters-vinyl-only-es","17":"first","18":"instock","19":"taxable","20":"shipping-taxable","21":"purchasable","22":"product-type-simple"},"acf":[],"yoast_head":"<!-- This site is optimized with the Yoast SEO plugin v24.9 - https:\/\/yoast.com\/wordpress\/plugins\/seo\/ -->\n<title>DURUTTI COLUMN, The - Red Shoes -  (LP) | Guerssen<\/title>\n<meta name=\"description\" content=\"Red Shoes includes eight new recordings (dated early 1992), five unreleased tracks, a new version of When The World and more sophisticated rendition of For Madeleine and For Zinni. Vini develops his musical journey using fascinating licks for guitar, steeped in New Age, minimalism, soft electric folk and ambient music (we stressed to remind you that Vini&#039;s style has been long informed by kosmische heroes such as Manuel G\u00f6ttsching or G\u00fcnter Schickert and even John Martyn). The album offers even the re-issue of the mini album Greetings Three, a very important goal for the band and the label Materiali Sonori. In fact, the four tracks included on this record - released in 1985 - have been explicitly dedicated to Italy, Tuscany and to new Italian friends. Along with Vini Reilly you will find the talent of Bruce Mitchell (drums) and John Metcalfe (violin) on display.\" \/>\n<meta name=\"robots\" content=\"index, follow, max-snippet:-1, max-image-preview:large, max-video-preview:-1\" \/>\n<link rel=\"canonical\" href=\"https:\/\/wpguerssen-test.odoo.rgbconsulting.com\/es\/producto\/red-shoes\/\" \/>\n<meta property=\"og:locale\" content=\"es_ES\" \/>\n<meta property=\"og:type\" content=\"article\" \/>\n<meta property=\"og:title\" content=\"DURUTTI COLUMN, The - Red Shoes -  (LP) | Guerssen\" \/>\n<meta property=\"og:description\" content=\"Red Shoes includes eight new recordings (dated early 1992), five unreleased tracks, a new version of When The World and more sophisticated rendition of For Madeleine and For Zinni. Vini develops his musical journey using fascinating licks for guitar, steeped in New Age, minimalism, soft electric folk and ambient music (we stressed to remind you that Vini&#039;s style has been long informed by kosmische heroes such as Manuel G\u00f6ttsching or G\u00fcnter Schickert and even John Martyn). The album offers even the re-issue of the mini album Greetings Three, a very important goal for the band and the label Materiali Sonori. In fact, the four tracks included on this record - released in 1985 - have been explicitly dedicated to Italy, Tuscany and to new Italian friends. Along with Vini Reilly you will find the talent of Bruce Mitchell (drums) and John Metcalfe (violin) on display.\" \/>\n<meta property=\"og:url\" content=\"https:\/\/wpguerssen-test.odoo.rgbconsulting.com\/es\/producto\/red-shoes\/\" \/>\n<meta property=\"og:site_name\" content=\"Guerssen records\" \/>\n<meta property=\"article:modified_time\" content=\"2025-03-24T16:29:50+00:00\" \/>\n<meta property=\"og:image\" content=\"https:\/\/wpguerssen-test.odoo.rgbconsulting.com\/wp-content\/uploads\/2023\/11\/38445.jpg\" \/>\n\t<meta property=\"og:image:width\" content=\"600\" \/>\n\t<meta property=\"og:image:height\" content=\"600\" \/>\n\t<meta property=\"og:image:type\" content=\"image\/jpeg\" \/>\n<meta name=\"twitter:card\" content=\"summary_large_image\" \/>\n<meta name=\"twitter:title\" content=\"DURUTTI COLUMN, The - Red Shoes -  (LP) | Guerssen\" \/>\n<meta name=\"twitter:label1\" content=\"Tiempo de lectura\" \/>\n\t<meta name=\"twitter:data1\" content=\"1 minuto\" \/>\n<script type=\"application\/ld+json\" class=\"yoast-schema-graph\">{\"@context\":\"https:\/\/schema.org\",\"@graph\":[{\"@type\":\"WebPage\",\"@id\":\"https:\/\/wpguerssen-test.odoo.rgbconsulting.com\/es\/producto\/red-shoes\/\",\"url\":\"https:\/\/wpguerssen-test.odoo.rgbconsulting.com\/es\/producto\/red-shoes\/\",\"name\":\"DURUTTI COLUMN, The - Red Shoes - (LP) | Guerssen\",\"isPartOf\":{\"@id\":\"https:\/\/wpguerssen-test.odoo.rgbconsulting.com\/es\/#website\"},\"primaryImageOfPage\":{\"@id\":\"https:\/\/wpguerssen-test.odoo.rgbconsulting.com\/es\/producto\/red-shoes\/#primaryimage\"},\"image\":{\"@id\":\"https:\/\/wpguerssen-test.odoo.rgbconsulting.com\/es\/producto\/red-shoes\/#primaryimage\"},\"thumbnailUrl\":\"https:\/\/wpguerssen-test.odoo.rgbconsulting.com\/wp-content\/uploads\/2023\/11\/38445.jpg\",\"datePublished\":\"2025-03-23T23:00:00+00:00\",\"dateModified\":\"2025-03-24T16:29:50+00:00\",\"description\":\"Red Shoes includes eight new recordings (dated early 1992), five unreleased tracks, a new version of When The World and more sophisticated rendition of For Madeleine and For Zinni. Vini develops his musical journey using fascinating licks for guitar, steeped in New Age, minimalism, soft electric folk and ambient music (we stressed to remind you that Vini's style has been long informed by kosmische heroes such as Manuel G\u00f6ttsching or G\u00fcnter Schickert and even John Martyn). The album offers even the re-issue of the mini album Greetings Three, a very important goal for the band and the label Materiali Sonori. In fact, the four tracks included on this record - released in 1985 - have been explicitly dedicated to Italy, Tuscany and to new Italian friends. Along with Vini Reilly you will find the talent of Bruce Mitchell (drums) and John Metcalfe (violin) on display.\",\"breadcrumb\":{\"@id\":\"https:\/\/wpguerssen-test.odoo.rgbconsulting.com\/es\/producto\/red-shoes\/#breadcrumb\"},\"inLanguage\":\"es\",\"potentialAction\":[{\"@type\":\"ReadAction\",\"target\":[\"https:\/\/wpguerssen-test.odoo.rgbconsulting.com\/es\/producto\/red-shoes\/\"]}]},{\"@type\":\"ImageObject\",\"inLanguage\":\"es\",\"@id\":\"https:\/\/wpguerssen-test.odoo.rgbconsulting.com\/es\/producto\/red-shoes\/#primaryimage\",\"url\":\"https:\/\/wpguerssen-test.odoo.rgbconsulting.com\/wp-content\/uploads\/2023\/11\/38445.jpg\",\"contentUrl\":\"https:\/\/wpguerssen-test.odoo.rgbconsulting.com\/wp-content\/uploads\/2023\/11\/38445.jpg\",\"width\":600,\"height\":600,\"caption\":\"The - Red Shoes - MATERIALI SONORI (LP) | Guerssen\"},{\"@type\":\"BreadcrumbList\",\"@id\":\"https:\/\/wpguerssen-test.odoo.rgbconsulting.com\/es\/producto\/red-shoes\/#breadcrumb\",\"itemListElement\":[{\"@type\":\"ListItem\",\"position\":1,\"name\":\"Inicio\",\"item\":\"https:\/\/wpguerssen-test.odoo.rgbconsulting.com\/es\/\"},{\"@type\":\"ListItem\",\"position\":2,\"name\":\"Shop\",\"item\":\"https:\/\/wpguerssen-test.odoo.rgbconsulting.com\/shop\/\"},{\"@type\":\"ListItem\",\"position\":3,\"name\":\"Red Shoes\"}]},{\"@type\":\"WebSite\",\"@id\":\"https:\/\/wpguerssen-test.odoo.rgbconsulting.com\/es\/#website\",\"url\":\"https:\/\/wpguerssen-test.odoo.rgbconsulting.com\/es\/\",\"name\":\"Guerssen records\",\"description\":\"psychedelia - progressive - folk - garage \",\"publisher\":{\"@id\":\"https:\/\/wpguerssen-test.odoo.rgbconsulting.com\/es\/#organization\"},\"potentialAction\":[{\"@type\":\"SearchAction\",\"target\":{\"@type\":\"EntryPoint\",\"urlTemplate\":\"https:\/\/wpguerssen-test.odoo.rgbconsulting.com\/es\/?s={search_term_string}\"},\"query-input\":{\"@type\":\"PropertyValueSpecification\",\"valueRequired\":true,\"valueName\":\"search_term_string\"}}],\"inLanguage\":\"es\"},{\"@type\":\"Organization\",\"@id\":\"https:\/\/wpguerssen-test.odoo.rgbconsulting.com\/es\/#organization\",\"name\":\"Guerssen records\",\"url\":\"https:\/\/wpguerssen-test.odoo.rgbconsulting.com\/es\/\",\"logo\":{\"@type\":\"ImageObject\",\"inLanguage\":\"es\",\"@id\":\"https:\/\/wpguerssen-test.odoo.rgbconsulting.com\/es\/#\/schema\/logo\/image\/\",\"url\":\"https:\/\/wpguerssen-test.odoo.rgbconsulting.com\/wp-content\/uploads\/2022\/04\/Logo_Guerssen_trans_100.png\",\"contentUrl\":\"https:\/\/wpguerssen-test.odoo.rgbconsulting.com\/wp-content\/uploads\/2022\/04\/Logo_Guerssen_trans_100.png\",\"width\":122,\"height\":100,\"caption\":\"Guerssen records\"},\"image\":{\"@id\":\"https:\/\/wpguerssen-test.odoo.rgbconsulting.com\/es\/#\/schema\/logo\/image\/\"}}]}<\/script>\n<!-- \/ Yoast SEO plugin. -->","yoast_head_json":{"title":"DURUTTI COLUMN, The - Red Shoes -  (LP) | Guerssen","description":"Red Shoes includes eight new recordings (dated early 1992), five unreleased tracks, a new version of When The World and more sophisticated rendition of For Madeleine and For Zinni. Vini develops his musical journey using fascinating licks for guitar, steeped in New Age, minimalism, soft electric folk and ambient music (we stressed to remind you that Vini's style has been long informed by kosmische heroes such as Manuel G\u00f6ttsching or G\u00fcnter Schickert and even John Martyn). The album offers even the re-issue of the mini album Greetings Three, a very important goal for the band and the label Materiali Sonori. In fact, the four tracks included on this record - released in 1985 - have been explicitly dedicated to Italy, Tuscany and to new Italian friends. Along with Vini Reilly you will find the talent of Bruce Mitchell (drums) and John Metcalfe (violin) on display.","robots":{"index":"index","follow":"follow","max-snippet":"max-snippet:-1","max-image-preview":"max-image-preview:large","max-video-preview":"max-video-preview:-1"},"canonical":"https:\/\/wpguerssen-test.odoo.rgbconsulting.com\/es\/producto\/red-shoes\/","og_locale":"es_ES","og_type":"article","og_title":"DURUTTI COLUMN, The - Red Shoes -  (LP) | Guerssen","og_description":"Red Shoes includes eight new recordings (dated early 1992), five unreleased tracks, a new version of When The World and more sophisticated rendition of For Madeleine and For Zinni. Vini develops his musical journey using fascinating licks for guitar, steeped in New Age, minimalism, soft electric folk and ambient music (we stressed to remind you that Vini's style has been long informed by kosmische heroes such as Manuel G\u00f6ttsching or G\u00fcnter Schickert and even John Martyn). The album offers even the re-issue of the mini album Greetings Three, a very important goal for the band and the label Materiali Sonori. In fact, the four tracks included on this record - released in 1985 - have been explicitly dedicated to Italy, Tuscany and to new Italian friends. Along with Vini Reilly you will find the talent of Bruce Mitchell (drums) and John Metcalfe (violin) on display.","og_url":"https:\/\/wpguerssen-test.odoo.rgbconsulting.com\/es\/producto\/red-shoes\/","og_site_name":"Guerssen records","article_modified_time":"2025-03-24T16:29:50+00:00","og_image":[{"width":600,"height":600,"url":"https:\/\/wpguerssen-test.odoo.rgbconsulting.com\/wp-content\/uploads\/2023\/11\/38445.jpg","type":"image\/jpeg"}],"twitter_card":"summary_large_image","twitter_title":"DURUTTI COLUMN, The - Red Shoes -  (LP) | Guerssen","twitter_misc":{"Tiempo de lectura":"1 minuto"},"schema":{"@context":"https:\/\/schema.org","@graph":[{"@type":"WebPage","@id":"https:\/\/wpguerssen-test.odoo.rgbconsulting.com\/es\/producto\/red-shoes\/","url":"https:\/\/wpguerssen-test.odoo.rgbconsulting.com\/es\/producto\/red-shoes\/","name":"DURUTTI COLUMN, The - Red Shoes - (LP) | Guerssen","isPartOf":{"@id":"https:\/\/wpguerssen-test.odoo.rgbconsulting.com\/es\/#website"},"primaryImageOfPage":{"@id":"https:\/\/wpguerssen-test.odoo.rgbconsulting.com\/es\/producto\/red-shoes\/#primaryimage"},"image":{"@id":"https:\/\/wpguerssen-test.odoo.rgbconsulting.com\/es\/producto\/red-shoes\/#primaryimage"},"thumbnailUrl":"https:\/\/wpguerssen-test.odoo.rgbconsulting.com\/wp-content\/uploads\/2023\/11\/38445.jpg","datePublished":"2025-03-23T23:00:00+00:00","dateModified":"2025-03-24T16:29:50+00:00","description":"Red Shoes includes eight new recordings (dated early 1992), five unreleased tracks, a new version of When The World and more sophisticated rendition of For Madeleine and For Zinni. Vini develops his musical journey using fascinating licks for guitar, steeped in New Age, minimalism, soft electric folk and ambient music (we stressed to remind you that Vini's style has been long informed by kosmische heroes such as Manuel G\u00f6ttsching or G\u00fcnter Schickert and even John Martyn). The album offers even the re-issue of the mini album Greetings Three, a very important goal for the band and the label Materiali Sonori. In fact, the four tracks included on this record - released in 1985 - have been explicitly dedicated to Italy, Tuscany and to new Italian friends. Along with Vini Reilly you will find the talent of Bruce Mitchell (drums) and John Metcalfe (violin) on display.","breadcrumb":{"@id":"https:\/\/wpguerssen-test.odoo.rgbconsulting.com\/es\/producto\/red-shoes\/#breadcrumb"},"inLanguage":"es","potentialAction":[{"@type":"ReadAction","target":["https:\/\/wpguerssen-test.odoo.rgbconsulting.com\/es\/producto\/red-shoes\/"]}]},{"@type":"ImageObject","inLanguage":"es","@id":"https:\/\/wpguerssen-test.odoo.rgbconsulting.com\/es\/producto\/red-shoes\/#primaryimage","url":"https:\/\/wpguerssen-test.odoo.rgbconsulting.com\/wp-content\/uploads\/2023\/11\/38445.jpg","contentUrl":"https:\/\/wpguerssen-test.odoo.rgbconsulting.com\/wp-content\/uploads\/2023\/11\/38445.jpg","width":600,"height":600,"caption":"The - Red Shoes - MATERIALI SONORI (LP) | Guerssen"},{"@type":"BreadcrumbList","@id":"https:\/\/wpguerssen-test.odoo.rgbconsulting.com\/es\/producto\/red-shoes\/#breadcrumb","itemListElement":[{"@type":"ListItem","position":1,"name":"Inicio","item":"https:\/\/wpguerssen-test.odoo.rgbconsulting.com\/es\/"},{"@type":"ListItem","position":2,"name":"Shop","item":"https:\/\/wpguerssen-test.odoo.rgbconsulting.com\/shop\/"},{"@type":"ListItem","position":3,"name":"Red Shoes"}]},{"@type":"WebSite","@id":"https:\/\/wpguerssen-test.odoo.rgbconsulting.com\/es\/#website","url":"https:\/\/wpguerssen-test.odoo.rgbconsulting.com\/es\/","name":"Guerssen records","description":"psychedelia - progressive - folk - garage ","publisher":{"@id":"https:\/\/wpguerssen-test.odoo.rgbconsulting.com\/es\/#organization"},"potentialAction":[{"@type":"SearchAction","target":{"@type":"EntryPoint","urlTemplate":"https:\/\/wpguerssen-test.odoo.rgbconsulting.com\/es\/?s={search_term_string}"},"query-input":{"@type":"PropertyValueSpecification","valueRequired":true,"valueName":"search_term_string"}}],"inLanguage":"es"},{"@type":"Organization","@id":"https:\/\/wpguerssen-test.odoo.rgbconsulting.com\/es\/#organization","name":"Guerssen records","url":"https:\/\/wpguerssen-test.odoo.rgbconsulting.com\/es\/","logo":{"@type":"ImageObject","inLanguage":"es","@id":"https:\/\/wpguerssen-test.odoo.rgbconsulting.com\/es\/#\/schema\/logo\/image\/","url":"https:\/\/wpguerssen-test.odoo.rgbconsulting.com\/wp-content\/uploads\/2022\/04\/Logo_Guerssen_trans_100.png","contentUrl":"https:\/\/wpguerssen-test.odoo.rgbconsulting.com\/wp-content\/uploads\/2022\/04\/Logo_Guerssen_trans_100.png","width":122,"height":100,"caption":"Guerssen records"},"image":{"@id":"https:\/\/wpguerssen-test.odoo.rgbconsulting.com\/es\/#\/schema\/logo\/image\/"}}]}},"_links":{"self":[{"href":"https:\/\/wpguerssen-test.odoo.rgbconsulting.com\/es\/wp-json\/wp\/v2\/product\/228859","targetHints":{"allow":["GET"]}}],"collection":[{"href":"https:\/\/wpguerssen-test.odoo.rgbconsulting.com\/es\/wp-json\/wp\/v2\/product"}],"about":[{"href":"https:\/\/wpguerssen-test.odoo.rgbconsulting.com\/es\/wp-json\/wp\/v2\/types\/product"}],"wp:featuredmedia":[{"embeddable":true,"href":"https:\/\/wpguerssen-test.odoo.rgbconsulting.com\/es\/wp-json\/wp\/v2\/media\/246326"}],"wp:attachment":[{"href":"https:\/\/wpguerssen-test.odoo.rgbconsulting.com\/es\/wp-json\/wp\/v2\/media?parent=228859"}],"wp:term":[{"taxonomy":"product_brand","embeddable":true,"href":"https:\/\/wpguerssen-test.odoo.rgbconsulting.com\/es\/wp-json\/wp\/v2\/product_brand?post=228859"},{"taxonomy":"product_cat","embeddable":true,"href":"https:\/\/wpguerssen-test.odoo.rgbconsulting.com\/es\/wp-json\/wp\/v2\/product_cat?post=228859"},{"taxonomy":"product_tag","embeddable":true,"href":"https:\/\/wpguerssen-test.odoo.rgbconsulting.com\/es\/wp-json\/wp\/v2\/product_tag?post=228859"}],"curies":[{"name":"wp","href":"https:\/\/api.w.org\/{rel}","templated":true}]}}