{"id":228882,"date":"2025-01-13T00:00:00","date_gmt":"2025-01-12T23:00:00","guid":{"rendered":"https:\/\/wpguerssen-test.odoo.rgbconsulting.com\/product\/king-kong-vs-godzilla\/"},"modified":"2025-03-03T15:52:54","modified_gmt":"2025-03-03T14:52:54","slug":"king-kong-vs-godzilla","status":"publish","type":"product","link":"https:\/\/wpguerssen-test.odoo.rgbconsulting.com\/es\/producto\/king-kong-vs-godzilla\/","title":{"rendered":"King Kong vs Godzilla"},"content":{"rendered":"<p>La partitura de Akira Ifukube para la legendaria pel\u00edcula de monstruos de 1962 King Kong vs. Godzilla. La m\u00fasica visionaria de Ifukube es tensa y violenta, un complemento perfecto para la pel\u00edcula de Ishiro Honda. Esta incre\u00edble partitura alterna entre metales y cuerdas mientras eres testigo de la muerte y destrucci\u00f3n que se produce tras las batallas de estos dos monstruos cl\u00e1sicos del cine. Edici\u00f3n de 500.<\/p>\n","protected":false},"excerpt":{"rendered":"<p>La partitura de Akira Ifukube para la legendaria pel\u00edcula de monstruos de 1962 King Kong vs. Godzilla. La m\u00fasica visionaria de Ifukube es tensa y violenta, un complemento<a class=\"read\" href=\"https:\/\/wpguerssen-test.odoo.rgbconsulting.com\/es\/producto\/king-kong-vs-godzilla\/\"> (...)<\/a>","protected":false},"featured_media":229442,"template":"","meta":{"_acf_changed":false},"product_brand":[],"product_cat":[21641],"product_tag":[],"class_list":{"0":"post-228882","1":"product","2":"type-product","3":"status-publish","4":"has-post-thumbnail","6":"product_cat-soundtracks-es","7":"pa_artist-ifukube-akira","8":"pa_format-lp-es","9":"pa_gender-soundtracks","10":"pa_label-doxy","11":"pa_location-asia-es","12":"pa_other-filters-vinyl-only-es","14":"first","15":"instock","16":"taxable","17":"shipping-taxable","18":"purchasable","19":"product-type-simple"},"acf":[],"yoast_head":"<!-- This site is optimized with the Yoast SEO plugin v24.9 - https:\/\/yoast.com\/wordpress\/plugins\/seo\/ -->\n<title>IFUKUBE, Akira - King Kong vs Godzilla -  (LP) | Guerssen<\/title>\n<meta name=\"description\" content=\"REPRESS. Akira Ifukube&#039;s score to the legendary 1962 monster movie King Kong vs. Godzilla. Ifukube&#039;s visionary music is tense and violent, a perfect complement to Ishiro Honda&#039;s film. This incredible score alternates between brass and strings as you witness the death and destruction that comes in the wake of these two classic film monsters&#039; battles. Edition of 500.\" \/>\n<meta name=\"robots\" content=\"index, follow, max-snippet:-1, max-image-preview:large, max-video-preview:-1\" \/>\n<link rel=\"canonical\" href=\"https:\/\/wpguerssen-test.odoo.rgbconsulting.com\/es\/producto\/king-kong-vs-godzilla\/\" \/>\n<meta property=\"og:locale\" content=\"es_ES\" \/>\n<meta property=\"og:type\" content=\"article\" \/>\n<meta property=\"og:title\" content=\"IFUKUBE, Akira - King Kong vs Godzilla -  (LP) | Guerssen\" \/>\n<meta property=\"og:description\" content=\"REPRESS. Akira Ifukube&#039;s score to the legendary 1962 monster movie King Kong vs. Godzilla. Ifukube&#039;s visionary music is tense and violent, a perfect complement to Ishiro Honda&#039;s film. This incredible score alternates between brass and strings as you witness the death and destruction that comes in the wake of these two classic film monsters&#039; battles. Edition of 500.\" \/>\n<meta property=\"og:url\" content=\"https:\/\/wpguerssen-test.odoo.rgbconsulting.com\/es\/producto\/king-kong-vs-godzilla\/\" \/>\n<meta property=\"og:site_name\" content=\"Guerssen records\" \/>\n<meta property=\"article:modified_time\" content=\"2025-03-03T14:52:54+00:00\" \/>\n<meta property=\"og:image\" content=\"https:\/\/wpguerssen-test.odoo.rgbconsulting.com\/wp-content\/uploads\/2023\/03\/43109.jpg\" \/>\n\t<meta property=\"og:image:width\" content=\"500\" \/>\n\t<meta property=\"og:image:height\" content=\"500\" \/>\n\t<meta property=\"og:image:type\" content=\"image\/jpeg\" \/>\n<meta name=\"twitter:card\" content=\"summary_large_image\" \/>\n<meta name=\"twitter:title\" content=\"IFUKUBE, Akira - King Kong vs Godzilla -  (LP) | Guerssen\" \/>\n<script type=\"application\/ld+json\" class=\"yoast-schema-graph\">{\"@context\":\"https:\/\/schema.org\",\"@graph\":[{\"@type\":\"WebPage\",\"@id\":\"https:\/\/wpguerssen-test.odoo.rgbconsulting.com\/es\/producto\/king-kong-vs-godzilla\/\",\"url\":\"https:\/\/wpguerssen-test.odoo.rgbconsulting.com\/es\/producto\/king-kong-vs-godzilla\/\",\"name\":\"IFUKUBE, Akira - King Kong vs Godzilla - (LP) | Guerssen\",\"isPartOf\":{\"@id\":\"https:\/\/wpguerssen-test.odoo.rgbconsulting.com\/es\/#website\"},\"primaryImageOfPage\":{\"@id\":\"https:\/\/wpguerssen-test.odoo.rgbconsulting.com\/es\/producto\/king-kong-vs-godzilla\/#primaryimage\"},\"image\":{\"@id\":\"https:\/\/wpguerssen-test.odoo.rgbconsulting.com\/es\/producto\/king-kong-vs-godzilla\/#primaryimage\"},\"thumbnailUrl\":\"https:\/\/wpguerssen-test.odoo.rgbconsulting.com\/wp-content\/uploads\/2023\/03\/43109.jpg\",\"datePublished\":\"2025-01-12T23:00:00+00:00\",\"dateModified\":\"2025-03-03T14:52:54+00:00\",\"description\":\"REPRESS. Akira Ifukube's score to the legendary 1962 monster movie King Kong vs. Godzilla. Ifukube's visionary music is tense and violent, a perfect complement to Ishiro Honda's film. This incredible score alternates between brass and strings as you witness the death and destruction that comes in the wake of these two classic film monsters' battles. Edition of 500.\",\"breadcrumb\":{\"@id\":\"https:\/\/wpguerssen-test.odoo.rgbconsulting.com\/es\/producto\/king-kong-vs-godzilla\/#breadcrumb\"},\"inLanguage\":\"es\",\"potentialAction\":[{\"@type\":\"ReadAction\",\"target\":[\"https:\/\/wpguerssen-test.odoo.rgbconsulting.com\/es\/producto\/king-kong-vs-godzilla\/\"]}]},{\"@type\":\"ImageObject\",\"inLanguage\":\"es\",\"@id\":\"https:\/\/wpguerssen-test.odoo.rgbconsulting.com\/es\/producto\/king-kong-vs-godzilla\/#primaryimage\",\"url\":\"https:\/\/wpguerssen-test.odoo.rgbconsulting.com\/wp-content\/uploads\/2023\/03\/43109.jpg\",\"contentUrl\":\"https:\/\/wpguerssen-test.odoo.rgbconsulting.com\/wp-content\/uploads\/2023\/03\/43109.jpg\",\"width\":500,\"height\":500,\"caption\":\"Akira - King Kong vs Godzilla - DOXY (LP) | Guerssen\"},{\"@type\":\"BreadcrumbList\",\"@id\":\"https:\/\/wpguerssen-test.odoo.rgbconsulting.com\/es\/producto\/king-kong-vs-godzilla\/#breadcrumb\",\"itemListElement\":[{\"@type\":\"ListItem\",\"position\":1,\"name\":\"Inicio\",\"item\":\"https:\/\/wpguerssen-test.odoo.rgbconsulting.com\/es\/\"},{\"@type\":\"ListItem\",\"position\":2,\"name\":\"Shop\",\"item\":\"https:\/\/wpguerssen-test.odoo.rgbconsulting.com\/shop\/\"},{\"@type\":\"ListItem\",\"position\":3,\"name\":\"King Kong vs Godzilla\"}]},{\"@type\":\"WebSite\",\"@id\":\"https:\/\/wpguerssen-test.odoo.rgbconsulting.com\/es\/#website\",\"url\":\"https:\/\/wpguerssen-test.odoo.rgbconsulting.com\/es\/\",\"name\":\"Guerssen records\",\"description\":\"psychedelia - progressive - folk - garage \",\"publisher\":{\"@id\":\"https:\/\/wpguerssen-test.odoo.rgbconsulting.com\/es\/#organization\"},\"potentialAction\":[{\"@type\":\"SearchAction\",\"target\":{\"@type\":\"EntryPoint\",\"urlTemplate\":\"https:\/\/wpguerssen-test.odoo.rgbconsulting.com\/es\/?s={search_term_string}\"},\"query-input\":{\"@type\":\"PropertyValueSpecification\",\"valueRequired\":true,\"valueName\":\"search_term_string\"}}],\"inLanguage\":\"es\"},{\"@type\":\"Organization\",\"@id\":\"https:\/\/wpguerssen-test.odoo.rgbconsulting.com\/es\/#organization\",\"name\":\"Guerssen records\",\"url\":\"https:\/\/wpguerssen-test.odoo.rgbconsulting.com\/es\/\",\"logo\":{\"@type\":\"ImageObject\",\"inLanguage\":\"es\",\"@id\":\"https:\/\/wpguerssen-test.odoo.rgbconsulting.com\/es\/#\/schema\/logo\/image\/\",\"url\":\"https:\/\/wpguerssen-test.odoo.rgbconsulting.com\/wp-content\/uploads\/2022\/04\/Logo_Guerssen_trans_100.png\",\"contentUrl\":\"https:\/\/wpguerssen-test.odoo.rgbconsulting.com\/wp-content\/uploads\/2022\/04\/Logo_Guerssen_trans_100.png\",\"width\":122,\"height\":100,\"caption\":\"Guerssen records\"},\"image\":{\"@id\":\"https:\/\/wpguerssen-test.odoo.rgbconsulting.com\/es\/#\/schema\/logo\/image\/\"}}]}<\/script>\n<!-- \/ Yoast SEO plugin. -->","yoast_head_json":{"title":"IFUKUBE, Akira - King Kong vs Godzilla -  (LP) | Guerssen","description":"REPRESS. Akira Ifukube's score to the legendary 1962 monster movie King Kong vs. Godzilla. Ifukube's visionary music is tense and violent, a perfect complement to Ishiro Honda's film. This incredible score alternates between brass and strings as you witness the death and destruction that comes in the wake of these two classic film monsters' battles. Edition of 500.","robots":{"index":"index","follow":"follow","max-snippet":"max-snippet:-1","max-image-preview":"max-image-preview:large","max-video-preview":"max-video-preview:-1"},"canonical":"https:\/\/wpguerssen-test.odoo.rgbconsulting.com\/es\/producto\/king-kong-vs-godzilla\/","og_locale":"es_ES","og_type":"article","og_title":"IFUKUBE, Akira - King Kong vs Godzilla -  (LP) | Guerssen","og_description":"REPRESS. Akira Ifukube's score to the legendary 1962 monster movie King Kong vs. Godzilla. Ifukube's visionary music is tense and violent, a perfect complement to Ishiro Honda's film. This incredible score alternates between brass and strings as you witness the death and destruction that comes in the wake of these two classic film monsters' battles. Edition of 500.","og_url":"https:\/\/wpguerssen-test.odoo.rgbconsulting.com\/es\/producto\/king-kong-vs-godzilla\/","og_site_name":"Guerssen records","article_modified_time":"2025-03-03T14:52:54+00:00","og_image":[{"width":500,"height":500,"url":"https:\/\/wpguerssen-test.odoo.rgbconsulting.com\/wp-content\/uploads\/2023\/03\/43109.jpg","type":"image\/jpeg"}],"twitter_card":"summary_large_image","twitter_title":"IFUKUBE, Akira - King Kong vs Godzilla -  (LP) | Guerssen","schema":{"@context":"https:\/\/schema.org","@graph":[{"@type":"WebPage","@id":"https:\/\/wpguerssen-test.odoo.rgbconsulting.com\/es\/producto\/king-kong-vs-godzilla\/","url":"https:\/\/wpguerssen-test.odoo.rgbconsulting.com\/es\/producto\/king-kong-vs-godzilla\/","name":"IFUKUBE, Akira - King Kong vs Godzilla - (LP) | Guerssen","isPartOf":{"@id":"https:\/\/wpguerssen-test.odoo.rgbconsulting.com\/es\/#website"},"primaryImageOfPage":{"@id":"https:\/\/wpguerssen-test.odoo.rgbconsulting.com\/es\/producto\/king-kong-vs-godzilla\/#primaryimage"},"image":{"@id":"https:\/\/wpguerssen-test.odoo.rgbconsulting.com\/es\/producto\/king-kong-vs-godzilla\/#primaryimage"},"thumbnailUrl":"https:\/\/wpguerssen-test.odoo.rgbconsulting.com\/wp-content\/uploads\/2023\/03\/43109.jpg","datePublished":"2025-01-12T23:00:00+00:00","dateModified":"2025-03-03T14:52:54+00:00","description":"REPRESS. Akira Ifukube's score to the legendary 1962 monster movie King Kong vs. Godzilla. Ifukube's visionary music is tense and violent, a perfect complement to Ishiro Honda's film. This incredible score alternates between brass and strings as you witness the death and destruction that comes in the wake of these two classic film monsters' battles. Edition of 500.","breadcrumb":{"@id":"https:\/\/wpguerssen-test.odoo.rgbconsulting.com\/es\/producto\/king-kong-vs-godzilla\/#breadcrumb"},"inLanguage":"es","potentialAction":[{"@type":"ReadAction","target":["https:\/\/wpguerssen-test.odoo.rgbconsulting.com\/es\/producto\/king-kong-vs-godzilla\/"]}]},{"@type":"ImageObject","inLanguage":"es","@id":"https:\/\/wpguerssen-test.odoo.rgbconsulting.com\/es\/producto\/king-kong-vs-godzilla\/#primaryimage","url":"https:\/\/wpguerssen-test.odoo.rgbconsulting.com\/wp-content\/uploads\/2023\/03\/43109.jpg","contentUrl":"https:\/\/wpguerssen-test.odoo.rgbconsulting.com\/wp-content\/uploads\/2023\/03\/43109.jpg","width":500,"height":500,"caption":"Akira - King Kong vs Godzilla - DOXY (LP) | Guerssen"},{"@type":"BreadcrumbList","@id":"https:\/\/wpguerssen-test.odoo.rgbconsulting.com\/es\/producto\/king-kong-vs-godzilla\/#breadcrumb","itemListElement":[{"@type":"ListItem","position":1,"name":"Inicio","item":"https:\/\/wpguerssen-test.odoo.rgbconsulting.com\/es\/"},{"@type":"ListItem","position":2,"name":"Shop","item":"https:\/\/wpguerssen-test.odoo.rgbconsulting.com\/shop\/"},{"@type":"ListItem","position":3,"name":"King Kong vs Godzilla"}]},{"@type":"WebSite","@id":"https:\/\/wpguerssen-test.odoo.rgbconsulting.com\/es\/#website","url":"https:\/\/wpguerssen-test.odoo.rgbconsulting.com\/es\/","name":"Guerssen records","description":"psychedelia - progressive - folk - garage ","publisher":{"@id":"https:\/\/wpguerssen-test.odoo.rgbconsulting.com\/es\/#organization"},"potentialAction":[{"@type":"SearchAction","target":{"@type":"EntryPoint","urlTemplate":"https:\/\/wpguerssen-test.odoo.rgbconsulting.com\/es\/?s={search_term_string}"},"query-input":{"@type":"PropertyValueSpecification","valueRequired":true,"valueName":"search_term_string"}}],"inLanguage":"es"},{"@type":"Organization","@id":"https:\/\/wpguerssen-test.odoo.rgbconsulting.com\/es\/#organization","name":"Guerssen records","url":"https:\/\/wpguerssen-test.odoo.rgbconsulting.com\/es\/","logo":{"@type":"ImageObject","inLanguage":"es","@id":"https:\/\/wpguerssen-test.odoo.rgbconsulting.com\/es\/#\/schema\/logo\/image\/","url":"https:\/\/wpguerssen-test.odoo.rgbconsulting.com\/wp-content\/uploads\/2022\/04\/Logo_Guerssen_trans_100.png","contentUrl":"https:\/\/wpguerssen-test.odoo.rgbconsulting.com\/wp-content\/uploads\/2022\/04\/Logo_Guerssen_trans_100.png","width":122,"height":100,"caption":"Guerssen records"},"image":{"@id":"https:\/\/wpguerssen-test.odoo.rgbconsulting.com\/es\/#\/schema\/logo\/image\/"}}]}},"_links":{"self":[{"href":"https:\/\/wpguerssen-test.odoo.rgbconsulting.com\/es\/wp-json\/wp\/v2\/product\/228882","targetHints":{"allow":["GET"]}}],"collection":[{"href":"https:\/\/wpguerssen-test.odoo.rgbconsulting.com\/es\/wp-json\/wp\/v2\/product"}],"about":[{"href":"https:\/\/wpguerssen-test.odoo.rgbconsulting.com\/es\/wp-json\/wp\/v2\/types\/product"}],"wp:featuredmedia":[{"embeddable":true,"href":"https:\/\/wpguerssen-test.odoo.rgbconsulting.com\/es\/wp-json\/wp\/v2\/media\/229442"}],"wp:attachment":[{"href":"https:\/\/wpguerssen-test.odoo.rgbconsulting.com\/es\/wp-json\/wp\/v2\/media?parent=228882"}],"wp:term":[{"taxonomy":"product_brand","embeddable":true,"href":"https:\/\/wpguerssen-test.odoo.rgbconsulting.com\/es\/wp-json\/wp\/v2\/product_brand?post=228882"},{"taxonomy":"product_cat","embeddable":true,"href":"https:\/\/wpguerssen-test.odoo.rgbconsulting.com\/es\/wp-json\/wp\/v2\/product_cat?post=228882"},{"taxonomy":"product_tag","embeddable":true,"href":"https:\/\/wpguerssen-test.odoo.rgbconsulting.com\/es\/wp-json\/wp\/v2\/product_tag?post=228882"}],"curies":[{"name":"wp","href":"https:\/\/api.w.org\/{rel}","templated":true}]}}