{"id":228885,"date":"2023-10-10T00:00:00","date_gmt":"2023-10-09T22:00:00","guid":{"rendered":"https:\/\/wpguerssen-test.odoo.rgbconsulting.com\/product\/asia\/"},"modified":"2024-12-02T17:03:56","modified_gmt":"2024-12-02T16:03:56","slug":"asia","status":"publish","type":"product","link":"https:\/\/wpguerssen-test.odoo.rgbconsulting.com\/es\/producto\/asia\/","title":{"rendered":"Asia"},"content":{"rendered":"<p>Grabado en Florencia en octubre de 1979, \u00abAsia\u00bb representa el viaje musical de Egisto Macchi por Oriente. En esta obra, Macchi describe las m\u00faltiples caras de Asia a trav\u00e9s de su inconfundible estilo el\u00e9ctrico. En la m\u00fasica de Macchi, Asia adquiere connotaciones m\u00edsticas, religiosas, naturalistas, sagradas y aventureras. Los instrumentos ac\u00fasticos dominan este \u00e1lbum; entre percusi\u00f3n, c\u00edtaras, celestas, flautas, marimbas, sansas y violines, el oyente emprende un viaje musical fuera de los l\u00edmites del espacio y el tiempo.<\/p>\n","protected":false},"excerpt":{"rendered":"<p>Grabado en Florencia en octubre de 1979, \u00abAsia\u00bb representa el viaje musical de Egisto Macchi por Oriente. En esta obra, Macchi describe las m\u00faltiples caras de Asia<a class=\"read\" href=\"https:\/\/wpguerssen-test.odoo.rgbconsulting.com\/es\/producto\/asia\/\"> (...)<\/a>","protected":false},"featured_media":228512,"template":"","meta":{"_acf_changed":false},"product_brand":[],"product_cat":[21641,23232],"product_tag":[],"class_list":{"0":"post-228885","1":"product","2":"type-product","3":"status-publish","4":"has-post-thumbnail","6":"product_cat-soundtracks-es","7":"product_cat-library-music-lounge-es","8":"pa_artist-macchi-egisto-es-2","9":"pa_format-lp-es","10":"pa_gender-soundtracks-library-music-lounge","11":"pa_label-cinedelic","12":"pa_location-europe-es","13":"pa_other-filters-vinyl-only-es","15":"first","16":"instock","17":"taxable","18":"shipping-taxable","19":"purchasable","20":"product-type-simple"},"acf":[],"yoast_head":"<!-- This site is optimized with the Yoast SEO plugin v24.9 - https:\/\/yoast.com\/wordpress\/plugins\/seo\/ -->\n<title>MACCHI, Egisto - Asia -  (LP) | Guerssen<\/title>\n<meta name=\"description\" content=\"Recorded in Florence in October 1979, &quot;Asia&quot; represents Egisto Macchi&#039;s musical journey across the East. In this work, Macchi describes the many faces of Asia through his unmistakable, electric style. In Macchi&#039;s music, Asia acquires mystical, religious, naturalist, sacred, and adventurous connotations. Acoustic instruments dominate this album; among percussion, zithers, celestas, flutes, marimbas, sansas, and violins, the listener embarks on a musical journey outside the limits of space and time.\" \/>\n<meta name=\"robots\" content=\"index, follow, max-snippet:-1, max-image-preview:large, max-video-preview:-1\" \/>\n<link rel=\"canonical\" href=\"https:\/\/wpguerssen-test.odoo.rgbconsulting.com\/es\/producto\/asia\/\" \/>\n<meta property=\"og:locale\" content=\"es_ES\" \/>\n<meta property=\"og:type\" content=\"article\" \/>\n<meta property=\"og:title\" content=\"MACCHI, Egisto - Asia -  (LP) | Guerssen\" \/>\n<meta property=\"og:description\" content=\"Recorded in Florence in October 1979, &quot;Asia&quot; represents Egisto Macchi&#039;s musical journey across the East. In this work, Macchi describes the many faces of Asia through his unmistakable, electric style. In Macchi&#039;s music, Asia acquires mystical, religious, naturalist, sacred, and adventurous connotations. Acoustic instruments dominate this album; among percussion, zithers, celestas, flutes, marimbas, sansas, and violins, the listener embarks on a musical journey outside the limits of space and time.\" \/>\n<meta property=\"og:url\" content=\"https:\/\/wpguerssen-test.odoo.rgbconsulting.com\/es\/producto\/asia\/\" \/>\n<meta property=\"og:site_name\" content=\"Guerssen records\" \/>\n<meta property=\"article:modified_time\" content=\"2024-12-02T16:03:56+00:00\" \/>\n<meta property=\"og:image\" content=\"https:\/\/wpguerssen-test.odoo.rgbconsulting.com\/wp-content\/uploads\/2023\/02\/43070.jpg\" \/>\n\t<meta property=\"og:image:width\" content=\"2206\" \/>\n\t<meta property=\"og:image:height\" content=\"2206\" \/>\n\t<meta property=\"og:image:type\" content=\"image\/jpeg\" \/>\n<meta name=\"twitter:card\" content=\"summary_large_image\" \/>\n<meta name=\"twitter:title\" content=\"MACCHI, Egisto - Asia -  (LP) | Guerssen\" \/>\n<script type=\"application\/ld+json\" class=\"yoast-schema-graph\">{\"@context\":\"https:\/\/schema.org\",\"@graph\":[{\"@type\":\"WebPage\",\"@id\":\"https:\/\/wpguerssen-test.odoo.rgbconsulting.com\/es\/producto\/asia\/\",\"url\":\"https:\/\/wpguerssen-test.odoo.rgbconsulting.com\/es\/producto\/asia\/\",\"name\":\"MACCHI, Egisto - Asia - (LP) | Guerssen\",\"isPartOf\":{\"@id\":\"https:\/\/wpguerssen-test.odoo.rgbconsulting.com\/es\/#website\"},\"primaryImageOfPage\":{\"@id\":\"https:\/\/wpguerssen-test.odoo.rgbconsulting.com\/es\/producto\/asia\/#primaryimage\"},\"image\":{\"@id\":\"https:\/\/wpguerssen-test.odoo.rgbconsulting.com\/es\/producto\/asia\/#primaryimage\"},\"thumbnailUrl\":\"https:\/\/wpguerssen-test.odoo.rgbconsulting.com\/wp-content\/uploads\/2023\/02\/43070.jpg\",\"datePublished\":\"2023-10-09T22:00:00+00:00\",\"dateModified\":\"2024-12-02T16:03:56+00:00\",\"description\":\"Recorded in Florence in October 1979, \\\"Asia\\\" represents Egisto Macchi's musical journey across the East. In this work, Macchi describes the many faces of Asia through his unmistakable, electric style. In Macchi's music, Asia acquires mystical, religious, naturalist, sacred, and adventurous connotations. Acoustic instruments dominate this album; among percussion, zithers, celestas, flutes, marimbas, sansas, and violins, the listener embarks on a musical journey outside the limits of space and time.\",\"breadcrumb\":{\"@id\":\"https:\/\/wpguerssen-test.odoo.rgbconsulting.com\/es\/producto\/asia\/#breadcrumb\"},\"inLanguage\":\"es\",\"potentialAction\":[{\"@type\":\"ReadAction\",\"target\":[\"https:\/\/wpguerssen-test.odoo.rgbconsulting.com\/es\/producto\/asia\/\"]}]},{\"@type\":\"ImageObject\",\"inLanguage\":\"es\",\"@id\":\"https:\/\/wpguerssen-test.odoo.rgbconsulting.com\/es\/producto\/asia\/#primaryimage\",\"url\":\"https:\/\/wpguerssen-test.odoo.rgbconsulting.com\/wp-content\/uploads\/2023\/02\/43070.jpg\",\"contentUrl\":\"https:\/\/wpguerssen-test.odoo.rgbconsulting.com\/wp-content\/uploads\/2023\/02\/43070.jpg\",\"width\":2206,\"height\":2206,\"caption\":\"Egisto - Asia - CINEDELIC (LP) | Guerssen\"},{\"@type\":\"BreadcrumbList\",\"@id\":\"https:\/\/wpguerssen-test.odoo.rgbconsulting.com\/es\/producto\/asia\/#breadcrumb\",\"itemListElement\":[{\"@type\":\"ListItem\",\"position\":1,\"name\":\"Inicio\",\"item\":\"https:\/\/wpguerssen-test.odoo.rgbconsulting.com\/es\/\"},{\"@type\":\"ListItem\",\"position\":2,\"name\":\"Shop\",\"item\":\"https:\/\/wpguerssen-test.odoo.rgbconsulting.com\/shop\/\"},{\"@type\":\"ListItem\",\"position\":3,\"name\":\"Asia\"}]},{\"@type\":\"WebSite\",\"@id\":\"https:\/\/wpguerssen-test.odoo.rgbconsulting.com\/es\/#website\",\"url\":\"https:\/\/wpguerssen-test.odoo.rgbconsulting.com\/es\/\",\"name\":\"Guerssen records\",\"description\":\"psychedelia - progressive - folk - garage \",\"publisher\":{\"@id\":\"https:\/\/wpguerssen-test.odoo.rgbconsulting.com\/es\/#organization\"},\"potentialAction\":[{\"@type\":\"SearchAction\",\"target\":{\"@type\":\"EntryPoint\",\"urlTemplate\":\"https:\/\/wpguerssen-test.odoo.rgbconsulting.com\/es\/?s={search_term_string}\"},\"query-input\":{\"@type\":\"PropertyValueSpecification\",\"valueRequired\":true,\"valueName\":\"search_term_string\"}}],\"inLanguage\":\"es\"},{\"@type\":\"Organization\",\"@id\":\"https:\/\/wpguerssen-test.odoo.rgbconsulting.com\/es\/#organization\",\"name\":\"Guerssen records\",\"url\":\"https:\/\/wpguerssen-test.odoo.rgbconsulting.com\/es\/\",\"logo\":{\"@type\":\"ImageObject\",\"inLanguage\":\"es\",\"@id\":\"https:\/\/wpguerssen-test.odoo.rgbconsulting.com\/es\/#\/schema\/logo\/image\/\",\"url\":\"https:\/\/wpguerssen-test.odoo.rgbconsulting.com\/wp-content\/uploads\/2022\/04\/Logo_Guerssen_trans_100.png\",\"contentUrl\":\"https:\/\/wpguerssen-test.odoo.rgbconsulting.com\/wp-content\/uploads\/2022\/04\/Logo_Guerssen_trans_100.png\",\"width\":122,\"height\":100,\"caption\":\"Guerssen records\"},\"image\":{\"@id\":\"https:\/\/wpguerssen-test.odoo.rgbconsulting.com\/es\/#\/schema\/logo\/image\/\"}}]}<\/script>\n<!-- \/ Yoast SEO plugin. -->","yoast_head_json":{"title":"MACCHI, Egisto - Asia -  (LP) | Guerssen","description":"Recorded in Florence in October 1979, \"Asia\" represents Egisto Macchi's musical journey across the East. In this work, Macchi describes the many faces of Asia through his unmistakable, electric style. In Macchi's music, Asia acquires mystical, religious, naturalist, sacred, and adventurous connotations. Acoustic instruments dominate this album; among percussion, zithers, celestas, flutes, marimbas, sansas, and violins, the listener embarks on a musical journey outside the limits of space and time.","robots":{"index":"index","follow":"follow","max-snippet":"max-snippet:-1","max-image-preview":"max-image-preview:large","max-video-preview":"max-video-preview:-1"},"canonical":"https:\/\/wpguerssen-test.odoo.rgbconsulting.com\/es\/producto\/asia\/","og_locale":"es_ES","og_type":"article","og_title":"MACCHI, Egisto - Asia -  (LP) | Guerssen","og_description":"Recorded in Florence in October 1979, \"Asia\" represents Egisto Macchi's musical journey across the East. In this work, Macchi describes the many faces of Asia through his unmistakable, electric style. In Macchi's music, Asia acquires mystical, religious, naturalist, sacred, and adventurous connotations. Acoustic instruments dominate this album; among percussion, zithers, celestas, flutes, marimbas, sansas, and violins, the listener embarks on a musical journey outside the limits of space and time.","og_url":"https:\/\/wpguerssen-test.odoo.rgbconsulting.com\/es\/producto\/asia\/","og_site_name":"Guerssen records","article_modified_time":"2024-12-02T16:03:56+00:00","og_image":[{"width":2206,"height":2206,"url":"https:\/\/wpguerssen-test.odoo.rgbconsulting.com\/wp-content\/uploads\/2023\/02\/43070.jpg","type":"image\/jpeg"}],"twitter_card":"summary_large_image","twitter_title":"MACCHI, Egisto - Asia -  (LP) | Guerssen","schema":{"@context":"https:\/\/schema.org","@graph":[{"@type":"WebPage","@id":"https:\/\/wpguerssen-test.odoo.rgbconsulting.com\/es\/producto\/asia\/","url":"https:\/\/wpguerssen-test.odoo.rgbconsulting.com\/es\/producto\/asia\/","name":"MACCHI, Egisto - Asia - (LP) | Guerssen","isPartOf":{"@id":"https:\/\/wpguerssen-test.odoo.rgbconsulting.com\/es\/#website"},"primaryImageOfPage":{"@id":"https:\/\/wpguerssen-test.odoo.rgbconsulting.com\/es\/producto\/asia\/#primaryimage"},"image":{"@id":"https:\/\/wpguerssen-test.odoo.rgbconsulting.com\/es\/producto\/asia\/#primaryimage"},"thumbnailUrl":"https:\/\/wpguerssen-test.odoo.rgbconsulting.com\/wp-content\/uploads\/2023\/02\/43070.jpg","datePublished":"2023-10-09T22:00:00+00:00","dateModified":"2024-12-02T16:03:56+00:00","description":"Recorded in Florence in October 1979, \"Asia\" represents Egisto Macchi's musical journey across the East. In this work, Macchi describes the many faces of Asia through his unmistakable, electric style. In Macchi's music, Asia acquires mystical, religious, naturalist, sacred, and adventurous connotations. Acoustic instruments dominate this album; among percussion, zithers, celestas, flutes, marimbas, sansas, and violins, the listener embarks on a musical journey outside the limits of space and time.","breadcrumb":{"@id":"https:\/\/wpguerssen-test.odoo.rgbconsulting.com\/es\/producto\/asia\/#breadcrumb"},"inLanguage":"es","potentialAction":[{"@type":"ReadAction","target":["https:\/\/wpguerssen-test.odoo.rgbconsulting.com\/es\/producto\/asia\/"]}]},{"@type":"ImageObject","inLanguage":"es","@id":"https:\/\/wpguerssen-test.odoo.rgbconsulting.com\/es\/producto\/asia\/#primaryimage","url":"https:\/\/wpguerssen-test.odoo.rgbconsulting.com\/wp-content\/uploads\/2023\/02\/43070.jpg","contentUrl":"https:\/\/wpguerssen-test.odoo.rgbconsulting.com\/wp-content\/uploads\/2023\/02\/43070.jpg","width":2206,"height":2206,"caption":"Egisto - Asia - CINEDELIC (LP) | Guerssen"},{"@type":"BreadcrumbList","@id":"https:\/\/wpguerssen-test.odoo.rgbconsulting.com\/es\/producto\/asia\/#breadcrumb","itemListElement":[{"@type":"ListItem","position":1,"name":"Inicio","item":"https:\/\/wpguerssen-test.odoo.rgbconsulting.com\/es\/"},{"@type":"ListItem","position":2,"name":"Shop","item":"https:\/\/wpguerssen-test.odoo.rgbconsulting.com\/shop\/"},{"@type":"ListItem","position":3,"name":"Asia"}]},{"@type":"WebSite","@id":"https:\/\/wpguerssen-test.odoo.rgbconsulting.com\/es\/#website","url":"https:\/\/wpguerssen-test.odoo.rgbconsulting.com\/es\/","name":"Guerssen records","description":"psychedelia - progressive - folk - garage ","publisher":{"@id":"https:\/\/wpguerssen-test.odoo.rgbconsulting.com\/es\/#organization"},"potentialAction":[{"@type":"SearchAction","target":{"@type":"EntryPoint","urlTemplate":"https:\/\/wpguerssen-test.odoo.rgbconsulting.com\/es\/?s={search_term_string}"},"query-input":{"@type":"PropertyValueSpecification","valueRequired":true,"valueName":"search_term_string"}}],"inLanguage":"es"},{"@type":"Organization","@id":"https:\/\/wpguerssen-test.odoo.rgbconsulting.com\/es\/#organization","name":"Guerssen records","url":"https:\/\/wpguerssen-test.odoo.rgbconsulting.com\/es\/","logo":{"@type":"ImageObject","inLanguage":"es","@id":"https:\/\/wpguerssen-test.odoo.rgbconsulting.com\/es\/#\/schema\/logo\/image\/","url":"https:\/\/wpguerssen-test.odoo.rgbconsulting.com\/wp-content\/uploads\/2022\/04\/Logo_Guerssen_trans_100.png","contentUrl":"https:\/\/wpguerssen-test.odoo.rgbconsulting.com\/wp-content\/uploads\/2022\/04\/Logo_Guerssen_trans_100.png","width":122,"height":100,"caption":"Guerssen records"},"image":{"@id":"https:\/\/wpguerssen-test.odoo.rgbconsulting.com\/es\/#\/schema\/logo\/image\/"}}]}},"_links":{"self":[{"href":"https:\/\/wpguerssen-test.odoo.rgbconsulting.com\/es\/wp-json\/wp\/v2\/product\/228885","targetHints":{"allow":["GET"]}}],"collection":[{"href":"https:\/\/wpguerssen-test.odoo.rgbconsulting.com\/es\/wp-json\/wp\/v2\/product"}],"about":[{"href":"https:\/\/wpguerssen-test.odoo.rgbconsulting.com\/es\/wp-json\/wp\/v2\/types\/product"}],"wp:featuredmedia":[{"embeddable":true,"href":"https:\/\/wpguerssen-test.odoo.rgbconsulting.com\/es\/wp-json\/wp\/v2\/media\/228512"}],"wp:attachment":[{"href":"https:\/\/wpguerssen-test.odoo.rgbconsulting.com\/es\/wp-json\/wp\/v2\/media?parent=228885"}],"wp:term":[{"taxonomy":"product_brand","embeddable":true,"href":"https:\/\/wpguerssen-test.odoo.rgbconsulting.com\/es\/wp-json\/wp\/v2\/product_brand?post=228885"},{"taxonomy":"product_cat","embeddable":true,"href":"https:\/\/wpguerssen-test.odoo.rgbconsulting.com\/es\/wp-json\/wp\/v2\/product_cat?post=228885"},{"taxonomy":"product_tag","embeddable":true,"href":"https:\/\/wpguerssen-test.odoo.rgbconsulting.com\/es\/wp-json\/wp\/v2\/product_tag?post=228885"}],"curies":[{"name":"wp","href":"https:\/\/api.w.org\/{rel}","templated":true}]}}