{"id":228986,"date":"2025-01-07T00:00:00","date_gmt":"2025-01-06T23:00:00","guid":{"rendered":"https:\/\/wpguerssen-test.odoo.rgbconsulting.com\/product\/rids-the-world-of-the-evil-curse-of-the-vampires\/"},"modified":"2025-04-15T13:52:52","modified_gmt":"2025-04-15T11:52:52","slug":"rids-the-world-of-the-evil-curse-of-the-vampires","status":"publish","type":"product","link":"https:\/\/wpguerssen-test.odoo.rgbconsulting.com\/es\/producto\/rids-the-world-of-the-evil-curse-of-the-vampires\/","title":{"rendered":"Rids The World Of The Evil Curse Of The Vampires"},"content":{"rendered":"<p>Despu\u00e9s de una temporada aprendiendo el oficio del dub del innovador King Tubby a finales de los 70, Scientist comenz\u00f3 a mezclar sus propias sesiones, logrando un sonido m\u00e1s amplio y plagado de efectos que el de su mentor. Rids the World of the Curse of the Vampires (1981), uno de los pocos \u00e1lbumes elegidos por Scientist en el sello Greensleeves, no solo muestra h\u00e1bilmente el enfoque variado de los maestros de la mezcla, sino que se registra como una de sus mejores grabaciones.<\/p>\n","protected":false},"excerpt":{"rendered":"<p>Despu\u00e9s de una temporada aprendiendo el oficio del dub del innovador King Tubby a finales de los 70, Scientist comenz\u00f3 a mezclar sus propias sesiones, logrando un<a class=\"read\" href=\"https:\/\/wpguerssen-test.odoo.rgbconsulting.com\/es\/producto\/rids-the-world-of-the-evil-curse-of-the-vampires\/\"> (...)<\/a>","protected":false},"featured_media":229576,"template":"","meta":{"_acf_changed":false},"product_brand":[],"product_cat":[21666],"product_tag":[],"class_list":{"0":"post-228986","1":"product","2":"type-product","3":"status-publish","4":"has-post-thumbnail","6":"product_cat-reggae-ska-dub-es","7":"pa_artist-scientist","8":"pa_format-lp-es","9":"pa_gender-reggae-ska-dub","10":"pa_label-dub-mirumir","11":"pa_location-south-america-caribbean-es","12":"pa_other-filters-vinyl-only-es","14":"first","15":"instock","16":"taxable","17":"shipping-taxable","18":"purchasable","19":"product-type-simple"},"acf":[],"yoast_head":"<!-- This site is optimized with the Yoast SEO plugin v24.9 - https:\/\/yoast.com\/wordpress\/plugins\/seo\/ -->\n<title>SCIENTIST - Rids The World Of The Evil Curse Of The Vampires -  (LP) | Guerssen<\/title>\n<meta name=\"description\" content=\"After a stint learning the dub craft from innovator King Tubby in the late &#039;70s, Scientist began mixing his own sessions, coming up with a more wide-ranging and effects-riddled sound than that of his mentor. One of a handful of choice Scientist albums on the Greensleeves label, Rids the World of the Curse of the Vampires (1981) not only ably displays the mix masters varied approach, but clocks in as one of his best outings. While Scientist heeds Tubby&#039;s minimalist call with &quot;strictly drum and bass&quot; cuts like &quot;Night of the Living Dead&quot; -- spotlighting tightly wound guitar and organ chords for body -- he also expands things with a sunny mix of horns and bubbly keyboards on &quot;The Mummy&#039;s Shroud&quot; (as hard as it is to imagine sunshine with a ghoulish title such as this). Even without horns, Scientist keeps things lively with plenty of reverb and echo-treated percussion, ghostly piano parts, video game sound effects, and other various wobbly interjections from the mixing board. Pointing to his originality, Scientist doesn&#039;t just apply a few tweaks here and there, but heavily reworks the basic tracks -- here laid down by the fine Roots Radics band and produced by Henry &quot;Junjo&quot; Lawes (Don Carlos, Frankie Paul) -- then deftly integrates his panoply of effects into the cut-up mix. And adding to the record&#039;s expert evocation of the Halloween spirit are some fiendishly voiced intros, the cover art&#039;s cartoon potpourri of horror film characters, and the dubious claim made in the liner notes that Scientist mixed it all at midnight on Friday the 13th (reach for the flashlights kids). Along with Keith Hundson&#039;s Pick a Dub and Lee Perry&#039;s Blackboard Jungle Dub, this excellent Scientist release is one of the essential dub albums available. (all music)\" \/>\n<meta name=\"robots\" content=\"index, follow, max-snippet:-1, max-image-preview:large, max-video-preview:-1\" \/>\n<link rel=\"canonical\" href=\"https:\/\/wpguerssen-test.odoo.rgbconsulting.com\/es\/producto\/rids-the-world-of-the-evil-curse-of-the-vampires\/\" \/>\n<meta property=\"og:locale\" content=\"es_ES\" \/>\n<meta property=\"og:type\" content=\"article\" \/>\n<meta property=\"og:title\" content=\"SCIENTIST - Rids The World Of The Evil Curse Of The Vampires -  (LP) | Guerssen\" \/>\n<meta property=\"og:description\" content=\"After a stint learning the dub craft from innovator King Tubby in the late &#039;70s, Scientist began mixing his own sessions, coming up with a more wide-ranging and effects-riddled sound than that of his mentor. One of a handful of choice Scientist albums on the Greensleeves label, Rids the World of the Curse of the Vampires (1981) not only ably displays the mix masters varied approach, but clocks in as one of his best outings. While Scientist heeds Tubby&#039;s minimalist call with &quot;strictly drum and bass&quot; cuts like &quot;Night of the Living Dead&quot; -- spotlighting tightly wound guitar and organ chords for body -- he also expands things with a sunny mix of horns and bubbly keyboards on &quot;The Mummy&#039;s Shroud&quot; (as hard as it is to imagine sunshine with a ghoulish title such as this). Even without horns, Scientist keeps things lively with plenty of reverb and echo-treated percussion, ghostly piano parts, video game sound effects, and other various wobbly interjections from the mixing board. Pointing to his originality, Scientist doesn&#039;t just apply a few tweaks here and there, but heavily reworks the basic tracks -- here laid down by the fine Roots Radics band and produced by Henry &quot;Junjo&quot; Lawes (Don Carlos, Frankie Paul) -- then deftly integrates his panoply of effects into the cut-up mix. And adding to the record&#039;s expert evocation of the Halloween spirit are some fiendishly voiced intros, the cover art&#039;s cartoon potpourri of horror film characters, and the dubious claim made in the liner notes that Scientist mixed it all at midnight on Friday the 13th (reach for the flashlights kids). Along with Keith Hundson&#039;s Pick a Dub and Lee Perry&#039;s Blackboard Jungle Dub, this excellent Scientist release is one of the essential dub albums available. (all music)\" \/>\n<meta property=\"og:url\" content=\"https:\/\/wpguerssen-test.odoo.rgbconsulting.com\/es\/producto\/rids-the-world-of-the-evil-curse-of-the-vampires\/\" \/>\n<meta property=\"og:site_name\" content=\"Guerssen records\" \/>\n<meta property=\"article:modified_time\" content=\"2025-04-15T11:52:52+00:00\" \/>\n<meta property=\"og:image\" content=\"https:\/\/wpguerssen-test.odoo.rgbconsulting.com\/wp-content\/uploads\/2023\/03\/43119.jpg\" \/>\n\t<meta property=\"og:image:width\" content=\"600\" \/>\n\t<meta property=\"og:image:height\" content=\"596\" \/>\n\t<meta property=\"og:image:type\" content=\"image\/jpeg\" \/>\n<meta name=\"twitter:card\" content=\"summary_large_image\" \/>\n<meta name=\"twitter:title\" content=\"SCIENTIST - Rids The World Of The Evil Curse Of The Vampires -  (LP) | Guerssen\" \/>\n<script type=\"application\/ld+json\" class=\"yoast-schema-graph\">{\"@context\":\"https:\/\/schema.org\",\"@graph\":[{\"@type\":\"WebPage\",\"@id\":\"https:\/\/wpguerssen-test.odoo.rgbconsulting.com\/es\/producto\/rids-the-world-of-the-evil-curse-of-the-vampires\/\",\"url\":\"https:\/\/wpguerssen-test.odoo.rgbconsulting.com\/es\/producto\/rids-the-world-of-the-evil-curse-of-the-vampires\/\",\"name\":\"SCIENTIST - Rids The World Of The Evil Curse Of The Vampires - (LP) | Guerssen\",\"isPartOf\":{\"@id\":\"https:\/\/wpguerssen-test.odoo.rgbconsulting.com\/es\/#website\"},\"primaryImageOfPage\":{\"@id\":\"https:\/\/wpguerssen-test.odoo.rgbconsulting.com\/es\/producto\/rids-the-world-of-the-evil-curse-of-the-vampires\/#primaryimage\"},\"image\":{\"@id\":\"https:\/\/wpguerssen-test.odoo.rgbconsulting.com\/es\/producto\/rids-the-world-of-the-evil-curse-of-the-vampires\/#primaryimage\"},\"thumbnailUrl\":\"https:\/\/wpguerssen-test.odoo.rgbconsulting.com\/wp-content\/uploads\/2023\/03\/43119.jpg\",\"datePublished\":\"2025-01-06T23:00:00+00:00\",\"dateModified\":\"2025-04-15T11:52:52+00:00\",\"description\":\"After a stint learning the dub craft from innovator King Tubby in the late '70s, Scientist began mixing his own sessions, coming up with a more wide-ranging and effects-riddled sound than that of his mentor. One of a handful of choice Scientist albums on the Greensleeves label, Rids the World of the Curse of the Vampires (1981) not only ably displays the mix masters varied approach, but clocks in as one of his best outings. While Scientist heeds Tubby's minimalist call with \\\"strictly drum and bass\\\" cuts like \\\"Night of the Living Dead\\\" -- spotlighting tightly wound guitar and organ chords for body -- he also expands things with a sunny mix of horns and bubbly keyboards on \\\"The Mummy's Shroud\\\" (as hard as it is to imagine sunshine with a ghoulish title such as this). Even without horns, Scientist keeps things lively with plenty of reverb and echo-treated percussion, ghostly piano parts, video game sound effects, and other various wobbly interjections from the mixing board. Pointing to his originality, Scientist doesn't just apply a few tweaks here and there, but heavily reworks the basic tracks -- here laid down by the fine Roots Radics band and produced by Henry \\\"Junjo\\\" Lawes (Don Carlos, Frankie Paul) -- then deftly integrates his panoply of effects into the cut-up mix. And adding to the record's expert evocation of the Halloween spirit are some fiendishly voiced intros, the cover art's cartoon potpourri of horror film characters, and the dubious claim made in the liner notes that Scientist mixed it all at midnight on Friday the 13th (reach for the flashlights kids). Along with Keith Hundson's Pick a Dub and Lee Perry's Blackboard Jungle Dub, this excellent Scientist release is one of the essential dub albums available. (all music)\",\"breadcrumb\":{\"@id\":\"https:\/\/wpguerssen-test.odoo.rgbconsulting.com\/es\/producto\/rids-the-world-of-the-evil-curse-of-the-vampires\/#breadcrumb\"},\"inLanguage\":\"es\",\"potentialAction\":[{\"@type\":\"ReadAction\",\"target\":[\"https:\/\/wpguerssen-test.odoo.rgbconsulting.com\/es\/producto\/rids-the-world-of-the-evil-curse-of-the-vampires\/\"]}]},{\"@type\":\"ImageObject\",\"inLanguage\":\"es\",\"@id\":\"https:\/\/wpguerssen-test.odoo.rgbconsulting.com\/es\/producto\/rids-the-world-of-the-evil-curse-of-the-vampires\/#primaryimage\",\"url\":\"https:\/\/wpguerssen-test.odoo.rgbconsulting.com\/wp-content\/uploads\/2023\/03\/43119.jpg\",\"contentUrl\":\"https:\/\/wpguerssen-test.odoo.rgbconsulting.com\/wp-content\/uploads\/2023\/03\/43119.jpg\",\"width\":600,\"height\":596},{\"@type\":\"BreadcrumbList\",\"@id\":\"https:\/\/wpguerssen-test.odoo.rgbconsulting.com\/es\/producto\/rids-the-world-of-the-evil-curse-of-the-vampires\/#breadcrumb\",\"itemListElement\":[{\"@type\":\"ListItem\",\"position\":1,\"name\":\"Inicio\",\"item\":\"https:\/\/wpguerssen-test.odoo.rgbconsulting.com\/es\/\"},{\"@type\":\"ListItem\",\"position\":2,\"name\":\"Shop\",\"item\":\"https:\/\/wpguerssen-test.odoo.rgbconsulting.com\/shop\/\"},{\"@type\":\"ListItem\",\"position\":3,\"name\":\"Rids The World Of The Evil Curse Of The Vampires\"}]},{\"@type\":\"WebSite\",\"@id\":\"https:\/\/wpguerssen-test.odoo.rgbconsulting.com\/es\/#website\",\"url\":\"https:\/\/wpguerssen-test.odoo.rgbconsulting.com\/es\/\",\"name\":\"Guerssen records\",\"description\":\"psychedelia - progressive - folk - garage \",\"publisher\":{\"@id\":\"https:\/\/wpguerssen-test.odoo.rgbconsulting.com\/es\/#organization\"},\"potentialAction\":[{\"@type\":\"SearchAction\",\"target\":{\"@type\":\"EntryPoint\",\"urlTemplate\":\"https:\/\/wpguerssen-test.odoo.rgbconsulting.com\/es\/?s={search_term_string}\"},\"query-input\":{\"@type\":\"PropertyValueSpecification\",\"valueRequired\":true,\"valueName\":\"search_term_string\"}}],\"inLanguage\":\"es\"},{\"@type\":\"Organization\",\"@id\":\"https:\/\/wpguerssen-test.odoo.rgbconsulting.com\/es\/#organization\",\"name\":\"Guerssen records\",\"url\":\"https:\/\/wpguerssen-test.odoo.rgbconsulting.com\/es\/\",\"logo\":{\"@type\":\"ImageObject\",\"inLanguage\":\"es\",\"@id\":\"https:\/\/wpguerssen-test.odoo.rgbconsulting.com\/es\/#\/schema\/logo\/image\/\",\"url\":\"https:\/\/wpguerssen-test.odoo.rgbconsulting.com\/wp-content\/uploads\/2022\/04\/Logo_Guerssen_trans_100.png\",\"contentUrl\":\"https:\/\/wpguerssen-test.odoo.rgbconsulting.com\/wp-content\/uploads\/2022\/04\/Logo_Guerssen_trans_100.png\",\"width\":122,\"height\":100,\"caption\":\"Guerssen records\"},\"image\":{\"@id\":\"https:\/\/wpguerssen-test.odoo.rgbconsulting.com\/es\/#\/schema\/logo\/image\/\"}}]}<\/script>\n<!-- \/ Yoast SEO plugin. -->","yoast_head_json":{"title":"SCIENTIST - Rids The World Of The Evil Curse Of The Vampires -  (LP) | Guerssen","description":"After a stint learning the dub craft from innovator King Tubby in the late '70s, Scientist began mixing his own sessions, coming up with a more wide-ranging and effects-riddled sound than that of his mentor. One of a handful of choice Scientist albums on the Greensleeves label, Rids the World of the Curse of the Vampires (1981) not only ably displays the mix masters varied approach, but clocks in as one of his best outings. While Scientist heeds Tubby's minimalist call with \"strictly drum and bass\" cuts like \"Night of the Living Dead\" -- spotlighting tightly wound guitar and organ chords for body -- he also expands things with a sunny mix of horns and bubbly keyboards on \"The Mummy's Shroud\" (as hard as it is to imagine sunshine with a ghoulish title such as this). Even without horns, Scientist keeps things lively with plenty of reverb and echo-treated percussion, ghostly piano parts, video game sound effects, and other various wobbly interjections from the mixing board. Pointing to his originality, Scientist doesn't just apply a few tweaks here and there, but heavily reworks the basic tracks -- here laid down by the fine Roots Radics band and produced by Henry \"Junjo\" Lawes (Don Carlos, Frankie Paul) -- then deftly integrates his panoply of effects into the cut-up mix. And adding to the record's expert evocation of the Halloween spirit are some fiendishly voiced intros, the cover art's cartoon potpourri of horror film characters, and the dubious claim made in the liner notes that Scientist mixed it all at midnight on Friday the 13th (reach for the flashlights kids). Along with Keith Hundson's Pick a Dub and Lee Perry's Blackboard Jungle Dub, this excellent Scientist release is one of the essential dub albums available. (all music)","robots":{"index":"index","follow":"follow","max-snippet":"max-snippet:-1","max-image-preview":"max-image-preview:large","max-video-preview":"max-video-preview:-1"},"canonical":"https:\/\/wpguerssen-test.odoo.rgbconsulting.com\/es\/producto\/rids-the-world-of-the-evil-curse-of-the-vampires\/","og_locale":"es_ES","og_type":"article","og_title":"SCIENTIST - Rids The World Of The Evil Curse Of The Vampires -  (LP) | Guerssen","og_description":"After a stint learning the dub craft from innovator King Tubby in the late '70s, Scientist began mixing his own sessions, coming up with a more wide-ranging and effects-riddled sound than that of his mentor. One of a handful of choice Scientist albums on the Greensleeves label, Rids the World of the Curse of the Vampires (1981) not only ably displays the mix masters varied approach, but clocks in as one of his best outings. While Scientist heeds Tubby's minimalist call with \"strictly drum and bass\" cuts like \"Night of the Living Dead\" -- spotlighting tightly wound guitar and organ chords for body -- he also expands things with a sunny mix of horns and bubbly keyboards on \"The Mummy's Shroud\" (as hard as it is to imagine sunshine with a ghoulish title such as this). Even without horns, Scientist keeps things lively with plenty of reverb and echo-treated percussion, ghostly piano parts, video game sound effects, and other various wobbly interjections from the mixing board. Pointing to his originality, Scientist doesn't just apply a few tweaks here and there, but heavily reworks the basic tracks -- here laid down by the fine Roots Radics band and produced by Henry \"Junjo\" Lawes (Don Carlos, Frankie Paul) -- then deftly integrates his panoply of effects into the cut-up mix. And adding to the record's expert evocation of the Halloween spirit are some fiendishly voiced intros, the cover art's cartoon potpourri of horror film characters, and the dubious claim made in the liner notes that Scientist mixed it all at midnight on Friday the 13th (reach for the flashlights kids). Along with Keith Hundson's Pick a Dub and Lee Perry's Blackboard Jungle Dub, this excellent Scientist release is one of the essential dub albums available. (all music)","og_url":"https:\/\/wpguerssen-test.odoo.rgbconsulting.com\/es\/producto\/rids-the-world-of-the-evil-curse-of-the-vampires\/","og_site_name":"Guerssen records","article_modified_time":"2025-04-15T11:52:52+00:00","og_image":[{"width":600,"height":596,"url":"https:\/\/wpguerssen-test.odoo.rgbconsulting.com\/wp-content\/uploads\/2023\/03\/43119.jpg","type":"image\/jpeg"}],"twitter_card":"summary_large_image","twitter_title":"SCIENTIST - Rids The World Of The Evil Curse Of The Vampires -  (LP) | Guerssen","schema":{"@context":"https:\/\/schema.org","@graph":[{"@type":"WebPage","@id":"https:\/\/wpguerssen-test.odoo.rgbconsulting.com\/es\/producto\/rids-the-world-of-the-evil-curse-of-the-vampires\/","url":"https:\/\/wpguerssen-test.odoo.rgbconsulting.com\/es\/producto\/rids-the-world-of-the-evil-curse-of-the-vampires\/","name":"SCIENTIST - Rids The World Of The Evil Curse Of The Vampires - (LP) | Guerssen","isPartOf":{"@id":"https:\/\/wpguerssen-test.odoo.rgbconsulting.com\/es\/#website"},"primaryImageOfPage":{"@id":"https:\/\/wpguerssen-test.odoo.rgbconsulting.com\/es\/producto\/rids-the-world-of-the-evil-curse-of-the-vampires\/#primaryimage"},"image":{"@id":"https:\/\/wpguerssen-test.odoo.rgbconsulting.com\/es\/producto\/rids-the-world-of-the-evil-curse-of-the-vampires\/#primaryimage"},"thumbnailUrl":"https:\/\/wpguerssen-test.odoo.rgbconsulting.com\/wp-content\/uploads\/2023\/03\/43119.jpg","datePublished":"2025-01-06T23:00:00+00:00","dateModified":"2025-04-15T11:52:52+00:00","description":"After a stint learning the dub craft from innovator King Tubby in the late '70s, Scientist began mixing his own sessions, coming up with a more wide-ranging and effects-riddled sound than that of his mentor. One of a handful of choice Scientist albums on the Greensleeves label, Rids the World of the Curse of the Vampires (1981) not only ably displays the mix masters varied approach, but clocks in as one of his best outings. While Scientist heeds Tubby's minimalist call with \"strictly drum and bass\" cuts like \"Night of the Living Dead\" -- spotlighting tightly wound guitar and organ chords for body -- he also expands things with a sunny mix of horns and bubbly keyboards on \"The Mummy's Shroud\" (as hard as it is to imagine sunshine with a ghoulish title such as this). Even without horns, Scientist keeps things lively with plenty of reverb and echo-treated percussion, ghostly piano parts, video game sound effects, and other various wobbly interjections from the mixing board. Pointing to his originality, Scientist doesn't just apply a few tweaks here and there, but heavily reworks the basic tracks -- here laid down by the fine Roots Radics band and produced by Henry \"Junjo\" Lawes (Don Carlos, Frankie Paul) -- then deftly integrates his panoply of effects into the cut-up mix. And adding to the record's expert evocation of the Halloween spirit are some fiendishly voiced intros, the cover art's cartoon potpourri of horror film characters, and the dubious claim made in the liner notes that Scientist mixed it all at midnight on Friday the 13th (reach for the flashlights kids). Along with Keith Hundson's Pick a Dub and Lee Perry's Blackboard Jungle Dub, this excellent Scientist release is one of the essential dub albums available. (all music)","breadcrumb":{"@id":"https:\/\/wpguerssen-test.odoo.rgbconsulting.com\/es\/producto\/rids-the-world-of-the-evil-curse-of-the-vampires\/#breadcrumb"},"inLanguage":"es","potentialAction":[{"@type":"ReadAction","target":["https:\/\/wpguerssen-test.odoo.rgbconsulting.com\/es\/producto\/rids-the-world-of-the-evil-curse-of-the-vampires\/"]}]},{"@type":"ImageObject","inLanguage":"es","@id":"https:\/\/wpguerssen-test.odoo.rgbconsulting.com\/es\/producto\/rids-the-world-of-the-evil-curse-of-the-vampires\/#primaryimage","url":"https:\/\/wpguerssen-test.odoo.rgbconsulting.com\/wp-content\/uploads\/2023\/03\/43119.jpg","contentUrl":"https:\/\/wpguerssen-test.odoo.rgbconsulting.com\/wp-content\/uploads\/2023\/03\/43119.jpg","width":600,"height":596},{"@type":"BreadcrumbList","@id":"https:\/\/wpguerssen-test.odoo.rgbconsulting.com\/es\/producto\/rids-the-world-of-the-evil-curse-of-the-vampires\/#breadcrumb","itemListElement":[{"@type":"ListItem","position":1,"name":"Inicio","item":"https:\/\/wpguerssen-test.odoo.rgbconsulting.com\/es\/"},{"@type":"ListItem","position":2,"name":"Shop","item":"https:\/\/wpguerssen-test.odoo.rgbconsulting.com\/shop\/"},{"@type":"ListItem","position":3,"name":"Rids The World Of The Evil Curse Of The Vampires"}]},{"@type":"WebSite","@id":"https:\/\/wpguerssen-test.odoo.rgbconsulting.com\/es\/#website","url":"https:\/\/wpguerssen-test.odoo.rgbconsulting.com\/es\/","name":"Guerssen records","description":"psychedelia - progressive - folk - garage ","publisher":{"@id":"https:\/\/wpguerssen-test.odoo.rgbconsulting.com\/es\/#organization"},"potentialAction":[{"@type":"SearchAction","target":{"@type":"EntryPoint","urlTemplate":"https:\/\/wpguerssen-test.odoo.rgbconsulting.com\/es\/?s={search_term_string}"},"query-input":{"@type":"PropertyValueSpecification","valueRequired":true,"valueName":"search_term_string"}}],"inLanguage":"es"},{"@type":"Organization","@id":"https:\/\/wpguerssen-test.odoo.rgbconsulting.com\/es\/#organization","name":"Guerssen records","url":"https:\/\/wpguerssen-test.odoo.rgbconsulting.com\/es\/","logo":{"@type":"ImageObject","inLanguage":"es","@id":"https:\/\/wpguerssen-test.odoo.rgbconsulting.com\/es\/#\/schema\/logo\/image\/","url":"https:\/\/wpguerssen-test.odoo.rgbconsulting.com\/wp-content\/uploads\/2022\/04\/Logo_Guerssen_trans_100.png","contentUrl":"https:\/\/wpguerssen-test.odoo.rgbconsulting.com\/wp-content\/uploads\/2022\/04\/Logo_Guerssen_trans_100.png","width":122,"height":100,"caption":"Guerssen records"},"image":{"@id":"https:\/\/wpguerssen-test.odoo.rgbconsulting.com\/es\/#\/schema\/logo\/image\/"}}]}},"_links":{"self":[{"href":"https:\/\/wpguerssen-test.odoo.rgbconsulting.com\/es\/wp-json\/wp\/v2\/product\/228986","targetHints":{"allow":["GET"]}}],"collection":[{"href":"https:\/\/wpguerssen-test.odoo.rgbconsulting.com\/es\/wp-json\/wp\/v2\/product"}],"about":[{"href":"https:\/\/wpguerssen-test.odoo.rgbconsulting.com\/es\/wp-json\/wp\/v2\/types\/product"}],"wp:featuredmedia":[{"embeddable":true,"href":"https:\/\/wpguerssen-test.odoo.rgbconsulting.com\/es\/wp-json\/wp\/v2\/media\/229576"}],"wp:attachment":[{"href":"https:\/\/wpguerssen-test.odoo.rgbconsulting.com\/es\/wp-json\/wp\/v2\/media?parent=228986"}],"wp:term":[{"taxonomy":"product_brand","embeddable":true,"href":"https:\/\/wpguerssen-test.odoo.rgbconsulting.com\/es\/wp-json\/wp\/v2\/product_brand?post=228986"},{"taxonomy":"product_cat","embeddable":true,"href":"https:\/\/wpguerssen-test.odoo.rgbconsulting.com\/es\/wp-json\/wp\/v2\/product_cat?post=228986"},{"taxonomy":"product_tag","embeddable":true,"href":"https:\/\/wpguerssen-test.odoo.rgbconsulting.com\/es\/wp-json\/wp\/v2\/product_tag?post=228986"}],"curies":[{"name":"wp","href":"https:\/\/api.w.org\/{rel}","templated":true}]}}