{"id":229360,"date":"2023-03-28T00:00:00","date_gmt":"2023-03-27T22:00:00","guid":{"rendered":"https:\/\/wpguerssen-test.odoo.rgbconsulting.com\/product\/moria-sofia\/"},"modified":"2025-01-07T19:00:44","modified_gmt":"2025-01-07T18:00:44","slug":"moria-sofia","status":"publish","type":"product","link":"https:\/\/wpguerssen-test.odoo.rgbconsulting.com\/es\/producto\/moria-sofia\/","title":{"rendered":"Moria Sofia"},"content":{"rendered":"<p>Con licencia oficial y limitado a 500 copias. Reeditado por primera vez en una edici\u00f3n limitada de vinilo, aqu\u00ed est\u00e1 el quinto trabajo del padrino del ska Laurel Aitken. Lanzado originalmente en 1973 en Count Shelly Records, \u00abMoria Sofia\u00bb fue completamente escrito, arreglado, producido y cantado por el propio Aitken. El \u00e1lbum es una h\u00e1bil combinaci\u00f3n de melod\u00edas de soul y calipso con un toque de rocksteady. \u00a1Una joya obligatoria para ser redescubierta por todos los fan\u00e1ticos de la m\u00fasica jamaicana!<\/p>\n","protected":false},"excerpt":{"rendered":"<p>Con licencia oficial y limitado a 500 copias. Reeditado por primera vez en una edici\u00f3n limitada de vinilo, aqu\u00ed est\u00e1 el quinto trabajo del padrino del ska Laurel<a class=\"read\" href=\"https:\/\/wpguerssen-test.odoo.rgbconsulting.com\/es\/producto\/moria-sofia\/\"> (...)<\/a>","protected":false},"featured_media":229361,"template":"","meta":{"_acf_changed":false},"product_brand":[],"product_cat":[21666],"product_tag":[],"class_list":{"0":"post-229360","1":"product","2":"type-product","3":"status-publish","4":"has-post-thumbnail","6":"product_cat-reggae-ska-dub-es","7":"pa_artist-aitken-laurel","8":"pa_format-lp-es","9":"pa_gender-reggae-ska-dub","10":"pa_label-soulgramma-es","11":"pa_location-south-america-caribbean-es","12":"pa_other-filters-vinyl-only-es","14":"first","15":"instock","16":"taxable","17":"shipping-taxable","18":"purchasable","19":"product-type-simple"},"acf":[],"yoast_head":"<!-- This site is optimized with the Yoast SEO plugin v24.9 - https:\/\/yoast.com\/wordpress\/plugins\/seo\/ -->\n<title>AITKEN, Laurel - Moria Sofia -  (LP) | Guerssen<\/title>\n<meta name=\"description\" content=\"Fully licensed and ltd to 500 copies. Reissued for the very first time on a limited vinyl edition, here&#039;s the fifth work of the godfather of ska Laurel Aitken. Originally released in 1973 on Count Shelly Records, &quot;Moria Sofia&quot; was completely written, arranged, produced and sung by Aitken himself. The album is a skillful blend of soul &amp; calypso tunes with a splash of rocksteady. A mandatory gem to be rediscovered by all Jamaican music fans!\" \/>\n<meta name=\"robots\" content=\"index, follow, max-snippet:-1, max-image-preview:large, max-video-preview:-1\" \/>\n<link rel=\"canonical\" href=\"https:\/\/wpguerssen-test.odoo.rgbconsulting.com\/es\/producto\/moria-sofia\/\" \/>\n<meta property=\"og:locale\" content=\"es_ES\" \/>\n<meta property=\"og:type\" content=\"article\" \/>\n<meta property=\"og:title\" content=\"AITKEN, Laurel - Moria Sofia -  (LP) | Guerssen\" \/>\n<meta property=\"og:description\" content=\"Fully licensed and ltd to 500 copies. Reissued for the very first time on a limited vinyl edition, here&#039;s the fifth work of the godfather of ska Laurel Aitken. Originally released in 1973 on Count Shelly Records, &quot;Moria Sofia&quot; was completely written, arranged, produced and sung by Aitken himself. The album is a skillful blend of soul &amp; calypso tunes with a splash of rocksteady. A mandatory gem to be rediscovered by all Jamaican music fans!\" \/>\n<meta property=\"og:url\" content=\"https:\/\/wpguerssen-test.odoo.rgbconsulting.com\/es\/producto\/moria-sofia\/\" \/>\n<meta property=\"og:site_name\" content=\"Guerssen records\" \/>\n<meta property=\"article:modified_time\" content=\"2025-01-07T18:00:44+00:00\" \/>\n<meta property=\"og:image\" content=\"https:\/\/wpguerssen-test.odoo.rgbconsulting.com\/wp-content\/uploads\/2023\/03\/43182-1024x1024.jpg\" \/>\n\t<meta property=\"og:image:width\" content=\"1024\" \/>\n\t<meta property=\"og:image:height\" content=\"1024\" \/>\n\t<meta property=\"og:image:type\" content=\"image\/png\" \/>\n<meta name=\"twitter:card\" content=\"summary_large_image\" \/>\n<meta name=\"twitter:title\" content=\"AITKEN, Laurel - Moria Sofia -  (LP) | Guerssen\" \/>\n<script type=\"application\/ld+json\" class=\"yoast-schema-graph\">{\"@context\":\"https:\/\/schema.org\",\"@graph\":[{\"@type\":\"WebPage\",\"@id\":\"https:\/\/wpguerssen-test.odoo.rgbconsulting.com\/es\/producto\/moria-sofia\/\",\"url\":\"https:\/\/wpguerssen-test.odoo.rgbconsulting.com\/es\/producto\/moria-sofia\/\",\"name\":\"AITKEN, Laurel - Moria Sofia - (LP) | Guerssen\",\"isPartOf\":{\"@id\":\"https:\/\/wpguerssen-test.odoo.rgbconsulting.com\/es\/#website\"},\"primaryImageOfPage\":{\"@id\":\"https:\/\/wpguerssen-test.odoo.rgbconsulting.com\/es\/producto\/moria-sofia\/#primaryimage\"},\"image\":{\"@id\":\"https:\/\/wpguerssen-test.odoo.rgbconsulting.com\/es\/producto\/moria-sofia\/#primaryimage\"},\"thumbnailUrl\":\"https:\/\/wpguerssen-test.odoo.rgbconsulting.com\/wp-content\/uploads\/2023\/03\/43182.jpg\",\"datePublished\":\"2023-03-27T22:00:00+00:00\",\"dateModified\":\"2025-01-07T18:00:44+00:00\",\"description\":\"Fully licensed and ltd to 500 copies. Reissued for the very first time on a limited vinyl edition, here's the fifth work of the godfather of ska Laurel Aitken. Originally released in 1973 on Count Shelly Records, \\\"Moria Sofia\\\" was completely written, arranged, produced and sung by Aitken himself. The album is a skillful blend of soul & calypso tunes with a splash of rocksteady. A mandatory gem to be rediscovered by all Jamaican music fans!\",\"breadcrumb\":{\"@id\":\"https:\/\/wpguerssen-test.odoo.rgbconsulting.com\/es\/producto\/moria-sofia\/#breadcrumb\"},\"inLanguage\":\"es\",\"potentialAction\":[{\"@type\":\"ReadAction\",\"target\":[\"https:\/\/wpguerssen-test.odoo.rgbconsulting.com\/es\/producto\/moria-sofia\/\"]}]},{\"@type\":\"ImageObject\",\"inLanguage\":\"es\",\"@id\":\"https:\/\/wpguerssen-test.odoo.rgbconsulting.com\/es\/producto\/moria-sofia\/#primaryimage\",\"url\":\"https:\/\/wpguerssen-test.odoo.rgbconsulting.com\/wp-content\/uploads\/2023\/03\/43182.jpg\",\"contentUrl\":\"https:\/\/wpguerssen-test.odoo.rgbconsulting.com\/wp-content\/uploads\/2023\/03\/43182.jpg\",\"width\":1402,\"height\":1400,\"caption\":\"Laurel - Moria Sofia - SOULGRAMMA (LP) | Guerssen\"},{\"@type\":\"BreadcrumbList\",\"@id\":\"https:\/\/wpguerssen-test.odoo.rgbconsulting.com\/es\/producto\/moria-sofia\/#breadcrumb\",\"itemListElement\":[{\"@type\":\"ListItem\",\"position\":1,\"name\":\"Inicio\",\"item\":\"https:\/\/wpguerssen-test.odoo.rgbconsulting.com\/es\/\"},{\"@type\":\"ListItem\",\"position\":2,\"name\":\"Shop\",\"item\":\"https:\/\/wpguerssen-test.odoo.rgbconsulting.com\/shop\/\"},{\"@type\":\"ListItem\",\"position\":3,\"name\":\"Moria Sofia\"}]},{\"@type\":\"WebSite\",\"@id\":\"https:\/\/wpguerssen-test.odoo.rgbconsulting.com\/es\/#website\",\"url\":\"https:\/\/wpguerssen-test.odoo.rgbconsulting.com\/es\/\",\"name\":\"Guerssen records\",\"description\":\"psychedelia - progressive - folk - garage \",\"publisher\":{\"@id\":\"https:\/\/wpguerssen-test.odoo.rgbconsulting.com\/es\/#organization\"},\"potentialAction\":[{\"@type\":\"SearchAction\",\"target\":{\"@type\":\"EntryPoint\",\"urlTemplate\":\"https:\/\/wpguerssen-test.odoo.rgbconsulting.com\/es\/?s={search_term_string}\"},\"query-input\":{\"@type\":\"PropertyValueSpecification\",\"valueRequired\":true,\"valueName\":\"search_term_string\"}}],\"inLanguage\":\"es\"},{\"@type\":\"Organization\",\"@id\":\"https:\/\/wpguerssen-test.odoo.rgbconsulting.com\/es\/#organization\",\"name\":\"Guerssen records\",\"url\":\"https:\/\/wpguerssen-test.odoo.rgbconsulting.com\/es\/\",\"logo\":{\"@type\":\"ImageObject\",\"inLanguage\":\"es\",\"@id\":\"https:\/\/wpguerssen-test.odoo.rgbconsulting.com\/es\/#\/schema\/logo\/image\/\",\"url\":\"https:\/\/wpguerssen-test.odoo.rgbconsulting.com\/wp-content\/uploads\/2022\/04\/Logo_Guerssen_trans_100.png\",\"contentUrl\":\"https:\/\/wpguerssen-test.odoo.rgbconsulting.com\/wp-content\/uploads\/2022\/04\/Logo_Guerssen_trans_100.png\",\"width\":122,\"height\":100,\"caption\":\"Guerssen records\"},\"image\":{\"@id\":\"https:\/\/wpguerssen-test.odoo.rgbconsulting.com\/es\/#\/schema\/logo\/image\/\"}}]}<\/script>\n<!-- \/ Yoast SEO plugin. -->","yoast_head_json":{"title":"AITKEN, Laurel - Moria Sofia -  (LP) | Guerssen","description":"Fully licensed and ltd to 500 copies. Reissued for the very first time on a limited vinyl edition, here's the fifth work of the godfather of ska Laurel Aitken. Originally released in 1973 on Count Shelly Records, \"Moria Sofia\" was completely written, arranged, produced and sung by Aitken himself. The album is a skillful blend of soul & calypso tunes with a splash of rocksteady. A mandatory gem to be rediscovered by all Jamaican music fans!","robots":{"index":"index","follow":"follow","max-snippet":"max-snippet:-1","max-image-preview":"max-image-preview:large","max-video-preview":"max-video-preview:-1"},"canonical":"https:\/\/wpguerssen-test.odoo.rgbconsulting.com\/es\/producto\/moria-sofia\/","og_locale":"es_ES","og_type":"article","og_title":"AITKEN, Laurel - Moria Sofia -  (LP) | Guerssen","og_description":"Fully licensed and ltd to 500 copies. Reissued for the very first time on a limited vinyl edition, here's the fifth work of the godfather of ska Laurel Aitken. Originally released in 1973 on Count Shelly Records, \"Moria Sofia\" was completely written, arranged, produced and sung by Aitken himself. The album is a skillful blend of soul & calypso tunes with a splash of rocksteady. A mandatory gem to be rediscovered by all Jamaican music fans!","og_url":"https:\/\/wpguerssen-test.odoo.rgbconsulting.com\/es\/producto\/moria-sofia\/","og_site_name":"Guerssen records","article_modified_time":"2025-01-07T18:00:44+00:00","og_image":[{"width":1024,"height":1024,"url":"https:\/\/wpguerssen-test.odoo.rgbconsulting.com\/wp-content\/uploads\/2023\/03\/43182-1024x1024.jpg","type":"image\/png"}],"twitter_card":"summary_large_image","twitter_title":"AITKEN, Laurel - Moria Sofia -  (LP) | Guerssen","schema":{"@context":"https:\/\/schema.org","@graph":[{"@type":"WebPage","@id":"https:\/\/wpguerssen-test.odoo.rgbconsulting.com\/es\/producto\/moria-sofia\/","url":"https:\/\/wpguerssen-test.odoo.rgbconsulting.com\/es\/producto\/moria-sofia\/","name":"AITKEN, Laurel - Moria Sofia - (LP) | Guerssen","isPartOf":{"@id":"https:\/\/wpguerssen-test.odoo.rgbconsulting.com\/es\/#website"},"primaryImageOfPage":{"@id":"https:\/\/wpguerssen-test.odoo.rgbconsulting.com\/es\/producto\/moria-sofia\/#primaryimage"},"image":{"@id":"https:\/\/wpguerssen-test.odoo.rgbconsulting.com\/es\/producto\/moria-sofia\/#primaryimage"},"thumbnailUrl":"https:\/\/wpguerssen-test.odoo.rgbconsulting.com\/wp-content\/uploads\/2023\/03\/43182.jpg","datePublished":"2023-03-27T22:00:00+00:00","dateModified":"2025-01-07T18:00:44+00:00","description":"Fully licensed and ltd to 500 copies. Reissued for the very first time on a limited vinyl edition, here's the fifth work of the godfather of ska Laurel Aitken. Originally released in 1973 on Count Shelly Records, \"Moria Sofia\" was completely written, arranged, produced and sung by Aitken himself. The album is a skillful blend of soul & calypso tunes with a splash of rocksteady. A mandatory gem to be rediscovered by all Jamaican music fans!","breadcrumb":{"@id":"https:\/\/wpguerssen-test.odoo.rgbconsulting.com\/es\/producto\/moria-sofia\/#breadcrumb"},"inLanguage":"es","potentialAction":[{"@type":"ReadAction","target":["https:\/\/wpguerssen-test.odoo.rgbconsulting.com\/es\/producto\/moria-sofia\/"]}]},{"@type":"ImageObject","inLanguage":"es","@id":"https:\/\/wpguerssen-test.odoo.rgbconsulting.com\/es\/producto\/moria-sofia\/#primaryimage","url":"https:\/\/wpguerssen-test.odoo.rgbconsulting.com\/wp-content\/uploads\/2023\/03\/43182.jpg","contentUrl":"https:\/\/wpguerssen-test.odoo.rgbconsulting.com\/wp-content\/uploads\/2023\/03\/43182.jpg","width":1402,"height":1400,"caption":"Laurel - Moria Sofia - SOULGRAMMA (LP) | Guerssen"},{"@type":"BreadcrumbList","@id":"https:\/\/wpguerssen-test.odoo.rgbconsulting.com\/es\/producto\/moria-sofia\/#breadcrumb","itemListElement":[{"@type":"ListItem","position":1,"name":"Inicio","item":"https:\/\/wpguerssen-test.odoo.rgbconsulting.com\/es\/"},{"@type":"ListItem","position":2,"name":"Shop","item":"https:\/\/wpguerssen-test.odoo.rgbconsulting.com\/shop\/"},{"@type":"ListItem","position":3,"name":"Moria Sofia"}]},{"@type":"WebSite","@id":"https:\/\/wpguerssen-test.odoo.rgbconsulting.com\/es\/#website","url":"https:\/\/wpguerssen-test.odoo.rgbconsulting.com\/es\/","name":"Guerssen records","description":"psychedelia - progressive - folk - garage ","publisher":{"@id":"https:\/\/wpguerssen-test.odoo.rgbconsulting.com\/es\/#organization"},"potentialAction":[{"@type":"SearchAction","target":{"@type":"EntryPoint","urlTemplate":"https:\/\/wpguerssen-test.odoo.rgbconsulting.com\/es\/?s={search_term_string}"},"query-input":{"@type":"PropertyValueSpecification","valueRequired":true,"valueName":"search_term_string"}}],"inLanguage":"es"},{"@type":"Organization","@id":"https:\/\/wpguerssen-test.odoo.rgbconsulting.com\/es\/#organization","name":"Guerssen records","url":"https:\/\/wpguerssen-test.odoo.rgbconsulting.com\/es\/","logo":{"@type":"ImageObject","inLanguage":"es","@id":"https:\/\/wpguerssen-test.odoo.rgbconsulting.com\/es\/#\/schema\/logo\/image\/","url":"https:\/\/wpguerssen-test.odoo.rgbconsulting.com\/wp-content\/uploads\/2022\/04\/Logo_Guerssen_trans_100.png","contentUrl":"https:\/\/wpguerssen-test.odoo.rgbconsulting.com\/wp-content\/uploads\/2022\/04\/Logo_Guerssen_trans_100.png","width":122,"height":100,"caption":"Guerssen records"},"image":{"@id":"https:\/\/wpguerssen-test.odoo.rgbconsulting.com\/es\/#\/schema\/logo\/image\/"}}]}},"_links":{"self":[{"href":"https:\/\/wpguerssen-test.odoo.rgbconsulting.com\/es\/wp-json\/wp\/v2\/product\/229360","targetHints":{"allow":["GET"]}}],"collection":[{"href":"https:\/\/wpguerssen-test.odoo.rgbconsulting.com\/es\/wp-json\/wp\/v2\/product"}],"about":[{"href":"https:\/\/wpguerssen-test.odoo.rgbconsulting.com\/es\/wp-json\/wp\/v2\/types\/product"}],"wp:featuredmedia":[{"embeddable":true,"href":"https:\/\/wpguerssen-test.odoo.rgbconsulting.com\/es\/wp-json\/wp\/v2\/media\/229361"}],"wp:attachment":[{"href":"https:\/\/wpguerssen-test.odoo.rgbconsulting.com\/es\/wp-json\/wp\/v2\/media?parent=229360"}],"wp:term":[{"taxonomy":"product_brand","embeddable":true,"href":"https:\/\/wpguerssen-test.odoo.rgbconsulting.com\/es\/wp-json\/wp\/v2\/product_brand?post=229360"},{"taxonomy":"product_cat","embeddable":true,"href":"https:\/\/wpguerssen-test.odoo.rgbconsulting.com\/es\/wp-json\/wp\/v2\/product_cat?post=229360"},{"taxonomy":"product_tag","embeddable":true,"href":"https:\/\/wpguerssen-test.odoo.rgbconsulting.com\/es\/wp-json\/wp\/v2\/product_tag?post=229360"}],"curies":[{"name":"wp","href":"https:\/\/api.w.org\/{rel}","templated":true}]}}