{"id":229375,"date":"2025-01-13T00:00:00","date_gmt":"2025-01-12T23:00:00","guid":{"rendered":"https:\/\/wpguerssen-test.odoo.rgbconsulting.com\/product\/leaps-bounds\/"},"modified":"2025-04-11T13:18:21","modified_gmt":"2025-04-11T11:18:21","slug":"leaps-bounds","status":"publish","type":"product","link":"https:\/\/wpguerssen-test.odoo.rgbconsulting.com\/es\/producto\/leaps-bounds\/","title":{"rendered":"Leaps &#038; Bounds"},"content":{"rendered":"<p>Totalmente remasterizado y licenciado, limitado a 500 copias. Reedici\u00f3n obligatoria de 1984 para el combo dub-roots brit\u00e1nico. Coproducido por On U Sound y Cherry Red, el \u00e1lbum muestra la magistral producci\u00f3n del mago Adrian Sherwood y una serie de sublimes interpretaciones vocales de los incondicionales Bim Sherman, Mikey Dread y Prince Far I. La sublime formaci\u00f3n se completa con los maestros m\u00fasicos Crucial Tony, \u00abDeadly\u00bb Headley Bennett, Bonjo Iyabinghi Noah y Evar Wellington.<\/p>\n","protected":false},"excerpt":{"rendered":"<p>Totalmente remasterizado y licenciado, limitado a 500 copias. Reedici\u00f3n obligatoria de 1984 para el combo dub-roots brit\u00e1nico. Coproducido por On U Sound y Cherry<a class=\"read\" href=\"https:\/\/wpguerssen-test.odoo.rgbconsulting.com\/es\/producto\/leaps-bounds\/\"> (...)<\/a>","protected":false},"featured_media":229376,"template":"","meta":{"_acf_changed":false},"product_brand":[],"product_cat":[21666],"product_tag":[24190],"class_list":{"0":"post-229375","1":"product","2":"type-product","3":"status-publish","4":"has-post-thumbnail","6":"product_cat-reggae-ska-dub-es","7":"product_tag-sales-es","8":"pa_artist-singers-players","9":"pa_format-lp-es","10":"pa_gender-reggae-ska-dub","11":"pa_label-lantern-rec-es","12":"pa_location-uk-ireland-es","13":"pa_other-filters-vinyl-only-es","15":"first","16":"instock","17":"taxable","18":"shipping-taxable","19":"purchasable","20":"product-type-simple"},"acf":[],"yoast_head":"<!-- This site is optimized with the Yoast SEO plugin v24.9 - https:\/\/yoast.com\/wordpress\/plugins\/seo\/ -->\n<title>SINGERS &amp; PLAYERS - Leaps &amp; Bounds -  (LP) | Guerssen<\/title>\n<meta name=\"description\" content=\"Fully remastered and licensed, ltd to 500 copies. 1984 mandatory re-issue for british dub-roots combo. Co-produced by On U Sound and Cherry Red the album shows the masterful production of wizard Adrian Sherwood and a series of sublime vocal performances by stalwarts Bim Sherman, Mikey Dread and Prince Far I. The sublime line-up is completed by master musicians Crucial Tony, &quot;Deadly&quot; Headley Bennett, Bonjo Iyabinghi Noah and Evar Wellington.\" \/>\n<meta name=\"robots\" content=\"index, follow, max-snippet:-1, max-image-preview:large, max-video-preview:-1\" \/>\n<link rel=\"canonical\" href=\"https:\/\/wpguerssen-test.odoo.rgbconsulting.com\/es\/producto\/leaps-bounds\/\" \/>\n<meta property=\"og:locale\" content=\"es_ES\" \/>\n<meta property=\"og:type\" content=\"article\" \/>\n<meta property=\"og:title\" content=\"SINGERS &amp; PLAYERS - Leaps &amp; Bounds -  (LP) | Guerssen\" \/>\n<meta property=\"og:description\" content=\"Fully remastered and licensed, ltd to 500 copies. 1984 mandatory re-issue for british dub-roots combo. Co-produced by On U Sound and Cherry Red the album shows the masterful production of wizard Adrian Sherwood and a series of sublime vocal performances by stalwarts Bim Sherman, Mikey Dread and Prince Far I. The sublime line-up is completed by master musicians Crucial Tony, &quot;Deadly&quot; Headley Bennett, Bonjo Iyabinghi Noah and Evar Wellington.\" \/>\n<meta property=\"og:url\" content=\"https:\/\/wpguerssen-test.odoo.rgbconsulting.com\/es\/producto\/leaps-bounds\/\" \/>\n<meta property=\"og:site_name\" content=\"Guerssen records\" \/>\n<meta property=\"article:modified_time\" content=\"2025-04-11T11:18:21+00:00\" \/>\n<meta property=\"og:image\" content=\"https:\/\/wpguerssen-test.odoo.rgbconsulting.com\/wp-content\/uploads\/2023\/03\/43187.jpg\" \/>\n\t<meta property=\"og:image:width\" content=\"1403\" \/>\n\t<meta property=\"og:image:height\" content=\"1400\" \/>\n\t<meta property=\"og:image:type\" content=\"image\/png\" \/>\n<meta name=\"twitter:card\" content=\"summary_large_image\" \/>\n<meta name=\"twitter:title\" content=\"SINGERS &amp; PLAYERS - Leaps &amp; Bounds -  (LP) | Guerssen\" \/>\n<script type=\"application\/ld+json\" class=\"yoast-schema-graph\">{\"@context\":\"https:\/\/schema.org\",\"@graph\":[{\"@type\":\"WebPage\",\"@id\":\"https:\/\/wpguerssen-test.odoo.rgbconsulting.com\/es\/producto\/leaps-bounds\/\",\"url\":\"https:\/\/wpguerssen-test.odoo.rgbconsulting.com\/es\/producto\/leaps-bounds\/\",\"name\":\"SINGERS & PLAYERS - Leaps & Bounds - (LP) | Guerssen\",\"isPartOf\":{\"@id\":\"https:\/\/wpguerssen-test.odoo.rgbconsulting.com\/es\/#website\"},\"primaryImageOfPage\":{\"@id\":\"https:\/\/wpguerssen-test.odoo.rgbconsulting.com\/es\/producto\/leaps-bounds\/#primaryimage\"},\"image\":{\"@id\":\"https:\/\/wpguerssen-test.odoo.rgbconsulting.com\/es\/producto\/leaps-bounds\/#primaryimage\"},\"thumbnailUrl\":\"https:\/\/wpguerssen-test.odoo.rgbconsulting.com\/wp-content\/uploads\/2023\/03\/43187.jpg\",\"datePublished\":\"2025-01-12T23:00:00+00:00\",\"dateModified\":\"2025-04-11T11:18:21+00:00\",\"description\":\"Fully remastered and licensed, ltd to 500 copies. 1984 mandatory re-issue for british dub-roots combo. Co-produced by On U Sound and Cherry Red the album shows the masterful production of wizard Adrian Sherwood and a series of sublime vocal performances by stalwarts Bim Sherman, Mikey Dread and Prince Far I. The sublime line-up is completed by master musicians Crucial Tony, \\\"Deadly\\\" Headley Bennett, Bonjo Iyabinghi Noah and Evar Wellington.\",\"breadcrumb\":{\"@id\":\"https:\/\/wpguerssen-test.odoo.rgbconsulting.com\/es\/producto\/leaps-bounds\/#breadcrumb\"},\"inLanguage\":\"es\",\"potentialAction\":[{\"@type\":\"ReadAction\",\"target\":[\"https:\/\/wpguerssen-test.odoo.rgbconsulting.com\/es\/producto\/leaps-bounds\/\"]}]},{\"@type\":\"ImageObject\",\"inLanguage\":\"es\",\"@id\":\"https:\/\/wpguerssen-test.odoo.rgbconsulting.com\/es\/producto\/leaps-bounds\/#primaryimage\",\"url\":\"https:\/\/wpguerssen-test.odoo.rgbconsulting.com\/wp-content\/uploads\/2023\/03\/43187.jpg\",\"contentUrl\":\"https:\/\/wpguerssen-test.odoo.rgbconsulting.com\/wp-content\/uploads\/2023\/03\/43187.jpg\",\"width\":1403,\"height\":1400},{\"@type\":\"BreadcrumbList\",\"@id\":\"https:\/\/wpguerssen-test.odoo.rgbconsulting.com\/es\/producto\/leaps-bounds\/#breadcrumb\",\"itemListElement\":[{\"@type\":\"ListItem\",\"position\":1,\"name\":\"Inicio\",\"item\":\"https:\/\/wpguerssen-test.odoo.rgbconsulting.com\/es\/\"},{\"@type\":\"ListItem\",\"position\":2,\"name\":\"Shop\",\"item\":\"https:\/\/wpguerssen-test.odoo.rgbconsulting.com\/shop\/\"},{\"@type\":\"ListItem\",\"position\":3,\"name\":\"Leaps &#038; Bounds\"}]},{\"@type\":\"WebSite\",\"@id\":\"https:\/\/wpguerssen-test.odoo.rgbconsulting.com\/es\/#website\",\"url\":\"https:\/\/wpguerssen-test.odoo.rgbconsulting.com\/es\/\",\"name\":\"Guerssen records\",\"description\":\"psychedelia - progressive - folk - garage \",\"publisher\":{\"@id\":\"https:\/\/wpguerssen-test.odoo.rgbconsulting.com\/es\/#organization\"},\"potentialAction\":[{\"@type\":\"SearchAction\",\"target\":{\"@type\":\"EntryPoint\",\"urlTemplate\":\"https:\/\/wpguerssen-test.odoo.rgbconsulting.com\/es\/?s={search_term_string}\"},\"query-input\":{\"@type\":\"PropertyValueSpecification\",\"valueRequired\":true,\"valueName\":\"search_term_string\"}}],\"inLanguage\":\"es\"},{\"@type\":\"Organization\",\"@id\":\"https:\/\/wpguerssen-test.odoo.rgbconsulting.com\/es\/#organization\",\"name\":\"Guerssen records\",\"url\":\"https:\/\/wpguerssen-test.odoo.rgbconsulting.com\/es\/\",\"logo\":{\"@type\":\"ImageObject\",\"inLanguage\":\"es\",\"@id\":\"https:\/\/wpguerssen-test.odoo.rgbconsulting.com\/es\/#\/schema\/logo\/image\/\",\"url\":\"https:\/\/wpguerssen-test.odoo.rgbconsulting.com\/wp-content\/uploads\/2022\/04\/Logo_Guerssen_trans_100.png\",\"contentUrl\":\"https:\/\/wpguerssen-test.odoo.rgbconsulting.com\/wp-content\/uploads\/2022\/04\/Logo_Guerssen_trans_100.png\",\"width\":122,\"height\":100,\"caption\":\"Guerssen records\"},\"image\":{\"@id\":\"https:\/\/wpguerssen-test.odoo.rgbconsulting.com\/es\/#\/schema\/logo\/image\/\"}}]}<\/script>\n<!-- \/ Yoast SEO plugin. -->","yoast_head_json":{"title":"SINGERS & PLAYERS - Leaps & Bounds -  (LP) | Guerssen","description":"Fully remastered and licensed, ltd to 500 copies. 1984 mandatory re-issue for british dub-roots combo. Co-produced by On U Sound and Cherry Red the album shows the masterful production of wizard Adrian Sherwood and a series of sublime vocal performances by stalwarts Bim Sherman, Mikey Dread and Prince Far I. The sublime line-up is completed by master musicians Crucial Tony, \"Deadly\" Headley Bennett, Bonjo Iyabinghi Noah and Evar Wellington.","robots":{"index":"index","follow":"follow","max-snippet":"max-snippet:-1","max-image-preview":"max-image-preview:large","max-video-preview":"max-video-preview:-1"},"canonical":"https:\/\/wpguerssen-test.odoo.rgbconsulting.com\/es\/producto\/leaps-bounds\/","og_locale":"es_ES","og_type":"article","og_title":"SINGERS & PLAYERS - Leaps & Bounds -  (LP) | Guerssen","og_description":"Fully remastered and licensed, ltd to 500 copies. 1984 mandatory re-issue for british dub-roots combo. Co-produced by On U Sound and Cherry Red the album shows the masterful production of wizard Adrian Sherwood and a series of sublime vocal performances by stalwarts Bim Sherman, Mikey Dread and Prince Far I. The sublime line-up is completed by master musicians Crucial Tony, \"Deadly\" Headley Bennett, Bonjo Iyabinghi Noah and Evar Wellington.","og_url":"https:\/\/wpguerssen-test.odoo.rgbconsulting.com\/es\/producto\/leaps-bounds\/","og_site_name":"Guerssen records","article_modified_time":"2025-04-11T11:18:21+00:00","og_image":[{"width":1403,"height":1400,"url":"https:\/\/wpguerssen-test.odoo.rgbconsulting.com\/wp-content\/uploads\/2023\/03\/43187.jpg","type":"image\/png"}],"twitter_card":"summary_large_image","twitter_title":"SINGERS & PLAYERS - Leaps & Bounds -  (LP) | Guerssen","schema":{"@context":"https:\/\/schema.org","@graph":[{"@type":"WebPage","@id":"https:\/\/wpguerssen-test.odoo.rgbconsulting.com\/es\/producto\/leaps-bounds\/","url":"https:\/\/wpguerssen-test.odoo.rgbconsulting.com\/es\/producto\/leaps-bounds\/","name":"SINGERS & PLAYERS - Leaps & Bounds - (LP) | Guerssen","isPartOf":{"@id":"https:\/\/wpguerssen-test.odoo.rgbconsulting.com\/es\/#website"},"primaryImageOfPage":{"@id":"https:\/\/wpguerssen-test.odoo.rgbconsulting.com\/es\/producto\/leaps-bounds\/#primaryimage"},"image":{"@id":"https:\/\/wpguerssen-test.odoo.rgbconsulting.com\/es\/producto\/leaps-bounds\/#primaryimage"},"thumbnailUrl":"https:\/\/wpguerssen-test.odoo.rgbconsulting.com\/wp-content\/uploads\/2023\/03\/43187.jpg","datePublished":"2025-01-12T23:00:00+00:00","dateModified":"2025-04-11T11:18:21+00:00","description":"Fully remastered and licensed, ltd to 500 copies. 1984 mandatory re-issue for british dub-roots combo. Co-produced by On U Sound and Cherry Red the album shows the masterful production of wizard Adrian Sherwood and a series of sublime vocal performances by stalwarts Bim Sherman, Mikey Dread and Prince Far I. The sublime line-up is completed by master musicians Crucial Tony, \"Deadly\" Headley Bennett, Bonjo Iyabinghi Noah and Evar Wellington.","breadcrumb":{"@id":"https:\/\/wpguerssen-test.odoo.rgbconsulting.com\/es\/producto\/leaps-bounds\/#breadcrumb"},"inLanguage":"es","potentialAction":[{"@type":"ReadAction","target":["https:\/\/wpguerssen-test.odoo.rgbconsulting.com\/es\/producto\/leaps-bounds\/"]}]},{"@type":"ImageObject","inLanguage":"es","@id":"https:\/\/wpguerssen-test.odoo.rgbconsulting.com\/es\/producto\/leaps-bounds\/#primaryimage","url":"https:\/\/wpguerssen-test.odoo.rgbconsulting.com\/wp-content\/uploads\/2023\/03\/43187.jpg","contentUrl":"https:\/\/wpguerssen-test.odoo.rgbconsulting.com\/wp-content\/uploads\/2023\/03\/43187.jpg","width":1403,"height":1400},{"@type":"BreadcrumbList","@id":"https:\/\/wpguerssen-test.odoo.rgbconsulting.com\/es\/producto\/leaps-bounds\/#breadcrumb","itemListElement":[{"@type":"ListItem","position":1,"name":"Inicio","item":"https:\/\/wpguerssen-test.odoo.rgbconsulting.com\/es\/"},{"@type":"ListItem","position":2,"name":"Shop","item":"https:\/\/wpguerssen-test.odoo.rgbconsulting.com\/shop\/"},{"@type":"ListItem","position":3,"name":"Leaps &#038; Bounds"}]},{"@type":"WebSite","@id":"https:\/\/wpguerssen-test.odoo.rgbconsulting.com\/es\/#website","url":"https:\/\/wpguerssen-test.odoo.rgbconsulting.com\/es\/","name":"Guerssen records","description":"psychedelia - progressive - folk - garage ","publisher":{"@id":"https:\/\/wpguerssen-test.odoo.rgbconsulting.com\/es\/#organization"},"potentialAction":[{"@type":"SearchAction","target":{"@type":"EntryPoint","urlTemplate":"https:\/\/wpguerssen-test.odoo.rgbconsulting.com\/es\/?s={search_term_string}"},"query-input":{"@type":"PropertyValueSpecification","valueRequired":true,"valueName":"search_term_string"}}],"inLanguage":"es"},{"@type":"Organization","@id":"https:\/\/wpguerssen-test.odoo.rgbconsulting.com\/es\/#organization","name":"Guerssen records","url":"https:\/\/wpguerssen-test.odoo.rgbconsulting.com\/es\/","logo":{"@type":"ImageObject","inLanguage":"es","@id":"https:\/\/wpguerssen-test.odoo.rgbconsulting.com\/es\/#\/schema\/logo\/image\/","url":"https:\/\/wpguerssen-test.odoo.rgbconsulting.com\/wp-content\/uploads\/2022\/04\/Logo_Guerssen_trans_100.png","contentUrl":"https:\/\/wpguerssen-test.odoo.rgbconsulting.com\/wp-content\/uploads\/2022\/04\/Logo_Guerssen_trans_100.png","width":122,"height":100,"caption":"Guerssen records"},"image":{"@id":"https:\/\/wpguerssen-test.odoo.rgbconsulting.com\/es\/#\/schema\/logo\/image\/"}}]}},"_links":{"self":[{"href":"https:\/\/wpguerssen-test.odoo.rgbconsulting.com\/es\/wp-json\/wp\/v2\/product\/229375","targetHints":{"allow":["GET"]}}],"collection":[{"href":"https:\/\/wpguerssen-test.odoo.rgbconsulting.com\/es\/wp-json\/wp\/v2\/product"}],"about":[{"href":"https:\/\/wpguerssen-test.odoo.rgbconsulting.com\/es\/wp-json\/wp\/v2\/types\/product"}],"wp:featuredmedia":[{"embeddable":true,"href":"https:\/\/wpguerssen-test.odoo.rgbconsulting.com\/es\/wp-json\/wp\/v2\/media\/229376"}],"wp:attachment":[{"href":"https:\/\/wpguerssen-test.odoo.rgbconsulting.com\/es\/wp-json\/wp\/v2\/media?parent=229375"}],"wp:term":[{"taxonomy":"product_brand","embeddable":true,"href":"https:\/\/wpguerssen-test.odoo.rgbconsulting.com\/es\/wp-json\/wp\/v2\/product_brand?post=229375"},{"taxonomy":"product_cat","embeddable":true,"href":"https:\/\/wpguerssen-test.odoo.rgbconsulting.com\/es\/wp-json\/wp\/v2\/product_cat?post=229375"},{"taxonomy":"product_tag","embeddable":true,"href":"https:\/\/wpguerssen-test.odoo.rgbconsulting.com\/es\/wp-json\/wp\/v2\/product_tag?post=229375"}],"curies":[{"name":"wp","href":"https:\/\/api.w.org\/{rel}","templated":true}]}}