{"id":229476,"date":"2025-04-11T00:00:00","date_gmt":"2025-04-10T22:00:00","guid":{"rendered":"https:\/\/wpguerssen-test.odoo.rgbconsulting.com\/product\/live-in-ankara\/"},"modified":"2025-04-15T13:53:00","modified_gmt":"2025-04-15T11:53:00","slug":"live-in-ankara","status":"publish","type":"product","link":"https:\/\/wpguerssen-test.odoo.rgbconsulting.com\/es\/producto\/live-in-ankara\/","title":{"rendered":"Live In Ankara"},"content":{"rendered":"<p>Grabado en noviembre de 1969 en la Embajada de los Estados Unidos, Live In Ankara vio al aventurero trompetista de jazz Don Cherry tocar con el saxofonista Irfan S\u00fcmer, el bajista Sel\u00e7uk Sun y el baterista Okay Temiz, con arreglos del trompetista Maffy Falay, quien hab\u00eda presentado a Cherry a Temiz en Estocolmo. Compuesto principalmente por originales de Cherry y adaptaciones de canciones populares turcas, tambi\u00e9n hay tomas \u00fanicas de composiciones de Ornette Coleman y Pharoah Sanders, el escaso conjunto musical le da a Cherry un amplio espacio para los solos mientras se mueven entre los sonidos de la tradici\u00f3n y la experimentaci\u00f3n. Imprescindible para todos los fans de Don Cherry.<\/p>\n","protected":false},"excerpt":{"rendered":"<p>Grabado en noviembre de 1969 en la Embajada de los Estados Unidos, Live In Ankara vio al aventurero trompetista de jazz Don Cherry tocar con el saxofonista Irfan S\u00fcmer,<a class=\"read\" href=\"https:\/\/wpguerssen-test.odoo.rgbconsulting.com\/es\/producto\/live-in-ankara\/\"> (...)<\/a>","protected":false},"featured_media":229584,"template":"","meta":{"_acf_changed":false},"product_brand":[],"product_cat":[23227,23218],"product_tag":[24185],"class_list":{"0":"post-229476","1":"product","2":"type-product","3":"status-publish","4":"has-post-thumbnail","6":"product_cat-jazz-es","7":"product_cat-free-jazz-es","8":"product_tag-de-nuevo-en-existencia","9":"pa_artist-cherry-don","10":"pa_format-lp-es","11":"pa_gender-free-jazz-jazz","12":"pa_label-trading-places","13":"pa_location-north-america-es","14":"pa_other-filters-vinyl-only-es","16":"first","17":"instock","18":"taxable","19":"shipping-taxable","20":"purchasable","21":"product-type-simple"},"acf":[],"yoast_head":"<!-- This site is optimized with the Yoast SEO plugin v24.9 - https:\/\/yoast.com\/wordpress\/plugins\/seo\/ -->\n<title>CHERRY, Don - Live In Ankara -  (LP) | Guerssen<\/title>\n<meta name=\"description\" content=\"Recorded in November 1969 at the US Embassy, Live In Ankara saw the adventurous jazz trumpeter Don Cherry performing with saxophonist Irfan S\u00fcmer, bassist Sel\u00e7uk Sun, and drummer Okay Temiz, with arrangements by trumpeter Maffy Falay, who had introduced Cherry to Temiz in Stockholm. Mostly comprised of Cherry originals and adaptations of Turkish folk songs, there are one-off takes of compositions by Ornette Coleman and Pharoah Sanders as well, the sparse musical ensemble giving Cherry ample room for soloing as they drift between the sounds of tradition and experimentation. A must for all Don Cherry fans.\" \/>\n<meta name=\"robots\" content=\"index, follow, max-snippet:-1, max-image-preview:large, max-video-preview:-1\" \/>\n<link rel=\"canonical\" href=\"https:\/\/wpguerssen-test.odoo.rgbconsulting.com\/es\/producto\/live-in-ankara\/\" \/>\n<meta property=\"og:locale\" content=\"es_ES\" \/>\n<meta property=\"og:type\" content=\"article\" \/>\n<meta property=\"og:title\" content=\"CHERRY, Don - Live In Ankara -  (LP) | Guerssen\" \/>\n<meta property=\"og:description\" content=\"Recorded in November 1969 at the US Embassy, Live In Ankara saw the adventurous jazz trumpeter Don Cherry performing with saxophonist Irfan S\u00fcmer, bassist Sel\u00e7uk Sun, and drummer Okay Temiz, with arrangements by trumpeter Maffy Falay, who had introduced Cherry to Temiz in Stockholm. Mostly comprised of Cherry originals and adaptations of Turkish folk songs, there are one-off takes of compositions by Ornette Coleman and Pharoah Sanders as well, the sparse musical ensemble giving Cherry ample room for soloing as they drift between the sounds of tradition and experimentation. A must for all Don Cherry fans.\" \/>\n<meta property=\"og:url\" content=\"https:\/\/wpguerssen-test.odoo.rgbconsulting.com\/es\/producto\/live-in-ankara\/\" \/>\n<meta property=\"og:site_name\" content=\"Guerssen records\" \/>\n<meta property=\"article:modified_time\" content=\"2025-04-15T11:53:00+00:00\" \/>\n<meta property=\"og:image\" content=\"https:\/\/wpguerssen-test.odoo.rgbconsulting.com\/wp-content\/uploads\/2023\/03\/43217.jpg\" \/>\n\t<meta property=\"og:image:width\" content=\"945\" \/>\n\t<meta property=\"og:image:height\" content=\"945\" \/>\n\t<meta property=\"og:image:type\" content=\"image\/jpeg\" \/>\n<meta name=\"twitter:card\" content=\"summary_large_image\" \/>\n<meta name=\"twitter:title\" content=\"CHERRY, Don - Live In Ankara -  (LP) | Guerssen\" \/>\n<meta name=\"twitter:label1\" content=\"Tiempo de lectura\" \/>\n\t<meta name=\"twitter:data1\" content=\"1 minuto\" \/>\n<script type=\"application\/ld+json\" class=\"yoast-schema-graph\">{\"@context\":\"https:\/\/schema.org\",\"@graph\":[{\"@type\":\"WebPage\",\"@id\":\"https:\/\/wpguerssen-test.odoo.rgbconsulting.com\/es\/producto\/live-in-ankara\/\",\"url\":\"https:\/\/wpguerssen-test.odoo.rgbconsulting.com\/es\/producto\/live-in-ankara\/\",\"name\":\"CHERRY, Don - Live In Ankara - (LP) | Guerssen\",\"isPartOf\":{\"@id\":\"https:\/\/wpguerssen-test.odoo.rgbconsulting.com\/es\/#website\"},\"primaryImageOfPage\":{\"@id\":\"https:\/\/wpguerssen-test.odoo.rgbconsulting.com\/es\/producto\/live-in-ankara\/#primaryimage\"},\"image\":{\"@id\":\"https:\/\/wpguerssen-test.odoo.rgbconsulting.com\/es\/producto\/live-in-ankara\/#primaryimage\"},\"thumbnailUrl\":\"https:\/\/wpguerssen-test.odoo.rgbconsulting.com\/wp-content\/uploads\/2023\/03\/43217.jpg\",\"datePublished\":\"2025-04-10T22:00:00+00:00\",\"dateModified\":\"2025-04-15T11:53:00+00:00\",\"description\":\"Recorded in November 1969 at the US Embassy, Live In Ankara saw the adventurous jazz trumpeter Don Cherry performing with saxophonist Irfan S\u00fcmer, bassist Sel\u00e7uk Sun, and drummer Okay Temiz, with arrangements by trumpeter Maffy Falay, who had introduced Cherry to Temiz in Stockholm. Mostly comprised of Cherry originals and adaptations of Turkish folk songs, there are one-off takes of compositions by Ornette Coleman and Pharoah Sanders as well, the sparse musical ensemble giving Cherry ample room for soloing as they drift between the sounds of tradition and experimentation. A must for all Don Cherry fans.\",\"breadcrumb\":{\"@id\":\"https:\/\/wpguerssen-test.odoo.rgbconsulting.com\/es\/producto\/live-in-ankara\/#breadcrumb\"},\"inLanguage\":\"es\",\"potentialAction\":[{\"@type\":\"ReadAction\",\"target\":[\"https:\/\/wpguerssen-test.odoo.rgbconsulting.com\/es\/producto\/live-in-ankara\/\"]}]},{\"@type\":\"ImageObject\",\"inLanguage\":\"es\",\"@id\":\"https:\/\/wpguerssen-test.odoo.rgbconsulting.com\/es\/producto\/live-in-ankara\/#primaryimage\",\"url\":\"https:\/\/wpguerssen-test.odoo.rgbconsulting.com\/wp-content\/uploads\/2023\/03\/43217.jpg\",\"contentUrl\":\"https:\/\/wpguerssen-test.odoo.rgbconsulting.com\/wp-content\/uploads\/2023\/03\/43217.jpg\",\"width\":945,\"height\":945,\"caption\":\"Don - Live In Ankara - TRADING PLACES (LP) | Guerssen\"},{\"@type\":\"BreadcrumbList\",\"@id\":\"https:\/\/wpguerssen-test.odoo.rgbconsulting.com\/es\/producto\/live-in-ankara\/#breadcrumb\",\"itemListElement\":[{\"@type\":\"ListItem\",\"position\":1,\"name\":\"Inicio\",\"item\":\"https:\/\/wpguerssen-test.odoo.rgbconsulting.com\/es\/\"},{\"@type\":\"ListItem\",\"position\":2,\"name\":\"Shop\",\"item\":\"https:\/\/wpguerssen-test.odoo.rgbconsulting.com\/shop\/\"},{\"@type\":\"ListItem\",\"position\":3,\"name\":\"Live In Ankara\"}]},{\"@type\":\"WebSite\",\"@id\":\"https:\/\/wpguerssen-test.odoo.rgbconsulting.com\/es\/#website\",\"url\":\"https:\/\/wpguerssen-test.odoo.rgbconsulting.com\/es\/\",\"name\":\"Guerssen records\",\"description\":\"psychedelia - progressive - folk - garage \",\"publisher\":{\"@id\":\"https:\/\/wpguerssen-test.odoo.rgbconsulting.com\/es\/#organization\"},\"potentialAction\":[{\"@type\":\"SearchAction\",\"target\":{\"@type\":\"EntryPoint\",\"urlTemplate\":\"https:\/\/wpguerssen-test.odoo.rgbconsulting.com\/es\/?s={search_term_string}\"},\"query-input\":{\"@type\":\"PropertyValueSpecification\",\"valueRequired\":true,\"valueName\":\"search_term_string\"}}],\"inLanguage\":\"es\"},{\"@type\":\"Organization\",\"@id\":\"https:\/\/wpguerssen-test.odoo.rgbconsulting.com\/es\/#organization\",\"name\":\"Guerssen records\",\"url\":\"https:\/\/wpguerssen-test.odoo.rgbconsulting.com\/es\/\",\"logo\":{\"@type\":\"ImageObject\",\"inLanguage\":\"es\",\"@id\":\"https:\/\/wpguerssen-test.odoo.rgbconsulting.com\/es\/#\/schema\/logo\/image\/\",\"url\":\"https:\/\/wpguerssen-test.odoo.rgbconsulting.com\/wp-content\/uploads\/2022\/04\/Logo_Guerssen_trans_100.png\",\"contentUrl\":\"https:\/\/wpguerssen-test.odoo.rgbconsulting.com\/wp-content\/uploads\/2022\/04\/Logo_Guerssen_trans_100.png\",\"width\":122,\"height\":100,\"caption\":\"Guerssen records\"},\"image\":{\"@id\":\"https:\/\/wpguerssen-test.odoo.rgbconsulting.com\/es\/#\/schema\/logo\/image\/\"}}]}<\/script>\n<!-- \/ Yoast SEO plugin. -->","yoast_head_json":{"title":"CHERRY, Don - Live In Ankara -  (LP) | Guerssen","description":"Recorded in November 1969 at the US Embassy, Live In Ankara saw the adventurous jazz trumpeter Don Cherry performing with saxophonist Irfan S\u00fcmer, bassist Sel\u00e7uk Sun, and drummer Okay Temiz, with arrangements by trumpeter Maffy Falay, who had introduced Cherry to Temiz in Stockholm. Mostly comprised of Cherry originals and adaptations of Turkish folk songs, there are one-off takes of compositions by Ornette Coleman and Pharoah Sanders as well, the sparse musical ensemble giving Cherry ample room for soloing as they drift between the sounds of tradition and experimentation. A must for all Don Cherry fans.","robots":{"index":"index","follow":"follow","max-snippet":"max-snippet:-1","max-image-preview":"max-image-preview:large","max-video-preview":"max-video-preview:-1"},"canonical":"https:\/\/wpguerssen-test.odoo.rgbconsulting.com\/es\/producto\/live-in-ankara\/","og_locale":"es_ES","og_type":"article","og_title":"CHERRY, Don - Live In Ankara -  (LP) | Guerssen","og_description":"Recorded in November 1969 at the US Embassy, Live In Ankara saw the adventurous jazz trumpeter Don Cherry performing with saxophonist Irfan S\u00fcmer, bassist Sel\u00e7uk Sun, and drummer Okay Temiz, with arrangements by trumpeter Maffy Falay, who had introduced Cherry to Temiz in Stockholm. Mostly comprised of Cherry originals and adaptations of Turkish folk songs, there are one-off takes of compositions by Ornette Coleman and Pharoah Sanders as well, the sparse musical ensemble giving Cherry ample room for soloing as they drift between the sounds of tradition and experimentation. A must for all Don Cherry fans.","og_url":"https:\/\/wpguerssen-test.odoo.rgbconsulting.com\/es\/producto\/live-in-ankara\/","og_site_name":"Guerssen records","article_modified_time":"2025-04-15T11:53:00+00:00","og_image":[{"width":945,"height":945,"url":"https:\/\/wpguerssen-test.odoo.rgbconsulting.com\/wp-content\/uploads\/2023\/03\/43217.jpg","type":"image\/jpeg"}],"twitter_card":"summary_large_image","twitter_title":"CHERRY, Don - Live In Ankara -  (LP) | Guerssen","twitter_misc":{"Tiempo de lectura":"1 minuto"},"schema":{"@context":"https:\/\/schema.org","@graph":[{"@type":"WebPage","@id":"https:\/\/wpguerssen-test.odoo.rgbconsulting.com\/es\/producto\/live-in-ankara\/","url":"https:\/\/wpguerssen-test.odoo.rgbconsulting.com\/es\/producto\/live-in-ankara\/","name":"CHERRY, Don - Live In Ankara - (LP) | Guerssen","isPartOf":{"@id":"https:\/\/wpguerssen-test.odoo.rgbconsulting.com\/es\/#website"},"primaryImageOfPage":{"@id":"https:\/\/wpguerssen-test.odoo.rgbconsulting.com\/es\/producto\/live-in-ankara\/#primaryimage"},"image":{"@id":"https:\/\/wpguerssen-test.odoo.rgbconsulting.com\/es\/producto\/live-in-ankara\/#primaryimage"},"thumbnailUrl":"https:\/\/wpguerssen-test.odoo.rgbconsulting.com\/wp-content\/uploads\/2023\/03\/43217.jpg","datePublished":"2025-04-10T22:00:00+00:00","dateModified":"2025-04-15T11:53:00+00:00","description":"Recorded in November 1969 at the US Embassy, Live In Ankara saw the adventurous jazz trumpeter Don Cherry performing with saxophonist Irfan S\u00fcmer, bassist Sel\u00e7uk Sun, and drummer Okay Temiz, with arrangements by trumpeter Maffy Falay, who had introduced Cherry to Temiz in Stockholm. Mostly comprised of Cherry originals and adaptations of Turkish folk songs, there are one-off takes of compositions by Ornette Coleman and Pharoah Sanders as well, the sparse musical ensemble giving Cherry ample room for soloing as they drift between the sounds of tradition and experimentation. A must for all Don Cherry fans.","breadcrumb":{"@id":"https:\/\/wpguerssen-test.odoo.rgbconsulting.com\/es\/producto\/live-in-ankara\/#breadcrumb"},"inLanguage":"es","potentialAction":[{"@type":"ReadAction","target":["https:\/\/wpguerssen-test.odoo.rgbconsulting.com\/es\/producto\/live-in-ankara\/"]}]},{"@type":"ImageObject","inLanguage":"es","@id":"https:\/\/wpguerssen-test.odoo.rgbconsulting.com\/es\/producto\/live-in-ankara\/#primaryimage","url":"https:\/\/wpguerssen-test.odoo.rgbconsulting.com\/wp-content\/uploads\/2023\/03\/43217.jpg","contentUrl":"https:\/\/wpguerssen-test.odoo.rgbconsulting.com\/wp-content\/uploads\/2023\/03\/43217.jpg","width":945,"height":945,"caption":"Don - Live In Ankara - TRADING PLACES (LP) | Guerssen"},{"@type":"BreadcrumbList","@id":"https:\/\/wpguerssen-test.odoo.rgbconsulting.com\/es\/producto\/live-in-ankara\/#breadcrumb","itemListElement":[{"@type":"ListItem","position":1,"name":"Inicio","item":"https:\/\/wpguerssen-test.odoo.rgbconsulting.com\/es\/"},{"@type":"ListItem","position":2,"name":"Shop","item":"https:\/\/wpguerssen-test.odoo.rgbconsulting.com\/shop\/"},{"@type":"ListItem","position":3,"name":"Live In Ankara"}]},{"@type":"WebSite","@id":"https:\/\/wpguerssen-test.odoo.rgbconsulting.com\/es\/#website","url":"https:\/\/wpguerssen-test.odoo.rgbconsulting.com\/es\/","name":"Guerssen records","description":"psychedelia - progressive - folk - garage ","publisher":{"@id":"https:\/\/wpguerssen-test.odoo.rgbconsulting.com\/es\/#organization"},"potentialAction":[{"@type":"SearchAction","target":{"@type":"EntryPoint","urlTemplate":"https:\/\/wpguerssen-test.odoo.rgbconsulting.com\/es\/?s={search_term_string}"},"query-input":{"@type":"PropertyValueSpecification","valueRequired":true,"valueName":"search_term_string"}}],"inLanguage":"es"},{"@type":"Organization","@id":"https:\/\/wpguerssen-test.odoo.rgbconsulting.com\/es\/#organization","name":"Guerssen records","url":"https:\/\/wpguerssen-test.odoo.rgbconsulting.com\/es\/","logo":{"@type":"ImageObject","inLanguage":"es","@id":"https:\/\/wpguerssen-test.odoo.rgbconsulting.com\/es\/#\/schema\/logo\/image\/","url":"https:\/\/wpguerssen-test.odoo.rgbconsulting.com\/wp-content\/uploads\/2022\/04\/Logo_Guerssen_trans_100.png","contentUrl":"https:\/\/wpguerssen-test.odoo.rgbconsulting.com\/wp-content\/uploads\/2022\/04\/Logo_Guerssen_trans_100.png","width":122,"height":100,"caption":"Guerssen records"},"image":{"@id":"https:\/\/wpguerssen-test.odoo.rgbconsulting.com\/es\/#\/schema\/logo\/image\/"}}]}},"_links":{"self":[{"href":"https:\/\/wpguerssen-test.odoo.rgbconsulting.com\/es\/wp-json\/wp\/v2\/product\/229476","targetHints":{"allow":["GET"]}}],"collection":[{"href":"https:\/\/wpguerssen-test.odoo.rgbconsulting.com\/es\/wp-json\/wp\/v2\/product"}],"about":[{"href":"https:\/\/wpguerssen-test.odoo.rgbconsulting.com\/es\/wp-json\/wp\/v2\/types\/product"}],"wp:featuredmedia":[{"embeddable":true,"href":"https:\/\/wpguerssen-test.odoo.rgbconsulting.com\/es\/wp-json\/wp\/v2\/media\/229584"}],"wp:attachment":[{"href":"https:\/\/wpguerssen-test.odoo.rgbconsulting.com\/es\/wp-json\/wp\/v2\/media?parent=229476"}],"wp:term":[{"taxonomy":"product_brand","embeddable":true,"href":"https:\/\/wpguerssen-test.odoo.rgbconsulting.com\/es\/wp-json\/wp\/v2\/product_brand?post=229476"},{"taxonomy":"product_cat","embeddable":true,"href":"https:\/\/wpguerssen-test.odoo.rgbconsulting.com\/es\/wp-json\/wp\/v2\/product_cat?post=229476"},{"taxonomy":"product_tag","embeddable":true,"href":"https:\/\/wpguerssen-test.odoo.rgbconsulting.com\/es\/wp-json\/wp\/v2\/product_tag?post=229476"}],"curies":[{"name":"wp","href":"https:\/\/api.w.org\/{rel}","templated":true}]}}