{"id":229484,"date":"2023-04-03T00:00:00","date_gmt":"2023-04-02T22:00:00","guid":{"rendered":"https:\/\/wpguerssen-test.odoo.rgbconsulting.com\/product\/dance-to-the-radio-ajanta-theatre-derby-green\/"},"modified":"2025-02-20T18:33:19","modified_gmt":"2025-02-20T17:33:19","slug":"dance-to-the-radio-ajanta-theatre-derby-green","status":"publish","type":"product","link":"https:\/\/wpguerssen-test.odoo.rgbconsulting.com\/es\/producto\/dance-to-the-radio-ajanta-theatre-derby-green\/","title":{"rendered":"Dance To The Radio: Ajanta Theatre, Derby (Green)"},"content":{"rendered":"<p>A pesar de lo enorme que se estaba volviendo Joy Division, todav\u00eda tocaban en tugurios como este antiguo cine, parcialmente demolido, en Derby. Los viejos asientos todav\u00eda estaban en su lugar, a excepci\u00f3n de algunos que fueron arrancados para permitir baila. Nuevamente, otra grabaci\u00f3n de la audiencia con un sonido cavernoso, y nuevamente nos invitan a una versi\u00f3n de banda conjunta de \u00abGirls Don&#8217;t Count\u00bb por el valor de la rareza. Debido a las cancelaciones, probablemente debido al deterioro de la salud de Ian, esta resultar\u00eda ser la pen\u00faltima presentaci\u00f3n de Joy Division, antes de.. bueno, ya saben lo que sucedi\u00f3 despu\u00e9s.<\/p>\n","protected":false},"excerpt":{"rendered":"<p>A pesar de lo enorme que se estaba volviendo Joy Division, todav\u00eda tocaban en tugurios como este antiguo cine, parcialmente demolido, en Derby. Los viejos asientos<a class=\"read\" href=\"https:\/\/wpguerssen-test.odoo.rgbconsulting.com\/es\/producto\/dance-to-the-radio-ajanta-theatre-derby-green\/\"> (...)<\/a>","protected":false},"featured_media":229596,"template":"","meta":{"_acf_changed":false},"product_brand":[],"product_cat":[23235],"product_tag":[29140],"class_list":{"0":"post-229484","1":"product","2":"type-product","3":"status-publish","4":"has-post-thumbnail","6":"product_cat-post-punk-es","7":"product_tag-color-vinyl-es","8":"pa_artist-joy-division-es","9":"pa_format-lp-es","10":"pa_gender-post-punk","11":"pa_label-dear-boss","12":"pa_location-uk-ireland-es","13":"pa_other-filters-vinyl-only-es","15":"first","16":"instock","17":"taxable","18":"shipping-taxable","19":"purchasable","20":"product-type-simple"},"acf":[],"yoast_head":"<!-- This site is optimized with the Yoast SEO plugin v24.9 - https:\/\/yoast.com\/wordpress\/plugins\/seo\/ -->\n<title>JOY DIVISION - Dance To The Radio: Ajanta Theatre, Derby (Green) -  (LP) | Guerssen<\/title>\n<meta name=\"description\" content=\"Massive as Joy Division were becoming, they still played Shit-Holes like this former, partially demolished, cinema in Derby. The old seats were still in place, except for a few that were torn off of their perches to allow dancing, if required. Again, another cavernous sounding audience recording,and again we are treated to a joint band version of &quot;Girls Don&#039;t Count&quot; for the rarity value. Due to cancellations, probably due to Ian&#039;s failing health, this would turn out to be the penultimate Joy Division performance, before.....well, you know what happened next.\" \/>\n<meta name=\"robots\" content=\"index, follow, max-snippet:-1, max-image-preview:large, max-video-preview:-1\" \/>\n<link rel=\"canonical\" href=\"https:\/\/wpguerssen-test.odoo.rgbconsulting.com\/es\/producto\/dance-to-the-radio-ajanta-theatre-derby-green\/\" \/>\n<meta property=\"og:locale\" content=\"es_ES\" \/>\n<meta property=\"og:type\" content=\"article\" \/>\n<meta property=\"og:title\" content=\"JOY DIVISION - Dance To The Radio: Ajanta Theatre, Derby (Green) -  (LP) | Guerssen\" \/>\n<meta property=\"og:description\" content=\"Massive as Joy Division were becoming, they still played Shit-Holes like this former, partially demolished, cinema in Derby. The old seats were still in place, except for a few that were torn off of their perches to allow dancing, if required. Again, another cavernous sounding audience recording,and again we are treated to a joint band version of &quot;Girls Don&#039;t Count&quot; for the rarity value. Due to cancellations, probably due to Ian&#039;s failing health, this would turn out to be the penultimate Joy Division performance, before.....well, you know what happened next.\" \/>\n<meta property=\"og:url\" content=\"https:\/\/wpguerssen-test.odoo.rgbconsulting.com\/es\/producto\/dance-to-the-radio-ajanta-theatre-derby-green\/\" \/>\n<meta property=\"og:site_name\" content=\"Guerssen records\" \/>\n<meta property=\"article:modified_time\" content=\"2025-02-20T17:33:19+00:00\" \/>\n<meta property=\"og:image\" content=\"https:\/\/wpguerssen-test.odoo.rgbconsulting.com\/wp-content\/uploads\/2023\/03\/43224.jpg\" \/>\n\t<meta property=\"og:image:width\" content=\"679\" \/>\n\t<meta property=\"og:image:height\" content=\"508\" \/>\n\t<meta property=\"og:image:type\" content=\"image\/jpeg\" \/>\n<meta name=\"twitter:card\" content=\"summary_large_image\" \/>\n<meta name=\"twitter:title\" content=\"JOY DIVISION - Dance To The Radio: Ajanta Theatre, Derby (Green) -  (LP) | Guerssen\" \/>\n<meta name=\"twitter:label1\" content=\"Tiempo de lectura\" \/>\n\t<meta name=\"twitter:data1\" content=\"1 minuto\" \/>\n<script type=\"application\/ld+json\" class=\"yoast-schema-graph\">{\"@context\":\"https:\/\/schema.org\",\"@graph\":[{\"@type\":\"WebPage\",\"@id\":\"https:\/\/wpguerssen-test.odoo.rgbconsulting.com\/es\/producto\/dance-to-the-radio-ajanta-theatre-derby-green\/\",\"url\":\"https:\/\/wpguerssen-test.odoo.rgbconsulting.com\/es\/producto\/dance-to-the-radio-ajanta-theatre-derby-green\/\",\"name\":\"JOY DIVISION - Dance To The Radio: Ajanta Theatre, Derby (Green) - (LP) | Guerssen\",\"isPartOf\":{\"@id\":\"https:\/\/wpguerssen-test.odoo.rgbconsulting.com\/es\/#website\"},\"primaryImageOfPage\":{\"@id\":\"https:\/\/wpguerssen-test.odoo.rgbconsulting.com\/es\/producto\/dance-to-the-radio-ajanta-theatre-derby-green\/#primaryimage\"},\"image\":{\"@id\":\"https:\/\/wpguerssen-test.odoo.rgbconsulting.com\/es\/producto\/dance-to-the-radio-ajanta-theatre-derby-green\/#primaryimage\"},\"thumbnailUrl\":\"https:\/\/wpguerssen-test.odoo.rgbconsulting.com\/wp-content\/uploads\/2023\/03\/43224.jpg\",\"datePublished\":\"2023-04-02T22:00:00+00:00\",\"dateModified\":\"2025-02-20T17:33:19+00:00\",\"description\":\"Massive as Joy Division were becoming, they still played Shit-Holes like this former, partially demolished, cinema in Derby. The old seats were still in place, except for a few that were torn off of their perches to allow dancing, if required. Again, another cavernous sounding audience recording,and again we are treated to a joint band version of \\\"Girls Don't Count\\\" for the rarity value. Due to cancellations, probably due to Ian's failing health, this would turn out to be the penultimate Joy Division performance, before.....well, you know what happened next.\",\"breadcrumb\":{\"@id\":\"https:\/\/wpguerssen-test.odoo.rgbconsulting.com\/es\/producto\/dance-to-the-radio-ajanta-theatre-derby-green\/#breadcrumb\"},\"inLanguage\":\"es\",\"potentialAction\":[{\"@type\":\"ReadAction\",\"target\":[\"https:\/\/wpguerssen-test.odoo.rgbconsulting.com\/es\/producto\/dance-to-the-radio-ajanta-theatre-derby-green\/\"]}]},{\"@type\":\"ImageObject\",\"inLanguage\":\"es\",\"@id\":\"https:\/\/wpguerssen-test.odoo.rgbconsulting.com\/es\/producto\/dance-to-the-radio-ajanta-theatre-derby-green\/#primaryimage\",\"url\":\"https:\/\/wpguerssen-test.odoo.rgbconsulting.com\/wp-content\/uploads\/2023\/03\/43224.jpg\",\"contentUrl\":\"https:\/\/wpguerssen-test.odoo.rgbconsulting.com\/wp-content\/uploads\/2023\/03\/43224.jpg\",\"width\":679,\"height\":508,\"caption\":\"Derby (Green) - DEAR BOSS (LP) | Guerssen\"},{\"@type\":\"BreadcrumbList\",\"@id\":\"https:\/\/wpguerssen-test.odoo.rgbconsulting.com\/es\/producto\/dance-to-the-radio-ajanta-theatre-derby-green\/#breadcrumb\",\"itemListElement\":[{\"@type\":\"ListItem\",\"position\":1,\"name\":\"Inicio\",\"item\":\"https:\/\/wpguerssen-test.odoo.rgbconsulting.com\/es\/\"},{\"@type\":\"ListItem\",\"position\":2,\"name\":\"Shop\",\"item\":\"https:\/\/wpguerssen-test.odoo.rgbconsulting.com\/shop\/\"},{\"@type\":\"ListItem\",\"position\":3,\"name\":\"Dance To The Radio: Ajanta Theatre, Derby (Green)\"}]},{\"@type\":\"WebSite\",\"@id\":\"https:\/\/wpguerssen-test.odoo.rgbconsulting.com\/es\/#website\",\"url\":\"https:\/\/wpguerssen-test.odoo.rgbconsulting.com\/es\/\",\"name\":\"Guerssen records\",\"description\":\"psychedelia - progressive - folk - garage \",\"publisher\":{\"@id\":\"https:\/\/wpguerssen-test.odoo.rgbconsulting.com\/es\/#organization\"},\"potentialAction\":[{\"@type\":\"SearchAction\",\"target\":{\"@type\":\"EntryPoint\",\"urlTemplate\":\"https:\/\/wpguerssen-test.odoo.rgbconsulting.com\/es\/?s={search_term_string}\"},\"query-input\":{\"@type\":\"PropertyValueSpecification\",\"valueRequired\":true,\"valueName\":\"search_term_string\"}}],\"inLanguage\":\"es\"},{\"@type\":\"Organization\",\"@id\":\"https:\/\/wpguerssen-test.odoo.rgbconsulting.com\/es\/#organization\",\"name\":\"Guerssen records\",\"url\":\"https:\/\/wpguerssen-test.odoo.rgbconsulting.com\/es\/\",\"logo\":{\"@type\":\"ImageObject\",\"inLanguage\":\"es\",\"@id\":\"https:\/\/wpguerssen-test.odoo.rgbconsulting.com\/es\/#\/schema\/logo\/image\/\",\"url\":\"https:\/\/wpguerssen-test.odoo.rgbconsulting.com\/wp-content\/uploads\/2022\/04\/Logo_Guerssen_trans_100.png\",\"contentUrl\":\"https:\/\/wpguerssen-test.odoo.rgbconsulting.com\/wp-content\/uploads\/2022\/04\/Logo_Guerssen_trans_100.png\",\"width\":122,\"height\":100,\"caption\":\"Guerssen records\"},\"image\":{\"@id\":\"https:\/\/wpguerssen-test.odoo.rgbconsulting.com\/es\/#\/schema\/logo\/image\/\"}}]}<\/script>\n<!-- \/ Yoast SEO plugin. -->","yoast_head_json":{"title":"JOY DIVISION - Dance To The Radio: Ajanta Theatre, Derby (Green) -  (LP) | Guerssen","description":"Massive as Joy Division were becoming, they still played Shit-Holes like this former, partially demolished, cinema in Derby. The old seats were still in place, except for a few that were torn off of their perches to allow dancing, if required. Again, another cavernous sounding audience recording,and again we are treated to a joint band version of \"Girls Don't Count\" for the rarity value. Due to cancellations, probably due to Ian's failing health, this would turn out to be the penultimate Joy Division performance, before.....well, you know what happened next.","robots":{"index":"index","follow":"follow","max-snippet":"max-snippet:-1","max-image-preview":"max-image-preview:large","max-video-preview":"max-video-preview:-1"},"canonical":"https:\/\/wpguerssen-test.odoo.rgbconsulting.com\/es\/producto\/dance-to-the-radio-ajanta-theatre-derby-green\/","og_locale":"es_ES","og_type":"article","og_title":"JOY DIVISION - Dance To The Radio: Ajanta Theatre, Derby (Green) -  (LP) | Guerssen","og_description":"Massive as Joy Division were becoming, they still played Shit-Holes like this former, partially demolished, cinema in Derby. The old seats were still in place, except for a few that were torn off of their perches to allow dancing, if required. Again, another cavernous sounding audience recording,and again we are treated to a joint band version of \"Girls Don't Count\" for the rarity value. Due to cancellations, probably due to Ian's failing health, this would turn out to be the penultimate Joy Division performance, before.....well, you know what happened next.","og_url":"https:\/\/wpguerssen-test.odoo.rgbconsulting.com\/es\/producto\/dance-to-the-radio-ajanta-theatre-derby-green\/","og_site_name":"Guerssen records","article_modified_time":"2025-02-20T17:33:19+00:00","og_image":[{"width":679,"height":508,"url":"https:\/\/wpguerssen-test.odoo.rgbconsulting.com\/wp-content\/uploads\/2023\/03\/43224.jpg","type":"image\/jpeg"}],"twitter_card":"summary_large_image","twitter_title":"JOY DIVISION - Dance To The Radio: Ajanta Theatre, Derby (Green) -  (LP) | Guerssen","twitter_misc":{"Tiempo de lectura":"1 minuto"},"schema":{"@context":"https:\/\/schema.org","@graph":[{"@type":"WebPage","@id":"https:\/\/wpguerssen-test.odoo.rgbconsulting.com\/es\/producto\/dance-to-the-radio-ajanta-theatre-derby-green\/","url":"https:\/\/wpguerssen-test.odoo.rgbconsulting.com\/es\/producto\/dance-to-the-radio-ajanta-theatre-derby-green\/","name":"JOY DIVISION - Dance To The Radio: Ajanta Theatre, Derby (Green) - (LP) | Guerssen","isPartOf":{"@id":"https:\/\/wpguerssen-test.odoo.rgbconsulting.com\/es\/#website"},"primaryImageOfPage":{"@id":"https:\/\/wpguerssen-test.odoo.rgbconsulting.com\/es\/producto\/dance-to-the-radio-ajanta-theatre-derby-green\/#primaryimage"},"image":{"@id":"https:\/\/wpguerssen-test.odoo.rgbconsulting.com\/es\/producto\/dance-to-the-radio-ajanta-theatre-derby-green\/#primaryimage"},"thumbnailUrl":"https:\/\/wpguerssen-test.odoo.rgbconsulting.com\/wp-content\/uploads\/2023\/03\/43224.jpg","datePublished":"2023-04-02T22:00:00+00:00","dateModified":"2025-02-20T17:33:19+00:00","description":"Massive as Joy Division were becoming, they still played Shit-Holes like this former, partially demolished, cinema in Derby. The old seats were still in place, except for a few that were torn off of their perches to allow dancing, if required. Again, another cavernous sounding audience recording,and again we are treated to a joint band version of \"Girls Don't Count\" for the rarity value. Due to cancellations, probably due to Ian's failing health, this would turn out to be the penultimate Joy Division performance, before.....well, you know what happened next.","breadcrumb":{"@id":"https:\/\/wpguerssen-test.odoo.rgbconsulting.com\/es\/producto\/dance-to-the-radio-ajanta-theatre-derby-green\/#breadcrumb"},"inLanguage":"es","potentialAction":[{"@type":"ReadAction","target":["https:\/\/wpguerssen-test.odoo.rgbconsulting.com\/es\/producto\/dance-to-the-radio-ajanta-theatre-derby-green\/"]}]},{"@type":"ImageObject","inLanguage":"es","@id":"https:\/\/wpguerssen-test.odoo.rgbconsulting.com\/es\/producto\/dance-to-the-radio-ajanta-theatre-derby-green\/#primaryimage","url":"https:\/\/wpguerssen-test.odoo.rgbconsulting.com\/wp-content\/uploads\/2023\/03\/43224.jpg","contentUrl":"https:\/\/wpguerssen-test.odoo.rgbconsulting.com\/wp-content\/uploads\/2023\/03\/43224.jpg","width":679,"height":508,"caption":"Derby (Green) - DEAR BOSS (LP) | Guerssen"},{"@type":"BreadcrumbList","@id":"https:\/\/wpguerssen-test.odoo.rgbconsulting.com\/es\/producto\/dance-to-the-radio-ajanta-theatre-derby-green\/#breadcrumb","itemListElement":[{"@type":"ListItem","position":1,"name":"Inicio","item":"https:\/\/wpguerssen-test.odoo.rgbconsulting.com\/es\/"},{"@type":"ListItem","position":2,"name":"Shop","item":"https:\/\/wpguerssen-test.odoo.rgbconsulting.com\/shop\/"},{"@type":"ListItem","position":3,"name":"Dance To The Radio: Ajanta Theatre, Derby (Green)"}]},{"@type":"WebSite","@id":"https:\/\/wpguerssen-test.odoo.rgbconsulting.com\/es\/#website","url":"https:\/\/wpguerssen-test.odoo.rgbconsulting.com\/es\/","name":"Guerssen records","description":"psychedelia - progressive - folk - garage ","publisher":{"@id":"https:\/\/wpguerssen-test.odoo.rgbconsulting.com\/es\/#organization"},"potentialAction":[{"@type":"SearchAction","target":{"@type":"EntryPoint","urlTemplate":"https:\/\/wpguerssen-test.odoo.rgbconsulting.com\/es\/?s={search_term_string}"},"query-input":{"@type":"PropertyValueSpecification","valueRequired":true,"valueName":"search_term_string"}}],"inLanguage":"es"},{"@type":"Organization","@id":"https:\/\/wpguerssen-test.odoo.rgbconsulting.com\/es\/#organization","name":"Guerssen records","url":"https:\/\/wpguerssen-test.odoo.rgbconsulting.com\/es\/","logo":{"@type":"ImageObject","inLanguage":"es","@id":"https:\/\/wpguerssen-test.odoo.rgbconsulting.com\/es\/#\/schema\/logo\/image\/","url":"https:\/\/wpguerssen-test.odoo.rgbconsulting.com\/wp-content\/uploads\/2022\/04\/Logo_Guerssen_trans_100.png","contentUrl":"https:\/\/wpguerssen-test.odoo.rgbconsulting.com\/wp-content\/uploads\/2022\/04\/Logo_Guerssen_trans_100.png","width":122,"height":100,"caption":"Guerssen records"},"image":{"@id":"https:\/\/wpguerssen-test.odoo.rgbconsulting.com\/es\/#\/schema\/logo\/image\/"}}]}},"_links":{"self":[{"href":"https:\/\/wpguerssen-test.odoo.rgbconsulting.com\/es\/wp-json\/wp\/v2\/product\/229484","targetHints":{"allow":["GET"]}}],"collection":[{"href":"https:\/\/wpguerssen-test.odoo.rgbconsulting.com\/es\/wp-json\/wp\/v2\/product"}],"about":[{"href":"https:\/\/wpguerssen-test.odoo.rgbconsulting.com\/es\/wp-json\/wp\/v2\/types\/product"}],"wp:featuredmedia":[{"embeddable":true,"href":"https:\/\/wpguerssen-test.odoo.rgbconsulting.com\/es\/wp-json\/wp\/v2\/media\/229596"}],"wp:attachment":[{"href":"https:\/\/wpguerssen-test.odoo.rgbconsulting.com\/es\/wp-json\/wp\/v2\/media?parent=229484"}],"wp:term":[{"taxonomy":"product_brand","embeddable":true,"href":"https:\/\/wpguerssen-test.odoo.rgbconsulting.com\/es\/wp-json\/wp\/v2\/product_brand?post=229484"},{"taxonomy":"product_cat","embeddable":true,"href":"https:\/\/wpguerssen-test.odoo.rgbconsulting.com\/es\/wp-json\/wp\/v2\/product_cat?post=229484"},{"taxonomy":"product_tag","embeddable":true,"href":"https:\/\/wpguerssen-test.odoo.rgbconsulting.com\/es\/wp-json\/wp\/v2\/product_tag?post=229484"}],"curies":[{"name":"wp","href":"https:\/\/api.w.org\/{rel}","templated":true}]}}