{"id":229627,"date":"2023-03-28T00:00:00","date_gmt":"2023-03-27T22:00:00","guid":{"rendered":"https:\/\/wpguerssen-test.odoo.rgbconsulting.com\/product\/in-a-minor-groove\/"},"modified":"2025-01-15T15:58:44","modified_gmt":"2025-01-15T14:58:44","slug":"in-a-minor-groove","status":"publish","type":"product","link":"https:\/\/wpguerssen-test.odoo.rgbconsulting.com\/es\/producto\/in-a-minor-groove\/","title":{"rendered":"In A Minor Groove"},"content":{"rendered":"<p>Ashby punte\u00f3 y rasgue\u00f3 h\u00e1bilmente el arpa como nadie m\u00e1s, como lo demuestra una \u00fanica reedici\u00f3n que contiene sus dos mejores LP para los sellos Prestige y Prestige\/New Jazz de 1958: Hip Harp e In a Minor Groove. Junto con sus esfuerzos anteriores para el sello Savoy, colectivamente representan una discograf\u00eda peque\u00f1a pero sustantiva para la nativa de Detroit en entornos de grupos peque\u00f1os. Con los excepcionales sonidos de flauta producidos por Frank Wess, el combo toca m\u00fasica que est\u00e1 orientada a trav\u00e9s de un paladar sonoro \u00fanico, mejorado a\u00fan m\u00e1s por los directores en los est\u00e1ndares y originales que han elegido. El compa\u00f1ero de Detroit, Herman Wright, est\u00e1 aqu\u00ed en el bajo, con funciones divididas entre los legendarios bateristas Art Taylor y Roy Haynes, quienes ponen especial \u00e9nfasis en la pincelada sutil. Por supuesto, la consigna del sonido de Ashby es la elegancia, mientras ella y Wess tejen hilos m\u00e1gicos de oro y plata a trav\u00e9s de est\u00e1ndares como el circular y pr\u00edstino \u00abMoonlight in Vermont\u00bb, el dram\u00e1tico y lento \u00abYesterdays\u00bb o el triste \u00abAlone Together\u00bb. La variedad de esta colecci\u00f3n es impresionante, ya que escucha proclamaciones cinematogr\u00e1ficas de blues en \u00abAutumn in Rome\u00bb, misterio sorprendente en \u00abTaboo\u00bb, gui\u00f1os traviesos y astutos durante \u00abRascallity\u00bb y un ritmo sexy de calipso a swing como \u00abYou&#8217; d Be So Nice to Come Home To\u00bb.<\/p>\n","protected":false},"excerpt":{"rendered":"<p>Ashby punte\u00f3 y rasgue\u00f3 h\u00e1bilmente el arpa como nadie m\u00e1s, como lo demuestra una \u00fanica reedici\u00f3n que contiene sus dos mejores LP para los sellos Prestige y Prestige\/New<a class=\"read\" href=\"https:\/\/wpguerssen-test.odoo.rgbconsulting.com\/es\/producto\/in-a-minor-groove\/\"> (...)<\/a>","protected":false},"featured_media":229577,"template":"","meta":{"_acf_changed":false},"product_brand":[],"product_cat":[23227],"product_tag":[],"class_list":{"0":"post-229627","1":"product","2":"type-product","3":"status-publish","4":"has-post-thumbnail","6":"product_cat-jazz-es","7":"pa_artist-ashby-dorothy-wess-frank","8":"pa_format-lp-es","9":"pa_gender-jazz","10":"pa_label-sowing-records","11":"pa_location-north-america-es","12":"pa_other-filters-vinyl-only-es","14":"first","15":"instock","16":"taxable","17":"shipping-taxable","18":"purchasable","19":"product-type-simple"},"acf":[],"yoast_head":"<!-- This site is optimized with the Yoast SEO plugin v24.9 - https:\/\/yoast.com\/wordpress\/plugins\/seo\/ -->\n<title>ASHBY, Dorothy \/ WESS, Frank - In A Minor Groove -  (LP) | Guerssen<\/title>\n<meta name=\"description\" content=\"Dorothy Ashby was the very best and most swinging performer on the multi-stringed instrument associated with the gates of heaven. Here on Earth, Ashby adeptly plucked and strummed the harp like nobody else, as evidenced on a single reissue containing her two best LPs for the Prestige and Prestige\/New Jazz labels from 1958 -- Hip Harp and In a Minor Groove. Alongside her prior efforts for the Savoy label, they collectively represent a small but substantive discography for the Detroit native in small group settings. With the exceptional flute sounds produced by Frank Wess, the combo plays music that is oriented via a unique sonic palate, further enhanced by the principals in the standards and originals they have chosen. Fellow Detroiter Herman Wright is here on bass, with duties split between legendary drummers Art Taylor and Roy Haynes, who place particular emphasis on subtle brushwork. Of course, the watchword of Ashby&#039;s sound is elegance, as she and Wess weave magical threads of gold and silver through standards like the circular and pristine &quot;Moonlight in Vermont,&quot; the dramatic, slow &quot;Yesterdays,&quot; or the sad &quot;Alone Together.&quot; In a more Baroque or chamber setting, &quot;Charmain&quot; and &quot;It&#039;s a Minor Thing&quot; have Wess and Ashby thinking on a regal or Grecian platform. The variety on this collection is impressive, as you hear cinematic bluesy proclamations on &quot;Autumn in Rome,&quot; striking mystery in &quot;Taboo,&quot; mischievous and sly winks during &quot;Rascallity,&quot; and a sexy calypso-to-swing beat as &quot;You&#039;d Be So Nice to Come Home To&quot; unfolds.\" \/>\n<meta name=\"robots\" content=\"index, follow, max-snippet:-1, max-image-preview:large, max-video-preview:-1\" \/>\n<link rel=\"canonical\" href=\"https:\/\/wpguerssen-test.odoo.rgbconsulting.com\/es\/producto\/in-a-minor-groove\/\" \/>\n<meta property=\"og:locale\" content=\"es_ES\" \/>\n<meta property=\"og:type\" content=\"article\" \/>\n<meta property=\"og:title\" content=\"ASHBY, Dorothy \/ WESS, Frank - In A Minor Groove -  (LP) | Guerssen\" \/>\n<meta property=\"og:description\" content=\"Dorothy Ashby was the very best and most swinging performer on the multi-stringed instrument associated with the gates of heaven. Here on Earth, Ashby adeptly plucked and strummed the harp like nobody else, as evidenced on a single reissue containing her two best LPs for the Prestige and Prestige\/New Jazz labels from 1958 -- Hip Harp and In a Minor Groove. Alongside her prior efforts for the Savoy label, they collectively represent a small but substantive discography for the Detroit native in small group settings. With the exceptional flute sounds produced by Frank Wess, the combo plays music that is oriented via a unique sonic palate, further enhanced by the principals in the standards and originals they have chosen. Fellow Detroiter Herman Wright is here on bass, with duties split between legendary drummers Art Taylor and Roy Haynes, who place particular emphasis on subtle brushwork. Of course, the watchword of Ashby&#039;s sound is elegance, as she and Wess weave magical threads of gold and silver through standards like the circular and pristine &quot;Moonlight in Vermont,&quot; the dramatic, slow &quot;Yesterdays,&quot; or the sad &quot;Alone Together.&quot; In a more Baroque or chamber setting, &quot;Charmain&quot; and &quot;It&#039;s a Minor Thing&quot; have Wess and Ashby thinking on a regal or Grecian platform. The variety on this collection is impressive, as you hear cinematic bluesy proclamations on &quot;Autumn in Rome,&quot; striking mystery in &quot;Taboo,&quot; mischievous and sly winks during &quot;Rascallity,&quot; and a sexy calypso-to-swing beat as &quot;You&#039;d Be So Nice to Come Home To&quot; unfolds.\" \/>\n<meta property=\"og:url\" content=\"https:\/\/wpguerssen-test.odoo.rgbconsulting.com\/es\/producto\/in-a-minor-groove\/\" \/>\n<meta property=\"og:site_name\" content=\"Guerssen records\" \/>\n<meta property=\"article:modified_time\" content=\"2025-01-15T14:58:44+00:00\" \/>\n<meta property=\"og:image\" content=\"https:\/\/wpguerssen-test.odoo.rgbconsulting.com\/wp-content\/uploads\/2023\/03\/43170.jpg\" \/>\n\t<meta property=\"og:image:width\" content=\"1400\" \/>\n\t<meta property=\"og:image:height\" content=\"1400\" \/>\n\t<meta property=\"og:image:type\" content=\"image\/jpeg\" \/>\n<meta name=\"twitter:card\" content=\"summary_large_image\" \/>\n<meta name=\"twitter:title\" content=\"ASHBY, Dorothy \/ WESS, Frank - In A Minor Groove -  (LP) | Guerssen\" \/>\n<meta name=\"twitter:label1\" content=\"Tiempo de lectura\" \/>\n\t<meta name=\"twitter:data1\" content=\"1 minuto\" \/>\n<script type=\"application\/ld+json\" class=\"yoast-schema-graph\">{\"@context\":\"https:\/\/schema.org\",\"@graph\":[{\"@type\":\"WebPage\",\"@id\":\"https:\/\/wpguerssen-test.odoo.rgbconsulting.com\/es\/producto\/in-a-minor-groove\/\",\"url\":\"https:\/\/wpguerssen-test.odoo.rgbconsulting.com\/es\/producto\/in-a-minor-groove\/\",\"name\":\"ASHBY, Dorothy \/ WESS, Frank - In A Minor Groove - (LP) | Guerssen\",\"isPartOf\":{\"@id\":\"https:\/\/wpguerssen-test.odoo.rgbconsulting.com\/es\/#website\"},\"primaryImageOfPage\":{\"@id\":\"https:\/\/wpguerssen-test.odoo.rgbconsulting.com\/es\/producto\/in-a-minor-groove\/#primaryimage\"},\"image\":{\"@id\":\"https:\/\/wpguerssen-test.odoo.rgbconsulting.com\/es\/producto\/in-a-minor-groove\/#primaryimage\"},\"thumbnailUrl\":\"https:\/\/wpguerssen-test.odoo.rgbconsulting.com\/wp-content\/uploads\/2023\/03\/43170.jpg\",\"datePublished\":\"2023-03-27T22:00:00+00:00\",\"dateModified\":\"2025-01-15T14:58:44+00:00\",\"description\":\"Dorothy Ashby was the very best and most swinging performer on the multi-stringed instrument associated with the gates of heaven. Here on Earth, Ashby adeptly plucked and strummed the harp like nobody else, as evidenced on a single reissue containing her two best LPs for the Prestige and Prestige\/New Jazz labels from 1958 -- Hip Harp and In a Minor Groove. Alongside her prior efforts for the Savoy label, they collectively represent a small but substantive discography for the Detroit native in small group settings. With the exceptional flute sounds produced by Frank Wess, the combo plays music that is oriented via a unique sonic palate, further enhanced by the principals in the standards and originals they have chosen. Fellow Detroiter Herman Wright is here on bass, with duties split between legendary drummers Art Taylor and Roy Haynes, who place particular emphasis on subtle brushwork. Of course, the watchword of Ashby's sound is elegance, as she and Wess weave magical threads of gold and silver through standards like the circular and pristine \\\"Moonlight in Vermont,\\\" the dramatic, slow \\\"Yesterdays,\\\" or the sad \\\"Alone Together.\\\" In a more Baroque or chamber setting, \\\"Charmain\\\" and \\\"It's a Minor Thing\\\" have Wess and Ashby thinking on a regal or Grecian platform. The variety on this collection is impressive, as you hear cinematic bluesy proclamations on \\\"Autumn in Rome,\\\" striking mystery in \\\"Taboo,\\\" mischievous and sly winks during \\\"Rascallity,\\\" and a sexy calypso-to-swing beat as \\\"You'd Be So Nice to Come Home To\\\" unfolds.\",\"breadcrumb\":{\"@id\":\"https:\/\/wpguerssen-test.odoo.rgbconsulting.com\/es\/producto\/in-a-minor-groove\/#breadcrumb\"},\"inLanguage\":\"es\",\"potentialAction\":[{\"@type\":\"ReadAction\",\"target\":[\"https:\/\/wpguerssen-test.odoo.rgbconsulting.com\/es\/producto\/in-a-minor-groove\/\"]}]},{\"@type\":\"ImageObject\",\"inLanguage\":\"es\",\"@id\":\"https:\/\/wpguerssen-test.odoo.rgbconsulting.com\/es\/producto\/in-a-minor-groove\/#primaryimage\",\"url\":\"https:\/\/wpguerssen-test.odoo.rgbconsulting.com\/wp-content\/uploads\/2023\/03\/43170.jpg\",\"contentUrl\":\"https:\/\/wpguerssen-test.odoo.rgbconsulting.com\/wp-content\/uploads\/2023\/03\/43170.jpg\",\"width\":1400,\"height\":1400,\"caption\":\"Dorothy \/ WESS\"},{\"@type\":\"BreadcrumbList\",\"@id\":\"https:\/\/wpguerssen-test.odoo.rgbconsulting.com\/es\/producto\/in-a-minor-groove\/#breadcrumb\",\"itemListElement\":[{\"@type\":\"ListItem\",\"position\":1,\"name\":\"Inicio\",\"item\":\"https:\/\/wpguerssen-test.odoo.rgbconsulting.com\/es\/\"},{\"@type\":\"ListItem\",\"position\":2,\"name\":\"Shop\",\"item\":\"https:\/\/wpguerssen-test.odoo.rgbconsulting.com\/shop\/\"},{\"@type\":\"ListItem\",\"position\":3,\"name\":\"In A Minor Groove\"}]},{\"@type\":\"WebSite\",\"@id\":\"https:\/\/wpguerssen-test.odoo.rgbconsulting.com\/es\/#website\",\"url\":\"https:\/\/wpguerssen-test.odoo.rgbconsulting.com\/es\/\",\"name\":\"Guerssen records\",\"description\":\"psychedelia - progressive - folk - garage \",\"publisher\":{\"@id\":\"https:\/\/wpguerssen-test.odoo.rgbconsulting.com\/es\/#organization\"},\"potentialAction\":[{\"@type\":\"SearchAction\",\"target\":{\"@type\":\"EntryPoint\",\"urlTemplate\":\"https:\/\/wpguerssen-test.odoo.rgbconsulting.com\/es\/?s={search_term_string}\"},\"query-input\":{\"@type\":\"PropertyValueSpecification\",\"valueRequired\":true,\"valueName\":\"search_term_string\"}}],\"inLanguage\":\"es\"},{\"@type\":\"Organization\",\"@id\":\"https:\/\/wpguerssen-test.odoo.rgbconsulting.com\/es\/#organization\",\"name\":\"Guerssen records\",\"url\":\"https:\/\/wpguerssen-test.odoo.rgbconsulting.com\/es\/\",\"logo\":{\"@type\":\"ImageObject\",\"inLanguage\":\"es\",\"@id\":\"https:\/\/wpguerssen-test.odoo.rgbconsulting.com\/es\/#\/schema\/logo\/image\/\",\"url\":\"https:\/\/wpguerssen-test.odoo.rgbconsulting.com\/wp-content\/uploads\/2022\/04\/Logo_Guerssen_trans_100.png\",\"contentUrl\":\"https:\/\/wpguerssen-test.odoo.rgbconsulting.com\/wp-content\/uploads\/2022\/04\/Logo_Guerssen_trans_100.png\",\"width\":122,\"height\":100,\"caption\":\"Guerssen records\"},\"image\":{\"@id\":\"https:\/\/wpguerssen-test.odoo.rgbconsulting.com\/es\/#\/schema\/logo\/image\/\"}}]}<\/script>\n<!-- \/ Yoast SEO plugin. -->","yoast_head_json":{"title":"ASHBY, Dorothy \/ WESS, Frank - In A Minor Groove -  (LP) | Guerssen","description":"Dorothy Ashby was the very best and most swinging performer on the multi-stringed instrument associated with the gates of heaven. Here on Earth, Ashby adeptly plucked and strummed the harp like nobody else, as evidenced on a single reissue containing her two best LPs for the Prestige and Prestige\/New Jazz labels from 1958 -- Hip Harp and In a Minor Groove. Alongside her prior efforts for the Savoy label, they collectively represent a small but substantive discography for the Detroit native in small group settings. With the exceptional flute sounds produced by Frank Wess, the combo plays music that is oriented via a unique sonic palate, further enhanced by the principals in the standards and originals they have chosen. Fellow Detroiter Herman Wright is here on bass, with duties split between legendary drummers Art Taylor and Roy Haynes, who place particular emphasis on subtle brushwork. Of course, the watchword of Ashby's sound is elegance, as she and Wess weave magical threads of gold and silver through standards like the circular and pristine \"Moonlight in Vermont,\" the dramatic, slow \"Yesterdays,\" or the sad \"Alone Together.\" In a more Baroque or chamber setting, \"Charmain\" and \"It's a Minor Thing\" have Wess and Ashby thinking on a regal or Grecian platform. The variety on this collection is impressive, as you hear cinematic bluesy proclamations on \"Autumn in Rome,\" striking mystery in \"Taboo,\" mischievous and sly winks during \"Rascallity,\" and a sexy calypso-to-swing beat as \"You'd Be So Nice to Come Home To\" unfolds.","robots":{"index":"index","follow":"follow","max-snippet":"max-snippet:-1","max-image-preview":"max-image-preview:large","max-video-preview":"max-video-preview:-1"},"canonical":"https:\/\/wpguerssen-test.odoo.rgbconsulting.com\/es\/producto\/in-a-minor-groove\/","og_locale":"es_ES","og_type":"article","og_title":"ASHBY, Dorothy \/ WESS, Frank - In A Minor Groove -  (LP) | Guerssen","og_description":"Dorothy Ashby was the very best and most swinging performer on the multi-stringed instrument associated with the gates of heaven. Here on Earth, Ashby adeptly plucked and strummed the harp like nobody else, as evidenced on a single reissue containing her two best LPs for the Prestige and Prestige\/New Jazz labels from 1958 -- Hip Harp and In a Minor Groove. Alongside her prior efforts for the Savoy label, they collectively represent a small but substantive discography for the Detroit native in small group settings. With the exceptional flute sounds produced by Frank Wess, the combo plays music that is oriented via a unique sonic palate, further enhanced by the principals in the standards and originals they have chosen. Fellow Detroiter Herman Wright is here on bass, with duties split between legendary drummers Art Taylor and Roy Haynes, who place particular emphasis on subtle brushwork. Of course, the watchword of Ashby's sound is elegance, as she and Wess weave magical threads of gold and silver through standards like the circular and pristine \"Moonlight in Vermont,\" the dramatic, slow \"Yesterdays,\" or the sad \"Alone Together.\" In a more Baroque or chamber setting, \"Charmain\" and \"It's a Minor Thing\" have Wess and Ashby thinking on a regal or Grecian platform. The variety on this collection is impressive, as you hear cinematic bluesy proclamations on \"Autumn in Rome,\" striking mystery in \"Taboo,\" mischievous and sly winks during \"Rascallity,\" and a sexy calypso-to-swing beat as \"You'd Be So Nice to Come Home To\" unfolds.","og_url":"https:\/\/wpguerssen-test.odoo.rgbconsulting.com\/es\/producto\/in-a-minor-groove\/","og_site_name":"Guerssen records","article_modified_time":"2025-01-15T14:58:44+00:00","og_image":[{"width":1400,"height":1400,"url":"https:\/\/wpguerssen-test.odoo.rgbconsulting.com\/wp-content\/uploads\/2023\/03\/43170.jpg","type":"image\/jpeg"}],"twitter_card":"summary_large_image","twitter_title":"ASHBY, Dorothy \/ WESS, Frank - In A Minor Groove -  (LP) | Guerssen","twitter_misc":{"Tiempo de lectura":"1 minuto"},"schema":{"@context":"https:\/\/schema.org","@graph":[{"@type":"WebPage","@id":"https:\/\/wpguerssen-test.odoo.rgbconsulting.com\/es\/producto\/in-a-minor-groove\/","url":"https:\/\/wpguerssen-test.odoo.rgbconsulting.com\/es\/producto\/in-a-minor-groove\/","name":"ASHBY, Dorothy \/ WESS, Frank - In A Minor Groove - (LP) | Guerssen","isPartOf":{"@id":"https:\/\/wpguerssen-test.odoo.rgbconsulting.com\/es\/#website"},"primaryImageOfPage":{"@id":"https:\/\/wpguerssen-test.odoo.rgbconsulting.com\/es\/producto\/in-a-minor-groove\/#primaryimage"},"image":{"@id":"https:\/\/wpguerssen-test.odoo.rgbconsulting.com\/es\/producto\/in-a-minor-groove\/#primaryimage"},"thumbnailUrl":"https:\/\/wpguerssen-test.odoo.rgbconsulting.com\/wp-content\/uploads\/2023\/03\/43170.jpg","datePublished":"2023-03-27T22:00:00+00:00","dateModified":"2025-01-15T14:58:44+00:00","description":"Dorothy Ashby was the very best and most swinging performer on the multi-stringed instrument associated with the gates of heaven. Here on Earth, Ashby adeptly plucked and strummed the harp like nobody else, as evidenced on a single reissue containing her two best LPs for the Prestige and Prestige\/New Jazz labels from 1958 -- Hip Harp and In a Minor Groove. Alongside her prior efforts for the Savoy label, they collectively represent a small but substantive discography for the Detroit native in small group settings. With the exceptional flute sounds produced by Frank Wess, the combo plays music that is oriented via a unique sonic palate, further enhanced by the principals in the standards and originals they have chosen. Fellow Detroiter Herman Wright is here on bass, with duties split between legendary drummers Art Taylor and Roy Haynes, who place particular emphasis on subtle brushwork. Of course, the watchword of Ashby's sound is elegance, as she and Wess weave magical threads of gold and silver through standards like the circular and pristine \"Moonlight in Vermont,\" the dramatic, slow \"Yesterdays,\" or the sad \"Alone Together.\" In a more Baroque or chamber setting, \"Charmain\" and \"It's a Minor Thing\" have Wess and Ashby thinking on a regal or Grecian platform. The variety on this collection is impressive, as you hear cinematic bluesy proclamations on \"Autumn in Rome,\" striking mystery in \"Taboo,\" mischievous and sly winks during \"Rascallity,\" and a sexy calypso-to-swing beat as \"You'd Be So Nice to Come Home To\" unfolds.","breadcrumb":{"@id":"https:\/\/wpguerssen-test.odoo.rgbconsulting.com\/es\/producto\/in-a-minor-groove\/#breadcrumb"},"inLanguage":"es","potentialAction":[{"@type":"ReadAction","target":["https:\/\/wpguerssen-test.odoo.rgbconsulting.com\/es\/producto\/in-a-minor-groove\/"]}]},{"@type":"ImageObject","inLanguage":"es","@id":"https:\/\/wpguerssen-test.odoo.rgbconsulting.com\/es\/producto\/in-a-minor-groove\/#primaryimage","url":"https:\/\/wpguerssen-test.odoo.rgbconsulting.com\/wp-content\/uploads\/2023\/03\/43170.jpg","contentUrl":"https:\/\/wpguerssen-test.odoo.rgbconsulting.com\/wp-content\/uploads\/2023\/03\/43170.jpg","width":1400,"height":1400,"caption":"Dorothy \/ WESS"},{"@type":"BreadcrumbList","@id":"https:\/\/wpguerssen-test.odoo.rgbconsulting.com\/es\/producto\/in-a-minor-groove\/#breadcrumb","itemListElement":[{"@type":"ListItem","position":1,"name":"Inicio","item":"https:\/\/wpguerssen-test.odoo.rgbconsulting.com\/es\/"},{"@type":"ListItem","position":2,"name":"Shop","item":"https:\/\/wpguerssen-test.odoo.rgbconsulting.com\/shop\/"},{"@type":"ListItem","position":3,"name":"In A Minor Groove"}]},{"@type":"WebSite","@id":"https:\/\/wpguerssen-test.odoo.rgbconsulting.com\/es\/#website","url":"https:\/\/wpguerssen-test.odoo.rgbconsulting.com\/es\/","name":"Guerssen records","description":"psychedelia - progressive - folk - garage ","publisher":{"@id":"https:\/\/wpguerssen-test.odoo.rgbconsulting.com\/es\/#organization"},"potentialAction":[{"@type":"SearchAction","target":{"@type":"EntryPoint","urlTemplate":"https:\/\/wpguerssen-test.odoo.rgbconsulting.com\/es\/?s={search_term_string}"},"query-input":{"@type":"PropertyValueSpecification","valueRequired":true,"valueName":"search_term_string"}}],"inLanguage":"es"},{"@type":"Organization","@id":"https:\/\/wpguerssen-test.odoo.rgbconsulting.com\/es\/#organization","name":"Guerssen records","url":"https:\/\/wpguerssen-test.odoo.rgbconsulting.com\/es\/","logo":{"@type":"ImageObject","inLanguage":"es","@id":"https:\/\/wpguerssen-test.odoo.rgbconsulting.com\/es\/#\/schema\/logo\/image\/","url":"https:\/\/wpguerssen-test.odoo.rgbconsulting.com\/wp-content\/uploads\/2022\/04\/Logo_Guerssen_trans_100.png","contentUrl":"https:\/\/wpguerssen-test.odoo.rgbconsulting.com\/wp-content\/uploads\/2022\/04\/Logo_Guerssen_trans_100.png","width":122,"height":100,"caption":"Guerssen records"},"image":{"@id":"https:\/\/wpguerssen-test.odoo.rgbconsulting.com\/es\/#\/schema\/logo\/image\/"}}]}},"_links":{"self":[{"href":"https:\/\/wpguerssen-test.odoo.rgbconsulting.com\/es\/wp-json\/wp\/v2\/product\/229627","targetHints":{"allow":["GET"]}}],"collection":[{"href":"https:\/\/wpguerssen-test.odoo.rgbconsulting.com\/es\/wp-json\/wp\/v2\/product"}],"about":[{"href":"https:\/\/wpguerssen-test.odoo.rgbconsulting.com\/es\/wp-json\/wp\/v2\/types\/product"}],"wp:featuredmedia":[{"embeddable":true,"href":"https:\/\/wpguerssen-test.odoo.rgbconsulting.com\/es\/wp-json\/wp\/v2\/media\/229577"}],"wp:attachment":[{"href":"https:\/\/wpguerssen-test.odoo.rgbconsulting.com\/es\/wp-json\/wp\/v2\/media?parent=229627"}],"wp:term":[{"taxonomy":"product_brand","embeddable":true,"href":"https:\/\/wpguerssen-test.odoo.rgbconsulting.com\/es\/wp-json\/wp\/v2\/product_brand?post=229627"},{"taxonomy":"product_cat","embeddable":true,"href":"https:\/\/wpguerssen-test.odoo.rgbconsulting.com\/es\/wp-json\/wp\/v2\/product_cat?post=229627"},{"taxonomy":"product_tag","embeddable":true,"href":"https:\/\/wpguerssen-test.odoo.rgbconsulting.com\/es\/wp-json\/wp\/v2\/product_tag?post=229627"}],"curies":[{"name":"wp","href":"https:\/\/api.w.org\/{rel}","templated":true}]}}