{"id":229831,"date":"2023-10-25T00:00:00","date_gmt":"2023-10-24T22:00:00","guid":{"rendered":"https:\/\/wpguerssen-test.odoo.rgbconsulting.com\/product\/kortatu-extras\/"},"modified":"2025-03-03T15:53:48","modified_gmt":"2025-03-03T14:53:48","slug":"kortatu-extras","status":"publish","type":"product","link":"https:\/\/wpguerssen-test.odoo.rgbconsulting.com\/es\/producto\/kortatu-extras\/","title":{"rendered":"Kortatu (+ extras)"},"content":{"rendered":"<p>Kortatu comenzaron su andadura all\u00e1 por 1983 formado por Fermin Muguruza en voz y guitarra, su hermano I\u00f1igo Muguruza en bajo y coros, y Treku Armendariz a la bater\u00eda. Provenientes de la localidad de Ir\u00fan. Practicaron una buena y explosiva mezcla de ska punk y reggae. Fue una banda comprometida y divertida desde sus inicios, a medida que sacaron m\u00e1s discos, el euskera fue ganando terreno al igual que el compromiso pol\u00edtico, lo que les trajo serios problemas con la censura. Su primer \u00e1lbum fue compartido por tres grupos m\u00e1s que eran CICATRIZ, KONTUZ HI! y JOTAKIE. Kortatu: kortatu fue publicado en 1985 por So\u00f1ua. Fue una banda revolucionaria en todos los sentidos. Practicaron ska cuando nadie en el estado lo hac\u00eda. La referencia m\u00e1s cercana de Kortatu fue The Clash, legendaria banda brit\u00e1nica que fusionaba con gran genialidad el punk y el reggae. Ya en sus \u00e9pocas finales y en el \u00faltimo disco de estudio, Kortatu tuvo un acercamiento a la m\u00fasica rap (Kolpez Kolpez, Platinozko Sudurrak&#8230;). Ver a Public Enemy en Par\u00eds, en el 88, fue un impacto fort\u00edsimo, era la vuelta al punk&#8230; Este es el per\u00edodo exacto de transici\u00f3n entre Kortatu y lo que luego en 1990 ser\u00eda Negu Gorriak. Kortatu se disolvi\u00f3 en el 1989. Pero los hermanos Muguruza (I\u00f1igo y Ferm\u00edn), alma mater de aquella banda, ten\u00edan ya en mente un nuevo proyecto musical, de nombre Negu Gorriak (Inviernos Crudos, o Inviernos Rojos), junto a Kaki Arkarazo, miembro de M-Ak, quien hab\u00eda acompa\u00f1ado a Kortatu en su \u00faltima gira como segundo guitarrista. En 1990 aparece Negu Gorriak&#8230; pero eso ya es parte de otra historia.<\/p>\n","protected":false},"excerpt":{"rendered":"<p>Kortatu comenzaron su andadura all\u00e1 por 1983 formado por Fermin Muguruza en voz y guitarra, su hermano I\u00f1igo Muguruza en bajo y coros, y Treku Armendariz a la bater\u00eda.<a class=\"read\" href=\"https:\/\/wpguerssen-test.odoo.rgbconsulting.com\/es\/producto\/kortatu-extras\/\"> (...)<\/a>","protected":false},"featured_media":244158,"template":"","meta":{"_acf_changed":false},"product_brand":[],"product_cat":[21650],"product_tag":[],"class_list":{"0":"post-229831","1":"product","2":"type-product","3":"status-publish","4":"has-post-thumbnail","6":"product_cat-punk-es","7":"pa_artist-kortatu","8":"pa_format-lp-es","9":"pa_gender-punk","10":"pa_label-elkar","11":"pa_location-spain-es","12":"pa_other-filters-vinyl-only-es","14":"first","15":"instock","16":"taxable","17":"shipping-taxable","18":"purchasable","19":"product-type-simple"},"acf":[],"yoast_head":"<!-- This site is optimized with the Yoast SEO plugin v24.9 - https:\/\/yoast.com\/wordpress\/plugins\/seo\/ -->\n<title>KORTATU - Kortatu (+ extras) -  (LP) | Guerssen<\/title>\n<meta name=\"robots\" content=\"index, follow, max-snippet:-1, max-image-preview:large, max-video-preview:-1\" \/>\n<link rel=\"canonical\" href=\"https:\/\/wpguerssen-test.odoo.rgbconsulting.com\/es\/producto\/kortatu-extras\/\" \/>\n<meta property=\"og:locale\" content=\"es_ES\" \/>\n<meta property=\"og:type\" content=\"article\" \/>\n<meta property=\"og:title\" content=\"KORTATU - Kortatu (+ extras) -  (LP) | Guerssen\" \/>\n<meta property=\"og:description\" content=\"Kortatu comenzaron su andadura all\u00e1 por 1983 formado por Fermin Muguruza en voz y guitarra, su hermano I\u00f1igo Muguruza en bajo y coros, y Treku Armendariz a la bater\u00eda. Provenientes de la localidad de Ir\u00fan. Practicaron una buena y explosiva mezcla de ska punk y reggae. Fue una banda comprometida y divertida desde sus inicios, a medida que sacaron m\u00e1s discos, el euskera fue ganando terreno al igual que el compromiso pol\u00edtico, lo que les trajo serios problemas con la censura. Su primer \u00e1lbum fue compartido por tres grupos m\u00e1s que eran CICATRIZ, KONTUZ HI! y JOTAKIE. Kortatu: kortatu fue publicado en 1985 por So\u00f1ua. Fue una banda revolucionaria en todos los sentidos. Practicaron ska cuando nadie en el estado lo hac\u00eda. La referencia m\u00e1s cercana de Kortatu fue The Clash, legendaria banda brit\u00e1nica que fusionaba con gran genialidad el punk y el reggae. Ya en sus \u00e9pocas finales y en el \u00faltimo disco de estudio, Kortatu tuvo un acercamiento a la m\u00fasica rap (Kolpez Kolpez, Platinozko Sudurrak...). Ver a Public Enemy en Par\u00eds, en el 88, fue un impacto fort\u00edsimo, era la vuelta al punk... Este es el per\u00edodo exacto de transici\u00f3n entre Kortatu y lo que luego en 1990 ser\u00eda Negu Gorriak. Kortatu se disolvi\u00f3 en el 1989. Pero los hermanos Muguruza (I\u00f1igo y Ferm\u00edn), alma mater de aquella banda, ten\u00edan ya en mente un nuevo proyecto musical, de nombre Negu Gorriak (Inviernos Crudos, o Inviernos Rojos), junto a Kaki Arkarazo, miembro de M-Ak, quien hab\u00eda acompa\u00f1ado a Kortatu en su \u00faltima gira como segundo guitarrista. En 1990 aparece Negu Gorriak... pero eso ya es parte de otra historia.\" \/>\n<meta property=\"og:url\" content=\"https:\/\/wpguerssen-test.odoo.rgbconsulting.com\/es\/producto\/kortatu-extras\/\" \/>\n<meta property=\"og:site_name\" content=\"Guerssen records\" \/>\n<meta property=\"article:modified_time\" content=\"2025-03-03T14:53:48+00:00\" \/>\n<meta property=\"og:image\" content=\"https:\/\/wpguerssen-test.odoo.rgbconsulting.com\/wp-content\/uploads\/2023\/10\/43290.jpg\" \/>\n\t<meta property=\"og:image:width\" content=\"145\" \/>\n\t<meta property=\"og:image:height\" content=\"148\" \/>\n\t<meta property=\"og:image:type\" content=\"image\/jpeg\" \/>\n<meta name=\"twitter:card\" content=\"summary_large_image\" \/>\n<meta name=\"twitter:title\" content=\"KORTATU - Kortatu (+ extras) -  (LP) | Guerssen\" \/>\n<meta name=\"twitter:label1\" content=\"Tiempo de lectura\" \/>\n\t<meta name=\"twitter:data1\" content=\"1 minuto\" \/>\n<script type=\"application\/ld+json\" class=\"yoast-schema-graph\">{\"@context\":\"https:\/\/schema.org\",\"@graph\":[{\"@type\":\"WebPage\",\"@id\":\"https:\/\/wpguerssen-test.odoo.rgbconsulting.com\/es\/producto\/kortatu-extras\/\",\"url\":\"https:\/\/wpguerssen-test.odoo.rgbconsulting.com\/es\/producto\/kortatu-extras\/\",\"name\":\"KORTATU - Kortatu (+ extras) - (LP) | Guerssen\",\"isPartOf\":{\"@id\":\"https:\/\/wpguerssen-test.odoo.rgbconsulting.com\/es\/#website\"},\"primaryImageOfPage\":{\"@id\":\"https:\/\/wpguerssen-test.odoo.rgbconsulting.com\/es\/producto\/kortatu-extras\/#primaryimage\"},\"image\":{\"@id\":\"https:\/\/wpguerssen-test.odoo.rgbconsulting.com\/es\/producto\/kortatu-extras\/#primaryimage\"},\"thumbnailUrl\":\"https:\/\/wpguerssen-test.odoo.rgbconsulting.com\/wp-content\/uploads\/2023\/10\/43290.jpg\",\"datePublished\":\"2023-10-24T22:00:00+00:00\",\"dateModified\":\"2025-03-03T14:53:48+00:00\",\"breadcrumb\":{\"@id\":\"https:\/\/wpguerssen-test.odoo.rgbconsulting.com\/es\/producto\/kortatu-extras\/#breadcrumb\"},\"inLanguage\":\"es\",\"potentialAction\":[{\"@type\":\"ReadAction\",\"target\":[\"https:\/\/wpguerssen-test.odoo.rgbconsulting.com\/es\/producto\/kortatu-extras\/\"]}]},{\"@type\":\"ImageObject\",\"inLanguage\":\"es\",\"@id\":\"https:\/\/wpguerssen-test.odoo.rgbconsulting.com\/es\/producto\/kortatu-extras\/#primaryimage\",\"url\":\"https:\/\/wpguerssen-test.odoo.rgbconsulting.com\/wp-content\/uploads\/2023\/10\/43290.jpg\",\"contentUrl\":\"https:\/\/wpguerssen-test.odoo.rgbconsulting.com\/wp-content\/uploads\/2023\/10\/43290.jpg\",\"width\":145,\"height\":148},{\"@type\":\"BreadcrumbList\",\"@id\":\"https:\/\/wpguerssen-test.odoo.rgbconsulting.com\/es\/producto\/kortatu-extras\/#breadcrumb\",\"itemListElement\":[{\"@type\":\"ListItem\",\"position\":1,\"name\":\"Inicio\",\"item\":\"https:\/\/wpguerssen-test.odoo.rgbconsulting.com\/es\/\"},{\"@type\":\"ListItem\",\"position\":2,\"name\":\"Shop\",\"item\":\"https:\/\/wpguerssen-test.odoo.rgbconsulting.com\/shop\/\"},{\"@type\":\"ListItem\",\"position\":3,\"name\":\"Kortatu (+ extras)\"}]},{\"@type\":\"WebSite\",\"@id\":\"https:\/\/wpguerssen-test.odoo.rgbconsulting.com\/es\/#website\",\"url\":\"https:\/\/wpguerssen-test.odoo.rgbconsulting.com\/es\/\",\"name\":\"Guerssen records\",\"description\":\"psychedelia - progressive - folk - garage \",\"publisher\":{\"@id\":\"https:\/\/wpguerssen-test.odoo.rgbconsulting.com\/es\/#organization\"},\"potentialAction\":[{\"@type\":\"SearchAction\",\"target\":{\"@type\":\"EntryPoint\",\"urlTemplate\":\"https:\/\/wpguerssen-test.odoo.rgbconsulting.com\/es\/?s={search_term_string}\"},\"query-input\":{\"@type\":\"PropertyValueSpecification\",\"valueRequired\":true,\"valueName\":\"search_term_string\"}}],\"inLanguage\":\"es\"},{\"@type\":\"Organization\",\"@id\":\"https:\/\/wpguerssen-test.odoo.rgbconsulting.com\/es\/#organization\",\"name\":\"Guerssen records\",\"url\":\"https:\/\/wpguerssen-test.odoo.rgbconsulting.com\/es\/\",\"logo\":{\"@type\":\"ImageObject\",\"inLanguage\":\"es\",\"@id\":\"https:\/\/wpguerssen-test.odoo.rgbconsulting.com\/es\/#\/schema\/logo\/image\/\",\"url\":\"https:\/\/wpguerssen-test.odoo.rgbconsulting.com\/wp-content\/uploads\/2022\/04\/Logo_Guerssen_trans_100.png\",\"contentUrl\":\"https:\/\/wpguerssen-test.odoo.rgbconsulting.com\/wp-content\/uploads\/2022\/04\/Logo_Guerssen_trans_100.png\",\"width\":122,\"height\":100,\"caption\":\"Guerssen records\"},\"image\":{\"@id\":\"https:\/\/wpguerssen-test.odoo.rgbconsulting.com\/es\/#\/schema\/logo\/image\/\"}}]}<\/script>\n<!-- \/ Yoast SEO plugin. -->","yoast_head_json":{"title":"KORTATU - Kortatu (+ extras) -  (LP) | Guerssen","robots":{"index":"index","follow":"follow","max-snippet":"max-snippet:-1","max-image-preview":"max-image-preview:large","max-video-preview":"max-video-preview:-1"},"canonical":"https:\/\/wpguerssen-test.odoo.rgbconsulting.com\/es\/producto\/kortatu-extras\/","og_locale":"es_ES","og_type":"article","og_title":"KORTATU - Kortatu (+ extras) -  (LP) | Guerssen","og_description":"Kortatu comenzaron su andadura all\u00e1 por 1983 formado por Fermin Muguruza en voz y guitarra, su hermano I\u00f1igo Muguruza en bajo y coros, y Treku Armendariz a la bater\u00eda. Provenientes de la localidad de Ir\u00fan. Practicaron una buena y explosiva mezcla de ska punk y reggae. Fue una banda comprometida y divertida desde sus inicios, a medida que sacaron m\u00e1s discos, el euskera fue ganando terreno al igual que el compromiso pol\u00edtico, lo que les trajo serios problemas con la censura. Su primer \u00e1lbum fue compartido por tres grupos m\u00e1s que eran CICATRIZ, KONTUZ HI! y JOTAKIE. Kortatu: kortatu fue publicado en 1985 por So\u00f1ua. Fue una banda revolucionaria en todos los sentidos. Practicaron ska cuando nadie en el estado lo hac\u00eda. La referencia m\u00e1s cercana de Kortatu fue The Clash, legendaria banda brit\u00e1nica que fusionaba con gran genialidad el punk y el reggae. Ya en sus \u00e9pocas finales y en el \u00faltimo disco de estudio, Kortatu tuvo un acercamiento a la m\u00fasica rap (Kolpez Kolpez, Platinozko Sudurrak...). Ver a Public Enemy en Par\u00eds, en el 88, fue un impacto fort\u00edsimo, era la vuelta al punk... Este es el per\u00edodo exacto de transici\u00f3n entre Kortatu y lo que luego en 1990 ser\u00eda Negu Gorriak. Kortatu se disolvi\u00f3 en el 1989. Pero los hermanos Muguruza (I\u00f1igo y Ferm\u00edn), alma mater de aquella banda, ten\u00edan ya en mente un nuevo proyecto musical, de nombre Negu Gorriak (Inviernos Crudos, o Inviernos Rojos), junto a Kaki Arkarazo, miembro de M-Ak, quien hab\u00eda acompa\u00f1ado a Kortatu en su \u00faltima gira como segundo guitarrista. En 1990 aparece Negu Gorriak... pero eso ya es parte de otra historia.","og_url":"https:\/\/wpguerssen-test.odoo.rgbconsulting.com\/es\/producto\/kortatu-extras\/","og_site_name":"Guerssen records","article_modified_time":"2025-03-03T14:53:48+00:00","og_image":[{"width":145,"height":148,"url":"https:\/\/wpguerssen-test.odoo.rgbconsulting.com\/wp-content\/uploads\/2023\/10\/43290.jpg","type":"image\/jpeg"}],"twitter_card":"summary_large_image","twitter_title":"KORTATU - Kortatu (+ extras) -  (LP) | Guerssen","twitter_misc":{"Tiempo de lectura":"1 minuto"},"schema":{"@context":"https:\/\/schema.org","@graph":[{"@type":"WebPage","@id":"https:\/\/wpguerssen-test.odoo.rgbconsulting.com\/es\/producto\/kortatu-extras\/","url":"https:\/\/wpguerssen-test.odoo.rgbconsulting.com\/es\/producto\/kortatu-extras\/","name":"KORTATU - Kortatu (+ extras) - (LP) | Guerssen","isPartOf":{"@id":"https:\/\/wpguerssen-test.odoo.rgbconsulting.com\/es\/#website"},"primaryImageOfPage":{"@id":"https:\/\/wpguerssen-test.odoo.rgbconsulting.com\/es\/producto\/kortatu-extras\/#primaryimage"},"image":{"@id":"https:\/\/wpguerssen-test.odoo.rgbconsulting.com\/es\/producto\/kortatu-extras\/#primaryimage"},"thumbnailUrl":"https:\/\/wpguerssen-test.odoo.rgbconsulting.com\/wp-content\/uploads\/2023\/10\/43290.jpg","datePublished":"2023-10-24T22:00:00+00:00","dateModified":"2025-03-03T14:53:48+00:00","breadcrumb":{"@id":"https:\/\/wpguerssen-test.odoo.rgbconsulting.com\/es\/producto\/kortatu-extras\/#breadcrumb"},"inLanguage":"es","potentialAction":[{"@type":"ReadAction","target":["https:\/\/wpguerssen-test.odoo.rgbconsulting.com\/es\/producto\/kortatu-extras\/"]}]},{"@type":"ImageObject","inLanguage":"es","@id":"https:\/\/wpguerssen-test.odoo.rgbconsulting.com\/es\/producto\/kortatu-extras\/#primaryimage","url":"https:\/\/wpguerssen-test.odoo.rgbconsulting.com\/wp-content\/uploads\/2023\/10\/43290.jpg","contentUrl":"https:\/\/wpguerssen-test.odoo.rgbconsulting.com\/wp-content\/uploads\/2023\/10\/43290.jpg","width":145,"height":148},{"@type":"BreadcrumbList","@id":"https:\/\/wpguerssen-test.odoo.rgbconsulting.com\/es\/producto\/kortatu-extras\/#breadcrumb","itemListElement":[{"@type":"ListItem","position":1,"name":"Inicio","item":"https:\/\/wpguerssen-test.odoo.rgbconsulting.com\/es\/"},{"@type":"ListItem","position":2,"name":"Shop","item":"https:\/\/wpguerssen-test.odoo.rgbconsulting.com\/shop\/"},{"@type":"ListItem","position":3,"name":"Kortatu (+ extras)"}]},{"@type":"WebSite","@id":"https:\/\/wpguerssen-test.odoo.rgbconsulting.com\/es\/#website","url":"https:\/\/wpguerssen-test.odoo.rgbconsulting.com\/es\/","name":"Guerssen records","description":"psychedelia - progressive - folk - garage ","publisher":{"@id":"https:\/\/wpguerssen-test.odoo.rgbconsulting.com\/es\/#organization"},"potentialAction":[{"@type":"SearchAction","target":{"@type":"EntryPoint","urlTemplate":"https:\/\/wpguerssen-test.odoo.rgbconsulting.com\/es\/?s={search_term_string}"},"query-input":{"@type":"PropertyValueSpecification","valueRequired":true,"valueName":"search_term_string"}}],"inLanguage":"es"},{"@type":"Organization","@id":"https:\/\/wpguerssen-test.odoo.rgbconsulting.com\/es\/#organization","name":"Guerssen records","url":"https:\/\/wpguerssen-test.odoo.rgbconsulting.com\/es\/","logo":{"@type":"ImageObject","inLanguage":"es","@id":"https:\/\/wpguerssen-test.odoo.rgbconsulting.com\/es\/#\/schema\/logo\/image\/","url":"https:\/\/wpguerssen-test.odoo.rgbconsulting.com\/wp-content\/uploads\/2022\/04\/Logo_Guerssen_trans_100.png","contentUrl":"https:\/\/wpguerssen-test.odoo.rgbconsulting.com\/wp-content\/uploads\/2022\/04\/Logo_Guerssen_trans_100.png","width":122,"height":100,"caption":"Guerssen records"},"image":{"@id":"https:\/\/wpguerssen-test.odoo.rgbconsulting.com\/es\/#\/schema\/logo\/image\/"}}]}},"_links":{"self":[{"href":"https:\/\/wpguerssen-test.odoo.rgbconsulting.com\/es\/wp-json\/wp\/v2\/product\/229831","targetHints":{"allow":["GET"]}}],"collection":[{"href":"https:\/\/wpguerssen-test.odoo.rgbconsulting.com\/es\/wp-json\/wp\/v2\/product"}],"about":[{"href":"https:\/\/wpguerssen-test.odoo.rgbconsulting.com\/es\/wp-json\/wp\/v2\/types\/product"}],"wp:featuredmedia":[{"embeddable":true,"href":"https:\/\/wpguerssen-test.odoo.rgbconsulting.com\/es\/wp-json\/wp\/v2\/media\/244158"}],"wp:attachment":[{"href":"https:\/\/wpguerssen-test.odoo.rgbconsulting.com\/es\/wp-json\/wp\/v2\/media?parent=229831"}],"wp:term":[{"taxonomy":"product_brand","embeddable":true,"href":"https:\/\/wpguerssen-test.odoo.rgbconsulting.com\/es\/wp-json\/wp\/v2\/product_brand?post=229831"},{"taxonomy":"product_cat","embeddable":true,"href":"https:\/\/wpguerssen-test.odoo.rgbconsulting.com\/es\/wp-json\/wp\/v2\/product_cat?post=229831"},{"taxonomy":"product_tag","embeddable":true,"href":"https:\/\/wpguerssen-test.odoo.rgbconsulting.com\/es\/wp-json\/wp\/v2\/product_tag?post=229831"}],"curies":[{"name":"wp","href":"https:\/\/api.w.org\/{rel}","templated":true}]}}