{"id":229900,"date":"2023-04-24T00:00:00","date_gmt":"2023-04-23T22:00:00","guid":{"rendered":"https:\/\/wpguerssen-test.odoo.rgbconsulting.com\/product\/lo-borges\/"},"modified":"2025-04-14T16:19:16","modified_gmt":"2025-04-14T14:19:16","slug":"lo-borges","status":"publish","type":"product","link":"https:\/\/wpguerssen-test.odoo.rgbconsulting.com\/es\/producto\/lo-borges\/","title":{"rendered":"Lo Borges"},"content":{"rendered":"<p>Con reminiscencias del \u00e1lbum Clube da Esquina que hizo el mismo a\u00f1o con la superestrella brasile\u00f1a Milton Nascimento, el debut en solitario de L\u00f4 Borges en 1972 demuestra que su influencia en Nascimento fue bastante fuerte. La grabaci\u00f3n tiene una textura exuberante y so\u00f1adora, a veces urgente y extra\u00f1a, y est\u00e1 llena de la guitarra fant\u00e1stica e intrincada que uno esperar\u00eda de Borges despu\u00e9s de escuchar su deslumbrante trabajo con Nascimento. Sus arreglos vocales son lujosos, a menudo similares a las cualidades vocales de All Things Must Pass de George Harrison, y sus arreglos instrumentales son simplemente confusos. Las frases de piano se mezclan dentro y fuera de control sobre las progresiones poco ortodoxas pero inteligentes; la percusi\u00f3n polif\u00f3nica se entrelaza con l\u00edneas de \u00f3rgano llenas de jazz y un trabajo de bajo mel\u00f3dico y reflexivo. Ocasionalmente, una secci\u00f3n de cuerdas encajar\u00e1 en su lugar, cumpliendo la cuota decorativa del \u00e1lbum, y toda la construcci\u00f3n se volver\u00e1 estanca. Es realmente sorprendente distinguir el timbre de los instrumentos individuales y darse cuenta de lo necesaria y meticulosa que es cada parte en la presentaci\u00f3n general. Borges es uno de esos arreglistas que pueden construir un lecho musical con millas de profundidad y construir una pared de sonido, pero manteniendo el concepto general en un enfoque n\u00edtido. Ninguna capa de la instrumentaci\u00f3n parece quedar oscurecida por otra, ni ninguna parte parece innecesaria, y suceden tantas cosas r\u00edtmicas y mel\u00f3dicas que exigen toda la atenci\u00f3n. La notable calidad de la cultura musical de Brasil para integrar a la perfecci\u00f3n tantas influencias externas en un solo lugar est\u00e1 bien representada aqu\u00ed. Muchas texturas occidentales, como el soul, el rock, el jazz y el pop, se absorben en la imagen con fervor y gracia que rara vez se ejecutan en el mundo de la m\u00fasica occidental. \u00abN\u00e3o Foi Nada\u00bb ilustra esto particularmente bien, pero el sentimiento de crisol resuena en todas las actuaciones de Borges aqu\u00ed.<\/p>\n","protected":false},"excerpt":{"rendered":"<p>Con reminiscencias del \u00e1lbum Clube da Esquina que hizo el mismo a\u00f1o con la superestrella brasile\u00f1a Milton Nascimento, el debut en solitario de L\u00f4 Borges en 1972<a class=\"read\" href=\"https:\/\/wpguerssen-test.odoo.rgbconsulting.com\/es\/producto\/lo-borges\/\"> (...)<\/a>","protected":false},"featured_media":229891,"template":"","meta":{"_acf_changed":false},"product_brand":[],"product_cat":[23231,23227],"product_tag":[],"class_list":{"0":"post-229900","1":"product","2":"type-product","3":"status-publish","4":"has-post-thumbnail","6":"product_cat-latin-brazilian-es","7":"product_cat-jazz-es","8":"pa_artist-borges-lo","9":"pa_format-lp-es","10":"pa_gender-latin-brazilian-jazz","11":"pa_label-audio-clarity-es","12":"pa_location-south-america-caribbean-es","13":"pa_other-filters-vinyl-only-es","15":"first","16":"instock","17":"taxable","18":"shipping-taxable","19":"purchasable","20":"product-type-simple"},"acf":[],"yoast_head":"<!-- This site is optimized with the Yoast SEO plugin v24.9 - https:\/\/yoast.com\/wordpress\/plugins\/seo\/ -->\n<title>BORGES, Lo - Lo Borges -  (LP) | Guerssen<\/title>\n<meta name=\"description\" content=\"Reminiscent of the Clube da Esquina album he made the same year with Brazilian superstar Milton Nascimento, L\u00f4 Borges&#039; 1972 solo debut proves that his influence on Nascimento was quite strong. The recording is texturally lush and dreamy, at times urgent and bizarre, and filled with the fantastic and intricate guitar playing one would expect of Borges after hearing his dazzling work with Nascimento. His vocal arrangements are lavish, often similar to the vocal qualities of George Harrison&#039;s All Things Must Pass, and his instrumental arrangements are just plain confounding. Piano phrases mash in and out of control over the unorthodox yet clever progressions; polyphonic percussion interlocks with jazzed-out organ lines and thoughtful, melodic bass work. Occasionally, a string section will fall into place, fulfilling the album&#039;s decorative quota, and the whole construction becomes watertight. It is truly stunning to pick apart the timbre of individual instruments and realize how necessary and meticulous each part is in the overall presentation. Borges is one of those arrangers who can build up a music bed with miles of depth and construct a wall of sound, yet keep the overall concept in crisp focus. No layer of the instrumentation seems to ever become obscured by another, nor does any part seem unnecessary, and so much is going on rhythmically and melodically that it demands full attention. The remarkable quality of Brazil&#039;s musical culture to seamlessly integrate as many outside influences into one place is well represented here. Many western textures, such as soul, rock, jazz, and pop, are absorbed into the picture with fervor and grace rarely executed in the world of western music. &quot;N\u00e3o Foi Nada&quot; illustrates this particularly well, but the melting-pot sentiment echoes through all of Borges&#039; performances here.\" \/>\n<meta name=\"robots\" content=\"index, follow, max-snippet:-1, max-image-preview:large, max-video-preview:-1\" \/>\n<link rel=\"canonical\" href=\"https:\/\/wpguerssen-test.odoo.rgbconsulting.com\/es\/producto\/lo-borges\/\" \/>\n<meta property=\"og:locale\" content=\"es_ES\" \/>\n<meta property=\"og:type\" content=\"article\" \/>\n<meta property=\"og:title\" content=\"BORGES, Lo - Lo Borges -  (LP) | Guerssen\" \/>\n<meta property=\"og:description\" content=\"Reminiscent of the Clube da Esquina album he made the same year with Brazilian superstar Milton Nascimento, L\u00f4 Borges&#039; 1972 solo debut proves that his influence on Nascimento was quite strong. The recording is texturally lush and dreamy, at times urgent and bizarre, and filled with the fantastic and intricate guitar playing one would expect of Borges after hearing his dazzling work with Nascimento. His vocal arrangements are lavish, often similar to the vocal qualities of George Harrison&#039;s All Things Must Pass, and his instrumental arrangements are just plain confounding. Piano phrases mash in and out of control over the unorthodox yet clever progressions; polyphonic percussion interlocks with jazzed-out organ lines and thoughtful, melodic bass work. Occasionally, a string section will fall into place, fulfilling the album&#039;s decorative quota, and the whole construction becomes watertight. It is truly stunning to pick apart the timbre of individual instruments and realize how necessary and meticulous each part is in the overall presentation. Borges is one of those arrangers who can build up a music bed with miles of depth and construct a wall of sound, yet keep the overall concept in crisp focus. No layer of the instrumentation seems to ever become obscured by another, nor does any part seem unnecessary, and so much is going on rhythmically and melodically that it demands full attention. The remarkable quality of Brazil&#039;s musical culture to seamlessly integrate as many outside influences into one place is well represented here. Many western textures, such as soul, rock, jazz, and pop, are absorbed into the picture with fervor and grace rarely executed in the world of western music. &quot;N\u00e3o Foi Nada&quot; illustrates this particularly well, but the melting-pot sentiment echoes through all of Borges&#039; performances here.\" \/>\n<meta property=\"og:url\" content=\"https:\/\/wpguerssen-test.odoo.rgbconsulting.com\/es\/producto\/lo-borges\/\" \/>\n<meta property=\"og:site_name\" content=\"Guerssen records\" \/>\n<meta property=\"article:modified_time\" content=\"2025-04-14T14:19:16+00:00\" \/>\n<meta property=\"og:image\" content=\"https:\/\/wpguerssen-test.odoo.rgbconsulting.com\/wp-content\/uploads\/2023\/03\/43308.jpg\" \/>\n\t<meta property=\"og:image:width\" content=\"945\" \/>\n\t<meta property=\"og:image:height\" content=\"945\" \/>\n\t<meta property=\"og:image:type\" content=\"image\/jpeg\" \/>\n<meta name=\"twitter:card\" content=\"summary_large_image\" \/>\n<meta name=\"twitter:title\" content=\"BORGES, Lo - Lo Borges -  (LP) | Guerssen\" \/>\n<meta name=\"twitter:label1\" content=\"Tiempo de lectura\" \/>\n\t<meta name=\"twitter:data1\" content=\"2 minutos\" \/>\n<script type=\"application\/ld+json\" class=\"yoast-schema-graph\">{\"@context\":\"https:\/\/schema.org\",\"@graph\":[{\"@type\":\"WebPage\",\"@id\":\"https:\/\/wpguerssen-test.odoo.rgbconsulting.com\/es\/producto\/lo-borges\/\",\"url\":\"https:\/\/wpguerssen-test.odoo.rgbconsulting.com\/es\/producto\/lo-borges\/\",\"name\":\"BORGES, Lo - Lo Borges - (LP) | Guerssen\",\"isPartOf\":{\"@id\":\"https:\/\/wpguerssen-test.odoo.rgbconsulting.com\/es\/#website\"},\"primaryImageOfPage\":{\"@id\":\"https:\/\/wpguerssen-test.odoo.rgbconsulting.com\/es\/producto\/lo-borges\/#primaryimage\"},\"image\":{\"@id\":\"https:\/\/wpguerssen-test.odoo.rgbconsulting.com\/es\/producto\/lo-borges\/#primaryimage\"},\"thumbnailUrl\":\"https:\/\/wpguerssen-test.odoo.rgbconsulting.com\/wp-content\/uploads\/2023\/03\/43308.jpg\",\"datePublished\":\"2023-04-23T22:00:00+00:00\",\"dateModified\":\"2025-04-14T14:19:16+00:00\",\"description\":\"Reminiscent of the Clube da Esquina album he made the same year with Brazilian superstar Milton Nascimento, L\u00f4 Borges' 1972 solo debut proves that his influence on Nascimento was quite strong. The recording is texturally lush and dreamy, at times urgent and bizarre, and filled with the fantastic and intricate guitar playing one would expect of Borges after hearing his dazzling work with Nascimento. His vocal arrangements are lavish, often similar to the vocal qualities of George Harrison's All Things Must Pass, and his instrumental arrangements are just plain confounding. Piano phrases mash in and out of control over the unorthodox yet clever progressions; polyphonic percussion interlocks with jazzed-out organ lines and thoughtful, melodic bass work. Occasionally, a string section will fall into place, fulfilling the album's decorative quota, and the whole construction becomes watertight. It is truly stunning to pick apart the timbre of individual instruments and realize how necessary and meticulous each part is in the overall presentation. Borges is one of those arrangers who can build up a music bed with miles of depth and construct a wall of sound, yet keep the overall concept in crisp focus. No layer of the instrumentation seems to ever become obscured by another, nor does any part seem unnecessary, and so much is going on rhythmically and melodically that it demands full attention. The remarkable quality of Brazil's musical culture to seamlessly integrate as many outside influences into one place is well represented here. Many western textures, such as soul, rock, jazz, and pop, are absorbed into the picture with fervor and grace rarely executed in the world of western music. \\\"N\u00e3o Foi Nada\\\" illustrates this particularly well, but the melting-pot sentiment echoes through all of Borges' performances here.\",\"breadcrumb\":{\"@id\":\"https:\/\/wpguerssen-test.odoo.rgbconsulting.com\/es\/producto\/lo-borges\/#breadcrumb\"},\"inLanguage\":\"es\",\"potentialAction\":[{\"@type\":\"ReadAction\",\"target\":[\"https:\/\/wpguerssen-test.odoo.rgbconsulting.com\/es\/producto\/lo-borges\/\"]}]},{\"@type\":\"ImageObject\",\"inLanguage\":\"es\",\"@id\":\"https:\/\/wpguerssen-test.odoo.rgbconsulting.com\/es\/producto\/lo-borges\/#primaryimage\",\"url\":\"https:\/\/wpguerssen-test.odoo.rgbconsulting.com\/wp-content\/uploads\/2023\/03\/43308.jpg\",\"contentUrl\":\"https:\/\/wpguerssen-test.odoo.rgbconsulting.com\/wp-content\/uploads\/2023\/03\/43308.jpg\",\"width\":945,\"height\":945,\"caption\":\"Lo - Lo Borges - AUDIO CLARITY (LP) | Guerssen\"},{\"@type\":\"BreadcrumbList\",\"@id\":\"https:\/\/wpguerssen-test.odoo.rgbconsulting.com\/es\/producto\/lo-borges\/#breadcrumb\",\"itemListElement\":[{\"@type\":\"ListItem\",\"position\":1,\"name\":\"Inicio\",\"item\":\"https:\/\/wpguerssen-test.odoo.rgbconsulting.com\/es\/\"},{\"@type\":\"ListItem\",\"position\":2,\"name\":\"Shop\",\"item\":\"https:\/\/wpguerssen-test.odoo.rgbconsulting.com\/shop\/\"},{\"@type\":\"ListItem\",\"position\":3,\"name\":\"Lo Borges\"}]},{\"@type\":\"WebSite\",\"@id\":\"https:\/\/wpguerssen-test.odoo.rgbconsulting.com\/es\/#website\",\"url\":\"https:\/\/wpguerssen-test.odoo.rgbconsulting.com\/es\/\",\"name\":\"Guerssen records\",\"description\":\"psychedelia - progressive - folk - garage \",\"publisher\":{\"@id\":\"https:\/\/wpguerssen-test.odoo.rgbconsulting.com\/es\/#organization\"},\"potentialAction\":[{\"@type\":\"SearchAction\",\"target\":{\"@type\":\"EntryPoint\",\"urlTemplate\":\"https:\/\/wpguerssen-test.odoo.rgbconsulting.com\/es\/?s={search_term_string}\"},\"query-input\":{\"@type\":\"PropertyValueSpecification\",\"valueRequired\":true,\"valueName\":\"search_term_string\"}}],\"inLanguage\":\"es\"},{\"@type\":\"Organization\",\"@id\":\"https:\/\/wpguerssen-test.odoo.rgbconsulting.com\/es\/#organization\",\"name\":\"Guerssen records\",\"url\":\"https:\/\/wpguerssen-test.odoo.rgbconsulting.com\/es\/\",\"logo\":{\"@type\":\"ImageObject\",\"inLanguage\":\"es\",\"@id\":\"https:\/\/wpguerssen-test.odoo.rgbconsulting.com\/es\/#\/schema\/logo\/image\/\",\"url\":\"https:\/\/wpguerssen-test.odoo.rgbconsulting.com\/wp-content\/uploads\/2022\/04\/Logo_Guerssen_trans_100.png\",\"contentUrl\":\"https:\/\/wpguerssen-test.odoo.rgbconsulting.com\/wp-content\/uploads\/2022\/04\/Logo_Guerssen_trans_100.png\",\"width\":122,\"height\":100,\"caption\":\"Guerssen records\"},\"image\":{\"@id\":\"https:\/\/wpguerssen-test.odoo.rgbconsulting.com\/es\/#\/schema\/logo\/image\/\"}}]}<\/script>\n<!-- \/ Yoast SEO plugin. -->","yoast_head_json":{"title":"BORGES, Lo - Lo Borges -  (LP) | Guerssen","description":"Reminiscent of the Clube da Esquina album he made the same year with Brazilian superstar Milton Nascimento, L\u00f4 Borges' 1972 solo debut proves that his influence on Nascimento was quite strong. The recording is texturally lush and dreamy, at times urgent and bizarre, and filled with the fantastic and intricate guitar playing one would expect of Borges after hearing his dazzling work with Nascimento. His vocal arrangements are lavish, often similar to the vocal qualities of George Harrison's All Things Must Pass, and his instrumental arrangements are just plain confounding. Piano phrases mash in and out of control over the unorthodox yet clever progressions; polyphonic percussion interlocks with jazzed-out organ lines and thoughtful, melodic bass work. Occasionally, a string section will fall into place, fulfilling the album's decorative quota, and the whole construction becomes watertight. It is truly stunning to pick apart the timbre of individual instruments and realize how necessary and meticulous each part is in the overall presentation. Borges is one of those arrangers who can build up a music bed with miles of depth and construct a wall of sound, yet keep the overall concept in crisp focus. No layer of the instrumentation seems to ever become obscured by another, nor does any part seem unnecessary, and so much is going on rhythmically and melodically that it demands full attention. The remarkable quality of Brazil's musical culture to seamlessly integrate as many outside influences into one place is well represented here. Many western textures, such as soul, rock, jazz, and pop, are absorbed into the picture with fervor and grace rarely executed in the world of western music. \"N\u00e3o Foi Nada\" illustrates this particularly well, but the melting-pot sentiment echoes through all of Borges' performances here.","robots":{"index":"index","follow":"follow","max-snippet":"max-snippet:-1","max-image-preview":"max-image-preview:large","max-video-preview":"max-video-preview:-1"},"canonical":"https:\/\/wpguerssen-test.odoo.rgbconsulting.com\/es\/producto\/lo-borges\/","og_locale":"es_ES","og_type":"article","og_title":"BORGES, Lo - Lo Borges -  (LP) | Guerssen","og_description":"Reminiscent of the Clube da Esquina album he made the same year with Brazilian superstar Milton Nascimento, L\u00f4 Borges' 1972 solo debut proves that his influence on Nascimento was quite strong. The recording is texturally lush and dreamy, at times urgent and bizarre, and filled with the fantastic and intricate guitar playing one would expect of Borges after hearing his dazzling work with Nascimento. His vocal arrangements are lavish, often similar to the vocal qualities of George Harrison's All Things Must Pass, and his instrumental arrangements are just plain confounding. Piano phrases mash in and out of control over the unorthodox yet clever progressions; polyphonic percussion interlocks with jazzed-out organ lines and thoughtful, melodic bass work. Occasionally, a string section will fall into place, fulfilling the album's decorative quota, and the whole construction becomes watertight. It is truly stunning to pick apart the timbre of individual instruments and realize how necessary and meticulous each part is in the overall presentation. Borges is one of those arrangers who can build up a music bed with miles of depth and construct a wall of sound, yet keep the overall concept in crisp focus. No layer of the instrumentation seems to ever become obscured by another, nor does any part seem unnecessary, and so much is going on rhythmically and melodically that it demands full attention. The remarkable quality of Brazil's musical culture to seamlessly integrate as many outside influences into one place is well represented here. Many western textures, such as soul, rock, jazz, and pop, are absorbed into the picture with fervor and grace rarely executed in the world of western music. \"N\u00e3o Foi Nada\" illustrates this particularly well, but the melting-pot sentiment echoes through all of Borges' performances here.","og_url":"https:\/\/wpguerssen-test.odoo.rgbconsulting.com\/es\/producto\/lo-borges\/","og_site_name":"Guerssen records","article_modified_time":"2025-04-14T14:19:16+00:00","og_image":[{"width":945,"height":945,"url":"https:\/\/wpguerssen-test.odoo.rgbconsulting.com\/wp-content\/uploads\/2023\/03\/43308.jpg","type":"image\/jpeg"}],"twitter_card":"summary_large_image","twitter_title":"BORGES, Lo - Lo Borges -  (LP) | Guerssen","twitter_misc":{"Tiempo de lectura":"2 minutos"},"schema":{"@context":"https:\/\/schema.org","@graph":[{"@type":"WebPage","@id":"https:\/\/wpguerssen-test.odoo.rgbconsulting.com\/es\/producto\/lo-borges\/","url":"https:\/\/wpguerssen-test.odoo.rgbconsulting.com\/es\/producto\/lo-borges\/","name":"BORGES, Lo - Lo Borges - (LP) | Guerssen","isPartOf":{"@id":"https:\/\/wpguerssen-test.odoo.rgbconsulting.com\/es\/#website"},"primaryImageOfPage":{"@id":"https:\/\/wpguerssen-test.odoo.rgbconsulting.com\/es\/producto\/lo-borges\/#primaryimage"},"image":{"@id":"https:\/\/wpguerssen-test.odoo.rgbconsulting.com\/es\/producto\/lo-borges\/#primaryimage"},"thumbnailUrl":"https:\/\/wpguerssen-test.odoo.rgbconsulting.com\/wp-content\/uploads\/2023\/03\/43308.jpg","datePublished":"2023-04-23T22:00:00+00:00","dateModified":"2025-04-14T14:19:16+00:00","description":"Reminiscent of the Clube da Esquina album he made the same year with Brazilian superstar Milton Nascimento, L\u00f4 Borges' 1972 solo debut proves that his influence on Nascimento was quite strong. The recording is texturally lush and dreamy, at times urgent and bizarre, and filled with the fantastic and intricate guitar playing one would expect of Borges after hearing his dazzling work with Nascimento. His vocal arrangements are lavish, often similar to the vocal qualities of George Harrison's All Things Must Pass, and his instrumental arrangements are just plain confounding. Piano phrases mash in and out of control over the unorthodox yet clever progressions; polyphonic percussion interlocks with jazzed-out organ lines and thoughtful, melodic bass work. Occasionally, a string section will fall into place, fulfilling the album's decorative quota, and the whole construction becomes watertight. It is truly stunning to pick apart the timbre of individual instruments and realize how necessary and meticulous each part is in the overall presentation. Borges is one of those arrangers who can build up a music bed with miles of depth and construct a wall of sound, yet keep the overall concept in crisp focus. No layer of the instrumentation seems to ever become obscured by another, nor does any part seem unnecessary, and so much is going on rhythmically and melodically that it demands full attention. The remarkable quality of Brazil's musical culture to seamlessly integrate as many outside influences into one place is well represented here. Many western textures, such as soul, rock, jazz, and pop, are absorbed into the picture with fervor and grace rarely executed in the world of western music. \"N\u00e3o Foi Nada\" illustrates this particularly well, but the melting-pot sentiment echoes through all of Borges' performances here.","breadcrumb":{"@id":"https:\/\/wpguerssen-test.odoo.rgbconsulting.com\/es\/producto\/lo-borges\/#breadcrumb"},"inLanguage":"es","potentialAction":[{"@type":"ReadAction","target":["https:\/\/wpguerssen-test.odoo.rgbconsulting.com\/es\/producto\/lo-borges\/"]}]},{"@type":"ImageObject","inLanguage":"es","@id":"https:\/\/wpguerssen-test.odoo.rgbconsulting.com\/es\/producto\/lo-borges\/#primaryimage","url":"https:\/\/wpguerssen-test.odoo.rgbconsulting.com\/wp-content\/uploads\/2023\/03\/43308.jpg","contentUrl":"https:\/\/wpguerssen-test.odoo.rgbconsulting.com\/wp-content\/uploads\/2023\/03\/43308.jpg","width":945,"height":945,"caption":"Lo - Lo Borges - AUDIO CLARITY (LP) | Guerssen"},{"@type":"BreadcrumbList","@id":"https:\/\/wpguerssen-test.odoo.rgbconsulting.com\/es\/producto\/lo-borges\/#breadcrumb","itemListElement":[{"@type":"ListItem","position":1,"name":"Inicio","item":"https:\/\/wpguerssen-test.odoo.rgbconsulting.com\/es\/"},{"@type":"ListItem","position":2,"name":"Shop","item":"https:\/\/wpguerssen-test.odoo.rgbconsulting.com\/shop\/"},{"@type":"ListItem","position":3,"name":"Lo Borges"}]},{"@type":"WebSite","@id":"https:\/\/wpguerssen-test.odoo.rgbconsulting.com\/es\/#website","url":"https:\/\/wpguerssen-test.odoo.rgbconsulting.com\/es\/","name":"Guerssen records","description":"psychedelia - progressive - folk - garage ","publisher":{"@id":"https:\/\/wpguerssen-test.odoo.rgbconsulting.com\/es\/#organization"},"potentialAction":[{"@type":"SearchAction","target":{"@type":"EntryPoint","urlTemplate":"https:\/\/wpguerssen-test.odoo.rgbconsulting.com\/es\/?s={search_term_string}"},"query-input":{"@type":"PropertyValueSpecification","valueRequired":true,"valueName":"search_term_string"}}],"inLanguage":"es"},{"@type":"Organization","@id":"https:\/\/wpguerssen-test.odoo.rgbconsulting.com\/es\/#organization","name":"Guerssen records","url":"https:\/\/wpguerssen-test.odoo.rgbconsulting.com\/es\/","logo":{"@type":"ImageObject","inLanguage":"es","@id":"https:\/\/wpguerssen-test.odoo.rgbconsulting.com\/es\/#\/schema\/logo\/image\/","url":"https:\/\/wpguerssen-test.odoo.rgbconsulting.com\/wp-content\/uploads\/2022\/04\/Logo_Guerssen_trans_100.png","contentUrl":"https:\/\/wpguerssen-test.odoo.rgbconsulting.com\/wp-content\/uploads\/2022\/04\/Logo_Guerssen_trans_100.png","width":122,"height":100,"caption":"Guerssen records"},"image":{"@id":"https:\/\/wpguerssen-test.odoo.rgbconsulting.com\/es\/#\/schema\/logo\/image\/"}}]}},"_links":{"self":[{"href":"https:\/\/wpguerssen-test.odoo.rgbconsulting.com\/es\/wp-json\/wp\/v2\/product\/229900","targetHints":{"allow":["GET"]}}],"collection":[{"href":"https:\/\/wpguerssen-test.odoo.rgbconsulting.com\/es\/wp-json\/wp\/v2\/product"}],"about":[{"href":"https:\/\/wpguerssen-test.odoo.rgbconsulting.com\/es\/wp-json\/wp\/v2\/types\/product"}],"wp:featuredmedia":[{"embeddable":true,"href":"https:\/\/wpguerssen-test.odoo.rgbconsulting.com\/es\/wp-json\/wp\/v2\/media\/229891"}],"wp:attachment":[{"href":"https:\/\/wpguerssen-test.odoo.rgbconsulting.com\/es\/wp-json\/wp\/v2\/media?parent=229900"}],"wp:term":[{"taxonomy":"product_brand","embeddable":true,"href":"https:\/\/wpguerssen-test.odoo.rgbconsulting.com\/es\/wp-json\/wp\/v2\/product_brand?post=229900"},{"taxonomy":"product_cat","embeddable":true,"href":"https:\/\/wpguerssen-test.odoo.rgbconsulting.com\/es\/wp-json\/wp\/v2\/product_cat?post=229900"},{"taxonomy":"product_tag","embeddable":true,"href":"https:\/\/wpguerssen-test.odoo.rgbconsulting.com\/es\/wp-json\/wp\/v2\/product_tag?post=229900"}],"curies":[{"name":"wp","href":"https:\/\/api.w.org\/{rel}","templated":true}]}}