{"id":229954,"date":"2023-03-20T00:00:00","date_gmt":"2023-03-19T23:00:00","guid":{"rendered":"https:\/\/wpguerssen-test.odoo.rgbconsulting.com\/product\/gods-eye-orange-lp\/"},"modified":"2025-02-12T14:47:35","modified_gmt":"2025-02-12T13:47:35","slug":"gods-eye-orange-lp","status":"publish","type":"product","link":"https:\/\/wpguerssen-test.odoo.rgbconsulting.com\/es\/producto\/gods-eye-orange-lp\/","title":{"rendered":"God&#8217;s Eye (Orange LP)"},"content":{"rendered":"<p>VINILO NARANJA, S\u00d3LO 105 COPIAS NUMERADAS A MANO!!! <\/p>\n<p> Atenci\u00f3n, amantes del mejor acid-folk!  <\/p>\n<p> Despu\u00e9s de su aclamado \u00abMy Love Sunday\u00bb, el m\u00fasico folk-psicod\u00e9lico de San francisco Walker Phillips regresa con su esperado segundo disco. \u00abGod&#8217;s Eye\u00bb fue grabado totalmente de forma anal\u00f3gica en la m\u00e1s pura tradici\u00f3n 60s-70s, usando solo cinta magnetof\u00f3nica e instrumentos vintage. Seg\u00fan Phillips, \u00abcontiene algunas de las mejores canciones que he escrito\u00bb. La primera cara consiste en una serie de delicadas canciones de puro folk-psicod\u00e9lico que pueden recordar a Arthur Lee Harper o Donovan por momentos. En la otra cara encontramos una larga pieza psicod\u00e9lica con toques jazz, acid-folk y experimentales &#8211; inspirada en \u00abBitches Brew\u00bb de Miles Davis &#8211; y que es el resultado un meticuloso trabajo de edici\u00f3n en cinta (cortando y pegando manualmente) de una improvisaci\u00f3n de m\u00e1s de una hora.  <\/p>\n<p> Algo as\u00ed como una mezcla entre  Stockhausen, Pink Floyd y Grateful Dead. <br \/>Impresionante! <\/p>\n<p> Tracklist:<br \/>Side A: A1. Listen To Me > Ballad Of A Cancer With A Libra Moon Or How The Crab Got His Scales &#8211; A2. Juniper And Jade &#8211; A3. Marigold Eyes &#8211; A4. Song Of Solomon &#8211; A5. God&#8217;s Eye<br \/>Side B: B1. Lovebird > Lovebird II<\/p>\n","protected":false},"excerpt":{"rendered":"<p>VINILO NARANJA, S\u00d3LO 105 COPIAS NUMERADAS A MANO!!! <\/p>\n<p>\u00a0<\/p>\n<p> Atenci\u00f3n, amantes del mejor acid-folk!  <\/p>\n<p>\u00a0<\/p>\n<p> Despu\u00e9s de su aclamado \u00abMy Love<a class=\"read\" href=\"https:\/\/wpguerssen-test.odoo.rgbconsulting.com\/es\/producto\/gods-eye-orange-lp\/\"> (...)<\/a>","protected":false},"featured_media":261134,"template":"","meta":{"_acf_changed":false},"product_brand":[],"product_cat":[21659],"product_tag":[29140],"class_list":{"0":"post-229954","1":"product","2":"type-product","3":"status-publish","4":"has-post-thumbnail","6":"product_cat-psychedelic00s-now-es","7":"product_tag-color-vinyl-es","8":"pa_artist-phillips-walker","9":"pa_format-lp-es","10":"pa_gender-psychedelic00s-now","11":"pa_label-guerssen-es","12":"pa_location-north-america-es","13":"pa_other-filters-vinyl-only-es","15":"first","16":"instock","17":"taxable","18":"shipping-taxable","19":"purchasable","20":"product-type-simple"},"acf":[],"yoast_head":"<!-- This site is optimized with the Yoast SEO plugin v24.9 - https:\/\/yoast.com\/wordpress\/plugins\/seo\/ -->\n<title>PHILLIPS, Walker - God&#039;s Eye (Orange LP) -  (LP) | Guerssen<\/title>\n<meta name=\"description\" content=\"ORANGE VINYL, 105 HAND-NUMBERED COPIES ONLY! #nl# Acid-folk fans rejoice! #nl# &#039;God&#039;s Eye&#039; is the second album by San Francisco based psych-folk musician Walker Phillips. It was recorded in the best 60s-70s tradition using only analogue tape and vintage instruments. According to Walker, &quot;it contains some of the best songs I&#039;ve written&quot;. The first side is a suite of pleasant, delicate songs of pure psychedelic-folk bliss that recall Arthur Lee Harper or Donovan at times, while side two is a full blown psychedelic \/ jazz \/ experimental single track inspired by Miles Davis&#039; &#039;Bitches Brew&#039;, meticulously tape-spliced from about one hour of improvisation. It wanders somewhere between Stockhausen, Pink Floyd and The Grateful Dead. Stunning! #nl# RIYL: Donovan, Incredible String Band, Kaleidoscope, Arthur Lee Harper, Marc Bolan, Pink Floyd... #nl# Tracklist:Side A: A1. Listen To Me &gt; Ballad Of A Cancer With A Libra Moon Or How The Crab Got His Scales - A2. Juniper And Jade - A3. Marigold Eyes - A4. Song Of Solomon - A5. God&#039;s EyeSide B: B1. Lovebird &gt; Lovebird II\" \/>\n<meta name=\"robots\" content=\"index, follow, max-snippet:-1, max-image-preview:large, max-video-preview:-1\" \/>\n<link rel=\"canonical\" href=\"https:\/\/wpguerssen-test.odoo.rgbconsulting.com\/es\/producto\/gods-eye-orange-lp\/\" \/>\n<meta property=\"og:locale\" content=\"es_ES\" \/>\n<meta property=\"og:type\" content=\"article\" \/>\n<meta property=\"og:title\" content=\"PHILLIPS, Walker - God&#039;s Eye (Orange LP) -  (LP) | Guerssen\" \/>\n<meta property=\"og:description\" content=\"ORANGE VINYL, 105 HAND-NUMBERED COPIES ONLY! #nl# Acid-folk fans rejoice! #nl# &#039;God&#039;s Eye&#039; is the second album by San Francisco based psych-folk musician Walker Phillips. It was recorded in the best 60s-70s tradition using only analogue tape and vintage instruments. According to Walker, &quot;it contains some of the best songs I&#039;ve written&quot;. The first side is a suite of pleasant, delicate songs of pure psychedelic-folk bliss that recall Arthur Lee Harper or Donovan at times, while side two is a full blown psychedelic \/ jazz \/ experimental single track inspired by Miles Davis&#039; &#039;Bitches Brew&#039;, meticulously tape-spliced from about one hour of improvisation. It wanders somewhere between Stockhausen, Pink Floyd and The Grateful Dead. Stunning! #nl# RIYL: Donovan, Incredible String Band, Kaleidoscope, Arthur Lee Harper, Marc Bolan, Pink Floyd... #nl# Tracklist:Side A: A1. Listen To Me &gt; Ballad Of A Cancer With A Libra Moon Or How The Crab Got His Scales - A2. Juniper And Jade - A3. Marigold Eyes - A4. Song Of Solomon - A5. God&#039;s EyeSide B: B1. Lovebird &gt; Lovebird II\" \/>\n<meta property=\"og:url\" content=\"https:\/\/wpguerssen-test.odoo.rgbconsulting.com\/es\/producto\/gods-eye-orange-lp\/\" \/>\n<meta property=\"og:site_name\" content=\"Guerssen records\" \/>\n<meta property=\"article:modified_time\" content=\"2025-02-12T13:47:35+00:00\" \/>\n<meta property=\"og:image\" content=\"https:\/\/wpguerssen-test.odoo.rgbconsulting.com\/wp-content\/uploads\/2024\/03\/43012.jpg\" \/>\n\t<meta property=\"og:image:width\" content=\"1400\" \/>\n\t<meta property=\"og:image:height\" content=\"1400\" \/>\n\t<meta property=\"og:image:type\" content=\"image\/jpeg\" \/>\n<meta name=\"twitter:card\" content=\"summary_large_image\" \/>\n<meta name=\"twitter:title\" content=\"PHILLIPS, Walker - God&#039;s Eye (Orange LP) -  (LP) | Guerssen\" \/>\n<meta name=\"twitter:label1\" content=\"Tiempo de lectura\" \/>\n\t<meta name=\"twitter:data1\" content=\"1 minuto\" \/>\n<script type=\"application\/ld+json\" class=\"yoast-schema-graph\">{\"@context\":\"https:\/\/schema.org\",\"@graph\":[{\"@type\":\"WebPage\",\"@id\":\"https:\/\/wpguerssen-test.odoo.rgbconsulting.com\/es\/producto\/gods-eye-orange-lp\/\",\"url\":\"https:\/\/wpguerssen-test.odoo.rgbconsulting.com\/es\/producto\/gods-eye-orange-lp\/\",\"name\":\"PHILLIPS, Walker - God's Eye (Orange LP) - (LP) | Guerssen\",\"isPartOf\":{\"@id\":\"https:\/\/wpguerssen-test.odoo.rgbconsulting.com\/es\/#website\"},\"primaryImageOfPage\":{\"@id\":\"https:\/\/wpguerssen-test.odoo.rgbconsulting.com\/es\/producto\/gods-eye-orange-lp\/#primaryimage\"},\"image\":{\"@id\":\"https:\/\/wpguerssen-test.odoo.rgbconsulting.com\/es\/producto\/gods-eye-orange-lp\/#primaryimage\"},\"thumbnailUrl\":\"https:\/\/wpguerssen-test.odoo.rgbconsulting.com\/wp-content\/uploads\/2024\/03\/43012.jpg\",\"datePublished\":\"2023-03-19T23:00:00+00:00\",\"dateModified\":\"2025-02-12T13:47:35+00:00\",\"description\":\"ORANGE VINYL, 105 HAND-NUMBERED COPIES ONLY! #nl# Acid-folk fans rejoice! #nl# 'God's Eye' is the second album by San Francisco based psych-folk musician Walker Phillips. It was recorded in the best 60s-70s tradition using only analogue tape and vintage instruments. According to Walker, \\\"it contains some of the best songs I've written\\\". The first side is a suite of pleasant, delicate songs of pure psychedelic-folk bliss that recall Arthur Lee Harper or Donovan at times, while side two is a full blown psychedelic \/ jazz \/ experimental single track inspired by Miles Davis' 'Bitches Brew', meticulously tape-spliced from about one hour of improvisation. It wanders somewhere between Stockhausen, Pink Floyd and The Grateful Dead. Stunning! #nl# RIYL: Donovan, Incredible String Band, Kaleidoscope, Arthur Lee Harper, Marc Bolan, Pink Floyd... #nl# Tracklist:Side A: A1. Listen To Me > Ballad Of A Cancer With A Libra Moon Or How The Crab Got His Scales - A2. Juniper And Jade - A3. Marigold Eyes - A4. Song Of Solomon - A5. God's EyeSide B: B1. Lovebird > Lovebird II\",\"breadcrumb\":{\"@id\":\"https:\/\/wpguerssen-test.odoo.rgbconsulting.com\/es\/producto\/gods-eye-orange-lp\/#breadcrumb\"},\"inLanguage\":\"es\",\"potentialAction\":[{\"@type\":\"ReadAction\",\"target\":[\"https:\/\/wpguerssen-test.odoo.rgbconsulting.com\/es\/producto\/gods-eye-orange-lp\/\"]}]},{\"@type\":\"ImageObject\",\"inLanguage\":\"es\",\"@id\":\"https:\/\/wpguerssen-test.odoo.rgbconsulting.com\/es\/producto\/gods-eye-orange-lp\/#primaryimage\",\"url\":\"https:\/\/wpguerssen-test.odoo.rgbconsulting.com\/wp-content\/uploads\/2024\/03\/43012.jpg\",\"contentUrl\":\"https:\/\/wpguerssen-test.odoo.rgbconsulting.com\/wp-content\/uploads\/2024\/03\/43012.jpg\",\"width\":1400,\"height\":1400,\"caption\":\"Walker - God's Eye (Orange LP) - GUERSSEN (LP) | Guerssen\"},{\"@type\":\"BreadcrumbList\",\"@id\":\"https:\/\/wpguerssen-test.odoo.rgbconsulting.com\/es\/producto\/gods-eye-orange-lp\/#breadcrumb\",\"itemListElement\":[{\"@type\":\"ListItem\",\"position\":1,\"name\":\"Inicio\",\"item\":\"https:\/\/wpguerssen-test.odoo.rgbconsulting.com\/es\/\"},{\"@type\":\"ListItem\",\"position\":2,\"name\":\"Shop\",\"item\":\"https:\/\/wpguerssen-test.odoo.rgbconsulting.com\/shop\/\"},{\"@type\":\"ListItem\",\"position\":3,\"name\":\"God&#8217;s Eye (Orange LP)\"}]},{\"@type\":\"WebSite\",\"@id\":\"https:\/\/wpguerssen-test.odoo.rgbconsulting.com\/es\/#website\",\"url\":\"https:\/\/wpguerssen-test.odoo.rgbconsulting.com\/es\/\",\"name\":\"Guerssen records\",\"description\":\"psychedelia - progressive - folk - garage \",\"publisher\":{\"@id\":\"https:\/\/wpguerssen-test.odoo.rgbconsulting.com\/es\/#organization\"},\"potentialAction\":[{\"@type\":\"SearchAction\",\"target\":{\"@type\":\"EntryPoint\",\"urlTemplate\":\"https:\/\/wpguerssen-test.odoo.rgbconsulting.com\/es\/?s={search_term_string}\"},\"query-input\":{\"@type\":\"PropertyValueSpecification\",\"valueRequired\":true,\"valueName\":\"search_term_string\"}}],\"inLanguage\":\"es\"},{\"@type\":\"Organization\",\"@id\":\"https:\/\/wpguerssen-test.odoo.rgbconsulting.com\/es\/#organization\",\"name\":\"Guerssen records\",\"url\":\"https:\/\/wpguerssen-test.odoo.rgbconsulting.com\/es\/\",\"logo\":{\"@type\":\"ImageObject\",\"inLanguage\":\"es\",\"@id\":\"https:\/\/wpguerssen-test.odoo.rgbconsulting.com\/es\/#\/schema\/logo\/image\/\",\"url\":\"https:\/\/wpguerssen-test.odoo.rgbconsulting.com\/wp-content\/uploads\/2022\/04\/Logo_Guerssen_trans_100.png\",\"contentUrl\":\"https:\/\/wpguerssen-test.odoo.rgbconsulting.com\/wp-content\/uploads\/2022\/04\/Logo_Guerssen_trans_100.png\",\"width\":122,\"height\":100,\"caption\":\"Guerssen records\"},\"image\":{\"@id\":\"https:\/\/wpguerssen-test.odoo.rgbconsulting.com\/es\/#\/schema\/logo\/image\/\"}}]}<\/script>\n<!-- \/ Yoast SEO plugin. -->","yoast_head_json":{"title":"PHILLIPS, Walker - God's Eye (Orange LP) -  (LP) | Guerssen","description":"ORANGE VINYL, 105 HAND-NUMBERED COPIES ONLY! #nl# Acid-folk fans rejoice! #nl# 'God's Eye' is the second album by San Francisco based psych-folk musician Walker Phillips. It was recorded in the best 60s-70s tradition using only analogue tape and vintage instruments. According to Walker, \"it contains some of the best songs I've written\". The first side is a suite of pleasant, delicate songs of pure psychedelic-folk bliss that recall Arthur Lee Harper or Donovan at times, while side two is a full blown psychedelic \/ jazz \/ experimental single track inspired by Miles Davis' 'Bitches Brew', meticulously tape-spliced from about one hour of improvisation. It wanders somewhere between Stockhausen, Pink Floyd and The Grateful Dead. Stunning! #nl# RIYL: Donovan, Incredible String Band, Kaleidoscope, Arthur Lee Harper, Marc Bolan, Pink Floyd... #nl# Tracklist:Side A: A1. Listen To Me > Ballad Of A Cancer With A Libra Moon Or How The Crab Got His Scales - A2. Juniper And Jade - A3. Marigold Eyes - A4. Song Of Solomon - A5. God's EyeSide B: B1. Lovebird > Lovebird II","robots":{"index":"index","follow":"follow","max-snippet":"max-snippet:-1","max-image-preview":"max-image-preview:large","max-video-preview":"max-video-preview:-1"},"canonical":"https:\/\/wpguerssen-test.odoo.rgbconsulting.com\/es\/producto\/gods-eye-orange-lp\/","og_locale":"es_ES","og_type":"article","og_title":"PHILLIPS, Walker - God's Eye (Orange LP) -  (LP) | Guerssen","og_description":"ORANGE VINYL, 105 HAND-NUMBERED COPIES ONLY! #nl# Acid-folk fans rejoice! #nl# 'God's Eye' is the second album by San Francisco based psych-folk musician Walker Phillips. It was recorded in the best 60s-70s tradition using only analogue tape and vintage instruments. According to Walker, \"it contains some of the best songs I've written\". The first side is a suite of pleasant, delicate songs of pure psychedelic-folk bliss that recall Arthur Lee Harper or Donovan at times, while side two is a full blown psychedelic \/ jazz \/ experimental single track inspired by Miles Davis' 'Bitches Brew', meticulously tape-spliced from about one hour of improvisation. It wanders somewhere between Stockhausen, Pink Floyd and The Grateful Dead. Stunning! #nl# RIYL: Donovan, Incredible String Band, Kaleidoscope, Arthur Lee Harper, Marc Bolan, Pink Floyd... #nl# Tracklist:Side A: A1. Listen To Me > Ballad Of A Cancer With A Libra Moon Or How The Crab Got His Scales - A2. Juniper And Jade - A3. Marigold Eyes - A4. Song Of Solomon - A5. God's EyeSide B: B1. Lovebird > Lovebird II","og_url":"https:\/\/wpguerssen-test.odoo.rgbconsulting.com\/es\/producto\/gods-eye-orange-lp\/","og_site_name":"Guerssen records","article_modified_time":"2025-02-12T13:47:35+00:00","og_image":[{"width":1400,"height":1400,"url":"https:\/\/wpguerssen-test.odoo.rgbconsulting.com\/wp-content\/uploads\/2024\/03\/43012.jpg","type":"image\/jpeg"}],"twitter_card":"summary_large_image","twitter_title":"PHILLIPS, Walker - God's Eye (Orange LP) -  (LP) | Guerssen","twitter_misc":{"Tiempo de lectura":"1 minuto"},"schema":{"@context":"https:\/\/schema.org","@graph":[{"@type":"WebPage","@id":"https:\/\/wpguerssen-test.odoo.rgbconsulting.com\/es\/producto\/gods-eye-orange-lp\/","url":"https:\/\/wpguerssen-test.odoo.rgbconsulting.com\/es\/producto\/gods-eye-orange-lp\/","name":"PHILLIPS, Walker - God's Eye (Orange LP) - (LP) | Guerssen","isPartOf":{"@id":"https:\/\/wpguerssen-test.odoo.rgbconsulting.com\/es\/#website"},"primaryImageOfPage":{"@id":"https:\/\/wpguerssen-test.odoo.rgbconsulting.com\/es\/producto\/gods-eye-orange-lp\/#primaryimage"},"image":{"@id":"https:\/\/wpguerssen-test.odoo.rgbconsulting.com\/es\/producto\/gods-eye-orange-lp\/#primaryimage"},"thumbnailUrl":"https:\/\/wpguerssen-test.odoo.rgbconsulting.com\/wp-content\/uploads\/2024\/03\/43012.jpg","datePublished":"2023-03-19T23:00:00+00:00","dateModified":"2025-02-12T13:47:35+00:00","description":"ORANGE VINYL, 105 HAND-NUMBERED COPIES ONLY! #nl# Acid-folk fans rejoice! #nl# 'God's Eye' is the second album by San Francisco based psych-folk musician Walker Phillips. It was recorded in the best 60s-70s tradition using only analogue tape and vintage instruments. According to Walker, \"it contains some of the best songs I've written\". The first side is a suite of pleasant, delicate songs of pure psychedelic-folk bliss that recall Arthur Lee Harper or Donovan at times, while side two is a full blown psychedelic \/ jazz \/ experimental single track inspired by Miles Davis' 'Bitches Brew', meticulously tape-spliced from about one hour of improvisation. It wanders somewhere between Stockhausen, Pink Floyd and The Grateful Dead. Stunning! #nl# RIYL: Donovan, Incredible String Band, Kaleidoscope, Arthur Lee Harper, Marc Bolan, Pink Floyd... #nl# Tracklist:Side A: A1. Listen To Me > Ballad Of A Cancer With A Libra Moon Or How The Crab Got His Scales - A2. Juniper And Jade - A3. Marigold Eyes - A4. Song Of Solomon - A5. God's EyeSide B: B1. Lovebird > Lovebird II","breadcrumb":{"@id":"https:\/\/wpguerssen-test.odoo.rgbconsulting.com\/es\/producto\/gods-eye-orange-lp\/#breadcrumb"},"inLanguage":"es","potentialAction":[{"@type":"ReadAction","target":["https:\/\/wpguerssen-test.odoo.rgbconsulting.com\/es\/producto\/gods-eye-orange-lp\/"]}]},{"@type":"ImageObject","inLanguage":"es","@id":"https:\/\/wpguerssen-test.odoo.rgbconsulting.com\/es\/producto\/gods-eye-orange-lp\/#primaryimage","url":"https:\/\/wpguerssen-test.odoo.rgbconsulting.com\/wp-content\/uploads\/2024\/03\/43012.jpg","contentUrl":"https:\/\/wpguerssen-test.odoo.rgbconsulting.com\/wp-content\/uploads\/2024\/03\/43012.jpg","width":1400,"height":1400,"caption":"Walker - God's Eye (Orange LP) - GUERSSEN (LP) | Guerssen"},{"@type":"BreadcrumbList","@id":"https:\/\/wpguerssen-test.odoo.rgbconsulting.com\/es\/producto\/gods-eye-orange-lp\/#breadcrumb","itemListElement":[{"@type":"ListItem","position":1,"name":"Inicio","item":"https:\/\/wpguerssen-test.odoo.rgbconsulting.com\/es\/"},{"@type":"ListItem","position":2,"name":"Shop","item":"https:\/\/wpguerssen-test.odoo.rgbconsulting.com\/shop\/"},{"@type":"ListItem","position":3,"name":"God&#8217;s Eye (Orange LP)"}]},{"@type":"WebSite","@id":"https:\/\/wpguerssen-test.odoo.rgbconsulting.com\/es\/#website","url":"https:\/\/wpguerssen-test.odoo.rgbconsulting.com\/es\/","name":"Guerssen records","description":"psychedelia - progressive - folk - garage ","publisher":{"@id":"https:\/\/wpguerssen-test.odoo.rgbconsulting.com\/es\/#organization"},"potentialAction":[{"@type":"SearchAction","target":{"@type":"EntryPoint","urlTemplate":"https:\/\/wpguerssen-test.odoo.rgbconsulting.com\/es\/?s={search_term_string}"},"query-input":{"@type":"PropertyValueSpecification","valueRequired":true,"valueName":"search_term_string"}}],"inLanguage":"es"},{"@type":"Organization","@id":"https:\/\/wpguerssen-test.odoo.rgbconsulting.com\/es\/#organization","name":"Guerssen records","url":"https:\/\/wpguerssen-test.odoo.rgbconsulting.com\/es\/","logo":{"@type":"ImageObject","inLanguage":"es","@id":"https:\/\/wpguerssen-test.odoo.rgbconsulting.com\/es\/#\/schema\/logo\/image\/","url":"https:\/\/wpguerssen-test.odoo.rgbconsulting.com\/wp-content\/uploads\/2022\/04\/Logo_Guerssen_trans_100.png","contentUrl":"https:\/\/wpguerssen-test.odoo.rgbconsulting.com\/wp-content\/uploads\/2022\/04\/Logo_Guerssen_trans_100.png","width":122,"height":100,"caption":"Guerssen records"},"image":{"@id":"https:\/\/wpguerssen-test.odoo.rgbconsulting.com\/es\/#\/schema\/logo\/image\/"}}]}},"_links":{"self":[{"href":"https:\/\/wpguerssen-test.odoo.rgbconsulting.com\/es\/wp-json\/wp\/v2\/product\/229954","targetHints":{"allow":["GET"]}}],"collection":[{"href":"https:\/\/wpguerssen-test.odoo.rgbconsulting.com\/es\/wp-json\/wp\/v2\/product"}],"about":[{"href":"https:\/\/wpguerssen-test.odoo.rgbconsulting.com\/es\/wp-json\/wp\/v2\/types\/product"}],"wp:featuredmedia":[{"embeddable":true,"href":"https:\/\/wpguerssen-test.odoo.rgbconsulting.com\/es\/wp-json\/wp\/v2\/media\/261134"}],"wp:attachment":[{"href":"https:\/\/wpguerssen-test.odoo.rgbconsulting.com\/es\/wp-json\/wp\/v2\/media?parent=229954"}],"wp:term":[{"taxonomy":"product_brand","embeddable":true,"href":"https:\/\/wpguerssen-test.odoo.rgbconsulting.com\/es\/wp-json\/wp\/v2\/product_brand?post=229954"},{"taxonomy":"product_cat","embeddable":true,"href":"https:\/\/wpguerssen-test.odoo.rgbconsulting.com\/es\/wp-json\/wp\/v2\/product_cat?post=229954"},{"taxonomy":"product_tag","embeddable":true,"href":"https:\/\/wpguerssen-test.odoo.rgbconsulting.com\/es\/wp-json\/wp\/v2\/product_tag?post=229954"}],"curies":[{"name":"wp","href":"https:\/\/api.w.org\/{rel}","templated":true}]}}