{"id":229955,"date":"2023-04-21T00:00:00","date_gmt":"2023-04-20T22:00:00","guid":{"rendered":"https:\/\/wpguerssen-test.odoo.rgbconsulting.com\/product\/andromeda\/"},"modified":"2025-05-05T11:08:21","modified_gmt":"2025-05-05T09:08:21","slug":"andromeda","status":"publish","type":"product","link":"https:\/\/wpguerssen-test.odoo.rgbconsulting.com\/es\/producto\/andromeda\/","title":{"rendered":"Andromeda"},"content":{"rendered":"<p>Uno de los discos ESENCIALES dentro de la escena hard-psicod\u00e9lica y proto-prog brit\u00e1nica de finales de los 60. Power-trio de pionero proto-metal con el descomunal guitarrista John Du Cann (The Attack, Atomic Rooster, Hard Stuff\u2026), el fant\u00e1stico bajista Mick Hawksworth (Fuzzy Duck, Alvin Lee) y el poderoso bater\u00eda Ian McLane (Neat Change, Ray Owens Moon).<\/p>\n<p>\n<p><p>Andromeda se formaron durante los \u00faltimos d\u00edas de The Attack, cuando John Du Cann decidi\u00f3 continuar por una senda musical todav\u00eda m\u00e1s dura y progresiva. Reclut\u00f3 a su amigo y compa\u00f1ero de piso Mick Hawksworth al bajo y al bater\u00eda Jack McCulloch (de One In A Million), que ser\u00eda remplazado al poco tiempo por otro bater\u00eda m\u00e1s agresivo, Ian McLane. Es as\u00ed como nace este power tr\u00edo de pionero sonido proto-metal. Tras el inter\u00e9s inicial de influyentes personas como John Peel (Dandelion) y Kit Lambert (Track Records) por ficharlos, Du Cann acepta una oferta de una major, RCA, tras la promesa de que \u00e9l mismo podr\u00e1 ejercer de productor para su primer disco. Grabado en los famosos estudios Advision, el impresionante debut de Andromeda ve la luz en 1969, envuelto en una ic\u00f3nica portada dise\u00f1ada por Du Cann con fotos de Gered Mankowitz.  Pero a pesar de las buenas cr\u00edticas recibidas y los numerosos y exitosos conciertos (algunos por delante de Black Sabbath en el cartel), la compa\u00f1\u00eda discogr\u00e1fica no sabe qu\u00e9 hacer con un grupo de sonido tan duro y oscuro. La falta de apoyo y promoci\u00f3n, hacen que un desencantado John Du Cann acepte una oferta para unirse a Atomic Rooster. Pero eso es ya otra historia&#8230;<\/p>\n<p>\n<p><p>*Sonido remasterizado<\/p>\n<p>\n<p><p>*Artwork original en portada laminada de cart\u00f3n duro + OBI<\/p>\n<p>\n<p><p>*Insert con notas y fotos<\/p>\n<p>\n<p>Tracklist:<br \/>Side A: A1. Too Old &#8211; A2. Day Of The Change &#8211; A3. And Now The Sun Shines &#8211; A4. Turns To Dust<\/p>\n<p>Side B: B1. Return To Sanity &#8211; B2. The Reason &#8211; B3. I Can Stop The Sun &#8211; B4. When To Stop<\/p>\n<p>\n","protected":false},"excerpt":{"rendered":"<p>Uno de los discos ESENCIALES dentro de la escena hard-psicod\u00e9lica y proto-prog brit\u00e1nica de finales de los 60. Power-trio de pionero proto-metal con el descomunal<a class=\"read\" href=\"https:\/\/wpguerssen-test.odoo.rgbconsulting.com\/es\/producto\/andromeda\/\"> (...)<\/a>","protected":false},"featured_media":229924,"template":"","meta":{"_acf_changed":false},"product_brand":[],"product_cat":[21639,23224],"product_tag":[],"class_list":{"0":"post-229955","1":"product","2":"type-product","3":"status-publish","4":"has-post-thumbnail","6":"product_cat-psychedelic60s-70s-es","7":"product_cat-hard-rock-60s-70s-es","8":"pa_artist-andromeda-uk-es","9":"pa_format-lp-es","10":"pa_gender-psychedelic60s-70s-hard-rock-60s-70s","11":"pa_label-guerssen-es","12":"pa_location-uk-ireland-es","14":"first","15":"outofstock","16":"taxable","17":"shipping-taxable","18":"purchasable","19":"product-type-simple"},"acf":[],"yoast_head":"<!-- This site is optimized with the Yoast SEO plugin v24.9 - https:\/\/yoast.com\/wordpress\/plugins\/seo\/ -->\n<title>ANDROMEDA (UK) - Andromeda -  (LP) | Guerssen<\/title>\n<meta name=\"description\" content=\"One of the key albums when talking about psychedelic hard-rock and early proto-metal, originally released in 1969. Featuring the great John Cann (The Attack, Atomic Rooster, Hard Stuff\u2026) on guitar plus Mick Hawksworth (Fuzzy Duck, Alvin Lee) on heavy bass plus the powerful drumming of Ian McLane (Neat Change, Ray Owen\u2019s Moon). Andromeda was formed during the final days of Cann\u2019s previous band The Attack, when he decided to go in a full heavier &amp; proggier musical direction. Recruiting his friend\/room mate Mick Hawksworth on bass plus drummer Jack McCulloch (of One In A Million, soon to be replaced by Ian McLane), the power-trio was born. After initial interest from John Peel (Dandelion) and Kit Lambert (Track Records), Cann decided to go with a major label, RCA, who offered him the chance to self-produce their first album. Recorded at Advision Studios, the impressive Andromeda debut was released in 1969, housed in a sleeve designed by John with photos by Gered Mankowitz. But despite receiving excellent reviews and the band playing lots of gigs (some of them billed above bands like Black Sabbath), RCA didn\u2019t know what to do with such a heavy rock band. Tired of the lack of promotion and support, John accepted an offer to join Atomic Rooster\u2026but that\u2019s another story. *Remastered sound *Original artwork in hard cardboard laminated sleeve + OBI *Insert with liner notes and photos\/memorabilia \u201c\u2026One of the strongest early heavy prog bands\u2026\u201d \u2013 Aaron Milenski (Galactic Ramble) Tracklist:Side A: A1. Too Old - A2. Day Of The Change - A3. And Now The Sun Shines - A4. Turns To DustSide B: B1. Return To Sanity - B2. The Reason - B3. I Can Stop The Sun - B4. When To Stop\" \/>\n<meta name=\"robots\" content=\"index, follow, max-snippet:-1, max-image-preview:large, max-video-preview:-1\" \/>\n<link rel=\"canonical\" href=\"https:\/\/wpguerssen-test.odoo.rgbconsulting.com\/es\/producto\/andromeda\/\" \/>\n<meta property=\"og:locale\" content=\"es_ES\" \/>\n<meta property=\"og:type\" content=\"article\" \/>\n<meta property=\"og:title\" content=\"ANDROMEDA (UK) - Andromeda -  (LP) | Guerssen\" \/>\n<meta property=\"og:description\" content=\"One of the key albums when talking about psychedelic hard-rock and early proto-metal, originally released in 1969. Featuring the great John Cann (The Attack, Atomic Rooster, Hard Stuff\u2026) on guitar plus Mick Hawksworth (Fuzzy Duck, Alvin Lee) on heavy bass plus the powerful drumming of Ian McLane (Neat Change, Ray Owen\u2019s Moon). Andromeda was formed during the final days of Cann\u2019s previous band The Attack, when he decided to go in a full heavier &amp; proggier musical direction. Recruiting his friend\/room mate Mick Hawksworth on bass plus drummer Jack McCulloch (of One In A Million, soon to be replaced by Ian McLane), the power-trio was born. After initial interest from John Peel (Dandelion) and Kit Lambert (Track Records), Cann decided to go with a major label, RCA, who offered him the chance to self-produce their first album. Recorded at Advision Studios, the impressive Andromeda debut was released in 1969, housed in a sleeve designed by John with photos by Gered Mankowitz. But despite receiving excellent reviews and the band playing lots of gigs (some of them billed above bands like Black Sabbath), RCA didn\u2019t know what to do with such a heavy rock band. Tired of the lack of promotion and support, John accepted an offer to join Atomic Rooster\u2026but that\u2019s another story. *Remastered sound *Original artwork in hard cardboard laminated sleeve + OBI *Insert with liner notes and photos\/memorabilia \u201c\u2026One of the strongest early heavy prog bands\u2026\u201d \u2013 Aaron Milenski (Galactic Ramble) Tracklist:Side A: A1. Too Old - A2. Day Of The Change - A3. And Now The Sun Shines - A4. Turns To DustSide B: B1. Return To Sanity - B2. The Reason - B3. I Can Stop The Sun - B4. When To Stop\" \/>\n<meta property=\"og:url\" content=\"https:\/\/wpguerssen-test.odoo.rgbconsulting.com\/es\/producto\/andromeda\/\" \/>\n<meta property=\"og:site_name\" content=\"Guerssen records\" \/>\n<meta property=\"article:modified_time\" content=\"2025-05-05T09:08:21+00:00\" \/>\n<meta property=\"og:image\" content=\"https:\/\/wpguerssen-test.odoo.rgbconsulting.com\/wp-content\/uploads\/2023\/03\/40547.jpg\" \/>\n\t<meta property=\"og:image:width\" content=\"1400\" \/>\n\t<meta property=\"og:image:height\" content=\"1400\" \/>\n\t<meta property=\"og:image:type\" content=\"image\/jpeg\" \/>\n<meta name=\"twitter:card\" content=\"summary_large_image\" \/>\n<meta name=\"twitter:title\" content=\"ANDROMEDA (UK) - Andromeda -  (LP) | Guerssen\" \/>\n<meta name=\"twitter:label1\" content=\"Tiempo de lectura\" \/>\n\t<meta name=\"twitter:data1\" content=\"2 minutos\" \/>\n<script type=\"application\/ld+json\" class=\"yoast-schema-graph\">{\"@context\":\"https:\/\/schema.org\",\"@graph\":[{\"@type\":\"WebPage\",\"@id\":\"https:\/\/wpguerssen-test.odoo.rgbconsulting.com\/es\/producto\/andromeda\/\",\"url\":\"https:\/\/wpguerssen-test.odoo.rgbconsulting.com\/es\/producto\/andromeda\/\",\"name\":\"ANDROMEDA (UK) - Andromeda - (LP) | Guerssen\",\"isPartOf\":{\"@id\":\"https:\/\/wpguerssen-test.odoo.rgbconsulting.com\/es\/#website\"},\"primaryImageOfPage\":{\"@id\":\"https:\/\/wpguerssen-test.odoo.rgbconsulting.com\/es\/producto\/andromeda\/#primaryimage\"},\"image\":{\"@id\":\"https:\/\/wpguerssen-test.odoo.rgbconsulting.com\/es\/producto\/andromeda\/#primaryimage\"},\"thumbnailUrl\":\"https:\/\/wpguerssen-test.odoo.rgbconsulting.com\/wp-content\/uploads\/2023\/03\/40547.jpg\",\"datePublished\":\"2023-04-20T22:00:00+00:00\",\"dateModified\":\"2025-05-05T09:08:21+00:00\",\"description\":\"One of the key albums when talking about psychedelic hard-rock and early proto-metal, originally released in 1969. Featuring the great John Cann (The Attack, Atomic Rooster, Hard Stuff\u2026) on guitar plus Mick Hawksworth (Fuzzy Duck, Alvin Lee) on heavy bass plus the powerful drumming of Ian McLane (Neat Change, Ray Owen\u2019s Moon). Andromeda was formed during the final days of Cann\u2019s previous band The Attack, when he decided to go in a full heavier & proggier musical direction. Recruiting his friend\/room mate Mick Hawksworth on bass plus drummer Jack McCulloch (of One In A Million, soon to be replaced by Ian McLane), the power-trio was born. After initial interest from John Peel (Dandelion) and Kit Lambert (Track Records), Cann decided to go with a major label, RCA, who offered him the chance to self-produce their first album. Recorded at Advision Studios, the impressive Andromeda debut was released in 1969, housed in a sleeve designed by John with photos by Gered Mankowitz. But despite receiving excellent reviews and the band playing lots of gigs (some of them billed above bands like Black Sabbath), RCA didn\u2019t know what to do with such a heavy rock band. Tired of the lack of promotion and support, John accepted an offer to join Atomic Rooster\u2026but that\u2019s another story. *Remastered sound *Original artwork in hard cardboard laminated sleeve + OBI *Insert with liner notes and photos\/memorabilia \u201c\u2026One of the strongest early heavy prog bands\u2026\u201d \u2013 Aaron Milenski (Galactic Ramble) Tracklist:Side A: A1. Too Old - A2. Day Of The Change - A3. And Now The Sun Shines - A4. Turns To DustSide B: B1. Return To Sanity - B2. The Reason - B3. I Can Stop The Sun - B4. When To Stop\",\"breadcrumb\":{\"@id\":\"https:\/\/wpguerssen-test.odoo.rgbconsulting.com\/es\/producto\/andromeda\/#breadcrumb\"},\"inLanguage\":\"es\",\"potentialAction\":[{\"@type\":\"ReadAction\",\"target\":[\"https:\/\/wpguerssen-test.odoo.rgbconsulting.com\/es\/producto\/andromeda\/\"]}]},{\"@type\":\"ImageObject\",\"inLanguage\":\"es\",\"@id\":\"https:\/\/wpguerssen-test.odoo.rgbconsulting.com\/es\/producto\/andromeda\/#primaryimage\",\"url\":\"https:\/\/wpguerssen-test.odoo.rgbconsulting.com\/wp-content\/uploads\/2023\/03\/40547.jpg\",\"contentUrl\":\"https:\/\/wpguerssen-test.odoo.rgbconsulting.com\/wp-content\/uploads\/2023\/03\/40547.jpg\",\"width\":1400,\"height\":1400},{\"@type\":\"BreadcrumbList\",\"@id\":\"https:\/\/wpguerssen-test.odoo.rgbconsulting.com\/es\/producto\/andromeda\/#breadcrumb\",\"itemListElement\":[{\"@type\":\"ListItem\",\"position\":1,\"name\":\"Inicio\",\"item\":\"https:\/\/wpguerssen-test.odoo.rgbconsulting.com\/es\/\"},{\"@type\":\"ListItem\",\"position\":2,\"name\":\"Shop\",\"item\":\"https:\/\/wpguerssen-test.odoo.rgbconsulting.com\/shop\/\"},{\"@type\":\"ListItem\",\"position\":3,\"name\":\"Andromeda\"}]},{\"@type\":\"WebSite\",\"@id\":\"https:\/\/wpguerssen-test.odoo.rgbconsulting.com\/es\/#website\",\"url\":\"https:\/\/wpguerssen-test.odoo.rgbconsulting.com\/es\/\",\"name\":\"Guerssen records\",\"description\":\"psychedelia - progressive - folk - garage \",\"publisher\":{\"@id\":\"https:\/\/wpguerssen-test.odoo.rgbconsulting.com\/es\/#organization\"},\"potentialAction\":[{\"@type\":\"SearchAction\",\"target\":{\"@type\":\"EntryPoint\",\"urlTemplate\":\"https:\/\/wpguerssen-test.odoo.rgbconsulting.com\/es\/?s={search_term_string}\"},\"query-input\":{\"@type\":\"PropertyValueSpecification\",\"valueRequired\":true,\"valueName\":\"search_term_string\"}}],\"inLanguage\":\"es\"},{\"@type\":\"Organization\",\"@id\":\"https:\/\/wpguerssen-test.odoo.rgbconsulting.com\/es\/#organization\",\"name\":\"Guerssen records\",\"url\":\"https:\/\/wpguerssen-test.odoo.rgbconsulting.com\/es\/\",\"logo\":{\"@type\":\"ImageObject\",\"inLanguage\":\"es\",\"@id\":\"https:\/\/wpguerssen-test.odoo.rgbconsulting.com\/es\/#\/schema\/logo\/image\/\",\"url\":\"https:\/\/wpguerssen-test.odoo.rgbconsulting.com\/wp-content\/uploads\/2022\/04\/Logo_Guerssen_trans_100.png\",\"contentUrl\":\"https:\/\/wpguerssen-test.odoo.rgbconsulting.com\/wp-content\/uploads\/2022\/04\/Logo_Guerssen_trans_100.png\",\"width\":122,\"height\":100,\"caption\":\"Guerssen records\"},\"image\":{\"@id\":\"https:\/\/wpguerssen-test.odoo.rgbconsulting.com\/es\/#\/schema\/logo\/image\/\"}}]}<\/script>\n<!-- \/ Yoast SEO plugin. -->","yoast_head_json":{"title":"ANDROMEDA (UK) - Andromeda -  (LP) | Guerssen","description":"One of the key albums when talking about psychedelic hard-rock and early proto-metal, originally released in 1969. Featuring the great John Cann (The Attack, Atomic Rooster, Hard Stuff\u2026) on guitar plus Mick Hawksworth (Fuzzy Duck, Alvin Lee) on heavy bass plus the powerful drumming of Ian McLane (Neat Change, Ray Owen\u2019s Moon). Andromeda was formed during the final days of Cann\u2019s previous band The Attack, when he decided to go in a full heavier & proggier musical direction. Recruiting his friend\/room mate Mick Hawksworth on bass plus drummer Jack McCulloch (of One In A Million, soon to be replaced by Ian McLane), the power-trio was born. After initial interest from John Peel (Dandelion) and Kit Lambert (Track Records), Cann decided to go with a major label, RCA, who offered him the chance to self-produce their first album. Recorded at Advision Studios, the impressive Andromeda debut was released in 1969, housed in a sleeve designed by John with photos by Gered Mankowitz. But despite receiving excellent reviews and the band playing lots of gigs (some of them billed above bands like Black Sabbath), RCA didn\u2019t know what to do with such a heavy rock band. Tired of the lack of promotion and support, John accepted an offer to join Atomic Rooster\u2026but that\u2019s another story. *Remastered sound *Original artwork in hard cardboard laminated sleeve + OBI *Insert with liner notes and photos\/memorabilia \u201c\u2026One of the strongest early heavy prog bands\u2026\u201d \u2013 Aaron Milenski (Galactic Ramble) Tracklist:Side A: A1. Too Old - A2. Day Of The Change - A3. And Now The Sun Shines - A4. Turns To DustSide B: B1. Return To Sanity - B2. The Reason - B3. I Can Stop The Sun - B4. When To Stop","robots":{"index":"index","follow":"follow","max-snippet":"max-snippet:-1","max-image-preview":"max-image-preview:large","max-video-preview":"max-video-preview:-1"},"canonical":"https:\/\/wpguerssen-test.odoo.rgbconsulting.com\/es\/producto\/andromeda\/","og_locale":"es_ES","og_type":"article","og_title":"ANDROMEDA (UK) - Andromeda -  (LP) | Guerssen","og_description":"One of the key albums when talking about psychedelic hard-rock and early proto-metal, originally released in 1969. Featuring the great John Cann (The Attack, Atomic Rooster, Hard Stuff\u2026) on guitar plus Mick Hawksworth (Fuzzy Duck, Alvin Lee) on heavy bass plus the powerful drumming of Ian McLane (Neat Change, Ray Owen\u2019s Moon). Andromeda was formed during the final days of Cann\u2019s previous band The Attack, when he decided to go in a full heavier & proggier musical direction. Recruiting his friend\/room mate Mick Hawksworth on bass plus drummer Jack McCulloch (of One In A Million, soon to be replaced by Ian McLane), the power-trio was born. After initial interest from John Peel (Dandelion) and Kit Lambert (Track Records), Cann decided to go with a major label, RCA, who offered him the chance to self-produce their first album. Recorded at Advision Studios, the impressive Andromeda debut was released in 1969, housed in a sleeve designed by John with photos by Gered Mankowitz. But despite receiving excellent reviews and the band playing lots of gigs (some of them billed above bands like Black Sabbath), RCA didn\u2019t know what to do with such a heavy rock band. Tired of the lack of promotion and support, John accepted an offer to join Atomic Rooster\u2026but that\u2019s another story. *Remastered sound *Original artwork in hard cardboard laminated sleeve + OBI *Insert with liner notes and photos\/memorabilia \u201c\u2026One of the strongest early heavy prog bands\u2026\u201d \u2013 Aaron Milenski (Galactic Ramble) Tracklist:Side A: A1. Too Old - A2. Day Of The Change - A3. And Now The Sun Shines - A4. Turns To DustSide B: B1. Return To Sanity - B2. The Reason - B3. I Can Stop The Sun - B4. When To Stop","og_url":"https:\/\/wpguerssen-test.odoo.rgbconsulting.com\/es\/producto\/andromeda\/","og_site_name":"Guerssen records","article_modified_time":"2025-05-05T09:08:21+00:00","og_image":[{"width":1400,"height":1400,"url":"https:\/\/wpguerssen-test.odoo.rgbconsulting.com\/wp-content\/uploads\/2023\/03\/40547.jpg","type":"image\/jpeg"}],"twitter_card":"summary_large_image","twitter_title":"ANDROMEDA (UK) - Andromeda -  (LP) | Guerssen","twitter_misc":{"Tiempo de lectura":"2 minutos"},"schema":{"@context":"https:\/\/schema.org","@graph":[{"@type":"WebPage","@id":"https:\/\/wpguerssen-test.odoo.rgbconsulting.com\/es\/producto\/andromeda\/","url":"https:\/\/wpguerssen-test.odoo.rgbconsulting.com\/es\/producto\/andromeda\/","name":"ANDROMEDA (UK) - Andromeda - (LP) | Guerssen","isPartOf":{"@id":"https:\/\/wpguerssen-test.odoo.rgbconsulting.com\/es\/#website"},"primaryImageOfPage":{"@id":"https:\/\/wpguerssen-test.odoo.rgbconsulting.com\/es\/producto\/andromeda\/#primaryimage"},"image":{"@id":"https:\/\/wpguerssen-test.odoo.rgbconsulting.com\/es\/producto\/andromeda\/#primaryimage"},"thumbnailUrl":"https:\/\/wpguerssen-test.odoo.rgbconsulting.com\/wp-content\/uploads\/2023\/03\/40547.jpg","datePublished":"2023-04-20T22:00:00+00:00","dateModified":"2025-05-05T09:08:21+00:00","description":"One of the key albums when talking about psychedelic hard-rock and early proto-metal, originally released in 1969. Featuring the great John Cann (The Attack, Atomic Rooster, Hard Stuff\u2026) on guitar plus Mick Hawksworth (Fuzzy Duck, Alvin Lee) on heavy bass plus the powerful drumming of Ian McLane (Neat Change, Ray Owen\u2019s Moon). Andromeda was formed during the final days of Cann\u2019s previous band The Attack, when he decided to go in a full heavier & proggier musical direction. Recruiting his friend\/room mate Mick Hawksworth on bass plus drummer Jack McCulloch (of One In A Million, soon to be replaced by Ian McLane), the power-trio was born. After initial interest from John Peel (Dandelion) and Kit Lambert (Track Records), Cann decided to go with a major label, RCA, who offered him the chance to self-produce their first album. Recorded at Advision Studios, the impressive Andromeda debut was released in 1969, housed in a sleeve designed by John with photos by Gered Mankowitz. But despite receiving excellent reviews and the band playing lots of gigs (some of them billed above bands like Black Sabbath), RCA didn\u2019t know what to do with such a heavy rock band. Tired of the lack of promotion and support, John accepted an offer to join Atomic Rooster\u2026but that\u2019s another story. *Remastered sound *Original artwork in hard cardboard laminated sleeve + OBI *Insert with liner notes and photos\/memorabilia \u201c\u2026One of the strongest early heavy prog bands\u2026\u201d \u2013 Aaron Milenski (Galactic Ramble) Tracklist:Side A: A1. Too Old - A2. Day Of The Change - A3. And Now The Sun Shines - A4. Turns To DustSide B: B1. Return To Sanity - B2. The Reason - B3. I Can Stop The Sun - B4. When To Stop","breadcrumb":{"@id":"https:\/\/wpguerssen-test.odoo.rgbconsulting.com\/es\/producto\/andromeda\/#breadcrumb"},"inLanguage":"es","potentialAction":[{"@type":"ReadAction","target":["https:\/\/wpguerssen-test.odoo.rgbconsulting.com\/es\/producto\/andromeda\/"]}]},{"@type":"ImageObject","inLanguage":"es","@id":"https:\/\/wpguerssen-test.odoo.rgbconsulting.com\/es\/producto\/andromeda\/#primaryimage","url":"https:\/\/wpguerssen-test.odoo.rgbconsulting.com\/wp-content\/uploads\/2023\/03\/40547.jpg","contentUrl":"https:\/\/wpguerssen-test.odoo.rgbconsulting.com\/wp-content\/uploads\/2023\/03\/40547.jpg","width":1400,"height":1400},{"@type":"BreadcrumbList","@id":"https:\/\/wpguerssen-test.odoo.rgbconsulting.com\/es\/producto\/andromeda\/#breadcrumb","itemListElement":[{"@type":"ListItem","position":1,"name":"Inicio","item":"https:\/\/wpguerssen-test.odoo.rgbconsulting.com\/es\/"},{"@type":"ListItem","position":2,"name":"Shop","item":"https:\/\/wpguerssen-test.odoo.rgbconsulting.com\/shop\/"},{"@type":"ListItem","position":3,"name":"Andromeda"}]},{"@type":"WebSite","@id":"https:\/\/wpguerssen-test.odoo.rgbconsulting.com\/es\/#website","url":"https:\/\/wpguerssen-test.odoo.rgbconsulting.com\/es\/","name":"Guerssen records","description":"psychedelia - progressive - folk - garage ","publisher":{"@id":"https:\/\/wpguerssen-test.odoo.rgbconsulting.com\/es\/#organization"},"potentialAction":[{"@type":"SearchAction","target":{"@type":"EntryPoint","urlTemplate":"https:\/\/wpguerssen-test.odoo.rgbconsulting.com\/es\/?s={search_term_string}"},"query-input":{"@type":"PropertyValueSpecification","valueRequired":true,"valueName":"search_term_string"}}],"inLanguage":"es"},{"@type":"Organization","@id":"https:\/\/wpguerssen-test.odoo.rgbconsulting.com\/es\/#organization","name":"Guerssen records","url":"https:\/\/wpguerssen-test.odoo.rgbconsulting.com\/es\/","logo":{"@type":"ImageObject","inLanguage":"es","@id":"https:\/\/wpguerssen-test.odoo.rgbconsulting.com\/es\/#\/schema\/logo\/image\/","url":"https:\/\/wpguerssen-test.odoo.rgbconsulting.com\/wp-content\/uploads\/2022\/04\/Logo_Guerssen_trans_100.png","contentUrl":"https:\/\/wpguerssen-test.odoo.rgbconsulting.com\/wp-content\/uploads\/2022\/04\/Logo_Guerssen_trans_100.png","width":122,"height":100,"caption":"Guerssen records"},"image":{"@id":"https:\/\/wpguerssen-test.odoo.rgbconsulting.com\/es\/#\/schema\/logo\/image\/"}}]}},"_links":{"self":[{"href":"https:\/\/wpguerssen-test.odoo.rgbconsulting.com\/es\/wp-json\/wp\/v2\/product\/229955","targetHints":{"allow":["GET"]}}],"collection":[{"href":"https:\/\/wpguerssen-test.odoo.rgbconsulting.com\/es\/wp-json\/wp\/v2\/product"}],"about":[{"href":"https:\/\/wpguerssen-test.odoo.rgbconsulting.com\/es\/wp-json\/wp\/v2\/types\/product"}],"wp:featuredmedia":[{"embeddable":true,"href":"https:\/\/wpguerssen-test.odoo.rgbconsulting.com\/es\/wp-json\/wp\/v2\/media\/229924"}],"wp:attachment":[{"href":"https:\/\/wpguerssen-test.odoo.rgbconsulting.com\/es\/wp-json\/wp\/v2\/media?parent=229955"}],"wp:term":[{"taxonomy":"product_brand","embeddable":true,"href":"https:\/\/wpguerssen-test.odoo.rgbconsulting.com\/es\/wp-json\/wp\/v2\/product_brand?post=229955"},{"taxonomy":"product_cat","embeddable":true,"href":"https:\/\/wpguerssen-test.odoo.rgbconsulting.com\/es\/wp-json\/wp\/v2\/product_cat?post=229955"},{"taxonomy":"product_tag","embeddable":true,"href":"https:\/\/wpguerssen-test.odoo.rgbconsulting.com\/es\/wp-json\/wp\/v2\/product_tag?post=229955"}],"curies":[{"name":"wp","href":"https:\/\/api.w.org\/{rel}","templated":true}]}}