{"id":230315,"date":"2025-01-13T00:00:00","date_gmt":"2025-01-12T23:00:00","guid":{"rendered":"https:\/\/wpguerssen-test.odoo.rgbconsulting.com\/product\/hip-harp\/"},"modified":"2025-01-14T10:23:04","modified_gmt":"2025-01-14T09:23:04","slug":"hip-harp","status":"publish","type":"product","link":"https:\/\/wpguerssen-test.odoo.rgbconsulting.com\/es\/producto\/hip-harp\/","title":{"rendered":"Hip Harp"},"content":{"rendered":"<p>Nacida en Detroit en 1932, Dorothy Ashby puede ser f\u00e1cilmente reconocida como la mujer que le dio al arpa una voz en el mundo del Jazz. En sus manos, el arpa, un instrumento originalmente cl\u00e1sico que parec\u00eda asustar a la gente, se convirti\u00f3 en una voz de swing muy vers\u00e1til capaz de impulsar toda una secci\u00f3n r\u00edtmica de jazz. Grabado en 1958 por el maestro Rudy Van Gelder y lanzado originalmente en el sello Prestige, Hip Harp es un ejemplo perfecto del arte de Ashby. A la cabeza de un excelente cuarteto con el gran Frank Wess a la flauta, Herman Wright al bajo y el maestro Art Taylor a la bater\u00eda, Ashby crea una combinaci\u00f3n \u00fanica de elementos profundamente jazz\u00edsticos expresados \u00bf\u00bfa trav\u00e9s de un sonido totalmente nuevo.<\/p>\n","protected":false},"excerpt":{"rendered":"<p>Nacida en Detroit en 1932, Dorothy Ashby puede ser f\u00e1cilmente reconocida como la mujer que le dio al arpa una voz en el mundo del Jazz. En sus manos, el arpa, un<a class=\"read\" href=\"https:\/\/wpguerssen-test.odoo.rgbconsulting.com\/es\/producto\/hip-harp\/\"> (...)<\/a>","protected":false},"featured_media":231317,"template":"","meta":{"_acf_changed":false},"product_brand":[],"product_cat":[23227],"product_tag":[24185],"class_list":{"0":"post-230315","1":"product","2":"type-product","3":"status-publish","4":"has-post-thumbnail","6":"product_cat-jazz-es","7":"product_tag-de-nuevo-en-existencia","8":"pa_artist-ashby-dorothy-wess-frank","9":"pa_format-lp-es","10":"pa_gender-jazz","11":"pa_label-sowing-records","12":"pa_location-north-america-es","13":"pa_other-filters-vinyl-only-es","15":"first","16":"instock","17":"taxable","18":"shipping-taxable","19":"purchasable","20":"product-type-simple"},"acf":[],"yoast_head":"<!-- This site is optimized with the Yoast SEO plugin v24.9 - https:\/\/yoast.com\/wordpress\/plugins\/seo\/ -->\n<title>ASHBY, Dorothy \/ WESS, Frank - Hip Harp -  (LP) | Guerssen<\/title>\n<meta name=\"description\" content=\"Born in Detroit in 1932 Dorothy Ashby can be easily recognized as the woman who gave the harp a Jazz voice. In her hands, the harp, an originally classical instrument which seemed to just scare people, became a highly versatile swinging voice able to drive a whole jazz rhythm section. Recorded in 1958 by master Rudy Van Gelder and originally released on the Prestige label, Hip Harp is a perfect example of Ashby&#039;s artistry. At the head of a fine quartet featuring the great Frank Wess on flute, Herman Wright on Bass and master Art Taylor on drums, Ashby creates a unique combination of deeply Jazz elements expressed through a totally new sound.\" \/>\n<meta name=\"robots\" content=\"index, follow, max-snippet:-1, max-image-preview:large, max-video-preview:-1\" \/>\n<link rel=\"canonical\" href=\"https:\/\/wpguerssen-test.odoo.rgbconsulting.com\/es\/producto\/hip-harp\/\" \/>\n<meta property=\"og:locale\" content=\"es_ES\" \/>\n<meta property=\"og:type\" content=\"article\" \/>\n<meta property=\"og:title\" content=\"ASHBY, Dorothy \/ WESS, Frank - Hip Harp -  (LP) | Guerssen\" \/>\n<meta property=\"og:description\" content=\"Born in Detroit in 1932 Dorothy Ashby can be easily recognized as the woman who gave the harp a Jazz voice. In her hands, the harp, an originally classical instrument which seemed to just scare people, became a highly versatile swinging voice able to drive a whole jazz rhythm section. Recorded in 1958 by master Rudy Van Gelder and originally released on the Prestige label, Hip Harp is a perfect example of Ashby&#039;s artistry. At the head of a fine quartet featuring the great Frank Wess on flute, Herman Wright on Bass and master Art Taylor on drums, Ashby creates a unique combination of deeply Jazz elements expressed through a totally new sound.\" \/>\n<meta property=\"og:url\" content=\"https:\/\/wpguerssen-test.odoo.rgbconsulting.com\/es\/producto\/hip-harp\/\" \/>\n<meta property=\"og:site_name\" content=\"Guerssen records\" \/>\n<meta property=\"article:modified_time\" content=\"2025-01-14T09:23:04+00:00\" \/>\n<meta property=\"og:image\" content=\"https:\/\/wpguerssen-test.odoo.rgbconsulting.com\/wp-content\/uploads\/2023\/04\/43351.jpg\" \/>\n\t<meta property=\"og:image:width\" content=\"888\" \/>\n\t<meta property=\"og:image:height\" content=\"875\" \/>\n\t<meta property=\"og:image:type\" content=\"image\/jpeg\" \/>\n<meta name=\"twitter:card\" content=\"summary_large_image\" \/>\n<meta name=\"twitter:title\" content=\"ASHBY, Dorothy \/ WESS, Frank - Hip Harp -  (LP) | Guerssen\" \/>\n<meta name=\"twitter:label1\" content=\"Tiempo de lectura\" \/>\n\t<meta name=\"twitter:data1\" content=\"1 minuto\" \/>\n<script type=\"application\/ld+json\" class=\"yoast-schema-graph\">{\"@context\":\"https:\/\/schema.org\",\"@graph\":[{\"@type\":\"WebPage\",\"@id\":\"https:\/\/wpguerssen-test.odoo.rgbconsulting.com\/es\/producto\/hip-harp\/\",\"url\":\"https:\/\/wpguerssen-test.odoo.rgbconsulting.com\/es\/producto\/hip-harp\/\",\"name\":\"ASHBY, Dorothy \/ WESS, Frank - Hip Harp - (LP) | Guerssen\",\"isPartOf\":{\"@id\":\"https:\/\/wpguerssen-test.odoo.rgbconsulting.com\/es\/#website\"},\"primaryImageOfPage\":{\"@id\":\"https:\/\/wpguerssen-test.odoo.rgbconsulting.com\/es\/producto\/hip-harp\/#primaryimage\"},\"image\":{\"@id\":\"https:\/\/wpguerssen-test.odoo.rgbconsulting.com\/es\/producto\/hip-harp\/#primaryimage\"},\"thumbnailUrl\":\"https:\/\/wpguerssen-test.odoo.rgbconsulting.com\/wp-content\/uploads\/2023\/04\/43351.jpg\",\"datePublished\":\"2025-01-12T23:00:00+00:00\",\"dateModified\":\"2025-01-14T09:23:04+00:00\",\"description\":\"Born in Detroit in 1932 Dorothy Ashby can be easily recognized as the woman who gave the harp a Jazz voice. In her hands, the harp, an originally classical instrument which seemed to just scare people, became a highly versatile swinging voice able to drive a whole jazz rhythm section. Recorded in 1958 by master Rudy Van Gelder and originally released on the Prestige label, Hip Harp is a perfect example of Ashby's artistry. At the head of a fine quartet featuring the great Frank Wess on flute, Herman Wright on Bass and master Art Taylor on drums, Ashby creates a unique combination of deeply Jazz elements expressed through a totally new sound.\",\"breadcrumb\":{\"@id\":\"https:\/\/wpguerssen-test.odoo.rgbconsulting.com\/es\/producto\/hip-harp\/#breadcrumb\"},\"inLanguage\":\"es\",\"potentialAction\":[{\"@type\":\"ReadAction\",\"target\":[\"https:\/\/wpguerssen-test.odoo.rgbconsulting.com\/es\/producto\/hip-harp\/\"]}]},{\"@type\":\"ImageObject\",\"inLanguage\":\"es\",\"@id\":\"https:\/\/wpguerssen-test.odoo.rgbconsulting.com\/es\/producto\/hip-harp\/#primaryimage\",\"url\":\"https:\/\/wpguerssen-test.odoo.rgbconsulting.com\/wp-content\/uploads\/2023\/04\/43351.jpg\",\"contentUrl\":\"https:\/\/wpguerssen-test.odoo.rgbconsulting.com\/wp-content\/uploads\/2023\/04\/43351.jpg\",\"width\":888,\"height\":875,\"caption\":\"Dorothy \/ WESS\"},{\"@type\":\"BreadcrumbList\",\"@id\":\"https:\/\/wpguerssen-test.odoo.rgbconsulting.com\/es\/producto\/hip-harp\/#breadcrumb\",\"itemListElement\":[{\"@type\":\"ListItem\",\"position\":1,\"name\":\"Inicio\",\"item\":\"https:\/\/wpguerssen-test.odoo.rgbconsulting.com\/es\/\"},{\"@type\":\"ListItem\",\"position\":2,\"name\":\"Shop\",\"item\":\"https:\/\/wpguerssen-test.odoo.rgbconsulting.com\/shop\/\"},{\"@type\":\"ListItem\",\"position\":3,\"name\":\"Hip Harp\"}]},{\"@type\":\"WebSite\",\"@id\":\"https:\/\/wpguerssen-test.odoo.rgbconsulting.com\/es\/#website\",\"url\":\"https:\/\/wpguerssen-test.odoo.rgbconsulting.com\/es\/\",\"name\":\"Guerssen records\",\"description\":\"psychedelia - progressive - folk - garage \",\"publisher\":{\"@id\":\"https:\/\/wpguerssen-test.odoo.rgbconsulting.com\/es\/#organization\"},\"potentialAction\":[{\"@type\":\"SearchAction\",\"target\":{\"@type\":\"EntryPoint\",\"urlTemplate\":\"https:\/\/wpguerssen-test.odoo.rgbconsulting.com\/es\/?s={search_term_string}\"},\"query-input\":{\"@type\":\"PropertyValueSpecification\",\"valueRequired\":true,\"valueName\":\"search_term_string\"}}],\"inLanguage\":\"es\"},{\"@type\":\"Organization\",\"@id\":\"https:\/\/wpguerssen-test.odoo.rgbconsulting.com\/es\/#organization\",\"name\":\"Guerssen records\",\"url\":\"https:\/\/wpguerssen-test.odoo.rgbconsulting.com\/es\/\",\"logo\":{\"@type\":\"ImageObject\",\"inLanguage\":\"es\",\"@id\":\"https:\/\/wpguerssen-test.odoo.rgbconsulting.com\/es\/#\/schema\/logo\/image\/\",\"url\":\"https:\/\/wpguerssen-test.odoo.rgbconsulting.com\/wp-content\/uploads\/2022\/04\/Logo_Guerssen_trans_100.png\",\"contentUrl\":\"https:\/\/wpguerssen-test.odoo.rgbconsulting.com\/wp-content\/uploads\/2022\/04\/Logo_Guerssen_trans_100.png\",\"width\":122,\"height\":100,\"caption\":\"Guerssen records\"},\"image\":{\"@id\":\"https:\/\/wpguerssen-test.odoo.rgbconsulting.com\/es\/#\/schema\/logo\/image\/\"}}]}<\/script>\n<!-- \/ Yoast SEO plugin. -->","yoast_head_json":{"title":"ASHBY, Dorothy \/ WESS, Frank - Hip Harp -  (LP) | Guerssen","description":"Born in Detroit in 1932 Dorothy Ashby can be easily recognized as the woman who gave the harp a Jazz voice. In her hands, the harp, an originally classical instrument which seemed to just scare people, became a highly versatile swinging voice able to drive a whole jazz rhythm section. Recorded in 1958 by master Rudy Van Gelder and originally released on the Prestige label, Hip Harp is a perfect example of Ashby's artistry. At the head of a fine quartet featuring the great Frank Wess on flute, Herman Wright on Bass and master Art Taylor on drums, Ashby creates a unique combination of deeply Jazz elements expressed through a totally new sound.","robots":{"index":"index","follow":"follow","max-snippet":"max-snippet:-1","max-image-preview":"max-image-preview:large","max-video-preview":"max-video-preview:-1"},"canonical":"https:\/\/wpguerssen-test.odoo.rgbconsulting.com\/es\/producto\/hip-harp\/","og_locale":"es_ES","og_type":"article","og_title":"ASHBY, Dorothy \/ WESS, Frank - Hip Harp -  (LP) | Guerssen","og_description":"Born in Detroit in 1932 Dorothy Ashby can be easily recognized as the woman who gave the harp a Jazz voice. In her hands, the harp, an originally classical instrument which seemed to just scare people, became a highly versatile swinging voice able to drive a whole jazz rhythm section. Recorded in 1958 by master Rudy Van Gelder and originally released on the Prestige label, Hip Harp is a perfect example of Ashby's artistry. At the head of a fine quartet featuring the great Frank Wess on flute, Herman Wright on Bass and master Art Taylor on drums, Ashby creates a unique combination of deeply Jazz elements expressed through a totally new sound.","og_url":"https:\/\/wpguerssen-test.odoo.rgbconsulting.com\/es\/producto\/hip-harp\/","og_site_name":"Guerssen records","article_modified_time":"2025-01-14T09:23:04+00:00","og_image":[{"width":888,"height":875,"url":"https:\/\/wpguerssen-test.odoo.rgbconsulting.com\/wp-content\/uploads\/2023\/04\/43351.jpg","type":"image\/jpeg"}],"twitter_card":"summary_large_image","twitter_title":"ASHBY, Dorothy \/ WESS, Frank - Hip Harp -  (LP) | Guerssen","twitter_misc":{"Tiempo de lectura":"1 minuto"},"schema":{"@context":"https:\/\/schema.org","@graph":[{"@type":"WebPage","@id":"https:\/\/wpguerssen-test.odoo.rgbconsulting.com\/es\/producto\/hip-harp\/","url":"https:\/\/wpguerssen-test.odoo.rgbconsulting.com\/es\/producto\/hip-harp\/","name":"ASHBY, Dorothy \/ WESS, Frank - Hip Harp - (LP) | Guerssen","isPartOf":{"@id":"https:\/\/wpguerssen-test.odoo.rgbconsulting.com\/es\/#website"},"primaryImageOfPage":{"@id":"https:\/\/wpguerssen-test.odoo.rgbconsulting.com\/es\/producto\/hip-harp\/#primaryimage"},"image":{"@id":"https:\/\/wpguerssen-test.odoo.rgbconsulting.com\/es\/producto\/hip-harp\/#primaryimage"},"thumbnailUrl":"https:\/\/wpguerssen-test.odoo.rgbconsulting.com\/wp-content\/uploads\/2023\/04\/43351.jpg","datePublished":"2025-01-12T23:00:00+00:00","dateModified":"2025-01-14T09:23:04+00:00","description":"Born in Detroit in 1932 Dorothy Ashby can be easily recognized as the woman who gave the harp a Jazz voice. In her hands, the harp, an originally classical instrument which seemed to just scare people, became a highly versatile swinging voice able to drive a whole jazz rhythm section. Recorded in 1958 by master Rudy Van Gelder and originally released on the Prestige label, Hip Harp is a perfect example of Ashby's artistry. At the head of a fine quartet featuring the great Frank Wess on flute, Herman Wright on Bass and master Art Taylor on drums, Ashby creates a unique combination of deeply Jazz elements expressed through a totally new sound.","breadcrumb":{"@id":"https:\/\/wpguerssen-test.odoo.rgbconsulting.com\/es\/producto\/hip-harp\/#breadcrumb"},"inLanguage":"es","potentialAction":[{"@type":"ReadAction","target":["https:\/\/wpguerssen-test.odoo.rgbconsulting.com\/es\/producto\/hip-harp\/"]}]},{"@type":"ImageObject","inLanguage":"es","@id":"https:\/\/wpguerssen-test.odoo.rgbconsulting.com\/es\/producto\/hip-harp\/#primaryimage","url":"https:\/\/wpguerssen-test.odoo.rgbconsulting.com\/wp-content\/uploads\/2023\/04\/43351.jpg","contentUrl":"https:\/\/wpguerssen-test.odoo.rgbconsulting.com\/wp-content\/uploads\/2023\/04\/43351.jpg","width":888,"height":875,"caption":"Dorothy \/ WESS"},{"@type":"BreadcrumbList","@id":"https:\/\/wpguerssen-test.odoo.rgbconsulting.com\/es\/producto\/hip-harp\/#breadcrumb","itemListElement":[{"@type":"ListItem","position":1,"name":"Inicio","item":"https:\/\/wpguerssen-test.odoo.rgbconsulting.com\/es\/"},{"@type":"ListItem","position":2,"name":"Shop","item":"https:\/\/wpguerssen-test.odoo.rgbconsulting.com\/shop\/"},{"@type":"ListItem","position":3,"name":"Hip Harp"}]},{"@type":"WebSite","@id":"https:\/\/wpguerssen-test.odoo.rgbconsulting.com\/es\/#website","url":"https:\/\/wpguerssen-test.odoo.rgbconsulting.com\/es\/","name":"Guerssen records","description":"psychedelia - progressive - folk - garage ","publisher":{"@id":"https:\/\/wpguerssen-test.odoo.rgbconsulting.com\/es\/#organization"},"potentialAction":[{"@type":"SearchAction","target":{"@type":"EntryPoint","urlTemplate":"https:\/\/wpguerssen-test.odoo.rgbconsulting.com\/es\/?s={search_term_string}"},"query-input":{"@type":"PropertyValueSpecification","valueRequired":true,"valueName":"search_term_string"}}],"inLanguage":"es"},{"@type":"Organization","@id":"https:\/\/wpguerssen-test.odoo.rgbconsulting.com\/es\/#organization","name":"Guerssen records","url":"https:\/\/wpguerssen-test.odoo.rgbconsulting.com\/es\/","logo":{"@type":"ImageObject","inLanguage":"es","@id":"https:\/\/wpguerssen-test.odoo.rgbconsulting.com\/es\/#\/schema\/logo\/image\/","url":"https:\/\/wpguerssen-test.odoo.rgbconsulting.com\/wp-content\/uploads\/2022\/04\/Logo_Guerssen_trans_100.png","contentUrl":"https:\/\/wpguerssen-test.odoo.rgbconsulting.com\/wp-content\/uploads\/2022\/04\/Logo_Guerssen_trans_100.png","width":122,"height":100,"caption":"Guerssen records"},"image":{"@id":"https:\/\/wpguerssen-test.odoo.rgbconsulting.com\/es\/#\/schema\/logo\/image\/"}}]}},"_links":{"self":[{"href":"https:\/\/wpguerssen-test.odoo.rgbconsulting.com\/es\/wp-json\/wp\/v2\/product\/230315","targetHints":{"allow":["GET"]}}],"collection":[{"href":"https:\/\/wpguerssen-test.odoo.rgbconsulting.com\/es\/wp-json\/wp\/v2\/product"}],"about":[{"href":"https:\/\/wpguerssen-test.odoo.rgbconsulting.com\/es\/wp-json\/wp\/v2\/types\/product"}],"wp:featuredmedia":[{"embeddable":true,"href":"https:\/\/wpguerssen-test.odoo.rgbconsulting.com\/es\/wp-json\/wp\/v2\/media\/231317"}],"wp:attachment":[{"href":"https:\/\/wpguerssen-test.odoo.rgbconsulting.com\/es\/wp-json\/wp\/v2\/media?parent=230315"}],"wp:term":[{"taxonomy":"product_brand","embeddable":true,"href":"https:\/\/wpguerssen-test.odoo.rgbconsulting.com\/es\/wp-json\/wp\/v2\/product_brand?post=230315"},{"taxonomy":"product_cat","embeddable":true,"href":"https:\/\/wpguerssen-test.odoo.rgbconsulting.com\/es\/wp-json\/wp\/v2\/product_cat?post=230315"},{"taxonomy":"product_tag","embeddable":true,"href":"https:\/\/wpguerssen-test.odoo.rgbconsulting.com\/es\/wp-json\/wp\/v2\/product_tag?post=230315"}],"curies":[{"name":"wp","href":"https:\/\/api.w.org\/{rel}","templated":true}]}}