{"id":230479,"date":"2023-08-28T00:00:00","date_gmt":"2023-08-27T22:00:00","guid":{"rendered":"https:\/\/wpguerssen-test.odoo.rgbconsulting.com\/product\/high-tension-vol-1\/"},"modified":"2025-03-13T17:16:51","modified_gmt":"2025-03-13T16:16:51","slug":"high-tension-vol-1","status":"publish","type":"product","link":"https:\/\/wpguerssen-test.odoo.rgbconsulting.com\/es\/producto\/high-tension-vol-1\/","title":{"rendered":"High Tension Vol 1"},"content":{"rendered":"<p>Tras el lanzamiento de \u00abMosaico\u00bb de Lee Selmoco continuamos nuestro camino con Vedette Records para revivir parte de su incre\u00edble cat\u00e1logo, con la reedici\u00f3n de la primera entrega de la serie \u00abHigh Tension\u00bb de Lesiman. Nacido en Florencia en 1935, Paolo Renosto, el hombre detr\u00e1s del apodo Lesiman, fue un incre\u00edble compositor, experimentador, profesor de m\u00fasica y pianista cuyas asombrosas habilidades e investigaci\u00f3n sonora lo llevaron a trabajar con Luigi Dallapiccola y Bruno Maderna, adem\u00e1s de ser un miembro de la Associazione Nuova Consonanza de Roma. Obviamente se uni\u00f3, durante alg\u00fan tiempo, al renombrado Gruppo d&#8217;Improvvisazione, con Franco Evangelisti y Domenico Guaccero. Publicado hace exactamente 50 a\u00f1os y repleto de tensi\u00f3n dram\u00e1tica, tambores oscuros y atm\u00f3sferas asfixiantes que giran en torno al tema de la guerra, compuesto con la participaci\u00f3n adicional de Romolo Grano, Sandro Brugnolini y Guido Baggiani, este primer volumen de la serie es un santo grial en italiano de la m\u00fasica de librer\u00eda, as\u00ed como un excelente ejemplo de \u00abm\u00fasica especialmente dise\u00f1ada para pel\u00edculas, televisi\u00f3n, radio, publicidad y uso industrial\u00bb. Ahora disponible en vinilo por primera vez como una edici\u00f3n limitada de 500 copias.<\/p>\n","protected":false},"excerpt":{"rendered":"<p>Tras el lanzamiento de \u00abMosaico\u00bb de Lee Selmoco continuamos nuestro camino con Vedette Records para revivir parte de su incre\u00edble cat\u00e1logo, con la reedici\u00f3n de<a class=\"read\" href=\"https:\/\/wpguerssen-test.odoo.rgbconsulting.com\/es\/producto\/high-tension-vol-1\/\"> (...)<\/a>","protected":false},"featured_media":239954,"template":"","meta":{"_acf_changed":false},"product_brand":[],"product_cat":[23232],"product_tag":[24190],"class_list":{"0":"post-230479","1":"product","2":"type-product","3":"status-publish","4":"has-post-thumbnail","6":"product_cat-library-music-lounge-es","7":"product_tag-sales-es","8":"pa_artist-lesiman","9":"pa_format-lp-es","10":"pa_gender-library-music-lounge","11":"pa_label-holy-basil","12":"pa_location-europe-es","13":"pa_other-filters-vinyl-only-es","15":"first","16":"instock","17":"taxable","18":"shipping-taxable","19":"purchasable","20":"product-type-simple"},"acf":[],"yoast_head":"<!-- This site is optimized with the Yoast SEO plugin v24.9 - https:\/\/yoast.com\/wordpress\/plugins\/seo\/ -->\n<title>LESIMAN - High Tension Vol 1 -  (LP) | Guerssen<\/title>\n<meta name=\"description\" content=\"Following the release of Lee Selmoco&#039;s &quot;Mosaico&quot; we continue our journey with Vedette Records to bring back to life part of their incredible catalog, with the reissue of the first instalment of the &quot;High Tension&quot; series by Lesiman. Born in Florence in 1935, Paolo Renosto, the man behind the moniker Lesiman, was an incredible composer, experimenter, music teacher and piano player whose amazing skills and sound research brought him to work with Luigi Dallapiccola and Bruno Maderna, as well as being a member of the Associazione Nuova Consonanza of Roma. He obviously joined, for some time, the renowned Gruppo d&#039;Improvvisazione, with Franco Evangelisti and Domenico Guaccero. Released exactly 50 years ago and packed with dramatic tension, obscure drums and asphyxiating atmospheres revolving around the theme of war, composed with the additional input of Romolo Grano, Sandro Brugnolini and Guido Baggiani, this first volume in the series is a holy grail in Italian libraries as well as a prime example of &quot;music especially crafted for films, television, radio, publicity and industrial use&quot;. Now available on vinyl for the first time as a limited edition of 500 copies.\" \/>\n<meta name=\"robots\" content=\"index, follow, max-snippet:-1, max-image-preview:large, max-video-preview:-1\" \/>\n<link rel=\"canonical\" href=\"https:\/\/wpguerssen-test.odoo.rgbconsulting.com\/es\/producto\/high-tension-vol-1\/\" \/>\n<meta property=\"og:locale\" content=\"es_ES\" \/>\n<meta property=\"og:type\" content=\"article\" \/>\n<meta property=\"og:title\" content=\"LESIMAN - High Tension Vol 1 -  (LP) | Guerssen\" \/>\n<meta property=\"og:description\" content=\"Following the release of Lee Selmoco&#039;s &quot;Mosaico&quot; we continue our journey with Vedette Records to bring back to life part of their incredible catalog, with the reissue of the first instalment of the &quot;High Tension&quot; series by Lesiman. Born in Florence in 1935, Paolo Renosto, the man behind the moniker Lesiman, was an incredible composer, experimenter, music teacher and piano player whose amazing skills and sound research brought him to work with Luigi Dallapiccola and Bruno Maderna, as well as being a member of the Associazione Nuova Consonanza of Roma. He obviously joined, for some time, the renowned Gruppo d&#039;Improvvisazione, with Franco Evangelisti and Domenico Guaccero. Released exactly 50 years ago and packed with dramatic tension, obscure drums and asphyxiating atmospheres revolving around the theme of war, composed with the additional input of Romolo Grano, Sandro Brugnolini and Guido Baggiani, this first volume in the series is a holy grail in Italian libraries as well as a prime example of &quot;music especially crafted for films, television, radio, publicity and industrial use&quot;. Now available on vinyl for the first time as a limited edition of 500 copies.\" \/>\n<meta property=\"og:url\" content=\"https:\/\/wpguerssen-test.odoo.rgbconsulting.com\/es\/producto\/high-tension-vol-1\/\" \/>\n<meta property=\"og:site_name\" content=\"Guerssen records\" \/>\n<meta property=\"article:modified_time\" content=\"2025-03-13T16:16:51+00:00\" \/>\n<meta property=\"og:image\" content=\"https:\/\/wpguerssen-test.odoo.rgbconsulting.com\/wp-content\/uploads\/2023\/08\/43364.jpg\" \/>\n\t<meta property=\"og:image:width\" content=\"1200\" \/>\n\t<meta property=\"og:image:height\" content=\"1200\" \/>\n\t<meta property=\"og:image:type\" content=\"image\/jpeg\" \/>\n<meta name=\"twitter:card\" content=\"summary_large_image\" \/>\n<meta name=\"twitter:title\" content=\"LESIMAN - High Tension Vol 1 -  (LP) | Guerssen\" \/>\n<meta name=\"twitter:label1\" content=\"Tiempo de lectura\" \/>\n\t<meta name=\"twitter:data1\" content=\"1 minuto\" \/>\n<script type=\"application\/ld+json\" class=\"yoast-schema-graph\">{\"@context\":\"https:\/\/schema.org\",\"@graph\":[{\"@type\":\"WebPage\",\"@id\":\"https:\/\/wpguerssen-test.odoo.rgbconsulting.com\/es\/producto\/high-tension-vol-1\/\",\"url\":\"https:\/\/wpguerssen-test.odoo.rgbconsulting.com\/es\/producto\/high-tension-vol-1\/\",\"name\":\"LESIMAN - High Tension Vol 1 - (LP) | Guerssen\",\"isPartOf\":{\"@id\":\"https:\/\/wpguerssen-test.odoo.rgbconsulting.com\/es\/#website\"},\"primaryImageOfPage\":{\"@id\":\"https:\/\/wpguerssen-test.odoo.rgbconsulting.com\/es\/producto\/high-tension-vol-1\/#primaryimage\"},\"image\":{\"@id\":\"https:\/\/wpguerssen-test.odoo.rgbconsulting.com\/es\/producto\/high-tension-vol-1\/#primaryimage\"},\"thumbnailUrl\":\"https:\/\/wpguerssen-test.odoo.rgbconsulting.com\/wp-content\/uploads\/2023\/08\/43364.jpg\",\"datePublished\":\"2023-08-27T22:00:00+00:00\",\"dateModified\":\"2025-03-13T16:16:51+00:00\",\"description\":\"Following the release of Lee Selmoco's \\\"Mosaico\\\" we continue our journey with Vedette Records to bring back to life part of their incredible catalog, with the reissue of the first instalment of the \\\"High Tension\\\" series by Lesiman. Born in Florence in 1935, Paolo Renosto, the man behind the moniker Lesiman, was an incredible composer, experimenter, music teacher and piano player whose amazing skills and sound research brought him to work with Luigi Dallapiccola and Bruno Maderna, as well as being a member of the Associazione Nuova Consonanza of Roma. He obviously joined, for some time, the renowned Gruppo d'Improvvisazione, with Franco Evangelisti and Domenico Guaccero. Released exactly 50 years ago and packed with dramatic tension, obscure drums and asphyxiating atmospheres revolving around the theme of war, composed with the additional input of Romolo Grano, Sandro Brugnolini and Guido Baggiani, this first volume in the series is a holy grail in Italian libraries as well as a prime example of \\\"music especially crafted for films, television, radio, publicity and industrial use\\\". Now available on vinyl for the first time as a limited edition of 500 copies.\",\"breadcrumb\":{\"@id\":\"https:\/\/wpguerssen-test.odoo.rgbconsulting.com\/es\/producto\/high-tension-vol-1\/#breadcrumb\"},\"inLanguage\":\"es\",\"potentialAction\":[{\"@type\":\"ReadAction\",\"target\":[\"https:\/\/wpguerssen-test.odoo.rgbconsulting.com\/es\/producto\/high-tension-vol-1\/\"]}]},{\"@type\":\"ImageObject\",\"inLanguage\":\"es\",\"@id\":\"https:\/\/wpguerssen-test.odoo.rgbconsulting.com\/es\/producto\/high-tension-vol-1\/#primaryimage\",\"url\":\"https:\/\/wpguerssen-test.odoo.rgbconsulting.com\/wp-content\/uploads\/2023\/08\/43364.jpg\",\"contentUrl\":\"https:\/\/wpguerssen-test.odoo.rgbconsulting.com\/wp-content\/uploads\/2023\/08\/43364.jpg\",\"width\":1200,\"height\":1200},{\"@type\":\"BreadcrumbList\",\"@id\":\"https:\/\/wpguerssen-test.odoo.rgbconsulting.com\/es\/producto\/high-tension-vol-1\/#breadcrumb\",\"itemListElement\":[{\"@type\":\"ListItem\",\"position\":1,\"name\":\"Inicio\",\"item\":\"https:\/\/wpguerssen-test.odoo.rgbconsulting.com\/es\/\"},{\"@type\":\"ListItem\",\"position\":2,\"name\":\"Shop\",\"item\":\"https:\/\/wpguerssen-test.odoo.rgbconsulting.com\/shop\/\"},{\"@type\":\"ListItem\",\"position\":3,\"name\":\"High Tension Vol 1\"}]},{\"@type\":\"WebSite\",\"@id\":\"https:\/\/wpguerssen-test.odoo.rgbconsulting.com\/es\/#website\",\"url\":\"https:\/\/wpguerssen-test.odoo.rgbconsulting.com\/es\/\",\"name\":\"Guerssen records\",\"description\":\"psychedelia - progressive - folk - garage \",\"publisher\":{\"@id\":\"https:\/\/wpguerssen-test.odoo.rgbconsulting.com\/es\/#organization\"},\"potentialAction\":[{\"@type\":\"SearchAction\",\"target\":{\"@type\":\"EntryPoint\",\"urlTemplate\":\"https:\/\/wpguerssen-test.odoo.rgbconsulting.com\/es\/?s={search_term_string}\"},\"query-input\":{\"@type\":\"PropertyValueSpecification\",\"valueRequired\":true,\"valueName\":\"search_term_string\"}}],\"inLanguage\":\"es\"},{\"@type\":\"Organization\",\"@id\":\"https:\/\/wpguerssen-test.odoo.rgbconsulting.com\/es\/#organization\",\"name\":\"Guerssen records\",\"url\":\"https:\/\/wpguerssen-test.odoo.rgbconsulting.com\/es\/\",\"logo\":{\"@type\":\"ImageObject\",\"inLanguage\":\"es\",\"@id\":\"https:\/\/wpguerssen-test.odoo.rgbconsulting.com\/es\/#\/schema\/logo\/image\/\",\"url\":\"https:\/\/wpguerssen-test.odoo.rgbconsulting.com\/wp-content\/uploads\/2022\/04\/Logo_Guerssen_trans_100.png\",\"contentUrl\":\"https:\/\/wpguerssen-test.odoo.rgbconsulting.com\/wp-content\/uploads\/2022\/04\/Logo_Guerssen_trans_100.png\",\"width\":122,\"height\":100,\"caption\":\"Guerssen records\"},\"image\":{\"@id\":\"https:\/\/wpguerssen-test.odoo.rgbconsulting.com\/es\/#\/schema\/logo\/image\/\"}}]}<\/script>\n<!-- \/ Yoast SEO plugin. -->","yoast_head_json":{"title":"LESIMAN - High Tension Vol 1 -  (LP) | Guerssen","description":"Following the release of Lee Selmoco's \"Mosaico\" we continue our journey with Vedette Records to bring back to life part of their incredible catalog, with the reissue of the first instalment of the \"High Tension\" series by Lesiman. Born in Florence in 1935, Paolo Renosto, the man behind the moniker Lesiman, was an incredible composer, experimenter, music teacher and piano player whose amazing skills and sound research brought him to work with Luigi Dallapiccola and Bruno Maderna, as well as being a member of the Associazione Nuova Consonanza of Roma. He obviously joined, for some time, the renowned Gruppo d'Improvvisazione, with Franco Evangelisti and Domenico Guaccero. Released exactly 50 years ago and packed with dramatic tension, obscure drums and asphyxiating atmospheres revolving around the theme of war, composed with the additional input of Romolo Grano, Sandro Brugnolini and Guido Baggiani, this first volume in the series is a holy grail in Italian libraries as well as a prime example of \"music especially crafted for films, television, radio, publicity and industrial use\". Now available on vinyl for the first time as a limited edition of 500 copies.","robots":{"index":"index","follow":"follow","max-snippet":"max-snippet:-1","max-image-preview":"max-image-preview:large","max-video-preview":"max-video-preview:-1"},"canonical":"https:\/\/wpguerssen-test.odoo.rgbconsulting.com\/es\/producto\/high-tension-vol-1\/","og_locale":"es_ES","og_type":"article","og_title":"LESIMAN - High Tension Vol 1 -  (LP) | Guerssen","og_description":"Following the release of Lee Selmoco's \"Mosaico\" we continue our journey with Vedette Records to bring back to life part of their incredible catalog, with the reissue of the first instalment of the \"High Tension\" series by Lesiman. Born in Florence in 1935, Paolo Renosto, the man behind the moniker Lesiman, was an incredible composer, experimenter, music teacher and piano player whose amazing skills and sound research brought him to work with Luigi Dallapiccola and Bruno Maderna, as well as being a member of the Associazione Nuova Consonanza of Roma. He obviously joined, for some time, the renowned Gruppo d'Improvvisazione, with Franco Evangelisti and Domenico Guaccero. Released exactly 50 years ago and packed with dramatic tension, obscure drums and asphyxiating atmospheres revolving around the theme of war, composed with the additional input of Romolo Grano, Sandro Brugnolini and Guido Baggiani, this first volume in the series is a holy grail in Italian libraries as well as a prime example of \"music especially crafted for films, television, radio, publicity and industrial use\". Now available on vinyl for the first time as a limited edition of 500 copies.","og_url":"https:\/\/wpguerssen-test.odoo.rgbconsulting.com\/es\/producto\/high-tension-vol-1\/","og_site_name":"Guerssen records","article_modified_time":"2025-03-13T16:16:51+00:00","og_image":[{"width":1200,"height":1200,"url":"https:\/\/wpguerssen-test.odoo.rgbconsulting.com\/wp-content\/uploads\/2023\/08\/43364.jpg","type":"image\/jpeg"}],"twitter_card":"summary_large_image","twitter_title":"LESIMAN - High Tension Vol 1 -  (LP) | Guerssen","twitter_misc":{"Tiempo de lectura":"1 minuto"},"schema":{"@context":"https:\/\/schema.org","@graph":[{"@type":"WebPage","@id":"https:\/\/wpguerssen-test.odoo.rgbconsulting.com\/es\/producto\/high-tension-vol-1\/","url":"https:\/\/wpguerssen-test.odoo.rgbconsulting.com\/es\/producto\/high-tension-vol-1\/","name":"LESIMAN - High Tension Vol 1 - (LP) | Guerssen","isPartOf":{"@id":"https:\/\/wpguerssen-test.odoo.rgbconsulting.com\/es\/#website"},"primaryImageOfPage":{"@id":"https:\/\/wpguerssen-test.odoo.rgbconsulting.com\/es\/producto\/high-tension-vol-1\/#primaryimage"},"image":{"@id":"https:\/\/wpguerssen-test.odoo.rgbconsulting.com\/es\/producto\/high-tension-vol-1\/#primaryimage"},"thumbnailUrl":"https:\/\/wpguerssen-test.odoo.rgbconsulting.com\/wp-content\/uploads\/2023\/08\/43364.jpg","datePublished":"2023-08-27T22:00:00+00:00","dateModified":"2025-03-13T16:16:51+00:00","description":"Following the release of Lee Selmoco's \"Mosaico\" we continue our journey with Vedette Records to bring back to life part of their incredible catalog, with the reissue of the first instalment of the \"High Tension\" series by Lesiman. Born in Florence in 1935, Paolo Renosto, the man behind the moniker Lesiman, was an incredible composer, experimenter, music teacher and piano player whose amazing skills and sound research brought him to work with Luigi Dallapiccola and Bruno Maderna, as well as being a member of the Associazione Nuova Consonanza of Roma. He obviously joined, for some time, the renowned Gruppo d'Improvvisazione, with Franco Evangelisti and Domenico Guaccero. Released exactly 50 years ago and packed with dramatic tension, obscure drums and asphyxiating atmospheres revolving around the theme of war, composed with the additional input of Romolo Grano, Sandro Brugnolini and Guido Baggiani, this first volume in the series is a holy grail in Italian libraries as well as a prime example of \"music especially crafted for films, television, radio, publicity and industrial use\". Now available on vinyl for the first time as a limited edition of 500 copies.","breadcrumb":{"@id":"https:\/\/wpguerssen-test.odoo.rgbconsulting.com\/es\/producto\/high-tension-vol-1\/#breadcrumb"},"inLanguage":"es","potentialAction":[{"@type":"ReadAction","target":["https:\/\/wpguerssen-test.odoo.rgbconsulting.com\/es\/producto\/high-tension-vol-1\/"]}]},{"@type":"ImageObject","inLanguage":"es","@id":"https:\/\/wpguerssen-test.odoo.rgbconsulting.com\/es\/producto\/high-tension-vol-1\/#primaryimage","url":"https:\/\/wpguerssen-test.odoo.rgbconsulting.com\/wp-content\/uploads\/2023\/08\/43364.jpg","contentUrl":"https:\/\/wpguerssen-test.odoo.rgbconsulting.com\/wp-content\/uploads\/2023\/08\/43364.jpg","width":1200,"height":1200},{"@type":"BreadcrumbList","@id":"https:\/\/wpguerssen-test.odoo.rgbconsulting.com\/es\/producto\/high-tension-vol-1\/#breadcrumb","itemListElement":[{"@type":"ListItem","position":1,"name":"Inicio","item":"https:\/\/wpguerssen-test.odoo.rgbconsulting.com\/es\/"},{"@type":"ListItem","position":2,"name":"Shop","item":"https:\/\/wpguerssen-test.odoo.rgbconsulting.com\/shop\/"},{"@type":"ListItem","position":3,"name":"High Tension Vol 1"}]},{"@type":"WebSite","@id":"https:\/\/wpguerssen-test.odoo.rgbconsulting.com\/es\/#website","url":"https:\/\/wpguerssen-test.odoo.rgbconsulting.com\/es\/","name":"Guerssen records","description":"psychedelia - progressive - folk - garage ","publisher":{"@id":"https:\/\/wpguerssen-test.odoo.rgbconsulting.com\/es\/#organization"},"potentialAction":[{"@type":"SearchAction","target":{"@type":"EntryPoint","urlTemplate":"https:\/\/wpguerssen-test.odoo.rgbconsulting.com\/es\/?s={search_term_string}"},"query-input":{"@type":"PropertyValueSpecification","valueRequired":true,"valueName":"search_term_string"}}],"inLanguage":"es"},{"@type":"Organization","@id":"https:\/\/wpguerssen-test.odoo.rgbconsulting.com\/es\/#organization","name":"Guerssen records","url":"https:\/\/wpguerssen-test.odoo.rgbconsulting.com\/es\/","logo":{"@type":"ImageObject","inLanguage":"es","@id":"https:\/\/wpguerssen-test.odoo.rgbconsulting.com\/es\/#\/schema\/logo\/image\/","url":"https:\/\/wpguerssen-test.odoo.rgbconsulting.com\/wp-content\/uploads\/2022\/04\/Logo_Guerssen_trans_100.png","contentUrl":"https:\/\/wpguerssen-test.odoo.rgbconsulting.com\/wp-content\/uploads\/2022\/04\/Logo_Guerssen_trans_100.png","width":122,"height":100,"caption":"Guerssen records"},"image":{"@id":"https:\/\/wpguerssen-test.odoo.rgbconsulting.com\/es\/#\/schema\/logo\/image\/"}}]}},"_links":{"self":[{"href":"https:\/\/wpguerssen-test.odoo.rgbconsulting.com\/es\/wp-json\/wp\/v2\/product\/230479","targetHints":{"allow":["GET"]}}],"collection":[{"href":"https:\/\/wpguerssen-test.odoo.rgbconsulting.com\/es\/wp-json\/wp\/v2\/product"}],"about":[{"href":"https:\/\/wpguerssen-test.odoo.rgbconsulting.com\/es\/wp-json\/wp\/v2\/types\/product"}],"wp:featuredmedia":[{"embeddable":true,"href":"https:\/\/wpguerssen-test.odoo.rgbconsulting.com\/es\/wp-json\/wp\/v2\/media\/239954"}],"wp:attachment":[{"href":"https:\/\/wpguerssen-test.odoo.rgbconsulting.com\/es\/wp-json\/wp\/v2\/media?parent=230479"}],"wp:term":[{"taxonomy":"product_brand","embeddable":true,"href":"https:\/\/wpguerssen-test.odoo.rgbconsulting.com\/es\/wp-json\/wp\/v2\/product_brand?post=230479"},{"taxonomy":"product_cat","embeddable":true,"href":"https:\/\/wpguerssen-test.odoo.rgbconsulting.com\/es\/wp-json\/wp\/v2\/product_cat?post=230479"},{"taxonomy":"product_tag","embeddable":true,"href":"https:\/\/wpguerssen-test.odoo.rgbconsulting.com\/es\/wp-json\/wp\/v2\/product_tag?post=230479"}],"curies":[{"name":"wp","href":"https:\/\/api.w.org\/{rel}","templated":true}]}}