{"id":230620,"date":"2023-10-19T00:00:00","date_gmt":"2023-10-18T22:00:00","guid":{"rendered":"https:\/\/wpguerssen-test.odoo.rgbconsulting.com\/product\/italia-synthetica-white\/"},"modified":"2025-01-09T15:20:41","modified_gmt":"2025-01-09T14:20:41","slug":"italia-synthetica-white","status":"publish","type":"product","link":"https:\/\/wpguerssen-test.odoo.rgbconsulting.com\/es\/producto\/italia-synthetica-white\/","title":{"rendered":"Italia Synthetica (White)"},"content":{"rendered":"<p>\u00a1Reprensaje en vinilo de color! Italia Synthetica 1981-1985 representa la mutaci\u00f3n musical que se produjo despu\u00e9s de que la resaca post-punk diera paso a costas emocionales m\u00e1s g\u00e9lidas, en l\u00ednea con el momento de los sintetizadores que arrasaba Europa y los acantilados blancos de Albion. Esta escena floreci\u00f3 en Italia entre 1981 y 1985, y los m\u00fasicos que surgieron de ella todav\u00eda son reverenciados hoy (particularmente en los EE. UU.). Ritmos e intuiciones rob\u00f3ticas que, adem\u00e1s de compartir terreno con los movimientos electr\u00f3nicos anteriores, tambi\u00e9n supieron llenar la pista de baile. Con cuatro temas in\u00e9ditos de Der Blaue Reiter, junto con temas de Modo, Actor&#8217;s Studio y La Maison, as\u00ed como las contribuciones a\u00fan frescas de los verdaderos pioneros del g\u00e9nero Neon y Naif Orchestra. Tambi\u00e9n incluye Ein-st-ein, Scortilla, Eurotunes, Oh Oh Art y 2+2=5 con Paolo Mauri. El LP incluye un CD que incluye cinco bonus tracks.<\/p>\n","protected":false},"excerpt":{"rendered":"<p>\u00a1Reprensaje en vinilo de color! Italia Synthetica 1981-1985 representa la mutaci\u00f3n musical que se produjo despu\u00e9s de que la resaca post-punk diera paso a costas<a class=\"read\" href=\"https:\/\/wpguerssen-test.odoo.rgbconsulting.com\/es\/producto\/italia-synthetica-white\/\"> (...)<\/a>","protected":false},"featured_media":242614,"template":"","meta":{"_acf_changed":false},"product_brand":[],"product_cat":[23235,21705],"product_tag":[29140,24190],"class_list":{"0":"post-230620","1":"product","2":"type-product","3":"status-publish","4":"has-post-thumbnail","6":"product_cat-post-punk-es","7":"product_cat-synth-pop-es","8":"product_tag-color-vinyl-es","9":"product_tag-sales-es","10":"pa_artist-various-artists-es","11":"pa_format-lp-es","12":"pa_gender-synth-pop-post-punk","13":"pa_label-spittle-records","14":"pa_location-europe-es","15":"pa_other-filters-vinyl-only-es","17":"first","18":"instock","19":"taxable","20":"shipping-taxable","21":"purchasable","22":"product-type-simple"},"acf":[],"yoast_head":"<!-- This site is optimized with the Yoast SEO plugin v24.9 - https:\/\/yoast.com\/wordpress\/plugins\/seo\/ -->\n<title>VARIOUS ARTISTS - Italia Synthetica (White) -  (LP) | Guerssen<\/title>\n<meta name=\"description\" content=\"Back in print on color vinyl ! Italia Synthetica 1981-1985 represents the musical mutation that occurred after the post-punk hangover gave way to more frigid emotional shores, in-line with the synth-wave moment that was sweeping Europe and the white cliffs of Albion. This scene flourished in Italy between 1981-1985, and the musicians that came out of it are still revered today (particularly in the US). Robotic rhythms and intuitions that, besides sharing common ground with the electronic movements that had come before, also knew how to fill up the dancefloor. Featuring four previously unreleased tracks by Der Blaue Reiter, along with tracks by Modo, Actor&#039;s Studio, and La Maison, as well as the still fresh sounding contributions by true pioneers of the genre Neon and Naif Orchestra. Also features Ein-st-ein, Scortilla, Eurotunes, Oh Oh Art, and 2+2=5 featuring Paolo Mauri. LP includes CD which includes five bonus tracks from the Italia New Wave LP (SPITTLE 031LP). Included CD features Jeunesse D&#039;Ivoire, Fockewulf 190, State Of Art, N.O.I.A., and 2+2=5.\" \/>\n<meta name=\"robots\" content=\"index, follow, max-snippet:-1, max-image-preview:large, max-video-preview:-1\" \/>\n<link rel=\"canonical\" href=\"https:\/\/wpguerssen-test.odoo.rgbconsulting.com\/es\/producto\/italia-synthetica-white\/\" \/>\n<meta property=\"og:locale\" content=\"es_ES\" \/>\n<meta property=\"og:type\" content=\"article\" \/>\n<meta property=\"og:title\" content=\"VARIOUS ARTISTS - Italia Synthetica (White) -  (LP) | Guerssen\" \/>\n<meta property=\"og:description\" content=\"Back in print on color vinyl ! Italia Synthetica 1981-1985 represents the musical mutation that occurred after the post-punk hangover gave way to more frigid emotional shores, in-line with the synth-wave moment that was sweeping Europe and the white cliffs of Albion. This scene flourished in Italy between 1981-1985, and the musicians that came out of it are still revered today (particularly in the US). Robotic rhythms and intuitions that, besides sharing common ground with the electronic movements that had come before, also knew how to fill up the dancefloor. Featuring four previously unreleased tracks by Der Blaue Reiter, along with tracks by Modo, Actor&#039;s Studio, and La Maison, as well as the still fresh sounding contributions by true pioneers of the genre Neon and Naif Orchestra. Also features Ein-st-ein, Scortilla, Eurotunes, Oh Oh Art, and 2+2=5 featuring Paolo Mauri. LP includes CD which includes five bonus tracks from the Italia New Wave LP (SPITTLE 031LP). Included CD features Jeunesse D&#039;Ivoire, Fockewulf 190, State Of Art, N.O.I.A., and 2+2=5.\" \/>\n<meta property=\"og:url\" content=\"https:\/\/wpguerssen-test.odoo.rgbconsulting.com\/es\/producto\/italia-synthetica-white\/\" \/>\n<meta property=\"og:site_name\" content=\"Guerssen records\" \/>\n<meta property=\"article:modified_time\" content=\"2025-01-09T14:20:41+00:00\" \/>\n<meta property=\"og:image\" content=\"https:\/\/wpguerssen-test.odoo.rgbconsulting.com\/wp-content\/uploads\/2023\/10\/43371.jpg\" \/>\n\t<meta property=\"og:image:width\" content=\"1977\" \/>\n\t<meta property=\"og:image:height\" content=\"1452\" \/>\n\t<meta property=\"og:image:type\" content=\"image\/jpeg\" \/>\n<meta name=\"twitter:card\" content=\"summary_large_image\" \/>\n<meta name=\"twitter:title\" content=\"VARIOUS ARTISTS - Italia Synthetica (White) -  (LP) | Guerssen\" \/>\n<meta name=\"twitter:label1\" content=\"Tiempo de lectura\" \/>\n\t<meta name=\"twitter:data1\" content=\"1 minuto\" \/>\n<script type=\"application\/ld+json\" class=\"yoast-schema-graph\">{\"@context\":\"https:\/\/schema.org\",\"@graph\":[{\"@type\":\"WebPage\",\"@id\":\"https:\/\/wpguerssen-test.odoo.rgbconsulting.com\/es\/producto\/italia-synthetica-white\/\",\"url\":\"https:\/\/wpguerssen-test.odoo.rgbconsulting.com\/es\/producto\/italia-synthetica-white\/\",\"name\":\"VARIOUS ARTISTS - Italia Synthetica (White) - (LP) | Guerssen\",\"isPartOf\":{\"@id\":\"https:\/\/wpguerssen-test.odoo.rgbconsulting.com\/es\/#website\"},\"primaryImageOfPage\":{\"@id\":\"https:\/\/wpguerssen-test.odoo.rgbconsulting.com\/es\/producto\/italia-synthetica-white\/#primaryimage\"},\"image\":{\"@id\":\"https:\/\/wpguerssen-test.odoo.rgbconsulting.com\/es\/producto\/italia-synthetica-white\/#primaryimage\"},\"thumbnailUrl\":\"https:\/\/wpguerssen-test.odoo.rgbconsulting.com\/wp-content\/uploads\/2023\/10\/43371.jpg\",\"datePublished\":\"2023-10-18T22:00:00+00:00\",\"dateModified\":\"2025-01-09T14:20:41+00:00\",\"description\":\"Back in print on color vinyl ! Italia Synthetica 1981-1985 represents the musical mutation that occurred after the post-punk hangover gave way to more frigid emotional shores, in-line with the synth-wave moment that was sweeping Europe and the white cliffs of Albion. This scene flourished in Italy between 1981-1985, and the musicians that came out of it are still revered today (particularly in the US). Robotic rhythms and intuitions that, besides sharing common ground with the electronic movements that had come before, also knew how to fill up the dancefloor. Featuring four previously unreleased tracks by Der Blaue Reiter, along with tracks by Modo, Actor's Studio, and La Maison, as well as the still fresh sounding contributions by true pioneers of the genre Neon and Naif Orchestra. Also features Ein-st-ein, Scortilla, Eurotunes, Oh Oh Art, and 2+2=5 featuring Paolo Mauri. LP includes CD which includes five bonus tracks from the Italia New Wave LP (SPITTLE 031LP). Included CD features Jeunesse D'Ivoire, Fockewulf 190, State Of Art, N.O.I.A., and 2+2=5.\",\"breadcrumb\":{\"@id\":\"https:\/\/wpguerssen-test.odoo.rgbconsulting.com\/es\/producto\/italia-synthetica-white\/#breadcrumb\"},\"inLanguage\":\"es\",\"potentialAction\":[{\"@type\":\"ReadAction\",\"target\":[\"https:\/\/wpguerssen-test.odoo.rgbconsulting.com\/es\/producto\/italia-synthetica-white\/\"]}]},{\"@type\":\"ImageObject\",\"inLanguage\":\"es\",\"@id\":\"https:\/\/wpguerssen-test.odoo.rgbconsulting.com\/es\/producto\/italia-synthetica-white\/#primaryimage\",\"url\":\"https:\/\/wpguerssen-test.odoo.rgbconsulting.com\/wp-content\/uploads\/2023\/10\/43371.jpg\",\"contentUrl\":\"https:\/\/wpguerssen-test.odoo.rgbconsulting.com\/wp-content\/uploads\/2023\/10\/43371.jpg\",\"width\":1977,\"height\":1452},{\"@type\":\"BreadcrumbList\",\"@id\":\"https:\/\/wpguerssen-test.odoo.rgbconsulting.com\/es\/producto\/italia-synthetica-white\/#breadcrumb\",\"itemListElement\":[{\"@type\":\"ListItem\",\"position\":1,\"name\":\"Inicio\",\"item\":\"https:\/\/wpguerssen-test.odoo.rgbconsulting.com\/es\/\"},{\"@type\":\"ListItem\",\"position\":2,\"name\":\"Shop\",\"item\":\"https:\/\/wpguerssen-test.odoo.rgbconsulting.com\/shop\/\"},{\"@type\":\"ListItem\",\"position\":3,\"name\":\"Italia Synthetica (White)\"}]},{\"@type\":\"WebSite\",\"@id\":\"https:\/\/wpguerssen-test.odoo.rgbconsulting.com\/es\/#website\",\"url\":\"https:\/\/wpguerssen-test.odoo.rgbconsulting.com\/es\/\",\"name\":\"Guerssen records\",\"description\":\"psychedelia - progressive - folk - garage \",\"publisher\":{\"@id\":\"https:\/\/wpguerssen-test.odoo.rgbconsulting.com\/es\/#organization\"},\"potentialAction\":[{\"@type\":\"SearchAction\",\"target\":{\"@type\":\"EntryPoint\",\"urlTemplate\":\"https:\/\/wpguerssen-test.odoo.rgbconsulting.com\/es\/?s={search_term_string}\"},\"query-input\":{\"@type\":\"PropertyValueSpecification\",\"valueRequired\":true,\"valueName\":\"search_term_string\"}}],\"inLanguage\":\"es\"},{\"@type\":\"Organization\",\"@id\":\"https:\/\/wpguerssen-test.odoo.rgbconsulting.com\/es\/#organization\",\"name\":\"Guerssen records\",\"url\":\"https:\/\/wpguerssen-test.odoo.rgbconsulting.com\/es\/\",\"logo\":{\"@type\":\"ImageObject\",\"inLanguage\":\"es\",\"@id\":\"https:\/\/wpguerssen-test.odoo.rgbconsulting.com\/es\/#\/schema\/logo\/image\/\",\"url\":\"https:\/\/wpguerssen-test.odoo.rgbconsulting.com\/wp-content\/uploads\/2022\/04\/Logo_Guerssen_trans_100.png\",\"contentUrl\":\"https:\/\/wpguerssen-test.odoo.rgbconsulting.com\/wp-content\/uploads\/2022\/04\/Logo_Guerssen_trans_100.png\",\"width\":122,\"height\":100,\"caption\":\"Guerssen records\"},\"image\":{\"@id\":\"https:\/\/wpguerssen-test.odoo.rgbconsulting.com\/es\/#\/schema\/logo\/image\/\"}}]}<\/script>\n<!-- \/ Yoast SEO plugin. -->","yoast_head_json":{"title":"VARIOUS ARTISTS - Italia Synthetica (White) -  (LP) | Guerssen","description":"Back in print on color vinyl ! Italia Synthetica 1981-1985 represents the musical mutation that occurred after the post-punk hangover gave way to more frigid emotional shores, in-line with the synth-wave moment that was sweeping Europe and the white cliffs of Albion. This scene flourished in Italy between 1981-1985, and the musicians that came out of it are still revered today (particularly in the US). Robotic rhythms and intuitions that, besides sharing common ground with the electronic movements that had come before, also knew how to fill up the dancefloor. Featuring four previously unreleased tracks by Der Blaue Reiter, along with tracks by Modo, Actor's Studio, and La Maison, as well as the still fresh sounding contributions by true pioneers of the genre Neon and Naif Orchestra. Also features Ein-st-ein, Scortilla, Eurotunes, Oh Oh Art, and 2+2=5 featuring Paolo Mauri. LP includes CD which includes five bonus tracks from the Italia New Wave LP (SPITTLE 031LP). Included CD features Jeunesse D'Ivoire, Fockewulf 190, State Of Art, N.O.I.A., and 2+2=5.","robots":{"index":"index","follow":"follow","max-snippet":"max-snippet:-1","max-image-preview":"max-image-preview:large","max-video-preview":"max-video-preview:-1"},"canonical":"https:\/\/wpguerssen-test.odoo.rgbconsulting.com\/es\/producto\/italia-synthetica-white\/","og_locale":"es_ES","og_type":"article","og_title":"VARIOUS ARTISTS - Italia Synthetica (White) -  (LP) | Guerssen","og_description":"Back in print on color vinyl ! Italia Synthetica 1981-1985 represents the musical mutation that occurred after the post-punk hangover gave way to more frigid emotional shores, in-line with the synth-wave moment that was sweeping Europe and the white cliffs of Albion. This scene flourished in Italy between 1981-1985, and the musicians that came out of it are still revered today (particularly in the US). Robotic rhythms and intuitions that, besides sharing common ground with the electronic movements that had come before, also knew how to fill up the dancefloor. Featuring four previously unreleased tracks by Der Blaue Reiter, along with tracks by Modo, Actor's Studio, and La Maison, as well as the still fresh sounding contributions by true pioneers of the genre Neon and Naif Orchestra. Also features Ein-st-ein, Scortilla, Eurotunes, Oh Oh Art, and 2+2=5 featuring Paolo Mauri. LP includes CD which includes five bonus tracks from the Italia New Wave LP (SPITTLE 031LP). Included CD features Jeunesse D'Ivoire, Fockewulf 190, State Of Art, N.O.I.A., and 2+2=5.","og_url":"https:\/\/wpguerssen-test.odoo.rgbconsulting.com\/es\/producto\/italia-synthetica-white\/","og_site_name":"Guerssen records","article_modified_time":"2025-01-09T14:20:41+00:00","og_image":[{"width":1977,"height":1452,"url":"https:\/\/wpguerssen-test.odoo.rgbconsulting.com\/wp-content\/uploads\/2023\/10\/43371.jpg","type":"image\/jpeg"}],"twitter_card":"summary_large_image","twitter_title":"VARIOUS ARTISTS - Italia Synthetica (White) -  (LP) | Guerssen","twitter_misc":{"Tiempo de lectura":"1 minuto"},"schema":{"@context":"https:\/\/schema.org","@graph":[{"@type":"WebPage","@id":"https:\/\/wpguerssen-test.odoo.rgbconsulting.com\/es\/producto\/italia-synthetica-white\/","url":"https:\/\/wpguerssen-test.odoo.rgbconsulting.com\/es\/producto\/italia-synthetica-white\/","name":"VARIOUS ARTISTS - Italia Synthetica (White) - (LP) | Guerssen","isPartOf":{"@id":"https:\/\/wpguerssen-test.odoo.rgbconsulting.com\/es\/#website"},"primaryImageOfPage":{"@id":"https:\/\/wpguerssen-test.odoo.rgbconsulting.com\/es\/producto\/italia-synthetica-white\/#primaryimage"},"image":{"@id":"https:\/\/wpguerssen-test.odoo.rgbconsulting.com\/es\/producto\/italia-synthetica-white\/#primaryimage"},"thumbnailUrl":"https:\/\/wpguerssen-test.odoo.rgbconsulting.com\/wp-content\/uploads\/2023\/10\/43371.jpg","datePublished":"2023-10-18T22:00:00+00:00","dateModified":"2025-01-09T14:20:41+00:00","description":"Back in print on color vinyl ! Italia Synthetica 1981-1985 represents the musical mutation that occurred after the post-punk hangover gave way to more frigid emotional shores, in-line with the synth-wave moment that was sweeping Europe and the white cliffs of Albion. This scene flourished in Italy between 1981-1985, and the musicians that came out of it are still revered today (particularly in the US). Robotic rhythms and intuitions that, besides sharing common ground with the electronic movements that had come before, also knew how to fill up the dancefloor. Featuring four previously unreleased tracks by Der Blaue Reiter, along with tracks by Modo, Actor's Studio, and La Maison, as well as the still fresh sounding contributions by true pioneers of the genre Neon and Naif Orchestra. Also features Ein-st-ein, Scortilla, Eurotunes, Oh Oh Art, and 2+2=5 featuring Paolo Mauri. LP includes CD which includes five bonus tracks from the Italia New Wave LP (SPITTLE 031LP). Included CD features Jeunesse D'Ivoire, Fockewulf 190, State Of Art, N.O.I.A., and 2+2=5.","breadcrumb":{"@id":"https:\/\/wpguerssen-test.odoo.rgbconsulting.com\/es\/producto\/italia-synthetica-white\/#breadcrumb"},"inLanguage":"es","potentialAction":[{"@type":"ReadAction","target":["https:\/\/wpguerssen-test.odoo.rgbconsulting.com\/es\/producto\/italia-synthetica-white\/"]}]},{"@type":"ImageObject","inLanguage":"es","@id":"https:\/\/wpguerssen-test.odoo.rgbconsulting.com\/es\/producto\/italia-synthetica-white\/#primaryimage","url":"https:\/\/wpguerssen-test.odoo.rgbconsulting.com\/wp-content\/uploads\/2023\/10\/43371.jpg","contentUrl":"https:\/\/wpguerssen-test.odoo.rgbconsulting.com\/wp-content\/uploads\/2023\/10\/43371.jpg","width":1977,"height":1452},{"@type":"BreadcrumbList","@id":"https:\/\/wpguerssen-test.odoo.rgbconsulting.com\/es\/producto\/italia-synthetica-white\/#breadcrumb","itemListElement":[{"@type":"ListItem","position":1,"name":"Inicio","item":"https:\/\/wpguerssen-test.odoo.rgbconsulting.com\/es\/"},{"@type":"ListItem","position":2,"name":"Shop","item":"https:\/\/wpguerssen-test.odoo.rgbconsulting.com\/shop\/"},{"@type":"ListItem","position":3,"name":"Italia Synthetica (White)"}]},{"@type":"WebSite","@id":"https:\/\/wpguerssen-test.odoo.rgbconsulting.com\/es\/#website","url":"https:\/\/wpguerssen-test.odoo.rgbconsulting.com\/es\/","name":"Guerssen records","description":"psychedelia - progressive - folk - garage ","publisher":{"@id":"https:\/\/wpguerssen-test.odoo.rgbconsulting.com\/es\/#organization"},"potentialAction":[{"@type":"SearchAction","target":{"@type":"EntryPoint","urlTemplate":"https:\/\/wpguerssen-test.odoo.rgbconsulting.com\/es\/?s={search_term_string}"},"query-input":{"@type":"PropertyValueSpecification","valueRequired":true,"valueName":"search_term_string"}}],"inLanguage":"es"},{"@type":"Organization","@id":"https:\/\/wpguerssen-test.odoo.rgbconsulting.com\/es\/#organization","name":"Guerssen records","url":"https:\/\/wpguerssen-test.odoo.rgbconsulting.com\/es\/","logo":{"@type":"ImageObject","inLanguage":"es","@id":"https:\/\/wpguerssen-test.odoo.rgbconsulting.com\/es\/#\/schema\/logo\/image\/","url":"https:\/\/wpguerssen-test.odoo.rgbconsulting.com\/wp-content\/uploads\/2022\/04\/Logo_Guerssen_trans_100.png","contentUrl":"https:\/\/wpguerssen-test.odoo.rgbconsulting.com\/wp-content\/uploads\/2022\/04\/Logo_Guerssen_trans_100.png","width":122,"height":100,"caption":"Guerssen records"},"image":{"@id":"https:\/\/wpguerssen-test.odoo.rgbconsulting.com\/es\/#\/schema\/logo\/image\/"}}]}},"_links":{"self":[{"href":"https:\/\/wpguerssen-test.odoo.rgbconsulting.com\/es\/wp-json\/wp\/v2\/product\/230620","targetHints":{"allow":["GET"]}}],"collection":[{"href":"https:\/\/wpguerssen-test.odoo.rgbconsulting.com\/es\/wp-json\/wp\/v2\/product"}],"about":[{"href":"https:\/\/wpguerssen-test.odoo.rgbconsulting.com\/es\/wp-json\/wp\/v2\/types\/product"}],"wp:featuredmedia":[{"embeddable":true,"href":"https:\/\/wpguerssen-test.odoo.rgbconsulting.com\/es\/wp-json\/wp\/v2\/media\/242614"}],"wp:attachment":[{"href":"https:\/\/wpguerssen-test.odoo.rgbconsulting.com\/es\/wp-json\/wp\/v2\/media?parent=230620"}],"wp:term":[{"taxonomy":"product_brand","embeddable":true,"href":"https:\/\/wpguerssen-test.odoo.rgbconsulting.com\/es\/wp-json\/wp\/v2\/product_brand?post=230620"},{"taxonomy":"product_cat","embeddable":true,"href":"https:\/\/wpguerssen-test.odoo.rgbconsulting.com\/es\/wp-json\/wp\/v2\/product_cat?post=230620"},{"taxonomy":"product_tag","embeddable":true,"href":"https:\/\/wpguerssen-test.odoo.rgbconsulting.com\/es\/wp-json\/wp\/v2\/product_tag?post=230620"}],"curies":[{"name":"wp","href":"https:\/\/api.w.org\/{rel}","templated":true}]}}