{"id":230624,"date":"2024-09-10T00:00:00","date_gmt":"2024-09-09T22:00:00","guid":{"rendered":"https:\/\/wpguerssen-test.odoo.rgbconsulting.com\/product\/la-tartana\/"},"modified":"2025-03-03T15:53:59","modified_gmt":"2025-03-03T14:53:59","slug":"la-tartana","status":"publish","type":"product","link":"https:\/\/wpguerssen-test.odoo.rgbconsulting.com\/es\/producto\/la-tartana\/","title":{"rendered":"La Tartana"},"content":{"rendered":"<p>El nuevo sello de Four Flies, Edizioni della Notte, est\u00e1 de regreso con un maxi single de 12 pulgadas de remixes infecciosos de boogie funk de Francesco Fisotti \u00abLa Tartana\u00bb del ecl\u00e9ctico DJ\/productor napolitano Whodamanny.<br \/>La pista original, que proviene del \u00e1lbum de 2021 Lido Sirena (llamado as\u00ed por un balneario en el \u00e1rea de Salento en Apulia, donde Fisotti sol\u00eda pasar los veranos cuando era ni\u00f1o), combina funky disco, sintetizadores, ritmos de cajas de ritmos e improvisaci\u00f3n en un sonido nuevo y emocionante que Fisotti llama \u00abfunk adri\u00e1tico\u00bb.<br \/>Inspirado en melod\u00edas disco c\u00f3smicas y de ritmo lento pero irresistibles de Italo, en particular \u00abSta Guagliona Mo Dd\u00e0\u00bb de Tonino Balsamo de 1983 (uno de los ritmos napolitanos m\u00e1s raros de todos los tiempos, reeditado recientemente por Periodica Records), los dos remixes de Whodamanny amplifican el potencial de la pista de baile del original al agregar un ambiente nocturno y elementos como sintetizadores y bater\u00eda electr\u00f3nica, as\u00ed como una l\u00ednea vocal corta (\u00abDon&#8217;t stop till the music stop\u00bb) para crear un pegadizo efecto de llamada y respuesta.<br \/>El propio Whodamanny explica que no produjo uno, sino dos remixes debido a su amor por las versiones extendidas de dub. \u00abEs una especie de peculiaridad profesional\u00bb, dice, \u00abpero ya sabes, es inevitable. Est\u00e1s sentado en la mesa de mezclas, escuchando una y otra vez una pista&#8230; \u00a1Por supuesto que encontrar\u00e1s fragmentos que puedes estirar para crear un flujo fant\u00e1stico! Y mi enfoque es siempre el enfoque de un DJ. Quiero que todo lo que produzca funcione bien en mis sesiones de DJ, por lo que estos remixes tambi\u00e9n deb\u00edan estar orientados a clubes\u00bb.<\/p>\n","protected":false},"excerpt":{"rendered":"<p>El nuevo sello de Four Flies, Edizioni della Notte, est\u00e1 de regreso con un maxi single de 12 pulgadas de remixes infecciosos de boogie funk de Francesco Fisotti \u00abLa<a class=\"read\" href=\"https:\/\/wpguerssen-test.odoo.rgbconsulting.com\/es\/producto\/la-tartana\/\"> (...)<\/a>","protected":false},"featured_media":246567,"template":"","meta":{"_acf_changed":false},"product_brand":[],"product_cat":[23219,23265],"product_tag":[],"class_list":{"0":"post-230624","1":"product","2":"type-product","3":"status-publish","4":"has-post-thumbnail","6":"product_cat-funk-es","7":"product_cat-disco-cosmic-italo-es","8":"pa_artist-whodamanny-fisotti-francesco","9":"pa_format-maxi","10":"pa_gender-disco-cosmic-italo-funk","11":"pa_label-edizioni-della-notte","12":"pa_location-europe-es","13":"pa_other-filters-vinyl-only-es","15":"first","16":"instock","17":"taxable","18":"shipping-taxable","19":"purchasable","20":"product-type-simple"},"acf":[],"yoast_head":"<!-- This site is optimized with the Yoast SEO plugin v24.9 - https:\/\/yoast.com\/wordpress\/plugins\/seo\/ -->\n<title>WHODAMANNY \/ FISOTTI, Francesco - La Tartana -  (MAXI) | Guerssen<\/title>\n<meta name=\"description\" content=\"Four Flies&#039; new imprint Edizioni della Notte is back with a 12-inch maxi single of infectious remixes of Francesco Fisotti&#039;s boogie funk track &quot;La Tartana&quot; by eclectic Neapolitan DJ\/producer Whodamanny. The original track, which comes from the 2021 album Lido Sirena (named after a beach resort in the Salento area of Apulia, where Fisotti used to spend his summers as a child), blends funky disco, synths, drum-machine beats and improvisation into an exciting new sound that Fisotti calls &quot;Adriatic funk&quot;.Inspired by slow-tempo but irresistible Italo and cosmic disco tunes, in particular Tonino Balsamo&#039;s 1983 &quot;Sta Guagliona Mo Dd\u00e0&quot; (one of the rarest Neapolitan grooves ever, recently reissued by Periodica Records), Whodamanny&#039;s two remixes amplify the original&#039;s dancefloor potential by adding a nocturnal vibe and elements such as synths and electronic drums, as well as a short vocal line (&quot;Don&#039;t stop till the music stops&quot;) to create a catchy call-and-response effect.Whodamanny himself explains that he produced not one, but two remixes due to his love of extended dub versions. &quot;It&#039;s sort of a professional quirk,&quot; - he says - &quot;but you know, it&#039;s inevitable. You&#039;re sitting at the mixer, listening over and over to a track... Of course you&#039;ll find bits you can stretch out to create a fantastic flow! And my approach is always the approach of a DJ. I want whatever I produce to work well in my DJ sets, so these remixes too were bound to be club-oriented.&quot;\" \/>\n<meta name=\"robots\" content=\"index, follow, max-snippet:-1, max-image-preview:large, max-video-preview:-1\" \/>\n<link rel=\"canonical\" href=\"https:\/\/wpguerssen-test.odoo.rgbconsulting.com\/es\/producto\/la-tartana\/\" \/>\n<meta property=\"og:locale\" content=\"es_ES\" \/>\n<meta property=\"og:type\" content=\"article\" \/>\n<meta property=\"og:title\" content=\"WHODAMANNY \/ FISOTTI, Francesco - La Tartana -  (MAXI) | Guerssen\" \/>\n<meta property=\"og:description\" content=\"Four Flies&#039; new imprint Edizioni della Notte is back with a 12-inch maxi single of infectious remixes of Francesco Fisotti&#039;s boogie funk track &quot;La Tartana&quot; by eclectic Neapolitan DJ\/producer Whodamanny. The original track, which comes from the 2021 album Lido Sirena (named after a beach resort in the Salento area of Apulia, where Fisotti used to spend his summers as a child), blends funky disco, synths, drum-machine beats and improvisation into an exciting new sound that Fisotti calls &quot;Adriatic funk&quot;.Inspired by slow-tempo but irresistible Italo and cosmic disco tunes, in particular Tonino Balsamo&#039;s 1983 &quot;Sta Guagliona Mo Dd\u00e0&quot; (one of the rarest Neapolitan grooves ever, recently reissued by Periodica Records), Whodamanny&#039;s two remixes amplify the original&#039;s dancefloor potential by adding a nocturnal vibe and elements such as synths and electronic drums, as well as a short vocal line (&quot;Don&#039;t stop till the music stops&quot;) to create a catchy call-and-response effect.Whodamanny himself explains that he produced not one, but two remixes due to his love of extended dub versions. &quot;It&#039;s sort of a professional quirk,&quot; - he says - &quot;but you know, it&#039;s inevitable. You&#039;re sitting at the mixer, listening over and over to a track... Of course you&#039;ll find bits you can stretch out to create a fantastic flow! And my approach is always the approach of a DJ. I want whatever I produce to work well in my DJ sets, so these remixes too were bound to be club-oriented.&quot;\" \/>\n<meta property=\"og:url\" content=\"https:\/\/wpguerssen-test.odoo.rgbconsulting.com\/es\/producto\/la-tartana\/\" \/>\n<meta property=\"og:site_name\" content=\"Guerssen records\" \/>\n<meta property=\"article:modified_time\" content=\"2025-03-03T14:53:59+00:00\" \/>\n<meta property=\"og:image\" content=\"https:\/\/wpguerssen-test.odoo.rgbconsulting.com\/wp-content\/uploads\/2023\/11\/43375.jpg\" \/>\n\t<meta property=\"og:image:width\" content=\"1500\" \/>\n\t<meta property=\"og:image:height\" content=\"1500\" \/>\n\t<meta property=\"og:image:type\" content=\"image\/jpeg\" \/>\n<meta name=\"twitter:card\" content=\"summary_large_image\" \/>\n<meta name=\"twitter:title\" content=\"WHODAMANNY \/ FISOTTI, Francesco - La Tartana -  (MAXI) | Guerssen\" \/>\n<meta name=\"twitter:label1\" content=\"Tiempo de lectura\" \/>\n\t<meta name=\"twitter:data1\" content=\"1 minuto\" \/>\n<script type=\"application\/ld+json\" class=\"yoast-schema-graph\">{\"@context\":\"https:\/\/schema.org\",\"@graph\":[{\"@type\":\"WebPage\",\"@id\":\"https:\/\/wpguerssen-test.odoo.rgbconsulting.com\/es\/producto\/la-tartana\/\",\"url\":\"https:\/\/wpguerssen-test.odoo.rgbconsulting.com\/es\/producto\/la-tartana\/\",\"name\":\"WHODAMANNY \/ FISOTTI, Francesco - La Tartana - (MAXI) | Guerssen\",\"isPartOf\":{\"@id\":\"https:\/\/wpguerssen-test.odoo.rgbconsulting.com\/es\/#website\"},\"primaryImageOfPage\":{\"@id\":\"https:\/\/wpguerssen-test.odoo.rgbconsulting.com\/es\/producto\/la-tartana\/#primaryimage\"},\"image\":{\"@id\":\"https:\/\/wpguerssen-test.odoo.rgbconsulting.com\/es\/producto\/la-tartana\/#primaryimage\"},\"thumbnailUrl\":\"https:\/\/wpguerssen-test.odoo.rgbconsulting.com\/wp-content\/uploads\/2023\/11\/43375.jpg\",\"datePublished\":\"2024-09-09T22:00:00+00:00\",\"dateModified\":\"2025-03-03T14:53:59+00:00\",\"description\":\"Four Flies' new imprint Edizioni della Notte is back with a 12-inch maxi single of infectious remixes of Francesco Fisotti's boogie funk track \\\"La Tartana\\\" by eclectic Neapolitan DJ\/producer Whodamanny. The original track, which comes from the 2021 album Lido Sirena (named after a beach resort in the Salento area of Apulia, where Fisotti used to spend his summers as a child), blends funky disco, synths, drum-machine beats and improvisation into an exciting new sound that Fisotti calls \\\"Adriatic funk\\\".Inspired by slow-tempo but irresistible Italo and cosmic disco tunes, in particular Tonino Balsamo's 1983 \\\"Sta Guagliona Mo Dd\u00e0\\\" (one of the rarest Neapolitan grooves ever, recently reissued by Periodica Records), Whodamanny's two remixes amplify the original's dancefloor potential by adding a nocturnal vibe and elements such as synths and electronic drums, as well as a short vocal line (\\\"Don't stop till the music stops\\\") to create a catchy call-and-response effect.Whodamanny himself explains that he produced not one, but two remixes due to his love of extended dub versions. \\\"It's sort of a professional quirk,\\\" - he says - \\\"but you know, it's inevitable. You're sitting at the mixer, listening over and over to a track... Of course you'll find bits you can stretch out to create a fantastic flow! And my approach is always the approach of a DJ. I want whatever I produce to work well in my DJ sets, so these remixes too were bound to be club-oriented.\\\"\",\"breadcrumb\":{\"@id\":\"https:\/\/wpguerssen-test.odoo.rgbconsulting.com\/es\/producto\/la-tartana\/#breadcrumb\"},\"inLanguage\":\"es\",\"potentialAction\":[{\"@type\":\"ReadAction\",\"target\":[\"https:\/\/wpguerssen-test.odoo.rgbconsulting.com\/es\/producto\/la-tartana\/\"]}]},{\"@type\":\"ImageObject\",\"inLanguage\":\"es\",\"@id\":\"https:\/\/wpguerssen-test.odoo.rgbconsulting.com\/es\/producto\/la-tartana\/#primaryimage\",\"url\":\"https:\/\/wpguerssen-test.odoo.rgbconsulting.com\/wp-content\/uploads\/2023\/11\/43375.jpg\",\"contentUrl\":\"https:\/\/wpguerssen-test.odoo.rgbconsulting.com\/wp-content\/uploads\/2023\/11\/43375.jpg\",\"width\":1500,\"height\":1500,\"caption\":\"Francesco - La Tartana - EDIZIONI DELLA NOTTE (MAXI) | Guerssen\"},{\"@type\":\"BreadcrumbList\",\"@id\":\"https:\/\/wpguerssen-test.odoo.rgbconsulting.com\/es\/producto\/la-tartana\/#breadcrumb\",\"itemListElement\":[{\"@type\":\"ListItem\",\"position\":1,\"name\":\"Inicio\",\"item\":\"https:\/\/wpguerssen-test.odoo.rgbconsulting.com\/es\/\"},{\"@type\":\"ListItem\",\"position\":2,\"name\":\"Shop\",\"item\":\"https:\/\/wpguerssen-test.odoo.rgbconsulting.com\/shop\/\"},{\"@type\":\"ListItem\",\"position\":3,\"name\":\"La Tartana\"}]},{\"@type\":\"WebSite\",\"@id\":\"https:\/\/wpguerssen-test.odoo.rgbconsulting.com\/es\/#website\",\"url\":\"https:\/\/wpguerssen-test.odoo.rgbconsulting.com\/es\/\",\"name\":\"Guerssen records\",\"description\":\"psychedelia - progressive - folk - garage \",\"publisher\":{\"@id\":\"https:\/\/wpguerssen-test.odoo.rgbconsulting.com\/es\/#organization\"},\"potentialAction\":[{\"@type\":\"SearchAction\",\"target\":{\"@type\":\"EntryPoint\",\"urlTemplate\":\"https:\/\/wpguerssen-test.odoo.rgbconsulting.com\/es\/?s={search_term_string}\"},\"query-input\":{\"@type\":\"PropertyValueSpecification\",\"valueRequired\":true,\"valueName\":\"search_term_string\"}}],\"inLanguage\":\"es\"},{\"@type\":\"Organization\",\"@id\":\"https:\/\/wpguerssen-test.odoo.rgbconsulting.com\/es\/#organization\",\"name\":\"Guerssen records\",\"url\":\"https:\/\/wpguerssen-test.odoo.rgbconsulting.com\/es\/\",\"logo\":{\"@type\":\"ImageObject\",\"inLanguage\":\"es\",\"@id\":\"https:\/\/wpguerssen-test.odoo.rgbconsulting.com\/es\/#\/schema\/logo\/image\/\",\"url\":\"https:\/\/wpguerssen-test.odoo.rgbconsulting.com\/wp-content\/uploads\/2022\/04\/Logo_Guerssen_trans_100.png\",\"contentUrl\":\"https:\/\/wpguerssen-test.odoo.rgbconsulting.com\/wp-content\/uploads\/2022\/04\/Logo_Guerssen_trans_100.png\",\"width\":122,\"height\":100,\"caption\":\"Guerssen records\"},\"image\":{\"@id\":\"https:\/\/wpguerssen-test.odoo.rgbconsulting.com\/es\/#\/schema\/logo\/image\/\"}}]}<\/script>\n<!-- \/ Yoast SEO plugin. -->","yoast_head_json":{"title":"WHODAMANNY \/ FISOTTI, Francesco - La Tartana -  (MAXI) | Guerssen","description":"Four Flies' new imprint Edizioni della Notte is back with a 12-inch maxi single of infectious remixes of Francesco Fisotti's boogie funk track \"La Tartana\" by eclectic Neapolitan DJ\/producer Whodamanny. The original track, which comes from the 2021 album Lido Sirena (named after a beach resort in the Salento area of Apulia, where Fisotti used to spend his summers as a child), blends funky disco, synths, drum-machine beats and improvisation into an exciting new sound that Fisotti calls \"Adriatic funk\".Inspired by slow-tempo but irresistible Italo and cosmic disco tunes, in particular Tonino Balsamo's 1983 \"Sta Guagliona Mo Dd\u00e0\" (one of the rarest Neapolitan grooves ever, recently reissued by Periodica Records), Whodamanny's two remixes amplify the original's dancefloor potential by adding a nocturnal vibe and elements such as synths and electronic drums, as well as a short vocal line (\"Don't stop till the music stops\") to create a catchy call-and-response effect.Whodamanny himself explains that he produced not one, but two remixes due to his love of extended dub versions. \"It's sort of a professional quirk,\" - he says - \"but you know, it's inevitable. You're sitting at the mixer, listening over and over to a track... Of course you'll find bits you can stretch out to create a fantastic flow! And my approach is always the approach of a DJ. I want whatever I produce to work well in my DJ sets, so these remixes too were bound to be club-oriented.\"","robots":{"index":"index","follow":"follow","max-snippet":"max-snippet:-1","max-image-preview":"max-image-preview:large","max-video-preview":"max-video-preview:-1"},"canonical":"https:\/\/wpguerssen-test.odoo.rgbconsulting.com\/es\/producto\/la-tartana\/","og_locale":"es_ES","og_type":"article","og_title":"WHODAMANNY \/ FISOTTI, Francesco - La Tartana -  (MAXI) | Guerssen","og_description":"Four Flies' new imprint Edizioni della Notte is back with a 12-inch maxi single of infectious remixes of Francesco Fisotti's boogie funk track \"La Tartana\" by eclectic Neapolitan DJ\/producer Whodamanny. The original track, which comes from the 2021 album Lido Sirena (named after a beach resort in the Salento area of Apulia, where Fisotti used to spend his summers as a child), blends funky disco, synths, drum-machine beats and improvisation into an exciting new sound that Fisotti calls \"Adriatic funk\".Inspired by slow-tempo but irresistible Italo and cosmic disco tunes, in particular Tonino Balsamo's 1983 \"Sta Guagliona Mo Dd\u00e0\" (one of the rarest Neapolitan grooves ever, recently reissued by Periodica Records), Whodamanny's two remixes amplify the original's dancefloor potential by adding a nocturnal vibe and elements such as synths and electronic drums, as well as a short vocal line (\"Don't stop till the music stops\") to create a catchy call-and-response effect.Whodamanny himself explains that he produced not one, but two remixes due to his love of extended dub versions. \"It's sort of a professional quirk,\" - he says - \"but you know, it's inevitable. You're sitting at the mixer, listening over and over to a track... Of course you'll find bits you can stretch out to create a fantastic flow! And my approach is always the approach of a DJ. I want whatever I produce to work well in my DJ sets, so these remixes too were bound to be club-oriented.\"","og_url":"https:\/\/wpguerssen-test.odoo.rgbconsulting.com\/es\/producto\/la-tartana\/","og_site_name":"Guerssen records","article_modified_time":"2025-03-03T14:53:59+00:00","og_image":[{"width":1500,"height":1500,"url":"https:\/\/wpguerssen-test.odoo.rgbconsulting.com\/wp-content\/uploads\/2023\/11\/43375.jpg","type":"image\/jpeg"}],"twitter_card":"summary_large_image","twitter_title":"WHODAMANNY \/ FISOTTI, Francesco - La Tartana -  (MAXI) | Guerssen","twitter_misc":{"Tiempo de lectura":"1 minuto"},"schema":{"@context":"https:\/\/schema.org","@graph":[{"@type":"WebPage","@id":"https:\/\/wpguerssen-test.odoo.rgbconsulting.com\/es\/producto\/la-tartana\/","url":"https:\/\/wpguerssen-test.odoo.rgbconsulting.com\/es\/producto\/la-tartana\/","name":"WHODAMANNY \/ FISOTTI, Francesco - La Tartana - (MAXI) | Guerssen","isPartOf":{"@id":"https:\/\/wpguerssen-test.odoo.rgbconsulting.com\/es\/#website"},"primaryImageOfPage":{"@id":"https:\/\/wpguerssen-test.odoo.rgbconsulting.com\/es\/producto\/la-tartana\/#primaryimage"},"image":{"@id":"https:\/\/wpguerssen-test.odoo.rgbconsulting.com\/es\/producto\/la-tartana\/#primaryimage"},"thumbnailUrl":"https:\/\/wpguerssen-test.odoo.rgbconsulting.com\/wp-content\/uploads\/2023\/11\/43375.jpg","datePublished":"2024-09-09T22:00:00+00:00","dateModified":"2025-03-03T14:53:59+00:00","description":"Four Flies' new imprint Edizioni della Notte is back with a 12-inch maxi single of infectious remixes of Francesco Fisotti's boogie funk track \"La Tartana\" by eclectic Neapolitan DJ\/producer Whodamanny. The original track, which comes from the 2021 album Lido Sirena (named after a beach resort in the Salento area of Apulia, where Fisotti used to spend his summers as a child), blends funky disco, synths, drum-machine beats and improvisation into an exciting new sound that Fisotti calls \"Adriatic funk\".Inspired by slow-tempo but irresistible Italo and cosmic disco tunes, in particular Tonino Balsamo's 1983 \"Sta Guagliona Mo Dd\u00e0\" (one of the rarest Neapolitan grooves ever, recently reissued by Periodica Records), Whodamanny's two remixes amplify the original's dancefloor potential by adding a nocturnal vibe and elements such as synths and electronic drums, as well as a short vocal line (\"Don't stop till the music stops\") to create a catchy call-and-response effect.Whodamanny himself explains that he produced not one, but two remixes due to his love of extended dub versions. \"It's sort of a professional quirk,\" - he says - \"but you know, it's inevitable. You're sitting at the mixer, listening over and over to a track... Of course you'll find bits you can stretch out to create a fantastic flow! And my approach is always the approach of a DJ. I want whatever I produce to work well in my DJ sets, so these remixes too were bound to be club-oriented.\"","breadcrumb":{"@id":"https:\/\/wpguerssen-test.odoo.rgbconsulting.com\/es\/producto\/la-tartana\/#breadcrumb"},"inLanguage":"es","potentialAction":[{"@type":"ReadAction","target":["https:\/\/wpguerssen-test.odoo.rgbconsulting.com\/es\/producto\/la-tartana\/"]}]},{"@type":"ImageObject","inLanguage":"es","@id":"https:\/\/wpguerssen-test.odoo.rgbconsulting.com\/es\/producto\/la-tartana\/#primaryimage","url":"https:\/\/wpguerssen-test.odoo.rgbconsulting.com\/wp-content\/uploads\/2023\/11\/43375.jpg","contentUrl":"https:\/\/wpguerssen-test.odoo.rgbconsulting.com\/wp-content\/uploads\/2023\/11\/43375.jpg","width":1500,"height":1500,"caption":"Francesco - La Tartana - EDIZIONI DELLA NOTTE (MAXI) | Guerssen"},{"@type":"BreadcrumbList","@id":"https:\/\/wpguerssen-test.odoo.rgbconsulting.com\/es\/producto\/la-tartana\/#breadcrumb","itemListElement":[{"@type":"ListItem","position":1,"name":"Inicio","item":"https:\/\/wpguerssen-test.odoo.rgbconsulting.com\/es\/"},{"@type":"ListItem","position":2,"name":"Shop","item":"https:\/\/wpguerssen-test.odoo.rgbconsulting.com\/shop\/"},{"@type":"ListItem","position":3,"name":"La Tartana"}]},{"@type":"WebSite","@id":"https:\/\/wpguerssen-test.odoo.rgbconsulting.com\/es\/#website","url":"https:\/\/wpguerssen-test.odoo.rgbconsulting.com\/es\/","name":"Guerssen records","description":"psychedelia - progressive - folk - garage ","publisher":{"@id":"https:\/\/wpguerssen-test.odoo.rgbconsulting.com\/es\/#organization"},"potentialAction":[{"@type":"SearchAction","target":{"@type":"EntryPoint","urlTemplate":"https:\/\/wpguerssen-test.odoo.rgbconsulting.com\/es\/?s={search_term_string}"},"query-input":{"@type":"PropertyValueSpecification","valueRequired":true,"valueName":"search_term_string"}}],"inLanguage":"es"},{"@type":"Organization","@id":"https:\/\/wpguerssen-test.odoo.rgbconsulting.com\/es\/#organization","name":"Guerssen records","url":"https:\/\/wpguerssen-test.odoo.rgbconsulting.com\/es\/","logo":{"@type":"ImageObject","inLanguage":"es","@id":"https:\/\/wpguerssen-test.odoo.rgbconsulting.com\/es\/#\/schema\/logo\/image\/","url":"https:\/\/wpguerssen-test.odoo.rgbconsulting.com\/wp-content\/uploads\/2022\/04\/Logo_Guerssen_trans_100.png","contentUrl":"https:\/\/wpguerssen-test.odoo.rgbconsulting.com\/wp-content\/uploads\/2022\/04\/Logo_Guerssen_trans_100.png","width":122,"height":100,"caption":"Guerssen records"},"image":{"@id":"https:\/\/wpguerssen-test.odoo.rgbconsulting.com\/es\/#\/schema\/logo\/image\/"}}]}},"_links":{"self":[{"href":"https:\/\/wpguerssen-test.odoo.rgbconsulting.com\/es\/wp-json\/wp\/v2\/product\/230624","targetHints":{"allow":["GET"]}}],"collection":[{"href":"https:\/\/wpguerssen-test.odoo.rgbconsulting.com\/es\/wp-json\/wp\/v2\/product"}],"about":[{"href":"https:\/\/wpguerssen-test.odoo.rgbconsulting.com\/es\/wp-json\/wp\/v2\/types\/product"}],"wp:featuredmedia":[{"embeddable":true,"href":"https:\/\/wpguerssen-test.odoo.rgbconsulting.com\/es\/wp-json\/wp\/v2\/media\/246567"}],"wp:attachment":[{"href":"https:\/\/wpguerssen-test.odoo.rgbconsulting.com\/es\/wp-json\/wp\/v2\/media?parent=230624"}],"wp:term":[{"taxonomy":"product_brand","embeddable":true,"href":"https:\/\/wpguerssen-test.odoo.rgbconsulting.com\/es\/wp-json\/wp\/v2\/product_brand?post=230624"},{"taxonomy":"product_cat","embeddable":true,"href":"https:\/\/wpguerssen-test.odoo.rgbconsulting.com\/es\/wp-json\/wp\/v2\/product_cat?post=230624"},{"taxonomy":"product_tag","embeddable":true,"href":"https:\/\/wpguerssen-test.odoo.rgbconsulting.com\/es\/wp-json\/wp\/v2\/product_tag?post=230624"}],"curies":[{"name":"wp","href":"https:\/\/api.w.org\/{rel}","templated":true}]}}