{"id":230769,"date":"2023-05-16T00:00:00","date_gmt":"2023-05-15T22:00:00","guid":{"rendered":"https:\/\/wpguerssen-test.odoo.rgbconsulting.com\/product\/david-blue\/"},"modified":"2025-01-08T15:32:25","modified_gmt":"2025-01-08T14:32:25","slug":"david-blue","status":"publish","type":"product","link":"https:\/\/wpguerssen-test.odoo.rgbconsulting.com\/es\/producto\/david-blue\/","title":{"rendered":"David Blue"},"content":{"rendered":"<p>&#8211; Primera reedici\u00f3n en vinilo del cl\u00e1sico \u00e1lbum de folk-rock de 1966 \u00abDavid Blue\u00bb<br \/>&#8211; Incluye insert en color de cuatro p\u00e1ginas con notas del autor y m\u00fasico Mark Brend. Edici\u00f3n limitada a 500 copias. <\/p>\n<p> Hoy, el cantautor y actor David Blue tiende a ser recordado solo en relaci\u00f3n con Bob Dylan. Un miembro del elenco de apoyo en el Greenwich Village de mediados de los a\u00f1os 60 y con The Rolling Thunder Revue. Sin embargo, categorizar a Blue de esta manera es reduccionista y le hace una injusticia. Blue era una especie de arquetipo de la generaci\u00f3n de cantautores del Greenwich Village de los a\u00f1os 60. Aunque siempre muy estimado por sus compa\u00f1eros, el p\u00fablico le pas\u00f3 por alto. Public\u00f3 siete \u00e1lbumes en una d\u00e9cada, y su carrera como actor estaba tomando forma cuando muri\u00f3 repentinamente a la edad de 41 a\u00f1os, en 1982. <\/p>\n<p> Su fallecimiento apenas tuvo repercusi\u00f3n en la prensa de rock, y en los a\u00f1os siguientes, Blue fue casi olvidado. \u00daltimamente, sin embargo, eso ha cambiado. Sus discos comenzaron a reaparecer en CD en sellos peque\u00f1os y, en 2020, las revistas Rolling Stone y Mojo publicaron importantes reevaluaciones. Blue, por fin, estaba recibiendo la atenci\u00f3n que le hab\u00eda sido negada en la vida. <\/p>\n<p> No fue hasta 1965 que Blue, como Dave Cohen, lanz\u00f3 sus primeras grabaciones: tres canciones en el LP Singer Songwriter Project de Elektra, en las que la sombra del Dylan preel\u00e9ctrico era alargada. Como para la mayor\u00eda de cosas que surgieron del Greenwich Village en ese momento. Elektra contrat\u00f3 a Blue para hacer su propio \u00e1lbum, y en 1966 se lanz\u00f3 David Blue, su primera grabaci\u00f3n que apareci\u00f3 con ese nombre. Un ejercicio de folk rock el\u00e9ctrico con actitud de banda de garaje, en deuda con Highway 61. No vendi\u00f3 mucho. Poco despu\u00e9s del lanzamiento del \u00e1lbum, Blue form\u00f3 y realiz\u00f3 una gira con The American Patrol, una banda de rock de cuatro integrantes, grabando un \u00e1lbum para Elektra que nunca se public\u00f3. <\/p>\n<p> Ahora, por primera vez, Hanky Panky y Mapache editan esas grabaciones hist\u00f3ricas abandonadas de American Patrol, junto con las tres pistas incluidas en el LP Singer Songwriter Project de Elektra de 1965, como David Blue &#038; The American Patrol The Lost 1967 Elektra Recordings &#038; More y David Blue, su \u00e1lbum debut hom\u00f3nimo de 1966, en dos ediciones exclusivas de vinilo limitadas a 500 copias cada una.<\/p>\n","protected":false},"excerpt":{"rendered":"<p>&#8211; Primera reedici\u00f3n en vinilo del cl\u00e1sico \u00e1lbum de folk-rock de 1966 \u00abDavid Blue\u00bb<br \/>&#8211; Incluye insert en color de cuatro p\u00e1ginas con notas del<a class=\"read\" href=\"https:\/\/wpguerssen-test.odoo.rgbconsulting.com\/es\/producto\/david-blue\/\"> (...)<\/a>","protected":false},"featured_media":230840,"template":"","meta":{"_acf_changed":false},"product_brand":[],"product_cat":[23274],"product_tag":[],"class_list":{"0":"post-230769","1":"product","2":"type-product","3":"status-publish","4":"has-post-thumbnail","6":"product_cat-folk-rock-60s-70s-es","7":"pa_artist-blue-david","8":"pa_format-lp-es","9":"pa_gender-folk-rock-60s-70s","10":"pa_label-hanky-panky","11":"pa_location-north-america-es","12":"pa_other-filters-vinyl-only-es","14":"first","15":"instock","16":"taxable","17":"shipping-taxable","18":"purchasable","19":"product-type-simple"},"acf":[],"yoast_head":"<!-- This site is optimized with the Yoast SEO plugin v24.9 - https:\/\/yoast.com\/wordpress\/plugins\/seo\/ -->\n<title>BLUE, David - David Blue -  (LP) | Guerssen<\/title>\n<meta name=\"description\" content=\"- First ever vinyl reissue of classic 1966 folk-rock album - Includes four-page color insert with notes by author and musician Mark Brend - Limited edition of 500 copies. #nl# These days, singer-songwriter and actor David Blue tends to be remembered only in relation to Bob Dylan. A member of the supporting cast in mid-60s Greenwich Village and The Rolling Thunder Revue. Yet to categorise Blue in this way is reductionist, and does him an injustice. He was something of an archetype of the 60s generation of Greenwich Village singer-songwriters. Yet, esteemed by his peers, he was overlooked. He released seven albums in a decade, and his acting career was shaping up when he died suddenly at the age of just 41. #nl# His passing was barely noted in the rock press, and in the subsequent years Blue was all but forgotten. Of late, though, that&#039;s changed. His albums started to reappear on CD on small labels and, in 2020, both Rolling Stone and Mojo magazines published major reappraisals. Blue - at last - was getting the attention denied him in life. #nl# It wasn&#039;t until 1965 that Blue, as Dave Cohen, released his first recordings - three songs on Elektra&#039;s Singer Songwriter Project. All betrayed a debt to pre-electric Dylan. But then again, so did much else coming out of Greenwich Village at the time. Elektra contracted Blue to do his own album, and in 1966 &quot;David Blue&quot; was released - his first recording to appear under that name. Electric folk rock with a garage band attitude, somewhat in debt to Highway 61, it didn&#039;t sell well. Shortly after the album&#039;s release Blue formed and toured with The American Patrol, a four-piece rock band, recording an album for Elektra that was never released. #nl# Now, for the first time, Hanky Panky and Mapache release those historical abandoned American Patrol recordings, along with the three tracks included on Elektra&#039;s 1965 LP Singer Songwriter Project, as David Blue And The American Patrol &quot;The Lost 1967 Elektra Recordings &amp; More&quot; and &quot;David Blue&quot;, his self-titled 1966 debut album, on two exclusive vinyl editions limited to 500 copies each.\" \/>\n<meta name=\"robots\" content=\"index, follow, max-snippet:-1, max-image-preview:large, max-video-preview:-1\" \/>\n<link rel=\"canonical\" href=\"https:\/\/wpguerssen-test.odoo.rgbconsulting.com\/es\/producto\/david-blue\/\" \/>\n<meta property=\"og:locale\" content=\"es_ES\" \/>\n<meta property=\"og:type\" content=\"article\" \/>\n<meta property=\"og:title\" content=\"BLUE, David - David Blue -  (LP) | Guerssen\" \/>\n<meta property=\"og:description\" content=\"- First ever vinyl reissue of classic 1966 folk-rock album - Includes four-page color insert with notes by author and musician Mark Brend - Limited edition of 500 copies. #nl# These days, singer-songwriter and actor David Blue tends to be remembered only in relation to Bob Dylan. A member of the supporting cast in mid-60s Greenwich Village and The Rolling Thunder Revue. Yet to categorise Blue in this way is reductionist, and does him an injustice. He was something of an archetype of the 60s generation of Greenwich Village singer-songwriters. Yet, esteemed by his peers, he was overlooked. He released seven albums in a decade, and his acting career was shaping up when he died suddenly at the age of just 41. #nl# His passing was barely noted in the rock press, and in the subsequent years Blue was all but forgotten. Of late, though, that&#039;s changed. His albums started to reappear on CD on small labels and, in 2020, both Rolling Stone and Mojo magazines published major reappraisals. Blue - at last - was getting the attention denied him in life. #nl# It wasn&#039;t until 1965 that Blue, as Dave Cohen, released his first recordings - three songs on Elektra&#039;s Singer Songwriter Project. All betrayed a debt to pre-electric Dylan. But then again, so did much else coming out of Greenwich Village at the time. Elektra contracted Blue to do his own album, and in 1966 &quot;David Blue&quot; was released - his first recording to appear under that name. Electric folk rock with a garage band attitude, somewhat in debt to Highway 61, it didn&#039;t sell well. Shortly after the album&#039;s release Blue formed and toured with The American Patrol, a four-piece rock band, recording an album for Elektra that was never released. #nl# Now, for the first time, Hanky Panky and Mapache release those historical abandoned American Patrol recordings, along with the three tracks included on Elektra&#039;s 1965 LP Singer Songwriter Project, as David Blue And The American Patrol &quot;The Lost 1967 Elektra Recordings &amp; More&quot; and &quot;David Blue&quot;, his self-titled 1966 debut album, on two exclusive vinyl editions limited to 500 copies each.\" \/>\n<meta property=\"og:url\" content=\"https:\/\/wpguerssen-test.odoo.rgbconsulting.com\/es\/producto\/david-blue\/\" \/>\n<meta property=\"og:site_name\" content=\"Guerssen records\" \/>\n<meta property=\"article:modified_time\" content=\"2025-01-08T14:32:25+00:00\" \/>\n<meta property=\"og:image\" content=\"https:\/\/wpguerssen-test.odoo.rgbconsulting.com\/wp-content\/uploads\/2023\/04\/43389.jpg\" \/>\n\t<meta property=\"og:image:width\" content=\"900\" \/>\n\t<meta property=\"og:image:height\" content=\"900\" \/>\n\t<meta property=\"og:image:type\" content=\"image\/jpeg\" \/>\n<meta name=\"twitter:card\" content=\"summary_large_image\" \/>\n<meta name=\"twitter:title\" content=\"BLUE, David - David Blue -  (LP) | Guerssen\" \/>\n<meta name=\"twitter:label1\" content=\"Tiempo de lectura\" \/>\n\t<meta name=\"twitter:data1\" content=\"2 minutos\" \/>\n<script type=\"application\/ld+json\" class=\"yoast-schema-graph\">{\"@context\":\"https:\/\/schema.org\",\"@graph\":[{\"@type\":\"WebPage\",\"@id\":\"https:\/\/wpguerssen-test.odoo.rgbconsulting.com\/es\/producto\/david-blue\/\",\"url\":\"https:\/\/wpguerssen-test.odoo.rgbconsulting.com\/es\/producto\/david-blue\/\",\"name\":\"BLUE, David - David Blue - (LP) | Guerssen\",\"isPartOf\":{\"@id\":\"https:\/\/wpguerssen-test.odoo.rgbconsulting.com\/es\/#website\"},\"primaryImageOfPage\":{\"@id\":\"https:\/\/wpguerssen-test.odoo.rgbconsulting.com\/es\/producto\/david-blue\/#primaryimage\"},\"image\":{\"@id\":\"https:\/\/wpguerssen-test.odoo.rgbconsulting.com\/es\/producto\/david-blue\/#primaryimage\"},\"thumbnailUrl\":\"https:\/\/wpguerssen-test.odoo.rgbconsulting.com\/wp-content\/uploads\/2023\/04\/43389.jpg\",\"datePublished\":\"2023-05-15T22:00:00+00:00\",\"dateModified\":\"2025-01-08T14:32:25+00:00\",\"description\":\"- First ever vinyl reissue of classic 1966 folk-rock album - Includes four-page color insert with notes by author and musician Mark Brend - Limited edition of 500 copies. #nl# These days, singer-songwriter and actor David Blue tends to be remembered only in relation to Bob Dylan. A member of the supporting cast in mid-60s Greenwich Village and The Rolling Thunder Revue. Yet to categorise Blue in this way is reductionist, and does him an injustice. He was something of an archetype of the 60s generation of Greenwich Village singer-songwriters. Yet, esteemed by his peers, he was overlooked. He released seven albums in a decade, and his acting career was shaping up when he died suddenly at the age of just 41. #nl# His passing was barely noted in the rock press, and in the subsequent years Blue was all but forgotten. Of late, though, that's changed. His albums started to reappear on CD on small labels and, in 2020, both Rolling Stone and Mojo magazines published major reappraisals. Blue - at last - was getting the attention denied him in life. #nl# It wasn't until 1965 that Blue, as Dave Cohen, released his first recordings - three songs on Elektra's Singer Songwriter Project. All betrayed a debt to pre-electric Dylan. But then again, so did much else coming out of Greenwich Village at the time. Elektra contracted Blue to do his own album, and in 1966 \\\"David Blue\\\" was released - his first recording to appear under that name. Electric folk rock with a garage band attitude, somewhat in debt to Highway 61, it didn't sell well. Shortly after the album's release Blue formed and toured with The American Patrol, a four-piece rock band, recording an album for Elektra that was never released. #nl# Now, for the first time, Hanky Panky and Mapache release those historical abandoned American Patrol recordings, along with the three tracks included on Elektra's 1965 LP Singer Songwriter Project, as David Blue And The American Patrol \\\"The Lost 1967 Elektra Recordings & More\\\" and \\\"David Blue\\\", his self-titled 1966 debut album, on two exclusive vinyl editions limited to 500 copies each.\",\"breadcrumb\":{\"@id\":\"https:\/\/wpguerssen-test.odoo.rgbconsulting.com\/es\/producto\/david-blue\/#breadcrumb\"},\"inLanguage\":\"es\",\"potentialAction\":[{\"@type\":\"ReadAction\",\"target\":[\"https:\/\/wpguerssen-test.odoo.rgbconsulting.com\/es\/producto\/david-blue\/\"]}]},{\"@type\":\"ImageObject\",\"inLanguage\":\"es\",\"@id\":\"https:\/\/wpguerssen-test.odoo.rgbconsulting.com\/es\/producto\/david-blue\/#primaryimage\",\"url\":\"https:\/\/wpguerssen-test.odoo.rgbconsulting.com\/wp-content\/uploads\/2023\/04\/43389.jpg\",\"contentUrl\":\"https:\/\/wpguerssen-test.odoo.rgbconsulting.com\/wp-content\/uploads\/2023\/04\/43389.jpg\",\"width\":900,\"height\":900,\"caption\":\"David - David Blue - HANKY PANKY (LP) | Guerssen\"},{\"@type\":\"BreadcrumbList\",\"@id\":\"https:\/\/wpguerssen-test.odoo.rgbconsulting.com\/es\/producto\/david-blue\/#breadcrumb\",\"itemListElement\":[{\"@type\":\"ListItem\",\"position\":1,\"name\":\"Inicio\",\"item\":\"https:\/\/wpguerssen-test.odoo.rgbconsulting.com\/es\/\"},{\"@type\":\"ListItem\",\"position\":2,\"name\":\"Shop\",\"item\":\"https:\/\/wpguerssen-test.odoo.rgbconsulting.com\/shop\/\"},{\"@type\":\"ListItem\",\"position\":3,\"name\":\"David Blue\"}]},{\"@type\":\"WebSite\",\"@id\":\"https:\/\/wpguerssen-test.odoo.rgbconsulting.com\/es\/#website\",\"url\":\"https:\/\/wpguerssen-test.odoo.rgbconsulting.com\/es\/\",\"name\":\"Guerssen records\",\"description\":\"psychedelia - progressive - folk - garage \",\"publisher\":{\"@id\":\"https:\/\/wpguerssen-test.odoo.rgbconsulting.com\/es\/#organization\"},\"potentialAction\":[{\"@type\":\"SearchAction\",\"target\":{\"@type\":\"EntryPoint\",\"urlTemplate\":\"https:\/\/wpguerssen-test.odoo.rgbconsulting.com\/es\/?s={search_term_string}\"},\"query-input\":{\"@type\":\"PropertyValueSpecification\",\"valueRequired\":true,\"valueName\":\"search_term_string\"}}],\"inLanguage\":\"es\"},{\"@type\":\"Organization\",\"@id\":\"https:\/\/wpguerssen-test.odoo.rgbconsulting.com\/es\/#organization\",\"name\":\"Guerssen records\",\"url\":\"https:\/\/wpguerssen-test.odoo.rgbconsulting.com\/es\/\",\"logo\":{\"@type\":\"ImageObject\",\"inLanguage\":\"es\",\"@id\":\"https:\/\/wpguerssen-test.odoo.rgbconsulting.com\/es\/#\/schema\/logo\/image\/\",\"url\":\"https:\/\/wpguerssen-test.odoo.rgbconsulting.com\/wp-content\/uploads\/2022\/04\/Logo_Guerssen_trans_100.png\",\"contentUrl\":\"https:\/\/wpguerssen-test.odoo.rgbconsulting.com\/wp-content\/uploads\/2022\/04\/Logo_Guerssen_trans_100.png\",\"width\":122,\"height\":100,\"caption\":\"Guerssen records\"},\"image\":{\"@id\":\"https:\/\/wpguerssen-test.odoo.rgbconsulting.com\/es\/#\/schema\/logo\/image\/\"}}]}<\/script>\n<!-- \/ Yoast SEO plugin. -->","yoast_head_json":{"title":"BLUE, David - David Blue -  (LP) | Guerssen","description":"- First ever vinyl reissue of classic 1966 folk-rock album - Includes four-page color insert with notes by author and musician Mark Brend - Limited edition of 500 copies. #nl# These days, singer-songwriter and actor David Blue tends to be remembered only in relation to Bob Dylan. A member of the supporting cast in mid-60s Greenwich Village and The Rolling Thunder Revue. Yet to categorise Blue in this way is reductionist, and does him an injustice. He was something of an archetype of the 60s generation of Greenwich Village singer-songwriters. Yet, esteemed by his peers, he was overlooked. He released seven albums in a decade, and his acting career was shaping up when he died suddenly at the age of just 41. #nl# His passing was barely noted in the rock press, and in the subsequent years Blue was all but forgotten. Of late, though, that's changed. His albums started to reappear on CD on small labels and, in 2020, both Rolling Stone and Mojo magazines published major reappraisals. Blue - at last - was getting the attention denied him in life. #nl# It wasn't until 1965 that Blue, as Dave Cohen, released his first recordings - three songs on Elektra's Singer Songwriter Project. All betrayed a debt to pre-electric Dylan. But then again, so did much else coming out of Greenwich Village at the time. Elektra contracted Blue to do his own album, and in 1966 \"David Blue\" was released - his first recording to appear under that name. Electric folk rock with a garage band attitude, somewhat in debt to Highway 61, it didn't sell well. Shortly after the album's release Blue formed and toured with The American Patrol, a four-piece rock band, recording an album for Elektra that was never released. #nl# Now, for the first time, Hanky Panky and Mapache release those historical abandoned American Patrol recordings, along with the three tracks included on Elektra's 1965 LP Singer Songwriter Project, as David Blue And The American Patrol \"The Lost 1967 Elektra Recordings & More\" and \"David Blue\", his self-titled 1966 debut album, on two exclusive vinyl editions limited to 500 copies each.","robots":{"index":"index","follow":"follow","max-snippet":"max-snippet:-1","max-image-preview":"max-image-preview:large","max-video-preview":"max-video-preview:-1"},"canonical":"https:\/\/wpguerssen-test.odoo.rgbconsulting.com\/es\/producto\/david-blue\/","og_locale":"es_ES","og_type":"article","og_title":"BLUE, David - David Blue -  (LP) | Guerssen","og_description":"- First ever vinyl reissue of classic 1966 folk-rock album - Includes four-page color insert with notes by author and musician Mark Brend - Limited edition of 500 copies. #nl# These days, singer-songwriter and actor David Blue tends to be remembered only in relation to Bob Dylan. A member of the supporting cast in mid-60s Greenwich Village and The Rolling Thunder Revue. Yet to categorise Blue in this way is reductionist, and does him an injustice. He was something of an archetype of the 60s generation of Greenwich Village singer-songwriters. Yet, esteemed by his peers, he was overlooked. He released seven albums in a decade, and his acting career was shaping up when he died suddenly at the age of just 41. #nl# His passing was barely noted in the rock press, and in the subsequent years Blue was all but forgotten. Of late, though, that's changed. His albums started to reappear on CD on small labels and, in 2020, both Rolling Stone and Mojo magazines published major reappraisals. Blue - at last - was getting the attention denied him in life. #nl# It wasn't until 1965 that Blue, as Dave Cohen, released his first recordings - three songs on Elektra's Singer Songwriter Project. All betrayed a debt to pre-electric Dylan. But then again, so did much else coming out of Greenwich Village at the time. Elektra contracted Blue to do his own album, and in 1966 \"David Blue\" was released - his first recording to appear under that name. Electric folk rock with a garage band attitude, somewhat in debt to Highway 61, it didn't sell well. Shortly after the album's release Blue formed and toured with The American Patrol, a four-piece rock band, recording an album for Elektra that was never released. #nl# Now, for the first time, Hanky Panky and Mapache release those historical abandoned American Patrol recordings, along with the three tracks included on Elektra's 1965 LP Singer Songwriter Project, as David Blue And The American Patrol \"The Lost 1967 Elektra Recordings & More\" and \"David Blue\", his self-titled 1966 debut album, on two exclusive vinyl editions limited to 500 copies each.","og_url":"https:\/\/wpguerssen-test.odoo.rgbconsulting.com\/es\/producto\/david-blue\/","og_site_name":"Guerssen records","article_modified_time":"2025-01-08T14:32:25+00:00","og_image":[{"width":900,"height":900,"url":"https:\/\/wpguerssen-test.odoo.rgbconsulting.com\/wp-content\/uploads\/2023\/04\/43389.jpg","type":"image\/jpeg"}],"twitter_card":"summary_large_image","twitter_title":"BLUE, David - David Blue -  (LP) | Guerssen","twitter_misc":{"Tiempo de lectura":"2 minutos"},"schema":{"@context":"https:\/\/schema.org","@graph":[{"@type":"WebPage","@id":"https:\/\/wpguerssen-test.odoo.rgbconsulting.com\/es\/producto\/david-blue\/","url":"https:\/\/wpguerssen-test.odoo.rgbconsulting.com\/es\/producto\/david-blue\/","name":"BLUE, David - David Blue - (LP) | Guerssen","isPartOf":{"@id":"https:\/\/wpguerssen-test.odoo.rgbconsulting.com\/es\/#website"},"primaryImageOfPage":{"@id":"https:\/\/wpguerssen-test.odoo.rgbconsulting.com\/es\/producto\/david-blue\/#primaryimage"},"image":{"@id":"https:\/\/wpguerssen-test.odoo.rgbconsulting.com\/es\/producto\/david-blue\/#primaryimage"},"thumbnailUrl":"https:\/\/wpguerssen-test.odoo.rgbconsulting.com\/wp-content\/uploads\/2023\/04\/43389.jpg","datePublished":"2023-05-15T22:00:00+00:00","dateModified":"2025-01-08T14:32:25+00:00","description":"- First ever vinyl reissue of classic 1966 folk-rock album - Includes four-page color insert with notes by author and musician Mark Brend - Limited edition of 500 copies. #nl# These days, singer-songwriter and actor David Blue tends to be remembered only in relation to Bob Dylan. A member of the supporting cast in mid-60s Greenwich Village and The Rolling Thunder Revue. Yet to categorise Blue in this way is reductionist, and does him an injustice. He was something of an archetype of the 60s generation of Greenwich Village singer-songwriters. Yet, esteemed by his peers, he was overlooked. He released seven albums in a decade, and his acting career was shaping up when he died suddenly at the age of just 41. #nl# His passing was barely noted in the rock press, and in the subsequent years Blue was all but forgotten. Of late, though, that's changed. His albums started to reappear on CD on small labels and, in 2020, both Rolling Stone and Mojo magazines published major reappraisals. Blue - at last - was getting the attention denied him in life. #nl# It wasn't until 1965 that Blue, as Dave Cohen, released his first recordings - three songs on Elektra's Singer Songwriter Project. All betrayed a debt to pre-electric Dylan. But then again, so did much else coming out of Greenwich Village at the time. Elektra contracted Blue to do his own album, and in 1966 \"David Blue\" was released - his first recording to appear under that name. Electric folk rock with a garage band attitude, somewhat in debt to Highway 61, it didn't sell well. Shortly after the album's release Blue formed and toured with The American Patrol, a four-piece rock band, recording an album for Elektra that was never released. #nl# Now, for the first time, Hanky Panky and Mapache release those historical abandoned American Patrol recordings, along with the three tracks included on Elektra's 1965 LP Singer Songwriter Project, as David Blue And The American Patrol \"The Lost 1967 Elektra Recordings & More\" and \"David Blue\", his self-titled 1966 debut album, on two exclusive vinyl editions limited to 500 copies each.","breadcrumb":{"@id":"https:\/\/wpguerssen-test.odoo.rgbconsulting.com\/es\/producto\/david-blue\/#breadcrumb"},"inLanguage":"es","potentialAction":[{"@type":"ReadAction","target":["https:\/\/wpguerssen-test.odoo.rgbconsulting.com\/es\/producto\/david-blue\/"]}]},{"@type":"ImageObject","inLanguage":"es","@id":"https:\/\/wpguerssen-test.odoo.rgbconsulting.com\/es\/producto\/david-blue\/#primaryimage","url":"https:\/\/wpguerssen-test.odoo.rgbconsulting.com\/wp-content\/uploads\/2023\/04\/43389.jpg","contentUrl":"https:\/\/wpguerssen-test.odoo.rgbconsulting.com\/wp-content\/uploads\/2023\/04\/43389.jpg","width":900,"height":900,"caption":"David - David Blue - HANKY PANKY (LP) | Guerssen"},{"@type":"BreadcrumbList","@id":"https:\/\/wpguerssen-test.odoo.rgbconsulting.com\/es\/producto\/david-blue\/#breadcrumb","itemListElement":[{"@type":"ListItem","position":1,"name":"Inicio","item":"https:\/\/wpguerssen-test.odoo.rgbconsulting.com\/es\/"},{"@type":"ListItem","position":2,"name":"Shop","item":"https:\/\/wpguerssen-test.odoo.rgbconsulting.com\/shop\/"},{"@type":"ListItem","position":3,"name":"David Blue"}]},{"@type":"WebSite","@id":"https:\/\/wpguerssen-test.odoo.rgbconsulting.com\/es\/#website","url":"https:\/\/wpguerssen-test.odoo.rgbconsulting.com\/es\/","name":"Guerssen records","description":"psychedelia - progressive - folk - garage ","publisher":{"@id":"https:\/\/wpguerssen-test.odoo.rgbconsulting.com\/es\/#organization"},"potentialAction":[{"@type":"SearchAction","target":{"@type":"EntryPoint","urlTemplate":"https:\/\/wpguerssen-test.odoo.rgbconsulting.com\/es\/?s={search_term_string}"},"query-input":{"@type":"PropertyValueSpecification","valueRequired":true,"valueName":"search_term_string"}}],"inLanguage":"es"},{"@type":"Organization","@id":"https:\/\/wpguerssen-test.odoo.rgbconsulting.com\/es\/#organization","name":"Guerssen records","url":"https:\/\/wpguerssen-test.odoo.rgbconsulting.com\/es\/","logo":{"@type":"ImageObject","inLanguage":"es","@id":"https:\/\/wpguerssen-test.odoo.rgbconsulting.com\/es\/#\/schema\/logo\/image\/","url":"https:\/\/wpguerssen-test.odoo.rgbconsulting.com\/wp-content\/uploads\/2022\/04\/Logo_Guerssen_trans_100.png","contentUrl":"https:\/\/wpguerssen-test.odoo.rgbconsulting.com\/wp-content\/uploads\/2022\/04\/Logo_Guerssen_trans_100.png","width":122,"height":100,"caption":"Guerssen records"},"image":{"@id":"https:\/\/wpguerssen-test.odoo.rgbconsulting.com\/es\/#\/schema\/logo\/image\/"}}]}},"_links":{"self":[{"href":"https:\/\/wpguerssen-test.odoo.rgbconsulting.com\/es\/wp-json\/wp\/v2\/product\/230769","targetHints":{"allow":["GET"]}}],"collection":[{"href":"https:\/\/wpguerssen-test.odoo.rgbconsulting.com\/es\/wp-json\/wp\/v2\/product"}],"about":[{"href":"https:\/\/wpguerssen-test.odoo.rgbconsulting.com\/es\/wp-json\/wp\/v2\/types\/product"}],"wp:featuredmedia":[{"embeddable":true,"href":"https:\/\/wpguerssen-test.odoo.rgbconsulting.com\/es\/wp-json\/wp\/v2\/media\/230840"}],"wp:attachment":[{"href":"https:\/\/wpguerssen-test.odoo.rgbconsulting.com\/es\/wp-json\/wp\/v2\/media?parent=230769"}],"wp:term":[{"taxonomy":"product_brand","embeddable":true,"href":"https:\/\/wpguerssen-test.odoo.rgbconsulting.com\/es\/wp-json\/wp\/v2\/product_brand?post=230769"},{"taxonomy":"product_cat","embeddable":true,"href":"https:\/\/wpguerssen-test.odoo.rgbconsulting.com\/es\/wp-json\/wp\/v2\/product_cat?post=230769"},{"taxonomy":"product_tag","embeddable":true,"href":"https:\/\/wpguerssen-test.odoo.rgbconsulting.com\/es\/wp-json\/wp\/v2\/product_tag?post=230769"}],"curies":[{"name":"wp","href":"https:\/\/api.w.org\/{rel}","templated":true}]}}