{"id":230846,"date":"2017-01-09T00:00:00","date_gmt":"2017-01-08T23:00:00","guid":{"rendered":"https:\/\/wpguerssen-test.odoo.rgbconsulting.com\/product\/ritmi-moderni\/"},"modified":"2025-02-19T17:15:51","modified_gmt":"2025-02-19T16:15:51","slug":"ritmi-moderni","status":"publish","type":"product","link":"https:\/\/wpguerssen-test.odoo.rgbconsulting.com\/es\/producto\/ritmi-moderni\/","title":{"rendered":"Ritmi Moderni"},"content":{"rendered":"<p>Despu\u00e9s de su primer \u00e1lbum L&#8217;obsession, Louis Fontaine regresa con Ritmi Moderni, un segundo \u00e1lbum en el que explora todos los aspectos del ritmo y el groove, siempre en un estilo cinematogr\u00e1fico.<br \/>\u00abRitmi Moderni\u00bb es un \u00e1lbum inspirado en la m\u00fasica de librer\u00eda de los sesenta y setenta, cada track puede dar lugar a una historia diferente.<br \/>La idea es que mientras escuchamos el \u00e1lbum nos sumerjamos en diferentes universos, diferentes im\u00e1genes, diferentes historias, lugares y paisajes. Es un \u00e1lbum con tonos coloridos, al igual que las historias que cuenta.<br \/>En la mayor\u00eda de las pistas, el ritmo es la base de la composici\u00f3n musical, pero la b\u00fasqueda de temas y melod\u00edas sigue siendo el punto focal de cada pista.<\/p>\n","protected":false},"excerpt":{"rendered":"<p>Despu\u00e9s de su primer \u00e1lbum L&#8217;obsession, Louis Fontaine regresa con Ritmi Moderni, un segundo \u00e1lbum en el que explora todos los aspectos del ritmo y el groove,<a class=\"read\" href=\"https:\/\/wpguerssen-test.odoo.rgbconsulting.com\/es\/producto\/ritmi-moderni\/\"> (...)<\/a>","protected":false},"featured_media":230787,"template":"","meta":{"_acf_changed":false},"product_brand":[],"product_cat":[23227,23232],"product_tag":[],"class_list":{"0":"post-230846","1":"product","2":"type-product","3":"status-publish","4":"has-post-thumbnail","6":"product_cat-jazz-es","7":"product_cat-library-music-lounge-es","8":"pa_artist-fontaine-louis","9":"pa_format-lp-es","10":"pa_gender-library-music-lounge-jazz","11":"pa_label-broc-recordz","12":"pa_location-europe-es","13":"pa_other-filters-vinyl-only-es","15":"first","16":"instock","17":"taxable","18":"shipping-taxable","19":"purchasable","20":"product-type-simple"},"acf":[],"yoast_head":"<!-- This site is optimized with the Yoast SEO plugin v24.9 - https:\/\/yoast.com\/wordpress\/plugins\/seo\/ -->\n<title>FONTAINE, Louis - Ritmi Moderni -  (LP) | Guerssen<\/title>\n<meta name=\"description\" content=\"After his first album L&#039;obsession, Louis Fontaine is back with Ritmi Moderni, a second album in which he explores all aspects of rhythm and groove, always in a cinematic style.&quot;Ritmi Moderni&quot; is an album inspired by the library music of the sixties and seventies, each track can lead to a different story.The idea is that while listening to track after track we dive into different universes, different images, different stories, places and landscapes. It&#039;s an album with colorful tones, just like the stories it tells.In most of the tracks, the rhythm is the basis of the musical composition, but the search for themes and melodies remains the focal point of each track. Each theme can be associated with a story in images.\" \/>\n<meta name=\"robots\" content=\"index, follow, max-snippet:-1, max-image-preview:large, max-video-preview:-1\" \/>\n<link rel=\"canonical\" href=\"https:\/\/wpguerssen-test.odoo.rgbconsulting.com\/es\/producto\/ritmi-moderni\/\" \/>\n<meta property=\"og:locale\" content=\"es_ES\" \/>\n<meta property=\"og:type\" content=\"article\" \/>\n<meta property=\"og:title\" content=\"FONTAINE, Louis - Ritmi Moderni -  (LP) | Guerssen\" \/>\n<meta property=\"og:description\" content=\"After his first album L&#039;obsession, Louis Fontaine is back with Ritmi Moderni, a second album in which he explores all aspects of rhythm and groove, always in a cinematic style.&quot;Ritmi Moderni&quot; is an album inspired by the library music of the sixties and seventies, each track can lead to a different story.The idea is that while listening to track after track we dive into different universes, different images, different stories, places and landscapes. It&#039;s an album with colorful tones, just like the stories it tells.In most of the tracks, the rhythm is the basis of the musical composition, but the search for themes and melodies remains the focal point of each track. Each theme can be associated with a story in images.\" \/>\n<meta property=\"og:url\" content=\"https:\/\/wpguerssen-test.odoo.rgbconsulting.com\/es\/producto\/ritmi-moderni\/\" \/>\n<meta property=\"og:site_name\" content=\"Guerssen records\" \/>\n<meta property=\"article:modified_time\" content=\"2025-02-19T16:15:51+00:00\" \/>\n<meta property=\"og:image\" content=\"https:\/\/wpguerssen-test.odoo.rgbconsulting.com\/wp-content\/uploads\/2023\/04\/43391.jpg\" \/>\n\t<meta property=\"og:image:width\" content=\"1440\" \/>\n\t<meta property=\"og:image:height\" content=\"1440\" \/>\n\t<meta property=\"og:image:type\" content=\"image\/jpeg\" \/>\n<meta name=\"twitter:card\" content=\"summary_large_image\" \/>\n<meta name=\"twitter:title\" content=\"FONTAINE, Louis - Ritmi Moderni -  (LP) | Guerssen\" \/>\n<meta name=\"twitter:label1\" content=\"Tiempo de lectura\" \/>\n\t<meta name=\"twitter:data1\" content=\"1 minuto\" \/>\n<script type=\"application\/ld+json\" class=\"yoast-schema-graph\">{\"@context\":\"https:\/\/schema.org\",\"@graph\":[{\"@type\":\"WebPage\",\"@id\":\"https:\/\/wpguerssen-test.odoo.rgbconsulting.com\/es\/producto\/ritmi-moderni\/\",\"url\":\"https:\/\/wpguerssen-test.odoo.rgbconsulting.com\/es\/producto\/ritmi-moderni\/\",\"name\":\"FONTAINE, Louis - Ritmi Moderni - (LP) | Guerssen\",\"isPartOf\":{\"@id\":\"https:\/\/wpguerssen-test.odoo.rgbconsulting.com\/es\/#website\"},\"primaryImageOfPage\":{\"@id\":\"https:\/\/wpguerssen-test.odoo.rgbconsulting.com\/es\/producto\/ritmi-moderni\/#primaryimage\"},\"image\":{\"@id\":\"https:\/\/wpguerssen-test.odoo.rgbconsulting.com\/es\/producto\/ritmi-moderni\/#primaryimage\"},\"thumbnailUrl\":\"https:\/\/wpguerssen-test.odoo.rgbconsulting.com\/wp-content\/uploads\/2023\/04\/43391.jpg\",\"datePublished\":\"2017-01-08T23:00:00+00:00\",\"dateModified\":\"2025-02-19T16:15:51+00:00\",\"description\":\"After his first album L'obsession, Louis Fontaine is back with Ritmi Moderni, a second album in which he explores all aspects of rhythm and groove, always in a cinematic style.\\\"Ritmi Moderni\\\" is an album inspired by the library music of the sixties and seventies, each track can lead to a different story.The idea is that while listening to track after track we dive into different universes, different images, different stories, places and landscapes. It's an album with colorful tones, just like the stories it tells.In most of the tracks, the rhythm is the basis of the musical composition, but the search for themes and melodies remains the focal point of each track. Each theme can be associated with a story in images.\",\"breadcrumb\":{\"@id\":\"https:\/\/wpguerssen-test.odoo.rgbconsulting.com\/es\/producto\/ritmi-moderni\/#breadcrumb\"},\"inLanguage\":\"es\",\"potentialAction\":[{\"@type\":\"ReadAction\",\"target\":[\"https:\/\/wpguerssen-test.odoo.rgbconsulting.com\/es\/producto\/ritmi-moderni\/\"]}]},{\"@type\":\"ImageObject\",\"inLanguage\":\"es\",\"@id\":\"https:\/\/wpguerssen-test.odoo.rgbconsulting.com\/es\/producto\/ritmi-moderni\/#primaryimage\",\"url\":\"https:\/\/wpguerssen-test.odoo.rgbconsulting.com\/wp-content\/uploads\/2023\/04\/43391.jpg\",\"contentUrl\":\"https:\/\/wpguerssen-test.odoo.rgbconsulting.com\/wp-content\/uploads\/2023\/04\/43391.jpg\",\"width\":1440,\"height\":1440,\"caption\":\"Louis - Ritmi Moderni - BROC RECORDZ (LP) | Guerssen\"},{\"@type\":\"BreadcrumbList\",\"@id\":\"https:\/\/wpguerssen-test.odoo.rgbconsulting.com\/es\/producto\/ritmi-moderni\/#breadcrumb\",\"itemListElement\":[{\"@type\":\"ListItem\",\"position\":1,\"name\":\"Inicio\",\"item\":\"https:\/\/wpguerssen-test.odoo.rgbconsulting.com\/es\/\"},{\"@type\":\"ListItem\",\"position\":2,\"name\":\"Shop\",\"item\":\"https:\/\/wpguerssen-test.odoo.rgbconsulting.com\/shop\/\"},{\"@type\":\"ListItem\",\"position\":3,\"name\":\"Ritmi Moderni\"}]},{\"@type\":\"WebSite\",\"@id\":\"https:\/\/wpguerssen-test.odoo.rgbconsulting.com\/es\/#website\",\"url\":\"https:\/\/wpguerssen-test.odoo.rgbconsulting.com\/es\/\",\"name\":\"Guerssen records\",\"description\":\"psychedelia - progressive - folk - garage \",\"publisher\":{\"@id\":\"https:\/\/wpguerssen-test.odoo.rgbconsulting.com\/es\/#organization\"},\"potentialAction\":[{\"@type\":\"SearchAction\",\"target\":{\"@type\":\"EntryPoint\",\"urlTemplate\":\"https:\/\/wpguerssen-test.odoo.rgbconsulting.com\/es\/?s={search_term_string}\"},\"query-input\":{\"@type\":\"PropertyValueSpecification\",\"valueRequired\":true,\"valueName\":\"search_term_string\"}}],\"inLanguage\":\"es\"},{\"@type\":\"Organization\",\"@id\":\"https:\/\/wpguerssen-test.odoo.rgbconsulting.com\/es\/#organization\",\"name\":\"Guerssen records\",\"url\":\"https:\/\/wpguerssen-test.odoo.rgbconsulting.com\/es\/\",\"logo\":{\"@type\":\"ImageObject\",\"inLanguage\":\"es\",\"@id\":\"https:\/\/wpguerssen-test.odoo.rgbconsulting.com\/es\/#\/schema\/logo\/image\/\",\"url\":\"https:\/\/wpguerssen-test.odoo.rgbconsulting.com\/wp-content\/uploads\/2022\/04\/Logo_Guerssen_trans_100.png\",\"contentUrl\":\"https:\/\/wpguerssen-test.odoo.rgbconsulting.com\/wp-content\/uploads\/2022\/04\/Logo_Guerssen_trans_100.png\",\"width\":122,\"height\":100,\"caption\":\"Guerssen records\"},\"image\":{\"@id\":\"https:\/\/wpguerssen-test.odoo.rgbconsulting.com\/es\/#\/schema\/logo\/image\/\"}}]}<\/script>\n<!-- \/ Yoast SEO plugin. -->","yoast_head_json":{"title":"FONTAINE, Louis - Ritmi Moderni -  (LP) | Guerssen","description":"After his first album L'obsession, Louis Fontaine is back with Ritmi Moderni, a second album in which he explores all aspects of rhythm and groove, always in a cinematic style.\"Ritmi Moderni\" is an album inspired by the library music of the sixties and seventies, each track can lead to a different story.The idea is that while listening to track after track we dive into different universes, different images, different stories, places and landscapes. It's an album with colorful tones, just like the stories it tells.In most of the tracks, the rhythm is the basis of the musical composition, but the search for themes and melodies remains the focal point of each track. Each theme can be associated with a story in images.","robots":{"index":"index","follow":"follow","max-snippet":"max-snippet:-1","max-image-preview":"max-image-preview:large","max-video-preview":"max-video-preview:-1"},"canonical":"https:\/\/wpguerssen-test.odoo.rgbconsulting.com\/es\/producto\/ritmi-moderni\/","og_locale":"es_ES","og_type":"article","og_title":"FONTAINE, Louis - Ritmi Moderni -  (LP) | Guerssen","og_description":"After his first album L'obsession, Louis Fontaine is back with Ritmi Moderni, a second album in which he explores all aspects of rhythm and groove, always in a cinematic style.\"Ritmi Moderni\" is an album inspired by the library music of the sixties and seventies, each track can lead to a different story.The idea is that while listening to track after track we dive into different universes, different images, different stories, places and landscapes. It's an album with colorful tones, just like the stories it tells.In most of the tracks, the rhythm is the basis of the musical composition, but the search for themes and melodies remains the focal point of each track. Each theme can be associated with a story in images.","og_url":"https:\/\/wpguerssen-test.odoo.rgbconsulting.com\/es\/producto\/ritmi-moderni\/","og_site_name":"Guerssen records","article_modified_time":"2025-02-19T16:15:51+00:00","og_image":[{"width":1440,"height":1440,"url":"https:\/\/wpguerssen-test.odoo.rgbconsulting.com\/wp-content\/uploads\/2023\/04\/43391.jpg","type":"image\/jpeg"}],"twitter_card":"summary_large_image","twitter_title":"FONTAINE, Louis - Ritmi Moderni -  (LP) | Guerssen","twitter_misc":{"Tiempo de lectura":"1 minuto"},"schema":{"@context":"https:\/\/schema.org","@graph":[{"@type":"WebPage","@id":"https:\/\/wpguerssen-test.odoo.rgbconsulting.com\/es\/producto\/ritmi-moderni\/","url":"https:\/\/wpguerssen-test.odoo.rgbconsulting.com\/es\/producto\/ritmi-moderni\/","name":"FONTAINE, Louis - Ritmi Moderni - (LP) | Guerssen","isPartOf":{"@id":"https:\/\/wpguerssen-test.odoo.rgbconsulting.com\/es\/#website"},"primaryImageOfPage":{"@id":"https:\/\/wpguerssen-test.odoo.rgbconsulting.com\/es\/producto\/ritmi-moderni\/#primaryimage"},"image":{"@id":"https:\/\/wpguerssen-test.odoo.rgbconsulting.com\/es\/producto\/ritmi-moderni\/#primaryimage"},"thumbnailUrl":"https:\/\/wpguerssen-test.odoo.rgbconsulting.com\/wp-content\/uploads\/2023\/04\/43391.jpg","datePublished":"2017-01-08T23:00:00+00:00","dateModified":"2025-02-19T16:15:51+00:00","description":"After his first album L'obsession, Louis Fontaine is back with Ritmi Moderni, a second album in which he explores all aspects of rhythm and groove, always in a cinematic style.\"Ritmi Moderni\" is an album inspired by the library music of the sixties and seventies, each track can lead to a different story.The idea is that while listening to track after track we dive into different universes, different images, different stories, places and landscapes. It's an album with colorful tones, just like the stories it tells.In most of the tracks, the rhythm is the basis of the musical composition, but the search for themes and melodies remains the focal point of each track. Each theme can be associated with a story in images.","breadcrumb":{"@id":"https:\/\/wpguerssen-test.odoo.rgbconsulting.com\/es\/producto\/ritmi-moderni\/#breadcrumb"},"inLanguage":"es","potentialAction":[{"@type":"ReadAction","target":["https:\/\/wpguerssen-test.odoo.rgbconsulting.com\/es\/producto\/ritmi-moderni\/"]}]},{"@type":"ImageObject","inLanguage":"es","@id":"https:\/\/wpguerssen-test.odoo.rgbconsulting.com\/es\/producto\/ritmi-moderni\/#primaryimage","url":"https:\/\/wpguerssen-test.odoo.rgbconsulting.com\/wp-content\/uploads\/2023\/04\/43391.jpg","contentUrl":"https:\/\/wpguerssen-test.odoo.rgbconsulting.com\/wp-content\/uploads\/2023\/04\/43391.jpg","width":1440,"height":1440,"caption":"Louis - Ritmi Moderni - BROC RECORDZ (LP) | Guerssen"},{"@type":"BreadcrumbList","@id":"https:\/\/wpguerssen-test.odoo.rgbconsulting.com\/es\/producto\/ritmi-moderni\/#breadcrumb","itemListElement":[{"@type":"ListItem","position":1,"name":"Inicio","item":"https:\/\/wpguerssen-test.odoo.rgbconsulting.com\/es\/"},{"@type":"ListItem","position":2,"name":"Shop","item":"https:\/\/wpguerssen-test.odoo.rgbconsulting.com\/shop\/"},{"@type":"ListItem","position":3,"name":"Ritmi Moderni"}]},{"@type":"WebSite","@id":"https:\/\/wpguerssen-test.odoo.rgbconsulting.com\/es\/#website","url":"https:\/\/wpguerssen-test.odoo.rgbconsulting.com\/es\/","name":"Guerssen records","description":"psychedelia - progressive - folk - garage ","publisher":{"@id":"https:\/\/wpguerssen-test.odoo.rgbconsulting.com\/es\/#organization"},"potentialAction":[{"@type":"SearchAction","target":{"@type":"EntryPoint","urlTemplate":"https:\/\/wpguerssen-test.odoo.rgbconsulting.com\/es\/?s={search_term_string}"},"query-input":{"@type":"PropertyValueSpecification","valueRequired":true,"valueName":"search_term_string"}}],"inLanguage":"es"},{"@type":"Organization","@id":"https:\/\/wpguerssen-test.odoo.rgbconsulting.com\/es\/#organization","name":"Guerssen records","url":"https:\/\/wpguerssen-test.odoo.rgbconsulting.com\/es\/","logo":{"@type":"ImageObject","inLanguage":"es","@id":"https:\/\/wpguerssen-test.odoo.rgbconsulting.com\/es\/#\/schema\/logo\/image\/","url":"https:\/\/wpguerssen-test.odoo.rgbconsulting.com\/wp-content\/uploads\/2022\/04\/Logo_Guerssen_trans_100.png","contentUrl":"https:\/\/wpguerssen-test.odoo.rgbconsulting.com\/wp-content\/uploads\/2022\/04\/Logo_Guerssen_trans_100.png","width":122,"height":100,"caption":"Guerssen records"},"image":{"@id":"https:\/\/wpguerssen-test.odoo.rgbconsulting.com\/es\/#\/schema\/logo\/image\/"}}]}},"_links":{"self":[{"href":"https:\/\/wpguerssen-test.odoo.rgbconsulting.com\/es\/wp-json\/wp\/v2\/product\/230846","targetHints":{"allow":["GET"]}}],"collection":[{"href":"https:\/\/wpguerssen-test.odoo.rgbconsulting.com\/es\/wp-json\/wp\/v2\/product"}],"about":[{"href":"https:\/\/wpguerssen-test.odoo.rgbconsulting.com\/es\/wp-json\/wp\/v2\/types\/product"}],"wp:featuredmedia":[{"embeddable":true,"href":"https:\/\/wpguerssen-test.odoo.rgbconsulting.com\/es\/wp-json\/wp\/v2\/media\/230787"}],"wp:attachment":[{"href":"https:\/\/wpguerssen-test.odoo.rgbconsulting.com\/es\/wp-json\/wp\/v2\/media?parent=230846"}],"wp:term":[{"taxonomy":"product_brand","embeddable":true,"href":"https:\/\/wpguerssen-test.odoo.rgbconsulting.com\/es\/wp-json\/wp\/v2\/product_brand?post=230846"},{"taxonomy":"product_cat","embeddable":true,"href":"https:\/\/wpguerssen-test.odoo.rgbconsulting.com\/es\/wp-json\/wp\/v2\/product_cat?post=230846"},{"taxonomy":"product_tag","embeddable":true,"href":"https:\/\/wpguerssen-test.odoo.rgbconsulting.com\/es\/wp-json\/wp\/v2\/product_tag?post=230846"}],"curies":[{"name":"wp","href":"https:\/\/api.w.org\/{rel}","templated":true}]}}