{"id":230909,"date":"2021-08-24T00:00:00","date_gmt":"2021-08-23T22:00:00","guid":{"rendered":"https:\/\/wpguerssen-test.odoo.rgbconsulting.com\/product\/carruseles\/"},"modified":"2025-03-03T15:54:32","modified_gmt":"2025-03-03T14:54:32","slug":"carruseles","status":"publish","type":"product","link":"https:\/\/wpguerssen-test.odoo.rgbconsulting.com\/es\/producto\/carruseles\/","title":{"rendered":"Carruseles"},"content":{"rendered":"<p>El tercer LP de larga duraci\u00f3n de Afrosound es un disco de colecci\u00f3n codiciado porque est\u00e1 lleno de afro-psicodelia tropical loca y funky con la reputaci\u00f3n de ser uno de los lanzamientos m\u00e1s extra\u00f1os de Discos Fuentes de la d\u00e9cada de 1970. Con sintetizadores antiguos, guitarras fuzz-wah y el bajo pesado de Fruko, \u00abCarruseles\u00bb es un carrusel salvaje de cumbia y salsa que ahora ha sido reeditado con amor en forma de r\u00e9plica para que lo redescubran los conocedores de la m\u00fasica colombiana de hoy. Primera reedici\u00f3n. Vinilo de 180g.<\/p>\n","protected":false},"excerpt":{"rendered":"<p>El tercer LP de larga duraci\u00f3n de Afrosound es un disco de colecci\u00f3n codiciado porque est\u00e1 lleno de afro-psicodelia tropical loca y funky con la reputaci\u00f3n de<a class=\"read\" href=\"https:\/\/wpguerssen-test.odoo.rgbconsulting.com\/es\/producto\/carruseles\/\"> (...)<\/a>","protected":false},"featured_media":232601,"template":"","meta":{"_acf_changed":false},"product_brand":[],"product_cat":[23231],"product_tag":[],"class_list":{"0":"post-230909","1":"product","2":"type-product","3":"status-publish","4":"has-post-thumbnail","6":"product_cat-latin-brazilian-es","7":"pa_artist-afrosound","8":"pa_format-lp-es","9":"pa_gender-latin-brazilian","10":"pa_label-vampi-soul-es","11":"pa_location-south-america-caribbean-es","12":"pa_other-filters-vinyl-only-es","14":"first","15":"instock","16":"taxable","17":"shipping-taxable","18":"purchasable","19":"product-type-simple"},"acf":[],"yoast_head":"<!-- This site is optimized with the Yoast SEO plugin v24.9 - https:\/\/yoast.com\/wordpress\/plugins\/seo\/ -->\n<title>AFROSOUND - Carruseles -  (LP) | Guerssen<\/title>\n<meta name=\"description\" content=\"Afrosound&#039;s third full-length LP is a sought-after collector&#039;s record because it&#039;s full of funky, crazy tropical afro-psychedelia with a reputation for being one of Discos Fuentes freakiest releases of the 1970s. With vintage synths, fuzz-wah guitar and Fruko&#039;s heavy bass, &quot;Carruseles&quot; is a wild carousel ride of cumbia and salsa that has now been lovingly reissued in replica form for today&#039;s Colombian music connoisseurs to rediscover. First time reissue. 180g vinyl.\" \/>\n<meta name=\"robots\" content=\"index, follow, max-snippet:-1, max-image-preview:large, max-video-preview:-1\" \/>\n<link rel=\"canonical\" href=\"https:\/\/wpguerssen-test.odoo.rgbconsulting.com\/es\/producto\/carruseles\/\" \/>\n<meta property=\"og:locale\" content=\"es_ES\" \/>\n<meta property=\"og:type\" content=\"article\" \/>\n<meta property=\"og:title\" content=\"AFROSOUND - Carruseles -  (LP) | Guerssen\" \/>\n<meta property=\"og:description\" content=\"Afrosound&#039;s third full-length LP is a sought-after collector&#039;s record because it&#039;s full of funky, crazy tropical afro-psychedelia with a reputation for being one of Discos Fuentes freakiest releases of the 1970s. With vintage synths, fuzz-wah guitar and Fruko&#039;s heavy bass, &quot;Carruseles&quot; is a wild carousel ride of cumbia and salsa that has now been lovingly reissued in replica form for today&#039;s Colombian music connoisseurs to rediscover. First time reissue. 180g vinyl.\" \/>\n<meta property=\"og:url\" content=\"https:\/\/wpguerssen-test.odoo.rgbconsulting.com\/es\/producto\/carruseles\/\" \/>\n<meta property=\"og:site_name\" content=\"Guerssen records\" \/>\n<meta property=\"article:modified_time\" content=\"2025-03-03T14:54:32+00:00\" \/>\n<meta property=\"og:image\" content=\"https:\/\/wpguerssen-test.odoo.rgbconsulting.com\/wp-content\/uploads\/2023\/05\/43423.jpg\" \/>\n\t<meta property=\"og:image:width\" content=\"1200\" \/>\n\t<meta property=\"og:image:height\" content=\"1200\" \/>\n\t<meta property=\"og:image:type\" content=\"image\/jpeg\" \/>\n<meta name=\"twitter:card\" content=\"summary_large_image\" \/>\n<meta name=\"twitter:title\" content=\"AFROSOUND - Carruseles -  (LP) | Guerssen\" \/>\n<script type=\"application\/ld+json\" class=\"yoast-schema-graph\">{\"@context\":\"https:\/\/schema.org\",\"@graph\":[{\"@type\":\"WebPage\",\"@id\":\"https:\/\/wpguerssen-test.odoo.rgbconsulting.com\/es\/producto\/carruseles\/\",\"url\":\"https:\/\/wpguerssen-test.odoo.rgbconsulting.com\/es\/producto\/carruseles\/\",\"name\":\"AFROSOUND - Carruseles - (LP) | Guerssen\",\"isPartOf\":{\"@id\":\"https:\/\/wpguerssen-test.odoo.rgbconsulting.com\/es\/#website\"},\"primaryImageOfPage\":{\"@id\":\"https:\/\/wpguerssen-test.odoo.rgbconsulting.com\/es\/producto\/carruseles\/#primaryimage\"},\"image\":{\"@id\":\"https:\/\/wpguerssen-test.odoo.rgbconsulting.com\/es\/producto\/carruseles\/#primaryimage\"},\"thumbnailUrl\":\"https:\/\/wpguerssen-test.odoo.rgbconsulting.com\/wp-content\/uploads\/2023\/05\/43423.jpg\",\"datePublished\":\"2021-08-23T22:00:00+00:00\",\"dateModified\":\"2025-03-03T14:54:32+00:00\",\"description\":\"Afrosound's third full-length LP is a sought-after collector's record because it's full of funky, crazy tropical afro-psychedelia with a reputation for being one of Discos Fuentes freakiest releases of the 1970s. With vintage synths, fuzz-wah guitar and Fruko's heavy bass, \\\"Carruseles\\\" is a wild carousel ride of cumbia and salsa that has now been lovingly reissued in replica form for today's Colombian music connoisseurs to rediscover. First time reissue. 180g vinyl.\",\"breadcrumb\":{\"@id\":\"https:\/\/wpguerssen-test.odoo.rgbconsulting.com\/es\/producto\/carruseles\/#breadcrumb\"},\"inLanguage\":\"es\",\"potentialAction\":[{\"@type\":\"ReadAction\",\"target\":[\"https:\/\/wpguerssen-test.odoo.rgbconsulting.com\/es\/producto\/carruseles\/\"]}]},{\"@type\":\"ImageObject\",\"inLanguage\":\"es\",\"@id\":\"https:\/\/wpguerssen-test.odoo.rgbconsulting.com\/es\/producto\/carruseles\/#primaryimage\",\"url\":\"https:\/\/wpguerssen-test.odoo.rgbconsulting.com\/wp-content\/uploads\/2023\/05\/43423.jpg\",\"contentUrl\":\"https:\/\/wpguerssen-test.odoo.rgbconsulting.com\/wp-content\/uploads\/2023\/05\/43423.jpg\",\"width\":1200,\"height\":1200},{\"@type\":\"BreadcrumbList\",\"@id\":\"https:\/\/wpguerssen-test.odoo.rgbconsulting.com\/es\/producto\/carruseles\/#breadcrumb\",\"itemListElement\":[{\"@type\":\"ListItem\",\"position\":1,\"name\":\"Inicio\",\"item\":\"https:\/\/wpguerssen-test.odoo.rgbconsulting.com\/es\/\"},{\"@type\":\"ListItem\",\"position\":2,\"name\":\"Shop\",\"item\":\"https:\/\/wpguerssen-test.odoo.rgbconsulting.com\/shop\/\"},{\"@type\":\"ListItem\",\"position\":3,\"name\":\"Carruseles\"}]},{\"@type\":\"WebSite\",\"@id\":\"https:\/\/wpguerssen-test.odoo.rgbconsulting.com\/es\/#website\",\"url\":\"https:\/\/wpguerssen-test.odoo.rgbconsulting.com\/es\/\",\"name\":\"Guerssen records\",\"description\":\"psychedelia - progressive - folk - garage \",\"publisher\":{\"@id\":\"https:\/\/wpguerssen-test.odoo.rgbconsulting.com\/es\/#organization\"},\"potentialAction\":[{\"@type\":\"SearchAction\",\"target\":{\"@type\":\"EntryPoint\",\"urlTemplate\":\"https:\/\/wpguerssen-test.odoo.rgbconsulting.com\/es\/?s={search_term_string}\"},\"query-input\":{\"@type\":\"PropertyValueSpecification\",\"valueRequired\":true,\"valueName\":\"search_term_string\"}}],\"inLanguage\":\"es\"},{\"@type\":\"Organization\",\"@id\":\"https:\/\/wpguerssen-test.odoo.rgbconsulting.com\/es\/#organization\",\"name\":\"Guerssen records\",\"url\":\"https:\/\/wpguerssen-test.odoo.rgbconsulting.com\/es\/\",\"logo\":{\"@type\":\"ImageObject\",\"inLanguage\":\"es\",\"@id\":\"https:\/\/wpguerssen-test.odoo.rgbconsulting.com\/es\/#\/schema\/logo\/image\/\",\"url\":\"https:\/\/wpguerssen-test.odoo.rgbconsulting.com\/wp-content\/uploads\/2022\/04\/Logo_Guerssen_trans_100.png\",\"contentUrl\":\"https:\/\/wpguerssen-test.odoo.rgbconsulting.com\/wp-content\/uploads\/2022\/04\/Logo_Guerssen_trans_100.png\",\"width\":122,\"height\":100,\"caption\":\"Guerssen records\"},\"image\":{\"@id\":\"https:\/\/wpguerssen-test.odoo.rgbconsulting.com\/es\/#\/schema\/logo\/image\/\"}}]}<\/script>\n<!-- \/ Yoast SEO plugin. -->","yoast_head_json":{"title":"AFROSOUND - Carruseles -  (LP) | Guerssen","description":"Afrosound's third full-length LP is a sought-after collector's record because it's full of funky, crazy tropical afro-psychedelia with a reputation for being one of Discos Fuentes freakiest releases of the 1970s. With vintage synths, fuzz-wah guitar and Fruko's heavy bass, \"Carruseles\" is a wild carousel ride of cumbia and salsa that has now been lovingly reissued in replica form for today's Colombian music connoisseurs to rediscover. First time reissue. 180g vinyl.","robots":{"index":"index","follow":"follow","max-snippet":"max-snippet:-1","max-image-preview":"max-image-preview:large","max-video-preview":"max-video-preview:-1"},"canonical":"https:\/\/wpguerssen-test.odoo.rgbconsulting.com\/es\/producto\/carruseles\/","og_locale":"es_ES","og_type":"article","og_title":"AFROSOUND - Carruseles -  (LP) | Guerssen","og_description":"Afrosound's third full-length LP is a sought-after collector's record because it's full of funky, crazy tropical afro-psychedelia with a reputation for being one of Discos Fuentes freakiest releases of the 1970s. With vintage synths, fuzz-wah guitar and Fruko's heavy bass, \"Carruseles\" is a wild carousel ride of cumbia and salsa that has now been lovingly reissued in replica form for today's Colombian music connoisseurs to rediscover. First time reissue. 180g vinyl.","og_url":"https:\/\/wpguerssen-test.odoo.rgbconsulting.com\/es\/producto\/carruseles\/","og_site_name":"Guerssen records","article_modified_time":"2025-03-03T14:54:32+00:00","og_image":[{"width":1200,"height":1200,"url":"https:\/\/wpguerssen-test.odoo.rgbconsulting.com\/wp-content\/uploads\/2023\/05\/43423.jpg","type":"image\/jpeg"}],"twitter_card":"summary_large_image","twitter_title":"AFROSOUND - Carruseles -  (LP) | Guerssen","schema":{"@context":"https:\/\/schema.org","@graph":[{"@type":"WebPage","@id":"https:\/\/wpguerssen-test.odoo.rgbconsulting.com\/es\/producto\/carruseles\/","url":"https:\/\/wpguerssen-test.odoo.rgbconsulting.com\/es\/producto\/carruseles\/","name":"AFROSOUND - Carruseles - (LP) | Guerssen","isPartOf":{"@id":"https:\/\/wpguerssen-test.odoo.rgbconsulting.com\/es\/#website"},"primaryImageOfPage":{"@id":"https:\/\/wpguerssen-test.odoo.rgbconsulting.com\/es\/producto\/carruseles\/#primaryimage"},"image":{"@id":"https:\/\/wpguerssen-test.odoo.rgbconsulting.com\/es\/producto\/carruseles\/#primaryimage"},"thumbnailUrl":"https:\/\/wpguerssen-test.odoo.rgbconsulting.com\/wp-content\/uploads\/2023\/05\/43423.jpg","datePublished":"2021-08-23T22:00:00+00:00","dateModified":"2025-03-03T14:54:32+00:00","description":"Afrosound's third full-length LP is a sought-after collector's record because it's full of funky, crazy tropical afro-psychedelia with a reputation for being one of Discos Fuentes freakiest releases of the 1970s. With vintage synths, fuzz-wah guitar and Fruko's heavy bass, \"Carruseles\" is a wild carousel ride of cumbia and salsa that has now been lovingly reissued in replica form for today's Colombian music connoisseurs to rediscover. First time reissue. 180g vinyl.","breadcrumb":{"@id":"https:\/\/wpguerssen-test.odoo.rgbconsulting.com\/es\/producto\/carruseles\/#breadcrumb"},"inLanguage":"es","potentialAction":[{"@type":"ReadAction","target":["https:\/\/wpguerssen-test.odoo.rgbconsulting.com\/es\/producto\/carruseles\/"]}]},{"@type":"ImageObject","inLanguage":"es","@id":"https:\/\/wpguerssen-test.odoo.rgbconsulting.com\/es\/producto\/carruseles\/#primaryimage","url":"https:\/\/wpguerssen-test.odoo.rgbconsulting.com\/wp-content\/uploads\/2023\/05\/43423.jpg","contentUrl":"https:\/\/wpguerssen-test.odoo.rgbconsulting.com\/wp-content\/uploads\/2023\/05\/43423.jpg","width":1200,"height":1200},{"@type":"BreadcrumbList","@id":"https:\/\/wpguerssen-test.odoo.rgbconsulting.com\/es\/producto\/carruseles\/#breadcrumb","itemListElement":[{"@type":"ListItem","position":1,"name":"Inicio","item":"https:\/\/wpguerssen-test.odoo.rgbconsulting.com\/es\/"},{"@type":"ListItem","position":2,"name":"Shop","item":"https:\/\/wpguerssen-test.odoo.rgbconsulting.com\/shop\/"},{"@type":"ListItem","position":3,"name":"Carruseles"}]},{"@type":"WebSite","@id":"https:\/\/wpguerssen-test.odoo.rgbconsulting.com\/es\/#website","url":"https:\/\/wpguerssen-test.odoo.rgbconsulting.com\/es\/","name":"Guerssen records","description":"psychedelia - progressive - folk - garage ","publisher":{"@id":"https:\/\/wpguerssen-test.odoo.rgbconsulting.com\/es\/#organization"},"potentialAction":[{"@type":"SearchAction","target":{"@type":"EntryPoint","urlTemplate":"https:\/\/wpguerssen-test.odoo.rgbconsulting.com\/es\/?s={search_term_string}"},"query-input":{"@type":"PropertyValueSpecification","valueRequired":true,"valueName":"search_term_string"}}],"inLanguage":"es"},{"@type":"Organization","@id":"https:\/\/wpguerssen-test.odoo.rgbconsulting.com\/es\/#organization","name":"Guerssen records","url":"https:\/\/wpguerssen-test.odoo.rgbconsulting.com\/es\/","logo":{"@type":"ImageObject","inLanguage":"es","@id":"https:\/\/wpguerssen-test.odoo.rgbconsulting.com\/es\/#\/schema\/logo\/image\/","url":"https:\/\/wpguerssen-test.odoo.rgbconsulting.com\/wp-content\/uploads\/2022\/04\/Logo_Guerssen_trans_100.png","contentUrl":"https:\/\/wpguerssen-test.odoo.rgbconsulting.com\/wp-content\/uploads\/2022\/04\/Logo_Guerssen_trans_100.png","width":122,"height":100,"caption":"Guerssen records"},"image":{"@id":"https:\/\/wpguerssen-test.odoo.rgbconsulting.com\/es\/#\/schema\/logo\/image\/"}}]}},"_links":{"self":[{"href":"https:\/\/wpguerssen-test.odoo.rgbconsulting.com\/es\/wp-json\/wp\/v2\/product\/230909","targetHints":{"allow":["GET"]}}],"collection":[{"href":"https:\/\/wpguerssen-test.odoo.rgbconsulting.com\/es\/wp-json\/wp\/v2\/product"}],"about":[{"href":"https:\/\/wpguerssen-test.odoo.rgbconsulting.com\/es\/wp-json\/wp\/v2\/types\/product"}],"wp:featuredmedia":[{"embeddable":true,"href":"https:\/\/wpguerssen-test.odoo.rgbconsulting.com\/es\/wp-json\/wp\/v2\/media\/232601"}],"wp:attachment":[{"href":"https:\/\/wpguerssen-test.odoo.rgbconsulting.com\/es\/wp-json\/wp\/v2\/media?parent=230909"}],"wp:term":[{"taxonomy":"product_brand","embeddable":true,"href":"https:\/\/wpguerssen-test.odoo.rgbconsulting.com\/es\/wp-json\/wp\/v2\/product_brand?post=230909"},{"taxonomy":"product_cat","embeddable":true,"href":"https:\/\/wpguerssen-test.odoo.rgbconsulting.com\/es\/wp-json\/wp\/v2\/product_cat?post=230909"},{"taxonomy":"product_tag","embeddable":true,"href":"https:\/\/wpguerssen-test.odoo.rgbconsulting.com\/es\/wp-json\/wp\/v2\/product_tag?post=230909"}],"curies":[{"name":"wp","href":"https:\/\/api.w.org\/{rel}","templated":true}]}}