{"id":231001,"date":"2023-05-15T00:00:00","date_gmt":"2023-05-14T22:00:00","guid":{"rendered":"https:\/\/wpguerssen-test.odoo.rgbconsulting.com\/product\/strange-house\/"},"modified":"2025-05-05T11:08:51","modified_gmt":"2025-05-05T09:08:51","slug":"strange-house","status":"publish","type":"product","link":"https:\/\/wpguerssen-test.odoo.rgbconsulting.com\/es\/producto\/strange-house\/","title":{"rendered":"Strange House"},"content":{"rendered":"<p>Formados en 1966 alrededor de la figura del vocalista Richard Shirman, The Attack fueron uno de los grupos esenciales dentro del g\u00e9nero llamado freakbeat, con su potente mezcla de beat y psicodelia.<\/p>\n<p>Bajo el t\u00edtulo de \u201cStrange House\u201d, presentamos una nueva y definitiva edici\u00f3n de las legendarias grabaciones conocidas como \u201cFinal Daze\u201d, registradas con la formaci\u00f3n \u00faltima del grupo que inclu\u00eda a John Cann (m\u00e1s tarde conocido como John Du Cann) a la guitarra y como principal compositor. Se incluye material estrictamente de 1967-1968 (m\u00e1s una canci\u00f3n de 1969 extra\u00edda de un raro acetato, nunca antes en vinilo), al contrario que anteriores ediciones en las que se inclu\u00eda material de sus inicios o posterior a Attack.<\/p>\n<p>El resultado es un fenomenal disco de puro sonido psicod\u00e9lico brit\u00e1nico de finales de los 60, dominado por la impresionante guitarra de Cann y es posiblemente lo m\u00e1s parecido a como podr\u00eda haber sonado su rumoreado disco in\u00e9dito \u201cRoman God Of War\u201d. Se incluyen cl\u00e1sicos de culto como la mod-psicod\u00e9lica \u201cMagic In The Air\u201d (desechada por Decca por ser \u201cdemasiado dura\u201d), trallazos hard-psicod\u00e9licos como su single in\u00e9dito &#8216;Feel Like Flying&#8217; \/ &#8216;Freedom For You&#8217; o el tema que da t\u00edtulo al disco, las demos pre-Andromeda de \u201cToo Old\u201d y \u201cGo Your Way\u201d y m\u00e1s!<\/p>\n<p>*Insert con notas por Jon \u2018Mojo\u2019 Mills (Shindig!) y fotos<\/p>\n<p>\u201cHabitando una regi\u00f3n del sistema solar s\u00f3nico a medio camino entre los Creation y los Small Faces, the Attack languidecieron en oscuridad durante su existencia, pero fueron reconocidos d\u00e9cadas despu\u00e9s como una de las bandas m\u00e1s excitantes de su tiempo\u201d \u2013 Mike Stax (Ugly Things)<\/p>\n<p>Tracklist:<br \/>Side 1: 1. Magic In The Air &#8211; 2. Mr. Pinnodmy&#8217;s Dilemma &#8211; 3. Freedom For You &#8211; 4. Strange House &#8211; 5. Feel Like Flying &#8211; 6. Go Your Way<br \/>Side 2: 1. Roll On &#8211; 2. Too Old &#8211; 3. Sleep Like A Child &#8211; 4. Now The Sun Shines &#8211; 5. Anything &#8211; 6. Go Your Way (Demo)<\/p>\n<p>\n","protected":false},"excerpt":{"rendered":"<p>Formados en 1966 alrededor de la figura del vocalista Richard Shirman, The Attack fueron uno de los grupos esenciales dentro del g\u00e9nero llamado freakbeat, con su<a class=\"read\" href=\"https:\/\/wpguerssen-test.odoo.rgbconsulting.com\/es\/producto\/strange-house\/\"> (...)<\/a>","protected":false},"featured_media":230982,"template":"","meta":{"_acf_changed":false},"product_brand":[],"product_cat":[24508,21639],"product_tag":[],"class_list":{"0":"post-231001","1":"product","2":"type-product","3":"status-publish","4":"has-post-thumbnail","6":"product_cat-uncategorized","7":"product_cat-psychedelic60s-70s-es","8":"pa_artist-attack-the","9":"pa_format-lp-es","10":"pa_gender-psychedelic60s-70s","11":"pa_label-guerssen-es","12":"pa_location-uk-ireland-es","14":"first","15":"instock","16":"taxable","17":"shipping-taxable","18":"purchasable","19":"product-type-simple"},"acf":[],"yoast_head":"<!-- This site is optimized with the Yoast SEO plugin v24.9 - https:\/\/yoast.com\/wordpress\/plugins\/seo\/ -->\n<title>ATTACK, The - Strange House -  (LP) | Guerssen<\/title>\n<meta name=\"description\" content=\"Formed in 1966 around lead singer Richard Shirman, The Attack were the ultimate freakbeat\/psychedelic band.We present a new, definitive edition of their famous \u201cFinal Daze\u201d recordings, focusing on on 1967-1968 stuff with John Cann as main songwriter (plus a never-before-on-vinyl track from \u201969, taken from a rare acetate), unlike previous editions that included early and post-Attack unrelated recordings.The result is a killer UK PSYCH sounding album featuring the impressive guitar of John Cann (Andromeda, Atomic Rooster\u2026) and it\u2019s the closer we can get to what the long rumoured to exist Attack\u2019s \u201cRoman God Of War\u201d unreleased LP could have sounded like. Including the classic mod-psych anthem \u201cMagic In The Air\u201d (dropped by their record label Decca for \u201cbeing too heavy\u201d), their unreleased monster hard-psych 45 &#039;Feel Like Flying&#039; \/ &#039;Freedom For You&#039;, the killer title track, the pre-Andromeda demos of \u201cToo Old\u201d and \u201cGo Your Way\u201d and more!*Insert with liner notes by Jon \u2018Mojo\u2019 Mills (Shindig!) and rare photos\u201cInhabiting a region of the sonic solar system somewhere between the Creation and the Small Faces, the Attack languished in comparative obscurity back in their day, only to be recognized decades later as one of the most exciting bands of the era.\u201d \u2013 Mike Stax (Ugly Things)Tracklist:Side 1: 1. Magic In The Air - 2. Mr. Pinnodmy&#039;s Dilemma - 3. Freedom For You - 4. Strange House - 5. Feel Like Flying - 6. Go Your WaySide 2: 1. Roll On - 2. Too Old - 3. Sleep Like A Child - 4. Now The Sun Shines - 5. Anything - 6. Go Your Way (Demo)\" \/>\n<meta name=\"robots\" content=\"index, follow, max-snippet:-1, max-image-preview:large, max-video-preview:-1\" \/>\n<link rel=\"canonical\" href=\"https:\/\/wpguerssen-test.odoo.rgbconsulting.com\/es\/producto\/strange-house\/\" \/>\n<meta property=\"og:locale\" content=\"es_ES\" \/>\n<meta property=\"og:type\" content=\"article\" \/>\n<meta property=\"og:title\" content=\"ATTACK, The - Strange House -  (LP) | Guerssen\" \/>\n<meta property=\"og:description\" content=\"Formed in 1966 around lead singer Richard Shirman, The Attack were the ultimate freakbeat\/psychedelic band.We present a new, definitive edition of their famous \u201cFinal Daze\u201d recordings, focusing on on 1967-1968 stuff with John Cann as main songwriter (plus a never-before-on-vinyl track from \u201969, taken from a rare acetate), unlike previous editions that included early and post-Attack unrelated recordings.The result is a killer UK PSYCH sounding album featuring the impressive guitar of John Cann (Andromeda, Atomic Rooster\u2026) and it\u2019s the closer we can get to what the long rumoured to exist Attack\u2019s \u201cRoman God Of War\u201d unreleased LP could have sounded like. Including the classic mod-psych anthem \u201cMagic In The Air\u201d (dropped by their record label Decca for \u201cbeing too heavy\u201d), their unreleased monster hard-psych 45 &#039;Feel Like Flying&#039; \/ &#039;Freedom For You&#039;, the killer title track, the pre-Andromeda demos of \u201cToo Old\u201d and \u201cGo Your Way\u201d and more!*Insert with liner notes by Jon \u2018Mojo\u2019 Mills (Shindig!) and rare photos\u201cInhabiting a region of the sonic solar system somewhere between the Creation and the Small Faces, the Attack languished in comparative obscurity back in their day, only to be recognized decades later as one of the most exciting bands of the era.\u201d \u2013 Mike Stax (Ugly Things)Tracklist:Side 1: 1. Magic In The Air - 2. Mr. Pinnodmy&#039;s Dilemma - 3. Freedom For You - 4. Strange House - 5. Feel Like Flying - 6. Go Your WaySide 2: 1. Roll On - 2. Too Old - 3. Sleep Like A Child - 4. Now The Sun Shines - 5. Anything - 6. Go Your Way (Demo)\" \/>\n<meta property=\"og:url\" content=\"https:\/\/wpguerssen-test.odoo.rgbconsulting.com\/es\/producto\/strange-house\/\" \/>\n<meta property=\"og:site_name\" content=\"Guerssen records\" \/>\n<meta property=\"article:modified_time\" content=\"2025-05-05T09:08:51+00:00\" \/>\n<meta property=\"og:image\" content=\"https:\/\/wpguerssen-test.odoo.rgbconsulting.com\/wp-content\/uploads\/2023\/04\/41474.jpg\" \/>\n\t<meta property=\"og:image:width\" content=\"1400\" \/>\n\t<meta property=\"og:image:height\" content=\"1400\" \/>\n\t<meta property=\"og:image:type\" content=\"image\/jpeg\" \/>\n<meta name=\"twitter:card\" content=\"summary_large_image\" \/>\n<meta name=\"twitter:title\" content=\"ATTACK, The - Strange House -  (LP) | Guerssen\" \/>\n<meta name=\"twitter:label1\" content=\"Tiempo de lectura\" \/>\n\t<meta name=\"twitter:data1\" content=\"2 minutos\" \/>\n<script type=\"application\/ld+json\" class=\"yoast-schema-graph\">{\"@context\":\"https:\/\/schema.org\",\"@graph\":[{\"@type\":\"WebPage\",\"@id\":\"https:\/\/wpguerssen-test.odoo.rgbconsulting.com\/es\/producto\/strange-house\/\",\"url\":\"https:\/\/wpguerssen-test.odoo.rgbconsulting.com\/es\/producto\/strange-house\/\",\"name\":\"ATTACK, The - Strange House - (LP) | Guerssen\",\"isPartOf\":{\"@id\":\"https:\/\/wpguerssen-test.odoo.rgbconsulting.com\/es\/#website\"},\"primaryImageOfPage\":{\"@id\":\"https:\/\/wpguerssen-test.odoo.rgbconsulting.com\/es\/producto\/strange-house\/#primaryimage\"},\"image\":{\"@id\":\"https:\/\/wpguerssen-test.odoo.rgbconsulting.com\/es\/producto\/strange-house\/#primaryimage\"},\"thumbnailUrl\":\"https:\/\/wpguerssen-test.odoo.rgbconsulting.com\/wp-content\/uploads\/2023\/04\/41474.jpg\",\"datePublished\":\"2023-05-14T22:00:00+00:00\",\"dateModified\":\"2025-05-05T09:08:51+00:00\",\"description\":\"Formed in 1966 around lead singer Richard Shirman, The Attack were the ultimate freakbeat\/psychedelic band.We present a new, definitive edition of their famous \u201cFinal Daze\u201d recordings, focusing on on 1967-1968 stuff with John Cann as main songwriter (plus a never-before-on-vinyl track from \u201969, taken from a rare acetate), unlike previous editions that included early and post-Attack unrelated recordings.The result is a killer UK PSYCH sounding album featuring the impressive guitar of John Cann (Andromeda, Atomic Rooster\u2026) and it\u2019s the closer we can get to what the long rumoured to exist Attack\u2019s \u201cRoman God Of War\u201d unreleased LP could have sounded like. Including the classic mod-psych anthem \u201cMagic In The Air\u201d (dropped by their record label Decca for \u201cbeing too heavy\u201d), their unreleased monster hard-psych 45 'Feel Like Flying' \/ 'Freedom For You', the killer title track, the pre-Andromeda demos of \u201cToo Old\u201d and \u201cGo Your Way\u201d and more!*Insert with liner notes by Jon \u2018Mojo\u2019 Mills (Shindig!) and rare photos\u201cInhabiting a region of the sonic solar system somewhere between the Creation and the Small Faces, the Attack languished in comparative obscurity back in their day, only to be recognized decades later as one of the most exciting bands of the era.\u201d \u2013 Mike Stax (Ugly Things)Tracklist:Side 1: 1. Magic In The Air - 2. Mr. Pinnodmy's Dilemma - 3. Freedom For You - 4. Strange House - 5. Feel Like Flying - 6. Go Your WaySide 2: 1. Roll On - 2. Too Old - 3. Sleep Like A Child - 4. Now The Sun Shines - 5. Anything - 6. Go Your Way (Demo)\",\"breadcrumb\":{\"@id\":\"https:\/\/wpguerssen-test.odoo.rgbconsulting.com\/es\/producto\/strange-house\/#breadcrumb\"},\"inLanguage\":\"es\",\"potentialAction\":[{\"@type\":\"ReadAction\",\"target\":[\"https:\/\/wpguerssen-test.odoo.rgbconsulting.com\/es\/producto\/strange-house\/\"]}]},{\"@type\":\"ImageObject\",\"inLanguage\":\"es\",\"@id\":\"https:\/\/wpguerssen-test.odoo.rgbconsulting.com\/es\/producto\/strange-house\/#primaryimage\",\"url\":\"https:\/\/wpguerssen-test.odoo.rgbconsulting.com\/wp-content\/uploads\/2023\/04\/41474.jpg\",\"contentUrl\":\"https:\/\/wpguerssen-test.odoo.rgbconsulting.com\/wp-content\/uploads\/2023\/04\/41474.jpg\",\"width\":1400,\"height\":1400,\"caption\":\"The - Strange House - GUERSSEN (LP) | Guerssen\"},{\"@type\":\"BreadcrumbList\",\"@id\":\"https:\/\/wpguerssen-test.odoo.rgbconsulting.com\/es\/producto\/strange-house\/#breadcrumb\",\"itemListElement\":[{\"@type\":\"ListItem\",\"position\":1,\"name\":\"Inicio\",\"item\":\"https:\/\/wpguerssen-test.odoo.rgbconsulting.com\/es\/\"},{\"@type\":\"ListItem\",\"position\":2,\"name\":\"Shop\",\"item\":\"https:\/\/wpguerssen-test.odoo.rgbconsulting.com\/shop\/\"},{\"@type\":\"ListItem\",\"position\":3,\"name\":\"Strange House\"}]},{\"@type\":\"WebSite\",\"@id\":\"https:\/\/wpguerssen-test.odoo.rgbconsulting.com\/es\/#website\",\"url\":\"https:\/\/wpguerssen-test.odoo.rgbconsulting.com\/es\/\",\"name\":\"Guerssen records\",\"description\":\"psychedelia - progressive - folk - garage \",\"publisher\":{\"@id\":\"https:\/\/wpguerssen-test.odoo.rgbconsulting.com\/es\/#organization\"},\"potentialAction\":[{\"@type\":\"SearchAction\",\"target\":{\"@type\":\"EntryPoint\",\"urlTemplate\":\"https:\/\/wpguerssen-test.odoo.rgbconsulting.com\/es\/?s={search_term_string}\"},\"query-input\":{\"@type\":\"PropertyValueSpecification\",\"valueRequired\":true,\"valueName\":\"search_term_string\"}}],\"inLanguage\":\"es\"},{\"@type\":\"Organization\",\"@id\":\"https:\/\/wpguerssen-test.odoo.rgbconsulting.com\/es\/#organization\",\"name\":\"Guerssen records\",\"url\":\"https:\/\/wpguerssen-test.odoo.rgbconsulting.com\/es\/\",\"logo\":{\"@type\":\"ImageObject\",\"inLanguage\":\"es\",\"@id\":\"https:\/\/wpguerssen-test.odoo.rgbconsulting.com\/es\/#\/schema\/logo\/image\/\",\"url\":\"https:\/\/wpguerssen-test.odoo.rgbconsulting.com\/wp-content\/uploads\/2022\/04\/Logo_Guerssen_trans_100.png\",\"contentUrl\":\"https:\/\/wpguerssen-test.odoo.rgbconsulting.com\/wp-content\/uploads\/2022\/04\/Logo_Guerssen_trans_100.png\",\"width\":122,\"height\":100,\"caption\":\"Guerssen records\"},\"image\":{\"@id\":\"https:\/\/wpguerssen-test.odoo.rgbconsulting.com\/es\/#\/schema\/logo\/image\/\"}}]}<\/script>\n<!-- \/ Yoast SEO plugin. -->","yoast_head_json":{"title":"ATTACK, The - Strange House -  (LP) | Guerssen","description":"Formed in 1966 around lead singer Richard Shirman, The Attack were the ultimate freakbeat\/psychedelic band.We present a new, definitive edition of their famous \u201cFinal Daze\u201d recordings, focusing on on 1967-1968 stuff with John Cann as main songwriter (plus a never-before-on-vinyl track from \u201969, taken from a rare acetate), unlike previous editions that included early and post-Attack unrelated recordings.The result is a killer UK PSYCH sounding album featuring the impressive guitar of John Cann (Andromeda, Atomic Rooster\u2026) and it\u2019s the closer we can get to what the long rumoured to exist Attack\u2019s \u201cRoman God Of War\u201d unreleased LP could have sounded like. Including the classic mod-psych anthem \u201cMagic In The Air\u201d (dropped by their record label Decca for \u201cbeing too heavy\u201d), their unreleased monster hard-psych 45 'Feel Like Flying' \/ 'Freedom For You', the killer title track, the pre-Andromeda demos of \u201cToo Old\u201d and \u201cGo Your Way\u201d and more!*Insert with liner notes by Jon \u2018Mojo\u2019 Mills (Shindig!) and rare photos\u201cInhabiting a region of the sonic solar system somewhere between the Creation and the Small Faces, the Attack languished in comparative obscurity back in their day, only to be recognized decades later as one of the most exciting bands of the era.\u201d \u2013 Mike Stax (Ugly Things)Tracklist:Side 1: 1. Magic In The Air - 2. Mr. Pinnodmy's Dilemma - 3. Freedom For You - 4. Strange House - 5. Feel Like Flying - 6. Go Your WaySide 2: 1. Roll On - 2. Too Old - 3. Sleep Like A Child - 4. Now The Sun Shines - 5. Anything - 6. Go Your Way (Demo)","robots":{"index":"index","follow":"follow","max-snippet":"max-snippet:-1","max-image-preview":"max-image-preview:large","max-video-preview":"max-video-preview:-1"},"canonical":"https:\/\/wpguerssen-test.odoo.rgbconsulting.com\/es\/producto\/strange-house\/","og_locale":"es_ES","og_type":"article","og_title":"ATTACK, The - Strange House -  (LP) | Guerssen","og_description":"Formed in 1966 around lead singer Richard Shirman, The Attack were the ultimate freakbeat\/psychedelic band.We present a new, definitive edition of their famous \u201cFinal Daze\u201d recordings, focusing on on 1967-1968 stuff with John Cann as main songwriter (plus a never-before-on-vinyl track from \u201969, taken from a rare acetate), unlike previous editions that included early and post-Attack unrelated recordings.The result is a killer UK PSYCH sounding album featuring the impressive guitar of John Cann (Andromeda, Atomic Rooster\u2026) and it\u2019s the closer we can get to what the long rumoured to exist Attack\u2019s \u201cRoman God Of War\u201d unreleased LP could have sounded like. Including the classic mod-psych anthem \u201cMagic In The Air\u201d (dropped by their record label Decca for \u201cbeing too heavy\u201d), their unreleased monster hard-psych 45 'Feel Like Flying' \/ 'Freedom For You', the killer title track, the pre-Andromeda demos of \u201cToo Old\u201d and \u201cGo Your Way\u201d and more!*Insert with liner notes by Jon \u2018Mojo\u2019 Mills (Shindig!) and rare photos\u201cInhabiting a region of the sonic solar system somewhere between the Creation and the Small Faces, the Attack languished in comparative obscurity back in their day, only to be recognized decades later as one of the most exciting bands of the era.\u201d \u2013 Mike Stax (Ugly Things)Tracklist:Side 1: 1. Magic In The Air - 2. Mr. Pinnodmy's Dilemma - 3. Freedom For You - 4. Strange House - 5. Feel Like Flying - 6. Go Your WaySide 2: 1. Roll On - 2. Too Old - 3. Sleep Like A Child - 4. Now The Sun Shines - 5. Anything - 6. Go Your Way (Demo)","og_url":"https:\/\/wpguerssen-test.odoo.rgbconsulting.com\/es\/producto\/strange-house\/","og_site_name":"Guerssen records","article_modified_time":"2025-05-05T09:08:51+00:00","og_image":[{"width":1400,"height":1400,"url":"https:\/\/wpguerssen-test.odoo.rgbconsulting.com\/wp-content\/uploads\/2023\/04\/41474.jpg","type":"image\/jpeg"}],"twitter_card":"summary_large_image","twitter_title":"ATTACK, The - Strange House -  (LP) | Guerssen","twitter_misc":{"Tiempo de lectura":"2 minutos"},"schema":{"@context":"https:\/\/schema.org","@graph":[{"@type":"WebPage","@id":"https:\/\/wpguerssen-test.odoo.rgbconsulting.com\/es\/producto\/strange-house\/","url":"https:\/\/wpguerssen-test.odoo.rgbconsulting.com\/es\/producto\/strange-house\/","name":"ATTACK, The - Strange House - (LP) | Guerssen","isPartOf":{"@id":"https:\/\/wpguerssen-test.odoo.rgbconsulting.com\/es\/#website"},"primaryImageOfPage":{"@id":"https:\/\/wpguerssen-test.odoo.rgbconsulting.com\/es\/producto\/strange-house\/#primaryimage"},"image":{"@id":"https:\/\/wpguerssen-test.odoo.rgbconsulting.com\/es\/producto\/strange-house\/#primaryimage"},"thumbnailUrl":"https:\/\/wpguerssen-test.odoo.rgbconsulting.com\/wp-content\/uploads\/2023\/04\/41474.jpg","datePublished":"2023-05-14T22:00:00+00:00","dateModified":"2025-05-05T09:08:51+00:00","description":"Formed in 1966 around lead singer Richard Shirman, The Attack were the ultimate freakbeat\/psychedelic band.We present a new, definitive edition of their famous \u201cFinal Daze\u201d recordings, focusing on on 1967-1968 stuff with John Cann as main songwriter (plus a never-before-on-vinyl track from \u201969, taken from a rare acetate), unlike previous editions that included early and post-Attack unrelated recordings.The result is a killer UK PSYCH sounding album featuring the impressive guitar of John Cann (Andromeda, Atomic Rooster\u2026) and it\u2019s the closer we can get to what the long rumoured to exist Attack\u2019s \u201cRoman God Of War\u201d unreleased LP could have sounded like. Including the classic mod-psych anthem \u201cMagic In The Air\u201d (dropped by their record label Decca for \u201cbeing too heavy\u201d), their unreleased monster hard-psych 45 'Feel Like Flying' \/ 'Freedom For You', the killer title track, the pre-Andromeda demos of \u201cToo Old\u201d and \u201cGo Your Way\u201d and more!*Insert with liner notes by Jon \u2018Mojo\u2019 Mills (Shindig!) and rare photos\u201cInhabiting a region of the sonic solar system somewhere between the Creation and the Small Faces, the Attack languished in comparative obscurity back in their day, only to be recognized decades later as one of the most exciting bands of the era.\u201d \u2013 Mike Stax (Ugly Things)Tracklist:Side 1: 1. Magic In The Air - 2. Mr. Pinnodmy's Dilemma - 3. Freedom For You - 4. Strange House - 5. Feel Like Flying - 6. Go Your WaySide 2: 1. Roll On - 2. Too Old - 3. Sleep Like A Child - 4. Now The Sun Shines - 5. Anything - 6. Go Your Way (Demo)","breadcrumb":{"@id":"https:\/\/wpguerssen-test.odoo.rgbconsulting.com\/es\/producto\/strange-house\/#breadcrumb"},"inLanguage":"es","potentialAction":[{"@type":"ReadAction","target":["https:\/\/wpguerssen-test.odoo.rgbconsulting.com\/es\/producto\/strange-house\/"]}]},{"@type":"ImageObject","inLanguage":"es","@id":"https:\/\/wpguerssen-test.odoo.rgbconsulting.com\/es\/producto\/strange-house\/#primaryimage","url":"https:\/\/wpguerssen-test.odoo.rgbconsulting.com\/wp-content\/uploads\/2023\/04\/41474.jpg","contentUrl":"https:\/\/wpguerssen-test.odoo.rgbconsulting.com\/wp-content\/uploads\/2023\/04\/41474.jpg","width":1400,"height":1400,"caption":"The - Strange House - GUERSSEN (LP) | Guerssen"},{"@type":"BreadcrumbList","@id":"https:\/\/wpguerssen-test.odoo.rgbconsulting.com\/es\/producto\/strange-house\/#breadcrumb","itemListElement":[{"@type":"ListItem","position":1,"name":"Inicio","item":"https:\/\/wpguerssen-test.odoo.rgbconsulting.com\/es\/"},{"@type":"ListItem","position":2,"name":"Shop","item":"https:\/\/wpguerssen-test.odoo.rgbconsulting.com\/shop\/"},{"@type":"ListItem","position":3,"name":"Strange House"}]},{"@type":"WebSite","@id":"https:\/\/wpguerssen-test.odoo.rgbconsulting.com\/es\/#website","url":"https:\/\/wpguerssen-test.odoo.rgbconsulting.com\/es\/","name":"Guerssen records","description":"psychedelia - progressive - folk - garage ","publisher":{"@id":"https:\/\/wpguerssen-test.odoo.rgbconsulting.com\/es\/#organization"},"potentialAction":[{"@type":"SearchAction","target":{"@type":"EntryPoint","urlTemplate":"https:\/\/wpguerssen-test.odoo.rgbconsulting.com\/es\/?s={search_term_string}"},"query-input":{"@type":"PropertyValueSpecification","valueRequired":true,"valueName":"search_term_string"}}],"inLanguage":"es"},{"@type":"Organization","@id":"https:\/\/wpguerssen-test.odoo.rgbconsulting.com\/es\/#organization","name":"Guerssen records","url":"https:\/\/wpguerssen-test.odoo.rgbconsulting.com\/es\/","logo":{"@type":"ImageObject","inLanguage":"es","@id":"https:\/\/wpguerssen-test.odoo.rgbconsulting.com\/es\/#\/schema\/logo\/image\/","url":"https:\/\/wpguerssen-test.odoo.rgbconsulting.com\/wp-content\/uploads\/2022\/04\/Logo_Guerssen_trans_100.png","contentUrl":"https:\/\/wpguerssen-test.odoo.rgbconsulting.com\/wp-content\/uploads\/2022\/04\/Logo_Guerssen_trans_100.png","width":122,"height":100,"caption":"Guerssen records"},"image":{"@id":"https:\/\/wpguerssen-test.odoo.rgbconsulting.com\/es\/#\/schema\/logo\/image\/"}}]}},"_links":{"self":[{"href":"https:\/\/wpguerssen-test.odoo.rgbconsulting.com\/es\/wp-json\/wp\/v2\/product\/231001","targetHints":{"allow":["GET"]}}],"collection":[{"href":"https:\/\/wpguerssen-test.odoo.rgbconsulting.com\/es\/wp-json\/wp\/v2\/product"}],"about":[{"href":"https:\/\/wpguerssen-test.odoo.rgbconsulting.com\/es\/wp-json\/wp\/v2\/types\/product"}],"wp:featuredmedia":[{"embeddable":true,"href":"https:\/\/wpguerssen-test.odoo.rgbconsulting.com\/es\/wp-json\/wp\/v2\/media\/230982"}],"wp:attachment":[{"href":"https:\/\/wpguerssen-test.odoo.rgbconsulting.com\/es\/wp-json\/wp\/v2\/media?parent=231001"}],"wp:term":[{"taxonomy":"product_brand","embeddable":true,"href":"https:\/\/wpguerssen-test.odoo.rgbconsulting.com\/es\/wp-json\/wp\/v2\/product_brand?post=231001"},{"taxonomy":"product_cat","embeddable":true,"href":"https:\/\/wpguerssen-test.odoo.rgbconsulting.com\/es\/wp-json\/wp\/v2\/product_cat?post=231001"},{"taxonomy":"product_tag","embeddable":true,"href":"https:\/\/wpguerssen-test.odoo.rgbconsulting.com\/es\/wp-json\/wp\/v2\/product_tag?post=231001"}],"curies":[{"name":"wp","href":"https:\/\/api.w.org\/{rel}","templated":true}]}}