{"id":231168,"date":"2023-10-10T00:00:00","date_gmt":"2023-10-09T22:00:00","guid":{"rendered":"https:\/\/wpguerssen-test.odoo.rgbconsulting.com\/product\/story-of-wind-behind-left\/"},"modified":"2025-01-10T13:13:09","modified_gmt":"2025-01-10T12:13:09","slug":"story-of-wind-behind-left","status":"publish","type":"product","link":"https:\/\/wpguerssen-test.odoo.rgbconsulting.com\/es\/producto\/story-of-wind-behind-left\/","title":{"rendered":"Story Of Wind Behind Left"},"content":{"rendered":"<p>\u00a1NO EXPORTABLE A JAP\u00d3N!<br \/>Grabado en septiembre de 1975 en Columbia Studio, \u00abStory Of Wind Behind Left\u00bb es un poema sinf\u00f3nico en forma de suite. En el \u00e1lbum, Masahiko Togashi utiliza la m\u00fasica para comunicar los mismos sentimientos que evoca la naturaleza. El baterista demuestra habilidades \u00fanicas de composici\u00f3n e interpretaci\u00f3n en la forma en que imita los sonidos de la naturaleza o se inspira en la naturaleza misma para hacer m\u00fasica. Con \u00abStory Of Wind Behind Left\u00bb, Masahiko Togashi revolucion\u00f3 la escena del jazz japon\u00e9s. El registro incluye un insert con las notas originales traducidas al ingl\u00e9s.<\/p>\n","protected":false},"excerpt":{"rendered":"<p>\u00a1NO EXPORTABLE A JAP\u00d3N!<br \/>Grabado en septiembre de 1975 en Columbia Studio, \u00abStory Of Wind Behind Left\u00bb es un poema sinf\u00f3nico en forma de suite. En el \u00e1lbum,<a class=\"read\" href=\"https:\/\/wpguerssen-test.odoo.rgbconsulting.com\/es\/producto\/story-of-wind-behind-left\/\"> (...)<\/a>","protected":false},"featured_media":231147,"template":"","meta":{"_acf_changed":false},"product_brand":[],"product_cat":[23227],"product_tag":[],"class_list":{"0":"post-231168","1":"product","2":"type-product","3":"status-publish","4":"has-post-thumbnail","6":"product_cat-jazz-es","7":"pa_artist-togashi-masahiko","8":"pa_format-lp-es","9":"pa_gender-jazz","10":"pa_label-cinedelic","11":"pa_location-asia-es","12":"pa_other-filters-vinyl-only-es","14":"first","15":"instock","16":"taxable","17":"shipping-taxable","18":"purchasable","19":"product-type-simple"},"acf":[],"yoast_head":"<!-- This site is optimized with the Yoast SEO plugin v24.9 - https:\/\/yoast.com\/wordpress\/plugins\/seo\/ -->\n<title>TOGASHI, Masahiko - Story Of Wind Behind Left -  (LP) | Guerssen<\/title>\n<meta name=\"description\" content=\"NOT EXPORTABLE TO JAPAN!Recorded in September 1975 at Columbia Studio, &quot;Story Of Wind Behind Left&quot; is a symphonic poem in the shape of a suite. In the album, Masahiko Togashi uses music to communicate the same feelings evoked by nature. The drummer demonstrates unique composition and performance skills in the way he imitates the sounds of nature or takes inspiration from nature itself to make music. With &quot;Story Of Wind Behind Left,&quot; Masahiko Togashi revolutionized the Japanese jazz scene. The record includes an insert with the original liner notes translated into English.\" \/>\n<meta name=\"robots\" content=\"index, follow, max-snippet:-1, max-image-preview:large, max-video-preview:-1\" \/>\n<link rel=\"canonical\" href=\"https:\/\/wpguerssen-test.odoo.rgbconsulting.com\/es\/producto\/story-of-wind-behind-left\/\" \/>\n<meta property=\"og:locale\" content=\"es_ES\" \/>\n<meta property=\"og:type\" content=\"article\" \/>\n<meta property=\"og:title\" content=\"TOGASHI, Masahiko - Story Of Wind Behind Left -  (LP) | Guerssen\" \/>\n<meta property=\"og:description\" content=\"NOT EXPORTABLE TO JAPAN!Recorded in September 1975 at Columbia Studio, &quot;Story Of Wind Behind Left&quot; is a symphonic poem in the shape of a suite. In the album, Masahiko Togashi uses music to communicate the same feelings evoked by nature. The drummer demonstrates unique composition and performance skills in the way he imitates the sounds of nature or takes inspiration from nature itself to make music. With &quot;Story Of Wind Behind Left,&quot; Masahiko Togashi revolutionized the Japanese jazz scene. The record includes an insert with the original liner notes translated into English.\" \/>\n<meta property=\"og:url\" content=\"https:\/\/wpguerssen-test.odoo.rgbconsulting.com\/es\/producto\/story-of-wind-behind-left\/\" \/>\n<meta property=\"og:site_name\" content=\"Guerssen records\" \/>\n<meta property=\"article:modified_time\" content=\"2025-01-10T12:13:09+00:00\" \/>\n<meta property=\"og:image\" content=\"https:\/\/wpguerssen-test.odoo.rgbconsulting.com\/wp-content\/uploads\/2023\/04\/43443.jpg\" \/>\n\t<meta property=\"og:image:width\" content=\"1600\" \/>\n\t<meta property=\"og:image:height\" content=\"1585\" \/>\n\t<meta property=\"og:image:type\" content=\"image\/jpeg\" \/>\n<meta name=\"twitter:card\" content=\"summary_large_image\" \/>\n<meta name=\"twitter:title\" content=\"TOGASHI, Masahiko - Story Of Wind Behind Left -  (LP) | Guerssen\" \/>\n<meta name=\"twitter:label1\" content=\"Tiempo de lectura\" \/>\n\t<meta name=\"twitter:data1\" content=\"1 minuto\" \/>\n<script type=\"application\/ld+json\" class=\"yoast-schema-graph\">{\"@context\":\"https:\/\/schema.org\",\"@graph\":[{\"@type\":\"WebPage\",\"@id\":\"https:\/\/wpguerssen-test.odoo.rgbconsulting.com\/es\/producto\/story-of-wind-behind-left\/\",\"url\":\"https:\/\/wpguerssen-test.odoo.rgbconsulting.com\/es\/producto\/story-of-wind-behind-left\/\",\"name\":\"TOGASHI, Masahiko - Story Of Wind Behind Left - (LP) | Guerssen\",\"isPartOf\":{\"@id\":\"https:\/\/wpguerssen-test.odoo.rgbconsulting.com\/es\/#website\"},\"primaryImageOfPage\":{\"@id\":\"https:\/\/wpguerssen-test.odoo.rgbconsulting.com\/es\/producto\/story-of-wind-behind-left\/#primaryimage\"},\"image\":{\"@id\":\"https:\/\/wpguerssen-test.odoo.rgbconsulting.com\/es\/producto\/story-of-wind-behind-left\/#primaryimage\"},\"thumbnailUrl\":\"https:\/\/wpguerssen-test.odoo.rgbconsulting.com\/wp-content\/uploads\/2023\/04\/43443.jpg\",\"datePublished\":\"2023-10-09T22:00:00+00:00\",\"dateModified\":\"2025-01-10T12:13:09+00:00\",\"description\":\"NOT EXPORTABLE TO JAPAN!Recorded in September 1975 at Columbia Studio, \\\"Story Of Wind Behind Left\\\" is a symphonic poem in the shape of a suite. In the album, Masahiko Togashi uses music to communicate the same feelings evoked by nature. The drummer demonstrates unique composition and performance skills in the way he imitates the sounds of nature or takes inspiration from nature itself to make music. With \\\"Story Of Wind Behind Left,\\\" Masahiko Togashi revolutionized the Japanese jazz scene. The record includes an insert with the original liner notes translated into English.\",\"breadcrumb\":{\"@id\":\"https:\/\/wpguerssen-test.odoo.rgbconsulting.com\/es\/producto\/story-of-wind-behind-left\/#breadcrumb\"},\"inLanguage\":\"es\",\"potentialAction\":[{\"@type\":\"ReadAction\",\"target\":[\"https:\/\/wpguerssen-test.odoo.rgbconsulting.com\/es\/producto\/story-of-wind-behind-left\/\"]}]},{\"@type\":\"ImageObject\",\"inLanguage\":\"es\",\"@id\":\"https:\/\/wpguerssen-test.odoo.rgbconsulting.com\/es\/producto\/story-of-wind-behind-left\/#primaryimage\",\"url\":\"https:\/\/wpguerssen-test.odoo.rgbconsulting.com\/wp-content\/uploads\/2023\/04\/43443.jpg\",\"contentUrl\":\"https:\/\/wpguerssen-test.odoo.rgbconsulting.com\/wp-content\/uploads\/2023\/04\/43443.jpg\",\"width\":1600,\"height\":1585,\"caption\":\"Masahiko - Story Of Wind Behind Left - CINEDELIC (LP) | Guerssen\"},{\"@type\":\"BreadcrumbList\",\"@id\":\"https:\/\/wpguerssen-test.odoo.rgbconsulting.com\/es\/producto\/story-of-wind-behind-left\/#breadcrumb\",\"itemListElement\":[{\"@type\":\"ListItem\",\"position\":1,\"name\":\"Inicio\",\"item\":\"https:\/\/wpguerssen-test.odoo.rgbconsulting.com\/es\/\"},{\"@type\":\"ListItem\",\"position\":2,\"name\":\"Shop\",\"item\":\"https:\/\/wpguerssen-test.odoo.rgbconsulting.com\/shop\/\"},{\"@type\":\"ListItem\",\"position\":3,\"name\":\"Story Of Wind Behind Left\"}]},{\"@type\":\"WebSite\",\"@id\":\"https:\/\/wpguerssen-test.odoo.rgbconsulting.com\/es\/#website\",\"url\":\"https:\/\/wpguerssen-test.odoo.rgbconsulting.com\/es\/\",\"name\":\"Guerssen records\",\"description\":\"psychedelia - progressive - folk - garage \",\"publisher\":{\"@id\":\"https:\/\/wpguerssen-test.odoo.rgbconsulting.com\/es\/#organization\"},\"potentialAction\":[{\"@type\":\"SearchAction\",\"target\":{\"@type\":\"EntryPoint\",\"urlTemplate\":\"https:\/\/wpguerssen-test.odoo.rgbconsulting.com\/es\/?s={search_term_string}\"},\"query-input\":{\"@type\":\"PropertyValueSpecification\",\"valueRequired\":true,\"valueName\":\"search_term_string\"}}],\"inLanguage\":\"es\"},{\"@type\":\"Organization\",\"@id\":\"https:\/\/wpguerssen-test.odoo.rgbconsulting.com\/es\/#organization\",\"name\":\"Guerssen records\",\"url\":\"https:\/\/wpguerssen-test.odoo.rgbconsulting.com\/es\/\",\"logo\":{\"@type\":\"ImageObject\",\"inLanguage\":\"es\",\"@id\":\"https:\/\/wpguerssen-test.odoo.rgbconsulting.com\/es\/#\/schema\/logo\/image\/\",\"url\":\"https:\/\/wpguerssen-test.odoo.rgbconsulting.com\/wp-content\/uploads\/2022\/04\/Logo_Guerssen_trans_100.png\",\"contentUrl\":\"https:\/\/wpguerssen-test.odoo.rgbconsulting.com\/wp-content\/uploads\/2022\/04\/Logo_Guerssen_trans_100.png\",\"width\":122,\"height\":100,\"caption\":\"Guerssen records\"},\"image\":{\"@id\":\"https:\/\/wpguerssen-test.odoo.rgbconsulting.com\/es\/#\/schema\/logo\/image\/\"}}]}<\/script>\n<!-- \/ Yoast SEO plugin. -->","yoast_head_json":{"title":"TOGASHI, Masahiko - Story Of Wind Behind Left -  (LP) | Guerssen","description":"NOT EXPORTABLE TO JAPAN!Recorded in September 1975 at Columbia Studio, \"Story Of Wind Behind Left\" is a symphonic poem in the shape of a suite. In the album, Masahiko Togashi uses music to communicate the same feelings evoked by nature. The drummer demonstrates unique composition and performance skills in the way he imitates the sounds of nature or takes inspiration from nature itself to make music. With \"Story Of Wind Behind Left,\" Masahiko Togashi revolutionized the Japanese jazz scene. The record includes an insert with the original liner notes translated into English.","robots":{"index":"index","follow":"follow","max-snippet":"max-snippet:-1","max-image-preview":"max-image-preview:large","max-video-preview":"max-video-preview:-1"},"canonical":"https:\/\/wpguerssen-test.odoo.rgbconsulting.com\/es\/producto\/story-of-wind-behind-left\/","og_locale":"es_ES","og_type":"article","og_title":"TOGASHI, Masahiko - Story Of Wind Behind Left -  (LP) | Guerssen","og_description":"NOT EXPORTABLE TO JAPAN!Recorded in September 1975 at Columbia Studio, \"Story Of Wind Behind Left\" is a symphonic poem in the shape of a suite. In the album, Masahiko Togashi uses music to communicate the same feelings evoked by nature. The drummer demonstrates unique composition and performance skills in the way he imitates the sounds of nature or takes inspiration from nature itself to make music. With \"Story Of Wind Behind Left,\" Masahiko Togashi revolutionized the Japanese jazz scene. The record includes an insert with the original liner notes translated into English.","og_url":"https:\/\/wpguerssen-test.odoo.rgbconsulting.com\/es\/producto\/story-of-wind-behind-left\/","og_site_name":"Guerssen records","article_modified_time":"2025-01-10T12:13:09+00:00","og_image":[{"width":1600,"height":1585,"url":"https:\/\/wpguerssen-test.odoo.rgbconsulting.com\/wp-content\/uploads\/2023\/04\/43443.jpg","type":"image\/jpeg"}],"twitter_card":"summary_large_image","twitter_title":"TOGASHI, Masahiko - Story Of Wind Behind Left -  (LP) | Guerssen","twitter_misc":{"Tiempo de lectura":"1 minuto"},"schema":{"@context":"https:\/\/schema.org","@graph":[{"@type":"WebPage","@id":"https:\/\/wpguerssen-test.odoo.rgbconsulting.com\/es\/producto\/story-of-wind-behind-left\/","url":"https:\/\/wpguerssen-test.odoo.rgbconsulting.com\/es\/producto\/story-of-wind-behind-left\/","name":"TOGASHI, Masahiko - Story Of Wind Behind Left - (LP) | Guerssen","isPartOf":{"@id":"https:\/\/wpguerssen-test.odoo.rgbconsulting.com\/es\/#website"},"primaryImageOfPage":{"@id":"https:\/\/wpguerssen-test.odoo.rgbconsulting.com\/es\/producto\/story-of-wind-behind-left\/#primaryimage"},"image":{"@id":"https:\/\/wpguerssen-test.odoo.rgbconsulting.com\/es\/producto\/story-of-wind-behind-left\/#primaryimage"},"thumbnailUrl":"https:\/\/wpguerssen-test.odoo.rgbconsulting.com\/wp-content\/uploads\/2023\/04\/43443.jpg","datePublished":"2023-10-09T22:00:00+00:00","dateModified":"2025-01-10T12:13:09+00:00","description":"NOT EXPORTABLE TO JAPAN!Recorded in September 1975 at Columbia Studio, \"Story Of Wind Behind Left\" is a symphonic poem in the shape of a suite. In the album, Masahiko Togashi uses music to communicate the same feelings evoked by nature. The drummer demonstrates unique composition and performance skills in the way he imitates the sounds of nature or takes inspiration from nature itself to make music. With \"Story Of Wind Behind Left,\" Masahiko Togashi revolutionized the Japanese jazz scene. The record includes an insert with the original liner notes translated into English.","breadcrumb":{"@id":"https:\/\/wpguerssen-test.odoo.rgbconsulting.com\/es\/producto\/story-of-wind-behind-left\/#breadcrumb"},"inLanguage":"es","potentialAction":[{"@type":"ReadAction","target":["https:\/\/wpguerssen-test.odoo.rgbconsulting.com\/es\/producto\/story-of-wind-behind-left\/"]}]},{"@type":"ImageObject","inLanguage":"es","@id":"https:\/\/wpguerssen-test.odoo.rgbconsulting.com\/es\/producto\/story-of-wind-behind-left\/#primaryimage","url":"https:\/\/wpguerssen-test.odoo.rgbconsulting.com\/wp-content\/uploads\/2023\/04\/43443.jpg","contentUrl":"https:\/\/wpguerssen-test.odoo.rgbconsulting.com\/wp-content\/uploads\/2023\/04\/43443.jpg","width":1600,"height":1585,"caption":"Masahiko - Story Of Wind Behind Left - CINEDELIC (LP) | Guerssen"},{"@type":"BreadcrumbList","@id":"https:\/\/wpguerssen-test.odoo.rgbconsulting.com\/es\/producto\/story-of-wind-behind-left\/#breadcrumb","itemListElement":[{"@type":"ListItem","position":1,"name":"Inicio","item":"https:\/\/wpguerssen-test.odoo.rgbconsulting.com\/es\/"},{"@type":"ListItem","position":2,"name":"Shop","item":"https:\/\/wpguerssen-test.odoo.rgbconsulting.com\/shop\/"},{"@type":"ListItem","position":3,"name":"Story Of Wind Behind Left"}]},{"@type":"WebSite","@id":"https:\/\/wpguerssen-test.odoo.rgbconsulting.com\/es\/#website","url":"https:\/\/wpguerssen-test.odoo.rgbconsulting.com\/es\/","name":"Guerssen records","description":"psychedelia - progressive - folk - garage ","publisher":{"@id":"https:\/\/wpguerssen-test.odoo.rgbconsulting.com\/es\/#organization"},"potentialAction":[{"@type":"SearchAction","target":{"@type":"EntryPoint","urlTemplate":"https:\/\/wpguerssen-test.odoo.rgbconsulting.com\/es\/?s={search_term_string}"},"query-input":{"@type":"PropertyValueSpecification","valueRequired":true,"valueName":"search_term_string"}}],"inLanguage":"es"},{"@type":"Organization","@id":"https:\/\/wpguerssen-test.odoo.rgbconsulting.com\/es\/#organization","name":"Guerssen records","url":"https:\/\/wpguerssen-test.odoo.rgbconsulting.com\/es\/","logo":{"@type":"ImageObject","inLanguage":"es","@id":"https:\/\/wpguerssen-test.odoo.rgbconsulting.com\/es\/#\/schema\/logo\/image\/","url":"https:\/\/wpguerssen-test.odoo.rgbconsulting.com\/wp-content\/uploads\/2022\/04\/Logo_Guerssen_trans_100.png","contentUrl":"https:\/\/wpguerssen-test.odoo.rgbconsulting.com\/wp-content\/uploads\/2022\/04\/Logo_Guerssen_trans_100.png","width":122,"height":100,"caption":"Guerssen records"},"image":{"@id":"https:\/\/wpguerssen-test.odoo.rgbconsulting.com\/es\/#\/schema\/logo\/image\/"}}]}},"_links":{"self":[{"href":"https:\/\/wpguerssen-test.odoo.rgbconsulting.com\/es\/wp-json\/wp\/v2\/product\/231168","targetHints":{"allow":["GET"]}}],"collection":[{"href":"https:\/\/wpguerssen-test.odoo.rgbconsulting.com\/es\/wp-json\/wp\/v2\/product"}],"about":[{"href":"https:\/\/wpguerssen-test.odoo.rgbconsulting.com\/es\/wp-json\/wp\/v2\/types\/product"}],"wp:featuredmedia":[{"embeddable":true,"href":"https:\/\/wpguerssen-test.odoo.rgbconsulting.com\/es\/wp-json\/wp\/v2\/media\/231147"}],"wp:attachment":[{"href":"https:\/\/wpguerssen-test.odoo.rgbconsulting.com\/es\/wp-json\/wp\/v2\/media?parent=231168"}],"wp:term":[{"taxonomy":"product_brand","embeddable":true,"href":"https:\/\/wpguerssen-test.odoo.rgbconsulting.com\/es\/wp-json\/wp\/v2\/product_brand?post=231168"},{"taxonomy":"product_cat","embeddable":true,"href":"https:\/\/wpguerssen-test.odoo.rgbconsulting.com\/es\/wp-json\/wp\/v2\/product_cat?post=231168"},{"taxonomy":"product_tag","embeddable":true,"href":"https:\/\/wpguerssen-test.odoo.rgbconsulting.com\/es\/wp-json\/wp\/v2\/product_tag?post=231168"}],"curies":[{"name":"wp","href":"https:\/\/api.w.org\/{rel}","templated":true}]}}