{"id":231216,"date":"2025-01-07T00:00:00","date_gmt":"2025-01-06T23:00:00","guid":{"rendered":"https:\/\/wpguerssen-test.odoo.rgbconsulting.com\/product\/strange-terrain\/"},"modified":"2025-04-29T13:34:00","modified_gmt":"2025-04-29T11:34:00","slug":"strange-terrain","status":"publish","type":"product","link":"https:\/\/wpguerssen-test.odoo.rgbconsulting.com\/es\/producto\/strange-terrain\/","title":{"rendered":"Strange Terrain"},"content":{"rendered":"<p>Despu\u00e9s de salir de Buster Summers Express, el compositor y multiinstrumentista residente en Leeds Derek Noy form\u00f3 Jan Dukes De Grey con el m\u00fasico de instrumentos de viento Michael Bairstow, y pronto abri\u00f3 para Pink Floyd and the Who, aunque los LP Sorcerer y la obra maestra del folk \u00e1cido Mice And Rats In The Loft se vendi\u00f3 mal. Despu\u00e9s de los cambios de formaci\u00f3n, en 1977, Noy reuni\u00f3 a un nuevo equipo para Strange Terrain, cortado en Brittania Row con Roger Waters como coproductor, pero la curiosa mezcla de post-prog, acid rock y punk del \u00e1lbum se consider\u00f3 inadecuada para su lanzamiento hasta 2010. ! Esta edici\u00f3n comprende el LP original completo, tal como se entreg\u00f3 en el momento de la grabaci\u00f3n. \u00a1B\u00e1sico!<\/p>\n","protected":false},"excerpt":{"rendered":"<p>Despu\u00e9s de salir de Buster Summers Express, el compositor y multiinstrumentista residente en Leeds Derek Noy form\u00f3 Jan Dukes De Grey con el m\u00fasico de instrumentos<a class=\"read\" href=\"https:\/\/wpguerssen-test.odoo.rgbconsulting.com\/es\/producto\/strange-terrain\/\"> (...)<\/a>","protected":false},"featured_media":231327,"template":"","meta":{"_acf_changed":false},"product_brand":[],"product_cat":[21639,23274],"product_tag":[24185,24190],"class_list":{"0":"post-231216","1":"product","2":"type-product","3":"status-publish","4":"has-post-thumbnail","6":"product_cat-psychedelic60s-70s-es","7":"product_cat-folk-rock-60s-70s-es","8":"product_tag-de-nuevo-en-existencia","9":"product_tag-sales-es","10":"pa_artist-jan-dukes-de-grey","11":"pa_format-lp-es","12":"pa_gender-folk-rock-60s-70s-psychedelic60s-70s","13":"pa_label-trading-places","14":"pa_location-uk-ireland-es","15":"pa_other-filters-vinyl-only-es","17":"first","18":"instock","19":"taxable","20":"shipping-taxable","21":"purchasable","22":"product-type-simple"},"acf":[],"yoast_head":"<!-- This site is optimized with the Yoast SEO plugin v24.9 - https:\/\/yoast.com\/wordpress\/plugins\/seo\/ -->\n<title>JAN DUKES DE GREY - Strange Terrain -  (LP) | Guerssen<\/title>\n<meta name=\"description\" content=\"After exiting Buster Summers Express, Leeds-based songwriter\/multi-instrumentalist Derek Noy formed Jan Dukes De Grey with woodwinds player, Michael Bairstow, soon opening for Pink Floyd and the Who, though LPs Sorcerer and acid folk masterpiece Mice And Rats In The Loft sold poorly. After line-up changes, in 1977, Noy assembled a new crew for Strange Terrain, cut at Brittania Row with Roger Waters co-producing, but the album&#039;s curious mix of post-prog, acid rock and punk was deemed unsuitable for release until 2010! This edition comprises the complete original LP, just as delivered at its time of recording. Essential!\" \/>\n<meta name=\"robots\" content=\"index, follow, max-snippet:-1, max-image-preview:large, max-video-preview:-1\" \/>\n<link rel=\"canonical\" href=\"https:\/\/wpguerssen-test.odoo.rgbconsulting.com\/es\/producto\/strange-terrain\/\" \/>\n<meta property=\"og:locale\" content=\"es_ES\" \/>\n<meta property=\"og:type\" content=\"article\" \/>\n<meta property=\"og:title\" content=\"JAN DUKES DE GREY - Strange Terrain -  (LP) | Guerssen\" \/>\n<meta property=\"og:description\" content=\"After exiting Buster Summers Express, Leeds-based songwriter\/multi-instrumentalist Derek Noy formed Jan Dukes De Grey with woodwinds player, Michael Bairstow, soon opening for Pink Floyd and the Who, though LPs Sorcerer and acid folk masterpiece Mice And Rats In The Loft sold poorly. After line-up changes, in 1977, Noy assembled a new crew for Strange Terrain, cut at Brittania Row with Roger Waters co-producing, but the album&#039;s curious mix of post-prog, acid rock and punk was deemed unsuitable for release until 2010! This edition comprises the complete original LP, just as delivered at its time of recording. Essential!\" \/>\n<meta property=\"og:url\" content=\"https:\/\/wpguerssen-test.odoo.rgbconsulting.com\/es\/producto\/strange-terrain\/\" \/>\n<meta property=\"og:site_name\" content=\"Guerssen records\" \/>\n<meta property=\"article:modified_time\" content=\"2025-04-29T11:34:00+00:00\" \/>\n<meta property=\"og:image\" content=\"https:\/\/wpguerssen-test.odoo.rgbconsulting.com\/wp-content\/uploads\/2023\/04\/43454.jpg\" \/>\n\t<meta property=\"og:image:width\" content=\"945\" \/>\n\t<meta property=\"og:image:height\" content=\"945\" \/>\n\t<meta property=\"og:image:type\" content=\"image\/jpeg\" \/>\n<meta name=\"twitter:card\" content=\"summary_large_image\" \/>\n<meta name=\"twitter:title\" content=\"JAN DUKES DE GREY - Strange Terrain -  (LP) | Guerssen\" \/>\n<meta name=\"twitter:label1\" content=\"Tiempo de lectura\" \/>\n\t<meta name=\"twitter:data1\" content=\"1 minuto\" \/>\n<script type=\"application\/ld+json\" class=\"yoast-schema-graph\">{\"@context\":\"https:\/\/schema.org\",\"@graph\":[{\"@type\":\"WebPage\",\"@id\":\"https:\/\/wpguerssen-test.odoo.rgbconsulting.com\/es\/producto\/strange-terrain\/\",\"url\":\"https:\/\/wpguerssen-test.odoo.rgbconsulting.com\/es\/producto\/strange-terrain\/\",\"name\":\"JAN DUKES DE GREY - Strange Terrain - (LP) | Guerssen\",\"isPartOf\":{\"@id\":\"https:\/\/wpguerssen-test.odoo.rgbconsulting.com\/es\/#website\"},\"primaryImageOfPage\":{\"@id\":\"https:\/\/wpguerssen-test.odoo.rgbconsulting.com\/es\/producto\/strange-terrain\/#primaryimage\"},\"image\":{\"@id\":\"https:\/\/wpguerssen-test.odoo.rgbconsulting.com\/es\/producto\/strange-terrain\/#primaryimage\"},\"thumbnailUrl\":\"https:\/\/wpguerssen-test.odoo.rgbconsulting.com\/wp-content\/uploads\/2023\/04\/43454.jpg\",\"datePublished\":\"2025-01-06T23:00:00+00:00\",\"dateModified\":\"2025-04-29T11:34:00+00:00\",\"description\":\"After exiting Buster Summers Express, Leeds-based songwriter\/multi-instrumentalist Derek Noy formed Jan Dukes De Grey with woodwinds player, Michael Bairstow, soon opening for Pink Floyd and the Who, though LPs Sorcerer and acid folk masterpiece Mice And Rats In The Loft sold poorly. After line-up changes, in 1977, Noy assembled a new crew for Strange Terrain, cut at Brittania Row with Roger Waters co-producing, but the album's curious mix of post-prog, acid rock and punk was deemed unsuitable for release until 2010! This edition comprises the complete original LP, just as delivered at its time of recording. Essential!\",\"breadcrumb\":{\"@id\":\"https:\/\/wpguerssen-test.odoo.rgbconsulting.com\/es\/producto\/strange-terrain\/#breadcrumb\"},\"inLanguage\":\"es\",\"potentialAction\":[{\"@type\":\"ReadAction\",\"target\":[\"https:\/\/wpguerssen-test.odoo.rgbconsulting.com\/es\/producto\/strange-terrain\/\"]}]},{\"@type\":\"ImageObject\",\"inLanguage\":\"es\",\"@id\":\"https:\/\/wpguerssen-test.odoo.rgbconsulting.com\/es\/producto\/strange-terrain\/#primaryimage\",\"url\":\"https:\/\/wpguerssen-test.odoo.rgbconsulting.com\/wp-content\/uploads\/2023\/04\/43454.jpg\",\"contentUrl\":\"https:\/\/wpguerssen-test.odoo.rgbconsulting.com\/wp-content\/uploads\/2023\/04\/43454.jpg\",\"width\":945,\"height\":945},{\"@type\":\"BreadcrumbList\",\"@id\":\"https:\/\/wpguerssen-test.odoo.rgbconsulting.com\/es\/producto\/strange-terrain\/#breadcrumb\",\"itemListElement\":[{\"@type\":\"ListItem\",\"position\":1,\"name\":\"Inicio\",\"item\":\"https:\/\/wpguerssen-test.odoo.rgbconsulting.com\/es\/\"},{\"@type\":\"ListItem\",\"position\":2,\"name\":\"Shop\",\"item\":\"https:\/\/wpguerssen-test.odoo.rgbconsulting.com\/shop\/\"},{\"@type\":\"ListItem\",\"position\":3,\"name\":\"Strange Terrain\"}]},{\"@type\":\"WebSite\",\"@id\":\"https:\/\/wpguerssen-test.odoo.rgbconsulting.com\/es\/#website\",\"url\":\"https:\/\/wpguerssen-test.odoo.rgbconsulting.com\/es\/\",\"name\":\"Guerssen records\",\"description\":\"psychedelia - progressive - folk - garage \",\"publisher\":{\"@id\":\"https:\/\/wpguerssen-test.odoo.rgbconsulting.com\/es\/#organization\"},\"potentialAction\":[{\"@type\":\"SearchAction\",\"target\":{\"@type\":\"EntryPoint\",\"urlTemplate\":\"https:\/\/wpguerssen-test.odoo.rgbconsulting.com\/es\/?s={search_term_string}\"},\"query-input\":{\"@type\":\"PropertyValueSpecification\",\"valueRequired\":true,\"valueName\":\"search_term_string\"}}],\"inLanguage\":\"es\"},{\"@type\":\"Organization\",\"@id\":\"https:\/\/wpguerssen-test.odoo.rgbconsulting.com\/es\/#organization\",\"name\":\"Guerssen records\",\"url\":\"https:\/\/wpguerssen-test.odoo.rgbconsulting.com\/es\/\",\"logo\":{\"@type\":\"ImageObject\",\"inLanguage\":\"es\",\"@id\":\"https:\/\/wpguerssen-test.odoo.rgbconsulting.com\/es\/#\/schema\/logo\/image\/\",\"url\":\"https:\/\/wpguerssen-test.odoo.rgbconsulting.com\/wp-content\/uploads\/2022\/04\/Logo_Guerssen_trans_100.png\",\"contentUrl\":\"https:\/\/wpguerssen-test.odoo.rgbconsulting.com\/wp-content\/uploads\/2022\/04\/Logo_Guerssen_trans_100.png\",\"width\":122,\"height\":100,\"caption\":\"Guerssen records\"},\"image\":{\"@id\":\"https:\/\/wpguerssen-test.odoo.rgbconsulting.com\/es\/#\/schema\/logo\/image\/\"}}]}<\/script>\n<!-- \/ Yoast SEO plugin. -->","yoast_head_json":{"title":"JAN DUKES DE GREY - Strange Terrain -  (LP) | Guerssen","description":"After exiting Buster Summers Express, Leeds-based songwriter\/multi-instrumentalist Derek Noy formed Jan Dukes De Grey with woodwinds player, Michael Bairstow, soon opening for Pink Floyd and the Who, though LPs Sorcerer and acid folk masterpiece Mice And Rats In The Loft sold poorly. After line-up changes, in 1977, Noy assembled a new crew for Strange Terrain, cut at Brittania Row with Roger Waters co-producing, but the album's curious mix of post-prog, acid rock and punk was deemed unsuitable for release until 2010! This edition comprises the complete original LP, just as delivered at its time of recording. Essential!","robots":{"index":"index","follow":"follow","max-snippet":"max-snippet:-1","max-image-preview":"max-image-preview:large","max-video-preview":"max-video-preview:-1"},"canonical":"https:\/\/wpguerssen-test.odoo.rgbconsulting.com\/es\/producto\/strange-terrain\/","og_locale":"es_ES","og_type":"article","og_title":"JAN DUKES DE GREY - Strange Terrain -  (LP) | Guerssen","og_description":"After exiting Buster Summers Express, Leeds-based songwriter\/multi-instrumentalist Derek Noy formed Jan Dukes De Grey with woodwinds player, Michael Bairstow, soon opening for Pink Floyd and the Who, though LPs Sorcerer and acid folk masterpiece Mice And Rats In The Loft sold poorly. After line-up changes, in 1977, Noy assembled a new crew for Strange Terrain, cut at Brittania Row with Roger Waters co-producing, but the album's curious mix of post-prog, acid rock and punk was deemed unsuitable for release until 2010! This edition comprises the complete original LP, just as delivered at its time of recording. Essential!","og_url":"https:\/\/wpguerssen-test.odoo.rgbconsulting.com\/es\/producto\/strange-terrain\/","og_site_name":"Guerssen records","article_modified_time":"2025-04-29T11:34:00+00:00","og_image":[{"width":945,"height":945,"url":"https:\/\/wpguerssen-test.odoo.rgbconsulting.com\/wp-content\/uploads\/2023\/04\/43454.jpg","type":"image\/jpeg"}],"twitter_card":"summary_large_image","twitter_title":"JAN DUKES DE GREY - Strange Terrain -  (LP) | Guerssen","twitter_misc":{"Tiempo de lectura":"1 minuto"},"schema":{"@context":"https:\/\/schema.org","@graph":[{"@type":"WebPage","@id":"https:\/\/wpguerssen-test.odoo.rgbconsulting.com\/es\/producto\/strange-terrain\/","url":"https:\/\/wpguerssen-test.odoo.rgbconsulting.com\/es\/producto\/strange-terrain\/","name":"JAN DUKES DE GREY - Strange Terrain - (LP) | Guerssen","isPartOf":{"@id":"https:\/\/wpguerssen-test.odoo.rgbconsulting.com\/es\/#website"},"primaryImageOfPage":{"@id":"https:\/\/wpguerssen-test.odoo.rgbconsulting.com\/es\/producto\/strange-terrain\/#primaryimage"},"image":{"@id":"https:\/\/wpguerssen-test.odoo.rgbconsulting.com\/es\/producto\/strange-terrain\/#primaryimage"},"thumbnailUrl":"https:\/\/wpguerssen-test.odoo.rgbconsulting.com\/wp-content\/uploads\/2023\/04\/43454.jpg","datePublished":"2025-01-06T23:00:00+00:00","dateModified":"2025-04-29T11:34:00+00:00","description":"After exiting Buster Summers Express, Leeds-based songwriter\/multi-instrumentalist Derek Noy formed Jan Dukes De Grey with woodwinds player, Michael Bairstow, soon opening for Pink Floyd and the Who, though LPs Sorcerer and acid folk masterpiece Mice And Rats In The Loft sold poorly. After line-up changes, in 1977, Noy assembled a new crew for Strange Terrain, cut at Brittania Row with Roger Waters co-producing, but the album's curious mix of post-prog, acid rock and punk was deemed unsuitable for release until 2010! This edition comprises the complete original LP, just as delivered at its time of recording. Essential!","breadcrumb":{"@id":"https:\/\/wpguerssen-test.odoo.rgbconsulting.com\/es\/producto\/strange-terrain\/#breadcrumb"},"inLanguage":"es","potentialAction":[{"@type":"ReadAction","target":["https:\/\/wpguerssen-test.odoo.rgbconsulting.com\/es\/producto\/strange-terrain\/"]}]},{"@type":"ImageObject","inLanguage":"es","@id":"https:\/\/wpguerssen-test.odoo.rgbconsulting.com\/es\/producto\/strange-terrain\/#primaryimage","url":"https:\/\/wpguerssen-test.odoo.rgbconsulting.com\/wp-content\/uploads\/2023\/04\/43454.jpg","contentUrl":"https:\/\/wpguerssen-test.odoo.rgbconsulting.com\/wp-content\/uploads\/2023\/04\/43454.jpg","width":945,"height":945},{"@type":"BreadcrumbList","@id":"https:\/\/wpguerssen-test.odoo.rgbconsulting.com\/es\/producto\/strange-terrain\/#breadcrumb","itemListElement":[{"@type":"ListItem","position":1,"name":"Inicio","item":"https:\/\/wpguerssen-test.odoo.rgbconsulting.com\/es\/"},{"@type":"ListItem","position":2,"name":"Shop","item":"https:\/\/wpguerssen-test.odoo.rgbconsulting.com\/shop\/"},{"@type":"ListItem","position":3,"name":"Strange Terrain"}]},{"@type":"WebSite","@id":"https:\/\/wpguerssen-test.odoo.rgbconsulting.com\/es\/#website","url":"https:\/\/wpguerssen-test.odoo.rgbconsulting.com\/es\/","name":"Guerssen records","description":"psychedelia - progressive - folk - garage ","publisher":{"@id":"https:\/\/wpguerssen-test.odoo.rgbconsulting.com\/es\/#organization"},"potentialAction":[{"@type":"SearchAction","target":{"@type":"EntryPoint","urlTemplate":"https:\/\/wpguerssen-test.odoo.rgbconsulting.com\/es\/?s={search_term_string}"},"query-input":{"@type":"PropertyValueSpecification","valueRequired":true,"valueName":"search_term_string"}}],"inLanguage":"es"},{"@type":"Organization","@id":"https:\/\/wpguerssen-test.odoo.rgbconsulting.com\/es\/#organization","name":"Guerssen records","url":"https:\/\/wpguerssen-test.odoo.rgbconsulting.com\/es\/","logo":{"@type":"ImageObject","inLanguage":"es","@id":"https:\/\/wpguerssen-test.odoo.rgbconsulting.com\/es\/#\/schema\/logo\/image\/","url":"https:\/\/wpguerssen-test.odoo.rgbconsulting.com\/wp-content\/uploads\/2022\/04\/Logo_Guerssen_trans_100.png","contentUrl":"https:\/\/wpguerssen-test.odoo.rgbconsulting.com\/wp-content\/uploads\/2022\/04\/Logo_Guerssen_trans_100.png","width":122,"height":100,"caption":"Guerssen records"},"image":{"@id":"https:\/\/wpguerssen-test.odoo.rgbconsulting.com\/es\/#\/schema\/logo\/image\/"}}]}},"_links":{"self":[{"href":"https:\/\/wpguerssen-test.odoo.rgbconsulting.com\/es\/wp-json\/wp\/v2\/product\/231216","targetHints":{"allow":["GET"]}}],"collection":[{"href":"https:\/\/wpguerssen-test.odoo.rgbconsulting.com\/es\/wp-json\/wp\/v2\/product"}],"about":[{"href":"https:\/\/wpguerssen-test.odoo.rgbconsulting.com\/es\/wp-json\/wp\/v2\/types\/product"}],"wp:featuredmedia":[{"embeddable":true,"href":"https:\/\/wpguerssen-test.odoo.rgbconsulting.com\/es\/wp-json\/wp\/v2\/media\/231327"}],"wp:attachment":[{"href":"https:\/\/wpguerssen-test.odoo.rgbconsulting.com\/es\/wp-json\/wp\/v2\/media?parent=231216"}],"wp:term":[{"taxonomy":"product_brand","embeddable":true,"href":"https:\/\/wpguerssen-test.odoo.rgbconsulting.com\/es\/wp-json\/wp\/v2\/product_brand?post=231216"},{"taxonomy":"product_cat","embeddable":true,"href":"https:\/\/wpguerssen-test.odoo.rgbconsulting.com\/es\/wp-json\/wp\/v2\/product_cat?post=231216"},{"taxonomy":"product_tag","embeddable":true,"href":"https:\/\/wpguerssen-test.odoo.rgbconsulting.com\/es\/wp-json\/wp\/v2\/product_tag?post=231216"}],"curies":[{"name":"wp","href":"https:\/\/api.w.org\/{rel}","templated":true}]}}