{"id":231219,"date":"2025-01-07T00:00:00","date_gmt":"2025-01-06T23:00:00","guid":{"rendered":"https:\/\/wpguerssen-test.odoo.rgbconsulting.com\/product\/outta-season\/"},"modified":"2025-04-23T17:24:56","modified_gmt":"2025-04-23T15:24:56","slug":"outta-season","status":"publish","type":"product","link":"https:\/\/wpguerssen-test.odoo.rgbconsulting.com\/es\/producto\/outta-season\/","title":{"rendered":"Outta Season"},"content":{"rendered":"<p>El d\u00fao de soul formado por marido y mujer Ike &#038; Tina Turner produjo una asombrosa serie de \u00e9xitos durante las d\u00e9cadas de 1960 y 1970, antes de que Tina encontrara la voluntad de lanzarse como solista. Injustamente pasado por alto en el momento de su lanzamiento, el primer \u00e1lbum de blues del d\u00fao encuentra la voz apasionadamente poderosa de Tina con mucho valor y la guitarra de Ike como un acompa\u00f1amiento sobrio en todo momento; la toma de &#8216;Crazy &#8216;Bout You Baby&#8217; de Sonny Boy Williamson tiene un piano el\u00e9ctrico apasionante y un arpa de blues zumbante y &#8216;Grumbling&#8217; de Ike es un ritmo de guitarra asesino. Una buena mezcla de versiones y originales, muestra lo bien que el d\u00fao pod\u00eda trabajar en el lenguaje del blues. \u00a1Otro gran LP para todos los fan\u00e1ticos de Ike &#038; Tina!<\/p>\n","protected":false},"excerpt":{"rendered":"<p>El d\u00fao de soul formado por marido y mujer Ike &#038; Tina Turner produjo una asombrosa serie de \u00e9xitos durante las d\u00e9cadas de 1960 y 1970, antes de que Tina encontrara<a class=\"read\" href=\"https:\/\/wpguerssen-test.odoo.rgbconsulting.com\/es\/producto\/outta-season\/\"> (...)<\/a>","protected":false},"featured_media":231627,"template":"","meta":{"_acf_changed":false},"product_brand":[],"product_cat":[21649],"product_tag":[24190],"class_list":{"0":"post-231219","1":"product","2":"type-product","3":"status-publish","4":"has-post-thumbnail","6":"product_cat-soul-rnb-es","7":"product_tag-sales-es","8":"pa_artist-turner-ike-tina","9":"pa_format-lp-es","10":"pa_gender-soul-rnb","11":"pa_label-trading-places","12":"pa_location-north-america-es","13":"pa_other-filters-vinyl-only-es","15":"first","16":"instock","17":"taxable","18":"shipping-taxable","19":"purchasable","20":"product-type-simple"},"acf":[],"yoast_head":"<!-- This site is optimized with the Yoast SEO plugin v24.9 - https:\/\/yoast.com\/wordpress\/plugins\/seo\/ -->\n<title>TURNER, Ike &amp; Tina - Outta Season -  (LP) | Guerssen<\/title>\n<meta name=\"description\" content=\"Husband-and-wife soul duo Ike &amp; Tina Turner produced an astounding string of hits during the 1960s and 70s, before Tina found the will to go solo. Unjustly overlooked at its time of release, the duo&#039;s first blues album finds Tina&#039;s passionately powerful voice holding plenty of grit and Ike&#039;s guitar a restrained accompaniment throughout; the take of Sonny Boy Williamson&#039;s &#039;Crazy &#039;Bout You Baby&#039; has gripping electric piano and buzzing blues harp and Ike&#039;s &#039;Grumbling&#039; is a killer guitar groove. A good mix of covers and originals, it shows how well the duo could work in the blues idiom. Another great LP for all Ike &amp; Tina fans!\" \/>\n<meta name=\"robots\" content=\"index, follow, max-snippet:-1, max-image-preview:large, max-video-preview:-1\" \/>\n<link rel=\"canonical\" href=\"https:\/\/wpguerssen-test.odoo.rgbconsulting.com\/es\/producto\/outta-season\/\" \/>\n<meta property=\"og:locale\" content=\"es_ES\" \/>\n<meta property=\"og:type\" content=\"article\" \/>\n<meta property=\"og:title\" content=\"TURNER, Ike &amp; Tina - Outta Season -  (LP) | Guerssen\" \/>\n<meta property=\"og:description\" content=\"Husband-and-wife soul duo Ike &amp; Tina Turner produced an astounding string of hits during the 1960s and 70s, before Tina found the will to go solo. Unjustly overlooked at its time of release, the duo&#039;s first blues album finds Tina&#039;s passionately powerful voice holding plenty of grit and Ike&#039;s guitar a restrained accompaniment throughout; the take of Sonny Boy Williamson&#039;s &#039;Crazy &#039;Bout You Baby&#039; has gripping electric piano and buzzing blues harp and Ike&#039;s &#039;Grumbling&#039; is a killer guitar groove. A good mix of covers and originals, it shows how well the duo could work in the blues idiom. Another great LP for all Ike &amp; Tina fans!\" \/>\n<meta property=\"og:url\" content=\"https:\/\/wpguerssen-test.odoo.rgbconsulting.com\/es\/producto\/outta-season\/\" \/>\n<meta property=\"og:site_name\" content=\"Guerssen records\" \/>\n<meta property=\"article:modified_time\" content=\"2025-04-23T15:24:56+00:00\" \/>\n<meta property=\"og:image\" content=\"https:\/\/wpguerssen-test.odoo.rgbconsulting.com\/wp-content\/uploads\/2023\/05\/43457.jpg\" \/>\n\t<meta property=\"og:image:width\" content=\"945\" \/>\n\t<meta property=\"og:image:height\" content=\"948\" \/>\n\t<meta property=\"og:image:type\" content=\"image\/jpeg\" \/>\n<meta name=\"twitter:card\" content=\"summary_large_image\" \/>\n<meta name=\"twitter:title\" content=\"TURNER, Ike &amp; Tina - Outta Season -  (LP) | Guerssen\" \/>\n<meta name=\"twitter:label1\" content=\"Tiempo de lectura\" \/>\n\t<meta name=\"twitter:data1\" content=\"1 minuto\" \/>\n<script type=\"application\/ld+json\" class=\"yoast-schema-graph\">{\"@context\":\"https:\/\/schema.org\",\"@graph\":[{\"@type\":\"WebPage\",\"@id\":\"https:\/\/wpguerssen-test.odoo.rgbconsulting.com\/es\/producto\/outta-season\/\",\"url\":\"https:\/\/wpguerssen-test.odoo.rgbconsulting.com\/es\/producto\/outta-season\/\",\"name\":\"TURNER, Ike & Tina - Outta Season - (LP) | Guerssen\",\"isPartOf\":{\"@id\":\"https:\/\/wpguerssen-test.odoo.rgbconsulting.com\/es\/#website\"},\"primaryImageOfPage\":{\"@id\":\"https:\/\/wpguerssen-test.odoo.rgbconsulting.com\/es\/producto\/outta-season\/#primaryimage\"},\"image\":{\"@id\":\"https:\/\/wpguerssen-test.odoo.rgbconsulting.com\/es\/producto\/outta-season\/#primaryimage\"},\"thumbnailUrl\":\"https:\/\/wpguerssen-test.odoo.rgbconsulting.com\/wp-content\/uploads\/2023\/05\/43457.jpg\",\"datePublished\":\"2025-01-06T23:00:00+00:00\",\"dateModified\":\"2025-04-23T15:24:56+00:00\",\"description\":\"Husband-and-wife soul duo Ike & Tina Turner produced an astounding string of hits during the 1960s and 70s, before Tina found the will to go solo. Unjustly overlooked at its time of release, the duo's first blues album finds Tina's passionately powerful voice holding plenty of grit and Ike's guitar a restrained accompaniment throughout; the take of Sonny Boy Williamson's 'Crazy 'Bout You Baby' has gripping electric piano and buzzing blues harp and Ike's 'Grumbling' is a killer guitar groove. A good mix of covers and originals, it shows how well the duo could work in the blues idiom. Another great LP for all Ike & Tina fans!\",\"breadcrumb\":{\"@id\":\"https:\/\/wpguerssen-test.odoo.rgbconsulting.com\/es\/producto\/outta-season\/#breadcrumb\"},\"inLanguage\":\"es\",\"potentialAction\":[{\"@type\":\"ReadAction\",\"target\":[\"https:\/\/wpguerssen-test.odoo.rgbconsulting.com\/es\/producto\/outta-season\/\"]}]},{\"@type\":\"ImageObject\",\"inLanguage\":\"es\",\"@id\":\"https:\/\/wpguerssen-test.odoo.rgbconsulting.com\/es\/producto\/outta-season\/#primaryimage\",\"url\":\"https:\/\/wpguerssen-test.odoo.rgbconsulting.com\/wp-content\/uploads\/2023\/05\/43457.jpg\",\"contentUrl\":\"https:\/\/wpguerssen-test.odoo.rgbconsulting.com\/wp-content\/uploads\/2023\/05\/43457.jpg\",\"width\":945,\"height\":948,\"caption\":\"Ike & Tina - Outta Season - TRADING PLACES (LP) | Guerssen\"},{\"@type\":\"BreadcrumbList\",\"@id\":\"https:\/\/wpguerssen-test.odoo.rgbconsulting.com\/es\/producto\/outta-season\/#breadcrumb\",\"itemListElement\":[{\"@type\":\"ListItem\",\"position\":1,\"name\":\"Inicio\",\"item\":\"https:\/\/wpguerssen-test.odoo.rgbconsulting.com\/es\/\"},{\"@type\":\"ListItem\",\"position\":2,\"name\":\"Shop\",\"item\":\"https:\/\/wpguerssen-test.odoo.rgbconsulting.com\/shop\/\"},{\"@type\":\"ListItem\",\"position\":3,\"name\":\"Outta Season\"}]},{\"@type\":\"WebSite\",\"@id\":\"https:\/\/wpguerssen-test.odoo.rgbconsulting.com\/es\/#website\",\"url\":\"https:\/\/wpguerssen-test.odoo.rgbconsulting.com\/es\/\",\"name\":\"Guerssen records\",\"description\":\"psychedelia - progressive - folk - garage \",\"publisher\":{\"@id\":\"https:\/\/wpguerssen-test.odoo.rgbconsulting.com\/es\/#organization\"},\"potentialAction\":[{\"@type\":\"SearchAction\",\"target\":{\"@type\":\"EntryPoint\",\"urlTemplate\":\"https:\/\/wpguerssen-test.odoo.rgbconsulting.com\/es\/?s={search_term_string}\"},\"query-input\":{\"@type\":\"PropertyValueSpecification\",\"valueRequired\":true,\"valueName\":\"search_term_string\"}}],\"inLanguage\":\"es\"},{\"@type\":\"Organization\",\"@id\":\"https:\/\/wpguerssen-test.odoo.rgbconsulting.com\/es\/#organization\",\"name\":\"Guerssen records\",\"url\":\"https:\/\/wpguerssen-test.odoo.rgbconsulting.com\/es\/\",\"logo\":{\"@type\":\"ImageObject\",\"inLanguage\":\"es\",\"@id\":\"https:\/\/wpguerssen-test.odoo.rgbconsulting.com\/es\/#\/schema\/logo\/image\/\",\"url\":\"https:\/\/wpguerssen-test.odoo.rgbconsulting.com\/wp-content\/uploads\/2022\/04\/Logo_Guerssen_trans_100.png\",\"contentUrl\":\"https:\/\/wpguerssen-test.odoo.rgbconsulting.com\/wp-content\/uploads\/2022\/04\/Logo_Guerssen_trans_100.png\",\"width\":122,\"height\":100,\"caption\":\"Guerssen records\"},\"image\":{\"@id\":\"https:\/\/wpguerssen-test.odoo.rgbconsulting.com\/es\/#\/schema\/logo\/image\/\"}}]}<\/script>\n<!-- \/ Yoast SEO plugin. -->","yoast_head_json":{"title":"TURNER, Ike & Tina - Outta Season -  (LP) | Guerssen","description":"Husband-and-wife soul duo Ike & Tina Turner produced an astounding string of hits during the 1960s and 70s, before Tina found the will to go solo. Unjustly overlooked at its time of release, the duo's first blues album finds Tina's passionately powerful voice holding plenty of grit and Ike's guitar a restrained accompaniment throughout; the take of Sonny Boy Williamson's 'Crazy 'Bout You Baby' has gripping electric piano and buzzing blues harp and Ike's 'Grumbling' is a killer guitar groove. A good mix of covers and originals, it shows how well the duo could work in the blues idiom. Another great LP for all Ike & Tina fans!","robots":{"index":"index","follow":"follow","max-snippet":"max-snippet:-1","max-image-preview":"max-image-preview:large","max-video-preview":"max-video-preview:-1"},"canonical":"https:\/\/wpguerssen-test.odoo.rgbconsulting.com\/es\/producto\/outta-season\/","og_locale":"es_ES","og_type":"article","og_title":"TURNER, Ike & Tina - Outta Season -  (LP) | Guerssen","og_description":"Husband-and-wife soul duo Ike & Tina Turner produced an astounding string of hits during the 1960s and 70s, before Tina found the will to go solo. Unjustly overlooked at its time of release, the duo's first blues album finds Tina's passionately powerful voice holding plenty of grit and Ike's guitar a restrained accompaniment throughout; the take of Sonny Boy Williamson's 'Crazy 'Bout You Baby' has gripping electric piano and buzzing blues harp and Ike's 'Grumbling' is a killer guitar groove. A good mix of covers and originals, it shows how well the duo could work in the blues idiom. Another great LP for all Ike & Tina fans!","og_url":"https:\/\/wpguerssen-test.odoo.rgbconsulting.com\/es\/producto\/outta-season\/","og_site_name":"Guerssen records","article_modified_time":"2025-04-23T15:24:56+00:00","og_image":[{"width":945,"height":948,"url":"https:\/\/wpguerssen-test.odoo.rgbconsulting.com\/wp-content\/uploads\/2023\/05\/43457.jpg","type":"image\/jpeg"}],"twitter_card":"summary_large_image","twitter_title":"TURNER, Ike & Tina - Outta Season -  (LP) | Guerssen","twitter_misc":{"Tiempo de lectura":"1 minuto"},"schema":{"@context":"https:\/\/schema.org","@graph":[{"@type":"WebPage","@id":"https:\/\/wpguerssen-test.odoo.rgbconsulting.com\/es\/producto\/outta-season\/","url":"https:\/\/wpguerssen-test.odoo.rgbconsulting.com\/es\/producto\/outta-season\/","name":"TURNER, Ike & Tina - Outta Season - (LP) | Guerssen","isPartOf":{"@id":"https:\/\/wpguerssen-test.odoo.rgbconsulting.com\/es\/#website"},"primaryImageOfPage":{"@id":"https:\/\/wpguerssen-test.odoo.rgbconsulting.com\/es\/producto\/outta-season\/#primaryimage"},"image":{"@id":"https:\/\/wpguerssen-test.odoo.rgbconsulting.com\/es\/producto\/outta-season\/#primaryimage"},"thumbnailUrl":"https:\/\/wpguerssen-test.odoo.rgbconsulting.com\/wp-content\/uploads\/2023\/05\/43457.jpg","datePublished":"2025-01-06T23:00:00+00:00","dateModified":"2025-04-23T15:24:56+00:00","description":"Husband-and-wife soul duo Ike & Tina Turner produced an astounding string of hits during the 1960s and 70s, before Tina found the will to go solo. Unjustly overlooked at its time of release, the duo's first blues album finds Tina's passionately powerful voice holding plenty of grit and Ike's guitar a restrained accompaniment throughout; the take of Sonny Boy Williamson's 'Crazy 'Bout You Baby' has gripping electric piano and buzzing blues harp and Ike's 'Grumbling' is a killer guitar groove. A good mix of covers and originals, it shows how well the duo could work in the blues idiom. Another great LP for all Ike & Tina fans!","breadcrumb":{"@id":"https:\/\/wpguerssen-test.odoo.rgbconsulting.com\/es\/producto\/outta-season\/#breadcrumb"},"inLanguage":"es","potentialAction":[{"@type":"ReadAction","target":["https:\/\/wpguerssen-test.odoo.rgbconsulting.com\/es\/producto\/outta-season\/"]}]},{"@type":"ImageObject","inLanguage":"es","@id":"https:\/\/wpguerssen-test.odoo.rgbconsulting.com\/es\/producto\/outta-season\/#primaryimage","url":"https:\/\/wpguerssen-test.odoo.rgbconsulting.com\/wp-content\/uploads\/2023\/05\/43457.jpg","contentUrl":"https:\/\/wpguerssen-test.odoo.rgbconsulting.com\/wp-content\/uploads\/2023\/05\/43457.jpg","width":945,"height":948,"caption":"Ike & Tina - Outta Season - TRADING PLACES (LP) | Guerssen"},{"@type":"BreadcrumbList","@id":"https:\/\/wpguerssen-test.odoo.rgbconsulting.com\/es\/producto\/outta-season\/#breadcrumb","itemListElement":[{"@type":"ListItem","position":1,"name":"Inicio","item":"https:\/\/wpguerssen-test.odoo.rgbconsulting.com\/es\/"},{"@type":"ListItem","position":2,"name":"Shop","item":"https:\/\/wpguerssen-test.odoo.rgbconsulting.com\/shop\/"},{"@type":"ListItem","position":3,"name":"Outta Season"}]},{"@type":"WebSite","@id":"https:\/\/wpguerssen-test.odoo.rgbconsulting.com\/es\/#website","url":"https:\/\/wpguerssen-test.odoo.rgbconsulting.com\/es\/","name":"Guerssen records","description":"psychedelia - progressive - folk - garage ","publisher":{"@id":"https:\/\/wpguerssen-test.odoo.rgbconsulting.com\/es\/#organization"},"potentialAction":[{"@type":"SearchAction","target":{"@type":"EntryPoint","urlTemplate":"https:\/\/wpguerssen-test.odoo.rgbconsulting.com\/es\/?s={search_term_string}"},"query-input":{"@type":"PropertyValueSpecification","valueRequired":true,"valueName":"search_term_string"}}],"inLanguage":"es"},{"@type":"Organization","@id":"https:\/\/wpguerssen-test.odoo.rgbconsulting.com\/es\/#organization","name":"Guerssen records","url":"https:\/\/wpguerssen-test.odoo.rgbconsulting.com\/es\/","logo":{"@type":"ImageObject","inLanguage":"es","@id":"https:\/\/wpguerssen-test.odoo.rgbconsulting.com\/es\/#\/schema\/logo\/image\/","url":"https:\/\/wpguerssen-test.odoo.rgbconsulting.com\/wp-content\/uploads\/2022\/04\/Logo_Guerssen_trans_100.png","contentUrl":"https:\/\/wpguerssen-test.odoo.rgbconsulting.com\/wp-content\/uploads\/2022\/04\/Logo_Guerssen_trans_100.png","width":122,"height":100,"caption":"Guerssen records"},"image":{"@id":"https:\/\/wpguerssen-test.odoo.rgbconsulting.com\/es\/#\/schema\/logo\/image\/"}}]}},"_links":{"self":[{"href":"https:\/\/wpguerssen-test.odoo.rgbconsulting.com\/es\/wp-json\/wp\/v2\/product\/231219","targetHints":{"allow":["GET"]}}],"collection":[{"href":"https:\/\/wpguerssen-test.odoo.rgbconsulting.com\/es\/wp-json\/wp\/v2\/product"}],"about":[{"href":"https:\/\/wpguerssen-test.odoo.rgbconsulting.com\/es\/wp-json\/wp\/v2\/types\/product"}],"wp:featuredmedia":[{"embeddable":true,"href":"https:\/\/wpguerssen-test.odoo.rgbconsulting.com\/es\/wp-json\/wp\/v2\/media\/231627"}],"wp:attachment":[{"href":"https:\/\/wpguerssen-test.odoo.rgbconsulting.com\/es\/wp-json\/wp\/v2\/media?parent=231219"}],"wp:term":[{"taxonomy":"product_brand","embeddable":true,"href":"https:\/\/wpguerssen-test.odoo.rgbconsulting.com\/es\/wp-json\/wp\/v2\/product_brand?post=231219"},{"taxonomy":"product_cat","embeddable":true,"href":"https:\/\/wpguerssen-test.odoo.rgbconsulting.com\/es\/wp-json\/wp\/v2\/product_cat?post=231219"},{"taxonomy":"product_tag","embeddable":true,"href":"https:\/\/wpguerssen-test.odoo.rgbconsulting.com\/es\/wp-json\/wp\/v2\/product_tag?post=231219"}],"curies":[{"name":"wp","href":"https:\/\/api.w.org\/{rel}","templated":true}]}}