{"id":231333,"date":"2023-09-07T00:00:00","date_gmt":"2023-09-06T22:00:00","guid":{"rendered":"https:\/\/wpguerssen-test.odoo.rgbconsulting.com\/product\/six-ways-to-the-ace\/"},"modified":"2025-03-17T17:30:08","modified_gmt":"2025-03-17T16:30:08","slug":"six-ways-to-the-ace","status":"publish","type":"product","link":"https:\/\/wpguerssen-test.odoo.rgbconsulting.com\/es\/producto\/six-ways-to-the-ace\/","title":{"rendered":"Six Ways To The Ace"},"content":{"rendered":"<p>\u00a1Rock psicod\u00e9lico de folk\/blues de la costa oeste! Formado en 1967 por hippies canadienses y un estadounidense. As Sheriff llev\u00f3 el fuzz y el humo a las escenas underground de Victoria y Vancouver con su actitud de haztelo tu mismo, guitarras guturales, armon\u00edas hipn\u00f3ticas y versiones contra la guerra, con el futuro l\u00edder de May Blitz, Reid Hudson. 12 canciones (10 in\u00e9ditas) en 47 minutos de 1969 a 1970, incluido su raro sencillo \u00abHis Father&#8217;s Good Machine\u00bb, todo meticulosamente remasterizado a partir de carretes anal\u00f3gicos. Folleto de lujo de 8 p\u00e1ginas de gran tama\u00f1o con su historia, fotos, arte y carteles de conciertos. \u00a1Adem\u00e1s de una pegatina genial! Solo 600 copias.<br \/>\u00abUn estilo original y rompedor\u00bb. &#8211; Steve Hume, Victoria Daily Times, Victoria<br \/>\u00abEl vers\u00e1til y creativo As Sheriff finalmente puede ocupar su merecido lugar en la historia de la m\u00fasica de la Costa Oeste\u00bb. &#8211; Craig Morrison, etnomusic\u00f3logo, Montreal.<\/p>\n","protected":false},"excerpt":{"rendered":"<p>\u00a1Rock psicod\u00e9lico de folk\/blues de la costa oeste! Formado en 1967 por hippies canadienses y un estadounidense. As Sheriff llev\u00f3 el fuzz y el humo a las escenas<a class=\"read\" href=\"https:\/\/wpguerssen-test.odoo.rgbconsulting.com\/es\/producto\/six-ways-to-the-ace\/\"> (...)<\/a>","protected":false},"featured_media":237866,"template":"","meta":{"_acf_changed":false},"product_brand":[],"product_cat":[21639,23271],"product_tag":[],"class_list":{"0":"post-231333","1":"product","2":"type-product","3":"status-publish","4":"has-post-thumbnail","6":"product_cat-psychedelic60s-70s-es","7":"product_cat-folk-60s-70s-es","8":"pa_artist-as-sheriff","9":"pa_format-lp-es","10":"pa_gender-psychedelic60s-70s-folk-60s-70s","11":"pa_label-supreme-echo","12":"pa_location-north-america-es","13":"pa_other-filters-vinyl-only-es","15":"first","16":"instock","17":"taxable","18":"shipping-taxable","19":"purchasable","20":"product-type-simple"},"acf":[],"yoast_head":"<!-- This site is optimized with the Yoast SEO plugin v24.9 - https:\/\/yoast.com\/wordpress\/plugins\/seo\/ -->\n<title>AS SHERIFF - Six Ways To The Ace -  (LP) | Guerssen<\/title>\n<meta name=\"description\" content=\"West Coast Folk\/Blues Psych Rock! Formed in 1967 by Canadian hippies and an American draft dodger, As Sheriff brought the fuzz and smoke to Victoria and Vancouver&#039;s underground scenes with their DIY attitude, guttural guitars, hypnotic harmonies, and anti-war covers - featuring future May Blitz frontman Reid Hudson. 12 songs (10 unreleased) in 47 minutes from 1969-70, including their rare single &quot;His Father&#039;s Good Machine&quot; - all meticulously remastered from analog reels. Deluxe large-size 8-page booklet with their story, photos, art, and gig posters. Plus a cool sticker! 600 copies.&quot;An original, head-banging style.&quot; - Steve Hume, Victoria Daily Times, Victoria&quot;The versatile and creative As Sheriff can finally take their deserved place in the history of West Coast music.&quot; - Craig Morrison, Ethnomusicologist, Montreal.\" \/>\n<meta name=\"robots\" content=\"index, follow, max-snippet:-1, max-image-preview:large, max-video-preview:-1\" \/>\n<link rel=\"canonical\" href=\"https:\/\/wpguerssen-test.odoo.rgbconsulting.com\/es\/producto\/six-ways-to-the-ace\/\" \/>\n<meta property=\"og:locale\" content=\"es_ES\" \/>\n<meta property=\"og:type\" content=\"article\" \/>\n<meta property=\"og:title\" content=\"AS SHERIFF - Six Ways To The Ace -  (LP) | Guerssen\" \/>\n<meta property=\"og:description\" content=\"West Coast Folk\/Blues Psych Rock! Formed in 1967 by Canadian hippies and an American draft dodger, As Sheriff brought the fuzz and smoke to Victoria and Vancouver&#039;s underground scenes with their DIY attitude, guttural guitars, hypnotic harmonies, and anti-war covers - featuring future May Blitz frontman Reid Hudson. 12 songs (10 unreleased) in 47 minutes from 1969-70, including their rare single &quot;His Father&#039;s Good Machine&quot; - all meticulously remastered from analog reels. Deluxe large-size 8-page booklet with their story, photos, art, and gig posters. Plus a cool sticker! 600 copies.&quot;An original, head-banging style.&quot; - Steve Hume, Victoria Daily Times, Victoria&quot;The versatile and creative As Sheriff can finally take their deserved place in the history of West Coast music.&quot; - Craig Morrison, Ethnomusicologist, Montreal.\" \/>\n<meta property=\"og:url\" content=\"https:\/\/wpguerssen-test.odoo.rgbconsulting.com\/es\/producto\/six-ways-to-the-ace\/\" \/>\n<meta property=\"og:site_name\" content=\"Guerssen records\" \/>\n<meta property=\"article:modified_time\" content=\"2025-03-17T16:30:08+00:00\" \/>\n<meta property=\"og:image\" content=\"https:\/\/wpguerssen-test.odoo.rgbconsulting.com\/wp-content\/uploads\/2023\/06\/43468.jpg\" \/>\n\t<meta property=\"og:image:width\" content=\"700\" \/>\n\t<meta property=\"og:image:height\" content=\"700\" \/>\n\t<meta property=\"og:image:type\" content=\"image\/jpeg\" \/>\n<meta name=\"twitter:card\" content=\"summary_large_image\" \/>\n<meta name=\"twitter:title\" content=\"AS SHERIFF - Six Ways To The Ace -  (LP) | Guerssen\" \/>\n<meta name=\"twitter:label1\" content=\"Tiempo de lectura\" \/>\n\t<meta name=\"twitter:data1\" content=\"1 minuto\" \/>\n<script type=\"application\/ld+json\" class=\"yoast-schema-graph\">{\"@context\":\"https:\/\/schema.org\",\"@graph\":[{\"@type\":\"WebPage\",\"@id\":\"https:\/\/wpguerssen-test.odoo.rgbconsulting.com\/es\/producto\/six-ways-to-the-ace\/\",\"url\":\"https:\/\/wpguerssen-test.odoo.rgbconsulting.com\/es\/producto\/six-ways-to-the-ace\/\",\"name\":\"AS SHERIFF - Six Ways To The Ace - (LP) | Guerssen\",\"isPartOf\":{\"@id\":\"https:\/\/wpguerssen-test.odoo.rgbconsulting.com\/es\/#website\"},\"primaryImageOfPage\":{\"@id\":\"https:\/\/wpguerssen-test.odoo.rgbconsulting.com\/es\/producto\/six-ways-to-the-ace\/#primaryimage\"},\"image\":{\"@id\":\"https:\/\/wpguerssen-test.odoo.rgbconsulting.com\/es\/producto\/six-ways-to-the-ace\/#primaryimage\"},\"thumbnailUrl\":\"https:\/\/wpguerssen-test.odoo.rgbconsulting.com\/wp-content\/uploads\/2023\/06\/43468.jpg\",\"datePublished\":\"2023-09-06T22:00:00+00:00\",\"dateModified\":\"2025-03-17T16:30:08+00:00\",\"description\":\"West Coast Folk\/Blues Psych Rock! Formed in 1967 by Canadian hippies and an American draft dodger, As Sheriff brought the fuzz and smoke to Victoria and Vancouver's underground scenes with their DIY attitude, guttural guitars, hypnotic harmonies, and anti-war covers - featuring future May Blitz frontman Reid Hudson. 12 songs (10 unreleased) in 47 minutes from 1969-70, including their rare single \\\"His Father's Good Machine\\\" - all meticulously remastered from analog reels. Deluxe large-size 8-page booklet with their story, photos, art, and gig posters. Plus a cool sticker! 600 copies.\\\"An original, head-banging style.\\\" - Steve Hume, Victoria Daily Times, Victoria\\\"The versatile and creative As Sheriff can finally take their deserved place in the history of West Coast music.\\\" - Craig Morrison, Ethnomusicologist, Montreal.\",\"breadcrumb\":{\"@id\":\"https:\/\/wpguerssen-test.odoo.rgbconsulting.com\/es\/producto\/six-ways-to-the-ace\/#breadcrumb\"},\"inLanguage\":\"es\",\"potentialAction\":[{\"@type\":\"ReadAction\",\"target\":[\"https:\/\/wpguerssen-test.odoo.rgbconsulting.com\/es\/producto\/six-ways-to-the-ace\/\"]}]},{\"@type\":\"ImageObject\",\"inLanguage\":\"es\",\"@id\":\"https:\/\/wpguerssen-test.odoo.rgbconsulting.com\/es\/producto\/six-ways-to-the-ace\/#primaryimage\",\"url\":\"https:\/\/wpguerssen-test.odoo.rgbconsulting.com\/wp-content\/uploads\/2023\/06\/43468.jpg\",\"contentUrl\":\"https:\/\/wpguerssen-test.odoo.rgbconsulting.com\/wp-content\/uploads\/2023\/06\/43468.jpg\",\"width\":700,\"height\":700},{\"@type\":\"BreadcrumbList\",\"@id\":\"https:\/\/wpguerssen-test.odoo.rgbconsulting.com\/es\/producto\/six-ways-to-the-ace\/#breadcrumb\",\"itemListElement\":[{\"@type\":\"ListItem\",\"position\":1,\"name\":\"Inicio\",\"item\":\"https:\/\/wpguerssen-test.odoo.rgbconsulting.com\/es\/\"},{\"@type\":\"ListItem\",\"position\":2,\"name\":\"Shop\",\"item\":\"https:\/\/wpguerssen-test.odoo.rgbconsulting.com\/shop\/\"},{\"@type\":\"ListItem\",\"position\":3,\"name\":\"Six Ways To The Ace\"}]},{\"@type\":\"WebSite\",\"@id\":\"https:\/\/wpguerssen-test.odoo.rgbconsulting.com\/es\/#website\",\"url\":\"https:\/\/wpguerssen-test.odoo.rgbconsulting.com\/es\/\",\"name\":\"Guerssen records\",\"description\":\"psychedelia - progressive - folk - garage \",\"publisher\":{\"@id\":\"https:\/\/wpguerssen-test.odoo.rgbconsulting.com\/es\/#organization\"},\"potentialAction\":[{\"@type\":\"SearchAction\",\"target\":{\"@type\":\"EntryPoint\",\"urlTemplate\":\"https:\/\/wpguerssen-test.odoo.rgbconsulting.com\/es\/?s={search_term_string}\"},\"query-input\":{\"@type\":\"PropertyValueSpecification\",\"valueRequired\":true,\"valueName\":\"search_term_string\"}}],\"inLanguage\":\"es\"},{\"@type\":\"Organization\",\"@id\":\"https:\/\/wpguerssen-test.odoo.rgbconsulting.com\/es\/#organization\",\"name\":\"Guerssen records\",\"url\":\"https:\/\/wpguerssen-test.odoo.rgbconsulting.com\/es\/\",\"logo\":{\"@type\":\"ImageObject\",\"inLanguage\":\"es\",\"@id\":\"https:\/\/wpguerssen-test.odoo.rgbconsulting.com\/es\/#\/schema\/logo\/image\/\",\"url\":\"https:\/\/wpguerssen-test.odoo.rgbconsulting.com\/wp-content\/uploads\/2022\/04\/Logo_Guerssen_trans_100.png\",\"contentUrl\":\"https:\/\/wpguerssen-test.odoo.rgbconsulting.com\/wp-content\/uploads\/2022\/04\/Logo_Guerssen_trans_100.png\",\"width\":122,\"height\":100,\"caption\":\"Guerssen records\"},\"image\":{\"@id\":\"https:\/\/wpguerssen-test.odoo.rgbconsulting.com\/es\/#\/schema\/logo\/image\/\"}}]}<\/script>\n<!-- \/ Yoast SEO plugin. -->","yoast_head_json":{"title":"AS SHERIFF - Six Ways To The Ace -  (LP) | Guerssen","description":"West Coast Folk\/Blues Psych Rock! Formed in 1967 by Canadian hippies and an American draft dodger, As Sheriff brought the fuzz and smoke to Victoria and Vancouver's underground scenes with their DIY attitude, guttural guitars, hypnotic harmonies, and anti-war covers - featuring future May Blitz frontman Reid Hudson. 12 songs (10 unreleased) in 47 minutes from 1969-70, including their rare single \"His Father's Good Machine\" - all meticulously remastered from analog reels. Deluxe large-size 8-page booklet with their story, photos, art, and gig posters. Plus a cool sticker! 600 copies.\"An original, head-banging style.\" - Steve Hume, Victoria Daily Times, Victoria\"The versatile and creative As Sheriff can finally take their deserved place in the history of West Coast music.\" - Craig Morrison, Ethnomusicologist, Montreal.","robots":{"index":"index","follow":"follow","max-snippet":"max-snippet:-1","max-image-preview":"max-image-preview:large","max-video-preview":"max-video-preview:-1"},"canonical":"https:\/\/wpguerssen-test.odoo.rgbconsulting.com\/es\/producto\/six-ways-to-the-ace\/","og_locale":"es_ES","og_type":"article","og_title":"AS SHERIFF - Six Ways To The Ace -  (LP) | Guerssen","og_description":"West Coast Folk\/Blues Psych Rock! Formed in 1967 by Canadian hippies and an American draft dodger, As Sheriff brought the fuzz and smoke to Victoria and Vancouver's underground scenes with their DIY attitude, guttural guitars, hypnotic harmonies, and anti-war covers - featuring future May Blitz frontman Reid Hudson. 12 songs (10 unreleased) in 47 minutes from 1969-70, including their rare single \"His Father's Good Machine\" - all meticulously remastered from analog reels. Deluxe large-size 8-page booklet with their story, photos, art, and gig posters. Plus a cool sticker! 600 copies.\"An original, head-banging style.\" - Steve Hume, Victoria Daily Times, Victoria\"The versatile and creative As Sheriff can finally take their deserved place in the history of West Coast music.\" - Craig Morrison, Ethnomusicologist, Montreal.","og_url":"https:\/\/wpguerssen-test.odoo.rgbconsulting.com\/es\/producto\/six-ways-to-the-ace\/","og_site_name":"Guerssen records","article_modified_time":"2025-03-17T16:30:08+00:00","og_image":[{"width":700,"height":700,"url":"https:\/\/wpguerssen-test.odoo.rgbconsulting.com\/wp-content\/uploads\/2023\/06\/43468.jpg","type":"image\/jpeg"}],"twitter_card":"summary_large_image","twitter_title":"AS SHERIFF - Six Ways To The Ace -  (LP) | Guerssen","twitter_misc":{"Tiempo de lectura":"1 minuto"},"schema":{"@context":"https:\/\/schema.org","@graph":[{"@type":"WebPage","@id":"https:\/\/wpguerssen-test.odoo.rgbconsulting.com\/es\/producto\/six-ways-to-the-ace\/","url":"https:\/\/wpguerssen-test.odoo.rgbconsulting.com\/es\/producto\/six-ways-to-the-ace\/","name":"AS SHERIFF - Six Ways To The Ace - (LP) | Guerssen","isPartOf":{"@id":"https:\/\/wpguerssen-test.odoo.rgbconsulting.com\/es\/#website"},"primaryImageOfPage":{"@id":"https:\/\/wpguerssen-test.odoo.rgbconsulting.com\/es\/producto\/six-ways-to-the-ace\/#primaryimage"},"image":{"@id":"https:\/\/wpguerssen-test.odoo.rgbconsulting.com\/es\/producto\/six-ways-to-the-ace\/#primaryimage"},"thumbnailUrl":"https:\/\/wpguerssen-test.odoo.rgbconsulting.com\/wp-content\/uploads\/2023\/06\/43468.jpg","datePublished":"2023-09-06T22:00:00+00:00","dateModified":"2025-03-17T16:30:08+00:00","description":"West Coast Folk\/Blues Psych Rock! Formed in 1967 by Canadian hippies and an American draft dodger, As Sheriff brought the fuzz and smoke to Victoria and Vancouver's underground scenes with their DIY attitude, guttural guitars, hypnotic harmonies, and anti-war covers - featuring future May Blitz frontman Reid Hudson. 12 songs (10 unreleased) in 47 minutes from 1969-70, including their rare single \"His Father's Good Machine\" - all meticulously remastered from analog reels. Deluxe large-size 8-page booklet with their story, photos, art, and gig posters. Plus a cool sticker! 600 copies.\"An original, head-banging style.\" - Steve Hume, Victoria Daily Times, Victoria\"The versatile and creative As Sheriff can finally take their deserved place in the history of West Coast music.\" - Craig Morrison, Ethnomusicologist, Montreal.","breadcrumb":{"@id":"https:\/\/wpguerssen-test.odoo.rgbconsulting.com\/es\/producto\/six-ways-to-the-ace\/#breadcrumb"},"inLanguage":"es","potentialAction":[{"@type":"ReadAction","target":["https:\/\/wpguerssen-test.odoo.rgbconsulting.com\/es\/producto\/six-ways-to-the-ace\/"]}]},{"@type":"ImageObject","inLanguage":"es","@id":"https:\/\/wpguerssen-test.odoo.rgbconsulting.com\/es\/producto\/six-ways-to-the-ace\/#primaryimage","url":"https:\/\/wpguerssen-test.odoo.rgbconsulting.com\/wp-content\/uploads\/2023\/06\/43468.jpg","contentUrl":"https:\/\/wpguerssen-test.odoo.rgbconsulting.com\/wp-content\/uploads\/2023\/06\/43468.jpg","width":700,"height":700},{"@type":"BreadcrumbList","@id":"https:\/\/wpguerssen-test.odoo.rgbconsulting.com\/es\/producto\/six-ways-to-the-ace\/#breadcrumb","itemListElement":[{"@type":"ListItem","position":1,"name":"Inicio","item":"https:\/\/wpguerssen-test.odoo.rgbconsulting.com\/es\/"},{"@type":"ListItem","position":2,"name":"Shop","item":"https:\/\/wpguerssen-test.odoo.rgbconsulting.com\/shop\/"},{"@type":"ListItem","position":3,"name":"Six Ways To The Ace"}]},{"@type":"WebSite","@id":"https:\/\/wpguerssen-test.odoo.rgbconsulting.com\/es\/#website","url":"https:\/\/wpguerssen-test.odoo.rgbconsulting.com\/es\/","name":"Guerssen records","description":"psychedelia - progressive - folk - garage ","publisher":{"@id":"https:\/\/wpguerssen-test.odoo.rgbconsulting.com\/es\/#organization"},"potentialAction":[{"@type":"SearchAction","target":{"@type":"EntryPoint","urlTemplate":"https:\/\/wpguerssen-test.odoo.rgbconsulting.com\/es\/?s={search_term_string}"},"query-input":{"@type":"PropertyValueSpecification","valueRequired":true,"valueName":"search_term_string"}}],"inLanguage":"es"},{"@type":"Organization","@id":"https:\/\/wpguerssen-test.odoo.rgbconsulting.com\/es\/#organization","name":"Guerssen records","url":"https:\/\/wpguerssen-test.odoo.rgbconsulting.com\/es\/","logo":{"@type":"ImageObject","inLanguage":"es","@id":"https:\/\/wpguerssen-test.odoo.rgbconsulting.com\/es\/#\/schema\/logo\/image\/","url":"https:\/\/wpguerssen-test.odoo.rgbconsulting.com\/wp-content\/uploads\/2022\/04\/Logo_Guerssen_trans_100.png","contentUrl":"https:\/\/wpguerssen-test.odoo.rgbconsulting.com\/wp-content\/uploads\/2022\/04\/Logo_Guerssen_trans_100.png","width":122,"height":100,"caption":"Guerssen records"},"image":{"@id":"https:\/\/wpguerssen-test.odoo.rgbconsulting.com\/es\/#\/schema\/logo\/image\/"}}]}},"_links":{"self":[{"href":"https:\/\/wpguerssen-test.odoo.rgbconsulting.com\/es\/wp-json\/wp\/v2\/product\/231333","targetHints":{"allow":["GET"]}}],"collection":[{"href":"https:\/\/wpguerssen-test.odoo.rgbconsulting.com\/es\/wp-json\/wp\/v2\/product"}],"about":[{"href":"https:\/\/wpguerssen-test.odoo.rgbconsulting.com\/es\/wp-json\/wp\/v2\/types\/product"}],"wp:featuredmedia":[{"embeddable":true,"href":"https:\/\/wpguerssen-test.odoo.rgbconsulting.com\/es\/wp-json\/wp\/v2\/media\/237866"}],"wp:attachment":[{"href":"https:\/\/wpguerssen-test.odoo.rgbconsulting.com\/es\/wp-json\/wp\/v2\/media?parent=231333"}],"wp:term":[{"taxonomy":"product_brand","embeddable":true,"href":"https:\/\/wpguerssen-test.odoo.rgbconsulting.com\/es\/wp-json\/wp\/v2\/product_brand?post=231333"},{"taxonomy":"product_cat","embeddable":true,"href":"https:\/\/wpguerssen-test.odoo.rgbconsulting.com\/es\/wp-json\/wp\/v2\/product_cat?post=231333"},{"taxonomy":"product_tag","embeddable":true,"href":"https:\/\/wpguerssen-test.odoo.rgbconsulting.com\/es\/wp-json\/wp\/v2\/product_tag?post=231333"}],"curies":[{"name":"wp","href":"https:\/\/api.w.org\/{rel}","templated":true}]}}