{"id":231469,"date":"2023-06-05T00:00:00","date_gmt":"2023-06-04T22:00:00","guid":{"rendered":"https:\/\/wpguerssen-test.odoo.rgbconsulting.com\/product\/blues-and-news\/"},"modified":"2025-01-30T16:55:16","modified_gmt":"2025-01-30T15:55:16","slug":"blues-and-news","status":"publish","type":"product","link":"https:\/\/wpguerssen-test.odoo.rgbconsulting.com\/es\/producto\/blues-and-news\/","title":{"rendered":"Blues And News"},"content":{"rendered":"<p>En la primavera de 1971 Hal Singer, reci\u00e9n instalado en Francia, graba con algunos m\u00fasicos locales (Jacques Bologn\u00e9si, Jean-Claude Andr\u00e9, Siegfried Kessler, Patrice Caratini y Alain Charlery) y su amigo Art Taylor uno de los \u00e1lbumes clave de su discograf\u00eda. : Blues and News. Volviendo a las ra\u00edces del jazz, el saxofonista organiza una fiesta de swing, rhythm and blues, soul y funk -una fiesta a veces interrumpida por los intr\u00e9pidos acordes de Kessler- pero que celebran una y la misma cosa: la alegr\u00eda de vivir incondicional del saxofonista&#8217;.<\/p>\n","protected":false},"excerpt":{"rendered":"<p>En la primavera de 1971 Hal Singer, reci\u00e9n instalado en Francia, graba con algunos m\u00fasicos locales (Jacques Bologn\u00e9si, Jean-Claude Andr\u00e9, Siegfried Kessler, Patrice<a class=\"read\" href=\"https:\/\/wpguerssen-test.odoo.rgbconsulting.com\/es\/producto\/blues-and-news\/\"> (...)<\/a>","protected":false},"featured_media":231456,"template":"","meta":{"_acf_changed":false},"product_brand":[],"product_cat":[21649,23227],"product_tag":[],"class_list":{"0":"post-231469","1":"product","2":"type-product","3":"status-publish","4":"has-post-thumbnail","6":"product_cat-soul-rnb-es","7":"product_cat-jazz-es","8":"pa_artist-singer-hal","9":"pa_format-lp-es","10":"pa_gender-jazz-soul-rnb","11":"pa_label-soufflecontinu","12":"pa_location-europe-es","13":"pa_other-filters-vinyl-only-es","15":"first","16":"instock","17":"taxable","18":"shipping-taxable","19":"purchasable","20":"product-type-simple"},"acf":[],"yoast_head":"<!-- This site is optimized with the Yoast SEO plugin v24.9 - https:\/\/yoast.com\/wordpress\/plugins\/seo\/ -->\n<title>SINGER, Hal - Blues And News -  (LP) | Guerssen<\/title>\n<meta name=\"description\" content=\"In spring 1971 Hal Singer, who had recently moved to France, recorded, with some local musicians (Jacques Bologn\u00e9si, Jean-Claude Andr\u00e9, Siegfried Kessler, Patrice Caratini and Alain Charlery) and his friend Art Taylor one of the key albums in his discography: Blues And News. Going back to the roots of jazz, the saxophonist has a party with swing, rhythm and blues, soul and funk - a party sometimes gate-crashed by Kessler&#039;s intrepid chords - but which all celebrate one and the same thing: the saxophonist&#039;s unconditional &#039;joie de vivre&#039;.\" \/>\n<meta name=\"robots\" content=\"index, follow, max-snippet:-1, max-image-preview:large, max-video-preview:-1\" \/>\n<link rel=\"canonical\" href=\"https:\/\/wpguerssen-test.odoo.rgbconsulting.com\/es\/producto\/blues-and-news\/\" \/>\n<meta property=\"og:locale\" content=\"es_ES\" \/>\n<meta property=\"og:type\" content=\"article\" \/>\n<meta property=\"og:title\" content=\"SINGER, Hal - Blues And News -  (LP) | Guerssen\" \/>\n<meta property=\"og:description\" content=\"In spring 1971 Hal Singer, who had recently moved to France, recorded, with some local musicians (Jacques Bologn\u00e9si, Jean-Claude Andr\u00e9, Siegfried Kessler, Patrice Caratini and Alain Charlery) and his friend Art Taylor one of the key albums in his discography: Blues And News. Going back to the roots of jazz, the saxophonist has a party with swing, rhythm and blues, soul and funk - a party sometimes gate-crashed by Kessler&#039;s intrepid chords - but which all celebrate one and the same thing: the saxophonist&#039;s unconditional &#039;joie de vivre&#039;.\" \/>\n<meta property=\"og:url\" content=\"https:\/\/wpguerssen-test.odoo.rgbconsulting.com\/es\/producto\/blues-and-news\/\" \/>\n<meta property=\"og:site_name\" content=\"Guerssen records\" \/>\n<meta property=\"article:modified_time\" content=\"2025-01-30T15:55:16+00:00\" \/>\n<meta property=\"og:image\" content=\"https:\/\/wpguerssen-test.odoo.rgbconsulting.com\/wp-content\/uploads\/2023\/04\/43475.png\" \/>\n\t<meta property=\"og:image:width\" content=\"644\" \/>\n\t<meta property=\"og:image:height\" content=\"641\" \/>\n\t<meta property=\"og:image:type\" content=\"image\/png\" \/>\n<meta name=\"twitter:card\" content=\"summary_large_image\" \/>\n<meta name=\"twitter:title\" content=\"SINGER, Hal - Blues And News -  (LP) | Guerssen\" \/>\n<script type=\"application\/ld+json\" class=\"yoast-schema-graph\">{\"@context\":\"https:\/\/schema.org\",\"@graph\":[{\"@type\":\"WebPage\",\"@id\":\"https:\/\/wpguerssen-test.odoo.rgbconsulting.com\/es\/producto\/blues-and-news\/\",\"url\":\"https:\/\/wpguerssen-test.odoo.rgbconsulting.com\/es\/producto\/blues-and-news\/\",\"name\":\"SINGER, Hal - Blues And News - (LP) | Guerssen\",\"isPartOf\":{\"@id\":\"https:\/\/wpguerssen-test.odoo.rgbconsulting.com\/es\/#website\"},\"primaryImageOfPage\":{\"@id\":\"https:\/\/wpguerssen-test.odoo.rgbconsulting.com\/es\/producto\/blues-and-news\/#primaryimage\"},\"image\":{\"@id\":\"https:\/\/wpguerssen-test.odoo.rgbconsulting.com\/es\/producto\/blues-and-news\/#primaryimage\"},\"thumbnailUrl\":\"https:\/\/wpguerssen-test.odoo.rgbconsulting.com\/wp-content\/uploads\/2023\/04\/43475.png\",\"datePublished\":\"2023-06-04T22:00:00+00:00\",\"dateModified\":\"2025-01-30T15:55:16+00:00\",\"description\":\"In spring 1971 Hal Singer, who had recently moved to France, recorded, with some local musicians (Jacques Bologn\u00e9si, Jean-Claude Andr\u00e9, Siegfried Kessler, Patrice Caratini and Alain Charlery) and his friend Art Taylor one of the key albums in his discography: Blues And News. Going back to the roots of jazz, the saxophonist has a party with swing, rhythm and blues, soul and funk - a party sometimes gate-crashed by Kessler's intrepid chords - but which all celebrate one and the same thing: the saxophonist's unconditional 'joie de vivre'.\",\"breadcrumb\":{\"@id\":\"https:\/\/wpguerssen-test.odoo.rgbconsulting.com\/es\/producto\/blues-and-news\/#breadcrumb\"},\"inLanguage\":\"es\",\"potentialAction\":[{\"@type\":\"ReadAction\",\"target\":[\"https:\/\/wpguerssen-test.odoo.rgbconsulting.com\/es\/producto\/blues-and-news\/\"]}]},{\"@type\":\"ImageObject\",\"inLanguage\":\"es\",\"@id\":\"https:\/\/wpguerssen-test.odoo.rgbconsulting.com\/es\/producto\/blues-and-news\/#primaryimage\",\"url\":\"https:\/\/wpguerssen-test.odoo.rgbconsulting.com\/wp-content\/uploads\/2023\/04\/43475.png\",\"contentUrl\":\"https:\/\/wpguerssen-test.odoo.rgbconsulting.com\/wp-content\/uploads\/2023\/04\/43475.png\",\"width\":644,\"height\":641,\"caption\":\"SINGER\"},{\"@type\":\"BreadcrumbList\",\"@id\":\"https:\/\/wpguerssen-test.odoo.rgbconsulting.com\/es\/producto\/blues-and-news\/#breadcrumb\",\"itemListElement\":[{\"@type\":\"ListItem\",\"position\":1,\"name\":\"Inicio\",\"item\":\"https:\/\/wpguerssen-test.odoo.rgbconsulting.com\/es\/\"},{\"@type\":\"ListItem\",\"position\":2,\"name\":\"Shop\",\"item\":\"https:\/\/wpguerssen-test.odoo.rgbconsulting.com\/shop\/\"},{\"@type\":\"ListItem\",\"position\":3,\"name\":\"Blues And News\"}]},{\"@type\":\"WebSite\",\"@id\":\"https:\/\/wpguerssen-test.odoo.rgbconsulting.com\/es\/#website\",\"url\":\"https:\/\/wpguerssen-test.odoo.rgbconsulting.com\/es\/\",\"name\":\"Guerssen records\",\"description\":\"psychedelia - progressive - folk - garage \",\"publisher\":{\"@id\":\"https:\/\/wpguerssen-test.odoo.rgbconsulting.com\/es\/#organization\"},\"potentialAction\":[{\"@type\":\"SearchAction\",\"target\":{\"@type\":\"EntryPoint\",\"urlTemplate\":\"https:\/\/wpguerssen-test.odoo.rgbconsulting.com\/es\/?s={search_term_string}\"},\"query-input\":{\"@type\":\"PropertyValueSpecification\",\"valueRequired\":true,\"valueName\":\"search_term_string\"}}],\"inLanguage\":\"es\"},{\"@type\":\"Organization\",\"@id\":\"https:\/\/wpguerssen-test.odoo.rgbconsulting.com\/es\/#organization\",\"name\":\"Guerssen records\",\"url\":\"https:\/\/wpguerssen-test.odoo.rgbconsulting.com\/es\/\",\"logo\":{\"@type\":\"ImageObject\",\"inLanguage\":\"es\",\"@id\":\"https:\/\/wpguerssen-test.odoo.rgbconsulting.com\/es\/#\/schema\/logo\/image\/\",\"url\":\"https:\/\/wpguerssen-test.odoo.rgbconsulting.com\/wp-content\/uploads\/2022\/04\/Logo_Guerssen_trans_100.png\",\"contentUrl\":\"https:\/\/wpguerssen-test.odoo.rgbconsulting.com\/wp-content\/uploads\/2022\/04\/Logo_Guerssen_trans_100.png\",\"width\":122,\"height\":100,\"caption\":\"Guerssen records\"},\"image\":{\"@id\":\"https:\/\/wpguerssen-test.odoo.rgbconsulting.com\/es\/#\/schema\/logo\/image\/\"}}]}<\/script>\n<!-- \/ Yoast SEO plugin. -->","yoast_head_json":{"title":"SINGER, Hal - Blues And News -  (LP) | Guerssen","description":"In spring 1971 Hal Singer, who had recently moved to France, recorded, with some local musicians (Jacques Bologn\u00e9si, Jean-Claude Andr\u00e9, Siegfried Kessler, Patrice Caratini and Alain Charlery) and his friend Art Taylor one of the key albums in his discography: Blues And News. Going back to the roots of jazz, the saxophonist has a party with swing, rhythm and blues, soul and funk - a party sometimes gate-crashed by Kessler's intrepid chords - but which all celebrate one and the same thing: the saxophonist's unconditional 'joie de vivre'.","robots":{"index":"index","follow":"follow","max-snippet":"max-snippet:-1","max-image-preview":"max-image-preview:large","max-video-preview":"max-video-preview:-1"},"canonical":"https:\/\/wpguerssen-test.odoo.rgbconsulting.com\/es\/producto\/blues-and-news\/","og_locale":"es_ES","og_type":"article","og_title":"SINGER, Hal - Blues And News -  (LP) | Guerssen","og_description":"In spring 1971 Hal Singer, who had recently moved to France, recorded, with some local musicians (Jacques Bologn\u00e9si, Jean-Claude Andr\u00e9, Siegfried Kessler, Patrice Caratini and Alain Charlery) and his friend Art Taylor one of the key albums in his discography: Blues And News. Going back to the roots of jazz, the saxophonist has a party with swing, rhythm and blues, soul and funk - a party sometimes gate-crashed by Kessler's intrepid chords - but which all celebrate one and the same thing: the saxophonist's unconditional 'joie de vivre'.","og_url":"https:\/\/wpguerssen-test.odoo.rgbconsulting.com\/es\/producto\/blues-and-news\/","og_site_name":"Guerssen records","article_modified_time":"2025-01-30T15:55:16+00:00","og_image":[{"width":644,"height":641,"url":"https:\/\/wpguerssen-test.odoo.rgbconsulting.com\/wp-content\/uploads\/2023\/04\/43475.png","type":"image\/png"}],"twitter_card":"summary_large_image","twitter_title":"SINGER, Hal - Blues And News -  (LP) | Guerssen","schema":{"@context":"https:\/\/schema.org","@graph":[{"@type":"WebPage","@id":"https:\/\/wpguerssen-test.odoo.rgbconsulting.com\/es\/producto\/blues-and-news\/","url":"https:\/\/wpguerssen-test.odoo.rgbconsulting.com\/es\/producto\/blues-and-news\/","name":"SINGER, Hal - Blues And News - (LP) | Guerssen","isPartOf":{"@id":"https:\/\/wpguerssen-test.odoo.rgbconsulting.com\/es\/#website"},"primaryImageOfPage":{"@id":"https:\/\/wpguerssen-test.odoo.rgbconsulting.com\/es\/producto\/blues-and-news\/#primaryimage"},"image":{"@id":"https:\/\/wpguerssen-test.odoo.rgbconsulting.com\/es\/producto\/blues-and-news\/#primaryimage"},"thumbnailUrl":"https:\/\/wpguerssen-test.odoo.rgbconsulting.com\/wp-content\/uploads\/2023\/04\/43475.png","datePublished":"2023-06-04T22:00:00+00:00","dateModified":"2025-01-30T15:55:16+00:00","description":"In spring 1971 Hal Singer, who had recently moved to France, recorded, with some local musicians (Jacques Bologn\u00e9si, Jean-Claude Andr\u00e9, Siegfried Kessler, Patrice Caratini and Alain Charlery) and his friend Art Taylor one of the key albums in his discography: Blues And News. Going back to the roots of jazz, the saxophonist has a party with swing, rhythm and blues, soul and funk - a party sometimes gate-crashed by Kessler's intrepid chords - but which all celebrate one and the same thing: the saxophonist's unconditional 'joie de vivre'.","breadcrumb":{"@id":"https:\/\/wpguerssen-test.odoo.rgbconsulting.com\/es\/producto\/blues-and-news\/#breadcrumb"},"inLanguage":"es","potentialAction":[{"@type":"ReadAction","target":["https:\/\/wpguerssen-test.odoo.rgbconsulting.com\/es\/producto\/blues-and-news\/"]}]},{"@type":"ImageObject","inLanguage":"es","@id":"https:\/\/wpguerssen-test.odoo.rgbconsulting.com\/es\/producto\/blues-and-news\/#primaryimage","url":"https:\/\/wpguerssen-test.odoo.rgbconsulting.com\/wp-content\/uploads\/2023\/04\/43475.png","contentUrl":"https:\/\/wpguerssen-test.odoo.rgbconsulting.com\/wp-content\/uploads\/2023\/04\/43475.png","width":644,"height":641,"caption":"SINGER"},{"@type":"BreadcrumbList","@id":"https:\/\/wpguerssen-test.odoo.rgbconsulting.com\/es\/producto\/blues-and-news\/#breadcrumb","itemListElement":[{"@type":"ListItem","position":1,"name":"Inicio","item":"https:\/\/wpguerssen-test.odoo.rgbconsulting.com\/es\/"},{"@type":"ListItem","position":2,"name":"Shop","item":"https:\/\/wpguerssen-test.odoo.rgbconsulting.com\/shop\/"},{"@type":"ListItem","position":3,"name":"Blues And News"}]},{"@type":"WebSite","@id":"https:\/\/wpguerssen-test.odoo.rgbconsulting.com\/es\/#website","url":"https:\/\/wpguerssen-test.odoo.rgbconsulting.com\/es\/","name":"Guerssen records","description":"psychedelia - progressive - folk - garage ","publisher":{"@id":"https:\/\/wpguerssen-test.odoo.rgbconsulting.com\/es\/#organization"},"potentialAction":[{"@type":"SearchAction","target":{"@type":"EntryPoint","urlTemplate":"https:\/\/wpguerssen-test.odoo.rgbconsulting.com\/es\/?s={search_term_string}"},"query-input":{"@type":"PropertyValueSpecification","valueRequired":true,"valueName":"search_term_string"}}],"inLanguage":"es"},{"@type":"Organization","@id":"https:\/\/wpguerssen-test.odoo.rgbconsulting.com\/es\/#organization","name":"Guerssen records","url":"https:\/\/wpguerssen-test.odoo.rgbconsulting.com\/es\/","logo":{"@type":"ImageObject","inLanguage":"es","@id":"https:\/\/wpguerssen-test.odoo.rgbconsulting.com\/es\/#\/schema\/logo\/image\/","url":"https:\/\/wpguerssen-test.odoo.rgbconsulting.com\/wp-content\/uploads\/2022\/04\/Logo_Guerssen_trans_100.png","contentUrl":"https:\/\/wpguerssen-test.odoo.rgbconsulting.com\/wp-content\/uploads\/2022\/04\/Logo_Guerssen_trans_100.png","width":122,"height":100,"caption":"Guerssen records"},"image":{"@id":"https:\/\/wpguerssen-test.odoo.rgbconsulting.com\/es\/#\/schema\/logo\/image\/"}}]}},"_links":{"self":[{"href":"https:\/\/wpguerssen-test.odoo.rgbconsulting.com\/es\/wp-json\/wp\/v2\/product\/231469","targetHints":{"allow":["GET"]}}],"collection":[{"href":"https:\/\/wpguerssen-test.odoo.rgbconsulting.com\/es\/wp-json\/wp\/v2\/product"}],"about":[{"href":"https:\/\/wpguerssen-test.odoo.rgbconsulting.com\/es\/wp-json\/wp\/v2\/types\/product"}],"wp:featuredmedia":[{"embeddable":true,"href":"https:\/\/wpguerssen-test.odoo.rgbconsulting.com\/es\/wp-json\/wp\/v2\/media\/231456"}],"wp:attachment":[{"href":"https:\/\/wpguerssen-test.odoo.rgbconsulting.com\/es\/wp-json\/wp\/v2\/media?parent=231469"}],"wp:term":[{"taxonomy":"product_brand","embeddable":true,"href":"https:\/\/wpguerssen-test.odoo.rgbconsulting.com\/es\/wp-json\/wp\/v2\/product_brand?post=231469"},{"taxonomy":"product_cat","embeddable":true,"href":"https:\/\/wpguerssen-test.odoo.rgbconsulting.com\/es\/wp-json\/wp\/v2\/product_cat?post=231469"},{"taxonomy":"product_tag","embeddable":true,"href":"https:\/\/wpguerssen-test.odoo.rgbconsulting.com\/es\/wp-json\/wp\/v2\/product_tag?post=231469"}],"curies":[{"name":"wp","href":"https:\/\/api.w.org\/{rel}","templated":true}]}}