{"id":231694,"date":"2023-05-24T00:00:00","date_gmt":"2023-05-23T22:00:00","guid":{"rendered":"https:\/\/wpguerssen-test.odoo.rgbconsulting.com\/product\/de-borondo\/"},"modified":"2025-03-27T18:29:14","modified_gmt":"2025-03-27T17:29:14","slug":"de-borondo","status":"publish","type":"product","link":"https:\/\/wpguerssen-test.odoo.rgbconsulting.com\/es\/producto\/de-borondo\/","title":{"rendered":"De Borondo"},"content":{"rendered":"<p>Agrupaci\u00f3n enigm\u00e1tica conocida por su canci\u00f3n CUMBIA DEL DESIERTO en un vinilo de siete pulgadas que comparten con EL DRAG\u00d3N CRIOLLO en EL PALMAS MUSIC. Esta canci\u00f3n fue puesta a sonar con furor por los mel\u00f3manos y coleccionistas de todo el mundo.<br \/>Pues gente linda La Jungla est\u00e1 de regreso con la melod\u00eda en este mini \u00e1lbum titulado DE BORONDO!!!<br \/>Un corte de cuatro canciones donde la cr\u00edtica, el humor, las vivencias y la buena vibra est\u00e1n presentes a lo largo de todas las canciones. <\/p>\n<p> Ven\u00ed y nos vamos DE BORONDO pues, seguro que algo bacano va a pasar<\/p>\n","protected":false},"excerpt":{"rendered":"<p>Agrupaci\u00f3n enigm\u00e1tica conocida por su canci\u00f3n CUMBIA DEL DESIERTO en un vinilo de siete pulgadas que comparten con EL DRAG\u00d3N CRIOLLO en EL PALMAS MUSIC. Esta canci\u00f3n<a class=\"read\" href=\"https:\/\/wpguerssen-test.odoo.rgbconsulting.com\/es\/producto\/de-borondo\/\"> (...)<\/a>","protected":false},"featured_media":231665,"template":"","meta":{"_acf_changed":false},"product_brand":[],"product_cat":[23231],"product_tag":[],"class_list":{"0":"post-231694","1":"product","2":"type-product","3":"status-publish","4":"has-post-thumbnail","6":"product_cat-latin-brazilian-es","7":"pa_artist-jungla-la","8":"pa_format-mlp-es","9":"pa_gender-latin-brazilian","10":"pa_label-el-palmas-music","11":"pa_location-south-america-caribbean-es","12":"pa_other-filters-vinyl-only-es","14":"first","15":"instock","16":"taxable","17":"shipping-taxable","18":"purchasable","19":"product-type-simple"},"acf":[],"yoast_head":"<!-- This site is optimized with the Yoast SEO plugin v24.9 - https:\/\/yoast.com\/wordpress\/plugins\/seo\/ -->\n<title>JUNGLA, La - De Borondo -  (MLP) | Guerssen<\/title>\n<meta name=\"description\" content=\"Enigmatic group known for their song Cumbia Del Desierto on a 7-inch vinyl they share with El Drag\u00f3n Criollo at El Palmas Music. This song was played with fury by music lovers and collectors around the world. #nl# Well, beautiful people La Jungla is back with the melody in this mini album titled De Borondo!!!A cut of four songs where criticism, humor, experiences and good vibes are present throughout all the songs. #nl# Come and we&#039;ll go De Borondo well, surely something cool is going to happen. #nl# Tracklist:1. 1. Cuando Llegue La Ley - 2. Somos Los Hijos del Sol2. 1. Mi Burrita - 2. Salto Palante\" \/>\n<meta name=\"robots\" content=\"index, follow, max-snippet:-1, max-image-preview:large, max-video-preview:-1\" \/>\n<link rel=\"canonical\" href=\"https:\/\/wpguerssen-test.odoo.rgbconsulting.com\/es\/producto\/de-borondo\/\" \/>\n<meta property=\"og:locale\" content=\"es_ES\" \/>\n<meta property=\"og:type\" content=\"article\" \/>\n<meta property=\"og:title\" content=\"JUNGLA, La - De Borondo -  (MLP) | Guerssen\" \/>\n<meta property=\"og:description\" content=\"Enigmatic group known for their song Cumbia Del Desierto on a 7-inch vinyl they share with El Drag\u00f3n Criollo at El Palmas Music. This song was played with fury by music lovers and collectors around the world. #nl# Well, beautiful people La Jungla is back with the melody in this mini album titled De Borondo!!!A cut of four songs where criticism, humor, experiences and good vibes are present throughout all the songs. #nl# Come and we&#039;ll go De Borondo well, surely something cool is going to happen. #nl# Tracklist:1. 1. Cuando Llegue La Ley - 2. Somos Los Hijos del Sol2. 1. Mi Burrita - 2. Salto Palante\" \/>\n<meta property=\"og:url\" content=\"https:\/\/wpguerssen-test.odoo.rgbconsulting.com\/es\/producto\/de-borondo\/\" \/>\n<meta property=\"og:site_name\" content=\"Guerssen records\" \/>\n<meta property=\"article:modified_time\" content=\"2025-03-27T17:29:14+00:00\" \/>\n<meta property=\"og:image\" content=\"https:\/\/wpguerssen-test.odoo.rgbconsulting.com\/wp-content\/uploads\/2023\/05\/43503.jpg\" \/>\n\t<meta property=\"og:image:width\" content=\"1200\" \/>\n\t<meta property=\"og:image:height\" content=\"1200\" \/>\n\t<meta property=\"og:image:type\" content=\"image\/jpeg\" \/>\n<meta name=\"twitter:card\" content=\"summary_large_image\" \/>\n<meta name=\"twitter:title\" content=\"JUNGLA, La - De Borondo -  (MLP) | Guerssen\" \/>\n<meta name=\"twitter:label1\" content=\"Tiempo de lectura\" \/>\n\t<meta name=\"twitter:data1\" content=\"1 minuto\" \/>\n<script type=\"application\/ld+json\" class=\"yoast-schema-graph\">{\"@context\":\"https:\/\/schema.org\",\"@graph\":[{\"@type\":\"WebPage\",\"@id\":\"https:\/\/wpguerssen-test.odoo.rgbconsulting.com\/es\/producto\/de-borondo\/\",\"url\":\"https:\/\/wpguerssen-test.odoo.rgbconsulting.com\/es\/producto\/de-borondo\/\",\"name\":\"JUNGLA, La - De Borondo - (MLP) | Guerssen\",\"isPartOf\":{\"@id\":\"https:\/\/wpguerssen-test.odoo.rgbconsulting.com\/es\/#website\"},\"primaryImageOfPage\":{\"@id\":\"https:\/\/wpguerssen-test.odoo.rgbconsulting.com\/es\/producto\/de-borondo\/#primaryimage\"},\"image\":{\"@id\":\"https:\/\/wpguerssen-test.odoo.rgbconsulting.com\/es\/producto\/de-borondo\/#primaryimage\"},\"thumbnailUrl\":\"https:\/\/wpguerssen-test.odoo.rgbconsulting.com\/wp-content\/uploads\/2023\/05\/43503.jpg\",\"datePublished\":\"2023-05-23T22:00:00+00:00\",\"dateModified\":\"2025-03-27T17:29:14+00:00\",\"description\":\"Enigmatic group known for their song Cumbia Del Desierto on a 7-inch vinyl they share with El Drag\u00f3n Criollo at El Palmas Music. This song was played with fury by music lovers and collectors around the world. #nl# Well, beautiful people La Jungla is back with the melody in this mini album titled De Borondo!!!A cut of four songs where criticism, humor, experiences and good vibes are present throughout all the songs. #nl# Come and we'll go De Borondo well, surely something cool is going to happen. #nl# Tracklist:1. 1. Cuando Llegue La Ley - 2. Somos Los Hijos del Sol2. 1. Mi Burrita - 2. Salto Palante\",\"breadcrumb\":{\"@id\":\"https:\/\/wpguerssen-test.odoo.rgbconsulting.com\/es\/producto\/de-borondo\/#breadcrumb\"},\"inLanguage\":\"es\",\"potentialAction\":[{\"@type\":\"ReadAction\",\"target\":[\"https:\/\/wpguerssen-test.odoo.rgbconsulting.com\/es\/producto\/de-borondo\/\"]}]},{\"@type\":\"ImageObject\",\"inLanguage\":\"es\",\"@id\":\"https:\/\/wpguerssen-test.odoo.rgbconsulting.com\/es\/producto\/de-borondo\/#primaryimage\",\"url\":\"https:\/\/wpguerssen-test.odoo.rgbconsulting.com\/wp-content\/uploads\/2023\/05\/43503.jpg\",\"contentUrl\":\"https:\/\/wpguerssen-test.odoo.rgbconsulting.com\/wp-content\/uploads\/2023\/05\/43503.jpg\",\"width\":1200,\"height\":1200,\"caption\":\"La - De Borondo - EL PALMAS MUSIC (MLP) | Guerssen\"},{\"@type\":\"BreadcrumbList\",\"@id\":\"https:\/\/wpguerssen-test.odoo.rgbconsulting.com\/es\/producto\/de-borondo\/#breadcrumb\",\"itemListElement\":[{\"@type\":\"ListItem\",\"position\":1,\"name\":\"Inicio\",\"item\":\"https:\/\/wpguerssen-test.odoo.rgbconsulting.com\/es\/\"},{\"@type\":\"ListItem\",\"position\":2,\"name\":\"Shop\",\"item\":\"https:\/\/wpguerssen-test.odoo.rgbconsulting.com\/shop\/\"},{\"@type\":\"ListItem\",\"position\":3,\"name\":\"De Borondo\"}]},{\"@type\":\"WebSite\",\"@id\":\"https:\/\/wpguerssen-test.odoo.rgbconsulting.com\/es\/#website\",\"url\":\"https:\/\/wpguerssen-test.odoo.rgbconsulting.com\/es\/\",\"name\":\"Guerssen records\",\"description\":\"psychedelia - progressive - folk - garage \",\"publisher\":{\"@id\":\"https:\/\/wpguerssen-test.odoo.rgbconsulting.com\/es\/#organization\"},\"potentialAction\":[{\"@type\":\"SearchAction\",\"target\":{\"@type\":\"EntryPoint\",\"urlTemplate\":\"https:\/\/wpguerssen-test.odoo.rgbconsulting.com\/es\/?s={search_term_string}\"},\"query-input\":{\"@type\":\"PropertyValueSpecification\",\"valueRequired\":true,\"valueName\":\"search_term_string\"}}],\"inLanguage\":\"es\"},{\"@type\":\"Organization\",\"@id\":\"https:\/\/wpguerssen-test.odoo.rgbconsulting.com\/es\/#organization\",\"name\":\"Guerssen records\",\"url\":\"https:\/\/wpguerssen-test.odoo.rgbconsulting.com\/es\/\",\"logo\":{\"@type\":\"ImageObject\",\"inLanguage\":\"es\",\"@id\":\"https:\/\/wpguerssen-test.odoo.rgbconsulting.com\/es\/#\/schema\/logo\/image\/\",\"url\":\"https:\/\/wpguerssen-test.odoo.rgbconsulting.com\/wp-content\/uploads\/2022\/04\/Logo_Guerssen_trans_100.png\",\"contentUrl\":\"https:\/\/wpguerssen-test.odoo.rgbconsulting.com\/wp-content\/uploads\/2022\/04\/Logo_Guerssen_trans_100.png\",\"width\":122,\"height\":100,\"caption\":\"Guerssen records\"},\"image\":{\"@id\":\"https:\/\/wpguerssen-test.odoo.rgbconsulting.com\/es\/#\/schema\/logo\/image\/\"}}]}<\/script>\n<!-- \/ Yoast SEO plugin. -->","yoast_head_json":{"title":"JUNGLA, La - De Borondo -  (MLP) | Guerssen","description":"Enigmatic group known for their song Cumbia Del Desierto on a 7-inch vinyl they share with El Drag\u00f3n Criollo at El Palmas Music. This song was played with fury by music lovers and collectors around the world. #nl# Well, beautiful people La Jungla is back with the melody in this mini album titled De Borondo!!!A cut of four songs where criticism, humor, experiences and good vibes are present throughout all the songs. #nl# Come and we'll go De Borondo well, surely something cool is going to happen. #nl# Tracklist:1. 1. Cuando Llegue La Ley - 2. Somos Los Hijos del Sol2. 1. Mi Burrita - 2. Salto Palante","robots":{"index":"index","follow":"follow","max-snippet":"max-snippet:-1","max-image-preview":"max-image-preview:large","max-video-preview":"max-video-preview:-1"},"canonical":"https:\/\/wpguerssen-test.odoo.rgbconsulting.com\/es\/producto\/de-borondo\/","og_locale":"es_ES","og_type":"article","og_title":"JUNGLA, La - De Borondo -  (MLP) | Guerssen","og_description":"Enigmatic group known for their song Cumbia Del Desierto on a 7-inch vinyl they share with El Drag\u00f3n Criollo at El Palmas Music. This song was played with fury by music lovers and collectors around the world. #nl# Well, beautiful people La Jungla is back with the melody in this mini album titled De Borondo!!!A cut of four songs where criticism, humor, experiences and good vibes are present throughout all the songs. #nl# Come and we'll go De Borondo well, surely something cool is going to happen. #nl# Tracklist:1. 1. Cuando Llegue La Ley - 2. Somos Los Hijos del Sol2. 1. Mi Burrita - 2. Salto Palante","og_url":"https:\/\/wpguerssen-test.odoo.rgbconsulting.com\/es\/producto\/de-borondo\/","og_site_name":"Guerssen records","article_modified_time":"2025-03-27T17:29:14+00:00","og_image":[{"width":1200,"height":1200,"url":"https:\/\/wpguerssen-test.odoo.rgbconsulting.com\/wp-content\/uploads\/2023\/05\/43503.jpg","type":"image\/jpeg"}],"twitter_card":"summary_large_image","twitter_title":"JUNGLA, La - De Borondo -  (MLP) | Guerssen","twitter_misc":{"Tiempo de lectura":"1 minuto"},"schema":{"@context":"https:\/\/schema.org","@graph":[{"@type":"WebPage","@id":"https:\/\/wpguerssen-test.odoo.rgbconsulting.com\/es\/producto\/de-borondo\/","url":"https:\/\/wpguerssen-test.odoo.rgbconsulting.com\/es\/producto\/de-borondo\/","name":"JUNGLA, La - De Borondo - (MLP) | Guerssen","isPartOf":{"@id":"https:\/\/wpguerssen-test.odoo.rgbconsulting.com\/es\/#website"},"primaryImageOfPage":{"@id":"https:\/\/wpguerssen-test.odoo.rgbconsulting.com\/es\/producto\/de-borondo\/#primaryimage"},"image":{"@id":"https:\/\/wpguerssen-test.odoo.rgbconsulting.com\/es\/producto\/de-borondo\/#primaryimage"},"thumbnailUrl":"https:\/\/wpguerssen-test.odoo.rgbconsulting.com\/wp-content\/uploads\/2023\/05\/43503.jpg","datePublished":"2023-05-23T22:00:00+00:00","dateModified":"2025-03-27T17:29:14+00:00","description":"Enigmatic group known for their song Cumbia Del Desierto on a 7-inch vinyl they share with El Drag\u00f3n Criollo at El Palmas Music. This song was played with fury by music lovers and collectors around the world. #nl# Well, beautiful people La Jungla is back with the melody in this mini album titled De Borondo!!!A cut of four songs where criticism, humor, experiences and good vibes are present throughout all the songs. #nl# Come and we'll go De Borondo well, surely something cool is going to happen. #nl# Tracklist:1. 1. Cuando Llegue La Ley - 2. Somos Los Hijos del Sol2. 1. Mi Burrita - 2. Salto Palante","breadcrumb":{"@id":"https:\/\/wpguerssen-test.odoo.rgbconsulting.com\/es\/producto\/de-borondo\/#breadcrumb"},"inLanguage":"es","potentialAction":[{"@type":"ReadAction","target":["https:\/\/wpguerssen-test.odoo.rgbconsulting.com\/es\/producto\/de-borondo\/"]}]},{"@type":"ImageObject","inLanguage":"es","@id":"https:\/\/wpguerssen-test.odoo.rgbconsulting.com\/es\/producto\/de-borondo\/#primaryimage","url":"https:\/\/wpguerssen-test.odoo.rgbconsulting.com\/wp-content\/uploads\/2023\/05\/43503.jpg","contentUrl":"https:\/\/wpguerssen-test.odoo.rgbconsulting.com\/wp-content\/uploads\/2023\/05\/43503.jpg","width":1200,"height":1200,"caption":"La - De Borondo - EL PALMAS MUSIC (MLP) | Guerssen"},{"@type":"BreadcrumbList","@id":"https:\/\/wpguerssen-test.odoo.rgbconsulting.com\/es\/producto\/de-borondo\/#breadcrumb","itemListElement":[{"@type":"ListItem","position":1,"name":"Inicio","item":"https:\/\/wpguerssen-test.odoo.rgbconsulting.com\/es\/"},{"@type":"ListItem","position":2,"name":"Shop","item":"https:\/\/wpguerssen-test.odoo.rgbconsulting.com\/shop\/"},{"@type":"ListItem","position":3,"name":"De Borondo"}]},{"@type":"WebSite","@id":"https:\/\/wpguerssen-test.odoo.rgbconsulting.com\/es\/#website","url":"https:\/\/wpguerssen-test.odoo.rgbconsulting.com\/es\/","name":"Guerssen records","description":"psychedelia - progressive - folk - garage ","publisher":{"@id":"https:\/\/wpguerssen-test.odoo.rgbconsulting.com\/es\/#organization"},"potentialAction":[{"@type":"SearchAction","target":{"@type":"EntryPoint","urlTemplate":"https:\/\/wpguerssen-test.odoo.rgbconsulting.com\/es\/?s={search_term_string}"},"query-input":{"@type":"PropertyValueSpecification","valueRequired":true,"valueName":"search_term_string"}}],"inLanguage":"es"},{"@type":"Organization","@id":"https:\/\/wpguerssen-test.odoo.rgbconsulting.com\/es\/#organization","name":"Guerssen records","url":"https:\/\/wpguerssen-test.odoo.rgbconsulting.com\/es\/","logo":{"@type":"ImageObject","inLanguage":"es","@id":"https:\/\/wpguerssen-test.odoo.rgbconsulting.com\/es\/#\/schema\/logo\/image\/","url":"https:\/\/wpguerssen-test.odoo.rgbconsulting.com\/wp-content\/uploads\/2022\/04\/Logo_Guerssen_trans_100.png","contentUrl":"https:\/\/wpguerssen-test.odoo.rgbconsulting.com\/wp-content\/uploads\/2022\/04\/Logo_Guerssen_trans_100.png","width":122,"height":100,"caption":"Guerssen records"},"image":{"@id":"https:\/\/wpguerssen-test.odoo.rgbconsulting.com\/es\/#\/schema\/logo\/image\/"}}]}},"_links":{"self":[{"href":"https:\/\/wpguerssen-test.odoo.rgbconsulting.com\/es\/wp-json\/wp\/v2\/product\/231694","targetHints":{"allow":["GET"]}}],"collection":[{"href":"https:\/\/wpguerssen-test.odoo.rgbconsulting.com\/es\/wp-json\/wp\/v2\/product"}],"about":[{"href":"https:\/\/wpguerssen-test.odoo.rgbconsulting.com\/es\/wp-json\/wp\/v2\/types\/product"}],"wp:featuredmedia":[{"embeddable":true,"href":"https:\/\/wpguerssen-test.odoo.rgbconsulting.com\/es\/wp-json\/wp\/v2\/media\/231665"}],"wp:attachment":[{"href":"https:\/\/wpguerssen-test.odoo.rgbconsulting.com\/es\/wp-json\/wp\/v2\/media?parent=231694"}],"wp:term":[{"taxonomy":"product_brand","embeddable":true,"href":"https:\/\/wpguerssen-test.odoo.rgbconsulting.com\/es\/wp-json\/wp\/v2\/product_brand?post=231694"},{"taxonomy":"product_cat","embeddable":true,"href":"https:\/\/wpguerssen-test.odoo.rgbconsulting.com\/es\/wp-json\/wp\/v2\/product_cat?post=231694"},{"taxonomy":"product_tag","embeddable":true,"href":"https:\/\/wpguerssen-test.odoo.rgbconsulting.com\/es\/wp-json\/wp\/v2\/product_tag?post=231694"}],"curies":[{"name":"wp","href":"https:\/\/api.w.org\/{rel}","templated":true}]}}