{"id":231826,"date":"2023-05-12T00:00:00","date_gmt":"2023-05-11T22:00:00","guid":{"rendered":"https:\/\/wpguerssen-test.odoo.rgbconsulting.com\/product\/fun-palace\/"},"modified":"2024-04-17T16:31:50","modified_gmt":"2024-04-17T14:31:50","slug":"fun-palace","status":"publish","type":"product","link":"https:\/\/wpguerssen-test.odoo.rgbconsulting.com\/es\/producto\/fun-palace\/","title":{"rendered":"Fun Palace"},"content":{"rendered":"<p>Collage de sonido profundamente misterioso de instrumentos ac\u00fasticos alucinantes y a la deriva, canciones hippies desgarradoras, folk-rock con inflexiones de la costa oeste, murmullos drogados, parodias de perros bonzo y psicodelia experimental. Un monumento folcl\u00f3rico \u00e1cido y clandestino satisfactorio y cohesivo. Un miembro y cuatro copias aparecieron brevemente hace 5 a\u00f1os cuando un distribuidor de discos ahora desaparecido ofreci\u00f3 uno en eBay. Confirm\u00f3 que se hicieron alrededor de 20 copias, menos de diez con fundas, en 1969, en Bristol. Los puntos de referencia incluyen: Incredible String Band, John Martyn, Bonzo Dog Band, Early Krautrock, Freud, Bert Jansch, Synanthesia, Orange Sunshine, Brown Rice.<\/p>\n","protected":false},"excerpt":{"rendered":"<p>Collage de sonido profundamente misterioso de instrumentos ac\u00fasticos alucinantes y a la deriva, canciones hippies desgarradoras, folk-rock con inflexiones de la costa<a class=\"read\" href=\"https:\/\/wpguerssen-test.odoo.rgbconsulting.com\/es\/producto\/fun-palace\/\"> (...)<\/a>","protected":false},"featured_media":231812,"template":"","meta":{"_acf_changed":false},"product_brand":[],"product_cat":[21639,23271],"product_tag":[],"class_list":{"0":"post-231826","1":"product","2":"type-product","3":"status-publish","4":"has-post-thumbnail","6":"product_cat-psychedelic60s-70s-es","7":"product_cat-folk-60s-70s-es","8":"pa_artist-music-box-2","9":"pa_format-lp-es","10":"pa_gender-folk-60s-70s-psychedelic60s-70s","11":"pa_label-bright-carvings","12":"pa_location-uk-ireland-es","13":"pa_other-filters-vinyl-only-es","15":"first","16":"instock","17":"taxable","18":"shipping-taxable","19":"purchasable","20":"product-type-simple"},"acf":[],"yoast_head":"<!-- This site is optimized with the Yoast SEO plugin v24.9 - https:\/\/yoast.com\/wordpress\/plugins\/seo\/ -->\n<title>MUSIC BOX (2) - Fun Palace -  (LP) | Guerssen<\/title>\n<meta name=\"description\" content=\"Deeply mysterious sound collage of drifting, trippy acoustic instrumentals, heart-breaking hippy songs, west-coast inflected folk-rock, stoned mutterings, Bonzo Dog-like parodies and experimental psychedelia. A satisfying and cohesive Underground, Acid Folk monument. A member and four copies briefly surfaced 5 years ago when a now defunct record dealer offered one on ebay. He confirmed around 20 copies were made, less than ten with sleeves, in 1969, in Bristol. Reference points include: Incredible String Band, John Martyn, Bonzo Dog Band, early Krautrock, Freud, Bert Jansch, Synanthesia, Orange Sunshine, Brown Rice.Fully laminated sleeve, NO BARCODE, features inner with lyrics and replica original labels, designed by the immortal Bobby Blisters. Mastered by Reynolds Mastering, the kings of reconstruction and pressed on the old EMI Presses by Vinyl Factory for maximum quality.\" \/>\n<meta name=\"robots\" content=\"index, follow, max-snippet:-1, max-image-preview:large, max-video-preview:-1\" \/>\n<link rel=\"canonical\" href=\"https:\/\/wpguerssen-test.odoo.rgbconsulting.com\/es\/producto\/fun-palace\/\" \/>\n<meta property=\"og:locale\" content=\"es_ES\" \/>\n<meta property=\"og:type\" content=\"article\" \/>\n<meta property=\"og:title\" content=\"MUSIC BOX (2) - Fun Palace -  (LP) | Guerssen\" \/>\n<meta property=\"og:description\" content=\"Deeply mysterious sound collage of drifting, trippy acoustic instrumentals, heart-breaking hippy songs, west-coast inflected folk-rock, stoned mutterings, Bonzo Dog-like parodies and experimental psychedelia. A satisfying and cohesive Underground, Acid Folk monument. A member and four copies briefly surfaced 5 years ago when a now defunct record dealer offered one on ebay. He confirmed around 20 copies were made, less than ten with sleeves, in 1969, in Bristol. Reference points include: Incredible String Band, John Martyn, Bonzo Dog Band, early Krautrock, Freud, Bert Jansch, Synanthesia, Orange Sunshine, Brown Rice.Fully laminated sleeve, NO BARCODE, features inner with lyrics and replica original labels, designed by the immortal Bobby Blisters. Mastered by Reynolds Mastering, the kings of reconstruction and pressed on the old EMI Presses by Vinyl Factory for maximum quality.\" \/>\n<meta property=\"og:url\" content=\"https:\/\/wpguerssen-test.odoo.rgbconsulting.com\/es\/producto\/fun-palace\/\" \/>\n<meta property=\"og:site_name\" content=\"Guerssen records\" \/>\n<meta property=\"article:modified_time\" content=\"2024-04-17T14:31:50+00:00\" \/>\n<meta property=\"og:image\" content=\"https:\/\/wpguerssen-test.odoo.rgbconsulting.com\/wp-content\/uploads\/2023\/05\/43527.jpg\" \/>\n\t<meta property=\"og:image:width\" content=\"589\" \/>\n\t<meta property=\"og:image:height\" content=\"589\" \/>\n\t<meta property=\"og:image:type\" content=\"image\/jpeg\" \/>\n<meta name=\"twitter:card\" content=\"summary_large_image\" \/>\n<meta name=\"twitter:title\" content=\"MUSIC BOX (2) - Fun Palace -  (LP) | Guerssen\" \/>\n<meta name=\"twitter:label1\" content=\"Tiempo de lectura\" \/>\n\t<meta name=\"twitter:data1\" content=\"1 minuto\" \/>\n<script type=\"application\/ld+json\" class=\"yoast-schema-graph\">{\"@context\":\"https:\/\/schema.org\",\"@graph\":[{\"@type\":\"WebPage\",\"@id\":\"https:\/\/wpguerssen-test.odoo.rgbconsulting.com\/es\/producto\/fun-palace\/\",\"url\":\"https:\/\/wpguerssen-test.odoo.rgbconsulting.com\/es\/producto\/fun-palace\/\",\"name\":\"MUSIC BOX (2) - Fun Palace - (LP) | Guerssen\",\"isPartOf\":{\"@id\":\"https:\/\/wpguerssen-test.odoo.rgbconsulting.com\/es\/#website\"},\"primaryImageOfPage\":{\"@id\":\"https:\/\/wpguerssen-test.odoo.rgbconsulting.com\/es\/producto\/fun-palace\/#primaryimage\"},\"image\":{\"@id\":\"https:\/\/wpguerssen-test.odoo.rgbconsulting.com\/es\/producto\/fun-palace\/#primaryimage\"},\"thumbnailUrl\":\"https:\/\/wpguerssen-test.odoo.rgbconsulting.com\/wp-content\/uploads\/2023\/05\/43527.jpg\",\"datePublished\":\"2023-05-11T22:00:00+00:00\",\"dateModified\":\"2024-04-17T14:31:50+00:00\",\"description\":\"Deeply mysterious sound collage of drifting, trippy acoustic instrumentals, heart-breaking hippy songs, west-coast inflected folk-rock, stoned mutterings, Bonzo Dog-like parodies and experimental psychedelia. A satisfying and cohesive Underground, Acid Folk monument. A member and four copies briefly surfaced 5 years ago when a now defunct record dealer offered one on ebay. He confirmed around 20 copies were made, less than ten with sleeves, in 1969, in Bristol. Reference points include: Incredible String Band, John Martyn, Bonzo Dog Band, early Krautrock, Freud, Bert Jansch, Synanthesia, Orange Sunshine, Brown Rice.Fully laminated sleeve, NO BARCODE, features inner with lyrics and replica original labels, designed by the immortal Bobby Blisters. Mastered by Reynolds Mastering, the kings of reconstruction and pressed on the old EMI Presses by Vinyl Factory for maximum quality.\",\"breadcrumb\":{\"@id\":\"https:\/\/wpguerssen-test.odoo.rgbconsulting.com\/es\/producto\/fun-palace\/#breadcrumb\"},\"inLanguage\":\"es\",\"potentialAction\":[{\"@type\":\"ReadAction\",\"target\":[\"https:\/\/wpguerssen-test.odoo.rgbconsulting.com\/es\/producto\/fun-palace\/\"]}]},{\"@type\":\"ImageObject\",\"inLanguage\":\"es\",\"@id\":\"https:\/\/wpguerssen-test.odoo.rgbconsulting.com\/es\/producto\/fun-palace\/#primaryimage\",\"url\":\"https:\/\/wpguerssen-test.odoo.rgbconsulting.com\/wp-content\/uploads\/2023\/05\/43527.jpg\",\"contentUrl\":\"https:\/\/wpguerssen-test.odoo.rgbconsulting.com\/wp-content\/uploads\/2023\/05\/43527.jpg\",\"width\":589,\"height\":589},{\"@type\":\"BreadcrumbList\",\"@id\":\"https:\/\/wpguerssen-test.odoo.rgbconsulting.com\/es\/producto\/fun-palace\/#breadcrumb\",\"itemListElement\":[{\"@type\":\"ListItem\",\"position\":1,\"name\":\"Inicio\",\"item\":\"https:\/\/wpguerssen-test.odoo.rgbconsulting.com\/es\/\"},{\"@type\":\"ListItem\",\"position\":2,\"name\":\"Shop\",\"item\":\"https:\/\/wpguerssen-test.odoo.rgbconsulting.com\/shop\/\"},{\"@type\":\"ListItem\",\"position\":3,\"name\":\"Fun Palace\"}]},{\"@type\":\"WebSite\",\"@id\":\"https:\/\/wpguerssen-test.odoo.rgbconsulting.com\/es\/#website\",\"url\":\"https:\/\/wpguerssen-test.odoo.rgbconsulting.com\/es\/\",\"name\":\"Guerssen records\",\"description\":\"psychedelia - progressive - folk - garage \",\"publisher\":{\"@id\":\"https:\/\/wpguerssen-test.odoo.rgbconsulting.com\/es\/#organization\"},\"potentialAction\":[{\"@type\":\"SearchAction\",\"target\":{\"@type\":\"EntryPoint\",\"urlTemplate\":\"https:\/\/wpguerssen-test.odoo.rgbconsulting.com\/es\/?s={search_term_string}\"},\"query-input\":{\"@type\":\"PropertyValueSpecification\",\"valueRequired\":true,\"valueName\":\"search_term_string\"}}],\"inLanguage\":\"es\"},{\"@type\":\"Organization\",\"@id\":\"https:\/\/wpguerssen-test.odoo.rgbconsulting.com\/es\/#organization\",\"name\":\"Guerssen records\",\"url\":\"https:\/\/wpguerssen-test.odoo.rgbconsulting.com\/es\/\",\"logo\":{\"@type\":\"ImageObject\",\"inLanguage\":\"es\",\"@id\":\"https:\/\/wpguerssen-test.odoo.rgbconsulting.com\/es\/#\/schema\/logo\/image\/\",\"url\":\"https:\/\/wpguerssen-test.odoo.rgbconsulting.com\/wp-content\/uploads\/2022\/04\/Logo_Guerssen_trans_100.png\",\"contentUrl\":\"https:\/\/wpguerssen-test.odoo.rgbconsulting.com\/wp-content\/uploads\/2022\/04\/Logo_Guerssen_trans_100.png\",\"width\":122,\"height\":100,\"caption\":\"Guerssen records\"},\"image\":{\"@id\":\"https:\/\/wpguerssen-test.odoo.rgbconsulting.com\/es\/#\/schema\/logo\/image\/\"}}]}<\/script>\n<!-- \/ Yoast SEO plugin. -->","yoast_head_json":{"title":"MUSIC BOX (2) - Fun Palace -  (LP) | Guerssen","description":"Deeply mysterious sound collage of drifting, trippy acoustic instrumentals, heart-breaking hippy songs, west-coast inflected folk-rock, stoned mutterings, Bonzo Dog-like parodies and experimental psychedelia. A satisfying and cohesive Underground, Acid Folk monument. A member and four copies briefly surfaced 5 years ago when a now defunct record dealer offered one on ebay. He confirmed around 20 copies were made, less than ten with sleeves, in 1969, in Bristol. Reference points include: Incredible String Band, John Martyn, Bonzo Dog Band, early Krautrock, Freud, Bert Jansch, Synanthesia, Orange Sunshine, Brown Rice.Fully laminated sleeve, NO BARCODE, features inner with lyrics and replica original labels, designed by the immortal Bobby Blisters. Mastered by Reynolds Mastering, the kings of reconstruction and pressed on the old EMI Presses by Vinyl Factory for maximum quality.","robots":{"index":"index","follow":"follow","max-snippet":"max-snippet:-1","max-image-preview":"max-image-preview:large","max-video-preview":"max-video-preview:-1"},"canonical":"https:\/\/wpguerssen-test.odoo.rgbconsulting.com\/es\/producto\/fun-palace\/","og_locale":"es_ES","og_type":"article","og_title":"MUSIC BOX (2) - Fun Palace -  (LP) | Guerssen","og_description":"Deeply mysterious sound collage of drifting, trippy acoustic instrumentals, heart-breaking hippy songs, west-coast inflected folk-rock, stoned mutterings, Bonzo Dog-like parodies and experimental psychedelia. A satisfying and cohesive Underground, Acid Folk monument. A member and four copies briefly surfaced 5 years ago when a now defunct record dealer offered one on ebay. He confirmed around 20 copies were made, less than ten with sleeves, in 1969, in Bristol. Reference points include: Incredible String Band, John Martyn, Bonzo Dog Band, early Krautrock, Freud, Bert Jansch, Synanthesia, Orange Sunshine, Brown Rice.Fully laminated sleeve, NO BARCODE, features inner with lyrics and replica original labels, designed by the immortal Bobby Blisters. Mastered by Reynolds Mastering, the kings of reconstruction and pressed on the old EMI Presses by Vinyl Factory for maximum quality.","og_url":"https:\/\/wpguerssen-test.odoo.rgbconsulting.com\/es\/producto\/fun-palace\/","og_site_name":"Guerssen records","article_modified_time":"2024-04-17T14:31:50+00:00","og_image":[{"width":589,"height":589,"url":"https:\/\/wpguerssen-test.odoo.rgbconsulting.com\/wp-content\/uploads\/2023\/05\/43527.jpg","type":"image\/jpeg"}],"twitter_card":"summary_large_image","twitter_title":"MUSIC BOX (2) - Fun Palace -  (LP) | Guerssen","twitter_misc":{"Tiempo de lectura":"1 minuto"},"schema":{"@context":"https:\/\/schema.org","@graph":[{"@type":"WebPage","@id":"https:\/\/wpguerssen-test.odoo.rgbconsulting.com\/es\/producto\/fun-palace\/","url":"https:\/\/wpguerssen-test.odoo.rgbconsulting.com\/es\/producto\/fun-palace\/","name":"MUSIC BOX (2) - Fun Palace - (LP) | Guerssen","isPartOf":{"@id":"https:\/\/wpguerssen-test.odoo.rgbconsulting.com\/es\/#website"},"primaryImageOfPage":{"@id":"https:\/\/wpguerssen-test.odoo.rgbconsulting.com\/es\/producto\/fun-palace\/#primaryimage"},"image":{"@id":"https:\/\/wpguerssen-test.odoo.rgbconsulting.com\/es\/producto\/fun-palace\/#primaryimage"},"thumbnailUrl":"https:\/\/wpguerssen-test.odoo.rgbconsulting.com\/wp-content\/uploads\/2023\/05\/43527.jpg","datePublished":"2023-05-11T22:00:00+00:00","dateModified":"2024-04-17T14:31:50+00:00","description":"Deeply mysterious sound collage of drifting, trippy acoustic instrumentals, heart-breaking hippy songs, west-coast inflected folk-rock, stoned mutterings, Bonzo Dog-like parodies and experimental psychedelia. A satisfying and cohesive Underground, Acid Folk monument. A member and four copies briefly surfaced 5 years ago when a now defunct record dealer offered one on ebay. He confirmed around 20 copies were made, less than ten with sleeves, in 1969, in Bristol. Reference points include: Incredible String Band, John Martyn, Bonzo Dog Band, early Krautrock, Freud, Bert Jansch, Synanthesia, Orange Sunshine, Brown Rice.Fully laminated sleeve, NO BARCODE, features inner with lyrics and replica original labels, designed by the immortal Bobby Blisters. Mastered by Reynolds Mastering, the kings of reconstruction and pressed on the old EMI Presses by Vinyl Factory for maximum quality.","breadcrumb":{"@id":"https:\/\/wpguerssen-test.odoo.rgbconsulting.com\/es\/producto\/fun-palace\/#breadcrumb"},"inLanguage":"es","potentialAction":[{"@type":"ReadAction","target":["https:\/\/wpguerssen-test.odoo.rgbconsulting.com\/es\/producto\/fun-palace\/"]}]},{"@type":"ImageObject","inLanguage":"es","@id":"https:\/\/wpguerssen-test.odoo.rgbconsulting.com\/es\/producto\/fun-palace\/#primaryimage","url":"https:\/\/wpguerssen-test.odoo.rgbconsulting.com\/wp-content\/uploads\/2023\/05\/43527.jpg","contentUrl":"https:\/\/wpguerssen-test.odoo.rgbconsulting.com\/wp-content\/uploads\/2023\/05\/43527.jpg","width":589,"height":589},{"@type":"BreadcrumbList","@id":"https:\/\/wpguerssen-test.odoo.rgbconsulting.com\/es\/producto\/fun-palace\/#breadcrumb","itemListElement":[{"@type":"ListItem","position":1,"name":"Inicio","item":"https:\/\/wpguerssen-test.odoo.rgbconsulting.com\/es\/"},{"@type":"ListItem","position":2,"name":"Shop","item":"https:\/\/wpguerssen-test.odoo.rgbconsulting.com\/shop\/"},{"@type":"ListItem","position":3,"name":"Fun Palace"}]},{"@type":"WebSite","@id":"https:\/\/wpguerssen-test.odoo.rgbconsulting.com\/es\/#website","url":"https:\/\/wpguerssen-test.odoo.rgbconsulting.com\/es\/","name":"Guerssen records","description":"psychedelia - progressive - folk - garage ","publisher":{"@id":"https:\/\/wpguerssen-test.odoo.rgbconsulting.com\/es\/#organization"},"potentialAction":[{"@type":"SearchAction","target":{"@type":"EntryPoint","urlTemplate":"https:\/\/wpguerssen-test.odoo.rgbconsulting.com\/es\/?s={search_term_string}"},"query-input":{"@type":"PropertyValueSpecification","valueRequired":true,"valueName":"search_term_string"}}],"inLanguage":"es"},{"@type":"Organization","@id":"https:\/\/wpguerssen-test.odoo.rgbconsulting.com\/es\/#organization","name":"Guerssen records","url":"https:\/\/wpguerssen-test.odoo.rgbconsulting.com\/es\/","logo":{"@type":"ImageObject","inLanguage":"es","@id":"https:\/\/wpguerssen-test.odoo.rgbconsulting.com\/es\/#\/schema\/logo\/image\/","url":"https:\/\/wpguerssen-test.odoo.rgbconsulting.com\/wp-content\/uploads\/2022\/04\/Logo_Guerssen_trans_100.png","contentUrl":"https:\/\/wpguerssen-test.odoo.rgbconsulting.com\/wp-content\/uploads\/2022\/04\/Logo_Guerssen_trans_100.png","width":122,"height":100,"caption":"Guerssen records"},"image":{"@id":"https:\/\/wpguerssen-test.odoo.rgbconsulting.com\/es\/#\/schema\/logo\/image\/"}}]}},"_links":{"self":[{"href":"https:\/\/wpguerssen-test.odoo.rgbconsulting.com\/es\/wp-json\/wp\/v2\/product\/231826","targetHints":{"allow":["GET"]}}],"collection":[{"href":"https:\/\/wpguerssen-test.odoo.rgbconsulting.com\/es\/wp-json\/wp\/v2\/product"}],"about":[{"href":"https:\/\/wpguerssen-test.odoo.rgbconsulting.com\/es\/wp-json\/wp\/v2\/types\/product"}],"wp:featuredmedia":[{"embeddable":true,"href":"https:\/\/wpguerssen-test.odoo.rgbconsulting.com\/es\/wp-json\/wp\/v2\/media\/231812"}],"wp:attachment":[{"href":"https:\/\/wpguerssen-test.odoo.rgbconsulting.com\/es\/wp-json\/wp\/v2\/media?parent=231826"}],"wp:term":[{"taxonomy":"product_brand","embeddable":true,"href":"https:\/\/wpguerssen-test.odoo.rgbconsulting.com\/es\/wp-json\/wp\/v2\/product_brand?post=231826"},{"taxonomy":"product_cat","embeddable":true,"href":"https:\/\/wpguerssen-test.odoo.rgbconsulting.com\/es\/wp-json\/wp\/v2\/product_cat?post=231826"},{"taxonomy":"product_tag","embeddable":true,"href":"https:\/\/wpguerssen-test.odoo.rgbconsulting.com\/es\/wp-json\/wp\/v2\/product_tag?post=231826"}],"curies":[{"name":"wp","href":"https:\/\/api.w.org\/{rel}","templated":true}]}}